{"id":53483,"date":"2025-03-05T23:41:53","date_gmt":"2025-03-05T21:41:53","guid":{"rendered":"https:\/\/vmsport.fi\/verkkokauppa\/Ei-luokiteltu\/ketju-9-10-11-v-138l-cn-lg500-linkglide-pikaliittimella\/"},"modified":"2026-04-22T15:00:48","modified_gmt":"2026-04-22T12:00:48","slug":"ketju-9-10-11-v-138l-cn-lg500-linkglide-pikaliittimella","status":"publish","type":"product","link":"https:\/\/vmsport.fi\/sv\/verkkokauppa\/varaosat\/voimansiirto\/ketjut\/ketju-9-10-11-v-138l-cn-lg500-linkglide-pikaliittimella\/","title":{"rendered":"Kedja 9\/10\/11-v 138l CN-LG500 Linkglide med snabbkoppling"},"content":{"rendered":"<p>Shimano Deore CN-LG500 -ketju on suunniteltu erityisesti kest\u00e4m\u00e4\u00e4n kovaa k\u00e4ytt\u00f6\u00e4, ja se toimii loistavasti 9-, 10- ja 11-vaihteisissa py\u00f6riss\u00e4. T\u00e4ss\u00e4 ketjussa on Linkglide HG-X -rakenne, joka parantaa kest\u00e4vyytt\u00e4 ja suorituskyky\u00e4, joten se on erinomainen valinta vaativille py\u00f6r\u00e4ilij\u00f6ille, jotka haluavat pitk\u00e4ik\u00e4isen ketjun. Ketjussa on 138 lenkki\u00e4, mik\u00e4 takaa sen yhteensopivuuden eri py\u00f6r\u00e4mallien kanssa. Pikalukon ansiosta ketju on helppo ja nopea asentaa, mik\u00e4 tekee ajokokemuksesta sujuvan ja vaivattoman.<\/p>","protected":false},"excerpt":{"rendered":"<p>Shimano Deore CN-LG500 -ketju on suunniteltu erityisesti kest\u00e4m\u00e4\u00e4n kovaa k\u00e4ytt\u00f6\u00e4, ja se toimii loistavasti 9-, 10- ja 11-vaihteisissa py\u00f6riss\u00e4. T\u00e4ss\u00e4 ketjussa on Linkglide HG-X -rakenne, joka parantaa kest\u00e4vyytt\u00e4 ja suorituskyky\u00e4, joten se on erinomainen valinta vaativille py\u00f6r\u00e4ilij\u00f6ille, jotka haluavat pitk\u00e4ik\u00e4isen ketjun. Ketjussa on 138 lenkki\u00e4, mik\u00e4 takaa sen yhteensopivuuden eri py\u00f6r\u00e4mallien kanssa. Pikalukon ansiosta ketju [&#8230;]<\/p>\n<p><a class=\"btn btn-secondary understrap-read-more-link\" href=\"https:\/\/vmsport.fi\/sv\/verkkokauppa\/varaosat\/voimansiirto\/ketjut\/ketju-9-10-11-v-138l-cn-lg500-linkglide-pikaliittimella\/\">L\u00e4s mer \u2026<span class=\"screen-reader-text\"> from Ketju 9\/10\/11-v 138l CN-LG500 Linkglide pikaliittimell\u00e4<\/span><\/a><\/p>\n","protected":false},"featured_media":53482,"comment_status":"open","ping_status":"closed","template":"","meta":{"_acf_changed":false,"_improvement_type_select":"improve_an_existing","_thumb_yes_seoaic":false,"_frame_yes_seoaic":false,"seoaic_generate_description":"","seoaic_improve_instructions_prompt":"","seoaic_rollback_content_improvement":"","seoaic_idea_thumbnail_generator":"","thumbnail_generated":false,"thumbnail_generate_prompt":"","seoaic_article_description":"","_supplier_stock_quantity":0},"product_brand":[],"product_model":[],"product_cat":[9352],"product_tag":[],"industry-terminology":[],"class_list":{"0":"post-53483","1":"product","2":"type-product","3":"status-publish","4":"has-post-thumbnail","6":"product_cat-ketjut","8":"first","9":"outofstock","10":"taxable","11":"shipping-taxable","12":"product-type-simple"},"acf":{"bike_features":null,"overview":{"copy_overview":null,"key_features":null,"statement":"","youtube_url":""}},"yoast_head":"<!-- This site is optimized with the Yoast SEO plugin v27.4 - https:\/\/yoast.com\/product\/yoast-seo-wordpress\/ -->\n<title>Ketju 9\/10\/11-v 138l CN-LG500 Linkglide pikaliittimell\u00e4 - VM Sport<\/title>\n<meta name=\"robots\" content=\"index, follow, max-snippet:-1, max-image-preview:large, max-video-preview:-1\" \/>\n<link rel=\"canonical\" href=\"https:\/\/vmsport.fi\/sv\/webbutik\/reservdelar\/transmission\/kedjor\/ketju-9-10-11-v-138l-cn-lg500-linkglide-pikaliittimella\/\" \/>\n<meta property=\"og:locale\" content=\"sv_SE\" \/>\n<meta property=\"og:type\" content=\"article\" \/>\n<meta property=\"og:title\" content=\"Ketju 9\/10\/11-v 138l CN-LG500 Linkglide pikaliittimell\u00e4 - VM Sport\" \/>\n<meta property=\"og:description\" content=\"Shimano Deore CN-LG500 -ketju on suunniteltu erityisesti kest\u00e4m\u00e4\u00e4n kovaa k\u00e4ytt\u00f6\u00e4, ja se toimii loistavasti 9-, 10- ja 11-vaihteisissa py\u00f6riss\u00e4. T\u00e4ss\u00e4 ketjussa on Linkglide HG-X -rakenne, joka parantaa kest\u00e4vyytt\u00e4 ja suorituskyky\u00e4, joten se on erinomainen valinta vaativille py\u00f6r\u00e4ilij\u00f6ille, jotka haluavat pitk\u00e4ik\u00e4isen ketjun. Ketjussa on 138 lenkki\u00e4, mik\u00e4 takaa sen yhteensopivuuden eri py\u00f6r\u00e4mallien kanssa. Pikalukon ansiosta ketju [...]L\u00e4s mer \u2026 from Ketju 9\/10\/11-v 138l CN-LG500 Linkglide pikaliittimell\u00e4\" \/>\n<meta property=\"og:url\" content=\"https:\/\/vmsport.fi\/sv\/webbutik\/reservdelar\/transmission\/kedjor\/ketju-9-10-11-v-138l-cn-lg500-linkglide-pikaliittimella\/\" \/>\n<meta property=\"og:site_name\" content=\"VM Sport\" \/>\n<meta property=\"article:publisher\" content=\"https:\/\/www.facebook.com\/Vmsport.fi\/\" \/>\n<meta property=\"article:modified_time\" content=\"2026-04-22T12:00:48+00:00\" \/>\n<meta property=\"og:image\" content=\"https:\/\/vmsport.fi\/wp-content\/uploads\/2025\/03\/eCAlH2rHLPFO8BS4lfnIRQxx15sQCwEFV1H1lEQWEZjsEiIAAX-1.jpg\" \/>\n\t<meta property=\"og:image:width\" content=\"600\" \/>\n\t<meta property=\"og:image:height\" content=\"600\" \/>\n\t<meta property=\"og:image:type\" content=\"image\/jpeg\" \/>\n<meta name=\"twitter:card\" content=\"summary_large_image\" \/>\n<script type=\"application\/ld+json\" class=\"yoast-schema-graph\">{\"@context\":\"https:\\\/\\\/schema.org\",\"@graph\":[{\"@type\":[\"WebPage\",\"ItemPage\"],\"@id\":\"https:\\\/\\\/vmsport.fi\\\/verkkokauppa\\\/varaosat\\\/voimansiirto\\\/ketjut\\\/ketju-9-10-11-v-138l-cn-lg500-linkglide-pikaliittimella\\\/\",\"url\":\"https:\\\/\\\/vmsport.fi\\\/verkkokauppa\\\/varaosat\\\/voimansiirto\\\/ketjut\\\/ketju-9-10-11-v-138l-cn-lg500-linkglide-pikaliittimella\\\/\",\"name\":\"Ketju 9\\\/10\\\/11-v 138l CN-LG500 Linkglide pikaliittimell\u00e4 - VM Sport\",\"isPartOf\":{\"@id\":\"https:\\\/\\\/vmsport.fi\\\/#website\"},\"primaryImageOfPage\":{\"@id\":\"https:\\\/\\\/vmsport.fi\\\/verkkokauppa\\\/varaosat\\\/voimansiirto\\\/ketjut\\\/ketju-9-10-11-v-138l-cn-lg500-linkglide-pikaliittimella\\\/#primaryimage\"},\"image\":{\"@id\":\"https:\\\/\\\/vmsport.fi\\\/verkkokauppa\\\/varaosat\\\/voimansiirto\\\/ketjut\\\/ketju-9-10-11-v-138l-cn-lg500-linkglide-pikaliittimella\\\/#primaryimage\"},\"thumbnailUrl\":\"https:\\\/\\\/vmsport.fi\\\/wp-content\\\/uploads\\\/2025\\\/03\\\/eCAlH2rHLPFO8BS4lfnIRQxx15sQCwEFV1H1lEQWEZjsEiIAAX-1.jpg\",\"datePublished\":\"2025-03-05T21:41:53+00:00\",\"dateModified\":\"2026-04-22T12:00:48+00:00\",\"breadcrumb\":{\"@id\":\"https:\\\/\\\/vmsport.fi\\\/verkkokauppa\\\/varaosat\\\/voimansiirto\\\/ketjut\\\/ketju-9-10-11-v-138l-cn-lg500-linkglide-pikaliittimella\\\/#breadcrumb\"},\"inLanguage\":\"sv-SE\",\"potentialAction\":[{\"@type\":\"ReadAction\",\"target\":[\"https:\\\/\\\/vmsport.fi\\\/verkkokauppa\\\/varaosat\\\/voimansiirto\\\/ketjut\\\/ketju-9-10-11-v-138l-cn-lg500-linkglide-pikaliittimella\\\/\"]}]},{\"@type\":\"ImageObject\",\"inLanguage\":\"sv-SE\",\"@id\":\"https:\\\/\\\/vmsport.fi\\\/verkkokauppa\\\/varaosat\\\/voimansiirto\\\/ketjut\\\/ketju-9-10-11-v-138l-cn-lg500-linkglide-pikaliittimella\\\/#primaryimage\",\"url\":\"https:\\\/\\\/vmsport.fi\\\/wp-content\\\/uploads\\\/2025\\\/03\\\/eCAlH2rHLPFO8BS4lfnIRQxx15sQCwEFV1H1lEQWEZjsEiIAAX-1.jpg\",\"contentUrl\":\"https:\\\/\\\/vmsport.fi\\\/wp-content\\\/uploads\\\/2025\\\/03\\\/eCAlH2rHLPFO8BS4lfnIRQxx15sQCwEFV1H1lEQWEZjsEiIAAX-1.jpg\",\"width\":600,\"height\":600,\"caption\":\"eCAlH2rHLPFO8BS4lfnIRQxx15sQCwEFV1H1lEQWEZjsEiIAAX\"},{\"@type\":\"BreadcrumbList\",\"@id\":\"https:\\\/\\\/vmsport.fi\\\/verkkokauppa\\\/varaosat\\\/voimansiirto\\\/ketjut\\\/ketju-9-10-11-v-138l-cn-lg500-linkglide-pikaliittimella\\\/#breadcrumb\",\"itemListElement\":[{\"@type\":\"ListItem\",\"position\":1,\"name\":\"Etusivu\",\"item\":\"https:\\\/\\\/vmsport.fi\\\/\"},{\"@type\":\"ListItem\",\"position\":2,\"name\":\"Online Store\",\"item\":\"https:\\\/\\\/vmsport.fi\\\/en\\\/online-store\\\/\"},{\"@type\":\"ListItem\",\"position\":3,\"name\":\"Ketju 9\\\/10\\\/11-v 138l CN-LG500 Linkglide pikaliittimell\u00e4\"}]},{\"@type\":\"WebSite\",\"@id\":\"https:\\\/\\\/vmsport.fi\\\/#website\",\"url\":\"https:\\\/\\\/vmsport.fi\\\/\",\"name\":\"Vmsport\",\"description\":\"Kaikki py\u00f6r\u00e4ilyyn yhdest\u00e4 paikasta\",\"publisher\":{\"@id\":\"https:\\\/\\\/vmsport.fi\\\/#organization\"},\"potentialAction\":[{\"@type\":\"SearchAction\",\"target\":{\"@type\":\"EntryPoint\",\"urlTemplate\":\"https:\\\/\\\/vmsport.fi\\\/?s={search_term_string}\"},\"query-input\":{\"@type\":\"PropertyValueSpecification\",\"valueRequired\":true,\"valueName\":\"search_term_string\"}}],\"inLanguage\":\"sv-SE\"},{\"@type\":\"Organization\",\"@id\":\"https:\\\/\\\/vmsport.fi\\\/#organization\",\"name\":\"Vmsport\",\"url\":\"https:\\\/\\\/vmsport.fi\\\/\",\"logo\":{\"@type\":\"ImageObject\",\"inLanguage\":\"sv-SE\",\"@id\":\"https:\\\/\\\/vmsport.fi\\\/#\\\/schema\\\/logo\\\/image\\\/\",\"url\":\"https:\\\/\\\/vmsport.fi\\\/wp-content\\\/uploads\\\/2024\\\/12\\\/vm_sport_RGB_horisontal-e1734526017575.png\",\"contentUrl\":\"https:\\\/\\\/vmsport.fi\\\/wp-content\\\/uploads\\\/2024\\\/12\\\/vm_sport_RGB_horisontal-e1734526017575.png\",\"width\":668,\"height\":85,\"caption\":\"Vmsport\"},\"image\":{\"@id\":\"https:\\\/\\\/vmsport.fi\\\/#\\\/schema\\\/logo\\\/image\\\/\"},\"sameAs\":[\"https:\\\/\\\/www.facebook.com\\\/Vmsport.fi\\\/\",\"https:\\\/\\\/www.instagram.com\\\/vmsport\\\/\"]}]}<\/script>\n<!-- \/ Yoast SEO plugin. -->","yoast_head_json":{"title":"Ketju 9\/10\/11-v 138l CN-LG500 Linkglide pikaliittimell\u00e4 - VM Sport","robots":{"index":"index","follow":"follow","max-snippet":"max-snippet:-1","max-image-preview":"max-image-preview:large","max-video-preview":"max-video-preview:-1"},"canonical":"https:\/\/vmsport.fi\/sv\/webbutik\/reservdelar\/transmission\/kedjor\/ketju-9-10-11-v-138l-cn-lg500-linkglide-pikaliittimella\/","og_locale":"sv_SE","og_type":"article","og_title":"Ketju 9\/10\/11-v 138l CN-LG500 Linkglide pikaliittimell\u00e4 - VM Sport","og_description":"Shimano Deore CN-LG500 -ketju on suunniteltu erityisesti kest\u00e4m\u00e4\u00e4n kovaa k\u00e4ytt\u00f6\u00e4, ja se toimii loistavasti 9-, 10- ja 11-vaihteisissa py\u00f6riss\u00e4. T\u00e4ss\u00e4 ketjussa on Linkglide HG-X -rakenne, joka parantaa kest\u00e4vyytt\u00e4 ja suorituskyky\u00e4, joten se on erinomainen valinta vaativille py\u00f6r\u00e4ilij\u00f6ille, jotka haluavat pitk\u00e4ik\u00e4isen ketjun. Ketjussa on 138 lenkki\u00e4, mik\u00e4 takaa sen yhteensopivuuden eri py\u00f6r\u00e4mallien kanssa. Pikalukon ansiosta ketju [...]L\u00e4s mer \u2026 from Ketju 9\/10\/11-v 138l CN-LG500 Linkglide pikaliittimell\u00e4","og_url":"https:\/\/vmsport.fi\/sv\/webbutik\/reservdelar\/transmission\/kedjor\/ketju-9-10-11-v-138l-cn-lg500-linkglide-pikaliittimella\/","og_site_name":"VM Sport","article_publisher":"https:\/\/www.facebook.com\/Vmsport.fi\/","article_modified_time":"2026-04-22T12:00:48+00:00","og_image":[{"width":600,"height":600,"url":"https:\/\/vmsport.fi\/wp-content\/uploads\/2025\/03\/eCAlH2rHLPFO8BS4lfnIRQxx15sQCwEFV1H1lEQWEZjsEiIAAX-1.jpg","type":"image\/jpeg"}],"twitter_card":"summary_large_image","schema":{"@context":"https:\/\/schema.org","@graph":[{"@type":["WebPage","ItemPage"],"@id":"https:\/\/vmsport.fi\/verkkokauppa\/varaosat\/voimansiirto\/ketjut\/ketju-9-10-11-v-138l-cn-lg500-linkglide-pikaliittimella\/","url":"https:\/\/vmsport.fi\/verkkokauppa\/varaosat\/voimansiirto\/ketjut\/ketju-9-10-11-v-138l-cn-lg500-linkglide-pikaliittimella\/","name":"Ketju 9\/10\/11-v 138l CN-LG500 Linkglide pikaliittimell\u00e4 - VM Sport","isPartOf":{"@id":"https:\/\/vmsport.fi\/#website"},"primaryImageOfPage":{"@id":"https:\/\/vmsport.fi\/verkkokauppa\/varaosat\/voimansiirto\/ketjut\/ketju-9-10-11-v-138l-cn-lg500-linkglide-pikaliittimella\/#primaryimage"},"image":{"@id":"https:\/\/vmsport.fi\/verkkokauppa\/varaosat\/voimansiirto\/ketjut\/ketju-9-10-11-v-138l-cn-lg500-linkglide-pikaliittimella\/#primaryimage"},"thumbnailUrl":"https:\/\/vmsport.fi\/wp-content\/uploads\/2025\/03\/eCAlH2rHLPFO8BS4lfnIRQxx15sQCwEFV1H1lEQWEZjsEiIAAX-1.jpg","datePublished":"2025-03-05T21:41:53+00:00","dateModified":"2026-04-22T12:00:48+00:00","breadcrumb":{"@id":"https:\/\/vmsport.fi\/verkkokauppa\/varaosat\/voimansiirto\/ketjut\/ketju-9-10-11-v-138l-cn-lg500-linkglide-pikaliittimella\/#breadcrumb"},"inLanguage":"sv-SE","potentialAction":[{"@type":"ReadAction","target":["https:\/\/vmsport.fi\/verkkokauppa\/varaosat\/voimansiirto\/ketjut\/ketju-9-10-11-v-138l-cn-lg500-linkglide-pikaliittimella\/"]}]},{"@type":"ImageObject","inLanguage":"sv-SE","@id":"https:\/\/vmsport.fi\/verkkokauppa\/varaosat\/voimansiirto\/ketjut\/ketju-9-10-11-v-138l-cn-lg500-linkglide-pikaliittimella\/#primaryimage","url":"https:\/\/vmsport.fi\/wp-content\/uploads\/2025\/03\/eCAlH2rHLPFO8BS4lfnIRQxx15sQCwEFV1H1lEQWEZjsEiIAAX-1.jpg","contentUrl":"https:\/\/vmsport.fi\/wp-content\/uploads\/2025\/03\/eCAlH2rHLPFO8BS4lfnIRQxx15sQCwEFV1H1lEQWEZjsEiIAAX-1.jpg","width":600,"height":600,"caption":"eCAlH2rHLPFO8BS4lfnIRQxx15sQCwEFV1H1lEQWEZjsEiIAAX"},{"@type":"BreadcrumbList","@id":"https:\/\/vmsport.fi\/verkkokauppa\/varaosat\/voimansiirto\/ketjut\/ketju-9-10-11-v-138l-cn-lg500-linkglide-pikaliittimella\/#breadcrumb","itemListElement":[{"@type":"ListItem","position":1,"name":"Etusivu","item":"https:\/\/vmsport.fi\/"},{"@type":"ListItem","position":2,"name":"Online Store","item":"https:\/\/vmsport.fi\/en\/online-store\/"},{"@type":"ListItem","position":3,"name":"Ketju 9\/10\/11-v 138l CN-LG500 Linkglide pikaliittimell\u00e4"}]},{"@type":"WebSite","@id":"https:\/\/vmsport.fi\/#website","url":"https:\/\/vmsport.fi\/","name":"Vmsport","description":"Allt p\u00e5 ett st\u00e4lle f\u00f6r cykling","publisher":{"@id":"https:\/\/vmsport.fi\/#organization"},"potentialAction":[{"@type":"SearchAction","target":{"@type":"EntryPoint","urlTemplate":"https:\/\/vmsport.fi\/?s={search_term_string}"},"query-input":{"@type":"PropertyValueSpecification","valueRequired":true,"valueName":"search_term_string"}}],"inLanguage":"sv-SE"},{"@type":"Organization","@id":"https:\/\/vmsport.fi\/#organization","name":"Vmsport","url":"https:\/\/vmsport.fi\/","logo":{"@type":"ImageObject","inLanguage":"sv-SE","@id":"https:\/\/vmsport.fi\/#\/schema\/logo\/image\/","url":"https:\/\/vmsport.fi\/wp-content\/uploads\/2024\/12\/vm_sport_RGB_horisontal-e1734526017575.png","contentUrl":"https:\/\/vmsport.fi\/wp-content\/uploads\/2024\/12\/vm_sport_RGB_horisontal-e1734526017575.png","width":668,"height":85,"caption":"Vmsport"},"image":{"@id":"https:\/\/vmsport.fi\/#\/schema\/logo\/image\/"},"sameAs":["https:\/\/www.facebook.com\/Vmsport.fi\/","https:\/\/www.instagram.com\/vmsport\/"]}]}},"global_unique_id":"","_links":{"self":[{"href":"https:\/\/vmsport.fi\/sv\/wp-json\/wp\/v2\/product\/53483","targetHints":{"allow":["GET"]}}],"collection":[{"href":"https:\/\/vmsport.fi\/sv\/wp-json\/wp\/v2\/product"}],"about":[{"href":"https:\/\/vmsport.fi\/sv\/wp-json\/wp\/v2\/types\/product"}],"replies":[{"embeddable":true,"href":"https:\/\/vmsport.fi\/sv\/wp-json\/wp\/v2\/comments?post=53483"}],"wp:featuredmedia":[{"embeddable":true,"href":"https:\/\/vmsport.fi\/sv\/wp-json\/wp\/v2\/media\/53482"}],"wp:attachment":[{"href":"https:\/\/vmsport.fi\/sv\/wp-json\/wp\/v2\/media?parent=53483"}],"wp:term":[{"taxonomy":"product_brand","embeddable":true,"href":"https:\/\/vmsport.fi\/sv\/wp-json\/wp\/v2\/product_brand?post=53483"},{"taxonomy":"product_model","embeddable":true,"href":"https:\/\/vmsport.fi\/sv\/wp-json\/wp\/v2\/product_model?post=53483"},{"taxonomy":"product_cat","embeddable":true,"href":"https:\/\/vmsport.fi\/sv\/wp-json\/wp\/v2\/product_cat?post=53483"},{"taxonomy":"product_tag","embeddable":true,"href":"https:\/\/vmsport.fi\/sv\/wp-json\/wp\/v2\/product_tag?post=53483"},{"taxonomy":"industry_terminology","embeddable":true,"href":"https:\/\/vmsport.fi\/sv\/wp-json\/wp\/v2\/industry-terminology?post=53483"}],"curies":[{"name":"wp","href":"https:\/\/api.w.org\/{rel}","templated":true}]}}