{"id":53475,"date":"2025-03-05T23:41:48","date_gmt":"2025-03-05T21:41:48","guid":{"rendered":"https:\/\/vmsport.fi\/verkkokauppa\/Ei-luokiteltu\/trek-lasten-unisex-pyorahanskat-blue\/"},"modified":"2026-04-22T15:39:08","modified_gmt":"2026-04-22T12:39:08","slug":"trek-barn-unisex-pyora-handskar-bla","status":"publish","type":"product","link":"https:\/\/vmsport.fi\/sv\/verkkokauppa\/ajovarusteet\/vaatteet\/pyorailyhanskat\/trek-lasten-unisex-pyorahanskat-blue\/","title":{"rendered":"Trek cykelhandskar f\u00f6r barn, unisex - BL\u00c5"},"content":{"rendered":"<p>N\u00e4m\u00e4 unenisex-py\u00f6r\u00e4ilyk\u00e4sineet Trek Kids -mallistosta sopivat sek\u00e4 pienille ett\u00e4 hieman isommille lapsille kahdessa koossa. K\u00e4sineen materiaalit ovat p\u00e4\u00e4osin polyesteri\u00e4 ja neulotut, kuten my\u00f6s peukalon alueella oleva elastaani, mik\u00e4 tarjoaa joustavuuden ja mukavuuden. K\u00e4mmenen pinnoite lis\u00e4\u00e4 pitoa ohjaustangossa ja on helppo pit\u00e4\u00e4 puhtaana. S\u00e4\u00e4dett\u00e4v\u00e4 rannehihna takaa, ett\u00e4 k\u00e4sine pysyy paikallaan py\u00f6r\u00e4ilyn aikana. Pehmustus v\u00e4hent\u00e4\u00e4 k\u00e4sien v\u00e4symist\u00e4, mutta k\u00e4sineet eiv\u00e4t ole t\u00e4ytettyj\u00e4 suojaavia malleja, joten ne tarjoavat ensisijaisesti mukavuutta ja perussuojan lasten k\u00e4ytt\u00f6\u00f6n.<\/p>","protected":false},"excerpt":{"rendered":"<p>Lapsille suunnitellut kest\u00e4v\u00e4t ja mukavat py\u00f6r\u00e4ilyk\u00e4sineet joustavalla k\u00e4mmenosalla ja s\u00e4\u00e4dett\u00e4v\u00e4ll\u00e4 ranneosalla. [&#8230;]<\/p>\n<p><a class=\"btn btn-secondary understrap-read-more-link\" href=\"https:\/\/vmsport.fi\/sv\/verkkokauppa\/ajovarusteet\/vaatteet\/pyorailyhanskat\/trek-lasten-unisex-pyorahanskat-blue\/\">L\u00e4s mer \u2026<span class=\"screen-reader-text\"> from Trek Lasten Unisex Py\u00f6r\u00e4hanskat &#8211; BLUE<\/span><\/a><\/p>\n","protected":false},"featured_media":53473,"comment_status":"open","ping_status":"closed","template":"","meta":{"_acf_changed":false,"_improvement_type_select":"improve_an_existing","_thumb_yes_seoaic":false,"_frame_yes_seoaic":false,"seoaic_generate_description":"","seoaic_improve_instructions_prompt":"","seoaic_rollback_content_improvement":"","seoaic_idea_thumbnail_generator":"","thumbnail_generated":false,"thumbnail_generate_prompt":"","seoaic_article_description":"","_supplier_stock_quantity":0},"product_brand":[],"product_model":[],"product_cat":[9454],"product_tag":[],"industry-terminology":[],"class_list":{"0":"post-53475","1":"product","2":"type-product","3":"status-publish","4":"has-post-thumbnail","6":"product_cat-pyorailyhanskat","8":"first","9":"instock","10":"taxable","11":"shipping-taxable","12":"purchasable","13":"product-type-variable"},"acf":{"bike_features":null,"overview":{"copy_overview":null,"key_features":null,"statement":"","youtube_url":""}},"yoast_head":"<!-- This site is optimized with the Yoast SEO plugin v27.4 - https:\/\/yoast.com\/product\/yoast-seo-wordpress\/ -->\n<title>Trek Lasten Unisex Py\u00f6r\u00e4hanskat - BLUE - VM Sport<\/title>\n<meta name=\"robots\" content=\"index, follow, max-snippet:-1, max-image-preview:large, max-video-preview:-1\" \/>\n<link rel=\"canonical\" href=\"https:\/\/vmsport.fi\/sv\/webbutik\/korutrustning\/klader\/pyorailhandskar\/trek-barn-unisex-pyora-handskar-bla\/\" \/>\n<meta property=\"og:locale\" content=\"sv_SE\" \/>\n<meta property=\"og:type\" content=\"article\" \/>\n<meta property=\"og:title\" content=\"Trek Lasten Unisex Py\u00f6r\u00e4hanskat - BLUE - VM Sport\" \/>\n<meta property=\"og:description\" content=\"Lapsille suunnitellut kest\u00e4v\u00e4t ja mukavat py\u00f6r\u00e4ilyk\u00e4sineet joustavalla k\u00e4mmenosalla ja s\u00e4\u00e4dett\u00e4v\u00e4ll\u00e4 ranneosalla. [...]L\u00e4s mer \u2026 from Trek Lasten Unisex Py\u00f6r\u00e4hanskat &#8211; BLUE\" \/>\n<meta property=\"og:url\" content=\"https:\/\/vmsport.fi\/sv\/webbutik\/korutrustning\/klader\/pyorailhandskar\/trek-barn-unisex-pyora-handskar-bla\/\" \/>\n<meta property=\"og:site_name\" content=\"VM Sport\" \/>\n<meta property=\"article:publisher\" content=\"https:\/\/www.facebook.com\/Vmsport.fi\/\" \/>\n<meta property=\"article:modified_time\" content=\"2026-04-22T12:39:08+00:00\" \/>\n<meta property=\"og:image\" content=\"https:\/\/vmsport.fi\/wp-content\/uploads\/2025\/03\/U3PCSHGe6xt5ksOCgZ0IM20LF2gN1W0cPxyMTn3adPNdAowt9u-1.jpg\" \/>\n\t<meta property=\"og:image:width\" content=\"1000\" \/>\n\t<meta property=\"og:image:height\" content=\"749\" \/>\n\t<meta property=\"og:image:type\" content=\"image\/jpeg\" \/>\n<meta name=\"twitter:card\" content=\"summary_large_image\" \/>\n<script type=\"application\/ld+json\" class=\"yoast-schema-graph\">{\"@context\":\"https:\\\/\\\/schema.org\",\"@graph\":[{\"@type\":[\"WebPage\",\"ItemPage\"],\"@id\":\"https:\\\/\\\/vmsport.fi\\\/verkkokauppa\\\/ajovarusteet\\\/vaatteet\\\/pyorailyhanskat\\\/trek-lasten-unisex-pyorahanskat-blue\\\/\",\"url\":\"https:\\\/\\\/vmsport.fi\\\/verkkokauppa\\\/ajovarusteet\\\/vaatteet\\\/pyorailyhanskat\\\/trek-lasten-unisex-pyorahanskat-blue\\\/\",\"name\":\"Trek Lasten Unisex Py\u00f6r\u00e4hanskat - BLUE - VM Sport\",\"isPartOf\":{\"@id\":\"https:\\\/\\\/vmsport.fi\\\/#website\"},\"primaryImageOfPage\":{\"@id\":\"https:\\\/\\\/vmsport.fi\\\/verkkokauppa\\\/ajovarusteet\\\/vaatteet\\\/pyorailyhanskat\\\/trek-lasten-unisex-pyorahanskat-blue\\\/#primaryimage\"},\"image\":{\"@id\":\"https:\\\/\\\/vmsport.fi\\\/verkkokauppa\\\/ajovarusteet\\\/vaatteet\\\/pyorailyhanskat\\\/trek-lasten-unisex-pyorahanskat-blue\\\/#primaryimage\"},\"thumbnailUrl\":\"https:\\\/\\\/vmsport.fi\\\/wp-content\\\/uploads\\\/2025\\\/03\\\/U3PCSHGe6xt5ksOCgZ0IM20LF2gN1W0cPxyMTn3adPNdAowt9u-1.jpg\",\"datePublished\":\"2025-03-05T21:41:48+00:00\",\"dateModified\":\"2026-04-22T12:39:08+00:00\",\"breadcrumb\":{\"@id\":\"https:\\\/\\\/vmsport.fi\\\/verkkokauppa\\\/ajovarusteet\\\/vaatteet\\\/pyorailyhanskat\\\/trek-lasten-unisex-pyorahanskat-blue\\\/#breadcrumb\"},\"inLanguage\":\"sv-SE\",\"potentialAction\":[{\"@type\":\"ReadAction\",\"target\":[\"https:\\\/\\\/vmsport.fi\\\/verkkokauppa\\\/ajovarusteet\\\/vaatteet\\\/pyorailyhanskat\\\/trek-lasten-unisex-pyorahanskat-blue\\\/\"]}]},{\"@type\":\"ImageObject\",\"inLanguage\":\"sv-SE\",\"@id\":\"https:\\\/\\\/vmsport.fi\\\/verkkokauppa\\\/ajovarusteet\\\/vaatteet\\\/pyorailyhanskat\\\/trek-lasten-unisex-pyorahanskat-blue\\\/#primaryimage\",\"url\":\"https:\\\/\\\/vmsport.fi\\\/wp-content\\\/uploads\\\/2025\\\/03\\\/U3PCSHGe6xt5ksOCgZ0IM20LF2gN1W0cPxyMTn3adPNdAowt9u-1.jpg\",\"contentUrl\":\"https:\\\/\\\/vmsport.fi\\\/wp-content\\\/uploads\\\/2025\\\/03\\\/U3PCSHGe6xt5ksOCgZ0IM20LF2gN1W0cPxyMTn3adPNdAowt9u-1.jpg\",\"width\":1000,\"height\":749,\"caption\":\"U3PCSHGe6xt5ksOCgZ0IM20LF2gN1W0cPxyMTn3adPNdAowt9u\"},{\"@type\":\"BreadcrumbList\",\"@id\":\"https:\\\/\\\/vmsport.fi\\\/verkkokauppa\\\/ajovarusteet\\\/vaatteet\\\/pyorailyhanskat\\\/trek-lasten-unisex-pyorahanskat-blue\\\/#breadcrumb\",\"itemListElement\":[{\"@type\":\"ListItem\",\"position\":1,\"name\":\"Etusivu\",\"item\":\"https:\\\/\\\/vmsport.fi\\\/\"},{\"@type\":\"ListItem\",\"position\":2,\"name\":\"Online Store\",\"item\":\"https:\\\/\\\/vmsport.fi\\\/en\\\/online-store\\\/\"},{\"@type\":\"ListItem\",\"position\":3,\"name\":\"Trek Lasten Unisex Py\u00f6r\u00e4hanskat &#8211; BLUE\"}]},{\"@type\":\"WebSite\",\"@id\":\"https:\\\/\\\/vmsport.fi\\\/#website\",\"url\":\"https:\\\/\\\/vmsport.fi\\\/\",\"name\":\"Vmsport\",\"description\":\"Kaikki py\u00f6r\u00e4ilyyn yhdest\u00e4 paikasta\",\"publisher\":{\"@id\":\"https:\\\/\\\/vmsport.fi\\\/#organization\"},\"potentialAction\":[{\"@type\":\"SearchAction\",\"target\":{\"@type\":\"EntryPoint\",\"urlTemplate\":\"https:\\\/\\\/vmsport.fi\\\/?s={search_term_string}\"},\"query-input\":{\"@type\":\"PropertyValueSpecification\",\"valueRequired\":true,\"valueName\":\"search_term_string\"}}],\"inLanguage\":\"sv-SE\"},{\"@type\":\"Organization\",\"@id\":\"https:\\\/\\\/vmsport.fi\\\/#organization\",\"name\":\"Vmsport\",\"url\":\"https:\\\/\\\/vmsport.fi\\\/\",\"logo\":{\"@type\":\"ImageObject\",\"inLanguage\":\"sv-SE\",\"@id\":\"https:\\\/\\\/vmsport.fi\\\/#\\\/schema\\\/logo\\\/image\\\/\",\"url\":\"https:\\\/\\\/vmsport.fi\\\/wp-content\\\/uploads\\\/2024\\\/12\\\/vm_sport_RGB_horisontal-e1734526017575.png\",\"contentUrl\":\"https:\\\/\\\/vmsport.fi\\\/wp-content\\\/uploads\\\/2024\\\/12\\\/vm_sport_RGB_horisontal-e1734526017575.png\",\"width\":668,\"height\":85,\"caption\":\"Vmsport\"},\"image\":{\"@id\":\"https:\\\/\\\/vmsport.fi\\\/#\\\/schema\\\/logo\\\/image\\\/\"},\"sameAs\":[\"https:\\\/\\\/www.facebook.com\\\/Vmsport.fi\\\/\",\"https:\\\/\\\/www.instagram.com\\\/vmsport\\\/\"]}]}<\/script>\n<!-- \/ Yoast SEO plugin. -->","yoast_head_json":{"title":"Trek cykelhandskar f\u00f6r barn, unisex - BL\u00c5 - VM Sport","robots":{"index":"index","follow":"follow","max-snippet":"max-snippet:-1","max-image-preview":"max-image-preview:large","max-video-preview":"max-video-preview:-1"},"canonical":"https:\/\/vmsport.fi\/sv\/webbutik\/korutrustning\/klader\/pyorailhandskar\/trek-barn-unisex-pyora-handskar-bla\/","og_locale":"sv_SE","og_type":"article","og_title":"Trek Lasten Unisex Py\u00f6r\u00e4hanskat - BLUE - VM Sport","og_description":"Lapsille suunnitellut kest\u00e4v\u00e4t ja mukavat py\u00f6r\u00e4ilyk\u00e4sineet joustavalla k\u00e4mmenosalla ja s\u00e4\u00e4dett\u00e4v\u00e4ll\u00e4 ranneosalla. [...]L\u00e4s mer \u2026 from Trek Lasten Unisex Py\u00f6r\u00e4hanskat &#8211; BLUE","og_url":"https:\/\/vmsport.fi\/sv\/webbutik\/korutrustning\/klader\/pyorailhandskar\/trek-barn-unisex-pyora-handskar-bla\/","og_site_name":"VM Sport","article_publisher":"https:\/\/www.facebook.com\/Vmsport.fi\/","article_modified_time":"2026-04-22T12:39:08+00:00","og_image":[{"width":1000,"height":749,"url":"https:\/\/vmsport.fi\/wp-content\/uploads\/2025\/03\/U3PCSHGe6xt5ksOCgZ0IM20LF2gN1W0cPxyMTn3adPNdAowt9u-1.jpg","type":"image\/jpeg"}],"twitter_card":"summary_large_image","schema":{"@context":"https:\/\/schema.org","@graph":[{"@type":["WebPage","ItemPage"],"@id":"https:\/\/vmsport.fi\/verkkokauppa\/ajovarusteet\/vaatteet\/pyorailyhanskat\/trek-lasten-unisex-pyorahanskat-blue\/","url":"https:\/\/vmsport.fi\/verkkokauppa\/ajovarusteet\/vaatteet\/pyorailyhanskat\/trek-lasten-unisex-pyorahanskat-blue\/","name":"Trek cykelhandskar f\u00f6r barn, unisex - BL\u00c5 - VM Sport","isPartOf":{"@id":"https:\/\/vmsport.fi\/#website"},"primaryImageOfPage":{"@id":"https:\/\/vmsport.fi\/verkkokauppa\/ajovarusteet\/vaatteet\/pyorailyhanskat\/trek-lasten-unisex-pyorahanskat-blue\/#primaryimage"},"image":{"@id":"https:\/\/vmsport.fi\/verkkokauppa\/ajovarusteet\/vaatteet\/pyorailyhanskat\/trek-lasten-unisex-pyorahanskat-blue\/#primaryimage"},"thumbnailUrl":"https:\/\/vmsport.fi\/wp-content\/uploads\/2025\/03\/U3PCSHGe6xt5ksOCgZ0IM20LF2gN1W0cPxyMTn3adPNdAowt9u-1.jpg","datePublished":"2025-03-05T21:41:48+00:00","dateModified":"2026-04-22T12:39:08+00:00","breadcrumb":{"@id":"https:\/\/vmsport.fi\/verkkokauppa\/ajovarusteet\/vaatteet\/pyorailyhanskat\/trek-lasten-unisex-pyorahanskat-blue\/#breadcrumb"},"inLanguage":"sv-SE","potentialAction":[{"@type":"ReadAction","target":["https:\/\/vmsport.fi\/verkkokauppa\/ajovarusteet\/vaatteet\/pyorailyhanskat\/trek-lasten-unisex-pyorahanskat-blue\/"]}]},{"@type":"ImageObject","inLanguage":"sv-SE","@id":"https:\/\/vmsport.fi\/verkkokauppa\/ajovarusteet\/vaatteet\/pyorailyhanskat\/trek-lasten-unisex-pyorahanskat-blue\/#primaryimage","url":"https:\/\/vmsport.fi\/wp-content\/uploads\/2025\/03\/U3PCSHGe6xt5ksOCgZ0IM20LF2gN1W0cPxyMTn3adPNdAowt9u-1.jpg","contentUrl":"https:\/\/vmsport.fi\/wp-content\/uploads\/2025\/03\/U3PCSHGe6xt5ksOCgZ0IM20LF2gN1W0cPxyMTn3adPNdAowt9u-1.jpg","width":1000,"height":749,"caption":"U3PCSHGe6xt5ksOCgZ0IM20LF2gN1W0cPxyMTn3adPNdAowt9u"},{"@type":"BreadcrumbList","@id":"https:\/\/vmsport.fi\/verkkokauppa\/ajovarusteet\/vaatteet\/pyorailyhanskat\/trek-lasten-unisex-pyorahanskat-blue\/#breadcrumb","itemListElement":[{"@type":"ListItem","position":1,"name":"Etusivu","item":"https:\/\/vmsport.fi\/"},{"@type":"ListItem","position":2,"name":"Online Store","item":"https:\/\/vmsport.fi\/en\/online-store\/"},{"@type":"ListItem","position":3,"name":"Trek Lasten Unisex Py\u00f6r\u00e4hanskat &#8211; BLUE"}]},{"@type":"WebSite","@id":"https:\/\/vmsport.fi\/#website","url":"https:\/\/vmsport.fi\/","name":"Vmsport","description":"Allt p\u00e5 ett st\u00e4lle f\u00f6r cykling","publisher":{"@id":"https:\/\/vmsport.fi\/#organization"},"potentialAction":[{"@type":"SearchAction","target":{"@type":"EntryPoint","urlTemplate":"https:\/\/vmsport.fi\/?s={search_term_string}"},"query-input":{"@type":"PropertyValueSpecification","valueRequired":true,"valueName":"search_term_string"}}],"inLanguage":"sv-SE"},{"@type":"Organization","@id":"https:\/\/vmsport.fi\/#organization","name":"Vmsport","url":"https:\/\/vmsport.fi\/","logo":{"@type":"ImageObject","inLanguage":"sv-SE","@id":"https:\/\/vmsport.fi\/#\/schema\/logo\/image\/","url":"https:\/\/vmsport.fi\/wp-content\/uploads\/2024\/12\/vm_sport_RGB_horisontal-e1734526017575.png","contentUrl":"https:\/\/vmsport.fi\/wp-content\/uploads\/2024\/12\/vm_sport_RGB_horisontal-e1734526017575.png","width":668,"height":85,"caption":"Vmsport"},"image":{"@id":"https:\/\/vmsport.fi\/#\/schema\/logo\/image\/"},"sameAs":["https:\/\/www.facebook.com\/Vmsport.fi\/","https:\/\/www.instagram.com\/vmsport\/"]}]}},"global_unique_id":"","_links":{"self":[{"href":"https:\/\/vmsport.fi\/sv\/wp-json\/wp\/v2\/product\/53475","targetHints":{"allow":["GET"]}}],"collection":[{"href":"https:\/\/vmsport.fi\/sv\/wp-json\/wp\/v2\/product"}],"about":[{"href":"https:\/\/vmsport.fi\/sv\/wp-json\/wp\/v2\/types\/product"}],"replies":[{"embeddable":true,"href":"https:\/\/vmsport.fi\/sv\/wp-json\/wp\/v2\/comments?post=53475"}],"wp:featuredmedia":[{"embeddable":true,"href":"https:\/\/vmsport.fi\/sv\/wp-json\/wp\/v2\/media\/53473"}],"wp:attachment":[{"href":"https:\/\/vmsport.fi\/sv\/wp-json\/wp\/v2\/media?parent=53475"}],"wp:term":[{"taxonomy":"product_brand","embeddable":true,"href":"https:\/\/vmsport.fi\/sv\/wp-json\/wp\/v2\/product_brand?post=53475"},{"taxonomy":"product_model","embeddable":true,"href":"https:\/\/vmsport.fi\/sv\/wp-json\/wp\/v2\/product_model?post=53475"},{"taxonomy":"product_cat","embeddable":true,"href":"https:\/\/vmsport.fi\/sv\/wp-json\/wp\/v2\/product_cat?post=53475"},{"taxonomy":"product_tag","embeddable":true,"href":"https:\/\/vmsport.fi\/sv\/wp-json\/wp\/v2\/product_tag?post=53475"},{"taxonomy":"industry_terminology","embeddable":true,"href":"https:\/\/vmsport.fi\/sv\/wp-json\/wp\/v2\/industry-terminology?post=53475"}],"curies":[{"name":"wp","href":"https:\/\/api.w.org\/{rel}","templated":true}]}}