{"id":53466,"date":"2025-03-05T23:41:42","date_gmt":"2025-03-05T21:41:42","guid":{"rendered":"https:\/\/vmsport.fi\/verkkokauppa\/Ei-luokiteltu\/sram-pg-950-cassette-pc-951-chain\/"},"modified":"2026-04-22T15:05:37","modified_gmt":"2026-04-22T12:05:37","slug":"sram-pg-950-kassett-pc-951-kedja","status":"publish","type":"product","link":"https:\/\/vmsport.fi\/sv\/verkkokauppa\/varaosat\/voimansiirto\/takarattaat\/sram-pg-950-cassette-pc-951-chain\/","title":{"rendered":"SRAM PG-950 kassett\/PC-951 kedja"},"content":{"rendered":"<p>SRAM PG-950-kassetten och PC-951-kedjesetet erbjuder exceptionell prestanda i 9-v\u00e4xlade transmissioner. Avancerad PowerChain II-teknik s\u00e4kerst\u00e4ller h\u00e5llbarhet och v\u00e4xlingsnoggrannhet, vilket f\u00f6rb\u00e4ttrar v\u00e4xlingen b\u00e5de fram och under belastning utan att ge avkall p\u00e5 v\u00e4xlingsnoggrannheten bak. Kromh\u00e4rdade nitbultar och Step2\u2122-nitningsteknik \u00f6kar produktens styrka och g\u00f6r den till ett utm\u00e4rkt val f\u00f6r kr\u00e4vande f\u00f6rh\u00e5llanden. PowerLink\u2122-systemet s\u00e4kerst\u00e4ller tillf\u00f6rlitlig kedjeinf\u00e4stning.<\/p>\n<p>Kassetten erbjuder m\u00e5nga v\u00e4xelalternativ, inklusive 11-26t och 11-34t, och har silverf\u00e4rgade kugghjul. Olika tandavst\u00e5nd m\u00f6jligg\u00f6r individuell justering av v\u00e4xlarna. Kedjan \u00e4r gr\u00e5 och passar \u00e4ven utm\u00e4rkt f\u00f6r elcyklar och \u00e4r kompatibel med flera olika kedjetyper, t.ex. PC-991 HP och PC-971. Den \u00e4r l\u00e4tt att montera p\u00e5 MTB- (offroad), landsv\u00e4gs- och UDH-cyklar, vilket ger m\u00e5ngsidighet och flexibilitet f\u00f6r alla cyklister.<\/p>","protected":false},"excerpt":{"rendered":"<p>SRAM PG-950 -kasetti ja PC-951 -ketju tarjoavat poikkeuksellisen suorituskyvyn 9-vaihteisissa voimansiirroissa. Kehittynyt PowerChain II -tekniikka takaa kest\u00e4vyyden ja vaihtamisen tarkkuuden, parantaen vaihteensiirtoa sek\u00e4 edest\u00e4 ett\u00e4 kuormituksen alaisena ilman, ett\u00e4 takaosan vaihtotarkkuus heikkenee. Kromikarkaistut niittitapit ja Step2\u2122-niittausmenetelm\u00e4 lis\u00e4\u00e4v\u00e4t tuotteen lujuutta, mik\u00e4 tekee siit\u00e4 erinomaisen valinnan vaativiin olosuhteisiin. PowerLink\u2122-j\u00e4rjestelm\u00e4 varmistaa ketjun luotettavan kiinnityksen. Kasetti tarjoaa monia vaihdevaihtoehtoja, [&#8230;]<\/p>\n<p><a class=\"btn btn-secondary understrap-read-more-link\" href=\"https:\/\/vmsport.fi\/sv\/verkkokauppa\/varaosat\/voimansiirto\/takarattaat\/sram-pg-950-cassette-pc-951-chain\/\">L\u00e4s mer \u2026<span class=\"screen-reader-text\"> from SRAM PG-950 cassette\/PC-951 chain<\/span><\/a><\/p>\n","protected":false},"featured_media":53465,"comment_status":"open","ping_status":"closed","template":"","meta":{"_acf_changed":false,"_improvement_type_select":"improve_an_existing","_thumb_yes_seoaic":false,"_frame_yes_seoaic":false,"seoaic_generate_description":"","seoaic_improve_instructions_prompt":"","seoaic_rollback_content_improvement":"","seoaic_idea_thumbnail_generator":"","thumbnail_generated":false,"thumbnail_generate_prompt":"","seoaic_article_description":"","_supplier_stock_quantity":0},"product_brand":[1588],"product_model":[],"product_cat":[9348],"product_tag":[],"industry-terminology":[],"class_list":{"0":"post-53466","1":"product","2":"type-product","3":"status-publish","4":"has-post-thumbnail","6":"product_brand-sram","7":"product_cat-takarattaat","9":"first","10":"outofstock","11":"taxable","12":"shipping-taxable","13":"product-type-simple"},"acf":{"bike_features":null,"overview":{"copy_overview":null,"key_features":null,"statement":"","youtube_url":""}},"yoast_head":"<!-- This site is optimized with the Yoast SEO plugin v27.4 - https:\/\/yoast.com\/product\/yoast-seo-wordpress\/ -->\n<title>SRAM PG-950 cassette\/PC-951 chain - VM Sport<\/title>\n<meta name=\"robots\" content=\"index, follow, max-snippet:-1, max-image-preview:large, max-video-preview:-1\" \/>\n<link rel=\"canonical\" href=\"https:\/\/vmsport.fi\/sv\/webbutik\/reservdelar\/transmission\/takarattaat\/sram-pg-950-kassett-pc-951-kedja\/\" \/>\n<meta property=\"og:locale\" content=\"sv_SE\" \/>\n<meta property=\"og:type\" content=\"article\" \/>\n<meta property=\"og:title\" content=\"SRAM PG-950 cassette\/PC-951 chain - VM Sport\" \/>\n<meta property=\"og:description\" content=\"SRAM PG-950 -kasetti ja PC-951 -ketju tarjoavat poikkeuksellisen suorituskyvyn 9-vaihteisissa voimansiirroissa. Kehittynyt PowerChain II -tekniikka takaa kest\u00e4vyyden ja vaihtamisen tarkkuuden, parantaen vaihteensiirtoa sek\u00e4 edest\u00e4 ett\u00e4 kuormituksen alaisena ilman, ett\u00e4 takaosan vaihtotarkkuus heikkenee. Kromikarkaistut niittitapit ja Step2\u2122-niittausmenetelm\u00e4 lis\u00e4\u00e4v\u00e4t tuotteen lujuutta, mik\u00e4 tekee siit\u00e4 erinomaisen valinnan vaativiin olosuhteisiin. PowerLink\u2122-j\u00e4rjestelm\u00e4 varmistaa ketjun luotettavan kiinnityksen. Kasetti tarjoaa monia vaihdevaihtoehtoja, [...]L\u00e4s mer \u2026 from SRAM PG-950 cassette\/PC-951 chain\" \/>\n<meta property=\"og:url\" content=\"https:\/\/vmsport.fi\/sv\/webbutik\/reservdelar\/transmission\/takarattaat\/sram-pg-950-kassett-pc-951-kedja\/\" \/>\n<meta property=\"og:site_name\" content=\"VM Sport\" \/>\n<meta property=\"article:publisher\" content=\"https:\/\/www.facebook.com\/Vmsport.fi\/\" \/>\n<meta property=\"article:modified_time\" content=\"2026-04-22T12:05:37+00:00\" \/>\n<meta property=\"og:image\" content=\"https:\/\/vmsport.fi\/wp-content\/uploads\/2025\/03\/yqsYsblq4V5da2ID1QUS5O7tVH8nVn7fvxUGijvraNU3AayfAP-1.jpg\" \/>\n\t<meta property=\"og:image:width\" content=\"600\" \/>\n\t<meta property=\"og:image:height\" content=\"450\" \/>\n\t<meta property=\"og:image:type\" content=\"image\/jpeg\" \/>\n<meta name=\"twitter:card\" content=\"summary_large_image\" \/>\n<meta name=\"twitter:label1\" content=\"Ber\u00e4knad l\u00e4stid\" \/>\n\t<meta name=\"twitter:data1\" content=\"1 minut\" \/>\n<script type=\"application\/ld+json\" class=\"yoast-schema-graph\">{\"@context\":\"https:\\\/\\\/schema.org\",\"@graph\":[{\"@type\":[\"WebPage\",\"ItemPage\"],\"@id\":\"https:\\\/\\\/vmsport.fi\\\/verkkokauppa\\\/varaosat\\\/voimansiirto\\\/takarattaat\\\/sram-pg-950-cassette-pc-951-chain\\\/\",\"url\":\"https:\\\/\\\/vmsport.fi\\\/verkkokauppa\\\/varaosat\\\/voimansiirto\\\/takarattaat\\\/sram-pg-950-cassette-pc-951-chain\\\/\",\"name\":\"SRAM PG-950 cassette\\\/PC-951 chain - VM Sport\",\"isPartOf\":{\"@id\":\"https:\\\/\\\/vmsport.fi\\\/#website\"},\"primaryImageOfPage\":{\"@id\":\"https:\\\/\\\/vmsport.fi\\\/verkkokauppa\\\/varaosat\\\/voimansiirto\\\/takarattaat\\\/sram-pg-950-cassette-pc-951-chain\\\/#primaryimage\"},\"image\":{\"@id\":\"https:\\\/\\\/vmsport.fi\\\/verkkokauppa\\\/varaosat\\\/voimansiirto\\\/takarattaat\\\/sram-pg-950-cassette-pc-951-chain\\\/#primaryimage\"},\"thumbnailUrl\":\"https:\\\/\\\/vmsport.fi\\\/wp-content\\\/uploads\\\/2025\\\/03\\\/yqsYsblq4V5da2ID1QUS5O7tVH8nVn7fvxUGijvraNU3AayfAP-1.jpg\",\"datePublished\":\"2025-03-05T21:41:42+00:00\",\"dateModified\":\"2026-04-22T12:05:37+00:00\",\"breadcrumb\":{\"@id\":\"https:\\\/\\\/vmsport.fi\\\/verkkokauppa\\\/varaosat\\\/voimansiirto\\\/takarattaat\\\/sram-pg-950-cassette-pc-951-chain\\\/#breadcrumb\"},\"inLanguage\":\"sv-SE\",\"potentialAction\":[{\"@type\":\"ReadAction\",\"target\":[\"https:\\\/\\\/vmsport.fi\\\/verkkokauppa\\\/varaosat\\\/voimansiirto\\\/takarattaat\\\/sram-pg-950-cassette-pc-951-chain\\\/\"]}]},{\"@type\":\"ImageObject\",\"inLanguage\":\"sv-SE\",\"@id\":\"https:\\\/\\\/vmsport.fi\\\/verkkokauppa\\\/varaosat\\\/voimansiirto\\\/takarattaat\\\/sram-pg-950-cassette-pc-951-chain\\\/#primaryimage\",\"url\":\"https:\\\/\\\/vmsport.fi\\\/wp-content\\\/uploads\\\/2025\\\/03\\\/yqsYsblq4V5da2ID1QUS5O7tVH8nVn7fvxUGijvraNU3AayfAP-1.jpg\",\"contentUrl\":\"https:\\\/\\\/vmsport.fi\\\/wp-content\\\/uploads\\\/2025\\\/03\\\/yqsYsblq4V5da2ID1QUS5O7tVH8nVn7fvxUGijvraNU3AayfAP-1.jpg\",\"width\":600,\"height\":450,\"caption\":\"yqsYsblq4V5da2ID1QUS5O7tVH8nVn7fvxUGijvraNU3AayfAP\"},{\"@type\":\"BreadcrumbList\",\"@id\":\"https:\\\/\\\/vmsport.fi\\\/verkkokauppa\\\/varaosat\\\/voimansiirto\\\/takarattaat\\\/sram-pg-950-cassette-pc-951-chain\\\/#breadcrumb\",\"itemListElement\":[{\"@type\":\"ListItem\",\"position\":1,\"name\":\"Etusivu\",\"item\":\"https:\\\/\\\/vmsport.fi\\\/\"},{\"@type\":\"ListItem\",\"position\":2,\"name\":\"Online Store\",\"item\":\"https:\\\/\\\/vmsport.fi\\\/en\\\/online-store\\\/\"},{\"@type\":\"ListItem\",\"position\":3,\"name\":\"SRAM PG-950 cassette\\\/PC-951 chain\"}]},{\"@type\":\"WebSite\",\"@id\":\"https:\\\/\\\/vmsport.fi\\\/#website\",\"url\":\"https:\\\/\\\/vmsport.fi\\\/\",\"name\":\"Vmsport\",\"description\":\"Kaikki py\u00f6r\u00e4ilyyn yhdest\u00e4 paikasta\",\"publisher\":{\"@id\":\"https:\\\/\\\/vmsport.fi\\\/#organization\"},\"potentialAction\":[{\"@type\":\"SearchAction\",\"target\":{\"@type\":\"EntryPoint\",\"urlTemplate\":\"https:\\\/\\\/vmsport.fi\\\/?s={search_term_string}\"},\"query-input\":{\"@type\":\"PropertyValueSpecification\",\"valueRequired\":true,\"valueName\":\"search_term_string\"}}],\"inLanguage\":\"sv-SE\"},{\"@type\":\"Organization\",\"@id\":\"https:\\\/\\\/vmsport.fi\\\/#organization\",\"name\":\"Vmsport\",\"url\":\"https:\\\/\\\/vmsport.fi\\\/\",\"logo\":{\"@type\":\"ImageObject\",\"inLanguage\":\"sv-SE\",\"@id\":\"https:\\\/\\\/vmsport.fi\\\/#\\\/schema\\\/logo\\\/image\\\/\",\"url\":\"https:\\\/\\\/vmsport.fi\\\/wp-content\\\/uploads\\\/2024\\\/12\\\/vm_sport_RGB_horisontal-e1734526017575.png\",\"contentUrl\":\"https:\\\/\\\/vmsport.fi\\\/wp-content\\\/uploads\\\/2024\\\/12\\\/vm_sport_RGB_horisontal-e1734526017575.png\",\"width\":668,\"height\":85,\"caption\":\"Vmsport\"},\"image\":{\"@id\":\"https:\\\/\\\/vmsport.fi\\\/#\\\/schema\\\/logo\\\/image\\\/\"},\"sameAs\":[\"https:\\\/\\\/www.facebook.com\\\/Vmsport.fi\\\/\",\"https:\\\/\\\/www.instagram.com\\\/vmsport\\\/\"]}]}<\/script>\n<!-- \/ Yoast SEO plugin. -->","yoast_head_json":{"title":"SRAM PG-950 kassett\/PC-951 kedja - VM Sport","robots":{"index":"index","follow":"follow","max-snippet":"max-snippet:-1","max-image-preview":"max-image-preview:large","max-video-preview":"max-video-preview:-1"},"canonical":"https:\/\/vmsport.fi\/sv\/webbutik\/reservdelar\/transmission\/takarattaat\/sram-pg-950-kassett-pc-951-kedja\/","og_locale":"sv_SE","og_type":"article","og_title":"SRAM PG-950 cassette\/PC-951 chain - VM Sport","og_description":"SRAM PG-950 -kasetti ja PC-951 -ketju tarjoavat poikkeuksellisen suorituskyvyn 9-vaihteisissa voimansiirroissa. Kehittynyt PowerChain II -tekniikka takaa kest\u00e4vyyden ja vaihtamisen tarkkuuden, parantaen vaihteensiirtoa sek\u00e4 edest\u00e4 ett\u00e4 kuormituksen alaisena ilman, ett\u00e4 takaosan vaihtotarkkuus heikkenee. Kromikarkaistut niittitapit ja Step2\u2122-niittausmenetelm\u00e4 lis\u00e4\u00e4v\u00e4t tuotteen lujuutta, mik\u00e4 tekee siit\u00e4 erinomaisen valinnan vaativiin olosuhteisiin. PowerLink\u2122-j\u00e4rjestelm\u00e4 varmistaa ketjun luotettavan kiinnityksen. Kasetti tarjoaa monia vaihdevaihtoehtoja, [...]L\u00e4s mer \u2026 from SRAM PG-950 cassette\/PC-951 chain","og_url":"https:\/\/vmsport.fi\/sv\/webbutik\/reservdelar\/transmission\/takarattaat\/sram-pg-950-kassett-pc-951-kedja\/","og_site_name":"VM Sport","article_publisher":"https:\/\/www.facebook.com\/Vmsport.fi\/","article_modified_time":"2026-04-22T12:05:37+00:00","og_image":[{"width":600,"height":450,"url":"https:\/\/vmsport.fi\/wp-content\/uploads\/2025\/03\/yqsYsblq4V5da2ID1QUS5O7tVH8nVn7fvxUGijvraNU3AayfAP-1.jpg","type":"image\/jpeg"}],"twitter_card":"summary_large_image","twitter_misc":{"Ber\u00e4knad l\u00e4stid":"1 minut"},"schema":{"@context":"https:\/\/schema.org","@graph":[{"@type":["WebPage","ItemPage"],"@id":"https:\/\/vmsport.fi\/verkkokauppa\/varaosat\/voimansiirto\/takarattaat\/sram-pg-950-cassette-pc-951-chain\/","url":"https:\/\/vmsport.fi\/verkkokauppa\/varaosat\/voimansiirto\/takarattaat\/sram-pg-950-cassette-pc-951-chain\/","name":"SRAM PG-950 kassett\/PC-951 kedja - VM Sport","isPartOf":{"@id":"https:\/\/vmsport.fi\/#website"},"primaryImageOfPage":{"@id":"https:\/\/vmsport.fi\/verkkokauppa\/varaosat\/voimansiirto\/takarattaat\/sram-pg-950-cassette-pc-951-chain\/#primaryimage"},"image":{"@id":"https:\/\/vmsport.fi\/verkkokauppa\/varaosat\/voimansiirto\/takarattaat\/sram-pg-950-cassette-pc-951-chain\/#primaryimage"},"thumbnailUrl":"https:\/\/vmsport.fi\/wp-content\/uploads\/2025\/03\/yqsYsblq4V5da2ID1QUS5O7tVH8nVn7fvxUGijvraNU3AayfAP-1.jpg","datePublished":"2025-03-05T21:41:42+00:00","dateModified":"2026-04-22T12:05:37+00:00","breadcrumb":{"@id":"https:\/\/vmsport.fi\/verkkokauppa\/varaosat\/voimansiirto\/takarattaat\/sram-pg-950-cassette-pc-951-chain\/#breadcrumb"},"inLanguage":"sv-SE","potentialAction":[{"@type":"ReadAction","target":["https:\/\/vmsport.fi\/verkkokauppa\/varaosat\/voimansiirto\/takarattaat\/sram-pg-950-cassette-pc-951-chain\/"]}]},{"@type":"ImageObject","inLanguage":"sv-SE","@id":"https:\/\/vmsport.fi\/verkkokauppa\/varaosat\/voimansiirto\/takarattaat\/sram-pg-950-cassette-pc-951-chain\/#primaryimage","url":"https:\/\/vmsport.fi\/wp-content\/uploads\/2025\/03\/yqsYsblq4V5da2ID1QUS5O7tVH8nVn7fvxUGijvraNU3AayfAP-1.jpg","contentUrl":"https:\/\/vmsport.fi\/wp-content\/uploads\/2025\/03\/yqsYsblq4V5da2ID1QUS5O7tVH8nVn7fvxUGijvraNU3AayfAP-1.jpg","width":600,"height":450,"caption":"yqsYsblq4V5da2ID1QUS5O7tVH8nVn7fvxUGijvraNU3AayfAP"},{"@type":"BreadcrumbList","@id":"https:\/\/vmsport.fi\/verkkokauppa\/varaosat\/voimansiirto\/takarattaat\/sram-pg-950-cassette-pc-951-chain\/#breadcrumb","itemListElement":[{"@type":"ListItem","position":1,"name":"Etusivu","item":"https:\/\/vmsport.fi\/"},{"@type":"ListItem","position":2,"name":"Online Store","item":"https:\/\/vmsport.fi\/en\/online-store\/"},{"@type":"ListItem","position":3,"name":"SRAM PG-950 cassette\/PC-951 chain"}]},{"@type":"WebSite","@id":"https:\/\/vmsport.fi\/#website","url":"https:\/\/vmsport.fi\/","name":"Vmsport","description":"Allt p\u00e5 ett st\u00e4lle f\u00f6r cykling","publisher":{"@id":"https:\/\/vmsport.fi\/#organization"},"potentialAction":[{"@type":"SearchAction","target":{"@type":"EntryPoint","urlTemplate":"https:\/\/vmsport.fi\/?s={search_term_string}"},"query-input":{"@type":"PropertyValueSpecification","valueRequired":true,"valueName":"search_term_string"}}],"inLanguage":"sv-SE"},{"@type":"Organization","@id":"https:\/\/vmsport.fi\/#organization","name":"Vmsport","url":"https:\/\/vmsport.fi\/","logo":{"@type":"ImageObject","inLanguage":"sv-SE","@id":"https:\/\/vmsport.fi\/#\/schema\/logo\/image\/","url":"https:\/\/vmsport.fi\/wp-content\/uploads\/2024\/12\/vm_sport_RGB_horisontal-e1734526017575.png","contentUrl":"https:\/\/vmsport.fi\/wp-content\/uploads\/2024\/12\/vm_sport_RGB_horisontal-e1734526017575.png","width":668,"height":85,"caption":"Vmsport"},"image":{"@id":"https:\/\/vmsport.fi\/#\/schema\/logo\/image\/"},"sameAs":["https:\/\/www.facebook.com\/Vmsport.fi\/","https:\/\/www.instagram.com\/vmsport\/"]}]}},"global_unique_id":"","_links":{"self":[{"href":"https:\/\/vmsport.fi\/sv\/wp-json\/wp\/v2\/product\/53466","targetHints":{"allow":["GET"]}}],"collection":[{"href":"https:\/\/vmsport.fi\/sv\/wp-json\/wp\/v2\/product"}],"about":[{"href":"https:\/\/vmsport.fi\/sv\/wp-json\/wp\/v2\/types\/product"}],"replies":[{"embeddable":true,"href":"https:\/\/vmsport.fi\/sv\/wp-json\/wp\/v2\/comments?post=53466"}],"wp:featuredmedia":[{"embeddable":true,"href":"https:\/\/vmsport.fi\/sv\/wp-json\/wp\/v2\/media\/53465"}],"wp:attachment":[{"href":"https:\/\/vmsport.fi\/sv\/wp-json\/wp\/v2\/media?parent=53466"}],"wp:term":[{"taxonomy":"product_brand","embeddable":true,"href":"https:\/\/vmsport.fi\/sv\/wp-json\/wp\/v2\/product_brand?post=53466"},{"taxonomy":"product_model","embeddable":true,"href":"https:\/\/vmsport.fi\/sv\/wp-json\/wp\/v2\/product_model?post=53466"},{"taxonomy":"product_cat","embeddable":true,"href":"https:\/\/vmsport.fi\/sv\/wp-json\/wp\/v2\/product_cat?post=53466"},{"taxonomy":"product_tag","embeddable":true,"href":"https:\/\/vmsport.fi\/sv\/wp-json\/wp\/v2\/product_tag?post=53466"},{"taxonomy":"industry_terminology","embeddable":true,"href":"https:\/\/vmsport.fi\/sv\/wp-json\/wp\/v2\/industry-terminology?post=53466"}],"curies":[{"name":"wp","href":"https:\/\/api.w.org\/{rel}","templated":true}]}}