{"id":53458,"date":"2025-03-05T23:41:30","date_gmt":"2025-03-05T21:41:30","guid":{"rendered":"https:\/\/vmsport.fi\/verkkokauppa\/Ei-luokiteltu\/shimano-ajolasit-ce-tcnm2-technium-ridescape-road-mattamusta\/"},"modified":"2026-03-21T10:52:55","modified_gmt":"2026-03-21T08:52:55","slug":"shimano-ajolasit-ce-tcnm2-technium-ridescape-road-matt-svart","status":"publish","type":"product","link":"https:\/\/vmsport.fi\/sv\/verkkokauppa\/ajovarusteet\/ajolasit\/shimano-ajolasit-ce-tcnm2-technium-ridescape-road-mattamusta\/","title":{"rendered":"SHIMANO Solglas\u00f6gon CE-TCNM2 TECHNIUM Ridescape Road Matt svart"},"content":{"rendered":"<p>Shimano CE-TCNM2 TECHNIUM Ridescape Road Matte Black Riding Glasses \u00e4r den perfekta kombinationen av skydd, komfort och stil f\u00f6r cykling. De erbjuder UV-400-skydd f\u00f6r att skydda dina \u00f6gon fr\u00e5n solens skadliga str\u00e5lar, medan ett brett synf\u00e4lt med utbytbara linser hindrar vind, damm och skr\u00e4p fr\u00e5n att komma in i dina \u00f6gon.<\/p>\n<p>Den perfekta b\u00e5gdesignen g\u00f6r glas\u00f6gonen l\u00e4tta och bekv\u00e4ma att b\u00e4ra hela dagen. Konturerade mjuka grepp och en justerbar n\u00e4splatta h\u00e5ller glas\u00f6gonen stadigt p\u00e5 plats under k\u00f6rning. Strategiska lins\u00f6ppningar ger optimal ventilation och f\u00f6rhindrar imma, medan den hydrofoba bel\u00e4ggningen avvisar vatten och svett och ger klar sikt under alla f\u00f6rh\u00e5llanden.<\/p>\n<p>Den tidl\u00f6sa b\u00e5gdesignen sm\u00e4lter s\u00f6ml\u00f6st in i moderna cykelhj\u00e4lmar, medan den mattsvarta finishen f\u00f6ljer de senaste trenderna inom cykelutrustning. De h\u00e4r glas\u00f6gonen f\u00f6rst\u00e4rker den visuella upplevelsen genom att framh\u00e4va f\u00e4rger och f\u00f6rb\u00e4ttra sikten, vilket g\u00f6r dem till det perfekta valet f\u00f6r cyklister som uppskattar avancerad prestanda och stil.<\/p>","protected":false},"excerpt":{"rendered":"<p>Shimano Ajolasit CE-TCNM2 TECHNIUM Ridescape Road Mattamusta yhdist\u00e4v\u00e4t erinomaisesti suojan, mukavuuden ja tyylin py\u00f6r\u00e4ilyyn. Ne tarjoavat UV-400-suojan, joka suojaa silmi\u00e4 haitallisilta auringons\u00e4teilt\u00e4, ja vaihtolinsseill\u00e4 varustettu laaja n\u00e4k\u00f6kentt\u00e4 est\u00e4\u00e4 tuulen, p\u00f6lyn ja roskien p\u00e4\u00e4syn silmiin. T\u00e4ydellinen kehysmuotoilu tekee laseista kevyet ja mukavat koko p\u00e4iv\u00e4n k\u00e4ytt\u00f6\u00f6n. Muotoillut pehme\u00e4t sangat ja s\u00e4\u00e4dett\u00e4v\u00e4 nen\u00e4tyyny pit\u00e4v\u00e4t lasit tukevasti paikoillaan ajon [&#8230;]<\/p>\n<p><a class=\"btn btn-secondary understrap-read-more-link\" href=\"https:\/\/vmsport.fi\/sv\/verkkokauppa\/ajovarusteet\/ajolasit\/shimano-ajolasit-ce-tcnm2-technium-ridescape-road-mattamusta\/\">L\u00e4s mer \u2026<span class=\"screen-reader-text\"> from SHIMANO Ajolasit CE-TCNM2 TECHNIUM Ridescape Road Mattamusta<\/span><\/a><\/p>\n","protected":false},"featured_media":53457,"comment_status":"open","ping_status":"closed","template":"","meta":{"_acf_changed":false,"_improvement_type_select":"improve_an_existing","_thumb_yes_seoaic":false,"_frame_yes_seoaic":false,"seoaic_generate_description":"","seoaic_improve_instructions_prompt":"","seoaic_rollback_content_improvement":"","seoaic_idea_thumbnail_generator":"","thumbnail_generated":false,"thumbnail_generate_prompt":"","seoaic_article_description":"","_supplier_stock_quantity":0},"product_brand":[],"product_model":[],"product_cat":[9280],"product_tag":[],"industry-terminology":[],"class_list":{"0":"post-53458","1":"product","2":"type-product","3":"status-publish","4":"has-post-thumbnail","6":"product_cat-ajolasit","8":"first","9":"instock","10":"taxable","11":"shipping-taxable","12":"purchasable","13":"product-type-simple"},"acf":{"bike_features":null,"overview":{"copy_overview":null,"key_features":null,"statement":"","youtube_url":""}},"yoast_head":"<!-- This site is optimized with the Yoast SEO plugin v27.3 - https:\/\/yoast.com\/product\/yoast-seo-wordpress\/ -->\n<title>SHIMANO Ajolasit CE-TCNM2 TECHNIUM Ridescape Road Mattamusta - VM Sport<\/title>\n<meta name=\"robots\" content=\"index, follow, max-snippet:-1, max-image-preview:large, max-video-preview:-1\" \/>\n<link rel=\"canonical\" href=\"https:\/\/vmsport.fi\/sv\/webbutik\/korutrustning\/drivande-glasogon\/shimano-ajolasit-ce-tcnm2-technium-ridescape-road-matt-svart\/\" \/>\n<meta property=\"og:locale\" content=\"sv_SE\" \/>\n<meta property=\"og:type\" content=\"article\" \/>\n<meta property=\"og:title\" content=\"SHIMANO Ajolasit CE-TCNM2 TECHNIUM Ridescape Road Mattamusta - VM Sport\" \/>\n<meta property=\"og:description\" content=\"Shimano Ajolasit CE-TCNM2 TECHNIUM Ridescape Road Mattamusta yhdist\u00e4v\u00e4t erinomaisesti suojan, mukavuuden ja tyylin py\u00f6r\u00e4ilyyn. Ne tarjoavat UV-400-suojan, joka suojaa silmi\u00e4 haitallisilta auringons\u00e4teilt\u00e4, ja vaihtolinsseill\u00e4 varustettu laaja n\u00e4k\u00f6kentt\u00e4 est\u00e4\u00e4 tuulen, p\u00f6lyn ja roskien p\u00e4\u00e4syn silmiin. T\u00e4ydellinen kehysmuotoilu tekee laseista kevyet ja mukavat koko p\u00e4iv\u00e4n k\u00e4ytt\u00f6\u00f6n. Muotoillut pehme\u00e4t sangat ja s\u00e4\u00e4dett\u00e4v\u00e4 nen\u00e4tyyny pit\u00e4v\u00e4t lasit tukevasti paikoillaan ajon [...]L\u00e4s mer \u2026 from SHIMANO Ajolasit CE-TCNM2 TECHNIUM Ridescape Road Mattamusta\" \/>\n<meta property=\"og:url\" content=\"https:\/\/vmsport.fi\/sv\/webbutik\/korutrustning\/drivande-glasogon\/shimano-ajolasit-ce-tcnm2-technium-ridescape-road-matt-svart\/\" \/>\n<meta property=\"og:site_name\" content=\"VM Sport\" \/>\n<meta property=\"article:publisher\" content=\"https:\/\/www.facebook.com\/Vmsport.fi\/\" \/>\n<meta property=\"article:modified_time\" content=\"2026-03-21T08:52:55+00:00\" \/>\n<meta property=\"og:image\" content=\"https:\/\/vmsport.fi\/wp-content\/uploads\/2025\/03\/CE-TCNM2-OR-shic346-primary-1-jpg-thumb-572-572-2-1.png\" \/>\n\t<meta property=\"og:image:width\" content=\"572\" \/>\n\t<meta property=\"og:image:height\" content=\"572\" \/>\n\t<meta property=\"og:image:type\" content=\"image\/png\" \/>\n<meta name=\"twitter:card\" content=\"summary_large_image\" \/>\n<meta name=\"twitter:label1\" content=\"Ber\u00e4knad l\u00e4stid\" \/>\n\t<meta name=\"twitter:data1\" content=\"1 minut\" \/>\n<script type=\"application\/ld+json\" class=\"yoast-schema-graph\">{\"@context\":\"https:\\\/\\\/schema.org\",\"@graph\":[{\"@type\":[\"WebPage\",\"ItemPage\"],\"@id\":\"https:\\\/\\\/vmsport.fi\\\/verkkokauppa\\\/ajovarusteet\\\/ajolasit\\\/shimano-ajolasit-ce-tcnm2-technium-ridescape-road-mattamusta\\\/\",\"url\":\"https:\\\/\\\/vmsport.fi\\\/verkkokauppa\\\/ajovarusteet\\\/ajolasit\\\/shimano-ajolasit-ce-tcnm2-technium-ridescape-road-mattamusta\\\/\",\"name\":\"SHIMANO Ajolasit CE-TCNM2 TECHNIUM Ridescape Road Mattamusta - VM Sport\",\"isPartOf\":{\"@id\":\"https:\\\/\\\/vmsport.fi\\\/#website\"},\"primaryImageOfPage\":{\"@id\":\"https:\\\/\\\/vmsport.fi\\\/verkkokauppa\\\/ajovarusteet\\\/ajolasit\\\/shimano-ajolasit-ce-tcnm2-technium-ridescape-road-mattamusta\\\/#primaryimage\"},\"image\":{\"@id\":\"https:\\\/\\\/vmsport.fi\\\/verkkokauppa\\\/ajovarusteet\\\/ajolasit\\\/shimano-ajolasit-ce-tcnm2-technium-ridescape-road-mattamusta\\\/#primaryimage\"},\"thumbnailUrl\":\"https:\\\/\\\/vmsport.fi\\\/wp-content\\\/uploads\\\/2025\\\/03\\\/CE-TCNM2-OR-shic346-primary-1-jpg-thumb-572-572-2-1.png\",\"datePublished\":\"2025-03-05T21:41:30+00:00\",\"dateModified\":\"2026-03-21T08:52:55+00:00\",\"breadcrumb\":{\"@id\":\"https:\\\/\\\/vmsport.fi\\\/verkkokauppa\\\/ajovarusteet\\\/ajolasit\\\/shimano-ajolasit-ce-tcnm2-technium-ridescape-road-mattamusta\\\/#breadcrumb\"},\"inLanguage\":\"sv-SE\",\"potentialAction\":[{\"@type\":\"ReadAction\",\"target\":[\"https:\\\/\\\/vmsport.fi\\\/verkkokauppa\\\/ajovarusteet\\\/ajolasit\\\/shimano-ajolasit-ce-tcnm2-technium-ridescape-road-mattamusta\\\/\"]}]},{\"@type\":\"ImageObject\",\"inLanguage\":\"sv-SE\",\"@id\":\"https:\\\/\\\/vmsport.fi\\\/verkkokauppa\\\/ajovarusteet\\\/ajolasit\\\/shimano-ajolasit-ce-tcnm2-technium-ridescape-road-mattamusta\\\/#primaryimage\",\"url\":\"https:\\\/\\\/vmsport.fi\\\/wp-content\\\/uploads\\\/2025\\\/03\\\/CE-TCNM2-OR-shic346-primary-1-jpg-thumb-572-572-2-1.png\",\"contentUrl\":\"https:\\\/\\\/vmsport.fi\\\/wp-content\\\/uploads\\\/2025\\\/03\\\/CE-TCNM2-OR-shic346-primary-1-jpg-thumb-572-572-2-1.png\",\"width\":572,\"height\":572,\"caption\":\"CE-TCNM2-OR-shic346-primary-1-jpg-thumb-572-572-2\"},{\"@type\":\"BreadcrumbList\",\"@id\":\"https:\\\/\\\/vmsport.fi\\\/verkkokauppa\\\/ajovarusteet\\\/ajolasit\\\/shimano-ajolasit-ce-tcnm2-technium-ridescape-road-mattamusta\\\/#breadcrumb\",\"itemListElement\":[{\"@type\":\"ListItem\",\"position\":1,\"name\":\"Etusivu\",\"item\":\"https:\\\/\\\/vmsport.fi\\\/\"},{\"@type\":\"ListItem\",\"position\":2,\"name\":\"Online Store\",\"item\":\"https:\\\/\\\/vmsport.fi\\\/en\\\/online-store\\\/\"},{\"@type\":\"ListItem\",\"position\":3,\"name\":\"SHIMANO Ajolasit CE-TCNM2 TECHNIUM Ridescape Road Mattamusta\"}]},{\"@type\":\"WebSite\",\"@id\":\"https:\\\/\\\/vmsport.fi\\\/#website\",\"url\":\"https:\\\/\\\/vmsport.fi\\\/\",\"name\":\"Vmsport\",\"description\":\"Kaikki py\u00f6r\u00e4ilyyn yhdest\u00e4 paikasta\",\"publisher\":{\"@id\":\"https:\\\/\\\/vmsport.fi\\\/#organization\"},\"potentialAction\":[{\"@type\":\"SearchAction\",\"target\":{\"@type\":\"EntryPoint\",\"urlTemplate\":\"https:\\\/\\\/vmsport.fi\\\/?s={search_term_string}\"},\"query-input\":{\"@type\":\"PropertyValueSpecification\",\"valueRequired\":true,\"valueName\":\"search_term_string\"}}],\"inLanguage\":\"sv-SE\"},{\"@type\":\"Organization\",\"@id\":\"https:\\\/\\\/vmsport.fi\\\/#organization\",\"name\":\"Vmsport\",\"url\":\"https:\\\/\\\/vmsport.fi\\\/\",\"logo\":{\"@type\":\"ImageObject\",\"inLanguage\":\"sv-SE\",\"@id\":\"https:\\\/\\\/vmsport.fi\\\/#\\\/schema\\\/logo\\\/image\\\/\",\"url\":\"https:\\\/\\\/vmsport.fi\\\/wp-content\\\/uploads\\\/2024\\\/12\\\/vm_sport_RGB_horisontal-e1734526017575.png\",\"contentUrl\":\"https:\\\/\\\/vmsport.fi\\\/wp-content\\\/uploads\\\/2024\\\/12\\\/vm_sport_RGB_horisontal-e1734526017575.png\",\"width\":668,\"height\":85,\"caption\":\"Vmsport\"},\"image\":{\"@id\":\"https:\\\/\\\/vmsport.fi\\\/#\\\/schema\\\/logo\\\/image\\\/\"},\"sameAs\":[\"https:\\\/\\\/www.facebook.com\\\/Vmsport.fi\\\/\",\"https:\\\/\\\/www.instagram.com\\\/vmsport\\\/\"]}]}<\/script>\n<!-- \/ Yoast SEO plugin. -->","yoast_head_json":{"title":"SHIMANO Solglas\u00f6gon CE-TCNM2 TECHNIUM Ridescape Road Matt Svart - VM Sport","robots":{"index":"index","follow":"follow","max-snippet":"max-snippet:-1","max-image-preview":"max-image-preview:large","max-video-preview":"max-video-preview:-1"},"canonical":"https:\/\/vmsport.fi\/sv\/webbutik\/korutrustning\/drivande-glasogon\/shimano-ajolasit-ce-tcnm2-technium-ridescape-road-matt-svart\/","og_locale":"sv_SE","og_type":"article","og_title":"SHIMANO Ajolasit CE-TCNM2 TECHNIUM Ridescape Road Mattamusta - VM Sport","og_description":"Shimano Ajolasit CE-TCNM2 TECHNIUM Ridescape Road Mattamusta yhdist\u00e4v\u00e4t erinomaisesti suojan, mukavuuden ja tyylin py\u00f6r\u00e4ilyyn. Ne tarjoavat UV-400-suojan, joka suojaa silmi\u00e4 haitallisilta auringons\u00e4teilt\u00e4, ja vaihtolinsseill\u00e4 varustettu laaja n\u00e4k\u00f6kentt\u00e4 est\u00e4\u00e4 tuulen, p\u00f6lyn ja roskien p\u00e4\u00e4syn silmiin. T\u00e4ydellinen kehysmuotoilu tekee laseista kevyet ja mukavat koko p\u00e4iv\u00e4n k\u00e4ytt\u00f6\u00f6n. Muotoillut pehme\u00e4t sangat ja s\u00e4\u00e4dett\u00e4v\u00e4 nen\u00e4tyyny pit\u00e4v\u00e4t lasit tukevasti paikoillaan ajon [...]L\u00e4s mer \u2026 from SHIMANO Ajolasit CE-TCNM2 TECHNIUM Ridescape Road Mattamusta","og_url":"https:\/\/vmsport.fi\/sv\/webbutik\/korutrustning\/drivande-glasogon\/shimano-ajolasit-ce-tcnm2-technium-ridescape-road-matt-svart\/","og_site_name":"VM Sport","article_publisher":"https:\/\/www.facebook.com\/Vmsport.fi\/","article_modified_time":"2026-03-21T08:52:55+00:00","og_image":[{"width":572,"height":572,"url":"https:\/\/vmsport.fi\/wp-content\/uploads\/2025\/03\/CE-TCNM2-OR-shic346-primary-1-jpg-thumb-572-572-2-1.png","type":"image\/png"}],"twitter_card":"summary_large_image","twitter_misc":{"Ber\u00e4knad l\u00e4stid":"1 minut"},"schema":{"@context":"https:\/\/schema.org","@graph":[{"@type":["WebPage","ItemPage"],"@id":"https:\/\/vmsport.fi\/verkkokauppa\/ajovarusteet\/ajolasit\/shimano-ajolasit-ce-tcnm2-technium-ridescape-road-mattamusta\/","url":"https:\/\/vmsport.fi\/verkkokauppa\/ajovarusteet\/ajolasit\/shimano-ajolasit-ce-tcnm2-technium-ridescape-road-mattamusta\/","name":"SHIMANO Solglas\u00f6gon CE-TCNM2 TECHNIUM Ridescape Road Matt Svart - VM Sport","isPartOf":{"@id":"https:\/\/vmsport.fi\/#website"},"primaryImageOfPage":{"@id":"https:\/\/vmsport.fi\/verkkokauppa\/ajovarusteet\/ajolasit\/shimano-ajolasit-ce-tcnm2-technium-ridescape-road-mattamusta\/#primaryimage"},"image":{"@id":"https:\/\/vmsport.fi\/verkkokauppa\/ajovarusteet\/ajolasit\/shimano-ajolasit-ce-tcnm2-technium-ridescape-road-mattamusta\/#primaryimage"},"thumbnailUrl":"https:\/\/vmsport.fi\/wp-content\/uploads\/2025\/03\/CE-TCNM2-OR-shic346-primary-1-jpg-thumb-572-572-2-1.png","datePublished":"2025-03-05T21:41:30+00:00","dateModified":"2026-03-21T08:52:55+00:00","breadcrumb":{"@id":"https:\/\/vmsport.fi\/verkkokauppa\/ajovarusteet\/ajolasit\/shimano-ajolasit-ce-tcnm2-technium-ridescape-road-mattamusta\/#breadcrumb"},"inLanguage":"sv-SE","potentialAction":[{"@type":"ReadAction","target":["https:\/\/vmsport.fi\/verkkokauppa\/ajovarusteet\/ajolasit\/shimano-ajolasit-ce-tcnm2-technium-ridescape-road-mattamusta\/"]}]},{"@type":"ImageObject","inLanguage":"sv-SE","@id":"https:\/\/vmsport.fi\/verkkokauppa\/ajovarusteet\/ajolasit\/shimano-ajolasit-ce-tcnm2-technium-ridescape-road-mattamusta\/#primaryimage","url":"https:\/\/vmsport.fi\/wp-content\/uploads\/2025\/03\/CE-TCNM2-OR-shic346-primary-1-jpg-thumb-572-572-2-1.png","contentUrl":"https:\/\/vmsport.fi\/wp-content\/uploads\/2025\/03\/CE-TCNM2-OR-shic346-primary-1-jpg-thumb-572-572-2-1.png","width":572,"height":572,"caption":"CE-TCNM2-OR-shic346-primary-1-jpg-thumb-572-572-2"},{"@type":"BreadcrumbList","@id":"https:\/\/vmsport.fi\/verkkokauppa\/ajovarusteet\/ajolasit\/shimano-ajolasit-ce-tcnm2-technium-ridescape-road-mattamusta\/#breadcrumb","itemListElement":[{"@type":"ListItem","position":1,"name":"Etusivu","item":"https:\/\/vmsport.fi\/"},{"@type":"ListItem","position":2,"name":"Online Store","item":"https:\/\/vmsport.fi\/en\/online-store\/"},{"@type":"ListItem","position":3,"name":"SHIMANO Ajolasit CE-TCNM2 TECHNIUM Ridescape Road Mattamusta"}]},{"@type":"WebSite","@id":"https:\/\/vmsport.fi\/#website","url":"https:\/\/vmsport.fi\/","name":"Vmsport","description":"Allt p\u00e5 ett st\u00e4lle f\u00f6r cykling","publisher":{"@id":"https:\/\/vmsport.fi\/#organization"},"potentialAction":[{"@type":"SearchAction","target":{"@type":"EntryPoint","urlTemplate":"https:\/\/vmsport.fi\/?s={search_term_string}"},"query-input":{"@type":"PropertyValueSpecification","valueRequired":true,"valueName":"search_term_string"}}],"inLanguage":"sv-SE"},{"@type":"Organization","@id":"https:\/\/vmsport.fi\/#organization","name":"Vmsport","url":"https:\/\/vmsport.fi\/","logo":{"@type":"ImageObject","inLanguage":"sv-SE","@id":"https:\/\/vmsport.fi\/#\/schema\/logo\/image\/","url":"https:\/\/vmsport.fi\/wp-content\/uploads\/2024\/12\/vm_sport_RGB_horisontal-e1734526017575.png","contentUrl":"https:\/\/vmsport.fi\/wp-content\/uploads\/2024\/12\/vm_sport_RGB_horisontal-e1734526017575.png","width":668,"height":85,"caption":"Vmsport"},"image":{"@id":"https:\/\/vmsport.fi\/#\/schema\/logo\/image\/"},"sameAs":["https:\/\/www.facebook.com\/Vmsport.fi\/","https:\/\/www.instagram.com\/vmsport\/"]}]}},"global_unique_id":"","_links":{"self":[{"href":"https:\/\/vmsport.fi\/sv\/wp-json\/wp\/v2\/product\/53458","targetHints":{"allow":["GET"]}}],"collection":[{"href":"https:\/\/vmsport.fi\/sv\/wp-json\/wp\/v2\/product"}],"about":[{"href":"https:\/\/vmsport.fi\/sv\/wp-json\/wp\/v2\/types\/product"}],"replies":[{"embeddable":true,"href":"https:\/\/vmsport.fi\/sv\/wp-json\/wp\/v2\/comments?post=53458"}],"wp:featuredmedia":[{"embeddable":true,"href":"https:\/\/vmsport.fi\/sv\/wp-json\/wp\/v2\/media\/53457"}],"wp:attachment":[{"href":"https:\/\/vmsport.fi\/sv\/wp-json\/wp\/v2\/media?parent=53458"}],"wp:term":[{"taxonomy":"product_brand","embeddable":true,"href":"https:\/\/vmsport.fi\/sv\/wp-json\/wp\/v2\/product_brand?post=53458"},{"taxonomy":"product_model","embeddable":true,"href":"https:\/\/vmsport.fi\/sv\/wp-json\/wp\/v2\/product_model?post=53458"},{"taxonomy":"product_cat","embeddable":true,"href":"https:\/\/vmsport.fi\/sv\/wp-json\/wp\/v2\/product_cat?post=53458"},{"taxonomy":"product_tag","embeddable":true,"href":"https:\/\/vmsport.fi\/sv\/wp-json\/wp\/v2\/product_tag?post=53458"},{"taxonomy":"industry_terminology","embeddable":true,"href":"https:\/\/vmsport.fi\/sv\/wp-json\/wp\/v2\/industry-terminology?post=53458"}],"curies":[{"name":"wp","href":"https:\/\/api.w.org\/{rel}","templated":true}]}}