{"id":53450,"date":"2025-03-05T23:41:25","date_gmt":"2025-03-05T21:41:25","guid":{"rendered":"https:\/\/vmsport.fi\/verkkokauppa\/Ei-luokiteltu\/stronglight-crank-arm-magan-4-isis-170-mm-matt-black-bosch-gen-2-4\/"},"modified":"2026-04-22T15:02:10","modified_gmt":"2026-04-22T12:02:10","slug":"stronglight-crank-arm-magan-4-isis-170-mm-matt-black-bosch-gen-2-4","status":"publish","type":"product","link":"https:\/\/vmsport.fi\/sv\/verkkokauppa\/varaosat\/sahkopyorien-osat\/sahkopyorien-osat-sahkopyorien-osat\/stronglight-crank-arm-magan-4-isis-170-mm-matt-black-bosch-gen-2-4\/","title":{"rendered":"STRONGLIGHT Vevarm MAGAN 4 ISIS 170 mm Matt svart Bosch Gen 2 &amp; 4"},"content":{"rendered":"<p>STRONGLIGHT Magan 4 ISIS -kampivarsi on suunniteltu tarjoamaan erinomaisen yhteensopivuuden monien s\u00e4hk\u00f6py\u00f6r\u00e4j\u00e4rjestelmien kanssa, mukaan lukien Bosch Gen 2 ja Gen 4 moottorit. T\u00e4m\u00e4 kampivarsi on valmistettu korkealaatuisesta alumiinista, mik\u00e4 takaa kest\u00e4vyyden ja keveyden, sill\u00e4 se painaa noin 450 grammaa. Anodisoitu mattamusta pinta antaa nykyaikaisen ja tyylikk\u00e4\u00e4n ulkon\u00e4\u00f6n.<\/p>\n<p>170 mm pituinen kampivarsi sopii sek\u00e4 ISIS- ett\u00e4 JIS-kiinnikkeisiin, mik\u00e4 tekee siit\u00e4 monik\u00e4ytt\u00f6isen eri py\u00f6r\u00e4kokoonpanoissa. T\u00e4m\u00e4 tuote on ihanteellinen niille, jotka arvostavat sek\u00e4 suorituskyky\u00e4 ett\u00e4 ulkon\u00e4k\u00f6\u00e4. Kampivarrella toimitetaan sek\u00e4 vasen ett\u00e4 oikea kampivarsi, mik\u00e4 lis\u00e4\u00e4 sen k\u00e4yt\u00e4nn\u00f6llisyytt\u00e4, vaikka kampipultit eiv\u00e4t sis\u00e4lly pakkaukseen. Sen laaja yhteensopivuus on erityisen hy\u00f6dyllinen k\u00e4ytt\u00e4jille, jotka k\u00e4ytt\u00e4v\u00e4t s\u00e4hk\u00f6py\u00f6riss\u00e4 erilaisia moottorimalleja, kuten Brose, Yamaha, Panasonic tai Bafang.<\/p>","protected":false},"excerpt":{"rendered":"<p>STRONGLIGHT Magan 4 ISIS -kampivarsi on suunniteltu tarjoamaan erinomaisen yhteensopivuuden monien s\u00e4hk\u00f6py\u00f6r\u00e4j\u00e4rjestelmien kanssa, mukaan lukien Bosch Gen 2 ja Gen 4 moottorit. T\u00e4m\u00e4 kampivarsi on valmistettu korkealaatuisesta alumiinista, mik\u00e4 takaa kest\u00e4vyyden ja keveyden, sill\u00e4 se painaa noin 450 grammaa. Anodisoitu mattamusta pinta antaa nykyaikaisen ja tyylikk\u00e4\u00e4n ulkon\u00e4\u00f6n. 170 mm pituinen kampivarsi sopii sek\u00e4 ISIS- ett\u00e4 [&#8230;]<\/p>\n<p><a class=\"btn btn-secondary understrap-read-more-link\" href=\"https:\/\/vmsport.fi\/sv\/verkkokauppa\/varaosat\/sahkopyorien-osat\/sahkopyorien-osat-sahkopyorien-osat\/stronglight-crank-arm-magan-4-isis-170-mm-matt-black-bosch-gen-2-4\/\">L\u00e4s mer \u2026<span class=\"screen-reader-text\"> from STRONGLIGHT Crank arm MAGAN 4 ISIS 170 mm Matt black Bosch Gen 2 &amp; 4<\/span><\/a><\/p>\n","protected":false},"featured_media":53449,"comment_status":"open","ping_status":"closed","template":"","meta":{"_acf_changed":false,"_improvement_type_select":"improve_an_existing","_thumb_yes_seoaic":false,"_frame_yes_seoaic":false,"seoaic_generate_description":"","seoaic_improve_instructions_prompt":"","seoaic_rollback_content_improvement":"","seoaic_idea_thumbnail_generator":"","thumbnail_generated":false,"thumbnail_generate_prompt":"","seoaic_article_description":"","_supplier_stock_quantity":0},"product_brand":[],"product_model":[],"product_cat":[9482],"product_tag":[],"industry-terminology":[],"class_list":{"0":"post-53450","1":"product","2":"type-product","3":"status-publish","4":"has-post-thumbnail","6":"product_cat-sahkopyorien-osat-sahkopyorien-osat","8":"first","9":"outofstock","10":"taxable","11":"shipping-taxable","12":"product-type-simple"},"acf":{"bike_features":null,"overview":{"copy_overview":null,"key_features":null,"statement":"","youtube_url":""}},"yoast_head":"<!-- This site is optimized with the Yoast SEO plugin v27.4 - https:\/\/yoast.com\/product\/yoast-seo-wordpress\/ -->\n<title>STRONGLIGHT Crank arm MAGAN 4 ISIS 170 mm Matt black Bosch Gen 2 &amp; 4 - VM Sport<\/title>\n<meta name=\"robots\" content=\"index, follow, max-snippet:-1, max-image-preview:large, max-video-preview:-1\" \/>\n<link rel=\"canonical\" href=\"https:\/\/vmsport.fi\/sv\/webbutik\/reservdelar\/delar-av-sagbockar\/delar-av-sagbock-delar-av-sagbock\/stronglight-crank-arm-magan-4-isis-170-mm-matt-black-bosch-gen-2-4\/\" \/>\n<meta property=\"og:locale\" content=\"sv_SE\" \/>\n<meta property=\"og:type\" content=\"article\" \/>\n<meta property=\"og:title\" content=\"STRONGLIGHT Crank arm MAGAN 4 ISIS 170 mm Matt black Bosch Gen 2 &amp; 4 - VM Sport\" \/>\n<meta property=\"og:description\" content=\"STRONGLIGHT Magan 4 ISIS -kampivarsi on suunniteltu tarjoamaan erinomaisen yhteensopivuuden monien s\u00e4hk\u00f6py\u00f6r\u00e4j\u00e4rjestelmien kanssa, mukaan lukien Bosch Gen 2 ja Gen 4 moottorit. T\u00e4m\u00e4 kampivarsi on valmistettu korkealaatuisesta alumiinista, mik\u00e4 takaa kest\u00e4vyyden ja keveyden, sill\u00e4 se painaa noin 450 grammaa. Anodisoitu mattamusta pinta antaa nykyaikaisen ja tyylikk\u00e4\u00e4n ulkon\u00e4\u00f6n. 170 mm pituinen kampivarsi sopii sek\u00e4 ISIS- ett\u00e4 [...]L\u00e4s mer \u2026 from STRONGLIGHT Crank arm MAGAN 4 ISIS 170 mm Matt black Bosch Gen 2 &amp; 4\" \/>\n<meta property=\"og:url\" content=\"https:\/\/vmsport.fi\/sv\/webbutik\/reservdelar\/delar-av-sagbockar\/delar-av-sagbock-delar-av-sagbock\/stronglight-crank-arm-magan-4-isis-170-mm-matt-black-bosch-gen-2-4\/\" \/>\n<meta property=\"og:site_name\" content=\"VM Sport\" \/>\n<meta property=\"article:publisher\" content=\"https:\/\/www.facebook.com\/Vmsport.fi\/\" \/>\n<meta property=\"article:modified_time\" content=\"2026-04-22T12:02:10+00:00\" \/>\n<meta property=\"og:image\" content=\"https:\/\/vmsport.fi\/wp-content\/uploads\/2025\/03\/110028-large-1.jpg\" \/>\n\t<meta property=\"og:image:width\" content=\"1000\" \/>\n\t<meta property=\"og:image:height\" content=\"750\" \/>\n\t<meta property=\"og:image:type\" content=\"image\/jpeg\" \/>\n<meta name=\"twitter:card\" content=\"summary_large_image\" \/>\n<meta name=\"twitter:label1\" content=\"Ber\u00e4knad l\u00e4stid\" \/>\n\t<meta name=\"twitter:data1\" content=\"1 minut\" \/>\n<script type=\"application\/ld+json\" class=\"yoast-schema-graph\">{\"@context\":\"https:\\\/\\\/schema.org\",\"@graph\":[{\"@type\":[\"WebPage\",\"ItemPage\"],\"@id\":\"https:\\\/\\\/vmsport.fi\\\/verkkokauppa\\\/varaosat\\\/sahkopyorien-osat\\\/sahkopyorien-osat-sahkopyorien-osat\\\/stronglight-crank-arm-magan-4-isis-170-mm-matt-black-bosch-gen-2-4\\\/\",\"url\":\"https:\\\/\\\/vmsport.fi\\\/verkkokauppa\\\/varaosat\\\/sahkopyorien-osat\\\/sahkopyorien-osat-sahkopyorien-osat\\\/stronglight-crank-arm-magan-4-isis-170-mm-matt-black-bosch-gen-2-4\\\/\",\"name\":\"STRONGLIGHT Crank arm MAGAN 4 ISIS 170 mm Matt black Bosch Gen 2 &amp; 4 - VM Sport\",\"isPartOf\":{\"@id\":\"https:\\\/\\\/vmsport.fi\\\/#website\"},\"primaryImageOfPage\":{\"@id\":\"https:\\\/\\\/vmsport.fi\\\/verkkokauppa\\\/varaosat\\\/sahkopyorien-osat\\\/sahkopyorien-osat-sahkopyorien-osat\\\/stronglight-crank-arm-magan-4-isis-170-mm-matt-black-bosch-gen-2-4\\\/#primaryimage\"},\"image\":{\"@id\":\"https:\\\/\\\/vmsport.fi\\\/verkkokauppa\\\/varaosat\\\/sahkopyorien-osat\\\/sahkopyorien-osat-sahkopyorien-osat\\\/stronglight-crank-arm-magan-4-isis-170-mm-matt-black-bosch-gen-2-4\\\/#primaryimage\"},\"thumbnailUrl\":\"https:\\\/\\\/vmsport.fi\\\/wp-content\\\/uploads\\\/2025\\\/03\\\/110028-large-1.jpg\",\"datePublished\":\"2025-03-05T21:41:25+00:00\",\"dateModified\":\"2026-04-22T12:02:10+00:00\",\"breadcrumb\":{\"@id\":\"https:\\\/\\\/vmsport.fi\\\/verkkokauppa\\\/varaosat\\\/sahkopyorien-osat\\\/sahkopyorien-osat-sahkopyorien-osat\\\/stronglight-crank-arm-magan-4-isis-170-mm-matt-black-bosch-gen-2-4\\\/#breadcrumb\"},\"inLanguage\":\"sv-SE\",\"potentialAction\":[{\"@type\":\"ReadAction\",\"target\":[\"https:\\\/\\\/vmsport.fi\\\/verkkokauppa\\\/varaosat\\\/sahkopyorien-osat\\\/sahkopyorien-osat-sahkopyorien-osat\\\/stronglight-crank-arm-magan-4-isis-170-mm-matt-black-bosch-gen-2-4\\\/\"]}]},{\"@type\":\"ImageObject\",\"inLanguage\":\"sv-SE\",\"@id\":\"https:\\\/\\\/vmsport.fi\\\/verkkokauppa\\\/varaosat\\\/sahkopyorien-osat\\\/sahkopyorien-osat-sahkopyorien-osat\\\/stronglight-crank-arm-magan-4-isis-170-mm-matt-black-bosch-gen-2-4\\\/#primaryimage\",\"url\":\"https:\\\/\\\/vmsport.fi\\\/wp-content\\\/uploads\\\/2025\\\/03\\\/110028-large-1.jpg\",\"contentUrl\":\"https:\\\/\\\/vmsport.fi\\\/wp-content\\\/uploads\\\/2025\\\/03\\\/110028-large-1.jpg\",\"width\":1000,\"height\":750,\"caption\":\"110028-large\"},{\"@type\":\"BreadcrumbList\",\"@id\":\"https:\\\/\\\/vmsport.fi\\\/verkkokauppa\\\/varaosat\\\/sahkopyorien-osat\\\/sahkopyorien-osat-sahkopyorien-osat\\\/stronglight-crank-arm-magan-4-isis-170-mm-matt-black-bosch-gen-2-4\\\/#breadcrumb\",\"itemListElement\":[{\"@type\":\"ListItem\",\"position\":1,\"name\":\"Etusivu\",\"item\":\"https:\\\/\\\/vmsport.fi\\\/\"},{\"@type\":\"ListItem\",\"position\":2,\"name\":\"Online Store\",\"item\":\"https:\\\/\\\/vmsport.fi\\\/en\\\/online-store\\\/\"},{\"@type\":\"ListItem\",\"position\":3,\"name\":\"STRONGLIGHT Crank arm MAGAN 4 ISIS 170 mm Matt black Bosch Gen 2 &amp; 4\"}]},{\"@type\":\"WebSite\",\"@id\":\"https:\\\/\\\/vmsport.fi\\\/#website\",\"url\":\"https:\\\/\\\/vmsport.fi\\\/\",\"name\":\"Vmsport\",\"description\":\"Kaikki py\u00f6r\u00e4ilyyn yhdest\u00e4 paikasta\",\"publisher\":{\"@id\":\"https:\\\/\\\/vmsport.fi\\\/#organization\"},\"potentialAction\":[{\"@type\":\"SearchAction\",\"target\":{\"@type\":\"EntryPoint\",\"urlTemplate\":\"https:\\\/\\\/vmsport.fi\\\/?s={search_term_string}\"},\"query-input\":{\"@type\":\"PropertyValueSpecification\",\"valueRequired\":true,\"valueName\":\"search_term_string\"}}],\"inLanguage\":\"sv-SE\"},{\"@type\":\"Organization\",\"@id\":\"https:\\\/\\\/vmsport.fi\\\/#organization\",\"name\":\"Vmsport\",\"url\":\"https:\\\/\\\/vmsport.fi\\\/\",\"logo\":{\"@type\":\"ImageObject\",\"inLanguage\":\"sv-SE\",\"@id\":\"https:\\\/\\\/vmsport.fi\\\/#\\\/schema\\\/logo\\\/image\\\/\",\"url\":\"https:\\\/\\\/vmsport.fi\\\/wp-content\\\/uploads\\\/2024\\\/12\\\/vm_sport_RGB_horisontal-e1734526017575.png\",\"contentUrl\":\"https:\\\/\\\/vmsport.fi\\\/wp-content\\\/uploads\\\/2024\\\/12\\\/vm_sport_RGB_horisontal-e1734526017575.png\",\"width\":668,\"height\":85,\"caption\":\"Vmsport\"},\"image\":{\"@id\":\"https:\\\/\\\/vmsport.fi\\\/#\\\/schema\\\/logo\\\/image\\\/\"},\"sameAs\":[\"https:\\\/\\\/www.facebook.com\\\/Vmsport.fi\\\/\",\"https:\\\/\\\/www.instagram.com\\\/vmsport\\\/\"]}]}<\/script>\n<!-- \/ Yoast SEO plugin. -->","yoast_head_json":{"title":"STRONGLIGHT Vevarm MAGAN 4 ISIS 170 mm matt svart Bosch Gen 2 &amp; 4 - VM Sport","robots":{"index":"index","follow":"follow","max-snippet":"max-snippet:-1","max-image-preview":"max-image-preview:large","max-video-preview":"max-video-preview:-1"},"canonical":"https:\/\/vmsport.fi\/sv\/webbutik\/reservdelar\/delar-av-sagbockar\/delar-av-sagbock-delar-av-sagbock\/stronglight-crank-arm-magan-4-isis-170-mm-matt-black-bosch-gen-2-4\/","og_locale":"sv_SE","og_type":"article","og_title":"STRONGLIGHT Crank arm MAGAN 4 ISIS 170 mm Matt black Bosch Gen 2 &amp; 4 - VM Sport","og_description":"STRONGLIGHT Magan 4 ISIS -kampivarsi on suunniteltu tarjoamaan erinomaisen yhteensopivuuden monien s\u00e4hk\u00f6py\u00f6r\u00e4j\u00e4rjestelmien kanssa, mukaan lukien Bosch Gen 2 ja Gen 4 moottorit. T\u00e4m\u00e4 kampivarsi on valmistettu korkealaatuisesta alumiinista, mik\u00e4 takaa kest\u00e4vyyden ja keveyden, sill\u00e4 se painaa noin 450 grammaa. Anodisoitu mattamusta pinta antaa nykyaikaisen ja tyylikk\u00e4\u00e4n ulkon\u00e4\u00f6n. 170 mm pituinen kampivarsi sopii sek\u00e4 ISIS- ett\u00e4 [...]L\u00e4s mer \u2026 from STRONGLIGHT Crank arm MAGAN 4 ISIS 170 mm Matt black Bosch Gen 2 &amp; 4","og_url":"https:\/\/vmsport.fi\/sv\/webbutik\/reservdelar\/delar-av-sagbockar\/delar-av-sagbock-delar-av-sagbock\/stronglight-crank-arm-magan-4-isis-170-mm-matt-black-bosch-gen-2-4\/","og_site_name":"VM Sport","article_publisher":"https:\/\/www.facebook.com\/Vmsport.fi\/","article_modified_time":"2026-04-22T12:02:10+00:00","og_image":[{"width":1000,"height":750,"url":"https:\/\/vmsport.fi\/wp-content\/uploads\/2025\/03\/110028-large-1.jpg","type":"image\/jpeg"}],"twitter_card":"summary_large_image","twitter_misc":{"Ber\u00e4knad l\u00e4stid":"1 minut"},"schema":{"@context":"https:\/\/schema.org","@graph":[{"@type":["WebPage","ItemPage"],"@id":"https:\/\/vmsport.fi\/verkkokauppa\/varaosat\/sahkopyorien-osat\/sahkopyorien-osat-sahkopyorien-osat\/stronglight-crank-arm-magan-4-isis-170-mm-matt-black-bosch-gen-2-4\/","url":"https:\/\/vmsport.fi\/verkkokauppa\/varaosat\/sahkopyorien-osat\/sahkopyorien-osat-sahkopyorien-osat\/stronglight-crank-arm-magan-4-isis-170-mm-matt-black-bosch-gen-2-4\/","name":"STRONGLIGHT Vevarm MAGAN 4 ISIS 170 mm matt svart Bosch Gen 2 &amp; 4 - VM Sport","isPartOf":{"@id":"https:\/\/vmsport.fi\/#website"},"primaryImageOfPage":{"@id":"https:\/\/vmsport.fi\/verkkokauppa\/varaosat\/sahkopyorien-osat\/sahkopyorien-osat-sahkopyorien-osat\/stronglight-crank-arm-magan-4-isis-170-mm-matt-black-bosch-gen-2-4\/#primaryimage"},"image":{"@id":"https:\/\/vmsport.fi\/verkkokauppa\/varaosat\/sahkopyorien-osat\/sahkopyorien-osat-sahkopyorien-osat\/stronglight-crank-arm-magan-4-isis-170-mm-matt-black-bosch-gen-2-4\/#primaryimage"},"thumbnailUrl":"https:\/\/vmsport.fi\/wp-content\/uploads\/2025\/03\/110028-large-1.jpg","datePublished":"2025-03-05T21:41:25+00:00","dateModified":"2026-04-22T12:02:10+00:00","breadcrumb":{"@id":"https:\/\/vmsport.fi\/verkkokauppa\/varaosat\/sahkopyorien-osat\/sahkopyorien-osat-sahkopyorien-osat\/stronglight-crank-arm-magan-4-isis-170-mm-matt-black-bosch-gen-2-4\/#breadcrumb"},"inLanguage":"sv-SE","potentialAction":[{"@type":"ReadAction","target":["https:\/\/vmsport.fi\/verkkokauppa\/varaosat\/sahkopyorien-osat\/sahkopyorien-osat-sahkopyorien-osat\/stronglight-crank-arm-magan-4-isis-170-mm-matt-black-bosch-gen-2-4\/"]}]},{"@type":"ImageObject","inLanguage":"sv-SE","@id":"https:\/\/vmsport.fi\/verkkokauppa\/varaosat\/sahkopyorien-osat\/sahkopyorien-osat-sahkopyorien-osat\/stronglight-crank-arm-magan-4-isis-170-mm-matt-black-bosch-gen-2-4\/#primaryimage","url":"https:\/\/vmsport.fi\/wp-content\/uploads\/2025\/03\/110028-large-1.jpg","contentUrl":"https:\/\/vmsport.fi\/wp-content\/uploads\/2025\/03\/110028-large-1.jpg","width":1000,"height":750,"caption":"110028-large"},{"@type":"BreadcrumbList","@id":"https:\/\/vmsport.fi\/verkkokauppa\/varaosat\/sahkopyorien-osat\/sahkopyorien-osat-sahkopyorien-osat\/stronglight-crank-arm-magan-4-isis-170-mm-matt-black-bosch-gen-2-4\/#breadcrumb","itemListElement":[{"@type":"ListItem","position":1,"name":"Etusivu","item":"https:\/\/vmsport.fi\/"},{"@type":"ListItem","position":2,"name":"Online Store","item":"https:\/\/vmsport.fi\/en\/online-store\/"},{"@type":"ListItem","position":3,"name":"STRONGLIGHT Crank arm MAGAN 4 ISIS 170 mm Matt black Bosch Gen 2 &amp; 4"}]},{"@type":"WebSite","@id":"https:\/\/vmsport.fi\/#website","url":"https:\/\/vmsport.fi\/","name":"Vmsport","description":"Allt p\u00e5 ett st\u00e4lle f\u00f6r cykling","publisher":{"@id":"https:\/\/vmsport.fi\/#organization"},"potentialAction":[{"@type":"SearchAction","target":{"@type":"EntryPoint","urlTemplate":"https:\/\/vmsport.fi\/?s={search_term_string}"},"query-input":{"@type":"PropertyValueSpecification","valueRequired":true,"valueName":"search_term_string"}}],"inLanguage":"sv-SE"},{"@type":"Organization","@id":"https:\/\/vmsport.fi\/#organization","name":"Vmsport","url":"https:\/\/vmsport.fi\/","logo":{"@type":"ImageObject","inLanguage":"sv-SE","@id":"https:\/\/vmsport.fi\/#\/schema\/logo\/image\/","url":"https:\/\/vmsport.fi\/wp-content\/uploads\/2024\/12\/vm_sport_RGB_horisontal-e1734526017575.png","contentUrl":"https:\/\/vmsport.fi\/wp-content\/uploads\/2024\/12\/vm_sport_RGB_horisontal-e1734526017575.png","width":668,"height":85,"caption":"Vmsport"},"image":{"@id":"https:\/\/vmsport.fi\/#\/schema\/logo\/image\/"},"sameAs":["https:\/\/www.facebook.com\/Vmsport.fi\/","https:\/\/www.instagram.com\/vmsport\/"]}]}},"global_unique_id":"","_links":{"self":[{"href":"https:\/\/vmsport.fi\/sv\/wp-json\/wp\/v2\/product\/53450","targetHints":{"allow":["GET"]}}],"collection":[{"href":"https:\/\/vmsport.fi\/sv\/wp-json\/wp\/v2\/product"}],"about":[{"href":"https:\/\/vmsport.fi\/sv\/wp-json\/wp\/v2\/types\/product"}],"replies":[{"embeddable":true,"href":"https:\/\/vmsport.fi\/sv\/wp-json\/wp\/v2\/comments?post=53450"}],"wp:featuredmedia":[{"embeddable":true,"href":"https:\/\/vmsport.fi\/sv\/wp-json\/wp\/v2\/media\/53449"}],"wp:attachment":[{"href":"https:\/\/vmsport.fi\/sv\/wp-json\/wp\/v2\/media?parent=53450"}],"wp:term":[{"taxonomy":"product_brand","embeddable":true,"href":"https:\/\/vmsport.fi\/sv\/wp-json\/wp\/v2\/product_brand?post=53450"},{"taxonomy":"product_model","embeddable":true,"href":"https:\/\/vmsport.fi\/sv\/wp-json\/wp\/v2\/product_model?post=53450"},{"taxonomy":"product_cat","embeddable":true,"href":"https:\/\/vmsport.fi\/sv\/wp-json\/wp\/v2\/product_cat?post=53450"},{"taxonomy":"product_tag","embeddable":true,"href":"https:\/\/vmsport.fi\/sv\/wp-json\/wp\/v2\/product_tag?post=53450"},{"taxonomy":"industry_terminology","embeddable":true,"href":"https:\/\/vmsport.fi\/sv\/wp-json\/wp\/v2\/industry-terminology?post=53450"}],"curies":[{"name":"wp","href":"https:\/\/api.w.org\/{rel}","templated":true}]}}