{"id":53442,"date":"2025-03-05T23:41:18","date_gmt":"2025-03-05T21:41:18","guid":{"rendered":"https:\/\/vmsport.fi\/verkkokauppa\/Ei-luokiteltu\/jalkapumppu-touring-160psi-mittari-teras\/"},"modified":"2026-01-16T13:26:10","modified_gmt":"2026-01-16T11:26:10","slug":"fotpump-for-160psi-matning-stal","status":"publish","type":"product","link":"https:\/\/vmsport.fi\/sv\/verkkokauppa\/tarvikkeet\/pumput\/jalkapumput\/jalkapumppu-touring-160psi-mittari-teras\/","title":{"rendered":"Fotpump Touring 160PSI m\u00e4tare, st\u00e5l"},"content":{"rendered":"<p>Fotpumpen, med ett maximalt tryck p\u00e5 160 PSI, \u00e4r idealisk f\u00f6r daglig pumpning av cykeld\u00e4ck. Pumpen har en tydlig m\u00e4tare f\u00f6r exakt tryck\u00f6vervakning och dess st\u00e5lh\u00f6lje \u00e4r slitstarkt och har l\u00e5ng livsl\u00e4ngd. Den st\u00f6der alla de vanligaste ventiltyperna, vilket g\u00f6r den m\u00e5ngsidig och l\u00e4mplig f\u00f6r de flesta cyklar. Det h\u00e4r praktiska verktyget uppfyller alla cyklisters behov p\u00e5 ett tillf\u00f6rlitligt s\u00e4tt.<\/p>","protected":false},"excerpt":{"rendered":"<p>Jalkapumppu, jonka enimm\u00e4ispaine on 160 PSI, soveltuu erinomaisesti p\u00e4ivitt\u00e4iseen polkupy\u00f6r\u00e4n renkaiden t\u00e4ytt\u00f6\u00f6n. Pumpussa on selke\u00e4 mittari, joka mahdollistaa paineen tarkan seurannan, ja sen ter\u00e4srunko on kest\u00e4v\u00e4 ja pitk\u00e4ik\u00e4inen. Se tukee kaikkia yleisimmin k\u00e4ytettyj\u00e4 venttiilityyppej\u00e4, joten se on monipuolinen ja sopii useimmille py\u00f6rille. T\u00e4m\u00e4 k\u00e4yt\u00e4nn\u00f6llinen ty\u00f6kalu t\u00e4ytt\u00e4\u00e4 jokaisen py\u00f6r\u00e4ilij\u00e4n tarpeet luotettavasti. [&#8230;]<\/p>\n<p><a class=\"btn btn-secondary understrap-read-more-link\" href=\"https:\/\/vmsport.fi\/sv\/verkkokauppa\/tarvikkeet\/pumput\/jalkapumput\/jalkapumppu-touring-160psi-mittari-teras\/\">L\u00e4s mer \u2026<span class=\"screen-reader-text\"> from Jalkapumppu Touring 160PSI mittari, ter\u00e4s<\/span><\/a><\/p>\n","protected":false},"featured_media":53441,"comment_status":"open","ping_status":"closed","template":"","meta":{"_acf_changed":false,"_improvement_type_select":"improve_an_existing","_thumb_yes_seoaic":false,"_frame_yes_seoaic":false,"seoaic_generate_description":"","seoaic_improve_instructions_prompt":"","seoaic_rollback_content_improvement":"","seoaic_idea_thumbnail_generator":"","thumbnail_generated":false,"thumbnail_generate_prompt":"","seoaic_article_description":"","_supplier_stock_quantity":0},"product_brand":[],"product_model":[],"product_cat":[9580],"product_tag":[],"industry-terminology":[],"class_list":{"0":"post-53442","1":"product","2":"type-product","3":"status-publish","4":"has-post-thumbnail","6":"product_cat-jalkapumput","8":"first","9":"instock","10":"taxable","11":"shipping-taxable","12":"purchasable","13":"product-type-simple"},"acf":{"bike_features":null,"overview":{"copy_overview":null,"key_features":null,"statement":"","youtube_url":""}},"yoast_head":"<!-- This site is optimized with the Yoast SEO plugin v27.3 - https:\/\/yoast.com\/product\/yoast-seo-wordpress\/ -->\n<title>Jalkapumppu Touring 160PSI mittari, ter\u00e4s - VM Sport<\/title>\n<meta name=\"robots\" content=\"index, follow, max-snippet:-1, max-image-preview:large, max-video-preview:-1\" \/>\n<link rel=\"canonical\" href=\"https:\/\/vmsport.fi\/sv\/webbutik\/tillbehor\/pumpar\/fotpumpar\/fotpump-for-160psi-matning-stal\/\" \/>\n<meta property=\"og:locale\" content=\"sv_SE\" \/>\n<meta property=\"og:type\" content=\"article\" \/>\n<meta property=\"og:title\" content=\"Jalkapumppu Touring 160PSI mittari, ter\u00e4s - VM Sport\" \/>\n<meta property=\"og:description\" content=\"Jalkapumppu, jonka enimm\u00e4ispaine on 160 PSI, soveltuu erinomaisesti p\u00e4ivitt\u00e4iseen polkupy\u00f6r\u00e4n renkaiden t\u00e4ytt\u00f6\u00f6n. Pumpussa on selke\u00e4 mittari, joka mahdollistaa paineen tarkan seurannan, ja sen ter\u00e4srunko on kest\u00e4v\u00e4 ja pitk\u00e4ik\u00e4inen. Se tukee kaikkia yleisimmin k\u00e4ytettyj\u00e4 venttiilityyppej\u00e4, joten se on monipuolinen ja sopii useimmille py\u00f6rille. T\u00e4m\u00e4 k\u00e4yt\u00e4nn\u00f6llinen ty\u00f6kalu t\u00e4ytt\u00e4\u00e4 jokaisen py\u00f6r\u00e4ilij\u00e4n tarpeet luotettavasti. [...]L\u00e4s mer \u2026 from Jalkapumppu Touring 160PSI mittari, ter\u00e4s\" \/>\n<meta property=\"og:url\" content=\"https:\/\/vmsport.fi\/sv\/webbutik\/tillbehor\/pumpar\/fotpumpar\/fotpump-for-160psi-matning-stal\/\" \/>\n<meta property=\"og:site_name\" content=\"VM Sport\" \/>\n<meta property=\"article:publisher\" content=\"https:\/\/www.facebook.com\/Vmsport.fi\/\" \/>\n<meta property=\"article:modified_time\" content=\"2026-01-16T11:26:10+00:00\" \/>\n<meta property=\"og:image\" content=\"https:\/\/vmsport.fi\/wp-content\/uploads\/2025\/03\/SzMGGS72WQ0p643beI5vyuZ1VGGgjIQA6CM5h7bpAhEsbLG2vc-1.jpg\" \/>\n\t<meta property=\"og:image:width\" content=\"600\" \/>\n\t<meta property=\"og:image:height\" content=\"600\" \/>\n\t<meta property=\"og:image:type\" content=\"image\/jpeg\" \/>\n<meta name=\"twitter:card\" content=\"summary_large_image\" \/>\n<script type=\"application\/ld+json\" class=\"yoast-schema-graph\">{\"@context\":\"https:\\\/\\\/schema.org\",\"@graph\":[{\"@type\":[\"WebPage\",\"ItemPage\"],\"@id\":\"https:\\\/\\\/vmsport.fi\\\/verkkokauppa\\\/tarvikkeet\\\/pumput\\\/jalkapumput\\\/jalkapumppu-touring-160psi-mittari-teras\\\/\",\"url\":\"https:\\\/\\\/vmsport.fi\\\/verkkokauppa\\\/tarvikkeet\\\/pumput\\\/jalkapumput\\\/jalkapumppu-touring-160psi-mittari-teras\\\/\",\"name\":\"Jalkapumppu Touring 160PSI mittari, ter\u00e4s - VM Sport\",\"isPartOf\":{\"@id\":\"https:\\\/\\\/vmsport.fi\\\/#website\"},\"primaryImageOfPage\":{\"@id\":\"https:\\\/\\\/vmsport.fi\\\/verkkokauppa\\\/tarvikkeet\\\/pumput\\\/jalkapumput\\\/jalkapumppu-touring-160psi-mittari-teras\\\/#primaryimage\"},\"image\":{\"@id\":\"https:\\\/\\\/vmsport.fi\\\/verkkokauppa\\\/tarvikkeet\\\/pumput\\\/jalkapumput\\\/jalkapumppu-touring-160psi-mittari-teras\\\/#primaryimage\"},\"thumbnailUrl\":\"https:\\\/\\\/vmsport.fi\\\/wp-content\\\/uploads\\\/2025\\\/03\\\/SzMGGS72WQ0p643beI5vyuZ1VGGgjIQA6CM5h7bpAhEsbLG2vc-1.jpg\",\"datePublished\":\"2025-03-05T21:41:18+00:00\",\"dateModified\":\"2026-01-16T11:26:10+00:00\",\"breadcrumb\":{\"@id\":\"https:\\\/\\\/vmsport.fi\\\/verkkokauppa\\\/tarvikkeet\\\/pumput\\\/jalkapumput\\\/jalkapumppu-touring-160psi-mittari-teras\\\/#breadcrumb\"},\"inLanguage\":\"sv-SE\",\"potentialAction\":[{\"@type\":\"ReadAction\",\"target\":[\"https:\\\/\\\/vmsport.fi\\\/verkkokauppa\\\/tarvikkeet\\\/pumput\\\/jalkapumput\\\/jalkapumppu-touring-160psi-mittari-teras\\\/\"]}]},{\"@type\":\"ImageObject\",\"inLanguage\":\"sv-SE\",\"@id\":\"https:\\\/\\\/vmsport.fi\\\/verkkokauppa\\\/tarvikkeet\\\/pumput\\\/jalkapumput\\\/jalkapumppu-touring-160psi-mittari-teras\\\/#primaryimage\",\"url\":\"https:\\\/\\\/vmsport.fi\\\/wp-content\\\/uploads\\\/2025\\\/03\\\/SzMGGS72WQ0p643beI5vyuZ1VGGgjIQA6CM5h7bpAhEsbLG2vc-1.jpg\",\"contentUrl\":\"https:\\\/\\\/vmsport.fi\\\/wp-content\\\/uploads\\\/2025\\\/03\\\/SzMGGS72WQ0p643beI5vyuZ1VGGgjIQA6CM5h7bpAhEsbLG2vc-1.jpg\",\"width\":600,\"height\":600,\"caption\":\"SzMGGS72WQ0p643beI5vyuZ1VGGgjIQA6CM5h7bpAhEsbLG2vc\"},{\"@type\":\"BreadcrumbList\",\"@id\":\"https:\\\/\\\/vmsport.fi\\\/verkkokauppa\\\/tarvikkeet\\\/pumput\\\/jalkapumput\\\/jalkapumppu-touring-160psi-mittari-teras\\\/#breadcrumb\",\"itemListElement\":[{\"@type\":\"ListItem\",\"position\":1,\"name\":\"Etusivu\",\"item\":\"https:\\\/\\\/vmsport.fi\\\/\"},{\"@type\":\"ListItem\",\"position\":2,\"name\":\"Online Store\",\"item\":\"https:\\\/\\\/vmsport.fi\\\/en\\\/online-store\\\/\"},{\"@type\":\"ListItem\",\"position\":3,\"name\":\"Jalkapumppu Touring 160PSI mittari, ter\u00e4s\"}]},{\"@type\":\"WebSite\",\"@id\":\"https:\\\/\\\/vmsport.fi\\\/#website\",\"url\":\"https:\\\/\\\/vmsport.fi\\\/\",\"name\":\"Vmsport\",\"description\":\"Kaikki py\u00f6r\u00e4ilyyn yhdest\u00e4 paikasta\",\"publisher\":{\"@id\":\"https:\\\/\\\/vmsport.fi\\\/#organization\"},\"potentialAction\":[{\"@type\":\"SearchAction\",\"target\":{\"@type\":\"EntryPoint\",\"urlTemplate\":\"https:\\\/\\\/vmsport.fi\\\/?s={search_term_string}\"},\"query-input\":{\"@type\":\"PropertyValueSpecification\",\"valueRequired\":true,\"valueName\":\"search_term_string\"}}],\"inLanguage\":\"sv-SE\"},{\"@type\":\"Organization\",\"@id\":\"https:\\\/\\\/vmsport.fi\\\/#organization\",\"name\":\"Vmsport\",\"url\":\"https:\\\/\\\/vmsport.fi\\\/\",\"logo\":{\"@type\":\"ImageObject\",\"inLanguage\":\"sv-SE\",\"@id\":\"https:\\\/\\\/vmsport.fi\\\/#\\\/schema\\\/logo\\\/image\\\/\",\"url\":\"https:\\\/\\\/vmsport.fi\\\/wp-content\\\/uploads\\\/2024\\\/12\\\/vm_sport_RGB_horisontal-e1734526017575.png\",\"contentUrl\":\"https:\\\/\\\/vmsport.fi\\\/wp-content\\\/uploads\\\/2024\\\/12\\\/vm_sport_RGB_horisontal-e1734526017575.png\",\"width\":668,\"height\":85,\"caption\":\"Vmsport\"},\"image\":{\"@id\":\"https:\\\/\\\/vmsport.fi\\\/#\\\/schema\\\/logo\\\/image\\\/\"},\"sameAs\":[\"https:\\\/\\\/www.facebook.com\\\/Vmsport.fi\\\/\",\"https:\\\/\\\/www.instagram.com\\\/vmsport\\\/\"]}]}<\/script>\n<!-- \/ Yoast SEO plugin. -->","yoast_head_json":{"title":"Fotpump Touring 160PSI m\u00e4tare, st\u00e5l - VM Sport","robots":{"index":"index","follow":"follow","max-snippet":"max-snippet:-1","max-image-preview":"max-image-preview:large","max-video-preview":"max-video-preview:-1"},"canonical":"https:\/\/vmsport.fi\/sv\/webbutik\/tillbehor\/pumpar\/fotpumpar\/fotpump-for-160psi-matning-stal\/","og_locale":"sv_SE","og_type":"article","og_title":"Jalkapumppu Touring 160PSI mittari, ter\u00e4s - VM Sport","og_description":"Jalkapumppu, jonka enimm\u00e4ispaine on 160 PSI, soveltuu erinomaisesti p\u00e4ivitt\u00e4iseen polkupy\u00f6r\u00e4n renkaiden t\u00e4ytt\u00f6\u00f6n. Pumpussa on selke\u00e4 mittari, joka mahdollistaa paineen tarkan seurannan, ja sen ter\u00e4srunko on kest\u00e4v\u00e4 ja pitk\u00e4ik\u00e4inen. Se tukee kaikkia yleisimmin k\u00e4ytettyj\u00e4 venttiilityyppej\u00e4, joten se on monipuolinen ja sopii useimmille py\u00f6rille. T\u00e4m\u00e4 k\u00e4yt\u00e4nn\u00f6llinen ty\u00f6kalu t\u00e4ytt\u00e4\u00e4 jokaisen py\u00f6r\u00e4ilij\u00e4n tarpeet luotettavasti. [...]L\u00e4s mer \u2026 from Jalkapumppu Touring 160PSI mittari, ter\u00e4s","og_url":"https:\/\/vmsport.fi\/sv\/webbutik\/tillbehor\/pumpar\/fotpumpar\/fotpump-for-160psi-matning-stal\/","og_site_name":"VM Sport","article_publisher":"https:\/\/www.facebook.com\/Vmsport.fi\/","article_modified_time":"2026-01-16T11:26:10+00:00","og_image":[{"width":600,"height":600,"url":"https:\/\/vmsport.fi\/wp-content\/uploads\/2025\/03\/SzMGGS72WQ0p643beI5vyuZ1VGGgjIQA6CM5h7bpAhEsbLG2vc-1.jpg","type":"image\/jpeg"}],"twitter_card":"summary_large_image","schema":{"@context":"https:\/\/schema.org","@graph":[{"@type":["WebPage","ItemPage"],"@id":"https:\/\/vmsport.fi\/verkkokauppa\/tarvikkeet\/pumput\/jalkapumput\/jalkapumppu-touring-160psi-mittari-teras\/","url":"https:\/\/vmsport.fi\/verkkokauppa\/tarvikkeet\/pumput\/jalkapumput\/jalkapumppu-touring-160psi-mittari-teras\/","name":"Fotpump Touring 160PSI m\u00e4tare, st\u00e5l - VM Sport","isPartOf":{"@id":"https:\/\/vmsport.fi\/#website"},"primaryImageOfPage":{"@id":"https:\/\/vmsport.fi\/verkkokauppa\/tarvikkeet\/pumput\/jalkapumput\/jalkapumppu-touring-160psi-mittari-teras\/#primaryimage"},"image":{"@id":"https:\/\/vmsport.fi\/verkkokauppa\/tarvikkeet\/pumput\/jalkapumput\/jalkapumppu-touring-160psi-mittari-teras\/#primaryimage"},"thumbnailUrl":"https:\/\/vmsport.fi\/wp-content\/uploads\/2025\/03\/SzMGGS72WQ0p643beI5vyuZ1VGGgjIQA6CM5h7bpAhEsbLG2vc-1.jpg","datePublished":"2025-03-05T21:41:18+00:00","dateModified":"2026-01-16T11:26:10+00:00","breadcrumb":{"@id":"https:\/\/vmsport.fi\/verkkokauppa\/tarvikkeet\/pumput\/jalkapumput\/jalkapumppu-touring-160psi-mittari-teras\/#breadcrumb"},"inLanguage":"sv-SE","potentialAction":[{"@type":"ReadAction","target":["https:\/\/vmsport.fi\/verkkokauppa\/tarvikkeet\/pumput\/jalkapumput\/jalkapumppu-touring-160psi-mittari-teras\/"]}]},{"@type":"ImageObject","inLanguage":"sv-SE","@id":"https:\/\/vmsport.fi\/verkkokauppa\/tarvikkeet\/pumput\/jalkapumput\/jalkapumppu-touring-160psi-mittari-teras\/#primaryimage","url":"https:\/\/vmsport.fi\/wp-content\/uploads\/2025\/03\/SzMGGS72WQ0p643beI5vyuZ1VGGgjIQA6CM5h7bpAhEsbLG2vc-1.jpg","contentUrl":"https:\/\/vmsport.fi\/wp-content\/uploads\/2025\/03\/SzMGGS72WQ0p643beI5vyuZ1VGGgjIQA6CM5h7bpAhEsbLG2vc-1.jpg","width":600,"height":600,"caption":"SzMGGS72WQ0p643beI5vyuZ1VGGgjIQA6CM5h7bpAhEsbLG2vc"},{"@type":"BreadcrumbList","@id":"https:\/\/vmsport.fi\/verkkokauppa\/tarvikkeet\/pumput\/jalkapumput\/jalkapumppu-touring-160psi-mittari-teras\/#breadcrumb","itemListElement":[{"@type":"ListItem","position":1,"name":"Etusivu","item":"https:\/\/vmsport.fi\/"},{"@type":"ListItem","position":2,"name":"Online Store","item":"https:\/\/vmsport.fi\/en\/online-store\/"},{"@type":"ListItem","position":3,"name":"Jalkapumppu Touring 160PSI mittari, ter\u00e4s"}]},{"@type":"WebSite","@id":"https:\/\/vmsport.fi\/#website","url":"https:\/\/vmsport.fi\/","name":"Vmsport","description":"Allt p\u00e5 ett st\u00e4lle f\u00f6r cykling","publisher":{"@id":"https:\/\/vmsport.fi\/#organization"},"potentialAction":[{"@type":"SearchAction","target":{"@type":"EntryPoint","urlTemplate":"https:\/\/vmsport.fi\/?s={search_term_string}"},"query-input":{"@type":"PropertyValueSpecification","valueRequired":true,"valueName":"search_term_string"}}],"inLanguage":"sv-SE"},{"@type":"Organization","@id":"https:\/\/vmsport.fi\/#organization","name":"Vmsport","url":"https:\/\/vmsport.fi\/","logo":{"@type":"ImageObject","inLanguage":"sv-SE","@id":"https:\/\/vmsport.fi\/#\/schema\/logo\/image\/","url":"https:\/\/vmsport.fi\/wp-content\/uploads\/2024\/12\/vm_sport_RGB_horisontal-e1734526017575.png","contentUrl":"https:\/\/vmsport.fi\/wp-content\/uploads\/2024\/12\/vm_sport_RGB_horisontal-e1734526017575.png","width":668,"height":85,"caption":"Vmsport"},"image":{"@id":"https:\/\/vmsport.fi\/#\/schema\/logo\/image\/"},"sameAs":["https:\/\/www.facebook.com\/Vmsport.fi\/","https:\/\/www.instagram.com\/vmsport\/"]}]}},"global_unique_id":"","_links":{"self":[{"href":"https:\/\/vmsport.fi\/sv\/wp-json\/wp\/v2\/product\/53442","targetHints":{"allow":["GET"]}}],"collection":[{"href":"https:\/\/vmsport.fi\/sv\/wp-json\/wp\/v2\/product"}],"about":[{"href":"https:\/\/vmsport.fi\/sv\/wp-json\/wp\/v2\/types\/product"}],"replies":[{"embeddable":true,"href":"https:\/\/vmsport.fi\/sv\/wp-json\/wp\/v2\/comments?post=53442"}],"wp:featuredmedia":[{"embeddable":true,"href":"https:\/\/vmsport.fi\/sv\/wp-json\/wp\/v2\/media\/53441"}],"wp:attachment":[{"href":"https:\/\/vmsport.fi\/sv\/wp-json\/wp\/v2\/media?parent=53442"}],"wp:term":[{"taxonomy":"product_brand","embeddable":true,"href":"https:\/\/vmsport.fi\/sv\/wp-json\/wp\/v2\/product_brand?post=53442"},{"taxonomy":"product_model","embeddable":true,"href":"https:\/\/vmsport.fi\/sv\/wp-json\/wp\/v2\/product_model?post=53442"},{"taxonomy":"product_cat","embeddable":true,"href":"https:\/\/vmsport.fi\/sv\/wp-json\/wp\/v2\/product_cat?post=53442"},{"taxonomy":"product_tag","embeddable":true,"href":"https:\/\/vmsport.fi\/sv\/wp-json\/wp\/v2\/product_tag?post=53442"},{"taxonomy":"industry_terminology","embeddable":true,"href":"https:\/\/vmsport.fi\/sv\/wp-json\/wp\/v2\/industry-terminology?post=53442"}],"curies":[{"name":"wp","href":"https:\/\/api.w.org\/{rel}","templated":true}]}}