{"id":53440,"date":"2025-03-05T23:41:17","date_gmt":"2025-03-05T21:41:17","guid":{"rendered":"https:\/\/vmsport.fi\/verkkokauppa\/Ei-luokiteltu\/rossignol-e-track-fat-630wh-akku-85nm\/"},"modified":"2026-03-11T02:00:18","modified_gmt":"2026-03-11T00:00:18","slug":"rossignol-e-track-fat-630wh-batteri-85nm","status":"publish","type":"product","link":"https:\/\/vmsport.fi\/sv\/verkkokauppa\/polkupyorat\/sahkopyorat\/sahkomaastopyorat\/fatbike-sahkopyorat\/rossignol-e-track-fat-630wh-akku-85nm\/","title":{"rendered":"Rossignol E-Track Fat 630wh Batteri 85nm"},"content":{"rendered":"<p>Rossignol elcykel kombinerar kraftfull prestanda med en bekv\u00e4m k\u00f6rupplevelse. De breda d\u00e4cken g\u00f6r att du kan cykla i varierande terr\u00e4ng och batteriet p\u00e5 630 watttimmar ger en l\u00e5ng k\u00f6rning. Med ett vridmoment p\u00e5 85 newtonmeter accelererar cykeln effektivt. Den h\u00e4r elcykeln \u00e4r det perfekta valet f\u00f6r dig som uppskattar m\u00e5ngsidighet och h\u00f6gteknologi i din vardagliga mobilitet.<\/p>","protected":false},"excerpt":{"rendered":"<p>Rossignolin s\u00e4hk\u00f6py\u00f6r\u00e4 yhdist\u00e4\u00e4 voimakkaan suorituskyvyn ja miellytt\u00e4v\u00e4n ajokokemuksen. Leve\u00e4t renkaat mahdollistavat ajamisen monipuolisissa maastoissa, ja 630 wattitunnin akku tarjoaa pitk\u00e4n ajomatkan. V\u00e4\u00e4nt\u00f6momentti on 85 newtonmetri\u00e4, jolloin py\u00f6r\u00e4 kiihtyy tehokkaasti. T\u00e4m\u00e4 s\u00e4hk\u00f6py\u00f6r\u00e4 on ihanteellinen valinta niille, jotka arvostavat monik\u00e4ytt\u00f6isyytt\u00e4 ja huipputeknologiaa arjen kulkuv\u00e4lineess\u00e4. [&#8230;]<\/p>\n<p><a class=\"btn btn-secondary understrap-read-more-link\" href=\"https:\/\/vmsport.fi\/sv\/verkkokauppa\/polkupyorat\/sahkopyorat\/sahkomaastopyorat\/fatbike-sahkopyorat\/rossignol-e-track-fat-630wh-akku-85nm\/\">L\u00e4s mer \u2026<span class=\"screen-reader-text\"> from Rossignol E-Track Fat 630wh Akku 85nm<\/span><\/a><\/p>\n","protected":false},"featured_media":53435,"comment_status":"open","ping_status":"closed","template":"","meta":{"_acf_changed":false,"_improvement_type_select":"improve_an_existing","_thumb_yes_seoaic":false,"_frame_yes_seoaic":false,"seoaic_generate_description":"","seoaic_improve_instructions_prompt":"","seoaic_rollback_content_improvement":"","seoaic_idea_thumbnail_generator":"","thumbnail_generated":false,"thumbnail_generate_prompt":"","seoaic_article_description":"","_supplier_stock_quantity":0},"product_brand":[],"product_model":[],"product_cat":[9442],"product_tag":[],"industry-terminology":[],"class_list":{"0":"post-53440","1":"product","2":"type-product","3":"status-publish","4":"has-post-thumbnail","6":"product_cat-fatbike-sahkopyorat","7":"product_shipping_class-ilmainen-toimitus","9":"first","10":"outofstock","11":"sale","12":"taxable","13":"shipping-taxable","14":"product-type-variable"},"acf":{"bike_features":null,"overview":{"copy_overview":null,"key_features":null,"statement":"","youtube_url":""}},"yoast_head":"<!-- This site is optimized with the Yoast SEO plugin v27.3 - https:\/\/yoast.com\/product\/yoast-seo-wordpress\/ -->\n<title>Rossignol - E-track | e-fatbike tarjous | Shokkihinta, s\u00e4\u00e4st\u00e4 1491\u20ac<\/title>\n<meta name=\"description\" content=\"E-fatbike tarjous. Ennen\u00e4kem\u00e4t\u00f6n tarjous - Rossignol E-track nyt superedullisesti. Viimeisi\u00e4 vied\u00e4\u00e4n ja vain nopeat ehtiv\u00e4t. Osta nyt!\" \/>\n<meta name=\"robots\" content=\"index, follow, max-snippet:-1, max-image-preview:large, max-video-preview:-1\" \/>\n<link rel=\"canonical\" href=\"https:\/\/vmsport.fi\/sv\/webbutik\/cyklar\/sahkopyorat\/sagverksskorsten\/fatbike-sagbock\/rossignol-e-track-fat-630wh-batteri-85nm\/\" \/>\n<meta property=\"og:locale\" content=\"sv_SE\" \/>\n<meta property=\"og:type\" content=\"article\" \/>\n<meta property=\"og:title\" content=\"Rossignol - E-track | e-fatbike tarjous | Shokkihinta, s\u00e4\u00e4st\u00e4 1491\u20ac\" \/>\n<meta property=\"og:description\" content=\"E-fatbike tarjous. Ennen\u00e4kem\u00e4t\u00f6n tarjous - Rossignol E-track nyt superedullisesti. Viimeisi\u00e4 vied\u00e4\u00e4n ja vain nopeat ehtiv\u00e4t. Osta nyt!\" \/>\n<meta property=\"og:url\" content=\"https:\/\/vmsport.fi\/sv\/webbutik\/cyklar\/sahkopyorat\/sagverksskorsten\/fatbike-sagbock\/rossignol-e-track-fat-630wh-batteri-85nm\/\" \/>\n<meta property=\"og:site_name\" content=\"VM Sport\" \/>\n<meta property=\"article:publisher\" content=\"https:\/\/www.facebook.com\/Vmsport.fi\/\" \/>\n<meta property=\"article:modified_time\" content=\"2026-03-11T00:00:18+00:00\" \/>\n<meta property=\"og:image\" content=\"https:\/\/vmsport.fi\/wp-content\/uploads\/2025\/03\/Skaermavbild-2024-04-19-kl-11-40-33-1.png\" \/>\n\t<meta property=\"og:image:width\" content=\"742\" \/>\n\t<meta property=\"og:image:height\" content=\"622\" \/>\n\t<meta property=\"og:image:type\" content=\"image\/png\" \/>\n<meta name=\"twitter:card\" content=\"summary_large_image\" \/>\n<meta name=\"twitter:label1\" content=\"Ber\u00e4knad l\u00e4stid\" \/>\n\t<meta name=\"twitter:data1\" content=\"1 minut\" \/>\n<script type=\"application\/ld+json\" class=\"yoast-schema-graph\">{\"@context\":\"https:\\\/\\\/schema.org\",\"@graph\":[{\"@type\":[\"WebPage\",\"ItemPage\"],\"@id\":\"https:\\\/\\\/vmsport.fi\\\/verkkokauppa\\\/polkupyorat\\\/sahkopyorat\\\/sahkomaastopyorat\\\/fatbike-sahkopyorat\\\/rossignol-e-track-fat-630wh-akku-85nm\\\/\",\"url\":\"https:\\\/\\\/vmsport.fi\\\/verkkokauppa\\\/polkupyorat\\\/sahkopyorat\\\/sahkomaastopyorat\\\/fatbike-sahkopyorat\\\/rossignol-e-track-fat-630wh-akku-85nm\\\/\",\"name\":\"Rossignol - E-track | e-fatbike tarjous | Shokkihinta, s\u00e4\u00e4st\u00e4 1491\u20ac\",\"isPartOf\":{\"@id\":\"https:\\\/\\\/vmsport.fi\\\/#website\"},\"primaryImageOfPage\":{\"@id\":\"https:\\\/\\\/vmsport.fi\\\/verkkokauppa\\\/polkupyorat\\\/sahkopyorat\\\/sahkomaastopyorat\\\/fatbike-sahkopyorat\\\/rossignol-e-track-fat-630wh-akku-85nm\\\/#primaryimage\"},\"image\":{\"@id\":\"https:\\\/\\\/vmsport.fi\\\/verkkokauppa\\\/polkupyorat\\\/sahkopyorat\\\/sahkomaastopyorat\\\/fatbike-sahkopyorat\\\/rossignol-e-track-fat-630wh-akku-85nm\\\/#primaryimage\"},\"thumbnailUrl\":\"https:\\\/\\\/vmsport.fi\\\/wp-content\\\/uploads\\\/2025\\\/03\\\/Skaermavbild-2024-04-19-kl-11-40-33-1.png\",\"datePublished\":\"2025-03-05T21:41:17+00:00\",\"dateModified\":\"2026-03-11T00:00:18+00:00\",\"description\":\"E-fatbike tarjous. Ennen\u00e4kem\u00e4t\u00f6n tarjous - Rossignol E-track nyt superedullisesti. Viimeisi\u00e4 vied\u00e4\u00e4n ja vain nopeat ehtiv\u00e4t. Osta nyt!\",\"breadcrumb\":{\"@id\":\"https:\\\/\\\/vmsport.fi\\\/verkkokauppa\\\/polkupyorat\\\/sahkopyorat\\\/sahkomaastopyorat\\\/fatbike-sahkopyorat\\\/rossignol-e-track-fat-630wh-akku-85nm\\\/#breadcrumb\"},\"inLanguage\":\"sv-SE\",\"potentialAction\":[{\"@type\":\"ReadAction\",\"target\":[\"https:\\\/\\\/vmsport.fi\\\/verkkokauppa\\\/polkupyorat\\\/sahkopyorat\\\/sahkomaastopyorat\\\/fatbike-sahkopyorat\\\/rossignol-e-track-fat-630wh-akku-85nm\\\/\"]}]},{\"@type\":\"ImageObject\",\"inLanguage\":\"sv-SE\",\"@id\":\"https:\\\/\\\/vmsport.fi\\\/verkkokauppa\\\/polkupyorat\\\/sahkopyorat\\\/sahkomaastopyorat\\\/fatbike-sahkopyorat\\\/rossignol-e-track-fat-630wh-akku-85nm\\\/#primaryimage\",\"url\":\"https:\\\/\\\/vmsport.fi\\\/wp-content\\\/uploads\\\/2025\\\/03\\\/Skaermavbild-2024-04-19-kl-11-40-33-1.png\",\"contentUrl\":\"https:\\\/\\\/vmsport.fi\\\/wp-content\\\/uploads\\\/2025\\\/03\\\/Skaermavbild-2024-04-19-kl-11-40-33-1.png\",\"width\":742,\"height\":622,\"caption\":\"Skaermavbild-2024-04-19-kl-11-40-33\"},{\"@type\":\"BreadcrumbList\",\"@id\":\"https:\\\/\\\/vmsport.fi\\\/verkkokauppa\\\/polkupyorat\\\/sahkopyorat\\\/sahkomaastopyorat\\\/fatbike-sahkopyorat\\\/rossignol-e-track-fat-630wh-akku-85nm\\\/#breadcrumb\",\"itemListElement\":[{\"@type\":\"ListItem\",\"position\":1,\"name\":\"Etusivu\",\"item\":\"https:\\\/\\\/vmsport.fi\\\/\"},{\"@type\":\"ListItem\",\"position\":2,\"name\":\"Online Store\",\"item\":\"https:\\\/\\\/vmsport.fi\\\/en\\\/online-store\\\/\"},{\"@type\":\"ListItem\",\"position\":3,\"name\":\"Rossignol E-Track Fat 630wh Akku 85nm\"}]},{\"@type\":\"WebSite\",\"@id\":\"https:\\\/\\\/vmsport.fi\\\/#website\",\"url\":\"https:\\\/\\\/vmsport.fi\\\/\",\"name\":\"Vmsport\",\"description\":\"Kaikki py\u00f6r\u00e4ilyyn yhdest\u00e4 paikasta\",\"publisher\":{\"@id\":\"https:\\\/\\\/vmsport.fi\\\/#organization\"},\"potentialAction\":[{\"@type\":\"SearchAction\",\"target\":{\"@type\":\"EntryPoint\",\"urlTemplate\":\"https:\\\/\\\/vmsport.fi\\\/?s={search_term_string}\"},\"query-input\":{\"@type\":\"PropertyValueSpecification\",\"valueRequired\":true,\"valueName\":\"search_term_string\"}}],\"inLanguage\":\"sv-SE\"},{\"@type\":\"Organization\",\"@id\":\"https:\\\/\\\/vmsport.fi\\\/#organization\",\"name\":\"Vmsport\",\"url\":\"https:\\\/\\\/vmsport.fi\\\/\",\"logo\":{\"@type\":\"ImageObject\",\"inLanguage\":\"sv-SE\",\"@id\":\"https:\\\/\\\/vmsport.fi\\\/#\\\/schema\\\/logo\\\/image\\\/\",\"url\":\"https:\\\/\\\/vmsport.fi\\\/wp-content\\\/uploads\\\/2024\\\/12\\\/vm_sport_RGB_horisontal-e1734526017575.png\",\"contentUrl\":\"https:\\\/\\\/vmsport.fi\\\/wp-content\\\/uploads\\\/2024\\\/12\\\/vm_sport_RGB_horisontal-e1734526017575.png\",\"width\":668,\"height\":85,\"caption\":\"Vmsport\"},\"image\":{\"@id\":\"https:\\\/\\\/vmsport.fi\\\/#\\\/schema\\\/logo\\\/image\\\/\"},\"sameAs\":[\"https:\\\/\\\/www.facebook.com\\\/Vmsport.fi\\\/\",\"https:\\\/\\\/www.instagram.com\\\/vmsport\\\/\"]}]}<\/script>\n<!-- \/ Yoast SEO plugin. -->","yoast_head_json":{"title":"Rossignol - E-track | e-fatbike erbjudande | Chockpris, spara 1491\u20ac.","description":"E-fatbike erbjudande. Ett aldrig tidigare sk\u00e5dat erbjudande - Rossignol E-track nu till ett superl\u00e5gt pris. Sist att g\u00e5 och bara de snabba kommer in. K\u00f6p nu p\u00e5 en g\u00e5ng!","robots":{"index":"index","follow":"follow","max-snippet":"max-snippet:-1","max-image-preview":"max-image-preview:large","max-video-preview":"max-video-preview:-1"},"canonical":"https:\/\/vmsport.fi\/sv\/webbutik\/cyklar\/sahkopyorat\/sagverksskorsten\/fatbike-sagbock\/rossignol-e-track-fat-630wh-batteri-85nm\/","og_locale":"sv_SE","og_type":"article","og_title":"Rossignol - E-track | e-fatbike tarjous | Shokkihinta, s\u00e4\u00e4st\u00e4 1491\u20ac","og_description":"E-fatbike tarjous. Ennen\u00e4kem\u00e4t\u00f6n tarjous - Rossignol E-track nyt superedullisesti. Viimeisi\u00e4 vied\u00e4\u00e4n ja vain nopeat ehtiv\u00e4t. Osta nyt!","og_url":"https:\/\/vmsport.fi\/sv\/webbutik\/cyklar\/sahkopyorat\/sagverksskorsten\/fatbike-sagbock\/rossignol-e-track-fat-630wh-batteri-85nm\/","og_site_name":"VM Sport","article_publisher":"https:\/\/www.facebook.com\/Vmsport.fi\/","article_modified_time":"2026-03-11T00:00:18+00:00","og_image":[{"width":742,"height":622,"url":"https:\/\/vmsport.fi\/wp-content\/uploads\/2025\/03\/Skaermavbild-2024-04-19-kl-11-40-33-1.png","type":"image\/png"}],"twitter_card":"summary_large_image","twitter_misc":{"Ber\u00e4knad l\u00e4stid":"1 minut"},"schema":{"@context":"https:\/\/schema.org","@graph":[{"@type":["WebPage","ItemPage"],"@id":"https:\/\/vmsport.fi\/verkkokauppa\/polkupyorat\/sahkopyorat\/sahkomaastopyorat\/fatbike-sahkopyorat\/rossignol-e-track-fat-630wh-akku-85nm\/","url":"https:\/\/vmsport.fi\/verkkokauppa\/polkupyorat\/sahkopyorat\/sahkomaastopyorat\/fatbike-sahkopyorat\/rossignol-e-track-fat-630wh-akku-85nm\/","name":"Rossignol - E-track | e-fatbike erbjudande | Chockpris, spara 1491\u20ac.","isPartOf":{"@id":"https:\/\/vmsport.fi\/#website"},"primaryImageOfPage":{"@id":"https:\/\/vmsport.fi\/verkkokauppa\/polkupyorat\/sahkopyorat\/sahkomaastopyorat\/fatbike-sahkopyorat\/rossignol-e-track-fat-630wh-akku-85nm\/#primaryimage"},"image":{"@id":"https:\/\/vmsport.fi\/verkkokauppa\/polkupyorat\/sahkopyorat\/sahkomaastopyorat\/fatbike-sahkopyorat\/rossignol-e-track-fat-630wh-akku-85nm\/#primaryimage"},"thumbnailUrl":"https:\/\/vmsport.fi\/wp-content\/uploads\/2025\/03\/Skaermavbild-2024-04-19-kl-11-40-33-1.png","datePublished":"2025-03-05T21:41:17+00:00","dateModified":"2026-03-11T00:00:18+00:00","description":"E-fatbike erbjudande. Ett aldrig tidigare sk\u00e5dat erbjudande - Rossignol E-track nu till ett superl\u00e5gt pris. Sist att g\u00e5 och bara de snabba kommer in. K\u00f6p nu p\u00e5 en g\u00e5ng!","breadcrumb":{"@id":"https:\/\/vmsport.fi\/verkkokauppa\/polkupyorat\/sahkopyorat\/sahkomaastopyorat\/fatbike-sahkopyorat\/rossignol-e-track-fat-630wh-akku-85nm\/#breadcrumb"},"inLanguage":"sv-SE","potentialAction":[{"@type":"ReadAction","target":["https:\/\/vmsport.fi\/verkkokauppa\/polkupyorat\/sahkopyorat\/sahkomaastopyorat\/fatbike-sahkopyorat\/rossignol-e-track-fat-630wh-akku-85nm\/"]}]},{"@type":"ImageObject","inLanguage":"sv-SE","@id":"https:\/\/vmsport.fi\/verkkokauppa\/polkupyorat\/sahkopyorat\/sahkomaastopyorat\/fatbike-sahkopyorat\/rossignol-e-track-fat-630wh-akku-85nm\/#primaryimage","url":"https:\/\/vmsport.fi\/wp-content\/uploads\/2025\/03\/Skaermavbild-2024-04-19-kl-11-40-33-1.png","contentUrl":"https:\/\/vmsport.fi\/wp-content\/uploads\/2025\/03\/Skaermavbild-2024-04-19-kl-11-40-33-1.png","width":742,"height":622,"caption":"Skaermavbild-2024-04-19-kl-11-40-33"},{"@type":"BreadcrumbList","@id":"https:\/\/vmsport.fi\/verkkokauppa\/polkupyorat\/sahkopyorat\/sahkomaastopyorat\/fatbike-sahkopyorat\/rossignol-e-track-fat-630wh-akku-85nm\/#breadcrumb","itemListElement":[{"@type":"ListItem","position":1,"name":"Etusivu","item":"https:\/\/vmsport.fi\/"},{"@type":"ListItem","position":2,"name":"Online Store","item":"https:\/\/vmsport.fi\/en\/online-store\/"},{"@type":"ListItem","position":3,"name":"Rossignol E-Track Fat 630wh Akku 85nm"}]},{"@type":"WebSite","@id":"https:\/\/vmsport.fi\/#website","url":"https:\/\/vmsport.fi\/","name":"Vmsport","description":"Allt p\u00e5 ett st\u00e4lle f\u00f6r cykling","publisher":{"@id":"https:\/\/vmsport.fi\/#organization"},"potentialAction":[{"@type":"SearchAction","target":{"@type":"EntryPoint","urlTemplate":"https:\/\/vmsport.fi\/?s={search_term_string}"},"query-input":{"@type":"PropertyValueSpecification","valueRequired":true,"valueName":"search_term_string"}}],"inLanguage":"sv-SE"},{"@type":"Organization","@id":"https:\/\/vmsport.fi\/#organization","name":"Vmsport","url":"https:\/\/vmsport.fi\/","logo":{"@type":"ImageObject","inLanguage":"sv-SE","@id":"https:\/\/vmsport.fi\/#\/schema\/logo\/image\/","url":"https:\/\/vmsport.fi\/wp-content\/uploads\/2024\/12\/vm_sport_RGB_horisontal-e1734526017575.png","contentUrl":"https:\/\/vmsport.fi\/wp-content\/uploads\/2024\/12\/vm_sport_RGB_horisontal-e1734526017575.png","width":668,"height":85,"caption":"Vmsport"},"image":{"@id":"https:\/\/vmsport.fi\/#\/schema\/logo\/image\/"},"sameAs":["https:\/\/www.facebook.com\/Vmsport.fi\/","https:\/\/www.instagram.com\/vmsport\/"]}]}},"global_unique_id":"","_links":{"self":[{"href":"https:\/\/vmsport.fi\/sv\/wp-json\/wp\/v2\/product\/53440","targetHints":{"allow":["GET"]}}],"collection":[{"href":"https:\/\/vmsport.fi\/sv\/wp-json\/wp\/v2\/product"}],"about":[{"href":"https:\/\/vmsport.fi\/sv\/wp-json\/wp\/v2\/types\/product"}],"replies":[{"embeddable":true,"href":"https:\/\/vmsport.fi\/sv\/wp-json\/wp\/v2\/comments?post=53440"}],"wp:featuredmedia":[{"embeddable":true,"href":"https:\/\/vmsport.fi\/sv\/wp-json\/wp\/v2\/media\/53435"}],"wp:attachment":[{"href":"https:\/\/vmsport.fi\/sv\/wp-json\/wp\/v2\/media?parent=53440"}],"wp:term":[{"taxonomy":"product_brand","embeddable":true,"href":"https:\/\/vmsport.fi\/sv\/wp-json\/wp\/v2\/product_brand?post=53440"},{"taxonomy":"product_model","embeddable":true,"href":"https:\/\/vmsport.fi\/sv\/wp-json\/wp\/v2\/product_model?post=53440"},{"taxonomy":"product_cat","embeddable":true,"href":"https:\/\/vmsport.fi\/sv\/wp-json\/wp\/v2\/product_cat?post=53440"},{"taxonomy":"product_tag","embeddable":true,"href":"https:\/\/vmsport.fi\/sv\/wp-json\/wp\/v2\/product_tag?post=53440"},{"taxonomy":"industry_terminology","embeddable":true,"href":"https:\/\/vmsport.fi\/sv\/wp-json\/wp\/v2\/industry-terminology?post=53440"}],"curies":[{"name":"wp","href":"https:\/\/api.w.org\/{rel}","templated":true}]}}