{"id":53431,"date":"2025-03-05T23:41:13","date_gmt":"2025-03-05T21:41:13","guid":{"rendered":"https:\/\/vmsport.fi\/verkkokauppa\/Ei-luokiteltu\/trek-procaliber-6-satin-trek-black-lithium-grey\/"},"modified":"2026-04-02T13:56:06","modified_gmt":"2026-04-02T10:56:06","slug":"trek-procaliber-6-satin-trek-svart-litiumgra","status":"publish","type":"product","link":"https:\/\/vmsport.fi\/sv\/verkkokauppa\/polkupyorat\/maastopyorat\/etujousitetut-maastopyorat\/trek-procaliber-6-satin-trek-black-lithium-grey\/","title":{"rendered":"Trek Procaliber 6 - SATIN TREK SVART\/LITIUMGR\u00c5"},"content":{"rendered":"<p>TREK Procaliber 6 yhdist\u00e4\u00e4 kevyen ja j\u00e4yk\u00e4n alumiinirungon modernilla XC-geometrialla sek\u00e4 120 mm etujouston, mik\u00e4 mahdollistaa tehokkaan polkemisen ja vakaan ajettavuuden. 12-vaihteinen Shimano Deore\/XT -voimansiirto laajalla v\u00e4lityksell\u00e4 tarjoaa sujuvan vaihteenvaihdon ja riitt\u00e4v\u00e4sti v\u00e4lityksi\u00e4 teknisille nousuille. Tubeless Ready -kiekot parantavat ajomukavuutta ja ehk\u00e4isev\u00e4t rengasrikkoja, kun taas hydrauliset levyjarrut varmistavat riitt\u00e4v\u00e4n pys\u00e4ytystehon. Sis\u00e4inen vaijerireititys ja dropper-hissitolppa lis\u00e4\u00e4v\u00e4t k\u00e4yt\u00e4nn\u00f6llisyytt\u00e4 sek\u00e4 siisteytt\u00e4 py\u00f6r\u00e4n ulkon\u00e4k\u00f6\u00f6n.<\/p>","protected":false},"excerpt":{"rendered":"<p>J\u00e4ykk\u00e4per\u00e4inen XC-py\u00f6r\u00e4 modernilla geometorialla, 12-vaihteisella Shimano-voimansiirrolla, 120 mm jousitushaarukalla ja tubeless-valmiilla kiekoilla. [&#8230;]<\/p>\n<p><a class=\"btn btn-secondary understrap-read-more-link\" href=\"https:\/\/vmsport.fi\/sv\/verkkokauppa\/polkupyorat\/maastopyorat\/etujousitetut-maastopyorat\/trek-procaliber-6-satin-trek-black-lithium-grey\/\">L\u00e4s mer \u2026<span class=\"screen-reader-text\"> from Trek Procaliber 6 &#8211; SATIN TREK BLACK\/LITHIUM GREY<\/span><\/a><\/p>\n","protected":false},"featured_media":53420,"comment_status":"open","ping_status":"closed","template":"","meta":{"_acf_changed":false,"_improvement_type_select":"improve_an_existing","_thumb_yes_seoaic":false,"_frame_yes_seoaic":false,"seoaic_generate_description":"","seoaic_improve_instructions_prompt":"","seoaic_rollback_content_improvement":"","seoaic_idea_thumbnail_generator":"","thumbnail_generated":false,"thumbnail_generate_prompt":"","seoaic_article_description":"","_supplier_stock_quantity":0},"product_brand":[37],"product_model":[],"product_cat":[9404],"product_tag":[],"industry-terminology":[],"class_list":{"0":"post-53431","1":"product","2":"type-product","3":"status-publish","4":"has-post-thumbnail","6":"product_brand-trek","7":"product_cat-etujousitetut-maastopyorat","9":"first","10":"instock","11":"sale","12":"taxable","13":"shipping-taxable","14":"purchasable","15":"product-type-variable"},"acf":{"bike_features":null,"overview":{"copy_overview":[{"overview":"Procaliber 6 on t\u00e4ydellinen cross country py\u00f6r\u00e4 joka on valmis kilpak\u00e4ytt\u00f6\u00f6n ja nopeatempoiseen singletrack-ajeluun. Kevyt ja kest\u00e4v\u00e4 Alpha Platinum aluminium runko tuo varman k\u00e4sittelyn ja vakauden mukaan. Varallinen 120mm Etuhaarukka ja DT Oosten tuovat siihen ketteryytt\u00e4 on trailbijousiston avulla. Tutustu tarkkaan geometriaan ja p\u00e4iv\u00e4n mittariimet  kuski hallitsee polun ja hiekkaosuudet joten t\u00e4m\u00e4 on"},{"overview":"Tee lenkist\u00e4 haltijasi escikitten ja esto py\u00f6r\u00e4 yksikertaista erityisesti huomautettu sormustetusta teknologaviesti helpottamaan useammat matkan hy\u00f6ty\u00e4."}],"key_features":[{"feature":"Moderni geometria ja 120 mm etujousitusta"},{"feature":"Kevyt ja kest\u00e4v\u00e4 Alpha Platinum Aluminium -runkomateriaali"},{"feature":"Shimano Deore\/XT komponenteista koostettu voimansiirto tuo joustavuutta vaihteiden k\u00e4ytt\u00f6\u00f6n"},{"feature":"Tubeless Ready Bontrager\u2014kiekot v\u00e4hent\u00e4v\u00e4t vierint\u00e4vastusta ja puhkeamien riski\u00e4."}],"statement":"Tehty antamaan cross-country-innokkaille erinomaisia suorituskykyisi\u00e4 mahdollisuuksia.","youtube_url":"https:\/\/www.youtube.com\/watch?v=BQQv5baSxZ4"}},"yoast_head":"<!-- This site is optimized with the Yoast SEO plugin v27.3 - https:\/\/yoast.com\/product\/yoast-seo-wordpress\/ -->\n<title>Trek Procaliber 6 - SATIN TREK BLACK\/LITHIUM GREY - VM Sport<\/title>\n<meta name=\"robots\" content=\"index, follow, max-snippet:-1, max-image-preview:large, max-video-preview:-1\" \/>\n<link rel=\"canonical\" href=\"https:\/\/vmsport.fi\/sv\/webbutik\/cyklar\/landskap-cikoria\/framfjadrade-terrangband-for-alla-typer-av-terrang\/trek-procaliber-6-satin-trek-svart-litiumgra\/\" \/>\n<meta property=\"og:locale\" content=\"sv_SE\" \/>\n<meta property=\"og:type\" content=\"article\" \/>\n<meta property=\"og:title\" content=\"Trek Procaliber 6 - SATIN TREK BLACK\/LITHIUM GREY - VM Sport\" \/>\n<meta property=\"og:description\" content=\"J\u00e4ykk\u00e4per\u00e4inen XC-py\u00f6r\u00e4 modernilla geometorialla, 12-vaihteisella Shimano-voimansiirrolla, 120 mm jousitushaarukalla ja tubeless-valmiilla kiekoilla. [...]L\u00e4s mer \u2026 from Trek Procaliber 6 &#8211; SATIN TREK BLACK\/LITHIUM GREY\" \/>\n<meta property=\"og:url\" content=\"https:\/\/vmsport.fi\/sv\/webbutik\/cyklar\/landskap-cikoria\/framfjadrade-terrangband-for-alla-typer-av-terrang\/trek-procaliber-6-satin-trek-svart-litiumgra\/\" \/>\n<meta property=\"og:site_name\" content=\"VM Sport\" \/>\n<meta property=\"article:publisher\" content=\"https:\/\/www.facebook.com\/Vmsport.fi\/\" \/>\n<meta property=\"article:modified_time\" content=\"2026-04-02T10:56:06+00:00\" \/>\n<meta property=\"og:image\" content=\"https:\/\/vmsport.fi\/wp-content\/uploads\/2025\/03\/ri0OKRvX0JyurRMGq09RpcxIvT80EMR1yHnYR3PbQ1AFVeGMGQ-1.jpg\" \/>\n\t<meta property=\"og:image:width\" content=\"1000\" \/>\n\t<meta property=\"og:image:height\" content=\"750\" \/>\n\t<meta property=\"og:image:type\" content=\"image\/jpeg\" \/>\n<meta name=\"twitter:card\" content=\"summary_large_image\" \/>\n<script type=\"application\/ld+json\" class=\"yoast-schema-graph\">{\"@context\":\"https:\\\/\\\/schema.org\",\"@graph\":[{\"@type\":[\"WebPage\",\"ItemPage\"],\"@id\":\"https:\\\/\\\/vmsport.fi\\\/verkkokauppa\\\/polkupyorat\\\/maastopyorat\\\/etujousitetut-maastopyorat\\\/trek-procaliber-6-satin-trek-black-lithium-grey\\\/\",\"url\":\"https:\\\/\\\/vmsport.fi\\\/verkkokauppa\\\/polkupyorat\\\/maastopyorat\\\/etujousitetut-maastopyorat\\\/trek-procaliber-6-satin-trek-black-lithium-grey\\\/\",\"name\":\"Trek Procaliber 6 - SATIN TREK BLACK\\\/LITHIUM GREY - VM Sport\",\"isPartOf\":{\"@id\":\"https:\\\/\\\/vmsport.fi\\\/#website\"},\"primaryImageOfPage\":{\"@id\":\"https:\\\/\\\/vmsport.fi\\\/verkkokauppa\\\/polkupyorat\\\/maastopyorat\\\/etujousitetut-maastopyorat\\\/trek-procaliber-6-satin-trek-black-lithium-grey\\\/#primaryimage\"},\"image\":{\"@id\":\"https:\\\/\\\/vmsport.fi\\\/verkkokauppa\\\/polkupyorat\\\/maastopyorat\\\/etujousitetut-maastopyorat\\\/trek-procaliber-6-satin-trek-black-lithium-grey\\\/#primaryimage\"},\"thumbnailUrl\":\"https:\\\/\\\/vmsport.fi\\\/wp-content\\\/uploads\\\/2025\\\/03\\\/ri0OKRvX0JyurRMGq09RpcxIvT80EMR1yHnYR3PbQ1AFVeGMGQ-1.jpg\",\"datePublished\":\"2025-03-05T21:41:13+00:00\",\"dateModified\":\"2026-04-02T10:56:06+00:00\",\"breadcrumb\":{\"@id\":\"https:\\\/\\\/vmsport.fi\\\/verkkokauppa\\\/polkupyorat\\\/maastopyorat\\\/etujousitetut-maastopyorat\\\/trek-procaliber-6-satin-trek-black-lithium-grey\\\/#breadcrumb\"},\"inLanguage\":\"sv-SE\",\"potentialAction\":[{\"@type\":\"ReadAction\",\"target\":[\"https:\\\/\\\/vmsport.fi\\\/verkkokauppa\\\/polkupyorat\\\/maastopyorat\\\/etujousitetut-maastopyorat\\\/trek-procaliber-6-satin-trek-black-lithium-grey\\\/\"]}]},{\"@type\":\"ImageObject\",\"inLanguage\":\"sv-SE\",\"@id\":\"https:\\\/\\\/vmsport.fi\\\/verkkokauppa\\\/polkupyorat\\\/maastopyorat\\\/etujousitetut-maastopyorat\\\/trek-procaliber-6-satin-trek-black-lithium-grey\\\/#primaryimage\",\"url\":\"https:\\\/\\\/vmsport.fi\\\/wp-content\\\/uploads\\\/2025\\\/03\\\/ri0OKRvX0JyurRMGq09RpcxIvT80EMR1yHnYR3PbQ1AFVeGMGQ-1.jpg\",\"contentUrl\":\"https:\\\/\\\/vmsport.fi\\\/wp-content\\\/uploads\\\/2025\\\/03\\\/ri0OKRvX0JyurRMGq09RpcxIvT80EMR1yHnYR3PbQ1AFVeGMGQ-1.jpg\",\"width\":1000,\"height\":750,\"caption\":\"ri0OKRvX0JyurRMGq09RpcxIvT80EMR1yHnYR3PbQ1AFVeGMGQ\"},{\"@type\":\"BreadcrumbList\",\"@id\":\"https:\\\/\\\/vmsport.fi\\\/verkkokauppa\\\/polkupyorat\\\/maastopyorat\\\/etujousitetut-maastopyorat\\\/trek-procaliber-6-satin-trek-black-lithium-grey\\\/#breadcrumb\",\"itemListElement\":[{\"@type\":\"ListItem\",\"position\":1,\"name\":\"Etusivu\",\"item\":\"https:\\\/\\\/vmsport.fi\\\/\"},{\"@type\":\"ListItem\",\"position\":2,\"name\":\"Online Store\",\"item\":\"https:\\\/\\\/vmsport.fi\\\/en\\\/online-store\\\/\"},{\"@type\":\"ListItem\",\"position\":3,\"name\":\"Trek polkupy\u00f6r\u00e4t\",\"item\":\"https:\\\/\\\/vmsport.fi\\\/sv\\\/merkki\\\/trek\\\/\"},{\"@type\":\"ListItem\",\"position\":4,\"name\":\"Trek Procaliber 6 &#8211; SATIN TREK BLACK\\\/LITHIUM GREY\"}]},{\"@type\":\"WebSite\",\"@id\":\"https:\\\/\\\/vmsport.fi\\\/#website\",\"url\":\"https:\\\/\\\/vmsport.fi\\\/\",\"name\":\"Vmsport\",\"description\":\"Kaikki py\u00f6r\u00e4ilyyn yhdest\u00e4 paikasta\",\"publisher\":{\"@id\":\"https:\\\/\\\/vmsport.fi\\\/#organization\"},\"potentialAction\":[{\"@type\":\"SearchAction\",\"target\":{\"@type\":\"EntryPoint\",\"urlTemplate\":\"https:\\\/\\\/vmsport.fi\\\/?s={search_term_string}\"},\"query-input\":{\"@type\":\"PropertyValueSpecification\",\"valueRequired\":true,\"valueName\":\"search_term_string\"}}],\"inLanguage\":\"sv-SE\"},{\"@type\":\"Organization\",\"@id\":\"https:\\\/\\\/vmsport.fi\\\/#organization\",\"name\":\"Vmsport\",\"url\":\"https:\\\/\\\/vmsport.fi\\\/\",\"logo\":{\"@type\":\"ImageObject\",\"inLanguage\":\"sv-SE\",\"@id\":\"https:\\\/\\\/vmsport.fi\\\/#\\\/schema\\\/logo\\\/image\\\/\",\"url\":\"https:\\\/\\\/vmsport.fi\\\/wp-content\\\/uploads\\\/2024\\\/12\\\/vm_sport_RGB_horisontal-e1734526017575.png\",\"contentUrl\":\"https:\\\/\\\/vmsport.fi\\\/wp-content\\\/uploads\\\/2024\\\/12\\\/vm_sport_RGB_horisontal-e1734526017575.png\",\"width\":668,\"height\":85,\"caption\":\"Vmsport\"},\"image\":{\"@id\":\"https:\\\/\\\/vmsport.fi\\\/#\\\/schema\\\/logo\\\/image\\\/\"},\"sameAs\":[\"https:\\\/\\\/www.facebook.com\\\/Vmsport.fi\\\/\",\"https:\\\/\\\/www.instagram.com\\\/vmsport\\\/\"]}]}<\/script>\n<!-- \/ Yoast SEO plugin. -->","yoast_head_json":{"title":"Trek Procaliber 6 - SATIN TREK SVART\/LITIUMGR\u00c5 - VM Sport","robots":{"index":"index","follow":"follow","max-snippet":"max-snippet:-1","max-image-preview":"max-image-preview:large","max-video-preview":"max-video-preview:-1"},"canonical":"https:\/\/vmsport.fi\/sv\/webbutik\/cyklar\/landskap-cikoria\/framfjadrade-terrangband-for-alla-typer-av-terrang\/trek-procaliber-6-satin-trek-svart-litiumgra\/","og_locale":"sv_SE","og_type":"article","og_title":"Trek Procaliber 6 - SATIN TREK BLACK\/LITHIUM GREY - VM Sport","og_description":"J\u00e4ykk\u00e4per\u00e4inen XC-py\u00f6r\u00e4 modernilla geometorialla, 12-vaihteisella Shimano-voimansiirrolla, 120 mm jousitushaarukalla ja tubeless-valmiilla kiekoilla. [...]L\u00e4s mer \u2026 from Trek Procaliber 6 &#8211; SATIN TREK BLACK\/LITHIUM GREY","og_url":"https:\/\/vmsport.fi\/sv\/webbutik\/cyklar\/landskap-cikoria\/framfjadrade-terrangband-for-alla-typer-av-terrang\/trek-procaliber-6-satin-trek-svart-litiumgra\/","og_site_name":"VM Sport","article_publisher":"https:\/\/www.facebook.com\/Vmsport.fi\/","article_modified_time":"2026-04-02T10:56:06+00:00","og_image":[{"width":1000,"height":750,"url":"https:\/\/vmsport.fi\/wp-content\/uploads\/2025\/03\/ri0OKRvX0JyurRMGq09RpcxIvT80EMR1yHnYR3PbQ1AFVeGMGQ-1.jpg","type":"image\/jpeg"}],"twitter_card":"summary_large_image","schema":{"@context":"https:\/\/schema.org","@graph":[{"@type":["WebPage","ItemPage"],"@id":"https:\/\/vmsport.fi\/verkkokauppa\/polkupyorat\/maastopyorat\/etujousitetut-maastopyorat\/trek-procaliber-6-satin-trek-black-lithium-grey\/","url":"https:\/\/vmsport.fi\/verkkokauppa\/polkupyorat\/maastopyorat\/etujousitetut-maastopyorat\/trek-procaliber-6-satin-trek-black-lithium-grey\/","name":"Trek Procaliber 6 - SATIN TREK SVART\/LITIUMGR\u00c5 - VM Sport","isPartOf":{"@id":"https:\/\/vmsport.fi\/#website"},"primaryImageOfPage":{"@id":"https:\/\/vmsport.fi\/verkkokauppa\/polkupyorat\/maastopyorat\/etujousitetut-maastopyorat\/trek-procaliber-6-satin-trek-black-lithium-grey\/#primaryimage"},"image":{"@id":"https:\/\/vmsport.fi\/verkkokauppa\/polkupyorat\/maastopyorat\/etujousitetut-maastopyorat\/trek-procaliber-6-satin-trek-black-lithium-grey\/#primaryimage"},"thumbnailUrl":"https:\/\/vmsport.fi\/wp-content\/uploads\/2025\/03\/ri0OKRvX0JyurRMGq09RpcxIvT80EMR1yHnYR3PbQ1AFVeGMGQ-1.jpg","datePublished":"2025-03-05T21:41:13+00:00","dateModified":"2026-04-02T10:56:06+00:00","breadcrumb":{"@id":"https:\/\/vmsport.fi\/verkkokauppa\/polkupyorat\/maastopyorat\/etujousitetut-maastopyorat\/trek-procaliber-6-satin-trek-black-lithium-grey\/#breadcrumb"},"inLanguage":"sv-SE","potentialAction":[{"@type":"ReadAction","target":["https:\/\/vmsport.fi\/verkkokauppa\/polkupyorat\/maastopyorat\/etujousitetut-maastopyorat\/trek-procaliber-6-satin-trek-black-lithium-grey\/"]}]},{"@type":"ImageObject","inLanguage":"sv-SE","@id":"https:\/\/vmsport.fi\/verkkokauppa\/polkupyorat\/maastopyorat\/etujousitetut-maastopyorat\/trek-procaliber-6-satin-trek-black-lithium-grey\/#primaryimage","url":"https:\/\/vmsport.fi\/wp-content\/uploads\/2025\/03\/ri0OKRvX0JyurRMGq09RpcxIvT80EMR1yHnYR3PbQ1AFVeGMGQ-1.jpg","contentUrl":"https:\/\/vmsport.fi\/wp-content\/uploads\/2025\/03\/ri0OKRvX0JyurRMGq09RpcxIvT80EMR1yHnYR3PbQ1AFVeGMGQ-1.jpg","width":1000,"height":750,"caption":"ri0OKRvX0JyurRMGq09RpcxIvT80EMR1yHnYR3PbQ1AFVeGMGQ"},{"@type":"BreadcrumbList","@id":"https:\/\/vmsport.fi\/verkkokauppa\/polkupyorat\/maastopyorat\/etujousitetut-maastopyorat\/trek-procaliber-6-satin-trek-black-lithium-grey\/#breadcrumb","itemListElement":[{"@type":"ListItem","position":1,"name":"Etusivu","item":"https:\/\/vmsport.fi\/"},{"@type":"ListItem","position":2,"name":"Online Store","item":"https:\/\/vmsport.fi\/en\/online-store\/"},{"@type":"ListItem","position":3,"name":"Trek polkupy\u00f6r\u00e4t","item":"https:\/\/vmsport.fi\/sv\/merkki\/trek\/"},{"@type":"ListItem","position":4,"name":"Trek Procaliber 6 &#8211; SATIN TREK BLACK\/LITHIUM GREY"}]},{"@type":"WebSite","@id":"https:\/\/vmsport.fi\/#website","url":"https:\/\/vmsport.fi\/","name":"Vmsport","description":"Allt p\u00e5 ett st\u00e4lle f\u00f6r cykling","publisher":{"@id":"https:\/\/vmsport.fi\/#organization"},"potentialAction":[{"@type":"SearchAction","target":{"@type":"EntryPoint","urlTemplate":"https:\/\/vmsport.fi\/?s={search_term_string}"},"query-input":{"@type":"PropertyValueSpecification","valueRequired":true,"valueName":"search_term_string"}}],"inLanguage":"sv-SE"},{"@type":"Organization","@id":"https:\/\/vmsport.fi\/#organization","name":"Vmsport","url":"https:\/\/vmsport.fi\/","logo":{"@type":"ImageObject","inLanguage":"sv-SE","@id":"https:\/\/vmsport.fi\/#\/schema\/logo\/image\/","url":"https:\/\/vmsport.fi\/wp-content\/uploads\/2024\/12\/vm_sport_RGB_horisontal-e1734526017575.png","contentUrl":"https:\/\/vmsport.fi\/wp-content\/uploads\/2024\/12\/vm_sport_RGB_horisontal-e1734526017575.png","width":668,"height":85,"caption":"Vmsport"},"image":{"@id":"https:\/\/vmsport.fi\/#\/schema\/logo\/image\/"},"sameAs":["https:\/\/www.facebook.com\/Vmsport.fi\/","https:\/\/www.instagram.com\/vmsport\/"]}]}},"global_unique_id":"","_links":{"self":[{"href":"https:\/\/vmsport.fi\/sv\/wp-json\/wp\/v2\/product\/53431","targetHints":{"allow":["GET"]}}],"collection":[{"href":"https:\/\/vmsport.fi\/sv\/wp-json\/wp\/v2\/product"}],"about":[{"href":"https:\/\/vmsport.fi\/sv\/wp-json\/wp\/v2\/types\/product"}],"replies":[{"embeddable":true,"href":"https:\/\/vmsport.fi\/sv\/wp-json\/wp\/v2\/comments?post=53431"}],"wp:featuredmedia":[{"embeddable":true,"href":"https:\/\/vmsport.fi\/sv\/wp-json\/wp\/v2\/media\/53420"}],"wp:attachment":[{"href":"https:\/\/vmsport.fi\/sv\/wp-json\/wp\/v2\/media?parent=53431"}],"wp:term":[{"taxonomy":"product_brand","embeddable":true,"href":"https:\/\/vmsport.fi\/sv\/wp-json\/wp\/v2\/product_brand?post=53431"},{"taxonomy":"product_model","embeddable":true,"href":"https:\/\/vmsport.fi\/sv\/wp-json\/wp\/v2\/product_model?post=53431"},{"taxonomy":"product_cat","embeddable":true,"href":"https:\/\/vmsport.fi\/sv\/wp-json\/wp\/v2\/product_cat?post=53431"},{"taxonomy":"product_tag","embeddable":true,"href":"https:\/\/vmsport.fi\/sv\/wp-json\/wp\/v2\/product_tag?post=53431"},{"taxonomy":"industry_terminology","embeddable":true,"href":"https:\/\/vmsport.fi\/sv\/wp-json\/wp\/v2\/industry-terminology?post=53431"}],"curies":[{"name":"wp","href":"https:\/\/api.w.org\/{rel}","templated":true}]}}