{"id":53415,"date":"2025-03-05T23:40:49","date_gmt":"2025-03-05T21:40:49","guid":{"rendered":"https:\/\/vmsport.fi\/verkkokauppa\/Ei-luokiteltu\/muc-off-dh-enduro-trail-kit-clear-matt\/"},"modified":"2026-01-16T13:21:14","modified_gmt":"2026-01-16T11:21:14","slug":"muc-off-dh-enduro-trail-kit-klar-matt","status":"publish","type":"product","link":"https:\/\/vmsport.fi\/sv\/verkkokauppa\/renkaat\/tubeless-tarvikkeet\/tubeless-sarjat-ja-osat\/muc-off-dh-enduro-trail-kit-clear-matt\/","title":{"rendered":"MUC-OFF DH\/ENDURO\/TRAIL-sats Klar matt"},"content":{"rendered":"<p>MUC-OFF DH\/ENDURO\/TRAIL Clear matt mudguard kit erbjuder mountainbike-entusiaster ett utm\u00e4rkt skydd f\u00f6r cykelramen. Detta skyddskit hj\u00e4lper till att h\u00e5lla cykeln som ny n\u00e4r du k\u00f6r utf\u00f6r eller p\u00e5 stigarna, med klara, matta dekaler som skyddar ramen fr\u00e5n repor och bucklor. Klisterm\u00e4rkena f\u00e4ster l\u00e4tt och stadigt p\u00e5 cykelns yta, vilket g\u00f6r dem snabba och enkla att applicera. Det h\u00e4r sortimentet \u00e4r s\u00e4rskilt utformat f\u00f6r mountainbikecyklister som v\u00e4rdes\u00e4tter b\u00e5de utseendet p\u00e5 sitt fordon och h\u00e5llbarheten i sin k\u00f6rupplevelse.<\/p>","protected":false},"excerpt":{"rendered":"<p>MUC-OFF DH\/ENDURO\/TRAIL -sarjan Clear matt -suojasarja tarjoaa maastopy\u00f6r\u00e4ilyn harrastajille erinomaisen suojan py\u00f6r\u00e4n rungolle. T\u00e4m\u00e4 suojasarja auttaa pit\u00e4m\u00e4\u00e4n py\u00f6r\u00e4si uudenveroisena, kun ajat alam\u00e4iss\u00e4 tai poluilla, sill\u00e4 kirkkaan mattapintaiset tarrat suojaavat runkoa naarmuilta ja kolhuilta. Tarrat tarttuvat helposti ja tiukasti py\u00f6r\u00e4n pintaan, mik\u00e4 tekee niiden kiinnitt\u00e4misest\u00e4 helppoa ja nopeaa. T\u00e4m\u00e4 sarja on erityisesti suunniteltu maastopy\u00f6r\u00e4ilij\u00f6ille, jotka arvostavat [&#8230;]<\/p>\n<p><a class=\"btn btn-secondary understrap-read-more-link\" href=\"https:\/\/vmsport.fi\/sv\/verkkokauppa\/renkaat\/tubeless-tarvikkeet\/tubeless-sarjat-ja-osat\/muc-off-dh-enduro-trail-kit-clear-matt\/\">L\u00e4s mer \u2026<span class=\"screen-reader-text\"> from MUC-OFF DH\/ENDURO\/TRAIL kit Clear matt<\/span><\/a><\/p>\n","protected":false},"featured_media":53414,"comment_status":"open","ping_status":"closed","template":"","meta":{"_acf_changed":false,"_improvement_type_select":"improve_an_existing","_thumb_yes_seoaic":false,"_frame_yes_seoaic":false,"seoaic_generate_description":"","seoaic_improve_instructions_prompt":"","seoaic_rollback_content_improvement":"","seoaic_idea_thumbnail_generator":"","thumbnail_generated":false,"thumbnail_generate_prompt":"","seoaic_article_description":"","_supplier_stock_quantity":0},"product_brand":[1584],"product_model":[],"product_cat":[9364],"product_tag":[],"industry-terminology":[],"class_list":{"0":"post-53415","1":"product","2":"type-product","3":"status-publish","4":"has-post-thumbnail","6":"product_brand-muc-off","7":"product_cat-tubeless-sarjat-ja-osat","9":"first","10":"outofstock","11":"taxable","12":"shipping-taxable","13":"product-type-simple"},"acf":{"bike_features":null,"overview":{"copy_overview":null,"key_features":null,"statement":"","youtube_url":""}},"yoast_head":"<!-- This site is optimized with the Yoast SEO plugin v27.3 - https:\/\/yoast.com\/product\/yoast-seo-wordpress\/ -->\n<title>MUC-OFF DH\/ENDURO\/TRAIL kit Clear matt - VM Sport<\/title>\n<meta name=\"robots\" content=\"index, follow, max-snippet:-1, max-image-preview:large, max-video-preview:-1\" \/>\n<link rel=\"canonical\" href=\"https:\/\/vmsport.fi\/sv\/webbutik\/dack\/slanglosa-tillbehor\/slanglosa-satser-och-delar\/muc-off-dh-enduro-trail-kit-klar-matt\/\" \/>\n<meta property=\"og:locale\" content=\"sv_SE\" \/>\n<meta property=\"og:type\" content=\"article\" \/>\n<meta property=\"og:title\" content=\"MUC-OFF DH\/ENDURO\/TRAIL kit Clear matt - VM Sport\" \/>\n<meta property=\"og:description\" content=\"MUC-OFF DH\/ENDURO\/TRAIL -sarjan Clear matt -suojasarja tarjoaa maastopy\u00f6r\u00e4ilyn harrastajille erinomaisen suojan py\u00f6r\u00e4n rungolle. T\u00e4m\u00e4 suojasarja auttaa pit\u00e4m\u00e4\u00e4n py\u00f6r\u00e4si uudenveroisena, kun ajat alam\u00e4iss\u00e4 tai poluilla, sill\u00e4 kirkkaan mattapintaiset tarrat suojaavat runkoa naarmuilta ja kolhuilta. Tarrat tarttuvat helposti ja tiukasti py\u00f6r\u00e4n pintaan, mik\u00e4 tekee niiden kiinnitt\u00e4misest\u00e4 helppoa ja nopeaa. T\u00e4m\u00e4 sarja on erityisesti suunniteltu maastopy\u00f6r\u00e4ilij\u00f6ille, jotka arvostavat [...]L\u00e4s mer \u2026 from MUC-OFF DH\/ENDURO\/TRAIL kit Clear matt\" \/>\n<meta property=\"og:url\" content=\"https:\/\/vmsport.fi\/sv\/webbutik\/dack\/slanglosa-tillbehor\/slanglosa-satser-och-delar\/muc-off-dh-enduro-trail-kit-klar-matt\/\" \/>\n<meta property=\"og:site_name\" content=\"VM Sport\" \/>\n<meta property=\"article:publisher\" content=\"https:\/\/www.facebook.com\/Vmsport.fi\/\" \/>\n<meta property=\"article:modified_time\" content=\"2026-01-16T11:21:14+00:00\" \/>\n<meta property=\"og:image\" content=\"https:\/\/vmsport.fi\/wp-content\/uploads\/2025\/03\/aB2mPFhA8HZy5rF1FJv5feevwpTD4kjNXXPNw7EvGgzcs7iPKR-1.jpg\" \/>\n\t<meta property=\"og:image:width\" content=\"800\" \/>\n\t<meta property=\"og:image:height\" content=\"800\" \/>\n\t<meta property=\"og:image:type\" content=\"image\/jpeg\" \/>\n<meta name=\"twitter:card\" content=\"summary_large_image\" \/>\n<script type=\"application\/ld+json\" class=\"yoast-schema-graph\">{\"@context\":\"https:\\\/\\\/schema.org\",\"@graph\":[{\"@type\":[\"WebPage\",\"ItemPage\"],\"@id\":\"https:\\\/\\\/vmsport.fi\\\/verkkokauppa\\\/renkaat\\\/tubeless-tarvikkeet\\\/tubeless-sarjat-ja-osat\\\/muc-off-dh-enduro-trail-kit-clear-matt\\\/\",\"url\":\"https:\\\/\\\/vmsport.fi\\\/verkkokauppa\\\/renkaat\\\/tubeless-tarvikkeet\\\/tubeless-sarjat-ja-osat\\\/muc-off-dh-enduro-trail-kit-clear-matt\\\/\",\"name\":\"MUC-OFF DH\\\/ENDURO\\\/TRAIL kit Clear matt - VM Sport\",\"isPartOf\":{\"@id\":\"https:\\\/\\\/vmsport.fi\\\/#website\"},\"primaryImageOfPage\":{\"@id\":\"https:\\\/\\\/vmsport.fi\\\/verkkokauppa\\\/renkaat\\\/tubeless-tarvikkeet\\\/tubeless-sarjat-ja-osat\\\/muc-off-dh-enduro-trail-kit-clear-matt\\\/#primaryimage\"},\"image\":{\"@id\":\"https:\\\/\\\/vmsport.fi\\\/verkkokauppa\\\/renkaat\\\/tubeless-tarvikkeet\\\/tubeless-sarjat-ja-osat\\\/muc-off-dh-enduro-trail-kit-clear-matt\\\/#primaryimage\"},\"thumbnailUrl\":\"https:\\\/\\\/vmsport.fi\\\/wp-content\\\/uploads\\\/2025\\\/03\\\/aB2mPFhA8HZy5rF1FJv5feevwpTD4kjNXXPNw7EvGgzcs7iPKR-1.jpg\",\"datePublished\":\"2025-03-05T21:40:49+00:00\",\"dateModified\":\"2026-01-16T11:21:14+00:00\",\"breadcrumb\":{\"@id\":\"https:\\\/\\\/vmsport.fi\\\/verkkokauppa\\\/renkaat\\\/tubeless-tarvikkeet\\\/tubeless-sarjat-ja-osat\\\/muc-off-dh-enduro-trail-kit-clear-matt\\\/#breadcrumb\"},\"inLanguage\":\"sv-SE\",\"potentialAction\":[{\"@type\":\"ReadAction\",\"target\":[\"https:\\\/\\\/vmsport.fi\\\/verkkokauppa\\\/renkaat\\\/tubeless-tarvikkeet\\\/tubeless-sarjat-ja-osat\\\/muc-off-dh-enduro-trail-kit-clear-matt\\\/\"]}]},{\"@type\":\"ImageObject\",\"inLanguage\":\"sv-SE\",\"@id\":\"https:\\\/\\\/vmsport.fi\\\/verkkokauppa\\\/renkaat\\\/tubeless-tarvikkeet\\\/tubeless-sarjat-ja-osat\\\/muc-off-dh-enduro-trail-kit-clear-matt\\\/#primaryimage\",\"url\":\"https:\\\/\\\/vmsport.fi\\\/wp-content\\\/uploads\\\/2025\\\/03\\\/aB2mPFhA8HZy5rF1FJv5feevwpTD4kjNXXPNw7EvGgzcs7iPKR-1.jpg\",\"contentUrl\":\"https:\\\/\\\/vmsport.fi\\\/wp-content\\\/uploads\\\/2025\\\/03\\\/aB2mPFhA8HZy5rF1FJv5feevwpTD4kjNXXPNw7EvGgzcs7iPKR-1.jpg\",\"width\":800,\"height\":800,\"caption\":\"aB2mPFhA8HZy5rF1FJv5feevwpTD4kjNXXPNw7EvGgzcs7iPKR\"},{\"@type\":\"BreadcrumbList\",\"@id\":\"https:\\\/\\\/vmsport.fi\\\/verkkokauppa\\\/renkaat\\\/tubeless-tarvikkeet\\\/tubeless-sarjat-ja-osat\\\/muc-off-dh-enduro-trail-kit-clear-matt\\\/#breadcrumb\",\"itemListElement\":[{\"@type\":\"ListItem\",\"position\":1,\"name\":\"Etusivu\",\"item\":\"https:\\\/\\\/vmsport.fi\\\/\"},{\"@type\":\"ListItem\",\"position\":2,\"name\":\"Online Store\",\"item\":\"https:\\\/\\\/vmsport.fi\\\/en\\\/online-store\\\/\"},{\"@type\":\"ListItem\",\"position\":3,\"name\":\"MUC-OFF DH\\\/ENDURO\\\/TRAIL kit Clear matt\"}]},{\"@type\":\"WebSite\",\"@id\":\"https:\\\/\\\/vmsport.fi\\\/#website\",\"url\":\"https:\\\/\\\/vmsport.fi\\\/\",\"name\":\"Vmsport\",\"description\":\"Kaikki py\u00f6r\u00e4ilyyn yhdest\u00e4 paikasta\",\"publisher\":{\"@id\":\"https:\\\/\\\/vmsport.fi\\\/#organization\"},\"potentialAction\":[{\"@type\":\"SearchAction\",\"target\":{\"@type\":\"EntryPoint\",\"urlTemplate\":\"https:\\\/\\\/vmsport.fi\\\/?s={search_term_string}\"},\"query-input\":{\"@type\":\"PropertyValueSpecification\",\"valueRequired\":true,\"valueName\":\"search_term_string\"}}],\"inLanguage\":\"sv-SE\"},{\"@type\":\"Organization\",\"@id\":\"https:\\\/\\\/vmsport.fi\\\/#organization\",\"name\":\"Vmsport\",\"url\":\"https:\\\/\\\/vmsport.fi\\\/\",\"logo\":{\"@type\":\"ImageObject\",\"inLanguage\":\"sv-SE\",\"@id\":\"https:\\\/\\\/vmsport.fi\\\/#\\\/schema\\\/logo\\\/image\\\/\",\"url\":\"https:\\\/\\\/vmsport.fi\\\/wp-content\\\/uploads\\\/2024\\\/12\\\/vm_sport_RGB_horisontal-e1734526017575.png\",\"contentUrl\":\"https:\\\/\\\/vmsport.fi\\\/wp-content\\\/uploads\\\/2024\\\/12\\\/vm_sport_RGB_horisontal-e1734526017575.png\",\"width\":668,\"height\":85,\"caption\":\"Vmsport\"},\"image\":{\"@id\":\"https:\\\/\\\/vmsport.fi\\\/#\\\/schema\\\/logo\\\/image\\\/\"},\"sameAs\":[\"https:\\\/\\\/www.facebook.com\\\/Vmsport.fi\\\/\",\"https:\\\/\\\/www.instagram.com\\\/vmsport\\\/\"]}]}<\/script>\n<!-- \/ Yoast SEO plugin. -->","yoast_head_json":{"title":"MUC-OFF DH\/ENDURO\/TRAIL sats Klar matt - VM Sport","robots":{"index":"index","follow":"follow","max-snippet":"max-snippet:-1","max-image-preview":"max-image-preview:large","max-video-preview":"max-video-preview:-1"},"canonical":"https:\/\/vmsport.fi\/sv\/webbutik\/dack\/slanglosa-tillbehor\/slanglosa-satser-och-delar\/muc-off-dh-enduro-trail-kit-klar-matt\/","og_locale":"sv_SE","og_type":"article","og_title":"MUC-OFF DH\/ENDURO\/TRAIL kit Clear matt - VM Sport","og_description":"MUC-OFF DH\/ENDURO\/TRAIL -sarjan Clear matt -suojasarja tarjoaa maastopy\u00f6r\u00e4ilyn harrastajille erinomaisen suojan py\u00f6r\u00e4n rungolle. T\u00e4m\u00e4 suojasarja auttaa pit\u00e4m\u00e4\u00e4n py\u00f6r\u00e4si uudenveroisena, kun ajat alam\u00e4iss\u00e4 tai poluilla, sill\u00e4 kirkkaan mattapintaiset tarrat suojaavat runkoa naarmuilta ja kolhuilta. Tarrat tarttuvat helposti ja tiukasti py\u00f6r\u00e4n pintaan, mik\u00e4 tekee niiden kiinnitt\u00e4misest\u00e4 helppoa ja nopeaa. T\u00e4m\u00e4 sarja on erityisesti suunniteltu maastopy\u00f6r\u00e4ilij\u00f6ille, jotka arvostavat [...]L\u00e4s mer \u2026 from MUC-OFF DH\/ENDURO\/TRAIL kit Clear matt","og_url":"https:\/\/vmsport.fi\/sv\/webbutik\/dack\/slanglosa-tillbehor\/slanglosa-satser-och-delar\/muc-off-dh-enduro-trail-kit-klar-matt\/","og_site_name":"VM Sport","article_publisher":"https:\/\/www.facebook.com\/Vmsport.fi\/","article_modified_time":"2026-01-16T11:21:14+00:00","og_image":[{"width":800,"height":800,"url":"https:\/\/vmsport.fi\/wp-content\/uploads\/2025\/03\/aB2mPFhA8HZy5rF1FJv5feevwpTD4kjNXXPNw7EvGgzcs7iPKR-1.jpg","type":"image\/jpeg"}],"twitter_card":"summary_large_image","schema":{"@context":"https:\/\/schema.org","@graph":[{"@type":["WebPage","ItemPage"],"@id":"https:\/\/vmsport.fi\/verkkokauppa\/renkaat\/tubeless-tarvikkeet\/tubeless-sarjat-ja-osat\/muc-off-dh-enduro-trail-kit-clear-matt\/","url":"https:\/\/vmsport.fi\/verkkokauppa\/renkaat\/tubeless-tarvikkeet\/tubeless-sarjat-ja-osat\/muc-off-dh-enduro-trail-kit-clear-matt\/","name":"MUC-OFF DH\/ENDURO\/TRAIL sats Klar matt - VM Sport","isPartOf":{"@id":"https:\/\/vmsport.fi\/#website"},"primaryImageOfPage":{"@id":"https:\/\/vmsport.fi\/verkkokauppa\/renkaat\/tubeless-tarvikkeet\/tubeless-sarjat-ja-osat\/muc-off-dh-enduro-trail-kit-clear-matt\/#primaryimage"},"image":{"@id":"https:\/\/vmsport.fi\/verkkokauppa\/renkaat\/tubeless-tarvikkeet\/tubeless-sarjat-ja-osat\/muc-off-dh-enduro-trail-kit-clear-matt\/#primaryimage"},"thumbnailUrl":"https:\/\/vmsport.fi\/wp-content\/uploads\/2025\/03\/aB2mPFhA8HZy5rF1FJv5feevwpTD4kjNXXPNw7EvGgzcs7iPKR-1.jpg","datePublished":"2025-03-05T21:40:49+00:00","dateModified":"2026-01-16T11:21:14+00:00","breadcrumb":{"@id":"https:\/\/vmsport.fi\/verkkokauppa\/renkaat\/tubeless-tarvikkeet\/tubeless-sarjat-ja-osat\/muc-off-dh-enduro-trail-kit-clear-matt\/#breadcrumb"},"inLanguage":"sv-SE","potentialAction":[{"@type":"ReadAction","target":["https:\/\/vmsport.fi\/verkkokauppa\/renkaat\/tubeless-tarvikkeet\/tubeless-sarjat-ja-osat\/muc-off-dh-enduro-trail-kit-clear-matt\/"]}]},{"@type":"ImageObject","inLanguage":"sv-SE","@id":"https:\/\/vmsport.fi\/verkkokauppa\/renkaat\/tubeless-tarvikkeet\/tubeless-sarjat-ja-osat\/muc-off-dh-enduro-trail-kit-clear-matt\/#primaryimage","url":"https:\/\/vmsport.fi\/wp-content\/uploads\/2025\/03\/aB2mPFhA8HZy5rF1FJv5feevwpTD4kjNXXPNw7EvGgzcs7iPKR-1.jpg","contentUrl":"https:\/\/vmsport.fi\/wp-content\/uploads\/2025\/03\/aB2mPFhA8HZy5rF1FJv5feevwpTD4kjNXXPNw7EvGgzcs7iPKR-1.jpg","width":800,"height":800,"caption":"aB2mPFhA8HZy5rF1FJv5feevwpTD4kjNXXPNw7EvGgzcs7iPKR"},{"@type":"BreadcrumbList","@id":"https:\/\/vmsport.fi\/verkkokauppa\/renkaat\/tubeless-tarvikkeet\/tubeless-sarjat-ja-osat\/muc-off-dh-enduro-trail-kit-clear-matt\/#breadcrumb","itemListElement":[{"@type":"ListItem","position":1,"name":"Etusivu","item":"https:\/\/vmsport.fi\/"},{"@type":"ListItem","position":2,"name":"Online Store","item":"https:\/\/vmsport.fi\/en\/online-store\/"},{"@type":"ListItem","position":3,"name":"MUC-OFF DH\/ENDURO\/TRAIL kit Clear matt"}]},{"@type":"WebSite","@id":"https:\/\/vmsport.fi\/#website","url":"https:\/\/vmsport.fi\/","name":"Vmsport","description":"Allt p\u00e5 ett st\u00e4lle f\u00f6r cykling","publisher":{"@id":"https:\/\/vmsport.fi\/#organization"},"potentialAction":[{"@type":"SearchAction","target":{"@type":"EntryPoint","urlTemplate":"https:\/\/vmsport.fi\/?s={search_term_string}"},"query-input":{"@type":"PropertyValueSpecification","valueRequired":true,"valueName":"search_term_string"}}],"inLanguage":"sv-SE"},{"@type":"Organization","@id":"https:\/\/vmsport.fi\/#organization","name":"Vmsport","url":"https:\/\/vmsport.fi\/","logo":{"@type":"ImageObject","inLanguage":"sv-SE","@id":"https:\/\/vmsport.fi\/#\/schema\/logo\/image\/","url":"https:\/\/vmsport.fi\/wp-content\/uploads\/2024\/12\/vm_sport_RGB_horisontal-e1734526017575.png","contentUrl":"https:\/\/vmsport.fi\/wp-content\/uploads\/2024\/12\/vm_sport_RGB_horisontal-e1734526017575.png","width":668,"height":85,"caption":"Vmsport"},"image":{"@id":"https:\/\/vmsport.fi\/#\/schema\/logo\/image\/"},"sameAs":["https:\/\/www.facebook.com\/Vmsport.fi\/","https:\/\/www.instagram.com\/vmsport\/"]}]}},"global_unique_id":"","_links":{"self":[{"href":"https:\/\/vmsport.fi\/sv\/wp-json\/wp\/v2\/product\/53415","targetHints":{"allow":["GET"]}}],"collection":[{"href":"https:\/\/vmsport.fi\/sv\/wp-json\/wp\/v2\/product"}],"about":[{"href":"https:\/\/vmsport.fi\/sv\/wp-json\/wp\/v2\/types\/product"}],"replies":[{"embeddable":true,"href":"https:\/\/vmsport.fi\/sv\/wp-json\/wp\/v2\/comments?post=53415"}],"wp:featuredmedia":[{"embeddable":true,"href":"https:\/\/vmsport.fi\/sv\/wp-json\/wp\/v2\/media\/53414"}],"wp:attachment":[{"href":"https:\/\/vmsport.fi\/sv\/wp-json\/wp\/v2\/media?parent=53415"}],"wp:term":[{"taxonomy":"product_brand","embeddable":true,"href":"https:\/\/vmsport.fi\/sv\/wp-json\/wp\/v2\/product_brand?post=53415"},{"taxonomy":"product_model","embeddable":true,"href":"https:\/\/vmsport.fi\/sv\/wp-json\/wp\/v2\/product_model?post=53415"},{"taxonomy":"product_cat","embeddable":true,"href":"https:\/\/vmsport.fi\/sv\/wp-json\/wp\/v2\/product_cat?post=53415"},{"taxonomy":"product_tag","embeddable":true,"href":"https:\/\/vmsport.fi\/sv\/wp-json\/wp\/v2\/product_tag?post=53415"},{"taxonomy":"industry_terminology","embeddable":true,"href":"https:\/\/vmsport.fi\/sv\/wp-json\/wp\/v2\/industry-terminology?post=53415"}],"curies":[{"name":"wp","href":"https:\/\/api.w.org\/{rel}","templated":true}]}}