{"id":53410,"date":"2025-03-05T23:40:47","date_gmt":"2025-03-05T21:40:47","guid":{"rendered":"https:\/\/vmsport.fi\/verkkokauppa\/Ei-luokiteltu\/trek-district-4-trek-black-satin\/"},"modified":"2026-01-30T12:12:36","modified_gmt":"2026-01-30T10:12:36","slug":"trek-distrikt-4-trek-svart-satin","status":"publish","type":"product","link":"https:\/\/vmsport.fi\/sv\/verkkokauppa\/polkupyorat\/sahkopyorat\/sahkokaupunkipyorat\/trek-district-4-trek-black-satin\/","title":{"rendered":"Trek Distrikt+ 4 - TREK BLACK SATIN"},"content":{"rendered":"<p>District+ 4 tarjoaa laadukkaan ja tukevan alumiinirungon, joustohaarukan ja useita akkukapasiteettivaihtoehtoja, joista l\u00f6ytyy varmasti sopiva erilaisiin k\u00e4ytt\u00f6tarpeisiin. Gatesin hihnavetoinen voimansiirto ja viisivaihteinen napavaihteisto v\u00e4hent\u00e4v\u00e4t huollontarvetta ja pident\u00e4v\u00e4t py\u00f6r\u00e4n kestoik\u00e4\u00e4. Bosch Performance Line -moottori tarjoaa tasaisen s\u00e4hk\u00f6avustuksen jopa 75 Nm:n v\u00e4\u00e4nn\u00f6ll\u00e4, ja \u00e4lyj\u00e4rjestelm\u00e4 mahdollistaa py\u00f6r\u00e4n yhdist\u00e4misen sovellukseen. Vakiovarusteina on muun muassa teline, lokasuojat, valot ja tukijalka, joten py\u00f6r\u00e4 on valmiina k\u00e4ytt\u00f6\u00f6n heti ostaessa.<\/p>","protected":false},"excerpt":{"rendered":"<p>Tukeva alumiinirunko, v\u00e4h\u00e4n huoltoa vaativa hihnaveto ja Boschin \u00e4lyj\u00e4rjestelm\u00e4 tekev\u00e4t District+ 4:st\u00e4 monipuolisen kaupunkis\u00e4hk\u00f6py\u00f6r\u00e4n. [&#8230;]<\/p>\n<p><a class=\"btn btn-secondary understrap-read-more-link\" href=\"https:\/\/vmsport.fi\/sv\/verkkokauppa\/polkupyorat\/sahkopyorat\/sahkokaupunkipyorat\/trek-district-4-trek-black-satin\/\">L\u00e4s mer \u2026<span class=\"screen-reader-text\"> from Trek District+ 4 &#8211; TREK BLACK SATIN<\/span><\/a><\/p>\n","protected":false},"featured_media":53409,"comment_status":"open","ping_status":"closed","template":"","meta":{"_acf_changed":false,"_improvement_type_select":"improve_an_existing","_thumb_yes_seoaic":false,"_frame_yes_seoaic":false,"seoaic_generate_description":"","seoaic_improve_instructions_prompt":"","seoaic_rollback_content_improvement":"","seoaic_idea_thumbnail_generator":"","thumbnail_generated":false,"thumbnail_generate_prompt":"","seoaic_article_description":"","_supplier_stock_quantity":0},"product_brand":[37],"product_model":[1543],"product_cat":[9396],"product_tag":[],"industry-terminology":[],"class_list":{"0":"post-53410","1":"product","2":"type-product","3":"status-publish","4":"has-post-thumbnail","6":"product_brand-trek","7":"product_model-district-plus","8":"product_cat-sahkokaupunkipyorat","10":"first","11":"instock","12":"sale","13":"taxable","14":"shipping-taxable","15":"purchasable","16":"product-type-variable"},"acf":{"bike_features":[{"image":"https:\/\/media.trekbikes.com\/image\/upload\/w_768,c_pad,f_auto,fl_progressive:semi,q_auto\/TK22_LAUNCH_Allant_tech_primary","header":"Integroitu digitaalinen ratkaisu","description":"Boschin \u00e4lyj\u00e4rjestelm\u00e4 yhdist\u00e4\u00e4 kaikki py\u00f6r\u00e4n keskeiset digitoiminnot yhdeksi alustaksi eBike Flow -sovelluksen avulla."},{"image":"https:\/\/media.trekbikes.com\/image\/upload\/w_768,c_pad,f_auto,fl_progressive:semi,q_auto\/TK20_WEB_Range_assistant_city","header":"Mukautettava toimintas\u00e4de","description":"M\u00e4\u00e4rit\u00e4 odotettu toimintas\u00e4de helposti Boschin laskurin avulla, joka on r\u00e4\u00e4t\u00e4l\u00f6ity mallillesi ja ajok\u00e4ytt\u00e4ytymisellesi."}],"overview":{"copy_overview":[{"overview":"District+ 4 on luotettava s\u00e4hk\u00f6py\u00f6r\u00e4 kaupunkiin, joka yhdist\u00e4\u00e4 kest\u00e4vyyden ja tyylikk\u00e4\u00e4n muotoilun. Hydroform-muotoinen alumiinirunko integroituu Bosch PowerPack -akulla sulavan ulkon\u00e4\u00f6n aikaansaamiseksi."},{"overview":"Luotettavan Gates CDX -hihnavedon ja napavaihteiston ansiosta huollon tarvetta on v\u00e4h\u00e4n ja vaihdot ovat sulavia."},{"overview":"Boschin uuden \u00e4lyj\u00e4rjestelm\u00e4n ansiosta voit yhdist\u00e4\u00e4 py\u00f6r\u00e4n \u00e4lypuhelimeesi, mik\u00e4 tarjoaa interaktiivisen ja yhdistetyn ajokokemuksen."},{"overview":"Varustettu kaikilla kaupunkiajoon tarvittavilla ominaisuuksilla, kuten tavaratelineill\u00e4, lokasuojilla ja sis\u00e4\u00e4nrakennetulla valaistuksella; sopii t\u00e4ydellisesti ty\u00f6matkapy\u00f6r\u00e4ilyyn tai vapaa-aikaan."}],"key_features":[{"feature":"Kest\u00e4v\u00e4 mutta mukava kaupunkipy\u00f6r\u00e4."},{"feature":"Boschin Performance Line Cruise -j\u00e4rjestelm\u00e4 tarjoaa k\u00e4ytt\u00e4j\u00e4yst\u00e4v\u00e4llist\u00e4 ja tehokasta s\u00e4hk\u00f6avustusta."},{"feature":"Nelj\u00e4 erilaista akkukapasiteettivaihtoehtoa tarpeidesi mukaan."},{"feature":"Sis\u00e4\u00e4nrakennettu lokasuojat ja valaistus turvallisuutta ja mukavuutta varten."}],"statement":"T\u00e4ydellinen yhdistelm\u00e4 kest\u00e4vyytt\u00e4 ja kevytt\u00e4 modernia muotoilua.","youtube_url":"https:\/\/www.youtube.com\/watch?v=Jy6XxHY0O5Y"}},"yoast_head":"<!-- This site is optimized with the Yoast SEO plugin v27.3 - https:\/\/yoast.com\/product\/yoast-seo-wordpress\/ -->\n<title>Trek District+ 4 - TREK BLACK SATIN - VM Sport<\/title>\n<meta name=\"robots\" content=\"index, follow, max-snippet:-1, max-image-preview:large, max-video-preview:-1\" \/>\n<link rel=\"canonical\" href=\"https:\/\/vmsport.fi\/sv\/webbutik\/cyklar\/sahkopyorat\/sagtand-pyorat\/trek-distrikt-4-trek-svart-satin\/\" \/>\n<meta property=\"og:locale\" content=\"sv_SE\" \/>\n<meta property=\"og:type\" content=\"article\" \/>\n<meta property=\"og:title\" content=\"Trek District+ 4 - TREK BLACK SATIN - VM Sport\" \/>\n<meta property=\"og:description\" content=\"Tukeva alumiinirunko, v\u00e4h\u00e4n huoltoa vaativa hihnaveto ja Boschin \u00e4lyj\u00e4rjestelm\u00e4 tekev\u00e4t District+ 4:st\u00e4 monipuolisen kaupunkis\u00e4hk\u00f6py\u00f6r\u00e4n. [...]L\u00e4s mer \u2026 from Trek District+ 4 &#8211; TREK BLACK SATIN\" \/>\n<meta property=\"og:url\" content=\"https:\/\/vmsport.fi\/sv\/webbutik\/cyklar\/sahkopyorat\/sagtand-pyorat\/trek-distrikt-4-trek-svart-satin\/\" \/>\n<meta property=\"og:site_name\" content=\"VM Sport\" \/>\n<meta property=\"article:publisher\" content=\"https:\/\/www.facebook.com\/Vmsport.fi\/\" \/>\n<meta property=\"article:modified_time\" content=\"2026-01-30T10:12:36+00:00\" \/>\n<meta property=\"og:image\" content=\"https:\/\/vmsport.fi\/wp-content\/uploads\/2025\/03\/1XMrj6nV4evESYqPBjba7P5HfKnMWSiQmce8lnAskst65l4oBv-1.jpg\" \/>\n\t<meta property=\"og:image:width\" content=\"1000\" \/>\n\t<meta property=\"og:image:height\" content=\"649\" \/>\n\t<meta property=\"og:image:type\" content=\"image\/jpeg\" \/>\n<meta name=\"twitter:card\" content=\"summary_large_image\" \/>\n<script type=\"application\/ld+json\" class=\"yoast-schema-graph\">{\"@context\":\"https:\\\/\\\/schema.org\",\"@graph\":[{\"@type\":[\"WebPage\",\"ItemPage\"],\"@id\":\"https:\\\/\\\/vmsport.fi\\\/verkkokauppa\\\/polkupyorat\\\/sahkopyorat\\\/sahkokaupunkipyorat\\\/trek-district-4-trek-black-satin\\\/\",\"url\":\"https:\\\/\\\/vmsport.fi\\\/verkkokauppa\\\/polkupyorat\\\/sahkopyorat\\\/sahkokaupunkipyorat\\\/trek-district-4-trek-black-satin\\\/\",\"name\":\"Trek District+ 4 - TREK BLACK SATIN - VM Sport\",\"isPartOf\":{\"@id\":\"https:\\\/\\\/vmsport.fi\\\/#website\"},\"primaryImageOfPage\":{\"@id\":\"https:\\\/\\\/vmsport.fi\\\/verkkokauppa\\\/polkupyorat\\\/sahkopyorat\\\/sahkokaupunkipyorat\\\/trek-district-4-trek-black-satin\\\/#primaryimage\"},\"image\":{\"@id\":\"https:\\\/\\\/vmsport.fi\\\/verkkokauppa\\\/polkupyorat\\\/sahkopyorat\\\/sahkokaupunkipyorat\\\/trek-district-4-trek-black-satin\\\/#primaryimage\"},\"thumbnailUrl\":\"https:\\\/\\\/vmsport.fi\\\/wp-content\\\/uploads\\\/2025\\\/03\\\/1XMrj6nV4evESYqPBjba7P5HfKnMWSiQmce8lnAskst65l4oBv-1.jpg\",\"datePublished\":\"2025-03-05T21:40:47+00:00\",\"dateModified\":\"2026-01-30T10:12:36+00:00\",\"breadcrumb\":{\"@id\":\"https:\\\/\\\/vmsport.fi\\\/verkkokauppa\\\/polkupyorat\\\/sahkopyorat\\\/sahkokaupunkipyorat\\\/trek-district-4-trek-black-satin\\\/#breadcrumb\"},\"inLanguage\":\"sv-SE\",\"potentialAction\":[{\"@type\":\"ReadAction\",\"target\":[\"https:\\\/\\\/vmsport.fi\\\/verkkokauppa\\\/polkupyorat\\\/sahkopyorat\\\/sahkokaupunkipyorat\\\/trek-district-4-trek-black-satin\\\/\"]}]},{\"@type\":\"ImageObject\",\"inLanguage\":\"sv-SE\",\"@id\":\"https:\\\/\\\/vmsport.fi\\\/verkkokauppa\\\/polkupyorat\\\/sahkopyorat\\\/sahkokaupunkipyorat\\\/trek-district-4-trek-black-satin\\\/#primaryimage\",\"url\":\"https:\\\/\\\/vmsport.fi\\\/wp-content\\\/uploads\\\/2025\\\/03\\\/1XMrj6nV4evESYqPBjba7P5HfKnMWSiQmce8lnAskst65l4oBv-1.jpg\",\"contentUrl\":\"https:\\\/\\\/vmsport.fi\\\/wp-content\\\/uploads\\\/2025\\\/03\\\/1XMrj6nV4evESYqPBjba7P5HfKnMWSiQmce8lnAskst65l4oBv-1.jpg\",\"width\":1000,\"height\":649,\"caption\":\"1XMrj6nV4evESYqPBjba7P5HfKnMWSiQmce8lnAskst65l4oBv\"},{\"@type\":\"BreadcrumbList\",\"@id\":\"https:\\\/\\\/vmsport.fi\\\/verkkokauppa\\\/polkupyorat\\\/sahkopyorat\\\/sahkokaupunkipyorat\\\/trek-district-4-trek-black-satin\\\/#breadcrumb\",\"itemListElement\":[{\"@type\":\"ListItem\",\"position\":1,\"name\":\"Etusivu\",\"item\":\"https:\\\/\\\/vmsport.fi\\\/\"},{\"@type\":\"ListItem\",\"position\":2,\"name\":\"Online Store\",\"item\":\"https:\\\/\\\/vmsport.fi\\\/en\\\/online-store\\\/\"},{\"@type\":\"ListItem\",\"position\":3,\"name\":\"Trek polkupy\u00f6r\u00e4t\",\"item\":\"https:\\\/\\\/vmsport.fi\\\/sv\\\/merkki\\\/trek\\\/\"},{\"@type\":\"ListItem\",\"position\":4,\"name\":\"Trek District+ 4 &#8211; TREK BLACK SATIN\"}]},{\"@type\":\"WebSite\",\"@id\":\"https:\\\/\\\/vmsport.fi\\\/#website\",\"url\":\"https:\\\/\\\/vmsport.fi\\\/\",\"name\":\"Vmsport\",\"description\":\"Kaikki py\u00f6r\u00e4ilyyn yhdest\u00e4 paikasta\",\"publisher\":{\"@id\":\"https:\\\/\\\/vmsport.fi\\\/#organization\"},\"potentialAction\":[{\"@type\":\"SearchAction\",\"target\":{\"@type\":\"EntryPoint\",\"urlTemplate\":\"https:\\\/\\\/vmsport.fi\\\/?s={search_term_string}\"},\"query-input\":{\"@type\":\"PropertyValueSpecification\",\"valueRequired\":true,\"valueName\":\"search_term_string\"}}],\"inLanguage\":\"sv-SE\"},{\"@type\":\"Organization\",\"@id\":\"https:\\\/\\\/vmsport.fi\\\/#organization\",\"name\":\"Vmsport\",\"url\":\"https:\\\/\\\/vmsport.fi\\\/\",\"logo\":{\"@type\":\"ImageObject\",\"inLanguage\":\"sv-SE\",\"@id\":\"https:\\\/\\\/vmsport.fi\\\/#\\\/schema\\\/logo\\\/image\\\/\",\"url\":\"https:\\\/\\\/vmsport.fi\\\/wp-content\\\/uploads\\\/2024\\\/12\\\/vm_sport_RGB_horisontal-e1734526017575.png\",\"contentUrl\":\"https:\\\/\\\/vmsport.fi\\\/wp-content\\\/uploads\\\/2024\\\/12\\\/vm_sport_RGB_horisontal-e1734526017575.png\",\"width\":668,\"height\":85,\"caption\":\"Vmsport\"},\"image\":{\"@id\":\"https:\\\/\\\/vmsport.fi\\\/#\\\/schema\\\/logo\\\/image\\\/\"},\"sameAs\":[\"https:\\\/\\\/www.facebook.com\\\/Vmsport.fi\\\/\",\"https:\\\/\\\/www.instagram.com\\\/vmsport\\\/\"]}]}<\/script>\n<!-- \/ Yoast SEO plugin. -->","yoast_head_json":{"title":"Trek District+ 4 - TREK SVART SATIN - VM Sport","robots":{"index":"index","follow":"follow","max-snippet":"max-snippet:-1","max-image-preview":"max-image-preview:large","max-video-preview":"max-video-preview:-1"},"canonical":"https:\/\/vmsport.fi\/sv\/webbutik\/cyklar\/sahkopyorat\/sagtand-pyorat\/trek-distrikt-4-trek-svart-satin\/","og_locale":"sv_SE","og_type":"article","og_title":"Trek District+ 4 - TREK BLACK SATIN - VM Sport","og_description":"Tukeva alumiinirunko, v\u00e4h\u00e4n huoltoa vaativa hihnaveto ja Boschin \u00e4lyj\u00e4rjestelm\u00e4 tekev\u00e4t District+ 4:st\u00e4 monipuolisen kaupunkis\u00e4hk\u00f6py\u00f6r\u00e4n. [...]L\u00e4s mer \u2026 from Trek District+ 4 &#8211; TREK BLACK SATIN","og_url":"https:\/\/vmsport.fi\/sv\/webbutik\/cyklar\/sahkopyorat\/sagtand-pyorat\/trek-distrikt-4-trek-svart-satin\/","og_site_name":"VM Sport","article_publisher":"https:\/\/www.facebook.com\/Vmsport.fi\/","article_modified_time":"2026-01-30T10:12:36+00:00","og_image":[{"width":1000,"height":649,"url":"https:\/\/vmsport.fi\/wp-content\/uploads\/2025\/03\/1XMrj6nV4evESYqPBjba7P5HfKnMWSiQmce8lnAskst65l4oBv-1.jpg","type":"image\/jpeg"}],"twitter_card":"summary_large_image","schema":{"@context":"https:\/\/schema.org","@graph":[{"@type":["WebPage","ItemPage"],"@id":"https:\/\/vmsport.fi\/verkkokauppa\/polkupyorat\/sahkopyorat\/sahkokaupunkipyorat\/trek-district-4-trek-black-satin\/","url":"https:\/\/vmsport.fi\/verkkokauppa\/polkupyorat\/sahkopyorat\/sahkokaupunkipyorat\/trek-district-4-trek-black-satin\/","name":"Trek District+ 4 - TREK SVART SATIN - VM Sport","isPartOf":{"@id":"https:\/\/vmsport.fi\/#website"},"primaryImageOfPage":{"@id":"https:\/\/vmsport.fi\/verkkokauppa\/polkupyorat\/sahkopyorat\/sahkokaupunkipyorat\/trek-district-4-trek-black-satin\/#primaryimage"},"image":{"@id":"https:\/\/vmsport.fi\/verkkokauppa\/polkupyorat\/sahkopyorat\/sahkokaupunkipyorat\/trek-district-4-trek-black-satin\/#primaryimage"},"thumbnailUrl":"https:\/\/vmsport.fi\/wp-content\/uploads\/2025\/03\/1XMrj6nV4evESYqPBjba7P5HfKnMWSiQmce8lnAskst65l4oBv-1.jpg","datePublished":"2025-03-05T21:40:47+00:00","dateModified":"2026-01-30T10:12:36+00:00","breadcrumb":{"@id":"https:\/\/vmsport.fi\/verkkokauppa\/polkupyorat\/sahkopyorat\/sahkokaupunkipyorat\/trek-district-4-trek-black-satin\/#breadcrumb"},"inLanguage":"sv-SE","potentialAction":[{"@type":"ReadAction","target":["https:\/\/vmsport.fi\/verkkokauppa\/polkupyorat\/sahkopyorat\/sahkokaupunkipyorat\/trek-district-4-trek-black-satin\/"]}]},{"@type":"ImageObject","inLanguage":"sv-SE","@id":"https:\/\/vmsport.fi\/verkkokauppa\/polkupyorat\/sahkopyorat\/sahkokaupunkipyorat\/trek-district-4-trek-black-satin\/#primaryimage","url":"https:\/\/vmsport.fi\/wp-content\/uploads\/2025\/03\/1XMrj6nV4evESYqPBjba7P5HfKnMWSiQmce8lnAskst65l4oBv-1.jpg","contentUrl":"https:\/\/vmsport.fi\/wp-content\/uploads\/2025\/03\/1XMrj6nV4evESYqPBjba7P5HfKnMWSiQmce8lnAskst65l4oBv-1.jpg","width":1000,"height":649,"caption":"1XMrj6nV4evESYqPBjba7P5HfKnMWSiQmce8lnAskst65l4oBv"},{"@type":"BreadcrumbList","@id":"https:\/\/vmsport.fi\/verkkokauppa\/polkupyorat\/sahkopyorat\/sahkokaupunkipyorat\/trek-district-4-trek-black-satin\/#breadcrumb","itemListElement":[{"@type":"ListItem","position":1,"name":"Etusivu","item":"https:\/\/vmsport.fi\/"},{"@type":"ListItem","position":2,"name":"Online Store","item":"https:\/\/vmsport.fi\/en\/online-store\/"},{"@type":"ListItem","position":3,"name":"Trek polkupy\u00f6r\u00e4t","item":"https:\/\/vmsport.fi\/sv\/merkki\/trek\/"},{"@type":"ListItem","position":4,"name":"Trek District+ 4 &#8211; TREK BLACK SATIN"}]},{"@type":"WebSite","@id":"https:\/\/vmsport.fi\/#website","url":"https:\/\/vmsport.fi\/","name":"Vmsport","description":"Allt p\u00e5 ett st\u00e4lle f\u00f6r cykling","publisher":{"@id":"https:\/\/vmsport.fi\/#organization"},"potentialAction":[{"@type":"SearchAction","target":{"@type":"EntryPoint","urlTemplate":"https:\/\/vmsport.fi\/?s={search_term_string}"},"query-input":{"@type":"PropertyValueSpecification","valueRequired":true,"valueName":"search_term_string"}}],"inLanguage":"sv-SE"},{"@type":"Organization","@id":"https:\/\/vmsport.fi\/#organization","name":"Vmsport","url":"https:\/\/vmsport.fi\/","logo":{"@type":"ImageObject","inLanguage":"sv-SE","@id":"https:\/\/vmsport.fi\/#\/schema\/logo\/image\/","url":"https:\/\/vmsport.fi\/wp-content\/uploads\/2024\/12\/vm_sport_RGB_horisontal-e1734526017575.png","contentUrl":"https:\/\/vmsport.fi\/wp-content\/uploads\/2024\/12\/vm_sport_RGB_horisontal-e1734526017575.png","width":668,"height":85,"caption":"Vmsport"},"image":{"@id":"https:\/\/vmsport.fi\/#\/schema\/logo\/image\/"},"sameAs":["https:\/\/www.facebook.com\/Vmsport.fi\/","https:\/\/www.instagram.com\/vmsport\/"]}]}},"global_unique_id":"","_links":{"self":[{"href":"https:\/\/vmsport.fi\/sv\/wp-json\/wp\/v2\/product\/53410","targetHints":{"allow":["GET"]}}],"collection":[{"href":"https:\/\/vmsport.fi\/sv\/wp-json\/wp\/v2\/product"}],"about":[{"href":"https:\/\/vmsport.fi\/sv\/wp-json\/wp\/v2\/types\/product"}],"replies":[{"embeddable":true,"href":"https:\/\/vmsport.fi\/sv\/wp-json\/wp\/v2\/comments?post=53410"}],"wp:featuredmedia":[{"embeddable":true,"href":"https:\/\/vmsport.fi\/sv\/wp-json\/wp\/v2\/media\/53409"}],"wp:attachment":[{"href":"https:\/\/vmsport.fi\/sv\/wp-json\/wp\/v2\/media?parent=53410"}],"wp:term":[{"taxonomy":"product_brand","embeddable":true,"href":"https:\/\/vmsport.fi\/sv\/wp-json\/wp\/v2\/product_brand?post=53410"},{"taxonomy":"product_model","embeddable":true,"href":"https:\/\/vmsport.fi\/sv\/wp-json\/wp\/v2\/product_model?post=53410"},{"taxonomy":"product_cat","embeddable":true,"href":"https:\/\/vmsport.fi\/sv\/wp-json\/wp\/v2\/product_cat?post=53410"},{"taxonomy":"product_tag","embeddable":true,"href":"https:\/\/vmsport.fi\/sv\/wp-json\/wp\/v2\/product_tag?post=53410"},{"taxonomy":"industry_terminology","embeddable":true,"href":"https:\/\/vmsport.fi\/sv\/wp-json\/wp\/v2\/industry-terminology?post=53410"}],"curies":[{"name":"wp","href":"https:\/\/api.w.org\/{rel}","templated":true}]}}