{"id":53405,"date":"2025-03-05T23:40:45","date_gmt":"2025-03-05T21:40:45","guid":{"rendered":"https:\/\/vmsport.fi\/verkkokauppa\/Ei-luokiteltu\/laukku-gravel-ohjaustankoon-pieni-25l\/"},"modified":"2026-04-22T15:02:57","modified_gmt":"2026-04-22T12:02:57","slug":"laukku-gravel-ohjaustankoon-pieni-25l","status":"publish","type":"product","link":"https:\/\/vmsport.fi\/sv\/verkkokauppa\/tarvikkeet\/laukut\/tankolaukut\/laukku-gravel-ohjaustankoon-pieni-25l\/","title":{"rendered":"V\u00e4ska Gravel styre liten, 2,5l"},"content":{"rendered":"<p>Ohjaustankoon kiinnitett\u00e4v\u00e4 Gravel-laukku on kompakti ja kest\u00e4v\u00e4 s\u00e4ilytysratkaisu py\u00f6r\u00e4ilij\u00f6ille. Sen 2,5 litran tilavuus tarjoaa riitt\u00e4v\u00e4sti tilaa t\u00e4rkeille tavaroille s\u00e4ilytt\u00e4en kuitenkin pienen ja huomaamattoman muotonsa. Erityisesti sorapy\u00f6r\u00e4ilyyn suunniteltu laukku kiinnittyy ohjaustankoon helposti, varmistaen tavaroiden turvallisen kuljetuksen. Vankka rakenne takaa pitk\u00e4kestoisen k\u00e4yt\u00f6n, ja kompakti muotoilu ei h\u00e4iritse ajon sujuvuutta. T\u00e4m\u00e4 k\u00e4yt\u00e4nn\u00f6llinen lis\u00e4varuste on hy\u00f6dyllinen jokaiselle py\u00f6r\u00e4ilij\u00e4lle.<\/p>","protected":false},"excerpt":{"rendered":"<p>Ohjaustankoon kiinnitett\u00e4v\u00e4 Gravel-laukku on kompakti ja kest\u00e4v\u00e4 s\u00e4ilytysratkaisu py\u00f6r\u00e4ilij\u00f6ille. Sen 2,5 litran tilavuus tarjoaa riitt\u00e4v\u00e4sti tilaa t\u00e4rkeille tavaroille s\u00e4ilytt\u00e4en kuitenkin pienen ja huomaamattoman muotonsa. Erityisesti sorapy\u00f6r\u00e4ilyyn suunniteltu laukku kiinnittyy ohjaustankoon helposti, varmistaen tavaroiden turvallisen kuljetuksen. Vankka rakenne takaa pitk\u00e4kestoisen k\u00e4yt\u00f6n, ja kompakti muotoilu ei h\u00e4iritse ajon sujuvuutta. T\u00e4m\u00e4 k\u00e4yt\u00e4nn\u00f6llinen lis\u00e4varuste on hy\u00f6dyllinen jokaiselle py\u00f6r\u00e4ilij\u00e4lle. [&#8230;]<\/p>\n<p><a class=\"btn btn-secondary understrap-read-more-link\" href=\"https:\/\/vmsport.fi\/sv\/verkkokauppa\/tarvikkeet\/laukut\/tankolaukut\/laukku-gravel-ohjaustankoon-pieni-25l\/\">L\u00e4s mer \u2026<span class=\"screen-reader-text\"> from Laukku Gravel ohjaustankoon pieni, 2,5l<\/span><\/a><\/p>\n","protected":false},"featured_media":53404,"comment_status":"open","ping_status":"closed","template":"","meta":{"_acf_changed":false,"_improvement_type_select":"improve_an_existing","_thumb_yes_seoaic":false,"_frame_yes_seoaic":false,"seoaic_generate_description":"","seoaic_improve_instructions_prompt":"","seoaic_rollback_content_improvement":"","seoaic_idea_thumbnail_generator":"","thumbnail_generated":false,"thumbnail_generate_prompt":"","seoaic_article_description":"","_supplier_stock_quantity":0},"product_brand":[],"product_model":[],"product_cat":[9598],"product_tag":[],"industry-terminology":[],"class_list":{"0":"post-53405","1":"product","2":"type-product","3":"status-publish","4":"has-post-thumbnail","6":"product_cat-tankolaukut","8":"first","9":"instock","10":"taxable","11":"shipping-taxable","12":"purchasable","13":"product-type-simple"},"acf":{"bike_features":null,"overview":{"copy_overview":null,"key_features":null,"statement":"","youtube_url":""}},"yoast_head":"<!-- This site is optimized with the Yoast SEO plugin v27.4 - https:\/\/yoast.com\/product\/yoast-seo-wordpress\/ -->\n<title>Laukku Gravel ohjaustankoon pieni, 2,5l - VM Sport<\/title>\n<meta name=\"robots\" content=\"index, follow, max-snippet:-1, max-image-preview:large, max-video-preview:-1\" \/>\n<link rel=\"canonical\" href=\"https:\/\/vmsport.fi\/sv\/webbutik\/tillbehor\/vaskor\/tankvaskor\/laukku-gravel-ohjaustankoon-pieni-25l\/\" \/>\n<meta property=\"og:locale\" content=\"sv_SE\" \/>\n<meta property=\"og:type\" content=\"article\" \/>\n<meta property=\"og:title\" content=\"Laukku Gravel ohjaustankoon pieni, 2,5l - VM Sport\" \/>\n<meta property=\"og:description\" content=\"Ohjaustankoon kiinnitett\u00e4v\u00e4 Gravel-laukku on kompakti ja kest\u00e4v\u00e4 s\u00e4ilytysratkaisu py\u00f6r\u00e4ilij\u00f6ille. Sen 2,5 litran tilavuus tarjoaa riitt\u00e4v\u00e4sti tilaa t\u00e4rkeille tavaroille s\u00e4ilytt\u00e4en kuitenkin pienen ja huomaamattoman muotonsa. Erityisesti sorapy\u00f6r\u00e4ilyyn suunniteltu laukku kiinnittyy ohjaustankoon helposti, varmistaen tavaroiden turvallisen kuljetuksen. Vankka rakenne takaa pitk\u00e4kestoisen k\u00e4yt\u00f6n, ja kompakti muotoilu ei h\u00e4iritse ajon sujuvuutta. T\u00e4m\u00e4 k\u00e4yt\u00e4nn\u00f6llinen lis\u00e4varuste on hy\u00f6dyllinen jokaiselle py\u00f6r\u00e4ilij\u00e4lle. [...]L\u00e4s mer \u2026 from Laukku Gravel ohjaustankoon pieni, 2,5l\" \/>\n<meta property=\"og:url\" content=\"https:\/\/vmsport.fi\/sv\/webbutik\/tillbehor\/vaskor\/tankvaskor\/laukku-gravel-ohjaustankoon-pieni-25l\/\" \/>\n<meta property=\"og:site_name\" content=\"VM Sport\" \/>\n<meta property=\"article:publisher\" content=\"https:\/\/www.facebook.com\/Vmsport.fi\/\" \/>\n<meta property=\"article:modified_time\" content=\"2026-04-22T12:02:57+00:00\" \/>\n<meta property=\"og:image\" content=\"https:\/\/vmsport.fi\/wp-content\/uploads\/2025\/03\/Fe9CBAZgA5SbhFxcvzxm29Fs3dteGfBNYKaY1N0LP9bVqzPtsR-1.jpg\" \/>\n\t<meta property=\"og:image:width\" content=\"600\" \/>\n\t<meta property=\"og:image:height\" content=\"600\" \/>\n\t<meta property=\"og:image:type\" content=\"image\/jpeg\" \/>\n<meta name=\"twitter:card\" content=\"summary_large_image\" \/>\n<script type=\"application\/ld+json\" class=\"yoast-schema-graph\">{\"@context\":\"https:\\\/\\\/schema.org\",\"@graph\":[{\"@type\":[\"WebPage\",\"ItemPage\"],\"@id\":\"https:\\\/\\\/vmsport.fi\\\/verkkokauppa\\\/tarvikkeet\\\/laukut\\\/tankolaukut\\\/laukku-gravel-ohjaustankoon-pieni-25l\\\/\",\"url\":\"https:\\\/\\\/vmsport.fi\\\/verkkokauppa\\\/tarvikkeet\\\/laukut\\\/tankolaukut\\\/laukku-gravel-ohjaustankoon-pieni-25l\\\/\",\"name\":\"Laukku Gravel ohjaustankoon pieni, 2,5l - VM Sport\",\"isPartOf\":{\"@id\":\"https:\\\/\\\/vmsport.fi\\\/#website\"},\"primaryImageOfPage\":{\"@id\":\"https:\\\/\\\/vmsport.fi\\\/verkkokauppa\\\/tarvikkeet\\\/laukut\\\/tankolaukut\\\/laukku-gravel-ohjaustankoon-pieni-25l\\\/#primaryimage\"},\"image\":{\"@id\":\"https:\\\/\\\/vmsport.fi\\\/verkkokauppa\\\/tarvikkeet\\\/laukut\\\/tankolaukut\\\/laukku-gravel-ohjaustankoon-pieni-25l\\\/#primaryimage\"},\"thumbnailUrl\":\"https:\\\/\\\/vmsport.fi\\\/wp-content\\\/uploads\\\/2025\\\/03\\\/Fe9CBAZgA5SbhFxcvzxm29Fs3dteGfBNYKaY1N0LP9bVqzPtsR-1.jpg\",\"datePublished\":\"2025-03-05T21:40:45+00:00\",\"dateModified\":\"2026-04-22T12:02:57+00:00\",\"breadcrumb\":{\"@id\":\"https:\\\/\\\/vmsport.fi\\\/verkkokauppa\\\/tarvikkeet\\\/laukut\\\/tankolaukut\\\/laukku-gravel-ohjaustankoon-pieni-25l\\\/#breadcrumb\"},\"inLanguage\":\"sv-SE\",\"potentialAction\":[{\"@type\":\"ReadAction\",\"target\":[\"https:\\\/\\\/vmsport.fi\\\/verkkokauppa\\\/tarvikkeet\\\/laukut\\\/tankolaukut\\\/laukku-gravel-ohjaustankoon-pieni-25l\\\/\"]}]},{\"@type\":\"ImageObject\",\"inLanguage\":\"sv-SE\",\"@id\":\"https:\\\/\\\/vmsport.fi\\\/verkkokauppa\\\/tarvikkeet\\\/laukut\\\/tankolaukut\\\/laukku-gravel-ohjaustankoon-pieni-25l\\\/#primaryimage\",\"url\":\"https:\\\/\\\/vmsport.fi\\\/wp-content\\\/uploads\\\/2025\\\/03\\\/Fe9CBAZgA5SbhFxcvzxm29Fs3dteGfBNYKaY1N0LP9bVqzPtsR-1.jpg\",\"contentUrl\":\"https:\\\/\\\/vmsport.fi\\\/wp-content\\\/uploads\\\/2025\\\/03\\\/Fe9CBAZgA5SbhFxcvzxm29Fs3dteGfBNYKaY1N0LP9bVqzPtsR-1.jpg\",\"width\":600,\"height\":600,\"caption\":\"Fe9CBAZgA5SbhFxcvzxm29Fs3dteGfBNYKaY1N0LP9bVqzPtsR\"},{\"@type\":\"BreadcrumbList\",\"@id\":\"https:\\\/\\\/vmsport.fi\\\/verkkokauppa\\\/tarvikkeet\\\/laukut\\\/tankolaukut\\\/laukku-gravel-ohjaustankoon-pieni-25l\\\/#breadcrumb\",\"itemListElement\":[{\"@type\":\"ListItem\",\"position\":1,\"name\":\"Etusivu\",\"item\":\"https:\\\/\\\/vmsport.fi\\\/\"},{\"@type\":\"ListItem\",\"position\":2,\"name\":\"Online Store\",\"item\":\"https:\\\/\\\/vmsport.fi\\\/en\\\/online-store\\\/\"},{\"@type\":\"ListItem\",\"position\":3,\"name\":\"Laukku Gravel ohjaustankoon pieni, 2,5l\"}]},{\"@type\":\"WebSite\",\"@id\":\"https:\\\/\\\/vmsport.fi\\\/#website\",\"url\":\"https:\\\/\\\/vmsport.fi\\\/\",\"name\":\"Vmsport\",\"description\":\"Kaikki py\u00f6r\u00e4ilyyn yhdest\u00e4 paikasta\",\"publisher\":{\"@id\":\"https:\\\/\\\/vmsport.fi\\\/#organization\"},\"potentialAction\":[{\"@type\":\"SearchAction\",\"target\":{\"@type\":\"EntryPoint\",\"urlTemplate\":\"https:\\\/\\\/vmsport.fi\\\/?s={search_term_string}\"},\"query-input\":{\"@type\":\"PropertyValueSpecification\",\"valueRequired\":true,\"valueName\":\"search_term_string\"}}],\"inLanguage\":\"sv-SE\"},{\"@type\":\"Organization\",\"@id\":\"https:\\\/\\\/vmsport.fi\\\/#organization\",\"name\":\"Vmsport\",\"url\":\"https:\\\/\\\/vmsport.fi\\\/\",\"logo\":{\"@type\":\"ImageObject\",\"inLanguage\":\"sv-SE\",\"@id\":\"https:\\\/\\\/vmsport.fi\\\/#\\\/schema\\\/logo\\\/image\\\/\",\"url\":\"https:\\\/\\\/vmsport.fi\\\/wp-content\\\/uploads\\\/2024\\\/12\\\/vm_sport_RGB_horisontal-e1734526017575.png\",\"contentUrl\":\"https:\\\/\\\/vmsport.fi\\\/wp-content\\\/uploads\\\/2024\\\/12\\\/vm_sport_RGB_horisontal-e1734526017575.png\",\"width\":668,\"height\":85,\"caption\":\"Vmsport\"},\"image\":{\"@id\":\"https:\\\/\\\/vmsport.fi\\\/#\\\/schema\\\/logo\\\/image\\\/\"},\"sameAs\":[\"https:\\\/\\\/www.facebook.com\\\/Vmsport.fi\\\/\",\"https:\\\/\\\/www.instagram.com\\\/vmsport\\\/\"]}]}<\/script>\n<!-- \/ Yoast SEO plugin. -->","yoast_head_json":{"title":"Laukku Gravel ohjaustankoon pieni, 2,5l - VM Sport","robots":{"index":"index","follow":"follow","max-snippet":"max-snippet:-1","max-image-preview":"max-image-preview:large","max-video-preview":"max-video-preview:-1"},"canonical":"https:\/\/vmsport.fi\/sv\/webbutik\/tillbehor\/vaskor\/tankvaskor\/laukku-gravel-ohjaustankoon-pieni-25l\/","og_locale":"sv_SE","og_type":"article","og_title":"Laukku Gravel ohjaustankoon pieni, 2,5l - VM Sport","og_description":"Ohjaustankoon kiinnitett\u00e4v\u00e4 Gravel-laukku on kompakti ja kest\u00e4v\u00e4 s\u00e4ilytysratkaisu py\u00f6r\u00e4ilij\u00f6ille. Sen 2,5 litran tilavuus tarjoaa riitt\u00e4v\u00e4sti tilaa t\u00e4rkeille tavaroille s\u00e4ilytt\u00e4en kuitenkin pienen ja huomaamattoman muotonsa. Erityisesti sorapy\u00f6r\u00e4ilyyn suunniteltu laukku kiinnittyy ohjaustankoon helposti, varmistaen tavaroiden turvallisen kuljetuksen. Vankka rakenne takaa pitk\u00e4kestoisen k\u00e4yt\u00f6n, ja kompakti muotoilu ei h\u00e4iritse ajon sujuvuutta. T\u00e4m\u00e4 k\u00e4yt\u00e4nn\u00f6llinen lis\u00e4varuste on hy\u00f6dyllinen jokaiselle py\u00f6r\u00e4ilij\u00e4lle. [...]L\u00e4s mer \u2026 from Laukku Gravel ohjaustankoon pieni, 2,5l","og_url":"https:\/\/vmsport.fi\/sv\/webbutik\/tillbehor\/vaskor\/tankvaskor\/laukku-gravel-ohjaustankoon-pieni-25l\/","og_site_name":"VM Sport","article_publisher":"https:\/\/www.facebook.com\/Vmsport.fi\/","article_modified_time":"2026-04-22T12:02:57+00:00","og_image":[{"width":600,"height":600,"url":"https:\/\/vmsport.fi\/wp-content\/uploads\/2025\/03\/Fe9CBAZgA5SbhFxcvzxm29Fs3dteGfBNYKaY1N0LP9bVqzPtsR-1.jpg","type":"image\/jpeg"}],"twitter_card":"summary_large_image","schema":{"@context":"https:\/\/schema.org","@graph":[{"@type":["WebPage","ItemPage"],"@id":"https:\/\/vmsport.fi\/verkkokauppa\/tarvikkeet\/laukut\/tankolaukut\/laukku-gravel-ohjaustankoon-pieni-25l\/","url":"https:\/\/vmsport.fi\/verkkokauppa\/tarvikkeet\/laukut\/tankolaukut\/laukku-gravel-ohjaustankoon-pieni-25l\/","name":"Laukku Gravel ohjaustankoon pieni, 2,5l - VM Sport","isPartOf":{"@id":"https:\/\/vmsport.fi\/#website"},"primaryImageOfPage":{"@id":"https:\/\/vmsport.fi\/verkkokauppa\/tarvikkeet\/laukut\/tankolaukut\/laukku-gravel-ohjaustankoon-pieni-25l\/#primaryimage"},"image":{"@id":"https:\/\/vmsport.fi\/verkkokauppa\/tarvikkeet\/laukut\/tankolaukut\/laukku-gravel-ohjaustankoon-pieni-25l\/#primaryimage"},"thumbnailUrl":"https:\/\/vmsport.fi\/wp-content\/uploads\/2025\/03\/Fe9CBAZgA5SbhFxcvzxm29Fs3dteGfBNYKaY1N0LP9bVqzPtsR-1.jpg","datePublished":"2025-03-05T21:40:45+00:00","dateModified":"2026-04-22T12:02:57+00:00","breadcrumb":{"@id":"https:\/\/vmsport.fi\/verkkokauppa\/tarvikkeet\/laukut\/tankolaukut\/laukku-gravel-ohjaustankoon-pieni-25l\/#breadcrumb"},"inLanguage":"sv-SE","potentialAction":[{"@type":"ReadAction","target":["https:\/\/vmsport.fi\/verkkokauppa\/tarvikkeet\/laukut\/tankolaukut\/laukku-gravel-ohjaustankoon-pieni-25l\/"]}]},{"@type":"ImageObject","inLanguage":"sv-SE","@id":"https:\/\/vmsport.fi\/verkkokauppa\/tarvikkeet\/laukut\/tankolaukut\/laukku-gravel-ohjaustankoon-pieni-25l\/#primaryimage","url":"https:\/\/vmsport.fi\/wp-content\/uploads\/2025\/03\/Fe9CBAZgA5SbhFxcvzxm29Fs3dteGfBNYKaY1N0LP9bVqzPtsR-1.jpg","contentUrl":"https:\/\/vmsport.fi\/wp-content\/uploads\/2025\/03\/Fe9CBAZgA5SbhFxcvzxm29Fs3dteGfBNYKaY1N0LP9bVqzPtsR-1.jpg","width":600,"height":600,"caption":"Fe9CBAZgA5SbhFxcvzxm29Fs3dteGfBNYKaY1N0LP9bVqzPtsR"},{"@type":"BreadcrumbList","@id":"https:\/\/vmsport.fi\/verkkokauppa\/tarvikkeet\/laukut\/tankolaukut\/laukku-gravel-ohjaustankoon-pieni-25l\/#breadcrumb","itemListElement":[{"@type":"ListItem","position":1,"name":"Etusivu","item":"https:\/\/vmsport.fi\/"},{"@type":"ListItem","position":2,"name":"Online Store","item":"https:\/\/vmsport.fi\/en\/online-store\/"},{"@type":"ListItem","position":3,"name":"Laukku Gravel ohjaustankoon pieni, 2,5l"}]},{"@type":"WebSite","@id":"https:\/\/vmsport.fi\/#website","url":"https:\/\/vmsport.fi\/","name":"Vmsport","description":"Allt p\u00e5 ett st\u00e4lle f\u00f6r cykling","publisher":{"@id":"https:\/\/vmsport.fi\/#organization"},"potentialAction":[{"@type":"SearchAction","target":{"@type":"EntryPoint","urlTemplate":"https:\/\/vmsport.fi\/?s={search_term_string}"},"query-input":{"@type":"PropertyValueSpecification","valueRequired":true,"valueName":"search_term_string"}}],"inLanguage":"sv-SE"},{"@type":"Organization","@id":"https:\/\/vmsport.fi\/#organization","name":"Vmsport","url":"https:\/\/vmsport.fi\/","logo":{"@type":"ImageObject","inLanguage":"sv-SE","@id":"https:\/\/vmsport.fi\/#\/schema\/logo\/image\/","url":"https:\/\/vmsport.fi\/wp-content\/uploads\/2024\/12\/vm_sport_RGB_horisontal-e1734526017575.png","contentUrl":"https:\/\/vmsport.fi\/wp-content\/uploads\/2024\/12\/vm_sport_RGB_horisontal-e1734526017575.png","width":668,"height":85,"caption":"Vmsport"},"image":{"@id":"https:\/\/vmsport.fi\/#\/schema\/logo\/image\/"},"sameAs":["https:\/\/www.facebook.com\/Vmsport.fi\/","https:\/\/www.instagram.com\/vmsport\/"]}]}},"global_unique_id":"","_links":{"self":[{"href":"https:\/\/vmsport.fi\/sv\/wp-json\/wp\/v2\/product\/53405","targetHints":{"allow":["GET"]}}],"collection":[{"href":"https:\/\/vmsport.fi\/sv\/wp-json\/wp\/v2\/product"}],"about":[{"href":"https:\/\/vmsport.fi\/sv\/wp-json\/wp\/v2\/types\/product"}],"replies":[{"embeddable":true,"href":"https:\/\/vmsport.fi\/sv\/wp-json\/wp\/v2\/comments?post=53405"}],"wp:featuredmedia":[{"embeddable":true,"href":"https:\/\/vmsport.fi\/sv\/wp-json\/wp\/v2\/media\/53404"}],"wp:attachment":[{"href":"https:\/\/vmsport.fi\/sv\/wp-json\/wp\/v2\/media?parent=53405"}],"wp:term":[{"taxonomy":"product_brand","embeddable":true,"href":"https:\/\/vmsport.fi\/sv\/wp-json\/wp\/v2\/product_brand?post=53405"},{"taxonomy":"product_model","embeddable":true,"href":"https:\/\/vmsport.fi\/sv\/wp-json\/wp\/v2\/product_model?post=53405"},{"taxonomy":"product_cat","embeddable":true,"href":"https:\/\/vmsport.fi\/sv\/wp-json\/wp\/v2\/product_cat?post=53405"},{"taxonomy":"product_tag","embeddable":true,"href":"https:\/\/vmsport.fi\/sv\/wp-json\/wp\/v2\/product_tag?post=53405"},{"taxonomy":"industry_terminology","embeddable":true,"href":"https:\/\/vmsport.fi\/sv\/wp-json\/wp\/v2\/industry-terminology?post=53405"}],"curies":[{"name":"wp","href":"https:\/\/api.w.org\/{rel}","templated":true}]}}