{"id":53403,"date":"2025-03-05T23:40:44","date_gmt":"2025-03-05T21:40:44","guid":{"rendered":"https:\/\/vmsport.fi\/verkkokauppa\/Ei-luokiteltu\/full-suspension-heavy-contact-sealed-bearing-17x30x7mm\/"},"modified":"2026-01-16T13:23:12","modified_gmt":"2026-01-16T11:23:12","slug":"full-suspension-heavy-contact-sealed-bearing-17x30x7mm","status":"publish","type":"product","link":"https:\/\/vmsport.fi\/sv\/verkkokauppa\/varaosat\/kiekot-ja-navat\/laakerit\/full-suspension-heavy-contact-sealed-bearing-17x30x7mm\/","title":{"rendered":"Full Suspension Heavy Contact Sealed Lager 17x30x7mm"},"content":{"rendered":"<p>T\u00e4ysjousitettu raskaan k\u00e4yt\u00f6n tiivistetty laakeri, jonka mitat ovat 17x30x7 mm, tarjoaa erinomaisen kest\u00e4vyyden ja suojan vaativissa olosuhteissa. Se on suunniteltu tehokkaasti v\u00e4hent\u00e4m\u00e4\u00e4n kitkaa ja pident\u00e4m\u00e4\u00e4n k\u00e4ytt\u00f6ik\u00e4\u00e4. T\u00e4m\u00e4 laakeri soveltuu erityisesti kohteisiin, joissa tarvitaan luotettavaa ja pitk\u00e4ik\u00e4ist\u00e4 suorituskyky\u00e4. Sen tiivistys est\u00e4\u00e4 lian ja kosteuden p\u00e4\u00e4syn laakeriin, mik\u00e4 auttaa yll\u00e4pit\u00e4m\u00e4\u00e4n laitteen toimintakyky\u00e4. Erinomainen valinta, jos etsit ratkaisua, joka yhdist\u00e4\u00e4 tehokkuuden ja luotettavuuden.<\/p>","protected":false},"excerpt":{"rendered":"<p>T\u00e4ysjousitettu raskaan k\u00e4yt\u00f6n tiivistetty laakeri, jonka mitat ovat 17x30x7 mm, tarjoaa erinomaisen kest\u00e4vyyden ja suojan vaativissa olosuhteissa. Se on suunniteltu tehokkaasti v\u00e4hent\u00e4m\u00e4\u00e4n kitkaa ja pident\u00e4m\u00e4\u00e4n k\u00e4ytt\u00f6ik\u00e4\u00e4. T\u00e4m\u00e4 laakeri soveltuu erityisesti kohteisiin, joissa tarvitaan luotettavaa ja pitk\u00e4ik\u00e4ist\u00e4 suorituskyky\u00e4. Sen tiivistys est\u00e4\u00e4 lian ja kosteuden p\u00e4\u00e4syn laakeriin, mik\u00e4 auttaa yll\u00e4pit\u00e4m\u00e4\u00e4n laitteen toimintakyky\u00e4. Erinomainen valinta, jos etsit ratkaisua, [&#8230;]<\/p>\n<p><a class=\"btn btn-secondary understrap-read-more-link\" href=\"https:\/\/vmsport.fi\/sv\/verkkokauppa\/varaosat\/kiekot-ja-navat\/laakerit\/full-suspension-heavy-contact-sealed-bearing-17x30x7mm\/\">L\u00e4s mer \u2026<span class=\"screen-reader-text\"> from Full Suspension Heavy Contact Sealed Bearing 17x30x7mm<\/span><\/a><\/p>\n","protected":false},"featured_media":53402,"comment_status":"open","ping_status":"closed","template":"","meta":{"_acf_changed":false,"_improvement_type_select":"improve_an_existing","_thumb_yes_seoaic":false,"_frame_yes_seoaic":false,"seoaic_generate_description":"","seoaic_improve_instructions_prompt":"","seoaic_rollback_content_improvement":"","seoaic_idea_thumbnail_generator":"","thumbnail_generated":false,"thumbnail_generate_prompt":"","seoaic_article_description":"","_supplier_stock_quantity":0},"product_brand":[],"product_model":[],"product_cat":[9464],"product_tag":[],"industry-terminology":[],"class_list":{"0":"post-53403","1":"product","2":"type-product","3":"status-publish","4":"has-post-thumbnail","6":"product_cat-laakerit","8":"first","9":"outofstock","10":"taxable","11":"shipping-taxable","12":"product-type-simple"},"acf":{"bike_features":null,"overview":{"copy_overview":null,"key_features":null,"statement":"","youtube_url":""}},"yoast_head":"<!-- This site is optimized with the Yoast SEO plugin v27.3 - https:\/\/yoast.com\/product\/yoast-seo-wordpress\/ -->\n<title>Full Suspension Heavy Contact Sealed Bearing 17x30x7mm - VM Sport<\/title>\n<meta name=\"robots\" content=\"index, follow, max-snippet:-1, max-image-preview:large, max-video-preview:-1\" \/>\n<link rel=\"canonical\" href=\"https:\/\/vmsport.fi\/sv\/webbutik\/reservdelar\/skivor-och-nav\/lager\/full-suspension-heavy-contact-sealed-bearing-17x30x7mm\/\" \/>\n<meta property=\"og:locale\" content=\"sv_SE\" \/>\n<meta property=\"og:type\" content=\"article\" \/>\n<meta property=\"og:title\" content=\"Full Suspension Heavy Contact Sealed Bearing 17x30x7mm - VM Sport\" \/>\n<meta property=\"og:description\" content=\"T\u00e4ysjousitettu raskaan k\u00e4yt\u00f6n tiivistetty laakeri, jonka mitat ovat 17x30x7 mm, tarjoaa erinomaisen kest\u00e4vyyden ja suojan vaativissa olosuhteissa. Se on suunniteltu tehokkaasti v\u00e4hent\u00e4m\u00e4\u00e4n kitkaa ja pident\u00e4m\u00e4\u00e4n k\u00e4ytt\u00f6ik\u00e4\u00e4. T\u00e4m\u00e4 laakeri soveltuu erityisesti kohteisiin, joissa tarvitaan luotettavaa ja pitk\u00e4ik\u00e4ist\u00e4 suorituskyky\u00e4. Sen tiivistys est\u00e4\u00e4 lian ja kosteuden p\u00e4\u00e4syn laakeriin, mik\u00e4 auttaa yll\u00e4pit\u00e4m\u00e4\u00e4n laitteen toimintakyky\u00e4. Erinomainen valinta, jos etsit ratkaisua, [...]L\u00e4s mer \u2026 from Full Suspension Heavy Contact Sealed Bearing 17x30x7mm\" \/>\n<meta property=\"og:url\" content=\"https:\/\/vmsport.fi\/sv\/webbutik\/reservdelar\/skivor-och-nav\/lager\/full-suspension-heavy-contact-sealed-bearing-17x30x7mm\/\" \/>\n<meta property=\"og:site_name\" content=\"VM Sport\" \/>\n<meta property=\"article:publisher\" content=\"https:\/\/www.facebook.com\/Vmsport.fi\/\" \/>\n<meta property=\"article:modified_time\" content=\"2026-01-16T11:23:12+00:00\" \/>\n<meta property=\"og:image\" content=\"https:\/\/vmsport.fi\/wp-content\/uploads\/2025\/03\/TrekFullSuspensionHeavyContactSealedBearing17x30x7mm-40255-B-Primary-1.jpg\" \/>\n\t<meta property=\"og:image:width\" content=\"1000\" \/>\n\t<meta property=\"og:image:height\" content=\"750\" \/>\n\t<meta property=\"og:image:type\" content=\"image\/jpeg\" \/>\n<meta name=\"twitter:card\" content=\"summary_large_image\" \/>\n<script type=\"application\/ld+json\" class=\"yoast-schema-graph\">{\"@context\":\"https:\\\/\\\/schema.org\",\"@graph\":[{\"@type\":[\"WebPage\",\"ItemPage\"],\"@id\":\"https:\\\/\\\/vmsport.fi\\\/verkkokauppa\\\/varaosat\\\/kiekot-ja-navat\\\/laakerit\\\/full-suspension-heavy-contact-sealed-bearing-17x30x7mm\\\/\",\"url\":\"https:\\\/\\\/vmsport.fi\\\/verkkokauppa\\\/varaosat\\\/kiekot-ja-navat\\\/laakerit\\\/full-suspension-heavy-contact-sealed-bearing-17x30x7mm\\\/\",\"name\":\"Full Suspension Heavy Contact Sealed Bearing 17x30x7mm - VM Sport\",\"isPartOf\":{\"@id\":\"https:\\\/\\\/vmsport.fi\\\/#website\"},\"primaryImageOfPage\":{\"@id\":\"https:\\\/\\\/vmsport.fi\\\/verkkokauppa\\\/varaosat\\\/kiekot-ja-navat\\\/laakerit\\\/full-suspension-heavy-contact-sealed-bearing-17x30x7mm\\\/#primaryimage\"},\"image\":{\"@id\":\"https:\\\/\\\/vmsport.fi\\\/verkkokauppa\\\/varaosat\\\/kiekot-ja-navat\\\/laakerit\\\/full-suspension-heavy-contact-sealed-bearing-17x30x7mm\\\/#primaryimage\"},\"thumbnailUrl\":\"https:\\\/\\\/vmsport.fi\\\/wp-content\\\/uploads\\\/2025\\\/03\\\/TrekFullSuspensionHeavyContactSealedBearing17x30x7mm-40255-B-Primary-1.jpg\",\"datePublished\":\"2025-03-05T21:40:44+00:00\",\"dateModified\":\"2026-01-16T11:23:12+00:00\",\"breadcrumb\":{\"@id\":\"https:\\\/\\\/vmsport.fi\\\/verkkokauppa\\\/varaosat\\\/kiekot-ja-navat\\\/laakerit\\\/full-suspension-heavy-contact-sealed-bearing-17x30x7mm\\\/#breadcrumb\"},\"inLanguage\":\"sv-SE\",\"potentialAction\":[{\"@type\":\"ReadAction\",\"target\":[\"https:\\\/\\\/vmsport.fi\\\/verkkokauppa\\\/varaosat\\\/kiekot-ja-navat\\\/laakerit\\\/full-suspension-heavy-contact-sealed-bearing-17x30x7mm\\\/\"]}]},{\"@type\":\"ImageObject\",\"inLanguage\":\"sv-SE\",\"@id\":\"https:\\\/\\\/vmsport.fi\\\/verkkokauppa\\\/varaosat\\\/kiekot-ja-navat\\\/laakerit\\\/full-suspension-heavy-contact-sealed-bearing-17x30x7mm\\\/#primaryimage\",\"url\":\"https:\\\/\\\/vmsport.fi\\\/wp-content\\\/uploads\\\/2025\\\/03\\\/TrekFullSuspensionHeavyContactSealedBearing17x30x7mm-40255-B-Primary-1.jpg\",\"contentUrl\":\"https:\\\/\\\/vmsport.fi\\\/wp-content\\\/uploads\\\/2025\\\/03\\\/TrekFullSuspensionHeavyContactSealedBearing17x30x7mm-40255-B-Primary-1.jpg\",\"width\":1000,\"height\":750,\"caption\":\"TrekFullSuspensionHeavyContactSealedBearing17x30x7mm-40255-B-Primary\"},{\"@type\":\"BreadcrumbList\",\"@id\":\"https:\\\/\\\/vmsport.fi\\\/verkkokauppa\\\/varaosat\\\/kiekot-ja-navat\\\/laakerit\\\/full-suspension-heavy-contact-sealed-bearing-17x30x7mm\\\/#breadcrumb\",\"itemListElement\":[{\"@type\":\"ListItem\",\"position\":1,\"name\":\"Etusivu\",\"item\":\"https:\\\/\\\/vmsport.fi\\\/\"},{\"@type\":\"ListItem\",\"position\":2,\"name\":\"Online Store\",\"item\":\"https:\\\/\\\/vmsport.fi\\\/en\\\/online-store\\\/\"},{\"@type\":\"ListItem\",\"position\":3,\"name\":\"Full Suspension Heavy Contact Sealed Bearing 17x30x7mm\"}]},{\"@type\":\"WebSite\",\"@id\":\"https:\\\/\\\/vmsport.fi\\\/#website\",\"url\":\"https:\\\/\\\/vmsport.fi\\\/\",\"name\":\"Vmsport\",\"description\":\"Kaikki py\u00f6r\u00e4ilyyn yhdest\u00e4 paikasta\",\"publisher\":{\"@id\":\"https:\\\/\\\/vmsport.fi\\\/#organization\"},\"potentialAction\":[{\"@type\":\"SearchAction\",\"target\":{\"@type\":\"EntryPoint\",\"urlTemplate\":\"https:\\\/\\\/vmsport.fi\\\/?s={search_term_string}\"},\"query-input\":{\"@type\":\"PropertyValueSpecification\",\"valueRequired\":true,\"valueName\":\"search_term_string\"}}],\"inLanguage\":\"sv-SE\"},{\"@type\":\"Organization\",\"@id\":\"https:\\\/\\\/vmsport.fi\\\/#organization\",\"name\":\"Vmsport\",\"url\":\"https:\\\/\\\/vmsport.fi\\\/\",\"logo\":{\"@type\":\"ImageObject\",\"inLanguage\":\"sv-SE\",\"@id\":\"https:\\\/\\\/vmsport.fi\\\/#\\\/schema\\\/logo\\\/image\\\/\",\"url\":\"https:\\\/\\\/vmsport.fi\\\/wp-content\\\/uploads\\\/2024\\\/12\\\/vm_sport_RGB_horisontal-e1734526017575.png\",\"contentUrl\":\"https:\\\/\\\/vmsport.fi\\\/wp-content\\\/uploads\\\/2024\\\/12\\\/vm_sport_RGB_horisontal-e1734526017575.png\",\"width\":668,\"height\":85,\"caption\":\"Vmsport\"},\"image\":{\"@id\":\"https:\\\/\\\/vmsport.fi\\\/#\\\/schema\\\/logo\\\/image\\\/\"},\"sameAs\":[\"https:\\\/\\\/www.facebook.com\\\/Vmsport.fi\\\/\",\"https:\\\/\\\/www.instagram.com\\\/vmsport\\\/\"]}]}<\/script>\n<!-- \/ Yoast SEO plugin. -->","yoast_head_json":{"title":"Full Suspension Heavy Contact Sealed Bearing 17x30x7mm - VM Sport","robots":{"index":"index","follow":"follow","max-snippet":"max-snippet:-1","max-image-preview":"max-image-preview:large","max-video-preview":"max-video-preview:-1"},"canonical":"https:\/\/vmsport.fi\/sv\/webbutik\/reservdelar\/skivor-och-nav\/lager\/full-suspension-heavy-contact-sealed-bearing-17x30x7mm\/","og_locale":"sv_SE","og_type":"article","og_title":"Full Suspension Heavy Contact Sealed Bearing 17x30x7mm - VM Sport","og_description":"T\u00e4ysjousitettu raskaan k\u00e4yt\u00f6n tiivistetty laakeri, jonka mitat ovat 17x30x7 mm, tarjoaa erinomaisen kest\u00e4vyyden ja suojan vaativissa olosuhteissa. Se on suunniteltu tehokkaasti v\u00e4hent\u00e4m\u00e4\u00e4n kitkaa ja pident\u00e4m\u00e4\u00e4n k\u00e4ytt\u00f6ik\u00e4\u00e4. T\u00e4m\u00e4 laakeri soveltuu erityisesti kohteisiin, joissa tarvitaan luotettavaa ja pitk\u00e4ik\u00e4ist\u00e4 suorituskyky\u00e4. Sen tiivistys est\u00e4\u00e4 lian ja kosteuden p\u00e4\u00e4syn laakeriin, mik\u00e4 auttaa yll\u00e4pit\u00e4m\u00e4\u00e4n laitteen toimintakyky\u00e4. Erinomainen valinta, jos etsit ratkaisua, [...]L\u00e4s mer \u2026 from Full Suspension Heavy Contact Sealed Bearing 17x30x7mm","og_url":"https:\/\/vmsport.fi\/sv\/webbutik\/reservdelar\/skivor-och-nav\/lager\/full-suspension-heavy-contact-sealed-bearing-17x30x7mm\/","og_site_name":"VM Sport","article_publisher":"https:\/\/www.facebook.com\/Vmsport.fi\/","article_modified_time":"2026-01-16T11:23:12+00:00","og_image":[{"width":1000,"height":750,"url":"https:\/\/vmsport.fi\/wp-content\/uploads\/2025\/03\/TrekFullSuspensionHeavyContactSealedBearing17x30x7mm-40255-B-Primary-1.jpg","type":"image\/jpeg"}],"twitter_card":"summary_large_image","schema":{"@context":"https:\/\/schema.org","@graph":[{"@type":["WebPage","ItemPage"],"@id":"https:\/\/vmsport.fi\/verkkokauppa\/varaosat\/kiekot-ja-navat\/laakerit\/full-suspension-heavy-contact-sealed-bearing-17x30x7mm\/","url":"https:\/\/vmsport.fi\/verkkokauppa\/varaosat\/kiekot-ja-navat\/laakerit\/full-suspension-heavy-contact-sealed-bearing-17x30x7mm\/","name":"Full Suspension Heavy Contact Sealed Bearing 17x30x7mm - VM Sport","isPartOf":{"@id":"https:\/\/vmsport.fi\/#website"},"primaryImageOfPage":{"@id":"https:\/\/vmsport.fi\/verkkokauppa\/varaosat\/kiekot-ja-navat\/laakerit\/full-suspension-heavy-contact-sealed-bearing-17x30x7mm\/#primaryimage"},"image":{"@id":"https:\/\/vmsport.fi\/verkkokauppa\/varaosat\/kiekot-ja-navat\/laakerit\/full-suspension-heavy-contact-sealed-bearing-17x30x7mm\/#primaryimage"},"thumbnailUrl":"https:\/\/vmsport.fi\/wp-content\/uploads\/2025\/03\/TrekFullSuspensionHeavyContactSealedBearing17x30x7mm-40255-B-Primary-1.jpg","datePublished":"2025-03-05T21:40:44+00:00","dateModified":"2026-01-16T11:23:12+00:00","breadcrumb":{"@id":"https:\/\/vmsport.fi\/verkkokauppa\/varaosat\/kiekot-ja-navat\/laakerit\/full-suspension-heavy-contact-sealed-bearing-17x30x7mm\/#breadcrumb"},"inLanguage":"sv-SE","potentialAction":[{"@type":"ReadAction","target":["https:\/\/vmsport.fi\/verkkokauppa\/varaosat\/kiekot-ja-navat\/laakerit\/full-suspension-heavy-contact-sealed-bearing-17x30x7mm\/"]}]},{"@type":"ImageObject","inLanguage":"sv-SE","@id":"https:\/\/vmsport.fi\/verkkokauppa\/varaosat\/kiekot-ja-navat\/laakerit\/full-suspension-heavy-contact-sealed-bearing-17x30x7mm\/#primaryimage","url":"https:\/\/vmsport.fi\/wp-content\/uploads\/2025\/03\/TrekFullSuspensionHeavyContactSealedBearing17x30x7mm-40255-B-Primary-1.jpg","contentUrl":"https:\/\/vmsport.fi\/wp-content\/uploads\/2025\/03\/TrekFullSuspensionHeavyContactSealedBearing17x30x7mm-40255-B-Primary-1.jpg","width":1000,"height":750,"caption":"TrekFullSuspensionHeavyContactSealedBearing17x30x7mm-40255-B-Primary"},{"@type":"BreadcrumbList","@id":"https:\/\/vmsport.fi\/verkkokauppa\/varaosat\/kiekot-ja-navat\/laakerit\/full-suspension-heavy-contact-sealed-bearing-17x30x7mm\/#breadcrumb","itemListElement":[{"@type":"ListItem","position":1,"name":"Etusivu","item":"https:\/\/vmsport.fi\/"},{"@type":"ListItem","position":2,"name":"Online Store","item":"https:\/\/vmsport.fi\/en\/online-store\/"},{"@type":"ListItem","position":3,"name":"Full Suspension Heavy Contact Sealed Bearing 17x30x7mm"}]},{"@type":"WebSite","@id":"https:\/\/vmsport.fi\/#website","url":"https:\/\/vmsport.fi\/","name":"Vmsport","description":"Allt p\u00e5 ett st\u00e4lle f\u00f6r cykling","publisher":{"@id":"https:\/\/vmsport.fi\/#organization"},"potentialAction":[{"@type":"SearchAction","target":{"@type":"EntryPoint","urlTemplate":"https:\/\/vmsport.fi\/?s={search_term_string}"},"query-input":{"@type":"PropertyValueSpecification","valueRequired":true,"valueName":"search_term_string"}}],"inLanguage":"sv-SE"},{"@type":"Organization","@id":"https:\/\/vmsport.fi\/#organization","name":"Vmsport","url":"https:\/\/vmsport.fi\/","logo":{"@type":"ImageObject","inLanguage":"sv-SE","@id":"https:\/\/vmsport.fi\/#\/schema\/logo\/image\/","url":"https:\/\/vmsport.fi\/wp-content\/uploads\/2024\/12\/vm_sport_RGB_horisontal-e1734526017575.png","contentUrl":"https:\/\/vmsport.fi\/wp-content\/uploads\/2024\/12\/vm_sport_RGB_horisontal-e1734526017575.png","width":668,"height":85,"caption":"Vmsport"},"image":{"@id":"https:\/\/vmsport.fi\/#\/schema\/logo\/image\/"},"sameAs":["https:\/\/www.facebook.com\/Vmsport.fi\/","https:\/\/www.instagram.com\/vmsport\/"]}]}},"global_unique_id":"","_links":{"self":[{"href":"https:\/\/vmsport.fi\/sv\/wp-json\/wp\/v2\/product\/53403","targetHints":{"allow":["GET"]}}],"collection":[{"href":"https:\/\/vmsport.fi\/sv\/wp-json\/wp\/v2\/product"}],"about":[{"href":"https:\/\/vmsport.fi\/sv\/wp-json\/wp\/v2\/types\/product"}],"replies":[{"embeddable":true,"href":"https:\/\/vmsport.fi\/sv\/wp-json\/wp\/v2\/comments?post=53403"}],"wp:featuredmedia":[{"embeddable":true,"href":"https:\/\/vmsport.fi\/sv\/wp-json\/wp\/v2\/media\/53402"}],"wp:attachment":[{"href":"https:\/\/vmsport.fi\/sv\/wp-json\/wp\/v2\/media?parent=53403"}],"wp:term":[{"taxonomy":"product_brand","embeddable":true,"href":"https:\/\/vmsport.fi\/sv\/wp-json\/wp\/v2\/product_brand?post=53403"},{"taxonomy":"product_model","embeddable":true,"href":"https:\/\/vmsport.fi\/sv\/wp-json\/wp\/v2\/product_model?post=53403"},{"taxonomy":"product_cat","embeddable":true,"href":"https:\/\/vmsport.fi\/sv\/wp-json\/wp\/v2\/product_cat?post=53403"},{"taxonomy":"product_tag","embeddable":true,"href":"https:\/\/vmsport.fi\/sv\/wp-json\/wp\/v2\/product_tag?post=53403"},{"taxonomy":"industry_terminology","embeddable":true,"href":"https:\/\/vmsport.fi\/sv\/wp-json\/wp\/v2\/industry-terminology?post=53403"}],"curies":[{"name":"wp","href":"https:\/\/api.w.org\/{rel}","templated":true}]}}