{"id":53395,"date":"2025-03-05T23:40:40","date_gmt":"2025-03-05T21:40:40","guid":{"rendered":"https:\/\/vmsport.fi\/verkkokauppa\/Ei-luokiteltu\/bolle-trackdown-mips-musta-camo\/"},"modified":"2026-03-25T02:00:32","modified_gmt":"2026-03-25T00:00:32","slug":"bolle-trackdown-mips-svart-camo","status":"publish","type":"product","link":"https:\/\/vmsport.fi\/sv\/verkkokauppa\/ajovarusteet\/kyparat\/maastokyparat\/bolle-trackdown-mips-musta-camo\/","title":{"rendered":"Boll\u00e9 Trackdown Mips Svart-camo"},"content":{"rendered":"<p>Boll\u00e9 Trackdown Mips cykelhj\u00e4lm sticker ut med sin snygga svart-camo f\u00e4rg och MIPS-systemet ger extra skydd vid en eventuell olycka. Den str\u00f6mlinjeformade designen garanterar komfort och g\u00f6r att anv\u00e4ndaren kan njuta av cykling p\u00e5 ett s\u00e4kert och bekymmersfritt s\u00e4tt. Hj\u00e4lmen \u00e4r framtagen f\u00f6r aktiva cyklister som vill s\u00e4kerst\u00e4lla b\u00e4sta m\u00f6jliga prestanda.<\/p>","protected":false},"excerpt":{"rendered":"<p>Boll\u00e9 Trackdown Mips -py\u00f6r\u00e4ilykyp\u00e4r\u00e4 erottuu edukseen tyylikk\u00e4\u00e4ll\u00e4 musta-camo-v\u00e4rityksell\u00e4\u00e4n, ja MIPS-j\u00e4rjestelm\u00e4 tuo lis\u00e4suojaa mahdollisissa onnettomuuksissa. Sen virtaviivainen muotoilu takaa mukavuuden ja antaa k\u00e4ytt\u00e4j\u00e4n nauttia py\u00f6r\u00e4ilyst\u00e4 turvallisesti ja huolettomasti. Kyp\u00e4r\u00e4 on suunniteltu aktiivisille py\u00f6r\u00e4ilij\u00f6ille, jotka haluavat varmistaa parhaan mahdollisen suorituskyvyn. [&#8230;]<\/p>\n<p><a class=\"btn btn-secondary understrap-read-more-link\" href=\"https:\/\/vmsport.fi\/sv\/verkkokauppa\/ajovarusteet\/kyparat\/maastokyparat\/bolle-trackdown-mips-musta-camo\/\">L\u00e4s mer \u2026<span class=\"screen-reader-text\"> from Boll\u00e9 Trackdown Mips Musta-camo<\/span><\/a><\/p>\n","protected":false},"featured_media":53394,"comment_status":"open","ping_status":"closed","template":"","meta":{"_acf_changed":false,"_improvement_type_select":"improve_an_existing","_thumb_yes_seoaic":false,"_frame_yes_seoaic":false,"seoaic_generate_description":"","seoaic_improve_instructions_prompt":"","seoaic_rollback_content_improvement":"","seoaic_idea_thumbnail_generator":"","thumbnail_generated":false,"thumbnail_generate_prompt":"","seoaic_article_description":"","_supplier_stock_quantity":0},"product_brand":[],"product_model":[],"product_cat":[9512],"product_tag":[],"industry-terminology":[],"class_list":{"0":"post-53395","1":"product","2":"type-product","3":"status-publish","4":"has-post-thumbnail","6":"product_cat-maastokyparat","8":"first","9":"instock","10":"taxable","11":"shipping-taxable","12":"purchasable","13":"product-type-variable"},"acf":{"bike_features":null,"overview":{"copy_overview":null,"key_features":null,"statement":"","youtube_url":""}},"yoast_head":"<!-- This site is optimized with the Yoast SEO plugin v27.3 - https:\/\/yoast.com\/product\/yoast-seo-wordpress\/ -->\n<title>Boll\u00e9 Trackdown Mips Musta-camo - VM Sport<\/title>\n<meta name=\"robots\" content=\"index, follow, max-snippet:-1, max-image-preview:large, max-video-preview:-1\" \/>\n<link rel=\"canonical\" href=\"https:\/\/vmsport.fi\/sv\/webbutik\/korutrustning\/kyparat\/terrangcykling\/bolle-trackdown-mips-svart-camo\/\" \/>\n<meta property=\"og:locale\" content=\"sv_SE\" \/>\n<meta property=\"og:type\" content=\"article\" \/>\n<meta property=\"og:title\" content=\"Boll\u00e9 Trackdown Mips Musta-camo - VM Sport\" \/>\n<meta property=\"og:description\" content=\"Boll\u00e9 Trackdown Mips -py\u00f6r\u00e4ilykyp\u00e4r\u00e4 erottuu edukseen tyylikk\u00e4\u00e4ll\u00e4 musta-camo-v\u00e4rityksell\u00e4\u00e4n, ja MIPS-j\u00e4rjestelm\u00e4 tuo lis\u00e4suojaa mahdollisissa onnettomuuksissa. Sen virtaviivainen muotoilu takaa mukavuuden ja antaa k\u00e4ytt\u00e4j\u00e4n nauttia py\u00f6r\u00e4ilyst\u00e4 turvallisesti ja huolettomasti. Kyp\u00e4r\u00e4 on suunniteltu aktiivisille py\u00f6r\u00e4ilij\u00f6ille, jotka haluavat varmistaa parhaan mahdollisen suorituskyvyn. [...]L\u00e4s mer \u2026 from Boll\u00e9 Trackdown Mips Musta-camo\" \/>\n<meta property=\"og:url\" content=\"https:\/\/vmsport.fi\/sv\/webbutik\/korutrustning\/kyparat\/terrangcykling\/bolle-trackdown-mips-svart-camo\/\" \/>\n<meta property=\"og:site_name\" content=\"VM Sport\" \/>\n<meta property=\"article:publisher\" content=\"https:\/\/www.facebook.com\/Vmsport.fi\/\" \/>\n<meta property=\"article:modified_time\" content=\"2026-03-25T00:00:32+00:00\" \/>\n<meta property=\"og:image\" content=\"https:\/\/vmsport.fi\/wp-content\/uploads\/2025\/03\/Trackdown-Mips-Black-Camo-Matte-01-1.jpg\" \/>\n\t<meta property=\"og:image:width\" content=\"999\" \/>\n\t<meta property=\"og:image:height\" content=\"999\" \/>\n\t<meta property=\"og:image:type\" content=\"image\/jpeg\" \/>\n<meta name=\"twitter:card\" content=\"summary_large_image\" \/>\n<script type=\"application\/ld+json\" class=\"yoast-schema-graph\">{\"@context\":\"https:\\\/\\\/schema.org\",\"@graph\":[{\"@type\":[\"WebPage\",\"ItemPage\"],\"@id\":\"https:\\\/\\\/vmsport.fi\\\/verkkokauppa\\\/ajovarusteet\\\/kyparat\\\/maastokyparat\\\/bolle-trackdown-mips-musta-camo\\\/\",\"url\":\"https:\\\/\\\/vmsport.fi\\\/verkkokauppa\\\/ajovarusteet\\\/kyparat\\\/maastokyparat\\\/bolle-trackdown-mips-musta-camo\\\/\",\"name\":\"Boll\u00e9 Trackdown Mips Musta-camo - VM Sport\",\"isPartOf\":{\"@id\":\"https:\\\/\\\/vmsport.fi\\\/#website\"},\"primaryImageOfPage\":{\"@id\":\"https:\\\/\\\/vmsport.fi\\\/verkkokauppa\\\/ajovarusteet\\\/kyparat\\\/maastokyparat\\\/bolle-trackdown-mips-musta-camo\\\/#primaryimage\"},\"image\":{\"@id\":\"https:\\\/\\\/vmsport.fi\\\/verkkokauppa\\\/ajovarusteet\\\/kyparat\\\/maastokyparat\\\/bolle-trackdown-mips-musta-camo\\\/#primaryimage\"},\"thumbnailUrl\":\"https:\\\/\\\/vmsport.fi\\\/wp-content\\\/uploads\\\/2025\\\/03\\\/Trackdown-Mips-Black-Camo-Matte-01-1.jpg\",\"datePublished\":\"2025-03-05T21:40:40+00:00\",\"dateModified\":\"2026-03-25T00:00:32+00:00\",\"breadcrumb\":{\"@id\":\"https:\\\/\\\/vmsport.fi\\\/verkkokauppa\\\/ajovarusteet\\\/kyparat\\\/maastokyparat\\\/bolle-trackdown-mips-musta-camo\\\/#breadcrumb\"},\"inLanguage\":\"sv-SE\",\"potentialAction\":[{\"@type\":\"ReadAction\",\"target\":[\"https:\\\/\\\/vmsport.fi\\\/verkkokauppa\\\/ajovarusteet\\\/kyparat\\\/maastokyparat\\\/bolle-trackdown-mips-musta-camo\\\/\"]}]},{\"@type\":\"ImageObject\",\"inLanguage\":\"sv-SE\",\"@id\":\"https:\\\/\\\/vmsport.fi\\\/verkkokauppa\\\/ajovarusteet\\\/kyparat\\\/maastokyparat\\\/bolle-trackdown-mips-musta-camo\\\/#primaryimage\",\"url\":\"https:\\\/\\\/vmsport.fi\\\/wp-content\\\/uploads\\\/2025\\\/03\\\/Trackdown-Mips-Black-Camo-Matte-01-1.jpg\",\"contentUrl\":\"https:\\\/\\\/vmsport.fi\\\/wp-content\\\/uploads\\\/2025\\\/03\\\/Trackdown-Mips-Black-Camo-Matte-01-1.jpg\",\"width\":999,\"height\":999,\"caption\":\"Trackdown-Mips-Black-Camo-Matte-01\"},{\"@type\":\"BreadcrumbList\",\"@id\":\"https:\\\/\\\/vmsport.fi\\\/verkkokauppa\\\/ajovarusteet\\\/kyparat\\\/maastokyparat\\\/bolle-trackdown-mips-musta-camo\\\/#breadcrumb\",\"itemListElement\":[{\"@type\":\"ListItem\",\"position\":1,\"name\":\"Etusivu\",\"item\":\"https:\\\/\\\/vmsport.fi\\\/\"},{\"@type\":\"ListItem\",\"position\":2,\"name\":\"Online Store\",\"item\":\"https:\\\/\\\/vmsport.fi\\\/en\\\/online-store\\\/\"},{\"@type\":\"ListItem\",\"position\":3,\"name\":\"Boll\u00e9 Trackdown Mips Musta-camo\"}]},{\"@type\":\"WebSite\",\"@id\":\"https:\\\/\\\/vmsport.fi\\\/#website\",\"url\":\"https:\\\/\\\/vmsport.fi\\\/\",\"name\":\"Vmsport\",\"description\":\"Kaikki py\u00f6r\u00e4ilyyn yhdest\u00e4 paikasta\",\"publisher\":{\"@id\":\"https:\\\/\\\/vmsport.fi\\\/#organization\"},\"potentialAction\":[{\"@type\":\"SearchAction\",\"target\":{\"@type\":\"EntryPoint\",\"urlTemplate\":\"https:\\\/\\\/vmsport.fi\\\/?s={search_term_string}\"},\"query-input\":{\"@type\":\"PropertyValueSpecification\",\"valueRequired\":true,\"valueName\":\"search_term_string\"}}],\"inLanguage\":\"sv-SE\"},{\"@type\":\"Organization\",\"@id\":\"https:\\\/\\\/vmsport.fi\\\/#organization\",\"name\":\"Vmsport\",\"url\":\"https:\\\/\\\/vmsport.fi\\\/\",\"logo\":{\"@type\":\"ImageObject\",\"inLanguage\":\"sv-SE\",\"@id\":\"https:\\\/\\\/vmsport.fi\\\/#\\\/schema\\\/logo\\\/image\\\/\",\"url\":\"https:\\\/\\\/vmsport.fi\\\/wp-content\\\/uploads\\\/2024\\\/12\\\/vm_sport_RGB_horisontal-e1734526017575.png\",\"contentUrl\":\"https:\\\/\\\/vmsport.fi\\\/wp-content\\\/uploads\\\/2024\\\/12\\\/vm_sport_RGB_horisontal-e1734526017575.png\",\"width\":668,\"height\":85,\"caption\":\"Vmsport\"},\"image\":{\"@id\":\"https:\\\/\\\/vmsport.fi\\\/#\\\/schema\\\/logo\\\/image\\\/\"},\"sameAs\":[\"https:\\\/\\\/www.facebook.com\\\/Vmsport.fi\\\/\",\"https:\\\/\\\/www.instagram.com\\\/vmsport\\\/\"]}]}<\/script>\n<!-- \/ Yoast SEO plugin. -->","yoast_head_json":{"title":"Boll\u00e9 Trackdown Mips Svart-camo - VM Sport","robots":{"index":"index","follow":"follow","max-snippet":"max-snippet:-1","max-image-preview":"max-image-preview:large","max-video-preview":"max-video-preview:-1"},"canonical":"https:\/\/vmsport.fi\/sv\/webbutik\/korutrustning\/kyparat\/terrangcykling\/bolle-trackdown-mips-svart-camo\/","og_locale":"sv_SE","og_type":"article","og_title":"Boll\u00e9 Trackdown Mips Musta-camo - VM Sport","og_description":"Boll\u00e9 Trackdown Mips -py\u00f6r\u00e4ilykyp\u00e4r\u00e4 erottuu edukseen tyylikk\u00e4\u00e4ll\u00e4 musta-camo-v\u00e4rityksell\u00e4\u00e4n, ja MIPS-j\u00e4rjestelm\u00e4 tuo lis\u00e4suojaa mahdollisissa onnettomuuksissa. Sen virtaviivainen muotoilu takaa mukavuuden ja antaa k\u00e4ytt\u00e4j\u00e4n nauttia py\u00f6r\u00e4ilyst\u00e4 turvallisesti ja huolettomasti. Kyp\u00e4r\u00e4 on suunniteltu aktiivisille py\u00f6r\u00e4ilij\u00f6ille, jotka haluavat varmistaa parhaan mahdollisen suorituskyvyn. [...]L\u00e4s mer \u2026 from Boll\u00e9 Trackdown Mips Musta-camo","og_url":"https:\/\/vmsport.fi\/sv\/webbutik\/korutrustning\/kyparat\/terrangcykling\/bolle-trackdown-mips-svart-camo\/","og_site_name":"VM Sport","article_publisher":"https:\/\/www.facebook.com\/Vmsport.fi\/","article_modified_time":"2026-03-25T00:00:32+00:00","og_image":[{"width":999,"height":999,"url":"https:\/\/vmsport.fi\/wp-content\/uploads\/2025\/03\/Trackdown-Mips-Black-Camo-Matte-01-1.jpg","type":"image\/jpeg"}],"twitter_card":"summary_large_image","schema":{"@context":"https:\/\/schema.org","@graph":[{"@type":["WebPage","ItemPage"],"@id":"https:\/\/vmsport.fi\/verkkokauppa\/ajovarusteet\/kyparat\/maastokyparat\/bolle-trackdown-mips-musta-camo\/","url":"https:\/\/vmsport.fi\/verkkokauppa\/ajovarusteet\/kyparat\/maastokyparat\/bolle-trackdown-mips-musta-camo\/","name":"Boll\u00e9 Trackdown Mips Svart-camo - VM Sport","isPartOf":{"@id":"https:\/\/vmsport.fi\/#website"},"primaryImageOfPage":{"@id":"https:\/\/vmsport.fi\/verkkokauppa\/ajovarusteet\/kyparat\/maastokyparat\/bolle-trackdown-mips-musta-camo\/#primaryimage"},"image":{"@id":"https:\/\/vmsport.fi\/verkkokauppa\/ajovarusteet\/kyparat\/maastokyparat\/bolle-trackdown-mips-musta-camo\/#primaryimage"},"thumbnailUrl":"https:\/\/vmsport.fi\/wp-content\/uploads\/2025\/03\/Trackdown-Mips-Black-Camo-Matte-01-1.jpg","datePublished":"2025-03-05T21:40:40+00:00","dateModified":"2026-03-25T00:00:32+00:00","breadcrumb":{"@id":"https:\/\/vmsport.fi\/verkkokauppa\/ajovarusteet\/kyparat\/maastokyparat\/bolle-trackdown-mips-musta-camo\/#breadcrumb"},"inLanguage":"sv-SE","potentialAction":[{"@type":"ReadAction","target":["https:\/\/vmsport.fi\/verkkokauppa\/ajovarusteet\/kyparat\/maastokyparat\/bolle-trackdown-mips-musta-camo\/"]}]},{"@type":"ImageObject","inLanguage":"sv-SE","@id":"https:\/\/vmsport.fi\/verkkokauppa\/ajovarusteet\/kyparat\/maastokyparat\/bolle-trackdown-mips-musta-camo\/#primaryimage","url":"https:\/\/vmsport.fi\/wp-content\/uploads\/2025\/03\/Trackdown-Mips-Black-Camo-Matte-01-1.jpg","contentUrl":"https:\/\/vmsport.fi\/wp-content\/uploads\/2025\/03\/Trackdown-Mips-Black-Camo-Matte-01-1.jpg","width":999,"height":999,"caption":"Trackdown-Mips-Black-Camo-Matte-01"},{"@type":"BreadcrumbList","@id":"https:\/\/vmsport.fi\/verkkokauppa\/ajovarusteet\/kyparat\/maastokyparat\/bolle-trackdown-mips-musta-camo\/#breadcrumb","itemListElement":[{"@type":"ListItem","position":1,"name":"Etusivu","item":"https:\/\/vmsport.fi\/"},{"@type":"ListItem","position":2,"name":"Online Store","item":"https:\/\/vmsport.fi\/en\/online-store\/"},{"@type":"ListItem","position":3,"name":"Boll\u00e9 Trackdown Mips Musta-camo"}]},{"@type":"WebSite","@id":"https:\/\/vmsport.fi\/#website","url":"https:\/\/vmsport.fi\/","name":"Vmsport","description":"Allt p\u00e5 ett st\u00e4lle f\u00f6r cykling","publisher":{"@id":"https:\/\/vmsport.fi\/#organization"},"potentialAction":[{"@type":"SearchAction","target":{"@type":"EntryPoint","urlTemplate":"https:\/\/vmsport.fi\/?s={search_term_string}"},"query-input":{"@type":"PropertyValueSpecification","valueRequired":true,"valueName":"search_term_string"}}],"inLanguage":"sv-SE"},{"@type":"Organization","@id":"https:\/\/vmsport.fi\/#organization","name":"Vmsport","url":"https:\/\/vmsport.fi\/","logo":{"@type":"ImageObject","inLanguage":"sv-SE","@id":"https:\/\/vmsport.fi\/#\/schema\/logo\/image\/","url":"https:\/\/vmsport.fi\/wp-content\/uploads\/2024\/12\/vm_sport_RGB_horisontal-e1734526017575.png","contentUrl":"https:\/\/vmsport.fi\/wp-content\/uploads\/2024\/12\/vm_sport_RGB_horisontal-e1734526017575.png","width":668,"height":85,"caption":"Vmsport"},"image":{"@id":"https:\/\/vmsport.fi\/#\/schema\/logo\/image\/"},"sameAs":["https:\/\/www.facebook.com\/Vmsport.fi\/","https:\/\/www.instagram.com\/vmsport\/"]}]}},"global_unique_id":"","_links":{"self":[{"href":"https:\/\/vmsport.fi\/sv\/wp-json\/wp\/v2\/product\/53395","targetHints":{"allow":["GET"]}}],"collection":[{"href":"https:\/\/vmsport.fi\/sv\/wp-json\/wp\/v2\/product"}],"about":[{"href":"https:\/\/vmsport.fi\/sv\/wp-json\/wp\/v2\/types\/product"}],"replies":[{"embeddable":true,"href":"https:\/\/vmsport.fi\/sv\/wp-json\/wp\/v2\/comments?post=53395"}],"wp:featuredmedia":[{"embeddable":true,"href":"https:\/\/vmsport.fi\/sv\/wp-json\/wp\/v2\/media\/53394"}],"wp:attachment":[{"href":"https:\/\/vmsport.fi\/sv\/wp-json\/wp\/v2\/media?parent=53395"}],"wp:term":[{"taxonomy":"product_brand","embeddable":true,"href":"https:\/\/vmsport.fi\/sv\/wp-json\/wp\/v2\/product_brand?post=53395"},{"taxonomy":"product_model","embeddable":true,"href":"https:\/\/vmsport.fi\/sv\/wp-json\/wp\/v2\/product_model?post=53395"},{"taxonomy":"product_cat","embeddable":true,"href":"https:\/\/vmsport.fi\/sv\/wp-json\/wp\/v2\/product_cat?post=53395"},{"taxonomy":"product_tag","embeddable":true,"href":"https:\/\/vmsport.fi\/sv\/wp-json\/wp\/v2\/product_tag?post=53395"},{"taxonomy":"industry_terminology","embeddable":true,"href":"https:\/\/vmsport.fi\/sv\/wp-json\/wp\/v2\/industry-terminology?post=53395"}],"curies":[{"name":"wp","href":"https:\/\/api.w.org\/{rel}","templated":true}]}}