{"id":53393,"date":"2025-03-05T23:40:39","date_gmt":"2025-03-05T21:40:39","guid":{"rendered":"https:\/\/vmsport.fi\/verkkokauppa\/Ei-luokiteltu\/trek-trek-diamant-bosch-750-smart-speed-sensor-cable\/"},"modified":"2026-01-16T13:23:17","modified_gmt":"2026-01-16T11:23:17","slug":"trek-trek-diamond-bosch-750-smart-hastighetssensorkabel","status":"publish","type":"product","link":"https:\/\/vmsport.fi\/sv\/verkkokauppa\/varaosat\/sahkopyorien-osat\/sahkopyorien-osat-sahkopyorien-osat\/trek-trek-diamant-bosch-750-smart-speed-sensor-cable\/","title":{"rendered":"Trek Trek-Diamond Bosch 750 Smart hastighetssensorkabel"},"content":{"rendered":"<p>Trek Trek-Diamond Bosch 750 Smart hastighetssensorkabel \u00e4r ett viktigt tillbeh\u00f6r som \u00e4r s\u00e4rskilt utformat f\u00f6r elcyklar fr\u00e5n Bosch Smart Systems. Den h\u00e4r svarta kabeln m\u00e4ter cykelns hastighet exakt genom att ansluta den till motorn via en hastighetssensorkontakt. Kabeln \u00e4r 750 mm l\u00e5ng och 3 mm tjock. Den levereras med en M4 x 8 mm monteringsbult i rostfritt st\u00e5l som f\u00e4sts med ett maximalt vridmoment p\u00e5 3 Nm. Magneten ing\u00e5r inte. Denna originalreservdel s\u00e4kerst\u00e4ller b\u00e4sta m\u00f6jliga prestanda f\u00f6r din cykel.<\/p>","protected":false},"excerpt":{"rendered":"<p>Trek Trek-Diamant Bosch 750 Smart Speed Sensor Cable on t\u00e4rke\u00e4 lis\u00e4varuste, erityisesti Bosch Smart Systems -s\u00e4hk\u00f6py\u00f6riin suunniteltu. T\u00e4m\u00e4 musta kaapeli mittaa py\u00f6r\u00e4n nopeuden tarkasti yhdist\u00e4m\u00e4ll\u00e4 sen moottoriin nopeusanturin liittimen avulla. Kaapeli on 750 mm pitk\u00e4 ja 3 mm paksu. Mukana tulee M4 x 8 mm:n ruostumattomasta ter\u00e4ksest\u00e4 valmistettu asennuspultti, joka kiinnitet\u00e4\u00e4n 3 Nm:n enimm\u00e4ismomentilla. Magneetti [&#8230;]<\/p>\n<p><a class=\"btn btn-secondary understrap-read-more-link\" href=\"https:\/\/vmsport.fi\/sv\/verkkokauppa\/varaosat\/sahkopyorien-osat\/sahkopyorien-osat-sahkopyorien-osat\/trek-trek-diamant-bosch-750-smart-speed-sensor-cable\/\">L\u00e4s mer \u2026<span class=\"screen-reader-text\"> from Trek Trek-Diamant Bosch 750 Smart Speed Sensor Cable<\/span><\/a><\/p>\n","protected":false},"featured_media":53392,"comment_status":"open","ping_status":"closed","template":"","meta":{"_acf_changed":false,"_improvement_type_select":"improve_an_existing","_thumb_yes_seoaic":false,"_frame_yes_seoaic":false,"seoaic_generate_description":"","seoaic_improve_instructions_prompt":"","seoaic_rollback_content_improvement":"","seoaic_idea_thumbnail_generator":"","thumbnail_generated":false,"thumbnail_generate_prompt":"","seoaic_article_description":"","_supplier_stock_quantity":0},"product_brand":[37],"product_model":[],"product_cat":[9482],"product_tag":[],"industry-terminology":[],"class_list":{"0":"post-53393","1":"product","2":"type-product","3":"status-publish","4":"has-post-thumbnail","6":"product_brand-trek","7":"product_cat-sahkopyorien-osat-sahkopyorien-osat","9":"first","10":"instock","11":"taxable","12":"shipping-taxable","13":"purchasable","14":"product-type-simple"},"acf":{"bike_features":null,"overview":{"copy_overview":null,"key_features":null,"statement":"","youtube_url":""}},"yoast_head":"<!-- This site is optimized with the Yoast SEO plugin v27.3 - https:\/\/yoast.com\/product\/yoast-seo-wordpress\/ -->\n<title>Trek Trek-Diamant Bosch 750 Smart Speed Sensor Cable - VM Sport<\/title>\n<meta name=\"robots\" content=\"index, follow, max-snippet:-1, max-image-preview:large, max-video-preview:-1\" \/>\n<link rel=\"canonical\" href=\"https:\/\/vmsport.fi\/sv\/webbutik\/reservdelar\/delar-av-sagbockar\/delar-av-sagbock-delar-av-sagbock\/trek-trek-diamond-bosch-750-smart-hastighetssensorkabel\/\" \/>\n<meta property=\"og:locale\" content=\"sv_SE\" \/>\n<meta property=\"og:type\" content=\"article\" \/>\n<meta property=\"og:title\" content=\"Trek Trek-Diamant Bosch 750 Smart Speed Sensor Cable - VM Sport\" \/>\n<meta property=\"og:description\" content=\"Trek Trek-Diamant Bosch 750 Smart Speed Sensor Cable on t\u00e4rke\u00e4 lis\u00e4varuste, erityisesti Bosch Smart Systems -s\u00e4hk\u00f6py\u00f6riin suunniteltu. T\u00e4m\u00e4 musta kaapeli mittaa py\u00f6r\u00e4n nopeuden tarkasti yhdist\u00e4m\u00e4ll\u00e4 sen moottoriin nopeusanturin liittimen avulla. Kaapeli on 750 mm pitk\u00e4 ja 3 mm paksu. Mukana tulee M4 x 8 mm:n ruostumattomasta ter\u00e4ksest\u00e4 valmistettu asennuspultti, joka kiinnitet\u00e4\u00e4n 3 Nm:n enimm\u00e4ismomentilla. Magneetti [...]L\u00e4s mer \u2026 from Trek Trek-Diamant Bosch 750 Smart Speed Sensor Cable\" \/>\n<meta property=\"og:url\" content=\"https:\/\/vmsport.fi\/sv\/webbutik\/reservdelar\/delar-av-sagbockar\/delar-av-sagbock-delar-av-sagbock\/trek-trek-diamond-bosch-750-smart-hastighetssensorkabel\/\" \/>\n<meta property=\"og:site_name\" content=\"VM Sport\" \/>\n<meta property=\"article:publisher\" content=\"https:\/\/www.facebook.com\/Vmsport.fi\/\" \/>\n<meta property=\"article:modified_time\" content=\"2026-01-16T11:23:17+00:00\" \/>\n<meta property=\"og:image\" content=\"https:\/\/vmsport.fi\/wp-content\/uploads\/2025\/03\/BOPartjLGGCQjN0Edc8qEGv5cgP1r52Plm4Z5fdZCEYobiW4no-1.jpg\" \/>\n\t<meta property=\"og:image:width\" content=\"1000\" \/>\n\t<meta property=\"og:image:height\" content=\"750\" \/>\n\t<meta property=\"og:image:type\" content=\"image\/jpeg\" \/>\n<meta name=\"twitter:card\" content=\"summary_large_image\" \/>\n<script type=\"application\/ld+json\" class=\"yoast-schema-graph\">{\"@context\":\"https:\\\/\\\/schema.org\",\"@graph\":[{\"@type\":[\"WebPage\",\"ItemPage\"],\"@id\":\"https:\\\/\\\/vmsport.fi\\\/verkkokauppa\\\/varaosat\\\/sahkopyorien-osat\\\/sahkopyorien-osat-sahkopyorien-osat\\\/trek-trek-diamant-bosch-750-smart-speed-sensor-cable\\\/\",\"url\":\"https:\\\/\\\/vmsport.fi\\\/verkkokauppa\\\/varaosat\\\/sahkopyorien-osat\\\/sahkopyorien-osat-sahkopyorien-osat\\\/trek-trek-diamant-bosch-750-smart-speed-sensor-cable\\\/\",\"name\":\"Trek Trek-Diamant Bosch 750 Smart Speed Sensor Cable - VM Sport\",\"isPartOf\":{\"@id\":\"https:\\\/\\\/vmsport.fi\\\/#website\"},\"primaryImageOfPage\":{\"@id\":\"https:\\\/\\\/vmsport.fi\\\/verkkokauppa\\\/varaosat\\\/sahkopyorien-osat\\\/sahkopyorien-osat-sahkopyorien-osat\\\/trek-trek-diamant-bosch-750-smart-speed-sensor-cable\\\/#primaryimage\"},\"image\":{\"@id\":\"https:\\\/\\\/vmsport.fi\\\/verkkokauppa\\\/varaosat\\\/sahkopyorien-osat\\\/sahkopyorien-osat-sahkopyorien-osat\\\/trek-trek-diamant-bosch-750-smart-speed-sensor-cable\\\/#primaryimage\"},\"thumbnailUrl\":\"https:\\\/\\\/vmsport.fi\\\/wp-content\\\/uploads\\\/2025\\\/03\\\/BOPartjLGGCQjN0Edc8qEGv5cgP1r52Plm4Z5fdZCEYobiW4no-1.jpg\",\"datePublished\":\"2025-03-05T21:40:39+00:00\",\"dateModified\":\"2026-01-16T11:23:17+00:00\",\"breadcrumb\":{\"@id\":\"https:\\\/\\\/vmsport.fi\\\/verkkokauppa\\\/varaosat\\\/sahkopyorien-osat\\\/sahkopyorien-osat-sahkopyorien-osat\\\/trek-trek-diamant-bosch-750-smart-speed-sensor-cable\\\/#breadcrumb\"},\"inLanguage\":\"sv-SE\",\"potentialAction\":[{\"@type\":\"ReadAction\",\"target\":[\"https:\\\/\\\/vmsport.fi\\\/verkkokauppa\\\/varaosat\\\/sahkopyorien-osat\\\/sahkopyorien-osat-sahkopyorien-osat\\\/trek-trek-diamant-bosch-750-smart-speed-sensor-cable\\\/\"]}]},{\"@type\":\"ImageObject\",\"inLanguage\":\"sv-SE\",\"@id\":\"https:\\\/\\\/vmsport.fi\\\/verkkokauppa\\\/varaosat\\\/sahkopyorien-osat\\\/sahkopyorien-osat-sahkopyorien-osat\\\/trek-trek-diamant-bosch-750-smart-speed-sensor-cable\\\/#primaryimage\",\"url\":\"https:\\\/\\\/vmsport.fi\\\/wp-content\\\/uploads\\\/2025\\\/03\\\/BOPartjLGGCQjN0Edc8qEGv5cgP1r52Plm4Z5fdZCEYobiW4no-1.jpg\",\"contentUrl\":\"https:\\\/\\\/vmsport.fi\\\/wp-content\\\/uploads\\\/2025\\\/03\\\/BOPartjLGGCQjN0Edc8qEGv5cgP1r52Plm4Z5fdZCEYobiW4no-1.jpg\",\"width\":1000,\"height\":750,\"caption\":\"BOPartjLGGCQjN0Edc8qEGv5cgP1r52Plm4Z5fdZCEYobiW4no\"},{\"@type\":\"BreadcrumbList\",\"@id\":\"https:\\\/\\\/vmsport.fi\\\/verkkokauppa\\\/varaosat\\\/sahkopyorien-osat\\\/sahkopyorien-osat-sahkopyorien-osat\\\/trek-trek-diamant-bosch-750-smart-speed-sensor-cable\\\/#breadcrumb\",\"itemListElement\":[{\"@type\":\"ListItem\",\"position\":1,\"name\":\"Etusivu\",\"item\":\"https:\\\/\\\/vmsport.fi\\\/\"},{\"@type\":\"ListItem\",\"position\":2,\"name\":\"Online Store\",\"item\":\"https:\\\/\\\/vmsport.fi\\\/en\\\/online-store\\\/\"},{\"@type\":\"ListItem\",\"position\":3,\"name\":\"Trek polkupy\u00f6r\u00e4t\",\"item\":\"https:\\\/\\\/vmsport.fi\\\/sv\\\/merkki\\\/trek\\\/\"},{\"@type\":\"ListItem\",\"position\":4,\"name\":\"Trek Trek-Diamant Bosch 750 Smart Speed Sensor Cable\"}]},{\"@type\":\"WebSite\",\"@id\":\"https:\\\/\\\/vmsport.fi\\\/#website\",\"url\":\"https:\\\/\\\/vmsport.fi\\\/\",\"name\":\"Vmsport\",\"description\":\"Kaikki py\u00f6r\u00e4ilyyn yhdest\u00e4 paikasta\",\"publisher\":{\"@id\":\"https:\\\/\\\/vmsport.fi\\\/#organization\"},\"potentialAction\":[{\"@type\":\"SearchAction\",\"target\":{\"@type\":\"EntryPoint\",\"urlTemplate\":\"https:\\\/\\\/vmsport.fi\\\/?s={search_term_string}\"},\"query-input\":{\"@type\":\"PropertyValueSpecification\",\"valueRequired\":true,\"valueName\":\"search_term_string\"}}],\"inLanguage\":\"sv-SE\"},{\"@type\":\"Organization\",\"@id\":\"https:\\\/\\\/vmsport.fi\\\/#organization\",\"name\":\"Vmsport\",\"url\":\"https:\\\/\\\/vmsport.fi\\\/\",\"logo\":{\"@type\":\"ImageObject\",\"inLanguage\":\"sv-SE\",\"@id\":\"https:\\\/\\\/vmsport.fi\\\/#\\\/schema\\\/logo\\\/image\\\/\",\"url\":\"https:\\\/\\\/vmsport.fi\\\/wp-content\\\/uploads\\\/2024\\\/12\\\/vm_sport_RGB_horisontal-e1734526017575.png\",\"contentUrl\":\"https:\\\/\\\/vmsport.fi\\\/wp-content\\\/uploads\\\/2024\\\/12\\\/vm_sport_RGB_horisontal-e1734526017575.png\",\"width\":668,\"height\":85,\"caption\":\"Vmsport\"},\"image\":{\"@id\":\"https:\\\/\\\/vmsport.fi\\\/#\\\/schema\\\/logo\\\/image\\\/\"},\"sameAs\":[\"https:\\\/\\\/www.facebook.com\\\/Vmsport.fi\\\/\",\"https:\\\/\\\/www.instagram.com\\\/vmsport\\\/\"]}]}<\/script>\n<!-- \/ Yoast SEO plugin. -->","yoast_head_json":{"title":"Trek Trek-Diamond Bosch 750 Smart hastighetssensorkabel - VM Sport","robots":{"index":"index","follow":"follow","max-snippet":"max-snippet:-1","max-image-preview":"max-image-preview:large","max-video-preview":"max-video-preview:-1"},"canonical":"https:\/\/vmsport.fi\/sv\/webbutik\/reservdelar\/delar-av-sagbockar\/delar-av-sagbock-delar-av-sagbock\/trek-trek-diamond-bosch-750-smart-hastighetssensorkabel\/","og_locale":"sv_SE","og_type":"article","og_title":"Trek Trek-Diamant Bosch 750 Smart Speed Sensor Cable - VM Sport","og_description":"Trek Trek-Diamant Bosch 750 Smart Speed Sensor Cable on t\u00e4rke\u00e4 lis\u00e4varuste, erityisesti Bosch Smart Systems -s\u00e4hk\u00f6py\u00f6riin suunniteltu. T\u00e4m\u00e4 musta kaapeli mittaa py\u00f6r\u00e4n nopeuden tarkasti yhdist\u00e4m\u00e4ll\u00e4 sen moottoriin nopeusanturin liittimen avulla. Kaapeli on 750 mm pitk\u00e4 ja 3 mm paksu. Mukana tulee M4 x 8 mm:n ruostumattomasta ter\u00e4ksest\u00e4 valmistettu asennuspultti, joka kiinnitet\u00e4\u00e4n 3 Nm:n enimm\u00e4ismomentilla. Magneetti [...]L\u00e4s mer \u2026 from Trek Trek-Diamant Bosch 750 Smart Speed Sensor Cable","og_url":"https:\/\/vmsport.fi\/sv\/webbutik\/reservdelar\/delar-av-sagbockar\/delar-av-sagbock-delar-av-sagbock\/trek-trek-diamond-bosch-750-smart-hastighetssensorkabel\/","og_site_name":"VM Sport","article_publisher":"https:\/\/www.facebook.com\/Vmsport.fi\/","article_modified_time":"2026-01-16T11:23:17+00:00","og_image":[{"width":1000,"height":750,"url":"https:\/\/vmsport.fi\/wp-content\/uploads\/2025\/03\/BOPartjLGGCQjN0Edc8qEGv5cgP1r52Plm4Z5fdZCEYobiW4no-1.jpg","type":"image\/jpeg"}],"twitter_card":"summary_large_image","schema":{"@context":"https:\/\/schema.org","@graph":[{"@type":["WebPage","ItemPage"],"@id":"https:\/\/vmsport.fi\/verkkokauppa\/varaosat\/sahkopyorien-osat\/sahkopyorien-osat-sahkopyorien-osat\/trek-trek-diamant-bosch-750-smart-speed-sensor-cable\/","url":"https:\/\/vmsport.fi\/verkkokauppa\/varaosat\/sahkopyorien-osat\/sahkopyorien-osat-sahkopyorien-osat\/trek-trek-diamant-bosch-750-smart-speed-sensor-cable\/","name":"Trek Trek-Diamond Bosch 750 Smart hastighetssensorkabel - VM Sport","isPartOf":{"@id":"https:\/\/vmsport.fi\/#website"},"primaryImageOfPage":{"@id":"https:\/\/vmsport.fi\/verkkokauppa\/varaosat\/sahkopyorien-osat\/sahkopyorien-osat-sahkopyorien-osat\/trek-trek-diamant-bosch-750-smart-speed-sensor-cable\/#primaryimage"},"image":{"@id":"https:\/\/vmsport.fi\/verkkokauppa\/varaosat\/sahkopyorien-osat\/sahkopyorien-osat-sahkopyorien-osat\/trek-trek-diamant-bosch-750-smart-speed-sensor-cable\/#primaryimage"},"thumbnailUrl":"https:\/\/vmsport.fi\/wp-content\/uploads\/2025\/03\/BOPartjLGGCQjN0Edc8qEGv5cgP1r52Plm4Z5fdZCEYobiW4no-1.jpg","datePublished":"2025-03-05T21:40:39+00:00","dateModified":"2026-01-16T11:23:17+00:00","breadcrumb":{"@id":"https:\/\/vmsport.fi\/verkkokauppa\/varaosat\/sahkopyorien-osat\/sahkopyorien-osat-sahkopyorien-osat\/trek-trek-diamant-bosch-750-smart-speed-sensor-cable\/#breadcrumb"},"inLanguage":"sv-SE","potentialAction":[{"@type":"ReadAction","target":["https:\/\/vmsport.fi\/verkkokauppa\/varaosat\/sahkopyorien-osat\/sahkopyorien-osat-sahkopyorien-osat\/trek-trek-diamant-bosch-750-smart-speed-sensor-cable\/"]}]},{"@type":"ImageObject","inLanguage":"sv-SE","@id":"https:\/\/vmsport.fi\/verkkokauppa\/varaosat\/sahkopyorien-osat\/sahkopyorien-osat-sahkopyorien-osat\/trek-trek-diamant-bosch-750-smart-speed-sensor-cable\/#primaryimage","url":"https:\/\/vmsport.fi\/wp-content\/uploads\/2025\/03\/BOPartjLGGCQjN0Edc8qEGv5cgP1r52Plm4Z5fdZCEYobiW4no-1.jpg","contentUrl":"https:\/\/vmsport.fi\/wp-content\/uploads\/2025\/03\/BOPartjLGGCQjN0Edc8qEGv5cgP1r52Plm4Z5fdZCEYobiW4no-1.jpg","width":1000,"height":750,"caption":"BOPartjLGGCQjN0Edc8qEGv5cgP1r52Plm4Z5fdZCEYobiW4no"},{"@type":"BreadcrumbList","@id":"https:\/\/vmsport.fi\/verkkokauppa\/varaosat\/sahkopyorien-osat\/sahkopyorien-osat-sahkopyorien-osat\/trek-trek-diamant-bosch-750-smart-speed-sensor-cable\/#breadcrumb","itemListElement":[{"@type":"ListItem","position":1,"name":"Etusivu","item":"https:\/\/vmsport.fi\/"},{"@type":"ListItem","position":2,"name":"Online Store","item":"https:\/\/vmsport.fi\/en\/online-store\/"},{"@type":"ListItem","position":3,"name":"Trek polkupy\u00f6r\u00e4t","item":"https:\/\/vmsport.fi\/sv\/merkki\/trek\/"},{"@type":"ListItem","position":4,"name":"Trek Trek-Diamant Bosch 750 Smart Speed Sensor Cable"}]},{"@type":"WebSite","@id":"https:\/\/vmsport.fi\/#website","url":"https:\/\/vmsport.fi\/","name":"Vmsport","description":"Allt p\u00e5 ett st\u00e4lle f\u00f6r cykling","publisher":{"@id":"https:\/\/vmsport.fi\/#organization"},"potentialAction":[{"@type":"SearchAction","target":{"@type":"EntryPoint","urlTemplate":"https:\/\/vmsport.fi\/?s={search_term_string}"},"query-input":{"@type":"PropertyValueSpecification","valueRequired":true,"valueName":"search_term_string"}}],"inLanguage":"sv-SE"},{"@type":"Organization","@id":"https:\/\/vmsport.fi\/#organization","name":"Vmsport","url":"https:\/\/vmsport.fi\/","logo":{"@type":"ImageObject","inLanguage":"sv-SE","@id":"https:\/\/vmsport.fi\/#\/schema\/logo\/image\/","url":"https:\/\/vmsport.fi\/wp-content\/uploads\/2024\/12\/vm_sport_RGB_horisontal-e1734526017575.png","contentUrl":"https:\/\/vmsport.fi\/wp-content\/uploads\/2024\/12\/vm_sport_RGB_horisontal-e1734526017575.png","width":668,"height":85,"caption":"Vmsport"},"image":{"@id":"https:\/\/vmsport.fi\/#\/schema\/logo\/image\/"},"sameAs":["https:\/\/www.facebook.com\/Vmsport.fi\/","https:\/\/www.instagram.com\/vmsport\/"]}]}},"global_unique_id":"","_links":{"self":[{"href":"https:\/\/vmsport.fi\/sv\/wp-json\/wp\/v2\/product\/53393","targetHints":{"allow":["GET"]}}],"collection":[{"href":"https:\/\/vmsport.fi\/sv\/wp-json\/wp\/v2\/product"}],"about":[{"href":"https:\/\/vmsport.fi\/sv\/wp-json\/wp\/v2\/types\/product"}],"replies":[{"embeddable":true,"href":"https:\/\/vmsport.fi\/sv\/wp-json\/wp\/v2\/comments?post=53393"}],"wp:featuredmedia":[{"embeddable":true,"href":"https:\/\/vmsport.fi\/sv\/wp-json\/wp\/v2\/media\/53392"}],"wp:attachment":[{"href":"https:\/\/vmsport.fi\/sv\/wp-json\/wp\/v2\/media?parent=53393"}],"wp:term":[{"taxonomy":"product_brand","embeddable":true,"href":"https:\/\/vmsport.fi\/sv\/wp-json\/wp\/v2\/product_brand?post=53393"},{"taxonomy":"product_model","embeddable":true,"href":"https:\/\/vmsport.fi\/sv\/wp-json\/wp\/v2\/product_model?post=53393"},{"taxonomy":"product_cat","embeddable":true,"href":"https:\/\/vmsport.fi\/sv\/wp-json\/wp\/v2\/product_cat?post=53393"},{"taxonomy":"product_tag","embeddable":true,"href":"https:\/\/vmsport.fi\/sv\/wp-json\/wp\/v2\/product_tag?post=53393"},{"taxonomy":"industry_terminology","embeddable":true,"href":"https:\/\/vmsport.fi\/sv\/wp-json\/wp\/v2\/industry-terminology?post=53393"}],"curies":[{"name":"wp","href":"https:\/\/api.w.org\/{rel}","templated":true}]}}