{"id":53391,"date":"2025-03-05T23:40:38","date_gmt":"2025-03-05T21:40:38","guid":{"rendered":"https:\/\/vmsport.fi\/verkkokauppa\/Ei-luokiteltu\/istuin-ergon-sf-miesten-m-l-musta\/"},"modified":"2026-04-22T15:08:23","modified_gmt":"2026-04-22T12:08:23","slug":"istuin-ergon-sf-miesten-m-l-musta","status":"publish","type":"product","link":"https:\/\/vmsport.fi\/sv\/verkkokauppa\/varaosat\/satulat-ja-satulatolpat\/satulat\/istuin-ergon-sf-miesten-m-l-musta\/","title":{"rendered":"Seat ERGON SF herr, M\/L, svart"},"content":{"rendered":"<p>ERGON SF miesten istuin, M\/L, musta, on suunniteltu tarjoamaan poikkeuksellista mukavuutta ja suorituskyky\u00e4 erityisesti s\u00e4hk\u00f6py\u00f6riin ja kuntopy\u00f6riin. Ergonomisesti suunnitellut materiaalit v\u00e4hent\u00e4v\u00e4t tehokkaasti py\u00f6r\u00e4ilyyn liittyvi\u00e4 ongelmia ja lievitt\u00e4v\u00e4t painetta ajon aikana. Kest\u00e4vyyden takaavat nylon-komposiitista valmistettu runko ja korkealaatuinen mikrokuitupinta. Ilmakanavat ja huolelliset muotoilut perustuvat koeajajien antamaan palautteeseen, mink\u00e4 ansiosta istuin tarjoaa optimaalisen k\u00e4ytt\u00e4j\u00e4kokemuksen. T\u00e4m\u00e4 ortopedisella pehmusteella varustettu istuin tukee t\u00e4ydellisesti oikeaa ajoasentoa, mink\u00e4 vuoksi se on erinomainen valinta kaikille mukavuutta arvostaville py\u00f6r\u00e4ilij\u00f6ille, jotka pit\u00e4v\u00e4t tyylikk\u00e4\u00e4st\u00e4 mustasta v\u00e4rist\u00e4.<\/p>","protected":false},"excerpt":{"rendered":"<p>ERGON SF miesten istuin, M\/L, musta, on suunniteltu tarjoamaan poikkeuksellista mukavuutta ja suorituskyky\u00e4 erityisesti s\u00e4hk\u00f6py\u00f6riin ja kuntopy\u00f6riin. Ergonomisesti suunnitellut materiaalit v\u00e4hent\u00e4v\u00e4t tehokkaasti py\u00f6r\u00e4ilyyn liittyvi\u00e4 ongelmia ja lievitt\u00e4v\u00e4t painetta ajon aikana. Kest\u00e4vyyden takaavat nylon-komposiitista valmistettu runko ja korkealaatuinen mikrokuitupinta. Ilmakanavat ja huolelliset muotoilut perustuvat koeajajien antamaan palautteeseen, mink\u00e4 ansiosta istuin tarjoaa optimaalisen k\u00e4ytt\u00e4j\u00e4kokemuksen. T\u00e4m\u00e4 ortopedisella pehmusteella [&#8230;]<\/p>\n<p><a class=\"btn btn-secondary understrap-read-more-link\" href=\"https:\/\/vmsport.fi\/sv\/verkkokauppa\/varaosat\/satulat-ja-satulatolpat\/satulat\/istuin-ergon-sf-miesten-m-l-musta\/\">L\u00e4s mer \u2026<span class=\"screen-reader-text\"> from Istuin ERGON SF miesten, M\/L, musta<\/span><\/a><\/p>\n","protected":false},"featured_media":53390,"comment_status":"open","ping_status":"closed","template":"","meta":{"_acf_changed":false,"_improvement_type_select":"improve_an_existing","_thumb_yes_seoaic":false,"_frame_yes_seoaic":false,"seoaic_generate_description":"","seoaic_improve_instructions_prompt":"","seoaic_rollback_content_improvement":"","seoaic_idea_thumbnail_generator":"","thumbnail_generated":false,"thumbnail_generate_prompt":"","seoaic_article_description":"","_supplier_stock_quantity":0},"product_brand":[1581],"product_model":[],"product_cat":[9380],"product_tag":[],"industry-terminology":[],"class_list":{"0":"post-53391","1":"product","2":"type-product","3":"status-publish","4":"has-post-thumbnail","6":"product_brand-ergon","7":"product_cat-satulat","9":"first","10":"instock","11":"taxable","12":"shipping-taxable","13":"purchasable","14":"product-type-simple"},"acf":{"bike_features":null,"overview":{"copy_overview":null,"key_features":null,"statement":"","youtube_url":""}},"yoast_head":"<!-- This site is optimized with the Yoast SEO plugin v27.4 - https:\/\/yoast.com\/product\/yoast-seo-wordpress\/ -->\n<title>Istuin ERGON SF miesten, M\/L, musta - VM Sport<\/title>\n<meta name=\"robots\" content=\"index, follow, max-snippet:-1, max-image-preview:large, max-video-preview:-1\" \/>\n<link rel=\"canonical\" href=\"https:\/\/vmsport.fi\/sv\/webbutik\/reservdelar\/sadlar-och-sadelstolpar\/sadlar\/istuin-ergon-sf-miesten-m-l-musta\/\" \/>\n<meta property=\"og:locale\" content=\"sv_SE\" \/>\n<meta property=\"og:type\" content=\"article\" \/>\n<meta property=\"og:title\" content=\"Istuin ERGON SF miesten, M\/L, musta - VM Sport\" \/>\n<meta property=\"og:description\" content=\"ERGON SF miesten istuin, M\/L, musta, on suunniteltu tarjoamaan poikkeuksellista mukavuutta ja suorituskyky\u00e4 erityisesti s\u00e4hk\u00f6py\u00f6riin ja kuntopy\u00f6riin. Ergonomisesti suunnitellut materiaalit v\u00e4hent\u00e4v\u00e4t tehokkaasti py\u00f6r\u00e4ilyyn liittyvi\u00e4 ongelmia ja lievitt\u00e4v\u00e4t painetta ajon aikana. Kest\u00e4vyyden takaavat nylon-komposiitista valmistettu runko ja korkealaatuinen mikrokuitupinta. Ilmakanavat ja huolelliset muotoilut perustuvat koeajajien antamaan palautteeseen, mink\u00e4 ansiosta istuin tarjoaa optimaalisen k\u00e4ytt\u00e4j\u00e4kokemuksen. T\u00e4m\u00e4 ortopedisella pehmusteella [...]L\u00e4s mer \u2026 from Istuin ERGON SF miesten, M\/L, musta\" \/>\n<meta property=\"og:url\" content=\"https:\/\/vmsport.fi\/sv\/webbutik\/reservdelar\/sadlar-och-sadelstolpar\/sadlar\/istuin-ergon-sf-miesten-m-l-musta\/\" \/>\n<meta property=\"og:site_name\" content=\"VM Sport\" \/>\n<meta property=\"article:publisher\" content=\"https:\/\/www.facebook.com\/Vmsport.fi\/\" \/>\n<meta property=\"article:modified_time\" content=\"2026-04-22T12:08:23+00:00\" \/>\n<meta property=\"og:image\" content=\"https:\/\/vmsport.fi\/wp-content\/uploads\/2025\/03\/ergon-44020070-20121538-SF-Men-Sattel-1-800x800-2.jpg\" \/>\n\t<meta property=\"og:image:width\" content=\"800\" \/>\n\t<meta property=\"og:image:height\" content=\"569\" \/>\n\t<meta property=\"og:image:type\" content=\"image\/jpeg\" \/>\n<meta name=\"twitter:card\" content=\"summary_large_image\" \/>\n<meta name=\"twitter:label1\" content=\"Ber\u00e4knad l\u00e4stid\" \/>\n\t<meta name=\"twitter:data1\" content=\"1 minut\" \/>\n<script type=\"application\/ld+json\" class=\"yoast-schema-graph\">{\"@context\":\"https:\\\/\\\/schema.org\",\"@graph\":[{\"@type\":[\"WebPage\",\"ItemPage\"],\"@id\":\"https:\\\/\\\/vmsport.fi\\\/verkkokauppa\\\/varaosat\\\/satulat-ja-satulatolpat\\\/satulat\\\/istuin-ergon-sf-miesten-m-l-musta\\\/\",\"url\":\"https:\\\/\\\/vmsport.fi\\\/verkkokauppa\\\/varaosat\\\/satulat-ja-satulatolpat\\\/satulat\\\/istuin-ergon-sf-miesten-m-l-musta\\\/\",\"name\":\"Istuin ERGON SF miesten, M\\\/L, musta - VM Sport\",\"isPartOf\":{\"@id\":\"https:\\\/\\\/vmsport.fi\\\/#website\"},\"primaryImageOfPage\":{\"@id\":\"https:\\\/\\\/vmsport.fi\\\/verkkokauppa\\\/varaosat\\\/satulat-ja-satulatolpat\\\/satulat\\\/istuin-ergon-sf-miesten-m-l-musta\\\/#primaryimage\"},\"image\":{\"@id\":\"https:\\\/\\\/vmsport.fi\\\/verkkokauppa\\\/varaosat\\\/satulat-ja-satulatolpat\\\/satulat\\\/istuin-ergon-sf-miesten-m-l-musta\\\/#primaryimage\"},\"thumbnailUrl\":\"https:\\\/\\\/vmsport.fi\\\/wp-content\\\/uploads\\\/2025\\\/03\\\/ergon-44020070-20121538-SF-Men-Sattel-1-800x800-2.jpg\",\"datePublished\":\"2025-03-05T21:40:38+00:00\",\"dateModified\":\"2026-04-22T12:08:23+00:00\",\"breadcrumb\":{\"@id\":\"https:\\\/\\\/vmsport.fi\\\/verkkokauppa\\\/varaosat\\\/satulat-ja-satulatolpat\\\/satulat\\\/istuin-ergon-sf-miesten-m-l-musta\\\/#breadcrumb\"},\"inLanguage\":\"sv-SE\",\"potentialAction\":[{\"@type\":\"ReadAction\",\"target\":[\"https:\\\/\\\/vmsport.fi\\\/verkkokauppa\\\/varaosat\\\/satulat-ja-satulatolpat\\\/satulat\\\/istuin-ergon-sf-miesten-m-l-musta\\\/\"]}]},{\"@type\":\"ImageObject\",\"inLanguage\":\"sv-SE\",\"@id\":\"https:\\\/\\\/vmsport.fi\\\/verkkokauppa\\\/varaosat\\\/satulat-ja-satulatolpat\\\/satulat\\\/istuin-ergon-sf-miesten-m-l-musta\\\/#primaryimage\",\"url\":\"https:\\\/\\\/vmsport.fi\\\/wp-content\\\/uploads\\\/2025\\\/03\\\/ergon-44020070-20121538-SF-Men-Sattel-1-800x800-2.jpg\",\"contentUrl\":\"https:\\\/\\\/vmsport.fi\\\/wp-content\\\/uploads\\\/2025\\\/03\\\/ergon-44020070-20121538-SF-Men-Sattel-1-800x800-2.jpg\",\"width\":800,\"height\":569,\"caption\":\"ergon-44020070-20121538-SF-Men-Sattel-1-800x800\"},{\"@type\":\"BreadcrumbList\",\"@id\":\"https:\\\/\\\/vmsport.fi\\\/verkkokauppa\\\/varaosat\\\/satulat-ja-satulatolpat\\\/satulat\\\/istuin-ergon-sf-miesten-m-l-musta\\\/#breadcrumb\",\"itemListElement\":[{\"@type\":\"ListItem\",\"position\":1,\"name\":\"Etusivu\",\"item\":\"https:\\\/\\\/vmsport.fi\\\/\"},{\"@type\":\"ListItem\",\"position\":2,\"name\":\"Online Store\",\"item\":\"https:\\\/\\\/vmsport.fi\\\/en\\\/online-store\\\/\"},{\"@type\":\"ListItem\",\"position\":3,\"name\":\"Istuin ERGON SF miesten, M\\\/L, musta\"}]},{\"@type\":\"WebSite\",\"@id\":\"https:\\\/\\\/vmsport.fi\\\/#website\",\"url\":\"https:\\\/\\\/vmsport.fi\\\/\",\"name\":\"Vmsport\",\"description\":\"Kaikki py\u00f6r\u00e4ilyyn yhdest\u00e4 paikasta\",\"publisher\":{\"@id\":\"https:\\\/\\\/vmsport.fi\\\/#organization\"},\"potentialAction\":[{\"@type\":\"SearchAction\",\"target\":{\"@type\":\"EntryPoint\",\"urlTemplate\":\"https:\\\/\\\/vmsport.fi\\\/?s={search_term_string}\"},\"query-input\":{\"@type\":\"PropertyValueSpecification\",\"valueRequired\":true,\"valueName\":\"search_term_string\"}}],\"inLanguage\":\"sv-SE\"},{\"@type\":\"Organization\",\"@id\":\"https:\\\/\\\/vmsport.fi\\\/#organization\",\"name\":\"Vmsport\",\"url\":\"https:\\\/\\\/vmsport.fi\\\/\",\"logo\":{\"@type\":\"ImageObject\",\"inLanguage\":\"sv-SE\",\"@id\":\"https:\\\/\\\/vmsport.fi\\\/#\\\/schema\\\/logo\\\/image\\\/\",\"url\":\"https:\\\/\\\/vmsport.fi\\\/wp-content\\\/uploads\\\/2024\\\/12\\\/vm_sport_RGB_horisontal-e1734526017575.png\",\"contentUrl\":\"https:\\\/\\\/vmsport.fi\\\/wp-content\\\/uploads\\\/2024\\\/12\\\/vm_sport_RGB_horisontal-e1734526017575.png\",\"width\":668,\"height\":85,\"caption\":\"Vmsport\"},\"image\":{\"@id\":\"https:\\\/\\\/vmsport.fi\\\/#\\\/schema\\\/logo\\\/image\\\/\"},\"sameAs\":[\"https:\\\/\\\/www.facebook.com\\\/Vmsport.fi\\\/\",\"https:\\\/\\\/www.instagram.com\\\/vmsport\\\/\"]}]}<\/script>\n<!-- \/ Yoast SEO plugin. -->","yoast_head_json":{"title":"Istuin ERGON SF miesten, M\/L, musta - VM Sport","robots":{"index":"index","follow":"follow","max-snippet":"max-snippet:-1","max-image-preview":"max-image-preview:large","max-video-preview":"max-video-preview:-1"},"canonical":"https:\/\/vmsport.fi\/sv\/webbutik\/reservdelar\/sadlar-och-sadelstolpar\/sadlar\/istuin-ergon-sf-miesten-m-l-musta\/","og_locale":"sv_SE","og_type":"article","og_title":"Istuin ERGON SF miesten, M\/L, musta - VM Sport","og_description":"ERGON SF miesten istuin, M\/L, musta, on suunniteltu tarjoamaan poikkeuksellista mukavuutta ja suorituskyky\u00e4 erityisesti s\u00e4hk\u00f6py\u00f6riin ja kuntopy\u00f6riin. Ergonomisesti suunnitellut materiaalit v\u00e4hent\u00e4v\u00e4t tehokkaasti py\u00f6r\u00e4ilyyn liittyvi\u00e4 ongelmia ja lievitt\u00e4v\u00e4t painetta ajon aikana. Kest\u00e4vyyden takaavat nylon-komposiitista valmistettu runko ja korkealaatuinen mikrokuitupinta. Ilmakanavat ja huolelliset muotoilut perustuvat koeajajien antamaan palautteeseen, mink\u00e4 ansiosta istuin tarjoaa optimaalisen k\u00e4ytt\u00e4j\u00e4kokemuksen. T\u00e4m\u00e4 ortopedisella pehmusteella [...]L\u00e4s mer \u2026 from Istuin ERGON SF miesten, M\/L, musta","og_url":"https:\/\/vmsport.fi\/sv\/webbutik\/reservdelar\/sadlar-och-sadelstolpar\/sadlar\/istuin-ergon-sf-miesten-m-l-musta\/","og_site_name":"VM Sport","article_publisher":"https:\/\/www.facebook.com\/Vmsport.fi\/","article_modified_time":"2026-04-22T12:08:23+00:00","og_image":[{"width":800,"height":569,"url":"https:\/\/vmsport.fi\/wp-content\/uploads\/2025\/03\/ergon-44020070-20121538-SF-Men-Sattel-1-800x800-2.jpg","type":"image\/jpeg"}],"twitter_card":"summary_large_image","twitter_misc":{"Ber\u00e4knad l\u00e4stid":"1 minut"},"schema":{"@context":"https:\/\/schema.org","@graph":[{"@type":["WebPage","ItemPage"],"@id":"https:\/\/vmsport.fi\/verkkokauppa\/varaosat\/satulat-ja-satulatolpat\/satulat\/istuin-ergon-sf-miesten-m-l-musta\/","url":"https:\/\/vmsport.fi\/verkkokauppa\/varaosat\/satulat-ja-satulatolpat\/satulat\/istuin-ergon-sf-miesten-m-l-musta\/","name":"Istuin ERGON SF miesten, M\/L, musta - VM Sport","isPartOf":{"@id":"https:\/\/vmsport.fi\/#website"},"primaryImageOfPage":{"@id":"https:\/\/vmsport.fi\/verkkokauppa\/varaosat\/satulat-ja-satulatolpat\/satulat\/istuin-ergon-sf-miesten-m-l-musta\/#primaryimage"},"image":{"@id":"https:\/\/vmsport.fi\/verkkokauppa\/varaosat\/satulat-ja-satulatolpat\/satulat\/istuin-ergon-sf-miesten-m-l-musta\/#primaryimage"},"thumbnailUrl":"https:\/\/vmsport.fi\/wp-content\/uploads\/2025\/03\/ergon-44020070-20121538-SF-Men-Sattel-1-800x800-2.jpg","datePublished":"2025-03-05T21:40:38+00:00","dateModified":"2026-04-22T12:08:23+00:00","breadcrumb":{"@id":"https:\/\/vmsport.fi\/verkkokauppa\/varaosat\/satulat-ja-satulatolpat\/satulat\/istuin-ergon-sf-miesten-m-l-musta\/#breadcrumb"},"inLanguage":"sv-SE","potentialAction":[{"@type":"ReadAction","target":["https:\/\/vmsport.fi\/verkkokauppa\/varaosat\/satulat-ja-satulatolpat\/satulat\/istuin-ergon-sf-miesten-m-l-musta\/"]}]},{"@type":"ImageObject","inLanguage":"sv-SE","@id":"https:\/\/vmsport.fi\/verkkokauppa\/varaosat\/satulat-ja-satulatolpat\/satulat\/istuin-ergon-sf-miesten-m-l-musta\/#primaryimage","url":"https:\/\/vmsport.fi\/wp-content\/uploads\/2025\/03\/ergon-44020070-20121538-SF-Men-Sattel-1-800x800-2.jpg","contentUrl":"https:\/\/vmsport.fi\/wp-content\/uploads\/2025\/03\/ergon-44020070-20121538-SF-Men-Sattel-1-800x800-2.jpg","width":800,"height":569,"caption":"ergon-44020070-20121538-SF-Men-Sattel-1-800x800"},{"@type":"BreadcrumbList","@id":"https:\/\/vmsport.fi\/verkkokauppa\/varaosat\/satulat-ja-satulatolpat\/satulat\/istuin-ergon-sf-miesten-m-l-musta\/#breadcrumb","itemListElement":[{"@type":"ListItem","position":1,"name":"Etusivu","item":"https:\/\/vmsport.fi\/"},{"@type":"ListItem","position":2,"name":"Online Store","item":"https:\/\/vmsport.fi\/en\/online-store\/"},{"@type":"ListItem","position":3,"name":"Istuin ERGON SF miesten, M\/L, musta"}]},{"@type":"WebSite","@id":"https:\/\/vmsport.fi\/#website","url":"https:\/\/vmsport.fi\/","name":"Vmsport","description":"Allt p\u00e5 ett st\u00e4lle f\u00f6r cykling","publisher":{"@id":"https:\/\/vmsport.fi\/#organization"},"potentialAction":[{"@type":"SearchAction","target":{"@type":"EntryPoint","urlTemplate":"https:\/\/vmsport.fi\/?s={search_term_string}"},"query-input":{"@type":"PropertyValueSpecification","valueRequired":true,"valueName":"search_term_string"}}],"inLanguage":"sv-SE"},{"@type":"Organization","@id":"https:\/\/vmsport.fi\/#organization","name":"Vmsport","url":"https:\/\/vmsport.fi\/","logo":{"@type":"ImageObject","inLanguage":"sv-SE","@id":"https:\/\/vmsport.fi\/#\/schema\/logo\/image\/","url":"https:\/\/vmsport.fi\/wp-content\/uploads\/2024\/12\/vm_sport_RGB_horisontal-e1734526017575.png","contentUrl":"https:\/\/vmsport.fi\/wp-content\/uploads\/2024\/12\/vm_sport_RGB_horisontal-e1734526017575.png","width":668,"height":85,"caption":"Vmsport"},"image":{"@id":"https:\/\/vmsport.fi\/#\/schema\/logo\/image\/"},"sameAs":["https:\/\/www.facebook.com\/Vmsport.fi\/","https:\/\/www.instagram.com\/vmsport\/"]}]}},"global_unique_id":"","_links":{"self":[{"href":"https:\/\/vmsport.fi\/sv\/wp-json\/wp\/v2\/product\/53391","targetHints":{"allow":["GET"]}}],"collection":[{"href":"https:\/\/vmsport.fi\/sv\/wp-json\/wp\/v2\/product"}],"about":[{"href":"https:\/\/vmsport.fi\/sv\/wp-json\/wp\/v2\/types\/product"}],"replies":[{"embeddable":true,"href":"https:\/\/vmsport.fi\/sv\/wp-json\/wp\/v2\/comments?post=53391"}],"wp:featuredmedia":[{"embeddable":true,"href":"https:\/\/vmsport.fi\/sv\/wp-json\/wp\/v2\/media\/53390"}],"wp:attachment":[{"href":"https:\/\/vmsport.fi\/sv\/wp-json\/wp\/v2\/media?parent=53391"}],"wp:term":[{"taxonomy":"product_brand","embeddable":true,"href":"https:\/\/vmsport.fi\/sv\/wp-json\/wp\/v2\/product_brand?post=53391"},{"taxonomy":"product_model","embeddable":true,"href":"https:\/\/vmsport.fi\/sv\/wp-json\/wp\/v2\/product_model?post=53391"},{"taxonomy":"product_cat","embeddable":true,"href":"https:\/\/vmsport.fi\/sv\/wp-json\/wp\/v2\/product_cat?post=53391"},{"taxonomy":"product_tag","embeddable":true,"href":"https:\/\/vmsport.fi\/sv\/wp-json\/wp\/v2\/product_tag?post=53391"},{"taxonomy":"industry_terminology","embeddable":true,"href":"https:\/\/vmsport.fi\/sv\/wp-json\/wp\/v2\/industry-terminology?post=53391"}],"curies":[{"name":"wp","href":"https:\/\/api.w.org\/{rel}","templated":true}]}}