{"id":53389,"date":"2025-03-05T23:40:38","date_gmt":"2025-03-05T21:40:38","guid":{"rendered":"https:\/\/vmsport.fi\/verkkokauppa\/Ei-luokiteltu\/poljin-m324-spd-hopea-2-puolinen\/"},"modified":"2026-01-29T02:00:11","modified_gmt":"2026-01-29T00:00:11","slug":"poljin-m324-spd-hopea-2-puolinen","status":"publish","type":"product","link":"https:\/\/vmsport.fi\/sv\/verkkokauppa\/varaosat\/polkimet\/kombipolkimet\/poljin-m324-spd-hopea-2-puolinen\/","title":{"rendered":"Pedal M324 SPD Silver 2-sidig"},"content":{"rendered":"<p>Shimano M324 SPD -poljin yhdist\u00e4\u00e4 n\u00e4pp\u00e4r\u00e4sti sek\u00e4 avopoljin- ett\u00e4 lukkopoljinominaisuudet, mik\u00e4 tekee siit\u00e4 ihanteellisen monenlaiseen py\u00f6r\u00e4ilyyn. Tyylik\u00e4s hopeanv\u00e4rinen viimeistely lis\u00e4\u00e4 py\u00f6r\u00e4si k\u00e4yt\u00e4nn\u00f6llisyytt\u00e4, ja kaksipuolinen muotoilu mahdollistaa vaivattoman siirtymisen erilaisten ajotapojen v\u00e4lill\u00e4. T\u00e4m\u00e4 poljin, joka k\u00e4ytt\u00e4\u00e4 SPD-j\u00e4rjestelm\u00e4\u00e4, tarjoaa tehokkuutta ja hallittavuutta niin kaupunkiajossa kuin pidemmill\u00e4kin matkoilla. Se on loistava valinta py\u00f6r\u00e4ilij\u00f6ille, jotka arvostavat monipuolisuutta ja korkeaa laatua.<\/p>","protected":false},"excerpt":{"rendered":"<p>Shimano M324 SPD -poljin yhdist\u00e4\u00e4 n\u00e4pp\u00e4r\u00e4sti sek\u00e4 avopoljin- ett\u00e4 lukkopoljinominaisuudet, mik\u00e4 tekee siit\u00e4 ihanteellisen monenlaiseen py\u00f6r\u00e4ilyyn. Tyylik\u00e4s hopeanv\u00e4rinen viimeistely lis\u00e4\u00e4 py\u00f6r\u00e4si k\u00e4yt\u00e4nn\u00f6llisyytt\u00e4, ja kaksipuolinen muotoilu mahdollistaa vaivattoman siirtymisen erilaisten ajotapojen v\u00e4lill\u00e4. T\u00e4m\u00e4 poljin, joka k\u00e4ytt\u00e4\u00e4 SPD-j\u00e4rjestelm\u00e4\u00e4, tarjoaa tehokkuutta ja hallittavuutta niin kaupunkiajossa kuin pidemmill\u00e4kin matkoilla. Se on loistava valinta py\u00f6r\u00e4ilij\u00f6ille, jotka arvostavat monipuolisuutta ja korkeaa [&#8230;]<\/p>\n<p><a class=\"btn btn-secondary understrap-read-more-link\" href=\"https:\/\/vmsport.fi\/sv\/verkkokauppa\/varaosat\/polkimet\/kombipolkimet\/poljin-m324-spd-hopea-2-puolinen\/\">L\u00e4s mer \u2026<span class=\"screen-reader-text\"> from Poljin M324 SPD Hopea 2-puolinen<\/span><\/a><\/p>\n","protected":false},"featured_media":53387,"comment_status":"open","ping_status":"closed","template":"","meta":{"_acf_changed":false,"_improvement_type_select":"improve_an_existing","_thumb_yes_seoaic":false,"_frame_yes_seoaic":false,"seoaic_generate_description":"","seoaic_improve_instructions_prompt":"","seoaic_rollback_content_improvement":"","seoaic_idea_thumbnail_generator":"","thumbnail_generated":false,"thumbnail_generate_prompt":"","seoaic_article_description":"","_supplier_stock_quantity":0},"product_brand":[],"product_model":[],"product_cat":[9434],"product_tag":[],"industry-terminology":[],"class_list":{"0":"post-53389","1":"product","2":"type-product","3":"status-publish","4":"has-post-thumbnail","6":"product_cat-kombipolkimet","8":"first","9":"instock","10":"taxable","11":"shipping-taxable","12":"purchasable","13":"product-type-simple"},"acf":{"bike_features":null,"overview":{"copy_overview":null,"key_features":null,"statement":"","youtube_url":""}},"yoast_head":"<!-- This site is optimized with the Yoast SEO plugin v27.3 - https:\/\/yoast.com\/product\/yoast-seo-wordpress\/ -->\n<title>Poljin M324 SPD Hopea 2-puolinen - VM Sport<\/title>\n<meta name=\"robots\" content=\"index, follow, max-snippet:-1, max-image-preview:large, max-video-preview:-1\" \/>\n<link rel=\"canonical\" href=\"https:\/\/vmsport.fi\/sv\/webbutik\/reservdelar\/pedaler\/kombipedaler\/poljin-m324-spd-hopea-2-puolinen\/\" \/>\n<meta property=\"og:locale\" content=\"sv_SE\" \/>\n<meta property=\"og:type\" content=\"article\" \/>\n<meta property=\"og:title\" content=\"Poljin M324 SPD Hopea 2-puolinen - VM Sport\" \/>\n<meta property=\"og:description\" content=\"Shimano M324 SPD -poljin yhdist\u00e4\u00e4 n\u00e4pp\u00e4r\u00e4sti sek\u00e4 avopoljin- ett\u00e4 lukkopoljinominaisuudet, mik\u00e4 tekee siit\u00e4 ihanteellisen monenlaiseen py\u00f6r\u00e4ilyyn. Tyylik\u00e4s hopeanv\u00e4rinen viimeistely lis\u00e4\u00e4 py\u00f6r\u00e4si k\u00e4yt\u00e4nn\u00f6llisyytt\u00e4, ja kaksipuolinen muotoilu mahdollistaa vaivattoman siirtymisen erilaisten ajotapojen v\u00e4lill\u00e4. T\u00e4m\u00e4 poljin, joka k\u00e4ytt\u00e4\u00e4 SPD-j\u00e4rjestelm\u00e4\u00e4, tarjoaa tehokkuutta ja hallittavuutta niin kaupunkiajossa kuin pidemmill\u00e4kin matkoilla. Se on loistava valinta py\u00f6r\u00e4ilij\u00f6ille, jotka arvostavat monipuolisuutta ja korkeaa [...]L\u00e4s mer \u2026 from Poljin M324 SPD Hopea 2-puolinen\" \/>\n<meta property=\"og:url\" content=\"https:\/\/vmsport.fi\/sv\/webbutik\/reservdelar\/pedaler\/kombipedaler\/poljin-m324-spd-hopea-2-puolinen\/\" \/>\n<meta property=\"og:site_name\" content=\"VM Sport\" \/>\n<meta property=\"article:publisher\" content=\"https:\/\/www.facebook.com\/Vmsport.fi\/\" \/>\n<meta property=\"article:modified_time\" content=\"2026-01-29T00:00:11+00:00\" \/>\n<meta property=\"og:image\" content=\"https:\/\/vmsport.fi\/wp-content\/uploads\/2025\/03\/20210914-PD-M324-1.jpg\" \/>\n\t<meta property=\"og:image:width\" content=\"600\" \/>\n\t<meta property=\"og:image:height\" content=\"600\" \/>\n\t<meta property=\"og:image:type\" content=\"image\/jpeg\" \/>\n<meta name=\"twitter:card\" content=\"summary_large_image\" \/>\n<script type=\"application\/ld+json\" class=\"yoast-schema-graph\">{\"@context\":\"https:\\\/\\\/schema.org\",\"@graph\":[{\"@type\":[\"WebPage\",\"ItemPage\"],\"@id\":\"https:\\\/\\\/vmsport.fi\\\/verkkokauppa\\\/varaosat\\\/polkimet\\\/kombipolkimet\\\/poljin-m324-spd-hopea-2-puolinen\\\/\",\"url\":\"https:\\\/\\\/vmsport.fi\\\/verkkokauppa\\\/varaosat\\\/polkimet\\\/kombipolkimet\\\/poljin-m324-spd-hopea-2-puolinen\\\/\",\"name\":\"Poljin M324 SPD Hopea 2-puolinen - VM Sport\",\"isPartOf\":{\"@id\":\"https:\\\/\\\/vmsport.fi\\\/#website\"},\"primaryImageOfPage\":{\"@id\":\"https:\\\/\\\/vmsport.fi\\\/verkkokauppa\\\/varaosat\\\/polkimet\\\/kombipolkimet\\\/poljin-m324-spd-hopea-2-puolinen\\\/#primaryimage\"},\"image\":{\"@id\":\"https:\\\/\\\/vmsport.fi\\\/verkkokauppa\\\/varaosat\\\/polkimet\\\/kombipolkimet\\\/poljin-m324-spd-hopea-2-puolinen\\\/#primaryimage\"},\"thumbnailUrl\":\"https:\\\/\\\/vmsport.fi\\\/wp-content\\\/uploads\\\/2025\\\/03\\\/20210914-PD-M324-1.jpg\",\"datePublished\":\"2025-03-05T21:40:38+00:00\",\"dateModified\":\"2026-01-29T00:00:11+00:00\",\"breadcrumb\":{\"@id\":\"https:\\\/\\\/vmsport.fi\\\/verkkokauppa\\\/varaosat\\\/polkimet\\\/kombipolkimet\\\/poljin-m324-spd-hopea-2-puolinen\\\/#breadcrumb\"},\"inLanguage\":\"sv-SE\",\"potentialAction\":[{\"@type\":\"ReadAction\",\"target\":[\"https:\\\/\\\/vmsport.fi\\\/verkkokauppa\\\/varaosat\\\/polkimet\\\/kombipolkimet\\\/poljin-m324-spd-hopea-2-puolinen\\\/\"]}]},{\"@type\":\"ImageObject\",\"inLanguage\":\"sv-SE\",\"@id\":\"https:\\\/\\\/vmsport.fi\\\/verkkokauppa\\\/varaosat\\\/polkimet\\\/kombipolkimet\\\/poljin-m324-spd-hopea-2-puolinen\\\/#primaryimage\",\"url\":\"https:\\\/\\\/vmsport.fi\\\/wp-content\\\/uploads\\\/2025\\\/03\\\/20210914-PD-M324-1.jpg\",\"contentUrl\":\"https:\\\/\\\/vmsport.fi\\\/wp-content\\\/uploads\\\/2025\\\/03\\\/20210914-PD-M324-1.jpg\",\"width\":600,\"height\":600,\"caption\":\"20210914-PD-M324\"},{\"@type\":\"BreadcrumbList\",\"@id\":\"https:\\\/\\\/vmsport.fi\\\/verkkokauppa\\\/varaosat\\\/polkimet\\\/kombipolkimet\\\/poljin-m324-spd-hopea-2-puolinen\\\/#breadcrumb\",\"itemListElement\":[{\"@type\":\"ListItem\",\"position\":1,\"name\":\"Etusivu\",\"item\":\"https:\\\/\\\/vmsport.fi\\\/\"},{\"@type\":\"ListItem\",\"position\":2,\"name\":\"Online Store\",\"item\":\"https:\\\/\\\/vmsport.fi\\\/en\\\/online-store\\\/\"},{\"@type\":\"ListItem\",\"position\":3,\"name\":\"Poljin M324 SPD Hopea 2-puolinen\"}]},{\"@type\":\"WebSite\",\"@id\":\"https:\\\/\\\/vmsport.fi\\\/#website\",\"url\":\"https:\\\/\\\/vmsport.fi\\\/\",\"name\":\"Vmsport\",\"description\":\"Kaikki py\u00f6r\u00e4ilyyn yhdest\u00e4 paikasta\",\"publisher\":{\"@id\":\"https:\\\/\\\/vmsport.fi\\\/#organization\"},\"potentialAction\":[{\"@type\":\"SearchAction\",\"target\":{\"@type\":\"EntryPoint\",\"urlTemplate\":\"https:\\\/\\\/vmsport.fi\\\/?s={search_term_string}\"},\"query-input\":{\"@type\":\"PropertyValueSpecification\",\"valueRequired\":true,\"valueName\":\"search_term_string\"}}],\"inLanguage\":\"sv-SE\"},{\"@type\":\"Organization\",\"@id\":\"https:\\\/\\\/vmsport.fi\\\/#organization\",\"name\":\"Vmsport\",\"url\":\"https:\\\/\\\/vmsport.fi\\\/\",\"logo\":{\"@type\":\"ImageObject\",\"inLanguage\":\"sv-SE\",\"@id\":\"https:\\\/\\\/vmsport.fi\\\/#\\\/schema\\\/logo\\\/image\\\/\",\"url\":\"https:\\\/\\\/vmsport.fi\\\/wp-content\\\/uploads\\\/2024\\\/12\\\/vm_sport_RGB_horisontal-e1734526017575.png\",\"contentUrl\":\"https:\\\/\\\/vmsport.fi\\\/wp-content\\\/uploads\\\/2024\\\/12\\\/vm_sport_RGB_horisontal-e1734526017575.png\",\"width\":668,\"height\":85,\"caption\":\"Vmsport\"},\"image\":{\"@id\":\"https:\\\/\\\/vmsport.fi\\\/#\\\/schema\\\/logo\\\/image\\\/\"},\"sameAs\":[\"https:\\\/\\\/www.facebook.com\\\/Vmsport.fi\\\/\",\"https:\\\/\\\/www.instagram.com\\\/vmsport\\\/\"]}]}<\/script>\n<!-- \/ Yoast SEO plugin. -->","yoast_head_json":{"title":"Poljin M324 SPD Hopea 2-puolinen - VM Sport","robots":{"index":"index","follow":"follow","max-snippet":"max-snippet:-1","max-image-preview":"max-image-preview:large","max-video-preview":"max-video-preview:-1"},"canonical":"https:\/\/vmsport.fi\/sv\/webbutik\/reservdelar\/pedaler\/kombipedaler\/poljin-m324-spd-hopea-2-puolinen\/","og_locale":"sv_SE","og_type":"article","og_title":"Poljin M324 SPD Hopea 2-puolinen - VM Sport","og_description":"Shimano M324 SPD -poljin yhdist\u00e4\u00e4 n\u00e4pp\u00e4r\u00e4sti sek\u00e4 avopoljin- ett\u00e4 lukkopoljinominaisuudet, mik\u00e4 tekee siit\u00e4 ihanteellisen monenlaiseen py\u00f6r\u00e4ilyyn. Tyylik\u00e4s hopeanv\u00e4rinen viimeistely lis\u00e4\u00e4 py\u00f6r\u00e4si k\u00e4yt\u00e4nn\u00f6llisyytt\u00e4, ja kaksipuolinen muotoilu mahdollistaa vaivattoman siirtymisen erilaisten ajotapojen v\u00e4lill\u00e4. T\u00e4m\u00e4 poljin, joka k\u00e4ytt\u00e4\u00e4 SPD-j\u00e4rjestelm\u00e4\u00e4, tarjoaa tehokkuutta ja hallittavuutta niin kaupunkiajossa kuin pidemmill\u00e4kin matkoilla. Se on loistava valinta py\u00f6r\u00e4ilij\u00f6ille, jotka arvostavat monipuolisuutta ja korkeaa [...]L\u00e4s mer \u2026 from Poljin M324 SPD Hopea 2-puolinen","og_url":"https:\/\/vmsport.fi\/sv\/webbutik\/reservdelar\/pedaler\/kombipedaler\/poljin-m324-spd-hopea-2-puolinen\/","og_site_name":"VM Sport","article_publisher":"https:\/\/www.facebook.com\/Vmsport.fi\/","article_modified_time":"2026-01-29T00:00:11+00:00","og_image":[{"width":600,"height":600,"url":"https:\/\/vmsport.fi\/wp-content\/uploads\/2025\/03\/20210914-PD-M324-1.jpg","type":"image\/jpeg"}],"twitter_card":"summary_large_image","schema":{"@context":"https:\/\/schema.org","@graph":[{"@type":["WebPage","ItemPage"],"@id":"https:\/\/vmsport.fi\/verkkokauppa\/varaosat\/polkimet\/kombipolkimet\/poljin-m324-spd-hopea-2-puolinen\/","url":"https:\/\/vmsport.fi\/verkkokauppa\/varaosat\/polkimet\/kombipolkimet\/poljin-m324-spd-hopea-2-puolinen\/","name":"Poljin M324 SPD Hopea 2-puolinen - VM Sport","isPartOf":{"@id":"https:\/\/vmsport.fi\/#website"},"primaryImageOfPage":{"@id":"https:\/\/vmsport.fi\/verkkokauppa\/varaosat\/polkimet\/kombipolkimet\/poljin-m324-spd-hopea-2-puolinen\/#primaryimage"},"image":{"@id":"https:\/\/vmsport.fi\/verkkokauppa\/varaosat\/polkimet\/kombipolkimet\/poljin-m324-spd-hopea-2-puolinen\/#primaryimage"},"thumbnailUrl":"https:\/\/vmsport.fi\/wp-content\/uploads\/2025\/03\/20210914-PD-M324-1.jpg","datePublished":"2025-03-05T21:40:38+00:00","dateModified":"2026-01-29T00:00:11+00:00","breadcrumb":{"@id":"https:\/\/vmsport.fi\/verkkokauppa\/varaosat\/polkimet\/kombipolkimet\/poljin-m324-spd-hopea-2-puolinen\/#breadcrumb"},"inLanguage":"sv-SE","potentialAction":[{"@type":"ReadAction","target":["https:\/\/vmsport.fi\/verkkokauppa\/varaosat\/polkimet\/kombipolkimet\/poljin-m324-spd-hopea-2-puolinen\/"]}]},{"@type":"ImageObject","inLanguage":"sv-SE","@id":"https:\/\/vmsport.fi\/verkkokauppa\/varaosat\/polkimet\/kombipolkimet\/poljin-m324-spd-hopea-2-puolinen\/#primaryimage","url":"https:\/\/vmsport.fi\/wp-content\/uploads\/2025\/03\/20210914-PD-M324-1.jpg","contentUrl":"https:\/\/vmsport.fi\/wp-content\/uploads\/2025\/03\/20210914-PD-M324-1.jpg","width":600,"height":600,"caption":"20210914-PD-M324"},{"@type":"BreadcrumbList","@id":"https:\/\/vmsport.fi\/verkkokauppa\/varaosat\/polkimet\/kombipolkimet\/poljin-m324-spd-hopea-2-puolinen\/#breadcrumb","itemListElement":[{"@type":"ListItem","position":1,"name":"Etusivu","item":"https:\/\/vmsport.fi\/"},{"@type":"ListItem","position":2,"name":"Online Store","item":"https:\/\/vmsport.fi\/en\/online-store\/"},{"@type":"ListItem","position":3,"name":"Poljin M324 SPD Hopea 2-puolinen"}]},{"@type":"WebSite","@id":"https:\/\/vmsport.fi\/#website","url":"https:\/\/vmsport.fi\/","name":"Vmsport","description":"Allt p\u00e5 ett st\u00e4lle f\u00f6r cykling","publisher":{"@id":"https:\/\/vmsport.fi\/#organization"},"potentialAction":[{"@type":"SearchAction","target":{"@type":"EntryPoint","urlTemplate":"https:\/\/vmsport.fi\/?s={search_term_string}"},"query-input":{"@type":"PropertyValueSpecification","valueRequired":true,"valueName":"search_term_string"}}],"inLanguage":"sv-SE"},{"@type":"Organization","@id":"https:\/\/vmsport.fi\/#organization","name":"Vmsport","url":"https:\/\/vmsport.fi\/","logo":{"@type":"ImageObject","inLanguage":"sv-SE","@id":"https:\/\/vmsport.fi\/#\/schema\/logo\/image\/","url":"https:\/\/vmsport.fi\/wp-content\/uploads\/2024\/12\/vm_sport_RGB_horisontal-e1734526017575.png","contentUrl":"https:\/\/vmsport.fi\/wp-content\/uploads\/2024\/12\/vm_sport_RGB_horisontal-e1734526017575.png","width":668,"height":85,"caption":"Vmsport"},"image":{"@id":"https:\/\/vmsport.fi\/#\/schema\/logo\/image\/"},"sameAs":["https:\/\/www.facebook.com\/Vmsport.fi\/","https:\/\/www.instagram.com\/vmsport\/"]}]}},"global_unique_id":"","_links":{"self":[{"href":"https:\/\/vmsport.fi\/sv\/wp-json\/wp\/v2\/product\/53389","targetHints":{"allow":["GET"]}}],"collection":[{"href":"https:\/\/vmsport.fi\/sv\/wp-json\/wp\/v2\/product"}],"about":[{"href":"https:\/\/vmsport.fi\/sv\/wp-json\/wp\/v2\/types\/product"}],"replies":[{"embeddable":true,"href":"https:\/\/vmsport.fi\/sv\/wp-json\/wp\/v2\/comments?post=53389"}],"wp:featuredmedia":[{"embeddable":true,"href":"https:\/\/vmsport.fi\/sv\/wp-json\/wp\/v2\/media\/53387"}],"wp:attachment":[{"href":"https:\/\/vmsport.fi\/sv\/wp-json\/wp\/v2\/media?parent=53389"}],"wp:term":[{"taxonomy":"product_brand","embeddable":true,"href":"https:\/\/vmsport.fi\/sv\/wp-json\/wp\/v2\/product_brand?post=53389"},{"taxonomy":"product_model","embeddable":true,"href":"https:\/\/vmsport.fi\/sv\/wp-json\/wp\/v2\/product_model?post=53389"},{"taxonomy":"product_cat","embeddable":true,"href":"https:\/\/vmsport.fi\/sv\/wp-json\/wp\/v2\/product_cat?post=53389"},{"taxonomy":"product_tag","embeddable":true,"href":"https:\/\/vmsport.fi\/sv\/wp-json\/wp\/v2\/product_tag?post=53389"},{"taxonomy":"industry_terminology","embeddable":true,"href":"https:\/\/vmsport.fi\/sv\/wp-json\/wp\/v2\/industry-terminology?post=53389"}],"curies":[{"name":"wp","href":"https:\/\/api.w.org\/{rel}","templated":true}]}}