{"id":53371,"date":"2025-03-05T23:40:27","date_gmt":"2025-03-05T21:40:27","guid":{"rendered":"https:\/\/vmsport.fi\/verkkokauppa\/Ei-luokiteltu\/schwalbe-high-pressure-rim-tape-18-559-571\/"},"modified":"2026-01-16T13:20:38","modified_gmt":"2026-01-16T11:20:38","slug":"schwalbe-high-pressure-falgband-18-559-571","status":"publish","type":"product","link":"https:\/\/vmsport.fi\/sv\/verkkokauppa\/renkaat\/sisarenkaat\/schwalbe-high-pressure-rim-tape-18-559-571\/","title":{"rendered":"SCHWALBE H\u00f6gtrycksf\u00e4lgband 18-559\/571"},"content":{"rendered":"<p>Schwalbes h\u00f6gtrycksf\u00e4lgtejp f\u00f6rb\u00e4ttrar din cykels prestanda genom att ge utm\u00e4rkt motst\u00e5ndskraft mot h\u00f6ga d\u00e4cktryck. Dess dimensioner, 18-559\/571, g\u00f6r den kompatibel med ett brett utbud av f\u00e4lgstorlekar och ger ett tillf\u00f6rlitligt skydd mot punktering. Det h\u00e4r bl\u00e5 hjultillbeh\u00f6ret \u00e4r utformat f\u00f6r att f\u00f6rl\u00e4nga f\u00e4lgens livsl\u00e4ngd och ge en s\u00e4krare och roligare k\u00f6rupplevelse. Tack vare den enkla installationen minskar behovet av underh\u00e5ll, s\u00e5 att du kan koncentrera dig mer p\u00e5 att njuta av din k\u00f6rning.<\/p>","protected":false},"excerpt":{"rendered":"<p>Schwalben korkeapaineinen vanteenauha parantaa polkupy\u00f6r\u00e4si suorituskyky\u00e4, sill\u00e4 se kest\u00e4\u00e4 erinomaisesti korkeita rengaspaineita. Sen mitat, 18-559\/571, tekev\u00e4t siit\u00e4 yhteensopivan useiden erikokoisten vanteiden kanssa, tarjoten luotettavaa suojaa puhkeamisia vastaan. T\u00e4m\u00e4 sininen py\u00f6r\u00e4varuste on suunniteltu pident\u00e4m\u00e4\u00e4n vanteesi k\u00e4ytt\u00f6ik\u00e4\u00e4, mik\u00e4 takaa turvallisemman ja miellytt\u00e4v\u00e4mm\u00e4n ajokokemuksen. Helpon asennettavuutensa ansiosta se v\u00e4hent\u00e4\u00e4 huoltotarvetta, jolloin voit keskitty\u00e4 enemm\u00e4n ajamisesta nauttimiseen. [&#8230;]<\/p>\n<p><a class=\"btn btn-secondary understrap-read-more-link\" href=\"https:\/\/vmsport.fi\/sv\/verkkokauppa\/renkaat\/sisarenkaat\/schwalbe-high-pressure-rim-tape-18-559-571\/\">L\u00e4s mer \u2026<span class=\"screen-reader-text\"> from SCHWALBE High Pressure Rim Tape 18-559\/571<\/span><\/a><\/p>\n","protected":false},"featured_media":53370,"comment_status":"open","ping_status":"closed","template":"","meta":{"_acf_changed":false,"_improvement_type_select":"improve_an_existing","_thumb_yes_seoaic":false,"_frame_yes_seoaic":false,"seoaic_generate_description":"","seoaic_improve_instructions_prompt":"","seoaic_rollback_content_improvement":"","seoaic_idea_thumbnail_generator":"","thumbnail_generated":false,"thumbnail_generate_prompt":"","seoaic_article_description":"","_supplier_stock_quantity":0},"product_brand":[],"product_model":[],"product_cat":[9312],"product_tag":[],"industry-terminology":[],"class_list":{"0":"post-53371","1":"product","2":"type-product","3":"status-publish","4":"has-post-thumbnail","6":"product_cat-sisarenkaat","8":"first","9":"outofstock","10":"taxable","11":"shipping-taxable","12":"product-type-simple"},"acf":{"bike_features":null,"overview":{"copy_overview":null,"key_features":null,"statement":"","youtube_url":""}},"yoast_head":"<!-- This site is optimized with the Yoast SEO plugin v27.3 - https:\/\/yoast.com\/product\/yoast-seo-wordpress\/ -->\n<title>SCHWALBE High Pressure Rim Tape 18-559\/571 - VM Sport<\/title>\n<meta name=\"robots\" content=\"index, follow, max-snippet:-1, max-image-preview:large, max-video-preview:-1\" \/>\n<link rel=\"canonical\" href=\"https:\/\/vmsport.fi\/sv\/webbutik\/dack\/systerdack\/schwalbe-high-pressure-falgband-18-559-571\/\" \/>\n<meta property=\"og:locale\" content=\"sv_SE\" \/>\n<meta property=\"og:type\" content=\"article\" \/>\n<meta property=\"og:title\" content=\"SCHWALBE High Pressure Rim Tape 18-559\/571 - VM Sport\" \/>\n<meta property=\"og:description\" content=\"Schwalben korkeapaineinen vanteenauha parantaa polkupy\u00f6r\u00e4si suorituskyky\u00e4, sill\u00e4 se kest\u00e4\u00e4 erinomaisesti korkeita rengaspaineita. Sen mitat, 18-559\/571, tekev\u00e4t siit\u00e4 yhteensopivan useiden erikokoisten vanteiden kanssa, tarjoten luotettavaa suojaa puhkeamisia vastaan. T\u00e4m\u00e4 sininen py\u00f6r\u00e4varuste on suunniteltu pident\u00e4m\u00e4\u00e4n vanteesi k\u00e4ytt\u00f6ik\u00e4\u00e4, mik\u00e4 takaa turvallisemman ja miellytt\u00e4v\u00e4mm\u00e4n ajokokemuksen. Helpon asennettavuutensa ansiosta se v\u00e4hent\u00e4\u00e4 huoltotarvetta, jolloin voit keskitty\u00e4 enemm\u00e4n ajamisesta nauttimiseen. [...]L\u00e4s mer \u2026 from SCHWALBE High Pressure Rim Tape 18-559\/571\" \/>\n<meta property=\"og:url\" content=\"https:\/\/vmsport.fi\/sv\/webbutik\/dack\/systerdack\/schwalbe-high-pressure-falgband-18-559-571\/\" \/>\n<meta property=\"og:site_name\" content=\"VM Sport\" \/>\n<meta property=\"article:publisher\" content=\"https:\/\/www.facebook.com\/Vmsport.fi\/\" \/>\n<meta property=\"article:modified_time\" content=\"2026-01-16T11:20:38+00:00\" \/>\n<meta property=\"og:image\" content=\"https:\/\/vmsport.fi\/wp-content\/uploads\/2025\/03\/kGSVE9PRUXwY7WnisZrMq2dS4c8l5vR80e6LY7Qxgv8VnVMst1-1.jpg\" \/>\n\t<meta property=\"og:image:width\" content=\"502\" \/>\n\t<meta property=\"og:image:height\" content=\"408\" \/>\n\t<meta property=\"og:image:type\" content=\"image\/jpeg\" \/>\n<meta name=\"twitter:card\" content=\"summary_large_image\" \/>\n<script type=\"application\/ld+json\" class=\"yoast-schema-graph\">{\"@context\":\"https:\\\/\\\/schema.org\",\"@graph\":[{\"@type\":[\"WebPage\",\"ItemPage\"],\"@id\":\"https:\\\/\\\/vmsport.fi\\\/verkkokauppa\\\/renkaat\\\/sisarenkaat\\\/schwalbe-high-pressure-rim-tape-18-559-571\\\/\",\"url\":\"https:\\\/\\\/vmsport.fi\\\/verkkokauppa\\\/renkaat\\\/sisarenkaat\\\/schwalbe-high-pressure-rim-tape-18-559-571\\\/\",\"name\":\"SCHWALBE High Pressure Rim Tape 18-559\\\/571 - VM Sport\",\"isPartOf\":{\"@id\":\"https:\\\/\\\/vmsport.fi\\\/#website\"},\"primaryImageOfPage\":{\"@id\":\"https:\\\/\\\/vmsport.fi\\\/verkkokauppa\\\/renkaat\\\/sisarenkaat\\\/schwalbe-high-pressure-rim-tape-18-559-571\\\/#primaryimage\"},\"image\":{\"@id\":\"https:\\\/\\\/vmsport.fi\\\/verkkokauppa\\\/renkaat\\\/sisarenkaat\\\/schwalbe-high-pressure-rim-tape-18-559-571\\\/#primaryimage\"},\"thumbnailUrl\":\"https:\\\/\\\/vmsport.fi\\\/wp-content\\\/uploads\\\/2025\\\/03\\\/kGSVE9PRUXwY7WnisZrMq2dS4c8l5vR80e6LY7Qxgv8VnVMst1-1.jpg\",\"datePublished\":\"2025-03-05T21:40:27+00:00\",\"dateModified\":\"2026-01-16T11:20:38+00:00\",\"breadcrumb\":{\"@id\":\"https:\\\/\\\/vmsport.fi\\\/verkkokauppa\\\/renkaat\\\/sisarenkaat\\\/schwalbe-high-pressure-rim-tape-18-559-571\\\/#breadcrumb\"},\"inLanguage\":\"sv-SE\",\"potentialAction\":[{\"@type\":\"ReadAction\",\"target\":[\"https:\\\/\\\/vmsport.fi\\\/verkkokauppa\\\/renkaat\\\/sisarenkaat\\\/schwalbe-high-pressure-rim-tape-18-559-571\\\/\"]}]},{\"@type\":\"ImageObject\",\"inLanguage\":\"sv-SE\",\"@id\":\"https:\\\/\\\/vmsport.fi\\\/verkkokauppa\\\/renkaat\\\/sisarenkaat\\\/schwalbe-high-pressure-rim-tape-18-559-571\\\/#primaryimage\",\"url\":\"https:\\\/\\\/vmsport.fi\\\/wp-content\\\/uploads\\\/2025\\\/03\\\/kGSVE9PRUXwY7WnisZrMq2dS4c8l5vR80e6LY7Qxgv8VnVMst1-1.jpg\",\"contentUrl\":\"https:\\\/\\\/vmsport.fi\\\/wp-content\\\/uploads\\\/2025\\\/03\\\/kGSVE9PRUXwY7WnisZrMq2dS4c8l5vR80e6LY7Qxgv8VnVMst1-1.jpg\",\"width\":502,\"height\":408,\"caption\":\"kGSVE9PRUXwY7WnisZrMq2dS4c8l5vR80e6LY7Qxgv8VnVMst1\"},{\"@type\":\"BreadcrumbList\",\"@id\":\"https:\\\/\\\/vmsport.fi\\\/verkkokauppa\\\/renkaat\\\/sisarenkaat\\\/schwalbe-high-pressure-rim-tape-18-559-571\\\/#breadcrumb\",\"itemListElement\":[{\"@type\":\"ListItem\",\"position\":1,\"name\":\"Etusivu\",\"item\":\"https:\\\/\\\/vmsport.fi\\\/\"},{\"@type\":\"ListItem\",\"position\":2,\"name\":\"Online Store\",\"item\":\"https:\\\/\\\/vmsport.fi\\\/en\\\/online-store\\\/\"},{\"@type\":\"ListItem\",\"position\":3,\"name\":\"SCHWALBE High Pressure Rim Tape 18-559\\\/571\"}]},{\"@type\":\"WebSite\",\"@id\":\"https:\\\/\\\/vmsport.fi\\\/#website\",\"url\":\"https:\\\/\\\/vmsport.fi\\\/\",\"name\":\"Vmsport\",\"description\":\"Kaikki py\u00f6r\u00e4ilyyn yhdest\u00e4 paikasta\",\"publisher\":{\"@id\":\"https:\\\/\\\/vmsport.fi\\\/#organization\"},\"potentialAction\":[{\"@type\":\"SearchAction\",\"target\":{\"@type\":\"EntryPoint\",\"urlTemplate\":\"https:\\\/\\\/vmsport.fi\\\/?s={search_term_string}\"},\"query-input\":{\"@type\":\"PropertyValueSpecification\",\"valueRequired\":true,\"valueName\":\"search_term_string\"}}],\"inLanguage\":\"sv-SE\"},{\"@type\":\"Organization\",\"@id\":\"https:\\\/\\\/vmsport.fi\\\/#organization\",\"name\":\"Vmsport\",\"url\":\"https:\\\/\\\/vmsport.fi\\\/\",\"logo\":{\"@type\":\"ImageObject\",\"inLanguage\":\"sv-SE\",\"@id\":\"https:\\\/\\\/vmsport.fi\\\/#\\\/schema\\\/logo\\\/image\\\/\",\"url\":\"https:\\\/\\\/vmsport.fi\\\/wp-content\\\/uploads\\\/2024\\\/12\\\/vm_sport_RGB_horisontal-e1734526017575.png\",\"contentUrl\":\"https:\\\/\\\/vmsport.fi\\\/wp-content\\\/uploads\\\/2024\\\/12\\\/vm_sport_RGB_horisontal-e1734526017575.png\",\"width\":668,\"height\":85,\"caption\":\"Vmsport\"},\"image\":{\"@id\":\"https:\\\/\\\/vmsport.fi\\\/#\\\/schema\\\/logo\\\/image\\\/\"},\"sameAs\":[\"https:\\\/\\\/www.facebook.com\\\/Vmsport.fi\\\/\",\"https:\\\/\\\/www.instagram.com\\\/vmsport\\\/\"]}]}<\/script>\n<!-- \/ Yoast SEO plugin. -->","yoast_head_json":{"title":"SCHWALBE H\u00f6gtrycksf\u00e4lgband 18-559\/571 - VM Sport","robots":{"index":"index","follow":"follow","max-snippet":"max-snippet:-1","max-image-preview":"max-image-preview:large","max-video-preview":"max-video-preview:-1"},"canonical":"https:\/\/vmsport.fi\/sv\/webbutik\/dack\/systerdack\/schwalbe-high-pressure-falgband-18-559-571\/","og_locale":"sv_SE","og_type":"article","og_title":"SCHWALBE High Pressure Rim Tape 18-559\/571 - VM Sport","og_description":"Schwalben korkeapaineinen vanteenauha parantaa polkupy\u00f6r\u00e4si suorituskyky\u00e4, sill\u00e4 se kest\u00e4\u00e4 erinomaisesti korkeita rengaspaineita. Sen mitat, 18-559\/571, tekev\u00e4t siit\u00e4 yhteensopivan useiden erikokoisten vanteiden kanssa, tarjoten luotettavaa suojaa puhkeamisia vastaan. T\u00e4m\u00e4 sininen py\u00f6r\u00e4varuste on suunniteltu pident\u00e4m\u00e4\u00e4n vanteesi k\u00e4ytt\u00f6ik\u00e4\u00e4, mik\u00e4 takaa turvallisemman ja miellytt\u00e4v\u00e4mm\u00e4n ajokokemuksen. Helpon asennettavuutensa ansiosta se v\u00e4hent\u00e4\u00e4 huoltotarvetta, jolloin voit keskitty\u00e4 enemm\u00e4n ajamisesta nauttimiseen. [...]L\u00e4s mer \u2026 from SCHWALBE High Pressure Rim Tape 18-559\/571","og_url":"https:\/\/vmsport.fi\/sv\/webbutik\/dack\/systerdack\/schwalbe-high-pressure-falgband-18-559-571\/","og_site_name":"VM Sport","article_publisher":"https:\/\/www.facebook.com\/Vmsport.fi\/","article_modified_time":"2026-01-16T11:20:38+00:00","og_image":[{"width":502,"height":408,"url":"https:\/\/vmsport.fi\/wp-content\/uploads\/2025\/03\/kGSVE9PRUXwY7WnisZrMq2dS4c8l5vR80e6LY7Qxgv8VnVMst1-1.jpg","type":"image\/jpeg"}],"twitter_card":"summary_large_image","schema":{"@context":"https:\/\/schema.org","@graph":[{"@type":["WebPage","ItemPage"],"@id":"https:\/\/vmsport.fi\/verkkokauppa\/renkaat\/sisarenkaat\/schwalbe-high-pressure-rim-tape-18-559-571\/","url":"https:\/\/vmsport.fi\/verkkokauppa\/renkaat\/sisarenkaat\/schwalbe-high-pressure-rim-tape-18-559-571\/","name":"SCHWALBE H\u00f6gtrycksf\u00e4lgband 18-559\/571 - VM Sport","isPartOf":{"@id":"https:\/\/vmsport.fi\/#website"},"primaryImageOfPage":{"@id":"https:\/\/vmsport.fi\/verkkokauppa\/renkaat\/sisarenkaat\/schwalbe-high-pressure-rim-tape-18-559-571\/#primaryimage"},"image":{"@id":"https:\/\/vmsport.fi\/verkkokauppa\/renkaat\/sisarenkaat\/schwalbe-high-pressure-rim-tape-18-559-571\/#primaryimage"},"thumbnailUrl":"https:\/\/vmsport.fi\/wp-content\/uploads\/2025\/03\/kGSVE9PRUXwY7WnisZrMq2dS4c8l5vR80e6LY7Qxgv8VnVMst1-1.jpg","datePublished":"2025-03-05T21:40:27+00:00","dateModified":"2026-01-16T11:20:38+00:00","breadcrumb":{"@id":"https:\/\/vmsport.fi\/verkkokauppa\/renkaat\/sisarenkaat\/schwalbe-high-pressure-rim-tape-18-559-571\/#breadcrumb"},"inLanguage":"sv-SE","potentialAction":[{"@type":"ReadAction","target":["https:\/\/vmsport.fi\/verkkokauppa\/renkaat\/sisarenkaat\/schwalbe-high-pressure-rim-tape-18-559-571\/"]}]},{"@type":"ImageObject","inLanguage":"sv-SE","@id":"https:\/\/vmsport.fi\/verkkokauppa\/renkaat\/sisarenkaat\/schwalbe-high-pressure-rim-tape-18-559-571\/#primaryimage","url":"https:\/\/vmsport.fi\/wp-content\/uploads\/2025\/03\/kGSVE9PRUXwY7WnisZrMq2dS4c8l5vR80e6LY7Qxgv8VnVMst1-1.jpg","contentUrl":"https:\/\/vmsport.fi\/wp-content\/uploads\/2025\/03\/kGSVE9PRUXwY7WnisZrMq2dS4c8l5vR80e6LY7Qxgv8VnVMst1-1.jpg","width":502,"height":408,"caption":"kGSVE9PRUXwY7WnisZrMq2dS4c8l5vR80e6LY7Qxgv8VnVMst1"},{"@type":"BreadcrumbList","@id":"https:\/\/vmsport.fi\/verkkokauppa\/renkaat\/sisarenkaat\/schwalbe-high-pressure-rim-tape-18-559-571\/#breadcrumb","itemListElement":[{"@type":"ListItem","position":1,"name":"Etusivu","item":"https:\/\/vmsport.fi\/"},{"@type":"ListItem","position":2,"name":"Online Store","item":"https:\/\/vmsport.fi\/en\/online-store\/"},{"@type":"ListItem","position":3,"name":"SCHWALBE High Pressure Rim Tape 18-559\/571"}]},{"@type":"WebSite","@id":"https:\/\/vmsport.fi\/#website","url":"https:\/\/vmsport.fi\/","name":"Vmsport","description":"Allt p\u00e5 ett st\u00e4lle f\u00f6r cykling","publisher":{"@id":"https:\/\/vmsport.fi\/#organization"},"potentialAction":[{"@type":"SearchAction","target":{"@type":"EntryPoint","urlTemplate":"https:\/\/vmsport.fi\/?s={search_term_string}"},"query-input":{"@type":"PropertyValueSpecification","valueRequired":true,"valueName":"search_term_string"}}],"inLanguage":"sv-SE"},{"@type":"Organization","@id":"https:\/\/vmsport.fi\/#organization","name":"Vmsport","url":"https:\/\/vmsport.fi\/","logo":{"@type":"ImageObject","inLanguage":"sv-SE","@id":"https:\/\/vmsport.fi\/#\/schema\/logo\/image\/","url":"https:\/\/vmsport.fi\/wp-content\/uploads\/2024\/12\/vm_sport_RGB_horisontal-e1734526017575.png","contentUrl":"https:\/\/vmsport.fi\/wp-content\/uploads\/2024\/12\/vm_sport_RGB_horisontal-e1734526017575.png","width":668,"height":85,"caption":"Vmsport"},"image":{"@id":"https:\/\/vmsport.fi\/#\/schema\/logo\/image\/"},"sameAs":["https:\/\/www.facebook.com\/Vmsport.fi\/","https:\/\/www.instagram.com\/vmsport\/"]}]}},"global_unique_id":"","_links":{"self":[{"href":"https:\/\/vmsport.fi\/sv\/wp-json\/wp\/v2\/product\/53371","targetHints":{"allow":["GET"]}}],"collection":[{"href":"https:\/\/vmsport.fi\/sv\/wp-json\/wp\/v2\/product"}],"about":[{"href":"https:\/\/vmsport.fi\/sv\/wp-json\/wp\/v2\/types\/product"}],"replies":[{"embeddable":true,"href":"https:\/\/vmsport.fi\/sv\/wp-json\/wp\/v2\/comments?post=53371"}],"wp:featuredmedia":[{"embeddable":true,"href":"https:\/\/vmsport.fi\/sv\/wp-json\/wp\/v2\/media\/53370"}],"wp:attachment":[{"href":"https:\/\/vmsport.fi\/sv\/wp-json\/wp\/v2\/media?parent=53371"}],"wp:term":[{"taxonomy":"product_brand","embeddable":true,"href":"https:\/\/vmsport.fi\/sv\/wp-json\/wp\/v2\/product_brand?post=53371"},{"taxonomy":"product_model","embeddable":true,"href":"https:\/\/vmsport.fi\/sv\/wp-json\/wp\/v2\/product_model?post=53371"},{"taxonomy":"product_cat","embeddable":true,"href":"https:\/\/vmsport.fi\/sv\/wp-json\/wp\/v2\/product_cat?post=53371"},{"taxonomy":"product_tag","embeddable":true,"href":"https:\/\/vmsport.fi\/sv\/wp-json\/wp\/v2\/product_tag?post=53371"},{"taxonomy":"industry_terminology","embeddable":true,"href":"https:\/\/vmsport.fi\/sv\/wp-json\/wp\/v2\/industry-terminology?post=53371"}],"curies":[{"name":"wp","href":"https:\/\/api.w.org\/{rel}","templated":true}]}}