{"id":53363,"date":"2025-03-05T23:40:17","date_gmt":"2025-03-05T21:40:17","guid":{"rendered":"https:\/\/vmsport.fi\/verkkokauppa\/Ei-luokiteltu\/eturatas-50t-fc-3450-tiagra-110mm-hopea-9v\/"},"modified":"2026-01-16T13:21:24","modified_gmt":"2026-01-16T11:21:24","slug":"framhjul-50t-fc-3450-tiagra-110mm-silver-9v","status":"publish","type":"product","link":"https:\/\/vmsport.fi\/sv\/verkkokauppa\/varaosat\/voimansiirto\/eturattaat\/eturatas-50t-fc-3450-tiagra-110mm-hopea-9v\/","title":{"rendered":"Framhjul 50T FC-3450 Tiagra 110 mm, silver, 9v"},"content":{"rendered":"<p>50T FC-3450 Tiagra framhjul \u00e4r en p\u00e5litlig och effektiv komponent som \u00e4r utformad f\u00f6r att f\u00f6rb\u00e4ttra prestandan hos Shimano landsv\u00e4gscyklar. Det \u00e4r tillverkat av slitstarkt aluminium f\u00f6r l\u00e5ng livsl\u00e4ngd. Det h\u00e4r 50-tandade framhjulet ger en j\u00e4mn och kraftfull pedalk\u00e4nsla och \u00e4r l\u00e4mpligt f\u00f6r montering p\u00e5 ett dubbelt vevparti. Dess 110 mm bultring ger ett stabilt f\u00e4ste f\u00f6r kompakta vevarmar och \u00e4r kompatibel med 9-v\u00e4xlade system. Den silverf\u00e4rgade ytan kombinerar funktionalitet med ett elegant utseende.<\/p>","protected":false},"excerpt":{"rendered":"<p>Eturatas 50T FC-3450 Tiagra on luotettava ja tehokas osa, joka on suunniteltu parantamaan Shimano-maantiepy\u00f6rien suorituskyky\u00e4. Se on valmistettu kest\u00e4v\u00e4st\u00e4 alumiinista, mik\u00e4 takaa pitk\u00e4n k\u00e4ytt\u00f6i\u00e4n. T\u00e4m\u00e4 50 hammasta sis\u00e4lt\u00e4v\u00e4 eturatas tarjoaa tasaisen ja voimakkaan poljintuntuman ja sopii kiinnitett\u00e4v\u00e4ksi kaksoiskampeen. Sen 110 mm pulttikeh\u00e4 takaa tukevan kiinnityksen kompaktikammetyypille, ja se on yhteensopiva 9-vaihteisten j\u00e4rjestelmien kanssa. Hopeanv\u00e4rinen viimeistely [&#8230;]<\/p>\n<p><a class=\"btn btn-secondary understrap-read-more-link\" href=\"https:\/\/vmsport.fi\/sv\/verkkokauppa\/varaosat\/voimansiirto\/eturattaat\/eturatas-50t-fc-3450-tiagra-110mm-hopea-9v\/\">L\u00e4s mer \u2026<span class=\"screen-reader-text\"> from Eturatas 50T FC-3450 Tiagra 110mm, hopea, 9v<\/span><\/a><\/p>\n","protected":false},"featured_media":53362,"comment_status":"open","ping_status":"closed","template":"","meta":{"_acf_changed":false,"_improvement_type_select":"improve_an_existing","_thumb_yes_seoaic":false,"_frame_yes_seoaic":false,"seoaic_generate_description":"","seoaic_improve_instructions_prompt":"","seoaic_rollback_content_improvement":"","seoaic_idea_thumbnail_generator":"","thumbnail_generated":false,"thumbnail_generate_prompt":"","seoaic_article_description":"","_supplier_stock_quantity":0},"product_brand":[],"product_model":[],"product_cat":[9252],"product_tag":[],"industry-terminology":[],"class_list":{"0":"post-53363","1":"product","2":"type-product","3":"status-publish","4":"has-post-thumbnail","6":"product_cat-eturattaat","8":"first","9":"outofstock","10":"taxable","11":"shipping-taxable","12":"product-type-simple"},"acf":{"bike_features":null,"overview":{"copy_overview":null,"key_features":null,"statement":"","youtube_url":""}},"yoast_head":"<!-- This site is optimized with the Yoast SEO plugin v27.4 - https:\/\/yoast.com\/product\/yoast-seo-wordpress\/ -->\n<title>Eturatas 50T FC-3450 Tiagra 110mm, hopea, 9v - VM Sport<\/title>\n<meta name=\"robots\" content=\"index, follow, max-snippet:-1, max-image-preview:large, max-video-preview:-1\" \/>\n<link rel=\"canonical\" href=\"https:\/\/vmsport.fi\/sv\/webbutik\/reservdelar\/transmission\/framhjulsdrift\/framhjul-50t-fc-3450-tiagra-110mm-silver-9v\/\" \/>\n<meta property=\"og:locale\" content=\"sv_SE\" \/>\n<meta property=\"og:type\" content=\"article\" \/>\n<meta property=\"og:title\" content=\"Eturatas 50T FC-3450 Tiagra 110mm, hopea, 9v - VM Sport\" \/>\n<meta property=\"og:description\" content=\"Eturatas 50T FC-3450 Tiagra on luotettava ja tehokas osa, joka on suunniteltu parantamaan Shimano-maantiepy\u00f6rien suorituskyky\u00e4. Se on valmistettu kest\u00e4v\u00e4st\u00e4 alumiinista, mik\u00e4 takaa pitk\u00e4n k\u00e4ytt\u00f6i\u00e4n. T\u00e4m\u00e4 50 hammasta sis\u00e4lt\u00e4v\u00e4 eturatas tarjoaa tasaisen ja voimakkaan poljintuntuman ja sopii kiinnitett\u00e4v\u00e4ksi kaksoiskampeen. Sen 110 mm pulttikeh\u00e4 takaa tukevan kiinnityksen kompaktikammetyypille, ja se on yhteensopiva 9-vaihteisten j\u00e4rjestelmien kanssa. Hopeanv\u00e4rinen viimeistely [...]L\u00e4s mer \u2026 from Eturatas 50T FC-3450 Tiagra 110mm, hopea, 9v\" \/>\n<meta property=\"og:url\" content=\"https:\/\/vmsport.fi\/sv\/webbutik\/reservdelar\/transmission\/framhjulsdrift\/framhjul-50t-fc-3450-tiagra-110mm-silver-9v\/\" \/>\n<meta property=\"og:site_name\" content=\"VM Sport\" \/>\n<meta property=\"article:publisher\" content=\"https:\/\/www.facebook.com\/Vmsport.fi\/\" \/>\n<meta property=\"article:modified_time\" content=\"2026-01-16T11:21:24+00:00\" \/>\n<meta property=\"og:image\" content=\"https:\/\/vmsport.fi\/wp-content\/uploads\/2025\/03\/8To3Gr9HhckcICFWFowdbGsU7I2ddvHwfIZfNuTRkVFTi5kucc-1.jpg\" \/>\n\t<meta property=\"og:image:width\" content=\"600\" \/>\n\t<meta property=\"og:image:height\" content=\"600\" \/>\n\t<meta property=\"og:image:type\" content=\"image\/jpeg\" \/>\n<meta name=\"twitter:card\" content=\"summary_large_image\" \/>\n<script type=\"application\/ld+json\" class=\"yoast-schema-graph\">{\"@context\":\"https:\\\/\\\/schema.org\",\"@graph\":[{\"@type\":[\"WebPage\",\"ItemPage\"],\"@id\":\"https:\\\/\\\/vmsport.fi\\\/verkkokauppa\\\/varaosat\\\/voimansiirto\\\/eturattaat\\\/eturatas-50t-fc-3450-tiagra-110mm-hopea-9v\\\/\",\"url\":\"https:\\\/\\\/vmsport.fi\\\/verkkokauppa\\\/varaosat\\\/voimansiirto\\\/eturattaat\\\/eturatas-50t-fc-3450-tiagra-110mm-hopea-9v\\\/\",\"name\":\"Eturatas 50T FC-3450 Tiagra 110mm, hopea, 9v - VM Sport\",\"isPartOf\":{\"@id\":\"https:\\\/\\\/vmsport.fi\\\/#website\"},\"primaryImageOfPage\":{\"@id\":\"https:\\\/\\\/vmsport.fi\\\/verkkokauppa\\\/varaosat\\\/voimansiirto\\\/eturattaat\\\/eturatas-50t-fc-3450-tiagra-110mm-hopea-9v\\\/#primaryimage\"},\"image\":{\"@id\":\"https:\\\/\\\/vmsport.fi\\\/verkkokauppa\\\/varaosat\\\/voimansiirto\\\/eturattaat\\\/eturatas-50t-fc-3450-tiagra-110mm-hopea-9v\\\/#primaryimage\"},\"thumbnailUrl\":\"https:\\\/\\\/vmsport.fi\\\/wp-content\\\/uploads\\\/2025\\\/03\\\/8To3Gr9HhckcICFWFowdbGsU7I2ddvHwfIZfNuTRkVFTi5kucc-1.jpg\",\"datePublished\":\"2025-03-05T21:40:17+00:00\",\"dateModified\":\"2026-01-16T11:21:24+00:00\",\"breadcrumb\":{\"@id\":\"https:\\\/\\\/vmsport.fi\\\/verkkokauppa\\\/varaosat\\\/voimansiirto\\\/eturattaat\\\/eturatas-50t-fc-3450-tiagra-110mm-hopea-9v\\\/#breadcrumb\"},\"inLanguage\":\"sv-SE\",\"potentialAction\":[{\"@type\":\"ReadAction\",\"target\":[\"https:\\\/\\\/vmsport.fi\\\/verkkokauppa\\\/varaosat\\\/voimansiirto\\\/eturattaat\\\/eturatas-50t-fc-3450-tiagra-110mm-hopea-9v\\\/\"]}]},{\"@type\":\"ImageObject\",\"inLanguage\":\"sv-SE\",\"@id\":\"https:\\\/\\\/vmsport.fi\\\/verkkokauppa\\\/varaosat\\\/voimansiirto\\\/eturattaat\\\/eturatas-50t-fc-3450-tiagra-110mm-hopea-9v\\\/#primaryimage\",\"url\":\"https:\\\/\\\/vmsport.fi\\\/wp-content\\\/uploads\\\/2025\\\/03\\\/8To3Gr9HhckcICFWFowdbGsU7I2ddvHwfIZfNuTRkVFTi5kucc-1.jpg\",\"contentUrl\":\"https:\\\/\\\/vmsport.fi\\\/wp-content\\\/uploads\\\/2025\\\/03\\\/8To3Gr9HhckcICFWFowdbGsU7I2ddvHwfIZfNuTRkVFTi5kucc-1.jpg\",\"width\":600,\"height\":600,\"caption\":\"8To3Gr9HhckcICFWFowdbGsU7I2ddvHwfIZfNuTRkVFTi5kucc\"},{\"@type\":\"BreadcrumbList\",\"@id\":\"https:\\\/\\\/vmsport.fi\\\/verkkokauppa\\\/varaosat\\\/voimansiirto\\\/eturattaat\\\/eturatas-50t-fc-3450-tiagra-110mm-hopea-9v\\\/#breadcrumb\",\"itemListElement\":[{\"@type\":\"ListItem\",\"position\":1,\"name\":\"Etusivu\",\"item\":\"https:\\\/\\\/vmsport.fi\\\/\"},{\"@type\":\"ListItem\",\"position\":2,\"name\":\"Online Store\",\"item\":\"https:\\\/\\\/vmsport.fi\\\/en\\\/online-store\\\/\"},{\"@type\":\"ListItem\",\"position\":3,\"name\":\"Eturatas 50T FC-3450 Tiagra 110mm, hopea, 9v\"}]},{\"@type\":\"WebSite\",\"@id\":\"https:\\\/\\\/vmsport.fi\\\/#website\",\"url\":\"https:\\\/\\\/vmsport.fi\\\/\",\"name\":\"Vmsport\",\"description\":\"Kaikki py\u00f6r\u00e4ilyyn yhdest\u00e4 paikasta\",\"publisher\":{\"@id\":\"https:\\\/\\\/vmsport.fi\\\/#organization\"},\"potentialAction\":[{\"@type\":\"SearchAction\",\"target\":{\"@type\":\"EntryPoint\",\"urlTemplate\":\"https:\\\/\\\/vmsport.fi\\\/?s={search_term_string}\"},\"query-input\":{\"@type\":\"PropertyValueSpecification\",\"valueRequired\":true,\"valueName\":\"search_term_string\"}}],\"inLanguage\":\"sv-SE\"},{\"@type\":\"Organization\",\"@id\":\"https:\\\/\\\/vmsport.fi\\\/#organization\",\"name\":\"Vmsport\",\"url\":\"https:\\\/\\\/vmsport.fi\\\/\",\"logo\":{\"@type\":\"ImageObject\",\"inLanguage\":\"sv-SE\",\"@id\":\"https:\\\/\\\/vmsport.fi\\\/#\\\/schema\\\/logo\\\/image\\\/\",\"url\":\"https:\\\/\\\/vmsport.fi\\\/wp-content\\\/uploads\\\/2024\\\/12\\\/vm_sport_RGB_horisontal-e1734526017575.png\",\"contentUrl\":\"https:\\\/\\\/vmsport.fi\\\/wp-content\\\/uploads\\\/2024\\\/12\\\/vm_sport_RGB_horisontal-e1734526017575.png\",\"width\":668,\"height\":85,\"caption\":\"Vmsport\"},\"image\":{\"@id\":\"https:\\\/\\\/vmsport.fi\\\/#\\\/schema\\\/logo\\\/image\\\/\"},\"sameAs\":[\"https:\\\/\\\/www.facebook.com\\\/Vmsport.fi\\\/\",\"https:\\\/\\\/www.instagram.com\\\/vmsport\\\/\"]}]}<\/script>\n<!-- \/ Yoast SEO plugin. -->","yoast_head_json":{"title":"Framhjul 50T FC-3450 Tiagra 110 mm, silver, 9v - VM Sport","robots":{"index":"index","follow":"follow","max-snippet":"max-snippet:-1","max-image-preview":"max-image-preview:large","max-video-preview":"max-video-preview:-1"},"canonical":"https:\/\/vmsport.fi\/sv\/webbutik\/reservdelar\/transmission\/framhjulsdrift\/framhjul-50t-fc-3450-tiagra-110mm-silver-9v\/","og_locale":"sv_SE","og_type":"article","og_title":"Eturatas 50T FC-3450 Tiagra 110mm, hopea, 9v - VM Sport","og_description":"Eturatas 50T FC-3450 Tiagra on luotettava ja tehokas osa, joka on suunniteltu parantamaan Shimano-maantiepy\u00f6rien suorituskyky\u00e4. Se on valmistettu kest\u00e4v\u00e4st\u00e4 alumiinista, mik\u00e4 takaa pitk\u00e4n k\u00e4ytt\u00f6i\u00e4n. T\u00e4m\u00e4 50 hammasta sis\u00e4lt\u00e4v\u00e4 eturatas tarjoaa tasaisen ja voimakkaan poljintuntuman ja sopii kiinnitett\u00e4v\u00e4ksi kaksoiskampeen. Sen 110 mm pulttikeh\u00e4 takaa tukevan kiinnityksen kompaktikammetyypille, ja se on yhteensopiva 9-vaihteisten j\u00e4rjestelmien kanssa. Hopeanv\u00e4rinen viimeistely [...]L\u00e4s mer \u2026 from Eturatas 50T FC-3450 Tiagra 110mm, hopea, 9v","og_url":"https:\/\/vmsport.fi\/sv\/webbutik\/reservdelar\/transmission\/framhjulsdrift\/framhjul-50t-fc-3450-tiagra-110mm-silver-9v\/","og_site_name":"VM Sport","article_publisher":"https:\/\/www.facebook.com\/Vmsport.fi\/","article_modified_time":"2026-01-16T11:21:24+00:00","og_image":[{"width":600,"height":600,"url":"https:\/\/vmsport.fi\/wp-content\/uploads\/2025\/03\/8To3Gr9HhckcICFWFowdbGsU7I2ddvHwfIZfNuTRkVFTi5kucc-1.jpg","type":"image\/jpeg"}],"twitter_card":"summary_large_image","schema":{"@context":"https:\/\/schema.org","@graph":[{"@type":["WebPage","ItemPage"],"@id":"https:\/\/vmsport.fi\/verkkokauppa\/varaosat\/voimansiirto\/eturattaat\/eturatas-50t-fc-3450-tiagra-110mm-hopea-9v\/","url":"https:\/\/vmsport.fi\/verkkokauppa\/varaosat\/voimansiirto\/eturattaat\/eturatas-50t-fc-3450-tiagra-110mm-hopea-9v\/","name":"Framhjul 50T FC-3450 Tiagra 110 mm, silver, 9v - VM Sport","isPartOf":{"@id":"https:\/\/vmsport.fi\/#website"},"primaryImageOfPage":{"@id":"https:\/\/vmsport.fi\/verkkokauppa\/varaosat\/voimansiirto\/eturattaat\/eturatas-50t-fc-3450-tiagra-110mm-hopea-9v\/#primaryimage"},"image":{"@id":"https:\/\/vmsport.fi\/verkkokauppa\/varaosat\/voimansiirto\/eturattaat\/eturatas-50t-fc-3450-tiagra-110mm-hopea-9v\/#primaryimage"},"thumbnailUrl":"https:\/\/vmsport.fi\/wp-content\/uploads\/2025\/03\/8To3Gr9HhckcICFWFowdbGsU7I2ddvHwfIZfNuTRkVFTi5kucc-1.jpg","datePublished":"2025-03-05T21:40:17+00:00","dateModified":"2026-01-16T11:21:24+00:00","breadcrumb":{"@id":"https:\/\/vmsport.fi\/verkkokauppa\/varaosat\/voimansiirto\/eturattaat\/eturatas-50t-fc-3450-tiagra-110mm-hopea-9v\/#breadcrumb"},"inLanguage":"sv-SE","potentialAction":[{"@type":"ReadAction","target":["https:\/\/vmsport.fi\/verkkokauppa\/varaosat\/voimansiirto\/eturattaat\/eturatas-50t-fc-3450-tiagra-110mm-hopea-9v\/"]}]},{"@type":"ImageObject","inLanguage":"sv-SE","@id":"https:\/\/vmsport.fi\/verkkokauppa\/varaosat\/voimansiirto\/eturattaat\/eturatas-50t-fc-3450-tiagra-110mm-hopea-9v\/#primaryimage","url":"https:\/\/vmsport.fi\/wp-content\/uploads\/2025\/03\/8To3Gr9HhckcICFWFowdbGsU7I2ddvHwfIZfNuTRkVFTi5kucc-1.jpg","contentUrl":"https:\/\/vmsport.fi\/wp-content\/uploads\/2025\/03\/8To3Gr9HhckcICFWFowdbGsU7I2ddvHwfIZfNuTRkVFTi5kucc-1.jpg","width":600,"height":600,"caption":"8To3Gr9HhckcICFWFowdbGsU7I2ddvHwfIZfNuTRkVFTi5kucc"},{"@type":"BreadcrumbList","@id":"https:\/\/vmsport.fi\/verkkokauppa\/varaosat\/voimansiirto\/eturattaat\/eturatas-50t-fc-3450-tiagra-110mm-hopea-9v\/#breadcrumb","itemListElement":[{"@type":"ListItem","position":1,"name":"Etusivu","item":"https:\/\/vmsport.fi\/"},{"@type":"ListItem","position":2,"name":"Online Store","item":"https:\/\/vmsport.fi\/en\/online-store\/"},{"@type":"ListItem","position":3,"name":"Eturatas 50T FC-3450 Tiagra 110mm, hopea, 9v"}]},{"@type":"WebSite","@id":"https:\/\/vmsport.fi\/#website","url":"https:\/\/vmsport.fi\/","name":"Vmsport","description":"Allt p\u00e5 ett st\u00e4lle f\u00f6r cykling","publisher":{"@id":"https:\/\/vmsport.fi\/#organization"},"potentialAction":[{"@type":"SearchAction","target":{"@type":"EntryPoint","urlTemplate":"https:\/\/vmsport.fi\/?s={search_term_string}"},"query-input":{"@type":"PropertyValueSpecification","valueRequired":true,"valueName":"search_term_string"}}],"inLanguage":"sv-SE"},{"@type":"Organization","@id":"https:\/\/vmsport.fi\/#organization","name":"Vmsport","url":"https:\/\/vmsport.fi\/","logo":{"@type":"ImageObject","inLanguage":"sv-SE","@id":"https:\/\/vmsport.fi\/#\/schema\/logo\/image\/","url":"https:\/\/vmsport.fi\/wp-content\/uploads\/2024\/12\/vm_sport_RGB_horisontal-e1734526017575.png","contentUrl":"https:\/\/vmsport.fi\/wp-content\/uploads\/2024\/12\/vm_sport_RGB_horisontal-e1734526017575.png","width":668,"height":85,"caption":"Vmsport"},"image":{"@id":"https:\/\/vmsport.fi\/#\/schema\/logo\/image\/"},"sameAs":["https:\/\/www.facebook.com\/Vmsport.fi\/","https:\/\/www.instagram.com\/vmsport\/"]}]}},"global_unique_id":"","_links":{"self":[{"href":"https:\/\/vmsport.fi\/sv\/wp-json\/wp\/v2\/product\/53363","targetHints":{"allow":["GET"]}}],"collection":[{"href":"https:\/\/vmsport.fi\/sv\/wp-json\/wp\/v2\/product"}],"about":[{"href":"https:\/\/vmsport.fi\/sv\/wp-json\/wp\/v2\/types\/product"}],"replies":[{"embeddable":true,"href":"https:\/\/vmsport.fi\/sv\/wp-json\/wp\/v2\/comments?post=53363"}],"wp:featuredmedia":[{"embeddable":true,"href":"https:\/\/vmsport.fi\/sv\/wp-json\/wp\/v2\/media\/53362"}],"wp:attachment":[{"href":"https:\/\/vmsport.fi\/sv\/wp-json\/wp\/v2\/media?parent=53363"}],"wp:term":[{"taxonomy":"product_brand","embeddable":true,"href":"https:\/\/vmsport.fi\/sv\/wp-json\/wp\/v2\/product_brand?post=53363"},{"taxonomy":"product_model","embeddable":true,"href":"https:\/\/vmsport.fi\/sv\/wp-json\/wp\/v2\/product_model?post=53363"},{"taxonomy":"product_cat","embeddable":true,"href":"https:\/\/vmsport.fi\/sv\/wp-json\/wp\/v2\/product_cat?post=53363"},{"taxonomy":"product_tag","embeddable":true,"href":"https:\/\/vmsport.fi\/sv\/wp-json\/wp\/v2\/product_tag?post=53363"},{"taxonomy":"industry_terminology","embeddable":true,"href":"https:\/\/vmsport.fi\/sv\/wp-json\/wp\/v2\/industry-terminology?post=53363"}],"curies":[{"name":"wp","href":"https:\/\/api.w.org\/{rel}","templated":true}]}}