{"id":53360,"date":"2025-03-05T23:40:16","date_gmt":"2025-03-05T21:40:16","guid":{"rendered":"https:\/\/vmsport.fi\/verkkokauppa\/Ei-luokiteltu\/full-flux-sb-hat-drk-mrn\/"},"modified":"2026-01-16T13:24:26","modified_gmt":"2026-01-16T11:24:26","slug":"full-flux-sb-hatt-drk-mrn","status":"publish","type":"product","link":"https:\/\/vmsport.fi\/sv\/verkkokauppa\/ajovarusteet\/vaatteet\/vapaa-ajan-vaatteet\/full-flux-sb-hat-drk-mrn\/","title":{"rendered":"FULL FLUX SB HAT [DRK MRN]"},"content":{"rendered":"<p>Full Flux SB-kepsen i en snygg m\u00f6rk berry beetle-f\u00e4rg \u00e4r det perfekta valet f\u00f6r den som kl\u00e4r sig modernt. Snapback-mekanismen ger en justerbar passform som g\u00f6r att hatten sitter bekv\u00e4mt p\u00e5 plats i olika situationer.<\/p>\n<p>Den sammetslena ytan ger produkten en lyxig k\u00e4nsla och g\u00f6r den behaglig att b\u00e4ra. Hatten har en omsorgsfullt broderad tygetikett som framh\u00e4ver dess unika design.<\/p>\n<p>Den ikoniska fox-logotypen \u00e4r en viktig detalj som ger hatten en distinkt stil och kvalitet. Den h\u00e4r hatten \u00e4r inte bara ett stilmedvetet val utan ocks\u00e5 en praktisk accessoar f\u00f6r vardagsbruk.<\/p>","protected":false},"excerpt":{"rendered":"<p>Full Flux SB -hattu, jonka tyylik\u00e4s tumman marjapuuron v\u00e4ri vangitsee katseen, on t\u00e4ydellinen valinta modernille pukeutujalle. Snapback-mekanismi mahdollistaa s\u00e4\u00e4dett\u00e4v\u00e4n istuvuuden, pit\u00e4en hatun mukavasti paikoillaan eri tilanteissa. Samettinen pinta antaa tuotteelle ylellisen tunteen ja tekee siit\u00e4 miellytt\u00e4v\u00e4n k\u00e4ytt\u00e4\u00e4. Hatussa on huolellisesti kirjailtu kangasmerkki, joka korostaa sen ainutlaatuista muotoilua. Keskeisen\u00e4 yksityiskohtana erottuu ikoninen kettulogo, jonka ansiosta hattu [&#8230;]<\/p>\n<p><a class=\"btn btn-secondary understrap-read-more-link\" href=\"https:\/\/vmsport.fi\/sv\/verkkokauppa\/ajovarusteet\/vaatteet\/vapaa-ajan-vaatteet\/full-flux-sb-hat-drk-mrn\/\">L\u00e4s mer \u2026<span class=\"screen-reader-text\"> from FULL FLUX SB HAT [DRK MRN]<\/span><\/a><\/p>\n","protected":false},"featured_media":53359,"comment_status":"open","ping_status":"closed","template":"","meta":{"_acf_changed":false,"_improvement_type_select":"improve_an_existing","_thumb_yes_seoaic":false,"_frame_yes_seoaic":false,"seoaic_generate_description":"","seoaic_improve_instructions_prompt":"","seoaic_rollback_content_improvement":"","seoaic_idea_thumbnail_generator":"","thumbnail_generated":false,"thumbnail_generate_prompt":"","seoaic_article_description":"","_supplier_stock_quantity":0},"product_brand":[],"product_model":[],"product_cat":[9466],"product_tag":[],"industry-terminology":[],"class_list":{"0":"post-53360","1":"product","2":"type-product","3":"status-publish","4":"has-post-thumbnail","6":"product_cat-vapaa-ajan-vaatteet","8":"first","9":"outofstock","10":"sale","11":"taxable","12":"shipping-taxable","13":"product-type-simple"},"acf":{"bike_features":null,"overview":{"copy_overview":null,"key_features":null,"statement":"","youtube_url":""}},"yoast_head":"<!-- This site is optimized with the Yoast SEO plugin v27.3 - https:\/\/yoast.com\/product\/yoast-seo-wordpress\/ -->\n<title>FULL FLUX SB HAT [DRK MRN] - VM Sport<\/title>\n<meta name=\"robots\" content=\"index, follow, max-snippet:-1, max-image-preview:large, max-video-preview:-1\" \/>\n<link rel=\"canonical\" href=\"https:\/\/vmsport.fi\/sv\/webbutik\/korutrustning\/klader\/fritidsklader\/full-flux-sb-hatt-drk-mrn\/\" \/>\n<meta property=\"og:locale\" content=\"sv_SE\" \/>\n<meta property=\"og:type\" content=\"article\" \/>\n<meta property=\"og:title\" content=\"FULL FLUX SB HAT [DRK MRN] - VM Sport\" \/>\n<meta property=\"og:description\" content=\"Full Flux SB -hattu, jonka tyylik\u00e4s tumman marjapuuron v\u00e4ri vangitsee katseen, on t\u00e4ydellinen valinta modernille pukeutujalle. Snapback-mekanismi mahdollistaa s\u00e4\u00e4dett\u00e4v\u00e4n istuvuuden, pit\u00e4en hatun mukavasti paikoillaan eri tilanteissa. Samettinen pinta antaa tuotteelle ylellisen tunteen ja tekee siit\u00e4 miellytt\u00e4v\u00e4n k\u00e4ytt\u00e4\u00e4. Hatussa on huolellisesti kirjailtu kangasmerkki, joka korostaa sen ainutlaatuista muotoilua. Keskeisen\u00e4 yksityiskohtana erottuu ikoninen kettulogo, jonka ansiosta hattu [...]L\u00e4s mer \u2026 from FULL FLUX SB HAT [DRK MRN]\" \/>\n<meta property=\"og:url\" content=\"https:\/\/vmsport.fi\/sv\/webbutik\/korutrustning\/klader\/fritidsklader\/full-flux-sb-hatt-drk-mrn\/\" \/>\n<meta property=\"og:site_name\" content=\"VM Sport\" \/>\n<meta property=\"article:publisher\" content=\"https:\/\/www.facebook.com\/Vmsport.fi\/\" \/>\n<meta property=\"article:modified_time\" content=\"2026-01-16T11:24:26+00:00\" \/>\n<meta property=\"og:image\" content=\"https:\/\/vmsport.fi\/wp-content\/uploads\/2025\/03\/Fox-Head-Full-Flux-SB-Kappe-29915-299-1-800x800-2.jpg\" \/>\n\t<meta property=\"og:image:width\" content=\"800\" \/>\n\t<meta property=\"og:image:height\" content=\"559\" \/>\n\t<meta property=\"og:image:type\" content=\"image\/jpeg\" \/>\n<meta name=\"twitter:card\" content=\"summary_large_image\" \/>\n<script type=\"application\/ld+json\" class=\"yoast-schema-graph\">{\"@context\":\"https:\\\/\\\/schema.org\",\"@graph\":[{\"@type\":[\"WebPage\",\"ItemPage\"],\"@id\":\"https:\\\/\\\/vmsport.fi\\\/verkkokauppa\\\/ajovarusteet\\\/vaatteet\\\/vapaa-ajan-vaatteet\\\/full-flux-sb-hat-drk-mrn\\\/\",\"url\":\"https:\\\/\\\/vmsport.fi\\\/verkkokauppa\\\/ajovarusteet\\\/vaatteet\\\/vapaa-ajan-vaatteet\\\/full-flux-sb-hat-drk-mrn\\\/\",\"name\":\"FULL FLUX SB HAT [DRK MRN] - VM Sport\",\"isPartOf\":{\"@id\":\"https:\\\/\\\/vmsport.fi\\\/#website\"},\"primaryImageOfPage\":{\"@id\":\"https:\\\/\\\/vmsport.fi\\\/verkkokauppa\\\/ajovarusteet\\\/vaatteet\\\/vapaa-ajan-vaatteet\\\/full-flux-sb-hat-drk-mrn\\\/#primaryimage\"},\"image\":{\"@id\":\"https:\\\/\\\/vmsport.fi\\\/verkkokauppa\\\/ajovarusteet\\\/vaatteet\\\/vapaa-ajan-vaatteet\\\/full-flux-sb-hat-drk-mrn\\\/#primaryimage\"},\"thumbnailUrl\":\"https:\\\/\\\/vmsport.fi\\\/wp-content\\\/uploads\\\/2025\\\/03\\\/Fox-Head-Full-Flux-SB-Kappe-29915-299-1-800x800-2.jpg\",\"datePublished\":\"2025-03-05T21:40:16+00:00\",\"dateModified\":\"2026-01-16T11:24:26+00:00\",\"breadcrumb\":{\"@id\":\"https:\\\/\\\/vmsport.fi\\\/verkkokauppa\\\/ajovarusteet\\\/vaatteet\\\/vapaa-ajan-vaatteet\\\/full-flux-sb-hat-drk-mrn\\\/#breadcrumb\"},\"inLanguage\":\"sv-SE\",\"potentialAction\":[{\"@type\":\"ReadAction\",\"target\":[\"https:\\\/\\\/vmsport.fi\\\/verkkokauppa\\\/ajovarusteet\\\/vaatteet\\\/vapaa-ajan-vaatteet\\\/full-flux-sb-hat-drk-mrn\\\/\"]}]},{\"@type\":\"ImageObject\",\"inLanguage\":\"sv-SE\",\"@id\":\"https:\\\/\\\/vmsport.fi\\\/verkkokauppa\\\/ajovarusteet\\\/vaatteet\\\/vapaa-ajan-vaatteet\\\/full-flux-sb-hat-drk-mrn\\\/#primaryimage\",\"url\":\"https:\\\/\\\/vmsport.fi\\\/wp-content\\\/uploads\\\/2025\\\/03\\\/Fox-Head-Full-Flux-SB-Kappe-29915-299-1-800x800-2.jpg\",\"contentUrl\":\"https:\\\/\\\/vmsport.fi\\\/wp-content\\\/uploads\\\/2025\\\/03\\\/Fox-Head-Full-Flux-SB-Kappe-29915-299-1-800x800-2.jpg\",\"width\":800,\"height\":559,\"caption\":\"Fox-Head-Full-Flux-SB-Kappe-29915-299-1-800x800\"},{\"@type\":\"BreadcrumbList\",\"@id\":\"https:\\\/\\\/vmsport.fi\\\/verkkokauppa\\\/ajovarusteet\\\/vaatteet\\\/vapaa-ajan-vaatteet\\\/full-flux-sb-hat-drk-mrn\\\/#breadcrumb\",\"itemListElement\":[{\"@type\":\"ListItem\",\"position\":1,\"name\":\"Etusivu\",\"item\":\"https:\\\/\\\/vmsport.fi\\\/\"},{\"@type\":\"ListItem\",\"position\":2,\"name\":\"Online Store\",\"item\":\"https:\\\/\\\/vmsport.fi\\\/en\\\/online-store\\\/\"},{\"@type\":\"ListItem\",\"position\":3,\"name\":\"FULL FLUX SB HAT [DRK MRN]\"}]},{\"@type\":\"WebSite\",\"@id\":\"https:\\\/\\\/vmsport.fi\\\/#website\",\"url\":\"https:\\\/\\\/vmsport.fi\\\/\",\"name\":\"Vmsport\",\"description\":\"Kaikki py\u00f6r\u00e4ilyyn yhdest\u00e4 paikasta\",\"publisher\":{\"@id\":\"https:\\\/\\\/vmsport.fi\\\/#organization\"},\"potentialAction\":[{\"@type\":\"SearchAction\",\"target\":{\"@type\":\"EntryPoint\",\"urlTemplate\":\"https:\\\/\\\/vmsport.fi\\\/?s={search_term_string}\"},\"query-input\":{\"@type\":\"PropertyValueSpecification\",\"valueRequired\":true,\"valueName\":\"search_term_string\"}}],\"inLanguage\":\"sv-SE\"},{\"@type\":\"Organization\",\"@id\":\"https:\\\/\\\/vmsport.fi\\\/#organization\",\"name\":\"Vmsport\",\"url\":\"https:\\\/\\\/vmsport.fi\\\/\",\"logo\":{\"@type\":\"ImageObject\",\"inLanguage\":\"sv-SE\",\"@id\":\"https:\\\/\\\/vmsport.fi\\\/#\\\/schema\\\/logo\\\/image\\\/\",\"url\":\"https:\\\/\\\/vmsport.fi\\\/wp-content\\\/uploads\\\/2024\\\/12\\\/vm_sport_RGB_horisontal-e1734526017575.png\",\"contentUrl\":\"https:\\\/\\\/vmsport.fi\\\/wp-content\\\/uploads\\\/2024\\\/12\\\/vm_sport_RGB_horisontal-e1734526017575.png\",\"width\":668,\"height\":85,\"caption\":\"Vmsport\"},\"image\":{\"@id\":\"https:\\\/\\\/vmsport.fi\\\/#\\\/schema\\\/logo\\\/image\\\/\"},\"sameAs\":[\"https:\\\/\\\/www.facebook.com\\\/Vmsport.fi\\\/\",\"https:\\\/\\\/www.instagram.com\\\/vmsport\\\/\"]}]}<\/script>\n<!-- \/ Yoast SEO plugin. -->","yoast_head_json":{"title":"FULL FLUX SB HAT [DRK MRN] - VM Sport","robots":{"index":"index","follow":"follow","max-snippet":"max-snippet:-1","max-image-preview":"max-image-preview:large","max-video-preview":"max-video-preview:-1"},"canonical":"https:\/\/vmsport.fi\/sv\/webbutik\/korutrustning\/klader\/fritidsklader\/full-flux-sb-hatt-drk-mrn\/","og_locale":"sv_SE","og_type":"article","og_title":"FULL FLUX SB HAT [DRK MRN] - VM Sport","og_description":"Full Flux SB -hattu, jonka tyylik\u00e4s tumman marjapuuron v\u00e4ri vangitsee katseen, on t\u00e4ydellinen valinta modernille pukeutujalle. Snapback-mekanismi mahdollistaa s\u00e4\u00e4dett\u00e4v\u00e4n istuvuuden, pit\u00e4en hatun mukavasti paikoillaan eri tilanteissa. Samettinen pinta antaa tuotteelle ylellisen tunteen ja tekee siit\u00e4 miellytt\u00e4v\u00e4n k\u00e4ytt\u00e4\u00e4. Hatussa on huolellisesti kirjailtu kangasmerkki, joka korostaa sen ainutlaatuista muotoilua. Keskeisen\u00e4 yksityiskohtana erottuu ikoninen kettulogo, jonka ansiosta hattu [...]L\u00e4s mer \u2026 from FULL FLUX SB HAT [DRK MRN]","og_url":"https:\/\/vmsport.fi\/sv\/webbutik\/korutrustning\/klader\/fritidsklader\/full-flux-sb-hatt-drk-mrn\/","og_site_name":"VM Sport","article_publisher":"https:\/\/www.facebook.com\/Vmsport.fi\/","article_modified_time":"2026-01-16T11:24:26+00:00","og_image":[{"width":800,"height":559,"url":"https:\/\/vmsport.fi\/wp-content\/uploads\/2025\/03\/Fox-Head-Full-Flux-SB-Kappe-29915-299-1-800x800-2.jpg","type":"image\/jpeg"}],"twitter_card":"summary_large_image","schema":{"@context":"https:\/\/schema.org","@graph":[{"@type":["WebPage","ItemPage"],"@id":"https:\/\/vmsport.fi\/verkkokauppa\/ajovarusteet\/vaatteet\/vapaa-ajan-vaatteet\/full-flux-sb-hat-drk-mrn\/","url":"https:\/\/vmsport.fi\/verkkokauppa\/ajovarusteet\/vaatteet\/vapaa-ajan-vaatteet\/full-flux-sb-hat-drk-mrn\/","name":"FULL FLUX SB HAT [DRK MRN] - VM Sport","isPartOf":{"@id":"https:\/\/vmsport.fi\/#website"},"primaryImageOfPage":{"@id":"https:\/\/vmsport.fi\/verkkokauppa\/ajovarusteet\/vaatteet\/vapaa-ajan-vaatteet\/full-flux-sb-hat-drk-mrn\/#primaryimage"},"image":{"@id":"https:\/\/vmsport.fi\/verkkokauppa\/ajovarusteet\/vaatteet\/vapaa-ajan-vaatteet\/full-flux-sb-hat-drk-mrn\/#primaryimage"},"thumbnailUrl":"https:\/\/vmsport.fi\/wp-content\/uploads\/2025\/03\/Fox-Head-Full-Flux-SB-Kappe-29915-299-1-800x800-2.jpg","datePublished":"2025-03-05T21:40:16+00:00","dateModified":"2026-01-16T11:24:26+00:00","breadcrumb":{"@id":"https:\/\/vmsport.fi\/verkkokauppa\/ajovarusteet\/vaatteet\/vapaa-ajan-vaatteet\/full-flux-sb-hat-drk-mrn\/#breadcrumb"},"inLanguage":"sv-SE","potentialAction":[{"@type":"ReadAction","target":["https:\/\/vmsport.fi\/verkkokauppa\/ajovarusteet\/vaatteet\/vapaa-ajan-vaatteet\/full-flux-sb-hat-drk-mrn\/"]}]},{"@type":"ImageObject","inLanguage":"sv-SE","@id":"https:\/\/vmsport.fi\/verkkokauppa\/ajovarusteet\/vaatteet\/vapaa-ajan-vaatteet\/full-flux-sb-hat-drk-mrn\/#primaryimage","url":"https:\/\/vmsport.fi\/wp-content\/uploads\/2025\/03\/Fox-Head-Full-Flux-SB-Kappe-29915-299-1-800x800-2.jpg","contentUrl":"https:\/\/vmsport.fi\/wp-content\/uploads\/2025\/03\/Fox-Head-Full-Flux-SB-Kappe-29915-299-1-800x800-2.jpg","width":800,"height":559,"caption":"Fox-Head-Full-Flux-SB-Kappe-29915-299-1-800x800"},{"@type":"BreadcrumbList","@id":"https:\/\/vmsport.fi\/verkkokauppa\/ajovarusteet\/vaatteet\/vapaa-ajan-vaatteet\/full-flux-sb-hat-drk-mrn\/#breadcrumb","itemListElement":[{"@type":"ListItem","position":1,"name":"Etusivu","item":"https:\/\/vmsport.fi\/"},{"@type":"ListItem","position":2,"name":"Online Store","item":"https:\/\/vmsport.fi\/en\/online-store\/"},{"@type":"ListItem","position":3,"name":"FULL FLUX SB HAT [DRK MRN]"}]},{"@type":"WebSite","@id":"https:\/\/vmsport.fi\/#website","url":"https:\/\/vmsport.fi\/","name":"Vmsport","description":"Allt p\u00e5 ett st\u00e4lle f\u00f6r cykling","publisher":{"@id":"https:\/\/vmsport.fi\/#organization"},"potentialAction":[{"@type":"SearchAction","target":{"@type":"EntryPoint","urlTemplate":"https:\/\/vmsport.fi\/?s={search_term_string}"},"query-input":{"@type":"PropertyValueSpecification","valueRequired":true,"valueName":"search_term_string"}}],"inLanguage":"sv-SE"},{"@type":"Organization","@id":"https:\/\/vmsport.fi\/#organization","name":"Vmsport","url":"https:\/\/vmsport.fi\/","logo":{"@type":"ImageObject","inLanguage":"sv-SE","@id":"https:\/\/vmsport.fi\/#\/schema\/logo\/image\/","url":"https:\/\/vmsport.fi\/wp-content\/uploads\/2024\/12\/vm_sport_RGB_horisontal-e1734526017575.png","contentUrl":"https:\/\/vmsport.fi\/wp-content\/uploads\/2024\/12\/vm_sport_RGB_horisontal-e1734526017575.png","width":668,"height":85,"caption":"Vmsport"},"image":{"@id":"https:\/\/vmsport.fi\/#\/schema\/logo\/image\/"},"sameAs":["https:\/\/www.facebook.com\/Vmsport.fi\/","https:\/\/www.instagram.com\/vmsport\/"]}]}},"global_unique_id":"","_links":{"self":[{"href":"https:\/\/vmsport.fi\/sv\/wp-json\/wp\/v2\/product\/53360","targetHints":{"allow":["GET"]}}],"collection":[{"href":"https:\/\/vmsport.fi\/sv\/wp-json\/wp\/v2\/product"}],"about":[{"href":"https:\/\/vmsport.fi\/sv\/wp-json\/wp\/v2\/types\/product"}],"replies":[{"embeddable":true,"href":"https:\/\/vmsport.fi\/sv\/wp-json\/wp\/v2\/comments?post=53360"}],"wp:featuredmedia":[{"embeddable":true,"href":"https:\/\/vmsport.fi\/sv\/wp-json\/wp\/v2\/media\/53359"}],"wp:attachment":[{"href":"https:\/\/vmsport.fi\/sv\/wp-json\/wp\/v2\/media?parent=53360"}],"wp:term":[{"taxonomy":"product_brand","embeddable":true,"href":"https:\/\/vmsport.fi\/sv\/wp-json\/wp\/v2\/product_brand?post=53360"},{"taxonomy":"product_model","embeddable":true,"href":"https:\/\/vmsport.fi\/sv\/wp-json\/wp\/v2\/product_model?post=53360"},{"taxonomy":"product_cat","embeddable":true,"href":"https:\/\/vmsport.fi\/sv\/wp-json\/wp\/v2\/product_cat?post=53360"},{"taxonomy":"product_tag","embeddable":true,"href":"https:\/\/vmsport.fi\/sv\/wp-json\/wp\/v2\/product_tag?post=53360"},{"taxonomy":"industry_terminology","embeddable":true,"href":"https:\/\/vmsport.fi\/sv\/wp-json\/wp\/v2\/industry-terminology?post=53360"}],"curies":[{"name":"wp","href":"https:\/\/api.w.org\/{rel}","templated":true}]}}