{"id":53356,"date":"2025-03-05T23:40:15","date_gmt":"2025-03-05T21:40:15","guid":{"rendered":"https:\/\/vmsport.fi\/verkkokauppa\/Ei-luokiteltu\/vaihdevipu-nexus-5v-musta-sl-c7000-5\/"},"modified":"2026-04-22T15:00:56","modified_gmt":"2026-04-22T12:00:56","slug":"vaihdevipu-nexus-5v-musta-sl-c7000-5","status":"publish","type":"product","link":"https:\/\/vmsport.fi\/sv\/verkkokauppa\/varaosat\/vaihteistot\/vaihdevivut\/vaihdevipu-nexus-5v-musta-sl-c7000-5\/","title":{"rendered":"V\u00e4xelspak Nexus 5v svart SL-C7000-5"},"content":{"rendered":"<p>Nexus 5v musta SL-C7000-5 vaihdevipu on erinomainen valinta moniin elektronisiin j\u00e4rjestelmiin, joissa tarvitaan manuaalista ohjausta. T\u00e4m\u00e4 5 voltin j\u00e4nniteluokituksella varustettu kytkin sopii ihanteellisesti matalaj\u00e4nnitteisiin sovelluksiin ja tarjoaa laajan yhteensopivuuden eri j\u00e4rjestelmien kanssa. Tyylik\u00e4s musta v\u00e4ri antaa modernin ja ammattimaisen ulkon\u00e4\u00f6n, ja ergonominen muotoilu parantaa k\u00e4ytt\u00f6mukavuutta, sis\u00e4lt\u00e4en mahdollisesti k\u00e4ytt\u00e4j\u00e4yst\u00e4v\u00e4llisi\u00e4 otteita tai selkeit\u00e4 merkint\u00f6j\u00e4. Kest\u00e4v\u00e4 rakenne varmistaa pitk\u00e4aikaisen luotettavuuden, ja laitteen asentaminen on useimmiten helppoa. T\u00e4m\u00e4 komponentti on suunniteltu kest\u00e4m\u00e4\u00e4n s\u00e4\u00e4nn\u00f6llist\u00e4 k\u00e4ytt\u00f6\u00e4 ja t\u00e4ytt\u00e4\u00e4 kaikki tarvittavat turvallisuusstandardit, mik\u00e4 tekee siit\u00e4 turvallisen valinnan s\u00e4hk\u00f6isiin laitteistoihin, sopien yht\u00e4 hyvin kulutuselektroniikkaan kuin teollisuuskoneisiinkin.<\/p>","protected":false},"excerpt":{"rendered":"<p>Nexus 5v musta SL-C7000-5 vaihdevipu on erinomainen valinta moniin elektronisiin j\u00e4rjestelmiin, joissa tarvitaan manuaalista ohjausta. T\u00e4m\u00e4 5 voltin j\u00e4nniteluokituksella varustettu kytkin sopii ihanteellisesti matalaj\u00e4nnitteisiin sovelluksiin ja tarjoaa laajan yhteensopivuuden eri j\u00e4rjestelmien kanssa. Tyylik\u00e4s musta v\u00e4ri antaa modernin ja ammattimaisen ulkon\u00e4\u00f6n, ja ergonominen muotoilu parantaa k\u00e4ytt\u00f6mukavuutta, sis\u00e4lt\u00e4en mahdollisesti k\u00e4ytt\u00e4j\u00e4yst\u00e4v\u00e4llisi\u00e4 otteita tai selkeit\u00e4 merkint\u00f6j\u00e4. Kest\u00e4v\u00e4 rakenne varmistaa [&#8230;]<\/p>\n<p><a class=\"btn btn-secondary understrap-read-more-link\" href=\"https:\/\/vmsport.fi\/sv\/verkkokauppa\/varaosat\/vaihteistot\/vaihdevivut\/vaihdevipu-nexus-5v-musta-sl-c7000-5\/\">L\u00e4s mer \u2026<span class=\"screen-reader-text\"> from Vaihdevipu Nexus 5v musta SL-C7000-5<\/span><\/a><\/p>\n","protected":false},"featured_media":53355,"comment_status":"open","ping_status":"closed","template":"","meta":{"_acf_changed":false,"_improvement_type_select":"improve_an_existing","_thumb_yes_seoaic":false,"_frame_yes_seoaic":false,"seoaic_generate_description":"","seoaic_improve_instructions_prompt":"","seoaic_rollback_content_improvement":"","seoaic_idea_thumbnail_generator":"","thumbnail_generated":false,"thumbnail_generate_prompt":"","seoaic_article_description":"","_supplier_stock_quantity":0},"product_brand":[],"product_model":[],"product_cat":[9388],"product_tag":[],"industry-terminology":[],"class_list":{"0":"post-53356","1":"product","2":"type-product","3":"status-publish","4":"has-post-thumbnail","6":"product_cat-vaihdevivut","8":"first","9":"instock","10":"taxable","11":"shipping-taxable","12":"purchasable","13":"product-type-simple"},"acf":{"bike_features":null,"overview":{"copy_overview":null,"key_features":null,"statement":"","youtube_url":""}},"yoast_head":"<!-- This site is optimized with the Yoast SEO plugin v27.4 - https:\/\/yoast.com\/product\/yoast-seo-wordpress\/ -->\n<title>Vaihdevipu Nexus 5v musta SL-C7000-5 - VM Sport<\/title>\n<meta name=\"robots\" content=\"index, follow, max-snippet:-1, max-image-preview:large, max-video-preview:-1\" \/>\n<link rel=\"canonical\" href=\"https:\/\/vmsport.fi\/sv\/webbutik\/reservdelar\/vaxellador\/sidor-om-vaxellador\/vaihdevipu-nexus-5v-musta-sl-c7000-5\/\" \/>\n<meta property=\"og:locale\" content=\"sv_SE\" \/>\n<meta property=\"og:type\" content=\"article\" \/>\n<meta property=\"og:title\" content=\"Vaihdevipu Nexus 5v musta SL-C7000-5 - VM Sport\" \/>\n<meta property=\"og:description\" content=\"Nexus 5v musta SL-C7000-5 vaihdevipu on erinomainen valinta moniin elektronisiin j\u00e4rjestelmiin, joissa tarvitaan manuaalista ohjausta. T\u00e4m\u00e4 5 voltin j\u00e4nniteluokituksella varustettu kytkin sopii ihanteellisesti matalaj\u00e4nnitteisiin sovelluksiin ja tarjoaa laajan yhteensopivuuden eri j\u00e4rjestelmien kanssa. Tyylik\u00e4s musta v\u00e4ri antaa modernin ja ammattimaisen ulkon\u00e4\u00f6n, ja ergonominen muotoilu parantaa k\u00e4ytt\u00f6mukavuutta, sis\u00e4lt\u00e4en mahdollisesti k\u00e4ytt\u00e4j\u00e4yst\u00e4v\u00e4llisi\u00e4 otteita tai selkeit\u00e4 merkint\u00f6j\u00e4. Kest\u00e4v\u00e4 rakenne varmistaa [...]L\u00e4s mer \u2026 from Vaihdevipu Nexus 5v musta SL-C7000-5\" \/>\n<meta property=\"og:url\" content=\"https:\/\/vmsport.fi\/sv\/webbutik\/reservdelar\/vaxellador\/sidor-om-vaxellador\/vaihdevipu-nexus-5v-musta-sl-c7000-5\/\" \/>\n<meta property=\"og:site_name\" content=\"VM Sport\" \/>\n<meta property=\"article:publisher\" content=\"https:\/\/www.facebook.com\/Vmsport.fi\/\" \/>\n<meta property=\"article:modified_time\" content=\"2026-04-22T12:00:56+00:00\" \/>\n<meta property=\"og:image\" content=\"https:\/\/vmsport.fi\/wp-content\/uploads\/2025\/03\/PkCoQtvuKmN7AvAOA4vaBidalEqx9Rb9c8cQmpIzb7MZ8ZxSpO-1.jpg\" \/>\n\t<meta property=\"og:image:width\" content=\"600\" \/>\n\t<meta property=\"og:image:height\" content=\"600\" \/>\n\t<meta property=\"og:image:type\" content=\"image\/jpeg\" \/>\n<meta name=\"twitter:card\" content=\"summary_large_image\" \/>\n<meta name=\"twitter:label1\" content=\"Ber\u00e4knad l\u00e4stid\" \/>\n\t<meta name=\"twitter:data1\" content=\"1 minut\" \/>\n<script type=\"application\/ld+json\" class=\"yoast-schema-graph\">{\"@context\":\"https:\\\/\\\/schema.org\",\"@graph\":[{\"@type\":[\"WebPage\",\"ItemPage\"],\"@id\":\"https:\\\/\\\/vmsport.fi\\\/verkkokauppa\\\/varaosat\\\/vaihteistot\\\/vaihdevivut\\\/vaihdevipu-nexus-5v-musta-sl-c7000-5\\\/\",\"url\":\"https:\\\/\\\/vmsport.fi\\\/verkkokauppa\\\/varaosat\\\/vaihteistot\\\/vaihdevivut\\\/vaihdevipu-nexus-5v-musta-sl-c7000-5\\\/\",\"name\":\"Vaihdevipu Nexus 5v musta SL-C7000-5 - VM Sport\",\"isPartOf\":{\"@id\":\"https:\\\/\\\/vmsport.fi\\\/#website\"},\"primaryImageOfPage\":{\"@id\":\"https:\\\/\\\/vmsport.fi\\\/verkkokauppa\\\/varaosat\\\/vaihteistot\\\/vaihdevivut\\\/vaihdevipu-nexus-5v-musta-sl-c7000-5\\\/#primaryimage\"},\"image\":{\"@id\":\"https:\\\/\\\/vmsport.fi\\\/verkkokauppa\\\/varaosat\\\/vaihteistot\\\/vaihdevivut\\\/vaihdevipu-nexus-5v-musta-sl-c7000-5\\\/#primaryimage\"},\"thumbnailUrl\":\"https:\\\/\\\/vmsport.fi\\\/wp-content\\\/uploads\\\/2025\\\/03\\\/PkCoQtvuKmN7AvAOA4vaBidalEqx9Rb9c8cQmpIzb7MZ8ZxSpO-1.jpg\",\"datePublished\":\"2025-03-05T21:40:15+00:00\",\"dateModified\":\"2026-04-22T12:00:56+00:00\",\"breadcrumb\":{\"@id\":\"https:\\\/\\\/vmsport.fi\\\/verkkokauppa\\\/varaosat\\\/vaihteistot\\\/vaihdevivut\\\/vaihdevipu-nexus-5v-musta-sl-c7000-5\\\/#breadcrumb\"},\"inLanguage\":\"sv-SE\",\"potentialAction\":[{\"@type\":\"ReadAction\",\"target\":[\"https:\\\/\\\/vmsport.fi\\\/verkkokauppa\\\/varaosat\\\/vaihteistot\\\/vaihdevivut\\\/vaihdevipu-nexus-5v-musta-sl-c7000-5\\\/\"]}]},{\"@type\":\"ImageObject\",\"inLanguage\":\"sv-SE\",\"@id\":\"https:\\\/\\\/vmsport.fi\\\/verkkokauppa\\\/varaosat\\\/vaihteistot\\\/vaihdevivut\\\/vaihdevipu-nexus-5v-musta-sl-c7000-5\\\/#primaryimage\",\"url\":\"https:\\\/\\\/vmsport.fi\\\/wp-content\\\/uploads\\\/2025\\\/03\\\/PkCoQtvuKmN7AvAOA4vaBidalEqx9Rb9c8cQmpIzb7MZ8ZxSpO-1.jpg\",\"contentUrl\":\"https:\\\/\\\/vmsport.fi\\\/wp-content\\\/uploads\\\/2025\\\/03\\\/PkCoQtvuKmN7AvAOA4vaBidalEqx9Rb9c8cQmpIzb7MZ8ZxSpO-1.jpg\",\"width\":600,\"height\":600,\"caption\":\"PkCoQtvuKmN7AvAOA4vaBidalEqx9Rb9c8cQmpIzb7MZ8ZxSpO\"},{\"@type\":\"BreadcrumbList\",\"@id\":\"https:\\\/\\\/vmsport.fi\\\/verkkokauppa\\\/varaosat\\\/vaihteistot\\\/vaihdevivut\\\/vaihdevipu-nexus-5v-musta-sl-c7000-5\\\/#breadcrumb\",\"itemListElement\":[{\"@type\":\"ListItem\",\"position\":1,\"name\":\"Etusivu\",\"item\":\"https:\\\/\\\/vmsport.fi\\\/\"},{\"@type\":\"ListItem\",\"position\":2,\"name\":\"Online Store\",\"item\":\"https:\\\/\\\/vmsport.fi\\\/en\\\/online-store\\\/\"},{\"@type\":\"ListItem\",\"position\":3,\"name\":\"Vaihdevipu Nexus 5v musta SL-C7000-5\"}]},{\"@type\":\"WebSite\",\"@id\":\"https:\\\/\\\/vmsport.fi\\\/#website\",\"url\":\"https:\\\/\\\/vmsport.fi\\\/\",\"name\":\"Vmsport\",\"description\":\"Kaikki py\u00f6r\u00e4ilyyn yhdest\u00e4 paikasta\",\"publisher\":{\"@id\":\"https:\\\/\\\/vmsport.fi\\\/#organization\"},\"potentialAction\":[{\"@type\":\"SearchAction\",\"target\":{\"@type\":\"EntryPoint\",\"urlTemplate\":\"https:\\\/\\\/vmsport.fi\\\/?s={search_term_string}\"},\"query-input\":{\"@type\":\"PropertyValueSpecification\",\"valueRequired\":true,\"valueName\":\"search_term_string\"}}],\"inLanguage\":\"sv-SE\"},{\"@type\":\"Organization\",\"@id\":\"https:\\\/\\\/vmsport.fi\\\/#organization\",\"name\":\"Vmsport\",\"url\":\"https:\\\/\\\/vmsport.fi\\\/\",\"logo\":{\"@type\":\"ImageObject\",\"inLanguage\":\"sv-SE\",\"@id\":\"https:\\\/\\\/vmsport.fi\\\/#\\\/schema\\\/logo\\\/image\\\/\",\"url\":\"https:\\\/\\\/vmsport.fi\\\/wp-content\\\/uploads\\\/2024\\\/12\\\/vm_sport_RGB_horisontal-e1734526017575.png\",\"contentUrl\":\"https:\\\/\\\/vmsport.fi\\\/wp-content\\\/uploads\\\/2024\\\/12\\\/vm_sport_RGB_horisontal-e1734526017575.png\",\"width\":668,\"height\":85,\"caption\":\"Vmsport\"},\"image\":{\"@id\":\"https:\\\/\\\/vmsport.fi\\\/#\\\/schema\\\/logo\\\/image\\\/\"},\"sameAs\":[\"https:\\\/\\\/www.facebook.com\\\/Vmsport.fi\\\/\",\"https:\\\/\\\/www.instagram.com\\\/vmsport\\\/\"]}]}<\/script>\n<!-- \/ Yoast SEO plugin. -->","yoast_head_json":{"title":"Vaihdevipu Nexus 5v musta SL-C7000-5 - VM Sport","robots":{"index":"index","follow":"follow","max-snippet":"max-snippet:-1","max-image-preview":"max-image-preview:large","max-video-preview":"max-video-preview:-1"},"canonical":"https:\/\/vmsport.fi\/sv\/webbutik\/reservdelar\/vaxellador\/sidor-om-vaxellador\/vaihdevipu-nexus-5v-musta-sl-c7000-5\/","og_locale":"sv_SE","og_type":"article","og_title":"Vaihdevipu Nexus 5v musta SL-C7000-5 - VM Sport","og_description":"Nexus 5v musta SL-C7000-5 vaihdevipu on erinomainen valinta moniin elektronisiin j\u00e4rjestelmiin, joissa tarvitaan manuaalista ohjausta. T\u00e4m\u00e4 5 voltin j\u00e4nniteluokituksella varustettu kytkin sopii ihanteellisesti matalaj\u00e4nnitteisiin sovelluksiin ja tarjoaa laajan yhteensopivuuden eri j\u00e4rjestelmien kanssa. Tyylik\u00e4s musta v\u00e4ri antaa modernin ja ammattimaisen ulkon\u00e4\u00f6n, ja ergonominen muotoilu parantaa k\u00e4ytt\u00f6mukavuutta, sis\u00e4lt\u00e4en mahdollisesti k\u00e4ytt\u00e4j\u00e4yst\u00e4v\u00e4llisi\u00e4 otteita tai selkeit\u00e4 merkint\u00f6j\u00e4. Kest\u00e4v\u00e4 rakenne varmistaa [...]L\u00e4s mer \u2026 from Vaihdevipu Nexus 5v musta SL-C7000-5","og_url":"https:\/\/vmsport.fi\/sv\/webbutik\/reservdelar\/vaxellador\/sidor-om-vaxellador\/vaihdevipu-nexus-5v-musta-sl-c7000-5\/","og_site_name":"VM Sport","article_publisher":"https:\/\/www.facebook.com\/Vmsport.fi\/","article_modified_time":"2026-04-22T12:00:56+00:00","og_image":[{"width":600,"height":600,"url":"https:\/\/vmsport.fi\/wp-content\/uploads\/2025\/03\/PkCoQtvuKmN7AvAOA4vaBidalEqx9Rb9c8cQmpIzb7MZ8ZxSpO-1.jpg","type":"image\/jpeg"}],"twitter_card":"summary_large_image","twitter_misc":{"Ber\u00e4knad l\u00e4stid":"1 minut"},"schema":{"@context":"https:\/\/schema.org","@graph":[{"@type":["WebPage","ItemPage"],"@id":"https:\/\/vmsport.fi\/verkkokauppa\/varaosat\/vaihteistot\/vaihdevivut\/vaihdevipu-nexus-5v-musta-sl-c7000-5\/","url":"https:\/\/vmsport.fi\/verkkokauppa\/varaosat\/vaihteistot\/vaihdevivut\/vaihdevipu-nexus-5v-musta-sl-c7000-5\/","name":"Vaihdevipu Nexus 5v musta SL-C7000-5 - VM Sport","isPartOf":{"@id":"https:\/\/vmsport.fi\/#website"},"primaryImageOfPage":{"@id":"https:\/\/vmsport.fi\/verkkokauppa\/varaosat\/vaihteistot\/vaihdevivut\/vaihdevipu-nexus-5v-musta-sl-c7000-5\/#primaryimage"},"image":{"@id":"https:\/\/vmsport.fi\/verkkokauppa\/varaosat\/vaihteistot\/vaihdevivut\/vaihdevipu-nexus-5v-musta-sl-c7000-5\/#primaryimage"},"thumbnailUrl":"https:\/\/vmsport.fi\/wp-content\/uploads\/2025\/03\/PkCoQtvuKmN7AvAOA4vaBidalEqx9Rb9c8cQmpIzb7MZ8ZxSpO-1.jpg","datePublished":"2025-03-05T21:40:15+00:00","dateModified":"2026-04-22T12:00:56+00:00","breadcrumb":{"@id":"https:\/\/vmsport.fi\/verkkokauppa\/varaosat\/vaihteistot\/vaihdevivut\/vaihdevipu-nexus-5v-musta-sl-c7000-5\/#breadcrumb"},"inLanguage":"sv-SE","potentialAction":[{"@type":"ReadAction","target":["https:\/\/vmsport.fi\/verkkokauppa\/varaosat\/vaihteistot\/vaihdevivut\/vaihdevipu-nexus-5v-musta-sl-c7000-5\/"]}]},{"@type":"ImageObject","inLanguage":"sv-SE","@id":"https:\/\/vmsport.fi\/verkkokauppa\/varaosat\/vaihteistot\/vaihdevivut\/vaihdevipu-nexus-5v-musta-sl-c7000-5\/#primaryimage","url":"https:\/\/vmsport.fi\/wp-content\/uploads\/2025\/03\/PkCoQtvuKmN7AvAOA4vaBidalEqx9Rb9c8cQmpIzb7MZ8ZxSpO-1.jpg","contentUrl":"https:\/\/vmsport.fi\/wp-content\/uploads\/2025\/03\/PkCoQtvuKmN7AvAOA4vaBidalEqx9Rb9c8cQmpIzb7MZ8ZxSpO-1.jpg","width":600,"height":600,"caption":"PkCoQtvuKmN7AvAOA4vaBidalEqx9Rb9c8cQmpIzb7MZ8ZxSpO"},{"@type":"BreadcrumbList","@id":"https:\/\/vmsport.fi\/verkkokauppa\/varaosat\/vaihteistot\/vaihdevivut\/vaihdevipu-nexus-5v-musta-sl-c7000-5\/#breadcrumb","itemListElement":[{"@type":"ListItem","position":1,"name":"Etusivu","item":"https:\/\/vmsport.fi\/"},{"@type":"ListItem","position":2,"name":"Online Store","item":"https:\/\/vmsport.fi\/en\/online-store\/"},{"@type":"ListItem","position":3,"name":"Vaihdevipu Nexus 5v musta SL-C7000-5"}]},{"@type":"WebSite","@id":"https:\/\/vmsport.fi\/#website","url":"https:\/\/vmsport.fi\/","name":"Vmsport","description":"Allt p\u00e5 ett st\u00e4lle f\u00f6r cykling","publisher":{"@id":"https:\/\/vmsport.fi\/#organization"},"potentialAction":[{"@type":"SearchAction","target":{"@type":"EntryPoint","urlTemplate":"https:\/\/vmsport.fi\/?s={search_term_string}"},"query-input":{"@type":"PropertyValueSpecification","valueRequired":true,"valueName":"search_term_string"}}],"inLanguage":"sv-SE"},{"@type":"Organization","@id":"https:\/\/vmsport.fi\/#organization","name":"Vmsport","url":"https:\/\/vmsport.fi\/","logo":{"@type":"ImageObject","inLanguage":"sv-SE","@id":"https:\/\/vmsport.fi\/#\/schema\/logo\/image\/","url":"https:\/\/vmsport.fi\/wp-content\/uploads\/2024\/12\/vm_sport_RGB_horisontal-e1734526017575.png","contentUrl":"https:\/\/vmsport.fi\/wp-content\/uploads\/2024\/12\/vm_sport_RGB_horisontal-e1734526017575.png","width":668,"height":85,"caption":"Vmsport"},"image":{"@id":"https:\/\/vmsport.fi\/#\/schema\/logo\/image\/"},"sameAs":["https:\/\/www.facebook.com\/Vmsport.fi\/","https:\/\/www.instagram.com\/vmsport\/"]}]}},"global_unique_id":"","_links":{"self":[{"href":"https:\/\/vmsport.fi\/sv\/wp-json\/wp\/v2\/product\/53356","targetHints":{"allow":["GET"]}}],"collection":[{"href":"https:\/\/vmsport.fi\/sv\/wp-json\/wp\/v2\/product"}],"about":[{"href":"https:\/\/vmsport.fi\/sv\/wp-json\/wp\/v2\/types\/product"}],"replies":[{"embeddable":true,"href":"https:\/\/vmsport.fi\/sv\/wp-json\/wp\/v2\/comments?post=53356"}],"wp:featuredmedia":[{"embeddable":true,"href":"https:\/\/vmsport.fi\/sv\/wp-json\/wp\/v2\/media\/53355"}],"wp:attachment":[{"href":"https:\/\/vmsport.fi\/sv\/wp-json\/wp\/v2\/media?parent=53356"}],"wp:term":[{"taxonomy":"product_brand","embeddable":true,"href":"https:\/\/vmsport.fi\/sv\/wp-json\/wp\/v2\/product_brand?post=53356"},{"taxonomy":"product_model","embeddable":true,"href":"https:\/\/vmsport.fi\/sv\/wp-json\/wp\/v2\/product_model?post=53356"},{"taxonomy":"product_cat","embeddable":true,"href":"https:\/\/vmsport.fi\/sv\/wp-json\/wp\/v2\/product_cat?post=53356"},{"taxonomy":"product_tag","embeddable":true,"href":"https:\/\/vmsport.fi\/sv\/wp-json\/wp\/v2\/product_tag?post=53356"},{"taxonomy":"industry_terminology","embeddable":true,"href":"https:\/\/vmsport.fi\/sv\/wp-json\/wp\/v2\/industry-terminology?post=53356"}],"curies":[{"name":"wp","href":"https:\/\/api.w.org\/{rel}","templated":true}]}}