{"id":53354,"date":"2025-03-05T23:40:14","date_gmt":"2025-03-05T21:40:14","guid":{"rendered":"https:\/\/vmsport.fi\/verkkokauppa\/Ei-luokiteltu\/satulatolpan-panta-pikalinkku-349mm-musta\/"},"modified":"2026-01-16T13:24:49","modified_gmt":"2026-01-16T11:24:49","slug":"sadelstolpskragar-snabblank-349mm-svart","status":"publish","type":"product","link":"https:\/\/vmsport.fi\/sv\/verkkokauppa\/varaosat\/satulat-ja-satulatolpat\/satula-ja-satulatolppien-varaosat\/satulatolpan-panta-pikalinkku-349mm-musta\/","title":{"rendered":"Sadelkrage med snabbkoppling 34,9mm svart"},"content":{"rendered":"<p>Sadelstolpens vinklade krage \u00e4r s\u00e4rskilt utformad f\u00f6r en sadelstolpe med en diameter p\u00e5 34,9 mm, vilket ger en s\u00e4ker passform. Denna slitstarka krage i aluminiumlegering v\u00e4ger bara 43 gram och kombinerar styrka med l\u00e4tthet. Den mattsvarta finishen ger en touch av elegans. Snabbkopplingshandtaget m\u00f6jligg\u00f6r snabb och enkel installation och justering. Denna krage erbjuder cykelentusiaster en utm\u00e4rkt kombination av praktisk funktion och elegant design.<\/p>","protected":false},"excerpt":{"rendered":"<p>Satulatolpan pikalinkullinen panta on suunniteltu erityisesti 34,9 mm halkaisijaltaan olevalle satulatolpalle, mik\u00e4 varmistaa tukevan kiinnityksen. T\u00e4m\u00e4 kest\u00e4v\u00e4 alumiiniseoksesta valmistettu panta painaa vain 43 grammaa ja yhdist\u00e4\u00e4 vahvuuden keveyteen. Sen mattamusta viimeistely tuo tuotteelle tyylikkyytt\u00e4. Pikalinkku mahdollistaa nopean ja vaivattoman asennuksen ja s\u00e4\u00e4t\u00e4misen. T\u00e4m\u00e4 panta tarjoaa py\u00f6r\u00e4ilyn harrastajille erinomaisen yhdistelm\u00e4n k\u00e4yt\u00e4nn\u00f6llisyytt\u00e4 ja huoliteltua muotoilua. [&#8230;]<\/p>\n<p><a class=\"btn btn-secondary understrap-read-more-link\" href=\"https:\/\/vmsport.fi\/sv\/verkkokauppa\/varaosat\/satulat-ja-satulatolpat\/satula-ja-satulatolppien-varaosat\/satulatolpan-panta-pikalinkku-349mm-musta\/\">L\u00e4s mer \u2026<span class=\"screen-reader-text\"> from Satulatolpan panta pikalinkku 34,9mm musta<\/span><\/a><\/p>\n","protected":false},"featured_media":53353,"comment_status":"open","ping_status":"closed","template":"","meta":{"_acf_changed":false,"_improvement_type_select":"improve_an_existing","_thumb_yes_seoaic":false,"_frame_yes_seoaic":false,"seoaic_generate_description":"","seoaic_improve_instructions_prompt":"","seoaic_rollback_content_improvement":"","seoaic_idea_thumbnail_generator":"","thumbnail_generated":false,"thumbnail_generate_prompt":"","seoaic_article_description":"","_supplier_stock_quantity":0},"product_brand":[],"product_model":[],"product_cat":[9382],"product_tag":[],"industry-terminology":[],"class_list":{"0":"post-53354","1":"product","2":"type-product","3":"status-publish","4":"has-post-thumbnail","6":"product_cat-satula-ja-satulatolppien-varaosat","8":"first","9":"outofstock","10":"taxable","11":"shipping-taxable","12":"product-type-simple"},"acf":{"bike_features":null,"overview":{"copy_overview":null,"key_features":null,"statement":"","youtube_url":""}},"yoast_head":"<!-- This site is optimized with the Yoast SEO plugin v27.3 - https:\/\/yoast.com\/product\/yoast-seo-wordpress\/ -->\n<title>Satulatolpan panta pikalinkku 34,9mm musta - VM Sport<\/title>\n<meta name=\"robots\" content=\"index, follow, max-snippet:-1, max-image-preview:large, max-video-preview:-1\" \/>\n<link rel=\"canonical\" href=\"https:\/\/vmsport.fi\/sv\/webbutik\/reservdelar\/sadlar-och-sadelstolpar\/reservdelar-till-sadel-och-sadelgjord\/sadelstolpskragar-snabblank-349mm-svart\/\" \/>\n<meta property=\"og:locale\" content=\"sv_SE\" \/>\n<meta property=\"og:type\" content=\"article\" \/>\n<meta property=\"og:title\" content=\"Satulatolpan panta pikalinkku 34,9mm musta - VM Sport\" \/>\n<meta property=\"og:description\" content=\"Satulatolpan pikalinkullinen panta on suunniteltu erityisesti 34,9 mm halkaisijaltaan olevalle satulatolpalle, mik\u00e4 varmistaa tukevan kiinnityksen. T\u00e4m\u00e4 kest\u00e4v\u00e4 alumiiniseoksesta valmistettu panta painaa vain 43 grammaa ja yhdist\u00e4\u00e4 vahvuuden keveyteen. Sen mattamusta viimeistely tuo tuotteelle tyylikkyytt\u00e4. Pikalinkku mahdollistaa nopean ja vaivattoman asennuksen ja s\u00e4\u00e4t\u00e4misen. T\u00e4m\u00e4 panta tarjoaa py\u00f6r\u00e4ilyn harrastajille erinomaisen yhdistelm\u00e4n k\u00e4yt\u00e4nn\u00f6llisyytt\u00e4 ja huoliteltua muotoilua. [...]L\u00e4s mer \u2026 from Satulatolpan panta pikalinkku 34,9mm musta\" \/>\n<meta property=\"og:url\" content=\"https:\/\/vmsport.fi\/sv\/webbutik\/reservdelar\/sadlar-och-sadelstolpar\/reservdelar-till-sadel-och-sadelgjord\/sadelstolpskragar-snabblank-349mm-svart\/\" \/>\n<meta property=\"og:site_name\" content=\"VM Sport\" \/>\n<meta property=\"article:publisher\" content=\"https:\/\/www.facebook.com\/Vmsport.fi\/\" \/>\n<meta property=\"article:modified_time\" content=\"2026-01-16T11:24:49+00:00\" \/>\n<meta property=\"og:image\" content=\"https:\/\/vmsport.fi\/wp-content\/uploads\/2025\/03\/x0uo729zFoj6IJuGaoljTWwypBQlIr8YyhdYk8q4fhhV5gDE04-1.jpg\" \/>\n\t<meta property=\"og:image:width\" content=\"600\" \/>\n\t<meta property=\"og:image:height\" content=\"600\" \/>\n\t<meta property=\"og:image:type\" content=\"image\/jpeg\" \/>\n<meta name=\"twitter:card\" content=\"summary_large_image\" \/>\n<script type=\"application\/ld+json\" class=\"yoast-schema-graph\">{\"@context\":\"https:\\\/\\\/schema.org\",\"@graph\":[{\"@type\":[\"WebPage\",\"ItemPage\"],\"@id\":\"https:\\\/\\\/vmsport.fi\\\/verkkokauppa\\\/varaosat\\\/satulat-ja-satulatolpat\\\/satula-ja-satulatolppien-varaosat\\\/satulatolpan-panta-pikalinkku-349mm-musta\\\/\",\"url\":\"https:\\\/\\\/vmsport.fi\\\/verkkokauppa\\\/varaosat\\\/satulat-ja-satulatolpat\\\/satula-ja-satulatolppien-varaosat\\\/satulatolpan-panta-pikalinkku-349mm-musta\\\/\",\"name\":\"Satulatolpan panta pikalinkku 34,9mm musta - VM Sport\",\"isPartOf\":{\"@id\":\"https:\\\/\\\/vmsport.fi\\\/#website\"},\"primaryImageOfPage\":{\"@id\":\"https:\\\/\\\/vmsport.fi\\\/verkkokauppa\\\/varaosat\\\/satulat-ja-satulatolpat\\\/satula-ja-satulatolppien-varaosat\\\/satulatolpan-panta-pikalinkku-349mm-musta\\\/#primaryimage\"},\"image\":{\"@id\":\"https:\\\/\\\/vmsport.fi\\\/verkkokauppa\\\/varaosat\\\/satulat-ja-satulatolpat\\\/satula-ja-satulatolppien-varaosat\\\/satulatolpan-panta-pikalinkku-349mm-musta\\\/#primaryimage\"},\"thumbnailUrl\":\"https:\\\/\\\/vmsport.fi\\\/wp-content\\\/uploads\\\/2025\\\/03\\\/x0uo729zFoj6IJuGaoljTWwypBQlIr8YyhdYk8q4fhhV5gDE04-1.jpg\",\"datePublished\":\"2025-03-05T21:40:14+00:00\",\"dateModified\":\"2026-01-16T11:24:49+00:00\",\"breadcrumb\":{\"@id\":\"https:\\\/\\\/vmsport.fi\\\/verkkokauppa\\\/varaosat\\\/satulat-ja-satulatolpat\\\/satula-ja-satulatolppien-varaosat\\\/satulatolpan-panta-pikalinkku-349mm-musta\\\/#breadcrumb\"},\"inLanguage\":\"sv-SE\",\"potentialAction\":[{\"@type\":\"ReadAction\",\"target\":[\"https:\\\/\\\/vmsport.fi\\\/verkkokauppa\\\/varaosat\\\/satulat-ja-satulatolpat\\\/satula-ja-satulatolppien-varaosat\\\/satulatolpan-panta-pikalinkku-349mm-musta\\\/\"]}]},{\"@type\":\"ImageObject\",\"inLanguage\":\"sv-SE\",\"@id\":\"https:\\\/\\\/vmsport.fi\\\/verkkokauppa\\\/varaosat\\\/satulat-ja-satulatolpat\\\/satula-ja-satulatolppien-varaosat\\\/satulatolpan-panta-pikalinkku-349mm-musta\\\/#primaryimage\",\"url\":\"https:\\\/\\\/vmsport.fi\\\/wp-content\\\/uploads\\\/2025\\\/03\\\/x0uo729zFoj6IJuGaoljTWwypBQlIr8YyhdYk8q4fhhV5gDE04-1.jpg\",\"contentUrl\":\"https:\\\/\\\/vmsport.fi\\\/wp-content\\\/uploads\\\/2025\\\/03\\\/x0uo729zFoj6IJuGaoljTWwypBQlIr8YyhdYk8q4fhhV5gDE04-1.jpg\",\"width\":600,\"height\":600,\"caption\":\"x0uo729zFoj6IJuGaoljTWwypBQlIr8YyhdYk8q4fhhV5gDE04\"},{\"@type\":\"BreadcrumbList\",\"@id\":\"https:\\\/\\\/vmsport.fi\\\/verkkokauppa\\\/varaosat\\\/satulat-ja-satulatolpat\\\/satula-ja-satulatolppien-varaosat\\\/satulatolpan-panta-pikalinkku-349mm-musta\\\/#breadcrumb\",\"itemListElement\":[{\"@type\":\"ListItem\",\"position\":1,\"name\":\"Etusivu\",\"item\":\"https:\\\/\\\/vmsport.fi\\\/\"},{\"@type\":\"ListItem\",\"position\":2,\"name\":\"Online Store\",\"item\":\"https:\\\/\\\/vmsport.fi\\\/en\\\/online-store\\\/\"},{\"@type\":\"ListItem\",\"position\":3,\"name\":\"Satulatolpan panta pikalinkku 34,9mm musta\"}]},{\"@type\":\"WebSite\",\"@id\":\"https:\\\/\\\/vmsport.fi\\\/#website\",\"url\":\"https:\\\/\\\/vmsport.fi\\\/\",\"name\":\"Vmsport\",\"description\":\"Kaikki py\u00f6r\u00e4ilyyn yhdest\u00e4 paikasta\",\"publisher\":{\"@id\":\"https:\\\/\\\/vmsport.fi\\\/#organization\"},\"potentialAction\":[{\"@type\":\"SearchAction\",\"target\":{\"@type\":\"EntryPoint\",\"urlTemplate\":\"https:\\\/\\\/vmsport.fi\\\/?s={search_term_string}\"},\"query-input\":{\"@type\":\"PropertyValueSpecification\",\"valueRequired\":true,\"valueName\":\"search_term_string\"}}],\"inLanguage\":\"sv-SE\"},{\"@type\":\"Organization\",\"@id\":\"https:\\\/\\\/vmsport.fi\\\/#organization\",\"name\":\"Vmsport\",\"url\":\"https:\\\/\\\/vmsport.fi\\\/\",\"logo\":{\"@type\":\"ImageObject\",\"inLanguage\":\"sv-SE\",\"@id\":\"https:\\\/\\\/vmsport.fi\\\/#\\\/schema\\\/logo\\\/image\\\/\",\"url\":\"https:\\\/\\\/vmsport.fi\\\/wp-content\\\/uploads\\\/2024\\\/12\\\/vm_sport_RGB_horisontal-e1734526017575.png\",\"contentUrl\":\"https:\\\/\\\/vmsport.fi\\\/wp-content\\\/uploads\\\/2024\\\/12\\\/vm_sport_RGB_horisontal-e1734526017575.png\",\"width\":668,\"height\":85,\"caption\":\"Vmsport\"},\"image\":{\"@id\":\"https:\\\/\\\/vmsport.fi\\\/#\\\/schema\\\/logo\\\/image\\\/\"},\"sameAs\":[\"https:\\\/\\\/www.facebook.com\\\/Vmsport.fi\\\/\",\"https:\\\/\\\/www.instagram.com\\\/vmsport\\\/\"]}]}<\/script>\n<!-- \/ Yoast SEO plugin. -->","yoast_head_json":{"title":"Sadelstolpskrage med snabbl\u00e4nk 34,9mm svart - VM Sport","robots":{"index":"index","follow":"follow","max-snippet":"max-snippet:-1","max-image-preview":"max-image-preview:large","max-video-preview":"max-video-preview:-1"},"canonical":"https:\/\/vmsport.fi\/sv\/webbutik\/reservdelar\/sadlar-och-sadelstolpar\/reservdelar-till-sadel-och-sadelgjord\/sadelstolpskragar-snabblank-349mm-svart\/","og_locale":"sv_SE","og_type":"article","og_title":"Satulatolpan panta pikalinkku 34,9mm musta - VM Sport","og_description":"Satulatolpan pikalinkullinen panta on suunniteltu erityisesti 34,9 mm halkaisijaltaan olevalle satulatolpalle, mik\u00e4 varmistaa tukevan kiinnityksen. T\u00e4m\u00e4 kest\u00e4v\u00e4 alumiiniseoksesta valmistettu panta painaa vain 43 grammaa ja yhdist\u00e4\u00e4 vahvuuden keveyteen. Sen mattamusta viimeistely tuo tuotteelle tyylikkyytt\u00e4. Pikalinkku mahdollistaa nopean ja vaivattoman asennuksen ja s\u00e4\u00e4t\u00e4misen. T\u00e4m\u00e4 panta tarjoaa py\u00f6r\u00e4ilyn harrastajille erinomaisen yhdistelm\u00e4n k\u00e4yt\u00e4nn\u00f6llisyytt\u00e4 ja huoliteltua muotoilua. [...]L\u00e4s mer \u2026 from Satulatolpan panta pikalinkku 34,9mm musta","og_url":"https:\/\/vmsport.fi\/sv\/webbutik\/reservdelar\/sadlar-och-sadelstolpar\/reservdelar-till-sadel-och-sadelgjord\/sadelstolpskragar-snabblank-349mm-svart\/","og_site_name":"VM Sport","article_publisher":"https:\/\/www.facebook.com\/Vmsport.fi\/","article_modified_time":"2026-01-16T11:24:49+00:00","og_image":[{"width":600,"height":600,"url":"https:\/\/vmsport.fi\/wp-content\/uploads\/2025\/03\/x0uo729zFoj6IJuGaoljTWwypBQlIr8YyhdYk8q4fhhV5gDE04-1.jpg","type":"image\/jpeg"}],"twitter_card":"summary_large_image","schema":{"@context":"https:\/\/schema.org","@graph":[{"@type":["WebPage","ItemPage"],"@id":"https:\/\/vmsport.fi\/verkkokauppa\/varaosat\/satulat-ja-satulatolpat\/satula-ja-satulatolppien-varaosat\/satulatolpan-panta-pikalinkku-349mm-musta\/","url":"https:\/\/vmsport.fi\/verkkokauppa\/varaosat\/satulat-ja-satulatolpat\/satula-ja-satulatolppien-varaosat\/satulatolpan-panta-pikalinkku-349mm-musta\/","name":"Sadelstolpskrage med snabbl\u00e4nk 34,9mm svart - VM Sport","isPartOf":{"@id":"https:\/\/vmsport.fi\/#website"},"primaryImageOfPage":{"@id":"https:\/\/vmsport.fi\/verkkokauppa\/varaosat\/satulat-ja-satulatolpat\/satula-ja-satulatolppien-varaosat\/satulatolpan-panta-pikalinkku-349mm-musta\/#primaryimage"},"image":{"@id":"https:\/\/vmsport.fi\/verkkokauppa\/varaosat\/satulat-ja-satulatolpat\/satula-ja-satulatolppien-varaosat\/satulatolpan-panta-pikalinkku-349mm-musta\/#primaryimage"},"thumbnailUrl":"https:\/\/vmsport.fi\/wp-content\/uploads\/2025\/03\/x0uo729zFoj6IJuGaoljTWwypBQlIr8YyhdYk8q4fhhV5gDE04-1.jpg","datePublished":"2025-03-05T21:40:14+00:00","dateModified":"2026-01-16T11:24:49+00:00","breadcrumb":{"@id":"https:\/\/vmsport.fi\/verkkokauppa\/varaosat\/satulat-ja-satulatolpat\/satula-ja-satulatolppien-varaosat\/satulatolpan-panta-pikalinkku-349mm-musta\/#breadcrumb"},"inLanguage":"sv-SE","potentialAction":[{"@type":"ReadAction","target":["https:\/\/vmsport.fi\/verkkokauppa\/varaosat\/satulat-ja-satulatolpat\/satula-ja-satulatolppien-varaosat\/satulatolpan-panta-pikalinkku-349mm-musta\/"]}]},{"@type":"ImageObject","inLanguage":"sv-SE","@id":"https:\/\/vmsport.fi\/verkkokauppa\/varaosat\/satulat-ja-satulatolpat\/satula-ja-satulatolppien-varaosat\/satulatolpan-panta-pikalinkku-349mm-musta\/#primaryimage","url":"https:\/\/vmsport.fi\/wp-content\/uploads\/2025\/03\/x0uo729zFoj6IJuGaoljTWwypBQlIr8YyhdYk8q4fhhV5gDE04-1.jpg","contentUrl":"https:\/\/vmsport.fi\/wp-content\/uploads\/2025\/03\/x0uo729zFoj6IJuGaoljTWwypBQlIr8YyhdYk8q4fhhV5gDE04-1.jpg","width":600,"height":600,"caption":"x0uo729zFoj6IJuGaoljTWwypBQlIr8YyhdYk8q4fhhV5gDE04"},{"@type":"BreadcrumbList","@id":"https:\/\/vmsport.fi\/verkkokauppa\/varaosat\/satulat-ja-satulatolpat\/satula-ja-satulatolppien-varaosat\/satulatolpan-panta-pikalinkku-349mm-musta\/#breadcrumb","itemListElement":[{"@type":"ListItem","position":1,"name":"Etusivu","item":"https:\/\/vmsport.fi\/"},{"@type":"ListItem","position":2,"name":"Online Store","item":"https:\/\/vmsport.fi\/en\/online-store\/"},{"@type":"ListItem","position":3,"name":"Satulatolpan panta pikalinkku 34,9mm musta"}]},{"@type":"WebSite","@id":"https:\/\/vmsport.fi\/#website","url":"https:\/\/vmsport.fi\/","name":"Vmsport","description":"Allt p\u00e5 ett st\u00e4lle f\u00f6r cykling","publisher":{"@id":"https:\/\/vmsport.fi\/#organization"},"potentialAction":[{"@type":"SearchAction","target":{"@type":"EntryPoint","urlTemplate":"https:\/\/vmsport.fi\/?s={search_term_string}"},"query-input":{"@type":"PropertyValueSpecification","valueRequired":true,"valueName":"search_term_string"}}],"inLanguage":"sv-SE"},{"@type":"Organization","@id":"https:\/\/vmsport.fi\/#organization","name":"Vmsport","url":"https:\/\/vmsport.fi\/","logo":{"@type":"ImageObject","inLanguage":"sv-SE","@id":"https:\/\/vmsport.fi\/#\/schema\/logo\/image\/","url":"https:\/\/vmsport.fi\/wp-content\/uploads\/2024\/12\/vm_sport_RGB_horisontal-e1734526017575.png","contentUrl":"https:\/\/vmsport.fi\/wp-content\/uploads\/2024\/12\/vm_sport_RGB_horisontal-e1734526017575.png","width":668,"height":85,"caption":"Vmsport"},"image":{"@id":"https:\/\/vmsport.fi\/#\/schema\/logo\/image\/"},"sameAs":["https:\/\/www.facebook.com\/Vmsport.fi\/","https:\/\/www.instagram.com\/vmsport\/"]}]}},"global_unique_id":"","_links":{"self":[{"href":"https:\/\/vmsport.fi\/sv\/wp-json\/wp\/v2\/product\/53354","targetHints":{"allow":["GET"]}}],"collection":[{"href":"https:\/\/vmsport.fi\/sv\/wp-json\/wp\/v2\/product"}],"about":[{"href":"https:\/\/vmsport.fi\/sv\/wp-json\/wp\/v2\/types\/product"}],"replies":[{"embeddable":true,"href":"https:\/\/vmsport.fi\/sv\/wp-json\/wp\/v2\/comments?post=53354"}],"wp:featuredmedia":[{"embeddable":true,"href":"https:\/\/vmsport.fi\/sv\/wp-json\/wp\/v2\/media\/53353"}],"wp:attachment":[{"href":"https:\/\/vmsport.fi\/sv\/wp-json\/wp\/v2\/media?parent=53354"}],"wp:term":[{"taxonomy":"product_brand","embeddable":true,"href":"https:\/\/vmsport.fi\/sv\/wp-json\/wp\/v2\/product_brand?post=53354"},{"taxonomy":"product_model","embeddable":true,"href":"https:\/\/vmsport.fi\/sv\/wp-json\/wp\/v2\/product_model?post=53354"},{"taxonomy":"product_cat","embeddable":true,"href":"https:\/\/vmsport.fi\/sv\/wp-json\/wp\/v2\/product_cat?post=53354"},{"taxonomy":"product_tag","embeddable":true,"href":"https:\/\/vmsport.fi\/sv\/wp-json\/wp\/v2\/product_tag?post=53354"},{"taxonomy":"industry_terminology","embeddable":true,"href":"https:\/\/vmsport.fi\/sv\/wp-json\/wp\/v2\/industry-terminology?post=53354"}],"curies":[{"name":"wp","href":"https:\/\/api.w.org\/{rel}","templated":true}]}}