{"id":53316,"date":"2025-03-05T23:39:35","date_gmt":"2025-03-05T21:39:35","guid":{"rendered":"https:\/\/vmsport.fi\/verkkokauppa\/Ei-luokiteltu\/kasetti-10-v-11-28-cs-6700-ultegra\/"},"modified":"2026-01-16T13:20:57","modified_gmt":"2026-01-16T11:20:57","slug":"kassett-10-v-11-28-cs-6700-ultegra","status":"publish","type":"product","link":"https:\/\/vmsport.fi\/sv\/verkkokauppa\/varaosat\/voimansiirto\/takarattaat\/kasetti-10-v-11-28-cs-6700-ultegra\/","title":{"rendered":"Kassett 10-v 11-28 CS-6700 Ultegra"},"content":{"rendered":"<p>Shimano-varum\u00e4rkets toppprodukt, CS-6700 Ultegra-kassetten, \u00e4r en tiov\u00e4xlad cykelkomponent. Dess v\u00e4xelomr\u00e5de 11-28 erbjuder ett brett utbud av alternativ f\u00f6r effektiv cykling. Denna precisionskonstruerade utv\u00e4xling \u00e4r idealisk f\u00f6r dem som uppskattar en mjuk och p\u00e5litlig v\u00e4xlingsk\u00e4nsla. H\u00f6gkvalitativa och tekniskt avancerade material s\u00e4kerst\u00e4ller komponentens h\u00e5llbarhet och l\u00e4tthet. Den tillf\u00f6rlitlighet som \u00e4r typisk f\u00f6r en komponent p\u00e5 den h\u00e4r niv\u00e5n f\u00f6rb\u00e4ttrar cyklistens upplevelse avsev\u00e4rt.<\/p>","protected":false},"excerpt":{"rendered":"<p>Shimano-br\u00e4ndin huipputuote, kasetti CS-6700 Ultegra, on kymmenvaihteinen py\u00f6r\u00e4ilykomponentti. Sen 11-28-vaihdev\u00e4li tarjoaa laajan valikoiman vaihtoehtoja tehokkaaseen py\u00f6r\u00e4ilyyn. T\u00e4m\u00e4 tarkasti suunniteltu vaihteisto sopii erinomaisesti niille, jotka arvostavat sujuvaa ja luotettavaa vaihtamistuntumaa. Korkealaatuiset ja teknisesti edistyneet materiaalit varmistavat komponentin kest\u00e4vyyden ja keveyden. T\u00e4m\u00e4n tason komponentille tyypillinen toimintavarmuus parantaa merkitt\u00e4v\u00e4sti py\u00f6r\u00e4ilij\u00e4n kokemusta. [&#8230;]<\/p>\n<p><a class=\"btn btn-secondary understrap-read-more-link\" href=\"https:\/\/vmsport.fi\/sv\/verkkokauppa\/varaosat\/voimansiirto\/takarattaat\/kasetti-10-v-11-28-cs-6700-ultegra\/\">L\u00e4s mer \u2026<span class=\"screen-reader-text\"> from Kasetti 10-v 11-28 CS-6700 Ultegra<\/span><\/a><\/p>\n","protected":false},"featured_media":53315,"comment_status":"open","ping_status":"closed","template":"","meta":{"_acf_changed":false,"_improvement_type_select":"improve_an_existing","_thumb_yes_seoaic":false,"_frame_yes_seoaic":false,"seoaic_generate_description":"","seoaic_improve_instructions_prompt":"","seoaic_rollback_content_improvement":"","seoaic_idea_thumbnail_generator":"","thumbnail_generated":false,"thumbnail_generate_prompt":"","seoaic_article_description":"","_supplier_stock_quantity":0},"product_brand":[],"product_model":[],"product_cat":[9348],"product_tag":[],"industry-terminology":[],"class_list":{"0":"post-53316","1":"product","2":"type-product","3":"status-publish","4":"has-post-thumbnail","6":"product_cat-takarattaat","8":"first","9":"outofstock","10":"taxable","11":"shipping-taxable","12":"product-type-simple"},"acf":{"bike_features":null,"overview":{"copy_overview":null,"key_features":null,"statement":"","youtube_url":""}},"yoast_head":"<!-- This site is optimized with the Yoast SEO plugin v27.3 - https:\/\/yoast.com\/product\/yoast-seo-wordpress\/ -->\n<title>Kasetti 10-v 11-28 CS-6700 Ultegra - VM Sport<\/title>\n<meta name=\"robots\" content=\"index, follow, max-snippet:-1, max-image-preview:large, max-video-preview:-1\" \/>\n<link rel=\"canonical\" href=\"https:\/\/vmsport.fi\/sv\/webbutik\/reservdelar\/transmission\/takarattaat\/kassett-10-v-11-28-cs-6700-ultegra\/\" \/>\n<meta property=\"og:locale\" content=\"sv_SE\" \/>\n<meta property=\"og:type\" content=\"article\" \/>\n<meta property=\"og:title\" content=\"Kasetti 10-v 11-28 CS-6700 Ultegra - VM Sport\" \/>\n<meta property=\"og:description\" content=\"Shimano-br\u00e4ndin huipputuote, kasetti CS-6700 Ultegra, on kymmenvaihteinen py\u00f6r\u00e4ilykomponentti. Sen 11-28-vaihdev\u00e4li tarjoaa laajan valikoiman vaihtoehtoja tehokkaaseen py\u00f6r\u00e4ilyyn. T\u00e4m\u00e4 tarkasti suunniteltu vaihteisto sopii erinomaisesti niille, jotka arvostavat sujuvaa ja luotettavaa vaihtamistuntumaa. Korkealaatuiset ja teknisesti edistyneet materiaalit varmistavat komponentin kest\u00e4vyyden ja keveyden. T\u00e4m\u00e4n tason komponentille tyypillinen toimintavarmuus parantaa merkitt\u00e4v\u00e4sti py\u00f6r\u00e4ilij\u00e4n kokemusta. [...]L\u00e4s mer \u2026 from Kasetti 10-v 11-28 CS-6700 Ultegra\" \/>\n<meta property=\"og:url\" content=\"https:\/\/vmsport.fi\/sv\/webbutik\/reservdelar\/transmission\/takarattaat\/kassett-10-v-11-28-cs-6700-ultegra\/\" \/>\n<meta property=\"og:site_name\" content=\"VM Sport\" \/>\n<meta property=\"article:publisher\" content=\"https:\/\/www.facebook.com\/Vmsport.fi\/\" \/>\n<meta property=\"article:modified_time\" content=\"2026-01-16T11:20:57+00:00\" \/>\n<meta property=\"og:image\" content=\"https:\/\/vmsport.fi\/wp-content\/uploads\/2025\/03\/eHMNttnp42C4kUhxwpAwIvnA3N0lrTYPEW1gC2PWioLJSQzWNb-1.jpg\" \/>\n\t<meta property=\"og:image:width\" content=\"600\" \/>\n\t<meta property=\"og:image:height\" content=\"600\" \/>\n\t<meta property=\"og:image:type\" content=\"image\/jpeg\" \/>\n<meta name=\"twitter:card\" content=\"summary_large_image\" \/>\n<script type=\"application\/ld+json\" class=\"yoast-schema-graph\">{\"@context\":\"https:\\\/\\\/schema.org\",\"@graph\":[{\"@type\":[\"WebPage\",\"ItemPage\"],\"@id\":\"https:\\\/\\\/vmsport.fi\\\/verkkokauppa\\\/varaosat\\\/voimansiirto\\\/takarattaat\\\/kasetti-10-v-11-28-cs-6700-ultegra\\\/\",\"url\":\"https:\\\/\\\/vmsport.fi\\\/verkkokauppa\\\/varaosat\\\/voimansiirto\\\/takarattaat\\\/kasetti-10-v-11-28-cs-6700-ultegra\\\/\",\"name\":\"Kasetti 10-v 11-28 CS-6700 Ultegra - VM Sport\",\"isPartOf\":{\"@id\":\"https:\\\/\\\/vmsport.fi\\\/#website\"},\"primaryImageOfPage\":{\"@id\":\"https:\\\/\\\/vmsport.fi\\\/verkkokauppa\\\/varaosat\\\/voimansiirto\\\/takarattaat\\\/kasetti-10-v-11-28-cs-6700-ultegra\\\/#primaryimage\"},\"image\":{\"@id\":\"https:\\\/\\\/vmsport.fi\\\/verkkokauppa\\\/varaosat\\\/voimansiirto\\\/takarattaat\\\/kasetti-10-v-11-28-cs-6700-ultegra\\\/#primaryimage\"},\"thumbnailUrl\":\"https:\\\/\\\/vmsport.fi\\\/wp-content\\\/uploads\\\/2025\\\/03\\\/eHMNttnp42C4kUhxwpAwIvnA3N0lrTYPEW1gC2PWioLJSQzWNb-1.jpg\",\"datePublished\":\"2025-03-05T21:39:35+00:00\",\"dateModified\":\"2026-01-16T11:20:57+00:00\",\"breadcrumb\":{\"@id\":\"https:\\\/\\\/vmsport.fi\\\/verkkokauppa\\\/varaosat\\\/voimansiirto\\\/takarattaat\\\/kasetti-10-v-11-28-cs-6700-ultegra\\\/#breadcrumb\"},\"inLanguage\":\"sv-SE\",\"potentialAction\":[{\"@type\":\"ReadAction\",\"target\":[\"https:\\\/\\\/vmsport.fi\\\/verkkokauppa\\\/varaosat\\\/voimansiirto\\\/takarattaat\\\/kasetti-10-v-11-28-cs-6700-ultegra\\\/\"]}]},{\"@type\":\"ImageObject\",\"inLanguage\":\"sv-SE\",\"@id\":\"https:\\\/\\\/vmsport.fi\\\/verkkokauppa\\\/varaosat\\\/voimansiirto\\\/takarattaat\\\/kasetti-10-v-11-28-cs-6700-ultegra\\\/#primaryimage\",\"url\":\"https:\\\/\\\/vmsport.fi\\\/wp-content\\\/uploads\\\/2025\\\/03\\\/eHMNttnp42C4kUhxwpAwIvnA3N0lrTYPEW1gC2PWioLJSQzWNb-1.jpg\",\"contentUrl\":\"https:\\\/\\\/vmsport.fi\\\/wp-content\\\/uploads\\\/2025\\\/03\\\/eHMNttnp42C4kUhxwpAwIvnA3N0lrTYPEW1gC2PWioLJSQzWNb-1.jpg\",\"width\":600,\"height\":600,\"caption\":\"eHMNttnp42C4kUhxwpAwIvnA3N0lrTYPEW1gC2PWioLJSQzWNb\"},{\"@type\":\"BreadcrumbList\",\"@id\":\"https:\\\/\\\/vmsport.fi\\\/verkkokauppa\\\/varaosat\\\/voimansiirto\\\/takarattaat\\\/kasetti-10-v-11-28-cs-6700-ultegra\\\/#breadcrumb\",\"itemListElement\":[{\"@type\":\"ListItem\",\"position\":1,\"name\":\"Etusivu\",\"item\":\"https:\\\/\\\/vmsport.fi\\\/\"},{\"@type\":\"ListItem\",\"position\":2,\"name\":\"Online Store\",\"item\":\"https:\\\/\\\/vmsport.fi\\\/en\\\/online-store\\\/\"},{\"@type\":\"ListItem\",\"position\":3,\"name\":\"Kasetti 10-v 11-28 CS-6700 Ultegra\"}]},{\"@type\":\"WebSite\",\"@id\":\"https:\\\/\\\/vmsport.fi\\\/#website\",\"url\":\"https:\\\/\\\/vmsport.fi\\\/\",\"name\":\"Vmsport\",\"description\":\"Kaikki py\u00f6r\u00e4ilyyn yhdest\u00e4 paikasta\",\"publisher\":{\"@id\":\"https:\\\/\\\/vmsport.fi\\\/#organization\"},\"potentialAction\":[{\"@type\":\"SearchAction\",\"target\":{\"@type\":\"EntryPoint\",\"urlTemplate\":\"https:\\\/\\\/vmsport.fi\\\/?s={search_term_string}\"},\"query-input\":{\"@type\":\"PropertyValueSpecification\",\"valueRequired\":true,\"valueName\":\"search_term_string\"}}],\"inLanguage\":\"sv-SE\"},{\"@type\":\"Organization\",\"@id\":\"https:\\\/\\\/vmsport.fi\\\/#organization\",\"name\":\"Vmsport\",\"url\":\"https:\\\/\\\/vmsport.fi\\\/\",\"logo\":{\"@type\":\"ImageObject\",\"inLanguage\":\"sv-SE\",\"@id\":\"https:\\\/\\\/vmsport.fi\\\/#\\\/schema\\\/logo\\\/image\\\/\",\"url\":\"https:\\\/\\\/vmsport.fi\\\/wp-content\\\/uploads\\\/2024\\\/12\\\/vm_sport_RGB_horisontal-e1734526017575.png\",\"contentUrl\":\"https:\\\/\\\/vmsport.fi\\\/wp-content\\\/uploads\\\/2024\\\/12\\\/vm_sport_RGB_horisontal-e1734526017575.png\",\"width\":668,\"height\":85,\"caption\":\"Vmsport\"},\"image\":{\"@id\":\"https:\\\/\\\/vmsport.fi\\\/#\\\/schema\\\/logo\\\/image\\\/\"},\"sameAs\":[\"https:\\\/\\\/www.facebook.com\\\/Vmsport.fi\\\/\",\"https:\\\/\\\/www.instagram.com\\\/vmsport\\\/\"]}]}<\/script>\n<!-- \/ Yoast SEO plugin. -->","yoast_head_json":{"title":"Kassett 10-v 11-28 CS-6700 Ultegra - VM Sport","robots":{"index":"index","follow":"follow","max-snippet":"max-snippet:-1","max-image-preview":"max-image-preview:large","max-video-preview":"max-video-preview:-1"},"canonical":"https:\/\/vmsport.fi\/sv\/webbutik\/reservdelar\/transmission\/takarattaat\/kassett-10-v-11-28-cs-6700-ultegra\/","og_locale":"sv_SE","og_type":"article","og_title":"Kasetti 10-v 11-28 CS-6700 Ultegra - VM Sport","og_description":"Shimano-br\u00e4ndin huipputuote, kasetti CS-6700 Ultegra, on kymmenvaihteinen py\u00f6r\u00e4ilykomponentti. Sen 11-28-vaihdev\u00e4li tarjoaa laajan valikoiman vaihtoehtoja tehokkaaseen py\u00f6r\u00e4ilyyn. T\u00e4m\u00e4 tarkasti suunniteltu vaihteisto sopii erinomaisesti niille, jotka arvostavat sujuvaa ja luotettavaa vaihtamistuntumaa. Korkealaatuiset ja teknisesti edistyneet materiaalit varmistavat komponentin kest\u00e4vyyden ja keveyden. T\u00e4m\u00e4n tason komponentille tyypillinen toimintavarmuus parantaa merkitt\u00e4v\u00e4sti py\u00f6r\u00e4ilij\u00e4n kokemusta. [...]L\u00e4s mer \u2026 from Kasetti 10-v 11-28 CS-6700 Ultegra","og_url":"https:\/\/vmsport.fi\/sv\/webbutik\/reservdelar\/transmission\/takarattaat\/kassett-10-v-11-28-cs-6700-ultegra\/","og_site_name":"VM Sport","article_publisher":"https:\/\/www.facebook.com\/Vmsport.fi\/","article_modified_time":"2026-01-16T11:20:57+00:00","og_image":[{"width":600,"height":600,"url":"https:\/\/vmsport.fi\/wp-content\/uploads\/2025\/03\/eHMNttnp42C4kUhxwpAwIvnA3N0lrTYPEW1gC2PWioLJSQzWNb-1.jpg","type":"image\/jpeg"}],"twitter_card":"summary_large_image","schema":{"@context":"https:\/\/schema.org","@graph":[{"@type":["WebPage","ItemPage"],"@id":"https:\/\/vmsport.fi\/verkkokauppa\/varaosat\/voimansiirto\/takarattaat\/kasetti-10-v-11-28-cs-6700-ultegra\/","url":"https:\/\/vmsport.fi\/verkkokauppa\/varaosat\/voimansiirto\/takarattaat\/kasetti-10-v-11-28-cs-6700-ultegra\/","name":"Kassett 10-v 11-28 CS-6700 Ultegra - VM Sport","isPartOf":{"@id":"https:\/\/vmsport.fi\/#website"},"primaryImageOfPage":{"@id":"https:\/\/vmsport.fi\/verkkokauppa\/varaosat\/voimansiirto\/takarattaat\/kasetti-10-v-11-28-cs-6700-ultegra\/#primaryimage"},"image":{"@id":"https:\/\/vmsport.fi\/verkkokauppa\/varaosat\/voimansiirto\/takarattaat\/kasetti-10-v-11-28-cs-6700-ultegra\/#primaryimage"},"thumbnailUrl":"https:\/\/vmsport.fi\/wp-content\/uploads\/2025\/03\/eHMNttnp42C4kUhxwpAwIvnA3N0lrTYPEW1gC2PWioLJSQzWNb-1.jpg","datePublished":"2025-03-05T21:39:35+00:00","dateModified":"2026-01-16T11:20:57+00:00","breadcrumb":{"@id":"https:\/\/vmsport.fi\/verkkokauppa\/varaosat\/voimansiirto\/takarattaat\/kasetti-10-v-11-28-cs-6700-ultegra\/#breadcrumb"},"inLanguage":"sv-SE","potentialAction":[{"@type":"ReadAction","target":["https:\/\/vmsport.fi\/verkkokauppa\/varaosat\/voimansiirto\/takarattaat\/kasetti-10-v-11-28-cs-6700-ultegra\/"]}]},{"@type":"ImageObject","inLanguage":"sv-SE","@id":"https:\/\/vmsport.fi\/verkkokauppa\/varaosat\/voimansiirto\/takarattaat\/kasetti-10-v-11-28-cs-6700-ultegra\/#primaryimage","url":"https:\/\/vmsport.fi\/wp-content\/uploads\/2025\/03\/eHMNttnp42C4kUhxwpAwIvnA3N0lrTYPEW1gC2PWioLJSQzWNb-1.jpg","contentUrl":"https:\/\/vmsport.fi\/wp-content\/uploads\/2025\/03\/eHMNttnp42C4kUhxwpAwIvnA3N0lrTYPEW1gC2PWioLJSQzWNb-1.jpg","width":600,"height":600,"caption":"eHMNttnp42C4kUhxwpAwIvnA3N0lrTYPEW1gC2PWioLJSQzWNb"},{"@type":"BreadcrumbList","@id":"https:\/\/vmsport.fi\/verkkokauppa\/varaosat\/voimansiirto\/takarattaat\/kasetti-10-v-11-28-cs-6700-ultegra\/#breadcrumb","itemListElement":[{"@type":"ListItem","position":1,"name":"Etusivu","item":"https:\/\/vmsport.fi\/"},{"@type":"ListItem","position":2,"name":"Online Store","item":"https:\/\/vmsport.fi\/en\/online-store\/"},{"@type":"ListItem","position":3,"name":"Kasetti 10-v 11-28 CS-6700 Ultegra"}]},{"@type":"WebSite","@id":"https:\/\/vmsport.fi\/#website","url":"https:\/\/vmsport.fi\/","name":"Vmsport","description":"Allt p\u00e5 ett st\u00e4lle f\u00f6r cykling","publisher":{"@id":"https:\/\/vmsport.fi\/#organization"},"potentialAction":[{"@type":"SearchAction","target":{"@type":"EntryPoint","urlTemplate":"https:\/\/vmsport.fi\/?s={search_term_string}"},"query-input":{"@type":"PropertyValueSpecification","valueRequired":true,"valueName":"search_term_string"}}],"inLanguage":"sv-SE"},{"@type":"Organization","@id":"https:\/\/vmsport.fi\/#organization","name":"Vmsport","url":"https:\/\/vmsport.fi\/","logo":{"@type":"ImageObject","inLanguage":"sv-SE","@id":"https:\/\/vmsport.fi\/#\/schema\/logo\/image\/","url":"https:\/\/vmsport.fi\/wp-content\/uploads\/2024\/12\/vm_sport_RGB_horisontal-e1734526017575.png","contentUrl":"https:\/\/vmsport.fi\/wp-content\/uploads\/2024\/12\/vm_sport_RGB_horisontal-e1734526017575.png","width":668,"height":85,"caption":"Vmsport"},"image":{"@id":"https:\/\/vmsport.fi\/#\/schema\/logo\/image\/"},"sameAs":["https:\/\/www.facebook.com\/Vmsport.fi\/","https:\/\/www.instagram.com\/vmsport\/"]}]}},"global_unique_id":"","_links":{"self":[{"href":"https:\/\/vmsport.fi\/sv\/wp-json\/wp\/v2\/product\/53316","targetHints":{"allow":["GET"]}}],"collection":[{"href":"https:\/\/vmsport.fi\/sv\/wp-json\/wp\/v2\/product"}],"about":[{"href":"https:\/\/vmsport.fi\/sv\/wp-json\/wp\/v2\/types\/product"}],"replies":[{"embeddable":true,"href":"https:\/\/vmsport.fi\/sv\/wp-json\/wp\/v2\/comments?post=53316"}],"wp:featuredmedia":[{"embeddable":true,"href":"https:\/\/vmsport.fi\/sv\/wp-json\/wp\/v2\/media\/53315"}],"wp:attachment":[{"href":"https:\/\/vmsport.fi\/sv\/wp-json\/wp\/v2\/media?parent=53316"}],"wp:term":[{"taxonomy":"product_brand","embeddable":true,"href":"https:\/\/vmsport.fi\/sv\/wp-json\/wp\/v2\/product_brand?post=53316"},{"taxonomy":"product_model","embeddable":true,"href":"https:\/\/vmsport.fi\/sv\/wp-json\/wp\/v2\/product_model?post=53316"},{"taxonomy":"product_cat","embeddable":true,"href":"https:\/\/vmsport.fi\/sv\/wp-json\/wp\/v2\/product_cat?post=53316"},{"taxonomy":"product_tag","embeddable":true,"href":"https:\/\/vmsport.fi\/sv\/wp-json\/wp\/v2\/product_tag?post=53316"},{"taxonomy":"industry_terminology","embeddable":true,"href":"https:\/\/vmsport.fi\/sv\/wp-json\/wp\/v2\/industry-terminology?post=53316"}],"curies":[{"name":"wp","href":"https:\/\/api.w.org\/{rel}","templated":true}]}}