{"id":53297,"date":"2025-03-05T23:39:21","date_gmt":"2025-03-05T21:39:21","guid":{"rendered":"https:\/\/vmsport.fi\/verkkokauppa\/Ei-luokiteltu\/shimano-kahvakumi-pari-st-r9100\/"},"modified":"2026-04-22T15:09:11","modified_gmt":"2026-04-22T12:09:11","slug":"shimano-grepp-gummi-par-st-r9100","status":"publish","type":"product","link":"https:\/\/vmsport.fi\/sv\/verkkokauppa\/varaosat\/ohjaamo\/gripit\/shimano-kahvakumi-pari-st-r9100\/","title":{"rendered":"Shimano greppgummi, par ST-R9100"},"content":{"rendered":"<p>Shimano ST-R9100 Shimano Grip Rubber-paret \u00e4r en h\u00e5llbar och snygg komponent som f\u00f6rb\u00e4ttrar k\u00f6rkomforten och man\u00f6vrerbarheten i Dura-Ace-v\u00e4xlar. Det svarta greppgummit ger utm\u00e4rkt grepp, vilket m\u00f6jligg\u00f6r exakt kontroll av cykeln \u00e4ven under utmanande f\u00f6rh\u00e5llanden. Designen kombinerar funktionalitet och elegans, vilket ger cykeln ett harmoniskt utseende. Den \u00e4r tillverkad av h\u00f6gkvalitativa material och garanterar l\u00e5ng livsl\u00e4ngd och tillf\u00f6rlitlighet vid varje cykeltur.<\/p>","protected":false},"excerpt":{"rendered":"<p>Shimano Kahvakumi ST-R9100 -pari on kest\u00e4v\u00e4 ja tyylik\u00e4s osa, joka parantaa ajomukavuutta ja ohjattavuutta Dura-Ace-py\u00f6r\u00e4nvaihteissa. Musta kahvakumi tarjoaa erinomaisen pidon, mik\u00e4 mahdollistaa py\u00f6r\u00e4n tarkan hallinnan haastavissakin olosuhteissa. Sen muotoilu yhdist\u00e4\u00e4 k\u00e4yt\u00e4nn\u00f6llisyyden ja tyylikkyyden, tuoden py\u00f6r\u00e4\u00e4n harmonisen ulkon\u00e4\u00f6n. Laadukkaista materiaaleista valmistettuna se takaa pitk\u00e4ik\u00e4isyyden ja luotettavuuden jokaisella ajokerralla. [&#8230;]<\/p>\n<p><a class=\"btn btn-secondary understrap-read-more-link\" href=\"https:\/\/vmsport.fi\/sv\/verkkokauppa\/varaosat\/ohjaamo\/gripit\/shimano-kahvakumi-pari-st-r9100\/\">L\u00e4s mer \u2026<span class=\"screen-reader-text\"> from Shimano Kahvakumi, pari ST-R9100<\/span><\/a><\/p>\n","protected":false},"featured_media":53296,"comment_status":"open","ping_status":"closed","template":"","meta":{"_acf_changed":false,"_improvement_type_select":"improve_an_existing","_thumb_yes_seoaic":false,"_frame_yes_seoaic":false,"seoaic_generate_description":"","seoaic_improve_instructions_prompt":"","seoaic_rollback_content_improvement":"","seoaic_idea_thumbnail_generator":"","thumbnail_generated":false,"thumbnail_generate_prompt":"","seoaic_article_description":"","_supplier_stock_quantity":0},"product_brand":[],"product_model":[],"product_cat":[9292],"product_tag":[],"industry-terminology":[],"class_list":{"0":"post-53297","1":"product","2":"type-product","3":"status-publish","4":"has-post-thumbnail","6":"product_cat-gripit","8":"first","9":"instock","10":"taxable","11":"shipping-taxable","12":"purchasable","13":"product-type-simple"},"acf":{"bike_features":null,"overview":{"copy_overview":null,"key_features":null,"statement":"","youtube_url":""}},"yoast_head":"<!-- This site is optimized with the Yoast SEO plugin v27.4 - https:\/\/yoast.com\/product\/yoast-seo-wordpress\/ -->\n<title>Shimano Kahvakumi, pari ST-R9100 - VM Sport<\/title>\n<meta name=\"robots\" content=\"index, follow, max-snippet:-1, max-image-preview:large, max-video-preview:-1\" \/>\n<link rel=\"canonical\" href=\"https:\/\/vmsport.fi\/sv\/webbutik\/cyklar\/shimano-grepp-gummi-par-st-r9100\/\" \/>\n<meta property=\"og:locale\" content=\"sv_SE\" \/>\n<meta property=\"og:type\" content=\"article\" \/>\n<meta property=\"og:title\" content=\"Shimano Kahvakumi, pari ST-R9100 - VM Sport\" \/>\n<meta property=\"og:description\" content=\"Shimano Kahvakumi ST-R9100 -pari on kest\u00e4v\u00e4 ja tyylik\u00e4s osa, joka parantaa ajomukavuutta ja ohjattavuutta Dura-Ace-py\u00f6r\u00e4nvaihteissa. Musta kahvakumi tarjoaa erinomaisen pidon, mik\u00e4 mahdollistaa py\u00f6r\u00e4n tarkan hallinnan haastavissakin olosuhteissa. Sen muotoilu yhdist\u00e4\u00e4 k\u00e4yt\u00e4nn\u00f6llisyyden ja tyylikkyyden, tuoden py\u00f6r\u00e4\u00e4n harmonisen ulkon\u00e4\u00f6n. Laadukkaista materiaaleista valmistettuna se takaa pitk\u00e4ik\u00e4isyyden ja luotettavuuden jokaisella ajokerralla. [...]L\u00e4s mer \u2026 from Shimano Kahvakumi, pari ST-R9100\" \/>\n<meta property=\"og:url\" content=\"https:\/\/vmsport.fi\/sv\/webbutik\/cyklar\/shimano-grepp-gummi-par-st-r9100\/\" \/>\n<meta property=\"og:site_name\" content=\"VM Sport\" \/>\n<meta property=\"article:publisher\" content=\"https:\/\/www.facebook.com\/Vmsport.fi\/\" \/>\n<meta property=\"article:modified_time\" content=\"2026-04-22T12:09:11+00:00\" \/>\n<meta property=\"og:image\" content=\"https:\/\/vmsport.fi\/wp-content\/uploads\/2025\/03\/DjquGOI8LGOrVbGRduyvc6foIrdNmBFPsmd6HfbW9uKaYHIBK3-1.jpg\" \/>\n\t<meta property=\"og:image:width\" content=\"600\" \/>\n\t<meta property=\"og:image:height\" content=\"600\" \/>\n\t<meta property=\"og:image:type\" content=\"image\/jpeg\" \/>\n<meta name=\"twitter:card\" content=\"summary_large_image\" \/>\n<script type=\"application\/ld+json\" class=\"yoast-schema-graph\">{\"@context\":\"https:\\\/\\\/schema.org\",\"@graph\":[{\"@type\":[\"WebPage\",\"ItemPage\"],\"@id\":\"https:\\\/\\\/vmsport.fi\\\/verkkokauppa\\\/polkupyorat\\\/shimano-kahvakumi-pari-st-r9100\\\/\",\"url\":\"https:\\\/\\\/vmsport.fi\\\/verkkokauppa\\\/polkupyorat\\\/shimano-kahvakumi-pari-st-r9100\\\/\",\"name\":\"Shimano Kahvakumi, pari ST-R9100 - VM Sport\",\"isPartOf\":{\"@id\":\"https:\\\/\\\/vmsport.fi\\\/#website\"},\"primaryImageOfPage\":{\"@id\":\"https:\\\/\\\/vmsport.fi\\\/verkkokauppa\\\/polkupyorat\\\/shimano-kahvakumi-pari-st-r9100\\\/#primaryimage\"},\"image\":{\"@id\":\"https:\\\/\\\/vmsport.fi\\\/verkkokauppa\\\/polkupyorat\\\/shimano-kahvakumi-pari-st-r9100\\\/#primaryimage\"},\"thumbnailUrl\":\"https:\\\/\\\/vmsport.fi\\\/wp-content\\\/uploads\\\/2025\\\/03\\\/DjquGOI8LGOrVbGRduyvc6foIrdNmBFPsmd6HfbW9uKaYHIBK3-1.jpg\",\"datePublished\":\"2025-03-05T21:39:21+00:00\",\"dateModified\":\"2026-04-22T12:09:11+00:00\",\"breadcrumb\":{\"@id\":\"https:\\\/\\\/vmsport.fi\\\/verkkokauppa\\\/polkupyorat\\\/shimano-kahvakumi-pari-st-r9100\\\/#breadcrumb\"},\"inLanguage\":\"sv-SE\",\"potentialAction\":[{\"@type\":\"ReadAction\",\"target\":[\"https:\\\/\\\/vmsport.fi\\\/verkkokauppa\\\/polkupyorat\\\/shimano-kahvakumi-pari-st-r9100\\\/\"]}]},{\"@type\":\"ImageObject\",\"inLanguage\":\"sv-SE\",\"@id\":\"https:\\\/\\\/vmsport.fi\\\/verkkokauppa\\\/polkupyorat\\\/shimano-kahvakumi-pari-st-r9100\\\/#primaryimage\",\"url\":\"https:\\\/\\\/vmsport.fi\\\/wp-content\\\/uploads\\\/2025\\\/03\\\/DjquGOI8LGOrVbGRduyvc6foIrdNmBFPsmd6HfbW9uKaYHIBK3-1.jpg\",\"contentUrl\":\"https:\\\/\\\/vmsport.fi\\\/wp-content\\\/uploads\\\/2025\\\/03\\\/DjquGOI8LGOrVbGRduyvc6foIrdNmBFPsmd6HfbW9uKaYHIBK3-1.jpg\",\"width\":600,\"height\":600,\"caption\":\"DjquGOI8LGOrVbGRduyvc6foIrdNmBFPsmd6HfbW9uKaYHIBK3\"},{\"@type\":\"BreadcrumbList\",\"@id\":\"https:\\\/\\\/vmsport.fi\\\/verkkokauppa\\\/polkupyorat\\\/shimano-kahvakumi-pari-st-r9100\\\/#breadcrumb\",\"itemListElement\":[{\"@type\":\"ListItem\",\"position\":1,\"name\":\"Etusivu\",\"item\":\"https:\\\/\\\/vmsport.fi\\\/\"},{\"@type\":\"ListItem\",\"position\":2,\"name\":\"Online Store\",\"item\":\"https:\\\/\\\/vmsport.fi\\\/en\\\/online-store\\\/\"},{\"@type\":\"ListItem\",\"position\":3,\"name\":\"Shimano Kahvakumi, pari ST-R9100\"}]},{\"@type\":\"WebSite\",\"@id\":\"https:\\\/\\\/vmsport.fi\\\/#website\",\"url\":\"https:\\\/\\\/vmsport.fi\\\/\",\"name\":\"Vmsport\",\"description\":\"Kaikki py\u00f6r\u00e4ilyyn yhdest\u00e4 paikasta\",\"publisher\":{\"@id\":\"https:\\\/\\\/vmsport.fi\\\/#organization\"},\"potentialAction\":[{\"@type\":\"SearchAction\",\"target\":{\"@type\":\"EntryPoint\",\"urlTemplate\":\"https:\\\/\\\/vmsport.fi\\\/?s={search_term_string}\"},\"query-input\":{\"@type\":\"PropertyValueSpecification\",\"valueRequired\":true,\"valueName\":\"search_term_string\"}}],\"inLanguage\":\"sv-SE\"},{\"@type\":\"Organization\",\"@id\":\"https:\\\/\\\/vmsport.fi\\\/#organization\",\"name\":\"Vmsport\",\"url\":\"https:\\\/\\\/vmsport.fi\\\/\",\"logo\":{\"@type\":\"ImageObject\",\"inLanguage\":\"sv-SE\",\"@id\":\"https:\\\/\\\/vmsport.fi\\\/#\\\/schema\\\/logo\\\/image\\\/\",\"url\":\"https:\\\/\\\/vmsport.fi\\\/wp-content\\\/uploads\\\/2024\\\/12\\\/vm_sport_RGB_horisontal-e1734526017575.png\",\"contentUrl\":\"https:\\\/\\\/vmsport.fi\\\/wp-content\\\/uploads\\\/2024\\\/12\\\/vm_sport_RGB_horisontal-e1734526017575.png\",\"width\":668,\"height\":85,\"caption\":\"Vmsport\"},\"image\":{\"@id\":\"https:\\\/\\\/vmsport.fi\\\/#\\\/schema\\\/logo\\\/image\\\/\"},\"sameAs\":[\"https:\\\/\\\/www.facebook.com\\\/Vmsport.fi\\\/\",\"https:\\\/\\\/www.instagram.com\\\/vmsport\\\/\"]}]}<\/script>\n<!-- \/ Yoast SEO plugin. -->","yoast_head_json":{"title":"Shimano greppgummi, par ST-R9100 - VM Sport","robots":{"index":"index","follow":"follow","max-snippet":"max-snippet:-1","max-image-preview":"max-image-preview:large","max-video-preview":"max-video-preview:-1"},"canonical":"https:\/\/vmsport.fi\/sv\/webbutik\/cyklar\/shimano-grepp-gummi-par-st-r9100\/","og_locale":"sv_SE","og_type":"article","og_title":"Shimano Kahvakumi, pari ST-R9100 - VM Sport","og_description":"Shimano Kahvakumi ST-R9100 -pari on kest\u00e4v\u00e4 ja tyylik\u00e4s osa, joka parantaa ajomukavuutta ja ohjattavuutta Dura-Ace-py\u00f6r\u00e4nvaihteissa. Musta kahvakumi tarjoaa erinomaisen pidon, mik\u00e4 mahdollistaa py\u00f6r\u00e4n tarkan hallinnan haastavissakin olosuhteissa. Sen muotoilu yhdist\u00e4\u00e4 k\u00e4yt\u00e4nn\u00f6llisyyden ja tyylikkyyden, tuoden py\u00f6r\u00e4\u00e4n harmonisen ulkon\u00e4\u00f6n. Laadukkaista materiaaleista valmistettuna se takaa pitk\u00e4ik\u00e4isyyden ja luotettavuuden jokaisella ajokerralla. [...]L\u00e4s mer \u2026 from Shimano Kahvakumi, pari ST-R9100","og_url":"https:\/\/vmsport.fi\/sv\/webbutik\/cyklar\/shimano-grepp-gummi-par-st-r9100\/","og_site_name":"VM Sport","article_publisher":"https:\/\/www.facebook.com\/Vmsport.fi\/","article_modified_time":"2026-04-22T12:09:11+00:00","og_image":[{"width":600,"height":600,"url":"https:\/\/vmsport.fi\/wp-content\/uploads\/2025\/03\/DjquGOI8LGOrVbGRduyvc6foIrdNmBFPsmd6HfbW9uKaYHIBK3-1.jpg","type":"image\/jpeg"}],"twitter_card":"summary_large_image","schema":{"@context":"https:\/\/schema.org","@graph":[{"@type":["WebPage","ItemPage"],"@id":"https:\/\/vmsport.fi\/verkkokauppa\/polkupyorat\/shimano-kahvakumi-pari-st-r9100\/","url":"https:\/\/vmsport.fi\/verkkokauppa\/polkupyorat\/shimano-kahvakumi-pari-st-r9100\/","name":"Shimano greppgummi, par ST-R9100 - VM Sport","isPartOf":{"@id":"https:\/\/vmsport.fi\/#website"},"primaryImageOfPage":{"@id":"https:\/\/vmsport.fi\/verkkokauppa\/polkupyorat\/shimano-kahvakumi-pari-st-r9100\/#primaryimage"},"image":{"@id":"https:\/\/vmsport.fi\/verkkokauppa\/polkupyorat\/shimano-kahvakumi-pari-st-r9100\/#primaryimage"},"thumbnailUrl":"https:\/\/vmsport.fi\/wp-content\/uploads\/2025\/03\/DjquGOI8LGOrVbGRduyvc6foIrdNmBFPsmd6HfbW9uKaYHIBK3-1.jpg","datePublished":"2025-03-05T21:39:21+00:00","dateModified":"2026-04-22T12:09:11+00:00","breadcrumb":{"@id":"https:\/\/vmsport.fi\/verkkokauppa\/polkupyorat\/shimano-kahvakumi-pari-st-r9100\/#breadcrumb"},"inLanguage":"sv-SE","potentialAction":[{"@type":"ReadAction","target":["https:\/\/vmsport.fi\/verkkokauppa\/polkupyorat\/shimano-kahvakumi-pari-st-r9100\/"]}]},{"@type":"ImageObject","inLanguage":"sv-SE","@id":"https:\/\/vmsport.fi\/verkkokauppa\/polkupyorat\/shimano-kahvakumi-pari-st-r9100\/#primaryimage","url":"https:\/\/vmsport.fi\/wp-content\/uploads\/2025\/03\/DjquGOI8LGOrVbGRduyvc6foIrdNmBFPsmd6HfbW9uKaYHIBK3-1.jpg","contentUrl":"https:\/\/vmsport.fi\/wp-content\/uploads\/2025\/03\/DjquGOI8LGOrVbGRduyvc6foIrdNmBFPsmd6HfbW9uKaYHIBK3-1.jpg","width":600,"height":600,"caption":"DjquGOI8LGOrVbGRduyvc6foIrdNmBFPsmd6HfbW9uKaYHIBK3"},{"@type":"BreadcrumbList","@id":"https:\/\/vmsport.fi\/verkkokauppa\/polkupyorat\/shimano-kahvakumi-pari-st-r9100\/#breadcrumb","itemListElement":[{"@type":"ListItem","position":1,"name":"Etusivu","item":"https:\/\/vmsport.fi\/"},{"@type":"ListItem","position":2,"name":"Online Store","item":"https:\/\/vmsport.fi\/en\/online-store\/"},{"@type":"ListItem","position":3,"name":"Shimano Kahvakumi, pari ST-R9100"}]},{"@type":"WebSite","@id":"https:\/\/vmsport.fi\/#website","url":"https:\/\/vmsport.fi\/","name":"Vmsport","description":"Allt p\u00e5 ett st\u00e4lle f\u00f6r cykling","publisher":{"@id":"https:\/\/vmsport.fi\/#organization"},"potentialAction":[{"@type":"SearchAction","target":{"@type":"EntryPoint","urlTemplate":"https:\/\/vmsport.fi\/?s={search_term_string}"},"query-input":{"@type":"PropertyValueSpecification","valueRequired":true,"valueName":"search_term_string"}}],"inLanguage":"sv-SE"},{"@type":"Organization","@id":"https:\/\/vmsport.fi\/#organization","name":"Vmsport","url":"https:\/\/vmsport.fi\/","logo":{"@type":"ImageObject","inLanguage":"sv-SE","@id":"https:\/\/vmsport.fi\/#\/schema\/logo\/image\/","url":"https:\/\/vmsport.fi\/wp-content\/uploads\/2024\/12\/vm_sport_RGB_horisontal-e1734526017575.png","contentUrl":"https:\/\/vmsport.fi\/wp-content\/uploads\/2024\/12\/vm_sport_RGB_horisontal-e1734526017575.png","width":668,"height":85,"caption":"Vmsport"},"image":{"@id":"https:\/\/vmsport.fi\/#\/schema\/logo\/image\/"},"sameAs":["https:\/\/www.facebook.com\/Vmsport.fi\/","https:\/\/www.instagram.com\/vmsport\/"]}]}},"global_unique_id":"","_links":{"self":[{"href":"https:\/\/vmsport.fi\/sv\/wp-json\/wp\/v2\/product\/53297","targetHints":{"allow":["GET"]}}],"collection":[{"href":"https:\/\/vmsport.fi\/sv\/wp-json\/wp\/v2\/product"}],"about":[{"href":"https:\/\/vmsport.fi\/sv\/wp-json\/wp\/v2\/types\/product"}],"replies":[{"embeddable":true,"href":"https:\/\/vmsport.fi\/sv\/wp-json\/wp\/v2\/comments?post=53297"}],"wp:featuredmedia":[{"embeddable":true,"href":"https:\/\/vmsport.fi\/sv\/wp-json\/wp\/v2\/media\/53296"}],"wp:attachment":[{"href":"https:\/\/vmsport.fi\/sv\/wp-json\/wp\/v2\/media?parent=53297"}],"wp:term":[{"taxonomy":"product_brand","embeddable":true,"href":"https:\/\/vmsport.fi\/sv\/wp-json\/wp\/v2\/product_brand?post=53297"},{"taxonomy":"product_model","embeddable":true,"href":"https:\/\/vmsport.fi\/sv\/wp-json\/wp\/v2\/product_model?post=53297"},{"taxonomy":"product_cat","embeddable":true,"href":"https:\/\/vmsport.fi\/sv\/wp-json\/wp\/v2\/product_cat?post=53297"},{"taxonomy":"product_tag","embeddable":true,"href":"https:\/\/vmsport.fi\/sv\/wp-json\/wp\/v2\/product_tag?post=53297"},{"taxonomy":"industry_terminology","embeddable":true,"href":"https:\/\/vmsport.fi\/sv\/wp-json\/wp\/v2\/industry-terminology?post=53297"}],"curies":[{"name":"wp","href":"https:\/\/api.w.org\/{rel}","templated":true}]}}