{"id":53295,"date":"2025-03-05T23:39:20","date_gmt":"2025-03-05T21:39:20","guid":{"rendered":"https:\/\/vmsport.fi\/verkkokauppa\/Ei-luokiteltu\/shimano-v-brake-br-t4000-set-taka-musta\/"},"modified":"2026-04-22T15:08:33","modified_gmt":"2026-04-22T12:08:33","slug":"shimano-v-brake-br-t4000-set-taka-musta","status":"publish","type":"product","link":"https:\/\/vmsport.fi\/sv\/verkkokauppa\/varaosat\/jarrut\/vaijerit-kuoret-ja-muut-jarruosat\/shimano-v-brake-br-t4000-set-taka-musta\/","title":{"rendered":"SHIMANO V-BRAKE BR-T4000-SET Taka Svart"},"content":{"rendered":"<p>Shimano V-BRAKE BR-T4000-SET, tunnettu korkeasta laadustaan py\u00f6r\u00e4ilykomponenteissa, on luotettavuuden esikuva johtavana merkkin\u00e4. N\u00e4m\u00e4 V-jarrut ovat erinomaiset helposti huollettavuutensa ja tehokkaan pys\u00e4ytystehonsa ansiosta, mik\u00e4 tekee niist\u00e4 ihanteelliset maasto- ja hybridipy\u00f6rille. BR-T4000-malli korostaa t\u00e4m\u00e4n jarrun erityispiirteit\u00e4 Shimano-valikoimassa. Jarrusetti sis\u00e4lt\u00e4\u00e4 kaikki tarvittavat osat asennukseen, mik\u00e4 varmistaa helpon k\u00e4ytt\u00f6\u00f6noton. Erityisesti takapy\u00f6r\u00e4lle suunniteltu jarruj\u00e4rjestelm\u00e4 takaa erinomaisen hallinnan ja suorituskyvyn py\u00f6r\u00e4n takaosassa. Musta v\u00e4ri antaa tyylikk\u00e4\u00e4n ja monipuolisen ilmeen, joka sulautuu saumattomasti useimpiin py\u00f6r\u00e4runkoihin.<\/p>","protected":false},"excerpt":{"rendered":"<p>Shimano V-BRAKE BR-T4000-SET, tunnettu korkeasta laadustaan py\u00f6r\u00e4ilykomponenteissa, on luotettavuuden esikuva johtavana merkkin\u00e4. N\u00e4m\u00e4 V-jarrut ovat erinomaiset helposti huollettavuutensa ja tehokkaan pys\u00e4ytystehonsa ansiosta, mik\u00e4 tekee niist\u00e4 ihanteelliset maasto- ja hybridipy\u00f6rille. BR-T4000-malli korostaa t\u00e4m\u00e4n jarrun erityispiirteit\u00e4 Shimano-valikoimassa. Jarrusetti sis\u00e4lt\u00e4\u00e4 kaikki tarvittavat osat asennukseen, mik\u00e4 varmistaa helpon k\u00e4ytt\u00f6\u00f6noton. Erityisesti takapy\u00f6r\u00e4lle suunniteltu jarruj\u00e4rjestelm\u00e4 takaa erinomaisen hallinnan ja suorituskyvyn py\u00f6r\u00e4n [&#8230;]<\/p>\n<p><a class=\"btn btn-secondary understrap-read-more-link\" href=\"https:\/\/vmsport.fi\/sv\/verkkokauppa\/varaosat\/jarrut\/vaijerit-kuoret-ja-muut-jarruosat\/shimano-v-brake-br-t4000-set-taka-musta\/\">L\u00e4s mer \u2026<span class=\"screen-reader-text\"> from SHIMANO V-BRAKE BR-T4000-SET Taka Musta<\/span><\/a><\/p>\n","protected":false},"featured_media":53294,"comment_status":"open","ping_status":"closed","template":"","meta":{"_acf_changed":false,"_improvement_type_select":"improve_an_existing","_thumb_yes_seoaic":false,"_frame_yes_seoaic":false,"seoaic_generate_description":"","seoaic_improve_instructions_prompt":"","seoaic_rollback_content_improvement":"","seoaic_idea_thumbnail_generator":"","thumbnail_generated":false,"thumbnail_generate_prompt":"","seoaic_article_description":"","_supplier_stock_quantity":0},"product_brand":[],"product_model":[],"product_cat":[9338],"product_tag":[],"industry-terminology":[],"class_list":{"0":"post-53295","1":"product","2":"type-product","3":"status-publish","4":"has-post-thumbnail","6":"product_cat-vaijerit-kuoret-ja-muut-jarruosat","8":"first","9":"outofstock","10":"taxable","11":"shipping-taxable","12":"product-type-simple"},"acf":{"bike_features":null,"overview":{"copy_overview":null,"key_features":null,"statement":"","youtube_url":""}},"yoast_head":"<!-- This site is optimized with the Yoast SEO plugin v27.4 - https:\/\/yoast.com\/product\/yoast-seo-wordpress\/ -->\n<title>SHIMANO V-BRAKE BR-T4000-SET Taka Musta - VM Sport<\/title>\n<meta name=\"robots\" content=\"index, follow, max-snippet:-1, max-image-preview:large, max-video-preview:-1\" \/>\n<link rel=\"canonical\" href=\"https:\/\/vmsport.fi\/sv\/webbutik\/reservdelar\/bromsar\/linor-skivor-och-andra-bromsdelar\/shimano-v-brake-br-t4000-set-taka-musta\/\" \/>\n<meta property=\"og:locale\" content=\"sv_SE\" \/>\n<meta property=\"og:type\" content=\"article\" \/>\n<meta property=\"og:title\" content=\"SHIMANO V-BRAKE BR-T4000-SET Taka Musta - VM Sport\" \/>\n<meta property=\"og:description\" content=\"Shimano V-BRAKE BR-T4000-SET, tunnettu korkeasta laadustaan py\u00f6r\u00e4ilykomponenteissa, on luotettavuuden esikuva johtavana merkkin\u00e4. N\u00e4m\u00e4 V-jarrut ovat erinomaiset helposti huollettavuutensa ja tehokkaan pys\u00e4ytystehonsa ansiosta, mik\u00e4 tekee niist\u00e4 ihanteelliset maasto- ja hybridipy\u00f6rille. BR-T4000-malli korostaa t\u00e4m\u00e4n jarrun erityispiirteit\u00e4 Shimano-valikoimassa. Jarrusetti sis\u00e4lt\u00e4\u00e4 kaikki tarvittavat osat asennukseen, mik\u00e4 varmistaa helpon k\u00e4ytt\u00f6\u00f6noton. Erityisesti takapy\u00f6r\u00e4lle suunniteltu jarruj\u00e4rjestelm\u00e4 takaa erinomaisen hallinnan ja suorituskyvyn py\u00f6r\u00e4n [...]L\u00e4s mer \u2026 from SHIMANO V-BRAKE BR-T4000-SET Taka Musta\" \/>\n<meta property=\"og:url\" content=\"https:\/\/vmsport.fi\/sv\/webbutik\/reservdelar\/bromsar\/linor-skivor-och-andra-bromsdelar\/shimano-v-brake-br-t4000-set-taka-musta\/\" \/>\n<meta property=\"og:site_name\" content=\"VM Sport\" \/>\n<meta property=\"article:publisher\" content=\"https:\/\/www.facebook.com\/Vmsport.fi\/\" \/>\n<meta property=\"article:modified_time\" content=\"2026-04-22T12:08:33+00:00\" \/>\n<meta property=\"og:image\" content=\"https:\/\/vmsport.fi\/wp-content\/uploads\/2025\/03\/P-BR-T4000-3114-1-jpg-thumb-572-572-3-1.png\" \/>\n\t<meta property=\"og:image:width\" content=\"572\" \/>\n\t<meta property=\"og:image:height\" content=\"572\" \/>\n\t<meta property=\"og:image:type\" content=\"image\/png\" \/>\n<meta name=\"twitter:card\" content=\"summary_large_image\" \/>\n<script type=\"application\/ld+json\" class=\"yoast-schema-graph\">{\"@context\":\"https:\\\/\\\/schema.org\",\"@graph\":[{\"@type\":[\"WebPage\",\"ItemPage\"],\"@id\":\"https:\\\/\\\/vmsport.fi\\\/verkkokauppa\\\/varaosat\\\/jarrut\\\/vaijerit-kuoret-ja-muut-jarruosat\\\/shimano-v-brake-br-t4000-set-taka-musta\\\/\",\"url\":\"https:\\\/\\\/vmsport.fi\\\/verkkokauppa\\\/varaosat\\\/jarrut\\\/vaijerit-kuoret-ja-muut-jarruosat\\\/shimano-v-brake-br-t4000-set-taka-musta\\\/\",\"name\":\"SHIMANO V-BRAKE BR-T4000-SET Taka Musta - VM Sport\",\"isPartOf\":{\"@id\":\"https:\\\/\\\/vmsport.fi\\\/#website\"},\"primaryImageOfPage\":{\"@id\":\"https:\\\/\\\/vmsport.fi\\\/verkkokauppa\\\/varaosat\\\/jarrut\\\/vaijerit-kuoret-ja-muut-jarruosat\\\/shimano-v-brake-br-t4000-set-taka-musta\\\/#primaryimage\"},\"image\":{\"@id\":\"https:\\\/\\\/vmsport.fi\\\/verkkokauppa\\\/varaosat\\\/jarrut\\\/vaijerit-kuoret-ja-muut-jarruosat\\\/shimano-v-brake-br-t4000-set-taka-musta\\\/#primaryimage\"},\"thumbnailUrl\":\"https:\\\/\\\/vmsport.fi\\\/wp-content\\\/uploads\\\/2025\\\/03\\\/P-BR-T4000-3114-1-jpg-thumb-572-572-3-1.png\",\"datePublished\":\"2025-03-05T21:39:20+00:00\",\"dateModified\":\"2026-04-22T12:08:33+00:00\",\"breadcrumb\":{\"@id\":\"https:\\\/\\\/vmsport.fi\\\/verkkokauppa\\\/varaosat\\\/jarrut\\\/vaijerit-kuoret-ja-muut-jarruosat\\\/shimano-v-brake-br-t4000-set-taka-musta\\\/#breadcrumb\"},\"inLanguage\":\"sv-SE\",\"potentialAction\":[{\"@type\":\"ReadAction\",\"target\":[\"https:\\\/\\\/vmsport.fi\\\/verkkokauppa\\\/varaosat\\\/jarrut\\\/vaijerit-kuoret-ja-muut-jarruosat\\\/shimano-v-brake-br-t4000-set-taka-musta\\\/\"]}]},{\"@type\":\"ImageObject\",\"inLanguage\":\"sv-SE\",\"@id\":\"https:\\\/\\\/vmsport.fi\\\/verkkokauppa\\\/varaosat\\\/jarrut\\\/vaijerit-kuoret-ja-muut-jarruosat\\\/shimano-v-brake-br-t4000-set-taka-musta\\\/#primaryimage\",\"url\":\"https:\\\/\\\/vmsport.fi\\\/wp-content\\\/uploads\\\/2025\\\/03\\\/P-BR-T4000-3114-1-jpg-thumb-572-572-3-1.png\",\"contentUrl\":\"https:\\\/\\\/vmsport.fi\\\/wp-content\\\/uploads\\\/2025\\\/03\\\/P-BR-T4000-3114-1-jpg-thumb-572-572-3-1.png\",\"width\":572,\"height\":572,\"caption\":\"P-BR-T4000-3114-1-jpg-thumb-572-572-3\"},{\"@type\":\"BreadcrumbList\",\"@id\":\"https:\\\/\\\/vmsport.fi\\\/verkkokauppa\\\/varaosat\\\/jarrut\\\/vaijerit-kuoret-ja-muut-jarruosat\\\/shimano-v-brake-br-t4000-set-taka-musta\\\/#breadcrumb\",\"itemListElement\":[{\"@type\":\"ListItem\",\"position\":1,\"name\":\"Etusivu\",\"item\":\"https:\\\/\\\/vmsport.fi\\\/\"},{\"@type\":\"ListItem\",\"position\":2,\"name\":\"Online Store\",\"item\":\"https:\\\/\\\/vmsport.fi\\\/en\\\/online-store\\\/\"},{\"@type\":\"ListItem\",\"position\":3,\"name\":\"SHIMANO V-BRAKE BR-T4000-SET Taka Musta\"}]},{\"@type\":\"WebSite\",\"@id\":\"https:\\\/\\\/vmsport.fi\\\/#website\",\"url\":\"https:\\\/\\\/vmsport.fi\\\/\",\"name\":\"Vmsport\",\"description\":\"Kaikki py\u00f6r\u00e4ilyyn yhdest\u00e4 paikasta\",\"publisher\":{\"@id\":\"https:\\\/\\\/vmsport.fi\\\/#organization\"},\"potentialAction\":[{\"@type\":\"SearchAction\",\"target\":{\"@type\":\"EntryPoint\",\"urlTemplate\":\"https:\\\/\\\/vmsport.fi\\\/?s={search_term_string}\"},\"query-input\":{\"@type\":\"PropertyValueSpecification\",\"valueRequired\":true,\"valueName\":\"search_term_string\"}}],\"inLanguage\":\"sv-SE\"},{\"@type\":\"Organization\",\"@id\":\"https:\\\/\\\/vmsport.fi\\\/#organization\",\"name\":\"Vmsport\",\"url\":\"https:\\\/\\\/vmsport.fi\\\/\",\"logo\":{\"@type\":\"ImageObject\",\"inLanguage\":\"sv-SE\",\"@id\":\"https:\\\/\\\/vmsport.fi\\\/#\\\/schema\\\/logo\\\/image\\\/\",\"url\":\"https:\\\/\\\/vmsport.fi\\\/wp-content\\\/uploads\\\/2024\\\/12\\\/vm_sport_RGB_horisontal-e1734526017575.png\",\"contentUrl\":\"https:\\\/\\\/vmsport.fi\\\/wp-content\\\/uploads\\\/2024\\\/12\\\/vm_sport_RGB_horisontal-e1734526017575.png\",\"width\":668,\"height\":85,\"caption\":\"Vmsport\"},\"image\":{\"@id\":\"https:\\\/\\\/vmsport.fi\\\/#\\\/schema\\\/logo\\\/image\\\/\"},\"sameAs\":[\"https:\\\/\\\/www.facebook.com\\\/Vmsport.fi\\\/\",\"https:\\\/\\\/www.instagram.com\\\/vmsport\\\/\"]}]}<\/script>\n<!-- \/ Yoast SEO plugin. -->","yoast_head_json":{"title":"SHIMANO V-BRAKE BR-T4000-SET Taka Musta - VM Sport","robots":{"index":"index","follow":"follow","max-snippet":"max-snippet:-1","max-image-preview":"max-image-preview:large","max-video-preview":"max-video-preview:-1"},"canonical":"https:\/\/vmsport.fi\/sv\/webbutik\/reservdelar\/bromsar\/linor-skivor-och-andra-bromsdelar\/shimano-v-brake-br-t4000-set-taka-musta\/","og_locale":"sv_SE","og_type":"article","og_title":"SHIMANO V-BRAKE BR-T4000-SET Taka Musta - VM Sport","og_description":"Shimano V-BRAKE BR-T4000-SET, tunnettu korkeasta laadustaan py\u00f6r\u00e4ilykomponenteissa, on luotettavuuden esikuva johtavana merkkin\u00e4. N\u00e4m\u00e4 V-jarrut ovat erinomaiset helposti huollettavuutensa ja tehokkaan pys\u00e4ytystehonsa ansiosta, mik\u00e4 tekee niist\u00e4 ihanteelliset maasto- ja hybridipy\u00f6rille. BR-T4000-malli korostaa t\u00e4m\u00e4n jarrun erityispiirteit\u00e4 Shimano-valikoimassa. Jarrusetti sis\u00e4lt\u00e4\u00e4 kaikki tarvittavat osat asennukseen, mik\u00e4 varmistaa helpon k\u00e4ytt\u00f6\u00f6noton. Erityisesti takapy\u00f6r\u00e4lle suunniteltu jarruj\u00e4rjestelm\u00e4 takaa erinomaisen hallinnan ja suorituskyvyn py\u00f6r\u00e4n [...]L\u00e4s mer \u2026 from SHIMANO V-BRAKE BR-T4000-SET Taka Musta","og_url":"https:\/\/vmsport.fi\/sv\/webbutik\/reservdelar\/bromsar\/linor-skivor-och-andra-bromsdelar\/shimano-v-brake-br-t4000-set-taka-musta\/","og_site_name":"VM Sport","article_publisher":"https:\/\/www.facebook.com\/Vmsport.fi\/","article_modified_time":"2026-04-22T12:08:33+00:00","og_image":[{"width":572,"height":572,"url":"https:\/\/vmsport.fi\/wp-content\/uploads\/2025\/03\/P-BR-T4000-3114-1-jpg-thumb-572-572-3-1.png","type":"image\/png"}],"twitter_card":"summary_large_image","schema":{"@context":"https:\/\/schema.org","@graph":[{"@type":["WebPage","ItemPage"],"@id":"https:\/\/vmsport.fi\/verkkokauppa\/varaosat\/jarrut\/vaijerit-kuoret-ja-muut-jarruosat\/shimano-v-brake-br-t4000-set-taka-musta\/","url":"https:\/\/vmsport.fi\/verkkokauppa\/varaosat\/jarrut\/vaijerit-kuoret-ja-muut-jarruosat\/shimano-v-brake-br-t4000-set-taka-musta\/","name":"SHIMANO V-BRAKE BR-T4000-SET Taka Musta - VM Sport","isPartOf":{"@id":"https:\/\/vmsport.fi\/#website"},"primaryImageOfPage":{"@id":"https:\/\/vmsport.fi\/verkkokauppa\/varaosat\/jarrut\/vaijerit-kuoret-ja-muut-jarruosat\/shimano-v-brake-br-t4000-set-taka-musta\/#primaryimage"},"image":{"@id":"https:\/\/vmsport.fi\/verkkokauppa\/varaosat\/jarrut\/vaijerit-kuoret-ja-muut-jarruosat\/shimano-v-brake-br-t4000-set-taka-musta\/#primaryimage"},"thumbnailUrl":"https:\/\/vmsport.fi\/wp-content\/uploads\/2025\/03\/P-BR-T4000-3114-1-jpg-thumb-572-572-3-1.png","datePublished":"2025-03-05T21:39:20+00:00","dateModified":"2026-04-22T12:08:33+00:00","breadcrumb":{"@id":"https:\/\/vmsport.fi\/verkkokauppa\/varaosat\/jarrut\/vaijerit-kuoret-ja-muut-jarruosat\/shimano-v-brake-br-t4000-set-taka-musta\/#breadcrumb"},"inLanguage":"sv-SE","potentialAction":[{"@type":"ReadAction","target":["https:\/\/vmsport.fi\/verkkokauppa\/varaosat\/jarrut\/vaijerit-kuoret-ja-muut-jarruosat\/shimano-v-brake-br-t4000-set-taka-musta\/"]}]},{"@type":"ImageObject","inLanguage":"sv-SE","@id":"https:\/\/vmsport.fi\/verkkokauppa\/varaosat\/jarrut\/vaijerit-kuoret-ja-muut-jarruosat\/shimano-v-brake-br-t4000-set-taka-musta\/#primaryimage","url":"https:\/\/vmsport.fi\/wp-content\/uploads\/2025\/03\/P-BR-T4000-3114-1-jpg-thumb-572-572-3-1.png","contentUrl":"https:\/\/vmsport.fi\/wp-content\/uploads\/2025\/03\/P-BR-T4000-3114-1-jpg-thumb-572-572-3-1.png","width":572,"height":572,"caption":"P-BR-T4000-3114-1-jpg-thumb-572-572-3"},{"@type":"BreadcrumbList","@id":"https:\/\/vmsport.fi\/verkkokauppa\/varaosat\/jarrut\/vaijerit-kuoret-ja-muut-jarruosat\/shimano-v-brake-br-t4000-set-taka-musta\/#breadcrumb","itemListElement":[{"@type":"ListItem","position":1,"name":"Etusivu","item":"https:\/\/vmsport.fi\/"},{"@type":"ListItem","position":2,"name":"Online Store","item":"https:\/\/vmsport.fi\/en\/online-store\/"},{"@type":"ListItem","position":3,"name":"SHIMANO V-BRAKE BR-T4000-SET Taka Musta"}]},{"@type":"WebSite","@id":"https:\/\/vmsport.fi\/#website","url":"https:\/\/vmsport.fi\/","name":"Vmsport","description":"Allt p\u00e5 ett st\u00e4lle f\u00f6r cykling","publisher":{"@id":"https:\/\/vmsport.fi\/#organization"},"potentialAction":[{"@type":"SearchAction","target":{"@type":"EntryPoint","urlTemplate":"https:\/\/vmsport.fi\/?s={search_term_string}"},"query-input":{"@type":"PropertyValueSpecification","valueRequired":true,"valueName":"search_term_string"}}],"inLanguage":"sv-SE"},{"@type":"Organization","@id":"https:\/\/vmsport.fi\/#organization","name":"Vmsport","url":"https:\/\/vmsport.fi\/","logo":{"@type":"ImageObject","inLanguage":"sv-SE","@id":"https:\/\/vmsport.fi\/#\/schema\/logo\/image\/","url":"https:\/\/vmsport.fi\/wp-content\/uploads\/2024\/12\/vm_sport_RGB_horisontal-e1734526017575.png","contentUrl":"https:\/\/vmsport.fi\/wp-content\/uploads\/2024\/12\/vm_sport_RGB_horisontal-e1734526017575.png","width":668,"height":85,"caption":"Vmsport"},"image":{"@id":"https:\/\/vmsport.fi\/#\/schema\/logo\/image\/"},"sameAs":["https:\/\/www.facebook.com\/Vmsport.fi\/","https:\/\/www.instagram.com\/vmsport\/"]}]}},"global_unique_id":"","_links":{"self":[{"href":"https:\/\/vmsport.fi\/sv\/wp-json\/wp\/v2\/product\/53295","targetHints":{"allow":["GET"]}}],"collection":[{"href":"https:\/\/vmsport.fi\/sv\/wp-json\/wp\/v2\/product"}],"about":[{"href":"https:\/\/vmsport.fi\/sv\/wp-json\/wp\/v2\/types\/product"}],"replies":[{"embeddable":true,"href":"https:\/\/vmsport.fi\/sv\/wp-json\/wp\/v2\/comments?post=53295"}],"wp:featuredmedia":[{"embeddable":true,"href":"https:\/\/vmsport.fi\/sv\/wp-json\/wp\/v2\/media\/53294"}],"wp:attachment":[{"href":"https:\/\/vmsport.fi\/sv\/wp-json\/wp\/v2\/media?parent=53295"}],"wp:term":[{"taxonomy":"product_brand","embeddable":true,"href":"https:\/\/vmsport.fi\/sv\/wp-json\/wp\/v2\/product_brand?post=53295"},{"taxonomy":"product_model","embeddable":true,"href":"https:\/\/vmsport.fi\/sv\/wp-json\/wp\/v2\/product_model?post=53295"},{"taxonomy":"product_cat","embeddable":true,"href":"https:\/\/vmsport.fi\/sv\/wp-json\/wp\/v2\/product_cat?post=53295"},{"taxonomy":"product_tag","embeddable":true,"href":"https:\/\/vmsport.fi\/sv\/wp-json\/wp\/v2\/product_tag?post=53295"},{"taxonomy":"industry_terminology","embeddable":true,"href":"https:\/\/vmsport.fi\/sv\/wp-json\/wp\/v2\/industry-terminology?post=53295"}],"curies":[{"name":"wp","href":"https:\/\/api.w.org\/{rel}","templated":true}]}}