{"id":53291,"date":"2025-03-05T23:39:18","date_gmt":"2025-03-05T21:39:18","guid":{"rendered":"https:\/\/vmsport.fi\/verkkokauppa\/Ei-luokiteltu\/muc-off-e-bike-wet-lube-50-ml\/"},"modified":"2026-03-30T11:00:44","modified_gmt":"2026-03-30T08:00:44","slug":"muc-off-e-bike-wet-lube-50-ml","status":"publish","type":"product","link":"https:\/\/vmsport.fi\/sv\/verkkokauppa\/tarvikkeet\/huolto-ja-pesu\/voiteluaineet\/muc-off-e-bike-wet-lube-50-ml\/","title":{"rendered":"MUC-OFF E-Bike Wet Lube 50 ml"},"content":{"rendered":"<p>MUC-OFF E-Bike Wet Lube 50 ml on kehitetty erityisesti kest\u00e4m\u00e4\u00e4n s\u00e4hk\u00f6py\u00f6rien suuret v\u00e4\u00e4nt\u00f6momentit ja vaativat k\u00e4ytt\u00f6olosuhteet. Se sis\u00e4lt\u00e4\u00e4 innovatiivisen keraamisen pinnoitteen, joka tarjoaa erinomaisen voitelun ja kest\u00e4vyyden. Boron-nitridiyhdisteet v\u00e4hent\u00e4v\u00e4t kitkaa merkitt\u00e4v\u00e4sti, mik\u00e4 parantaa voimansiirron tehokkuutta ja varmistaa huippuluokan suorituskyvyn kosteissa ja ankarissa s\u00e4\u00e4olosuhteissa. K\u00e4ytt\u00f6l\u00e4mp\u00f6tiloihin mukautuvat lis\u00e4aineet parantavat tehokkuutta ja tarjoavat suojan kovassa kuormituksessa.<\/p>\n<p>T\u00e4m\u00e4 biologisesti hajoava voiteluaine valmistetaan uusiutuvista l\u00e4hteist\u00e4 ja luonnon raaka-aineista, mik\u00e4 pienent\u00e4\u00e4 ymp\u00e4rist\u00f6vaikutusta samalla s\u00e4ilytt\u00e4en loistavat voiteluominaisuudet. Kasvi\u00f6ljypohjaisuuden ansiosta tuote edist\u00e4\u00e4 ekosysteemin suojelua. Sen vedenkest\u00e4vyys tekee siit\u00e4 t\u00e4ydellisen m\u00e4rkiin ja mutaisiin ajo-olosuhteisiin, hylkien vett\u00e4 ja varmistaen pehme\u00e4t vaihteenvaihdot.<\/p>\n<p>K\u00e4tev\u00e4n pipettiannostelijan ansiosta voiteluaine on helppo levitt\u00e4\u00e4 tarkasti ilman hukkaa. Integroitu UV-v\u00e4riaine auttaa annostelemaan sopivan m\u00e4\u00e4r\u00e4n ainetta. Sopii monenlaisiin py\u00f6riin, kuten maastopy\u00f6riin, maantiepy\u00f6riin ja cyclocross-py\u00f6riin, monipuolisesti parantaen niiden suorituskyky\u00e4. T\u00e4m\u00e4 voiteluaine pident\u00e4\u00e4 py\u00f6r\u00e4n ketjujen ja muiden osien k\u00e4ytt\u00f6ik\u00e4\u00e4, tarjoten laadukkaan ja pitk\u00e4kestoisen suojan.<\/p>","protected":false},"excerpt":{"rendered":"<p>MUC-OFF E-Bike Wet Lube 50 ml on kehitetty erityisesti kest\u00e4m\u00e4\u00e4n s\u00e4hk\u00f6py\u00f6rien suuret v\u00e4\u00e4nt\u00f6momentit ja vaativat k\u00e4ytt\u00f6olosuhteet. Se sis\u00e4lt\u00e4\u00e4 innovatiivisen keraamisen pinnoitteen, joka tarjoaa erinomaisen voitelun ja kest\u00e4vyyden. Boron-nitridiyhdisteet v\u00e4hent\u00e4v\u00e4t kitkaa merkitt\u00e4v\u00e4sti, mik\u00e4 parantaa voimansiirron tehokkuutta ja varmistaa huippuluokan suorituskyvyn kosteissa ja ankarissa s\u00e4\u00e4olosuhteissa. K\u00e4ytt\u00f6l\u00e4mp\u00f6tiloihin mukautuvat lis\u00e4aineet parantavat tehokkuutta ja tarjoavat suojan kovassa kuormituksessa. T\u00e4m\u00e4 biologisesti [&#8230;]<\/p>\n<p><a class=\"btn btn-secondary understrap-read-more-link\" href=\"https:\/\/vmsport.fi\/sv\/verkkokauppa\/tarvikkeet\/huolto-ja-pesu\/voiteluaineet\/muc-off-e-bike-wet-lube-50-ml\/\">L\u00e4s mer \u2026<span class=\"screen-reader-text\"> from MUC-OFF E-Bike Wet Lube 50 ml<\/span><\/a><\/p>\n","protected":false},"featured_media":53290,"comment_status":"open","ping_status":"closed","template":"","meta":{"_acf_changed":false,"_improvement_type_select":"improve_an_existing","_thumb_yes_seoaic":false,"_frame_yes_seoaic":false,"seoaic_generate_description":"","seoaic_improve_instructions_prompt":"","seoaic_rollback_content_improvement":"","seoaic_idea_thumbnail_generator":"","thumbnail_generated":false,"thumbnail_generate_prompt":"","seoaic_article_description":"","_supplier_stock_quantity":0},"product_brand":[1584],"product_model":[],"product_cat":[9362],"product_tag":[],"industry-terminology":[],"class_list":{"0":"post-53291","1":"product","2":"type-product","3":"status-publish","4":"has-post-thumbnail","6":"product_brand-muc-off","7":"product_cat-voiteluaineet","9":"first","10":"instock","11":"taxable","12":"shipping-taxable","13":"purchasable","14":"product-type-simple"},"acf":{"bike_features":null,"overview":{"copy_overview":null,"key_features":null,"statement":"","youtube_url":""}},"yoast_head":"<!-- This site is optimized with the Yoast SEO plugin v27.3 - https:\/\/yoast.com\/product\/yoast-seo-wordpress\/ -->\n<title>MUC-OFF E-Bike Wet Lube 50 ml - VM Sport<\/title>\n<meta name=\"robots\" content=\"index, follow, max-snippet:-1, max-image-preview:large, max-video-preview:-1\" \/>\n<link rel=\"canonical\" href=\"https:\/\/vmsport.fi\/sv\/webbutik\/tillbehor\/underhall-och-tvatt\/smorjmedel\/muc-off-e-bike-wet-lube-50-ml\/\" \/>\n<meta property=\"og:locale\" content=\"sv_SE\" \/>\n<meta property=\"og:type\" content=\"article\" \/>\n<meta property=\"og:title\" content=\"MUC-OFF E-Bike Wet Lube 50 ml - VM Sport\" \/>\n<meta property=\"og:description\" content=\"MUC-OFF E-Bike Wet Lube 50 ml on kehitetty erityisesti kest\u00e4m\u00e4\u00e4n s\u00e4hk\u00f6py\u00f6rien suuret v\u00e4\u00e4nt\u00f6momentit ja vaativat k\u00e4ytt\u00f6olosuhteet. Se sis\u00e4lt\u00e4\u00e4 innovatiivisen keraamisen pinnoitteen, joka tarjoaa erinomaisen voitelun ja kest\u00e4vyyden. Boron-nitridiyhdisteet v\u00e4hent\u00e4v\u00e4t kitkaa merkitt\u00e4v\u00e4sti, mik\u00e4 parantaa voimansiirron tehokkuutta ja varmistaa huippuluokan suorituskyvyn kosteissa ja ankarissa s\u00e4\u00e4olosuhteissa. K\u00e4ytt\u00f6l\u00e4mp\u00f6tiloihin mukautuvat lis\u00e4aineet parantavat tehokkuutta ja tarjoavat suojan kovassa kuormituksessa. T\u00e4m\u00e4 biologisesti [...]L\u00e4s mer \u2026 from MUC-OFF E-Bike Wet Lube 50 ml\" \/>\n<meta property=\"og:url\" content=\"https:\/\/vmsport.fi\/sv\/webbutik\/tillbehor\/underhall-och-tvatt\/smorjmedel\/muc-off-e-bike-wet-lube-50-ml\/\" \/>\n<meta property=\"og:site_name\" content=\"VM Sport\" \/>\n<meta property=\"article:publisher\" content=\"https:\/\/www.facebook.com\/Vmsport.fi\/\" \/>\n<meta property=\"article:modified_time\" content=\"2026-03-30T08:00:44+00:00\" \/>\n<meta property=\"og:image\" content=\"https:\/\/vmsport.fi\/wp-content\/uploads\/2025\/03\/cDhMMXYYSYH5PVCcv6LbyHWv5zeMkpxXrewjyvd9H20Kydyq0O-1.jpg\" \/>\n\t<meta property=\"og:image:width\" content=\"270\" \/>\n\t<meta property=\"og:image:height\" content=\"691\" \/>\n\t<meta property=\"og:image:type\" content=\"image\/jpeg\" \/>\n<meta name=\"twitter:card\" content=\"summary_large_image\" \/>\n<meta name=\"twitter:label1\" content=\"Ber\u00e4knad l\u00e4stid\" \/>\n\t<meta name=\"twitter:data1\" content=\"1 minut\" \/>\n<script type=\"application\/ld+json\" class=\"yoast-schema-graph\">{\"@context\":\"https:\\\/\\\/schema.org\",\"@graph\":[{\"@type\":[\"WebPage\",\"ItemPage\"],\"@id\":\"https:\\\/\\\/vmsport.fi\\\/verkkokauppa\\\/tarvikkeet\\\/huolto-ja-pesu\\\/voiteluaineet\\\/muc-off-e-bike-wet-lube-50-ml\\\/\",\"url\":\"https:\\\/\\\/vmsport.fi\\\/verkkokauppa\\\/tarvikkeet\\\/huolto-ja-pesu\\\/voiteluaineet\\\/muc-off-e-bike-wet-lube-50-ml\\\/\",\"name\":\"MUC-OFF E-Bike Wet Lube 50 ml - VM Sport\",\"isPartOf\":{\"@id\":\"https:\\\/\\\/vmsport.fi\\\/#website\"},\"primaryImageOfPage\":{\"@id\":\"https:\\\/\\\/vmsport.fi\\\/verkkokauppa\\\/tarvikkeet\\\/huolto-ja-pesu\\\/voiteluaineet\\\/muc-off-e-bike-wet-lube-50-ml\\\/#primaryimage\"},\"image\":{\"@id\":\"https:\\\/\\\/vmsport.fi\\\/verkkokauppa\\\/tarvikkeet\\\/huolto-ja-pesu\\\/voiteluaineet\\\/muc-off-e-bike-wet-lube-50-ml\\\/#primaryimage\"},\"thumbnailUrl\":\"https:\\\/\\\/vmsport.fi\\\/wp-content\\\/uploads\\\/2025\\\/03\\\/cDhMMXYYSYH5PVCcv6LbyHWv5zeMkpxXrewjyvd9H20Kydyq0O-1.jpg\",\"datePublished\":\"2025-03-05T21:39:18+00:00\",\"dateModified\":\"2026-03-30T08:00:44+00:00\",\"breadcrumb\":{\"@id\":\"https:\\\/\\\/vmsport.fi\\\/verkkokauppa\\\/tarvikkeet\\\/huolto-ja-pesu\\\/voiteluaineet\\\/muc-off-e-bike-wet-lube-50-ml\\\/#breadcrumb\"},\"inLanguage\":\"sv-SE\",\"potentialAction\":[{\"@type\":\"ReadAction\",\"target\":[\"https:\\\/\\\/vmsport.fi\\\/verkkokauppa\\\/tarvikkeet\\\/huolto-ja-pesu\\\/voiteluaineet\\\/muc-off-e-bike-wet-lube-50-ml\\\/\"]}]},{\"@type\":\"ImageObject\",\"inLanguage\":\"sv-SE\",\"@id\":\"https:\\\/\\\/vmsport.fi\\\/verkkokauppa\\\/tarvikkeet\\\/huolto-ja-pesu\\\/voiteluaineet\\\/muc-off-e-bike-wet-lube-50-ml\\\/#primaryimage\",\"url\":\"https:\\\/\\\/vmsport.fi\\\/wp-content\\\/uploads\\\/2025\\\/03\\\/cDhMMXYYSYH5PVCcv6LbyHWv5zeMkpxXrewjyvd9H20Kydyq0O-1.jpg\",\"contentUrl\":\"https:\\\/\\\/vmsport.fi\\\/wp-content\\\/uploads\\\/2025\\\/03\\\/cDhMMXYYSYH5PVCcv6LbyHWv5zeMkpxXrewjyvd9H20Kydyq0O-1.jpg\",\"width\":270,\"height\":691,\"caption\":\"cDhMMXYYSYH5PVCcv6LbyHWv5zeMkpxXrewjyvd9H20Kydyq0O\"},{\"@type\":\"BreadcrumbList\",\"@id\":\"https:\\\/\\\/vmsport.fi\\\/verkkokauppa\\\/tarvikkeet\\\/huolto-ja-pesu\\\/voiteluaineet\\\/muc-off-e-bike-wet-lube-50-ml\\\/#breadcrumb\",\"itemListElement\":[{\"@type\":\"ListItem\",\"position\":1,\"name\":\"Etusivu\",\"item\":\"https:\\\/\\\/vmsport.fi\\\/\"},{\"@type\":\"ListItem\",\"position\":2,\"name\":\"Online Store\",\"item\":\"https:\\\/\\\/vmsport.fi\\\/en\\\/online-store\\\/\"},{\"@type\":\"ListItem\",\"position\":3,\"name\":\"MUC-OFF E-Bike Wet Lube 50 ml\"}]},{\"@type\":\"WebSite\",\"@id\":\"https:\\\/\\\/vmsport.fi\\\/#website\",\"url\":\"https:\\\/\\\/vmsport.fi\\\/\",\"name\":\"Vmsport\",\"description\":\"Kaikki py\u00f6r\u00e4ilyyn yhdest\u00e4 paikasta\",\"publisher\":{\"@id\":\"https:\\\/\\\/vmsport.fi\\\/#organization\"},\"potentialAction\":[{\"@type\":\"SearchAction\",\"target\":{\"@type\":\"EntryPoint\",\"urlTemplate\":\"https:\\\/\\\/vmsport.fi\\\/?s={search_term_string}\"},\"query-input\":{\"@type\":\"PropertyValueSpecification\",\"valueRequired\":true,\"valueName\":\"search_term_string\"}}],\"inLanguage\":\"sv-SE\"},{\"@type\":\"Organization\",\"@id\":\"https:\\\/\\\/vmsport.fi\\\/#organization\",\"name\":\"Vmsport\",\"url\":\"https:\\\/\\\/vmsport.fi\\\/\",\"logo\":{\"@type\":\"ImageObject\",\"inLanguage\":\"sv-SE\",\"@id\":\"https:\\\/\\\/vmsport.fi\\\/#\\\/schema\\\/logo\\\/image\\\/\",\"url\":\"https:\\\/\\\/vmsport.fi\\\/wp-content\\\/uploads\\\/2024\\\/12\\\/vm_sport_RGB_horisontal-e1734526017575.png\",\"contentUrl\":\"https:\\\/\\\/vmsport.fi\\\/wp-content\\\/uploads\\\/2024\\\/12\\\/vm_sport_RGB_horisontal-e1734526017575.png\",\"width\":668,\"height\":85,\"caption\":\"Vmsport\"},\"image\":{\"@id\":\"https:\\\/\\\/vmsport.fi\\\/#\\\/schema\\\/logo\\\/image\\\/\"},\"sameAs\":[\"https:\\\/\\\/www.facebook.com\\\/Vmsport.fi\\\/\",\"https:\\\/\\\/www.instagram.com\\\/vmsport\\\/\"]}]}<\/script>\n<!-- \/ Yoast SEO plugin. -->","yoast_head_json":{"title":"MUC-OFF E-Bike Wet Lube 50 ml - VM Sport","robots":{"index":"index","follow":"follow","max-snippet":"max-snippet:-1","max-image-preview":"max-image-preview:large","max-video-preview":"max-video-preview:-1"},"canonical":"https:\/\/vmsport.fi\/sv\/webbutik\/tillbehor\/underhall-och-tvatt\/smorjmedel\/muc-off-e-bike-wet-lube-50-ml\/","og_locale":"sv_SE","og_type":"article","og_title":"MUC-OFF E-Bike Wet Lube 50 ml - VM Sport","og_description":"MUC-OFF E-Bike Wet Lube 50 ml on kehitetty erityisesti kest\u00e4m\u00e4\u00e4n s\u00e4hk\u00f6py\u00f6rien suuret v\u00e4\u00e4nt\u00f6momentit ja vaativat k\u00e4ytt\u00f6olosuhteet. Se sis\u00e4lt\u00e4\u00e4 innovatiivisen keraamisen pinnoitteen, joka tarjoaa erinomaisen voitelun ja kest\u00e4vyyden. Boron-nitridiyhdisteet v\u00e4hent\u00e4v\u00e4t kitkaa merkitt\u00e4v\u00e4sti, mik\u00e4 parantaa voimansiirron tehokkuutta ja varmistaa huippuluokan suorituskyvyn kosteissa ja ankarissa s\u00e4\u00e4olosuhteissa. K\u00e4ytt\u00f6l\u00e4mp\u00f6tiloihin mukautuvat lis\u00e4aineet parantavat tehokkuutta ja tarjoavat suojan kovassa kuormituksessa. T\u00e4m\u00e4 biologisesti [...]L\u00e4s mer \u2026 from MUC-OFF E-Bike Wet Lube 50 ml","og_url":"https:\/\/vmsport.fi\/sv\/webbutik\/tillbehor\/underhall-och-tvatt\/smorjmedel\/muc-off-e-bike-wet-lube-50-ml\/","og_site_name":"VM Sport","article_publisher":"https:\/\/www.facebook.com\/Vmsport.fi\/","article_modified_time":"2026-03-30T08:00:44+00:00","og_image":[{"width":270,"height":691,"url":"https:\/\/vmsport.fi\/wp-content\/uploads\/2025\/03\/cDhMMXYYSYH5PVCcv6LbyHWv5zeMkpxXrewjyvd9H20Kydyq0O-1.jpg","type":"image\/jpeg"}],"twitter_card":"summary_large_image","twitter_misc":{"Ber\u00e4knad l\u00e4stid":"1 minut"},"schema":{"@context":"https:\/\/schema.org","@graph":[{"@type":["WebPage","ItemPage"],"@id":"https:\/\/vmsport.fi\/verkkokauppa\/tarvikkeet\/huolto-ja-pesu\/voiteluaineet\/muc-off-e-bike-wet-lube-50-ml\/","url":"https:\/\/vmsport.fi\/verkkokauppa\/tarvikkeet\/huolto-ja-pesu\/voiteluaineet\/muc-off-e-bike-wet-lube-50-ml\/","name":"MUC-OFF E-Bike Wet Lube 50 ml - VM Sport","isPartOf":{"@id":"https:\/\/vmsport.fi\/#website"},"primaryImageOfPage":{"@id":"https:\/\/vmsport.fi\/verkkokauppa\/tarvikkeet\/huolto-ja-pesu\/voiteluaineet\/muc-off-e-bike-wet-lube-50-ml\/#primaryimage"},"image":{"@id":"https:\/\/vmsport.fi\/verkkokauppa\/tarvikkeet\/huolto-ja-pesu\/voiteluaineet\/muc-off-e-bike-wet-lube-50-ml\/#primaryimage"},"thumbnailUrl":"https:\/\/vmsport.fi\/wp-content\/uploads\/2025\/03\/cDhMMXYYSYH5PVCcv6LbyHWv5zeMkpxXrewjyvd9H20Kydyq0O-1.jpg","datePublished":"2025-03-05T21:39:18+00:00","dateModified":"2026-03-30T08:00:44+00:00","breadcrumb":{"@id":"https:\/\/vmsport.fi\/verkkokauppa\/tarvikkeet\/huolto-ja-pesu\/voiteluaineet\/muc-off-e-bike-wet-lube-50-ml\/#breadcrumb"},"inLanguage":"sv-SE","potentialAction":[{"@type":"ReadAction","target":["https:\/\/vmsport.fi\/verkkokauppa\/tarvikkeet\/huolto-ja-pesu\/voiteluaineet\/muc-off-e-bike-wet-lube-50-ml\/"]}]},{"@type":"ImageObject","inLanguage":"sv-SE","@id":"https:\/\/vmsport.fi\/verkkokauppa\/tarvikkeet\/huolto-ja-pesu\/voiteluaineet\/muc-off-e-bike-wet-lube-50-ml\/#primaryimage","url":"https:\/\/vmsport.fi\/wp-content\/uploads\/2025\/03\/cDhMMXYYSYH5PVCcv6LbyHWv5zeMkpxXrewjyvd9H20Kydyq0O-1.jpg","contentUrl":"https:\/\/vmsport.fi\/wp-content\/uploads\/2025\/03\/cDhMMXYYSYH5PVCcv6LbyHWv5zeMkpxXrewjyvd9H20Kydyq0O-1.jpg","width":270,"height":691,"caption":"cDhMMXYYSYH5PVCcv6LbyHWv5zeMkpxXrewjyvd9H20Kydyq0O"},{"@type":"BreadcrumbList","@id":"https:\/\/vmsport.fi\/verkkokauppa\/tarvikkeet\/huolto-ja-pesu\/voiteluaineet\/muc-off-e-bike-wet-lube-50-ml\/#breadcrumb","itemListElement":[{"@type":"ListItem","position":1,"name":"Etusivu","item":"https:\/\/vmsport.fi\/"},{"@type":"ListItem","position":2,"name":"Online Store","item":"https:\/\/vmsport.fi\/en\/online-store\/"},{"@type":"ListItem","position":3,"name":"MUC-OFF E-Bike Wet Lube 50 ml"}]},{"@type":"WebSite","@id":"https:\/\/vmsport.fi\/#website","url":"https:\/\/vmsport.fi\/","name":"Vmsport","description":"Allt p\u00e5 ett st\u00e4lle f\u00f6r cykling","publisher":{"@id":"https:\/\/vmsport.fi\/#organization"},"potentialAction":[{"@type":"SearchAction","target":{"@type":"EntryPoint","urlTemplate":"https:\/\/vmsport.fi\/?s={search_term_string}"},"query-input":{"@type":"PropertyValueSpecification","valueRequired":true,"valueName":"search_term_string"}}],"inLanguage":"sv-SE"},{"@type":"Organization","@id":"https:\/\/vmsport.fi\/#organization","name":"Vmsport","url":"https:\/\/vmsport.fi\/","logo":{"@type":"ImageObject","inLanguage":"sv-SE","@id":"https:\/\/vmsport.fi\/#\/schema\/logo\/image\/","url":"https:\/\/vmsport.fi\/wp-content\/uploads\/2024\/12\/vm_sport_RGB_horisontal-e1734526017575.png","contentUrl":"https:\/\/vmsport.fi\/wp-content\/uploads\/2024\/12\/vm_sport_RGB_horisontal-e1734526017575.png","width":668,"height":85,"caption":"Vmsport"},"image":{"@id":"https:\/\/vmsport.fi\/#\/schema\/logo\/image\/"},"sameAs":["https:\/\/www.facebook.com\/Vmsport.fi\/","https:\/\/www.instagram.com\/vmsport\/"]}]}},"global_unique_id":"","_links":{"self":[{"href":"https:\/\/vmsport.fi\/sv\/wp-json\/wp\/v2\/product\/53291","targetHints":{"allow":["GET"]}}],"collection":[{"href":"https:\/\/vmsport.fi\/sv\/wp-json\/wp\/v2\/product"}],"about":[{"href":"https:\/\/vmsport.fi\/sv\/wp-json\/wp\/v2\/types\/product"}],"replies":[{"embeddable":true,"href":"https:\/\/vmsport.fi\/sv\/wp-json\/wp\/v2\/comments?post=53291"}],"wp:featuredmedia":[{"embeddable":true,"href":"https:\/\/vmsport.fi\/sv\/wp-json\/wp\/v2\/media\/53290"}],"wp:attachment":[{"href":"https:\/\/vmsport.fi\/sv\/wp-json\/wp\/v2\/media?parent=53291"}],"wp:term":[{"taxonomy":"product_brand","embeddable":true,"href":"https:\/\/vmsport.fi\/sv\/wp-json\/wp\/v2\/product_brand?post=53291"},{"taxonomy":"product_model","embeddable":true,"href":"https:\/\/vmsport.fi\/sv\/wp-json\/wp\/v2\/product_model?post=53291"},{"taxonomy":"product_cat","embeddable":true,"href":"https:\/\/vmsport.fi\/sv\/wp-json\/wp\/v2\/product_cat?post=53291"},{"taxonomy":"product_tag","embeddable":true,"href":"https:\/\/vmsport.fi\/sv\/wp-json\/wp\/v2\/product_tag?post=53291"},{"taxonomy":"industry_terminology","embeddable":true,"href":"https:\/\/vmsport.fi\/sv\/wp-json\/wp\/v2\/industry-terminology?post=53291"}],"curies":[{"name":"wp","href":"https:\/\/api.w.org\/{rel}","templated":true}]}}