{"id":53262,"date":"2025-03-05T23:38:56","date_gmt":"2025-03-05T21:38:56","guid":{"rendered":"https:\/\/vmsport.fi\/verkkokauppa\/Ei-luokiteltu\/levyjarrupalasarja-shimano-xtr-j05a-resin-1-pcs\/"},"modified":"2026-04-22T15:02:26","modified_gmt":"2026-04-22T12:02:26","slug":"skivbromsskivsats-shimano-xtr-j05a-resin-1-st","status":"publish","type":"product","link":"https:\/\/vmsport.fi\/sv\/verkkokauppa\/varaosat\/jarrut\/jarrupalat\/levyjarrupalasarja-shimano-xtr-j05a-resin-1-pcs\/","title":{"rendered":"Skivbromsskivsats Shimano XTR J05A Resin 1 st"},"content":{"rendered":"<p>Shimano XTR J05A Resin skivbromsbel\u00e4gg ger effektiv och tyst bromsning med en ny resinblandning. Dess f\u00f6rb\u00e4ttrade slitstyrka \u00f6vertr\u00e4ffar betydligt tidigare modeller, vilket f\u00f6rl\u00e4nger bromsskivans livsl\u00e4ngd och s\u00e4kerst\u00e4ller tillf\u00f6rlitlig prestanda. Skivbromsbel\u00e4gget har integrerade kylfl\u00e4nsar som minskar f\u00f6rs\u00e4mringen av bromsen och f\u00f6rl\u00e4nger bel\u00e4ggets livsl\u00e4ngd. Den smala designen \u00e4r s\u00e4rskilt l\u00e4mpad f\u00f6r tv\u00e5kolvsok, medan den h\u00e5llbara bakplattan i aluminium s\u00e4kerst\u00e4ller kompatibilitet med hartslegeringar. Detta bromsbel\u00e4gg \u00e4r utformat f\u00f6r anv\u00e4ndning med en rad Shimano-modeller, inklusive XTR-, DEORE XT-, SLX- och CYCLOCROSS-serierna, och \u00e4r ett m\u00e5ngsidigt val f\u00f6r kr\u00e4vande cyklister.<\/p>","protected":false},"excerpt":{"rendered":"<p>Shimano XTR J05A Resin -levyjarrupala tarjoaa tehokkaan ja hiljaisen jarrutuksen uuden hartsiseoksen avulla. Sen parannettu kulutuskest\u00e4vyys ylitt\u00e4\u00e4 merkitt\u00e4v\u00e4sti aiemmat mallit, mik\u00e4 pident\u00e4\u00e4 jarrupalan k\u00e4ytt\u00f6ik\u00e4\u00e4 ja takaa luotettavan suorituskyvyn. Levyjarrupalassa on integroidut j\u00e4\u00e4hdytysrivat, jotka v\u00e4hent\u00e4v\u00e4t jarrujen heikkenemist\u00e4 ja pident\u00e4v\u00e4t palojen k\u00e4ytt\u00f6ik\u00e4\u00e4. Sen kapea muotoilu sopii erityisesti kaksim\u00e4nt\u00e4isiin jarrusatuloihin, ja kest\u00e4v\u00e4 alumiininen taustalevy varmistaa yhteensopivuuden hartsiseosten kanssa. [&#8230;]<\/p>\n<p><a class=\"btn btn-secondary understrap-read-more-link\" href=\"https:\/\/vmsport.fi\/sv\/verkkokauppa\/varaosat\/jarrut\/jarrupalat\/levyjarrupalasarja-shimano-xtr-j05a-resin-1-pcs\/\">L\u00e4s mer \u2026<span class=\"screen-reader-text\"> from Levyjarrupalasarja Shimano XTR J05A Resin 1 pcs<\/span><\/a><\/p>\n","protected":false},"featured_media":53261,"comment_status":"open","ping_status":"closed","template":"","meta":{"_acf_changed":false,"_improvement_type_select":"improve_an_existing","_thumb_yes_seoaic":false,"_frame_yes_seoaic":false,"seoaic_generate_description":"","seoaic_improve_instructions_prompt":"","seoaic_rollback_content_improvement":"","seoaic_idea_thumbnail_generator":"","thumbnail_generated":false,"thumbnail_generate_prompt":"","seoaic_article_description":"","_supplier_stock_quantity":0},"product_brand":[],"product_model":[],"product_cat":[9288],"product_tag":[],"industry-terminology":[],"class_list":{"0":"post-53262","1":"product","2":"type-product","3":"status-publish","4":"has-post-thumbnail","6":"product_cat-jarrupalat","8":"first","9":"outofstock","10":"taxable","11":"shipping-taxable","12":"product-type-simple"},"acf":{"bike_features":null,"overview":{"copy_overview":null,"key_features":null,"statement":"","youtube_url":""}},"yoast_head":"<!-- This site is optimized with the Yoast SEO plugin v27.4 - https:\/\/yoast.com\/product\/yoast-seo-wordpress\/ -->\n<title>Levyjarrupalasarja Shimano XTR J05A Resin 1 pcs - VM Sport<\/title>\n<meta name=\"robots\" content=\"index, follow, max-snippet:-1, max-image-preview:large, max-video-preview:-1\" \/>\n<link rel=\"canonical\" href=\"https:\/\/vmsport.fi\/sv\/webbutik\/reservdelar\/bromsar\/bromsbelagg\/skivbromsskivsats-shimano-xtr-j05a-resin-1-st\/\" \/>\n<meta property=\"og:locale\" content=\"sv_SE\" \/>\n<meta property=\"og:type\" content=\"article\" \/>\n<meta property=\"og:title\" content=\"Levyjarrupalasarja Shimano XTR J05A Resin 1 pcs - VM Sport\" \/>\n<meta property=\"og:description\" content=\"Shimano XTR J05A Resin -levyjarrupala tarjoaa tehokkaan ja hiljaisen jarrutuksen uuden hartsiseoksen avulla. Sen parannettu kulutuskest\u00e4vyys ylitt\u00e4\u00e4 merkitt\u00e4v\u00e4sti aiemmat mallit, mik\u00e4 pident\u00e4\u00e4 jarrupalan k\u00e4ytt\u00f6ik\u00e4\u00e4 ja takaa luotettavan suorituskyvyn. Levyjarrupalassa on integroidut j\u00e4\u00e4hdytysrivat, jotka v\u00e4hent\u00e4v\u00e4t jarrujen heikkenemist\u00e4 ja pident\u00e4v\u00e4t palojen k\u00e4ytt\u00f6ik\u00e4\u00e4. Sen kapea muotoilu sopii erityisesti kaksim\u00e4nt\u00e4isiin jarrusatuloihin, ja kest\u00e4v\u00e4 alumiininen taustalevy varmistaa yhteensopivuuden hartsiseosten kanssa. [...]L\u00e4s mer \u2026 from Levyjarrupalasarja Shimano XTR J05A Resin 1 pcs\" \/>\n<meta property=\"og:url\" content=\"https:\/\/vmsport.fi\/sv\/webbutik\/reservdelar\/bromsar\/bromsbelagg\/skivbromsskivsats-shimano-xtr-j05a-resin-1-st\/\" \/>\n<meta property=\"og:site_name\" content=\"VM Sport\" \/>\n<meta property=\"article:publisher\" content=\"https:\/\/www.facebook.com\/Vmsport.fi\/\" \/>\n<meta property=\"article:modified_time\" content=\"2026-04-22T12:02:26+00:00\" \/>\n<meta property=\"og:image\" content=\"https:\/\/vmsport.fi\/wp-content\/uploads\/2025\/03\/j8Uvbhbt2OQjTVBmCEWF1AssKKM6RWYFW8Uo29zUt70eeiF8qJ-1.jpg\" \/>\n\t<meta property=\"og:image:width\" content=\"600\" \/>\n\t<meta property=\"og:image:height\" content=\"600\" \/>\n\t<meta property=\"og:image:type\" content=\"image\/jpeg\" \/>\n<meta name=\"twitter:card\" content=\"summary_large_image\" \/>\n<meta name=\"twitter:label1\" content=\"Ber\u00e4knad l\u00e4stid\" \/>\n\t<meta name=\"twitter:data1\" content=\"1 minut\" \/>\n<script type=\"application\/ld+json\" class=\"yoast-schema-graph\">{\"@context\":\"https:\\\/\\\/schema.org\",\"@graph\":[{\"@type\":[\"WebPage\",\"ItemPage\"],\"@id\":\"https:\\\/\\\/vmsport.fi\\\/verkkokauppa\\\/varaosat\\\/jarrut\\\/jarrupalat\\\/levyjarrupalasarja-shimano-xtr-j05a-resin-1-pcs\\\/\",\"url\":\"https:\\\/\\\/vmsport.fi\\\/verkkokauppa\\\/varaosat\\\/jarrut\\\/jarrupalat\\\/levyjarrupalasarja-shimano-xtr-j05a-resin-1-pcs\\\/\",\"name\":\"Levyjarrupalasarja Shimano XTR J05A Resin 1 pcs - VM Sport\",\"isPartOf\":{\"@id\":\"https:\\\/\\\/vmsport.fi\\\/#website\"},\"primaryImageOfPage\":{\"@id\":\"https:\\\/\\\/vmsport.fi\\\/verkkokauppa\\\/varaosat\\\/jarrut\\\/jarrupalat\\\/levyjarrupalasarja-shimano-xtr-j05a-resin-1-pcs\\\/#primaryimage\"},\"image\":{\"@id\":\"https:\\\/\\\/vmsport.fi\\\/verkkokauppa\\\/varaosat\\\/jarrut\\\/jarrupalat\\\/levyjarrupalasarja-shimano-xtr-j05a-resin-1-pcs\\\/#primaryimage\"},\"thumbnailUrl\":\"https:\\\/\\\/vmsport.fi\\\/wp-content\\\/uploads\\\/2025\\\/03\\\/j8Uvbhbt2OQjTVBmCEWF1AssKKM6RWYFW8Uo29zUt70eeiF8qJ-1.jpg\",\"datePublished\":\"2025-03-05T21:38:56+00:00\",\"dateModified\":\"2026-04-22T12:02:26+00:00\",\"breadcrumb\":{\"@id\":\"https:\\\/\\\/vmsport.fi\\\/verkkokauppa\\\/varaosat\\\/jarrut\\\/jarrupalat\\\/levyjarrupalasarja-shimano-xtr-j05a-resin-1-pcs\\\/#breadcrumb\"},\"inLanguage\":\"sv-SE\",\"potentialAction\":[{\"@type\":\"ReadAction\",\"target\":[\"https:\\\/\\\/vmsport.fi\\\/verkkokauppa\\\/varaosat\\\/jarrut\\\/jarrupalat\\\/levyjarrupalasarja-shimano-xtr-j05a-resin-1-pcs\\\/\"]}]},{\"@type\":\"ImageObject\",\"inLanguage\":\"sv-SE\",\"@id\":\"https:\\\/\\\/vmsport.fi\\\/verkkokauppa\\\/varaosat\\\/jarrut\\\/jarrupalat\\\/levyjarrupalasarja-shimano-xtr-j05a-resin-1-pcs\\\/#primaryimage\",\"url\":\"https:\\\/\\\/vmsport.fi\\\/wp-content\\\/uploads\\\/2025\\\/03\\\/j8Uvbhbt2OQjTVBmCEWF1AssKKM6RWYFW8Uo29zUt70eeiF8qJ-1.jpg\",\"contentUrl\":\"https:\\\/\\\/vmsport.fi\\\/wp-content\\\/uploads\\\/2025\\\/03\\\/j8Uvbhbt2OQjTVBmCEWF1AssKKM6RWYFW8Uo29zUt70eeiF8qJ-1.jpg\",\"width\":600,\"height\":600,\"caption\":\"j8Uvbhbt2OQjTVBmCEWF1AssKKM6RWYFW8Uo29zUt70eeiF8qJ\"},{\"@type\":\"BreadcrumbList\",\"@id\":\"https:\\\/\\\/vmsport.fi\\\/verkkokauppa\\\/varaosat\\\/jarrut\\\/jarrupalat\\\/levyjarrupalasarja-shimano-xtr-j05a-resin-1-pcs\\\/#breadcrumb\",\"itemListElement\":[{\"@type\":\"ListItem\",\"position\":1,\"name\":\"Etusivu\",\"item\":\"https:\\\/\\\/vmsport.fi\\\/\"},{\"@type\":\"ListItem\",\"position\":2,\"name\":\"Online Store\",\"item\":\"https:\\\/\\\/vmsport.fi\\\/en\\\/online-store\\\/\"},{\"@type\":\"ListItem\",\"position\":3,\"name\":\"Levyjarrupalasarja Shimano XTR J05A Resin 1 pcs\"}]},{\"@type\":\"WebSite\",\"@id\":\"https:\\\/\\\/vmsport.fi\\\/#website\",\"url\":\"https:\\\/\\\/vmsport.fi\\\/\",\"name\":\"Vmsport\",\"description\":\"Kaikki py\u00f6r\u00e4ilyyn yhdest\u00e4 paikasta\",\"publisher\":{\"@id\":\"https:\\\/\\\/vmsport.fi\\\/#organization\"},\"potentialAction\":[{\"@type\":\"SearchAction\",\"target\":{\"@type\":\"EntryPoint\",\"urlTemplate\":\"https:\\\/\\\/vmsport.fi\\\/?s={search_term_string}\"},\"query-input\":{\"@type\":\"PropertyValueSpecification\",\"valueRequired\":true,\"valueName\":\"search_term_string\"}}],\"inLanguage\":\"sv-SE\"},{\"@type\":\"Organization\",\"@id\":\"https:\\\/\\\/vmsport.fi\\\/#organization\",\"name\":\"Vmsport\",\"url\":\"https:\\\/\\\/vmsport.fi\\\/\",\"logo\":{\"@type\":\"ImageObject\",\"inLanguage\":\"sv-SE\",\"@id\":\"https:\\\/\\\/vmsport.fi\\\/#\\\/schema\\\/logo\\\/image\\\/\",\"url\":\"https:\\\/\\\/vmsport.fi\\\/wp-content\\\/uploads\\\/2024\\\/12\\\/vm_sport_RGB_horisontal-e1734526017575.png\",\"contentUrl\":\"https:\\\/\\\/vmsport.fi\\\/wp-content\\\/uploads\\\/2024\\\/12\\\/vm_sport_RGB_horisontal-e1734526017575.png\",\"width\":668,\"height\":85,\"caption\":\"Vmsport\"},\"image\":{\"@id\":\"https:\\\/\\\/vmsport.fi\\\/#\\\/schema\\\/logo\\\/image\\\/\"},\"sameAs\":[\"https:\\\/\\\/www.facebook.com\\\/Vmsport.fi\\\/\",\"https:\\\/\\\/www.instagram.com\\\/vmsport\\\/\"]}]}<\/script>\n<!-- \/ Yoast SEO plugin. -->","yoast_head_json":{"title":"Skivbromsskivsats Shimano XTR J05A Resin 1 st - VM Sport","robots":{"index":"index","follow":"follow","max-snippet":"max-snippet:-1","max-image-preview":"max-image-preview:large","max-video-preview":"max-video-preview:-1"},"canonical":"https:\/\/vmsport.fi\/sv\/webbutik\/reservdelar\/bromsar\/bromsbelagg\/skivbromsskivsats-shimano-xtr-j05a-resin-1-st\/","og_locale":"sv_SE","og_type":"article","og_title":"Levyjarrupalasarja Shimano XTR J05A Resin 1 pcs - VM Sport","og_description":"Shimano XTR J05A Resin -levyjarrupala tarjoaa tehokkaan ja hiljaisen jarrutuksen uuden hartsiseoksen avulla. Sen parannettu kulutuskest\u00e4vyys ylitt\u00e4\u00e4 merkitt\u00e4v\u00e4sti aiemmat mallit, mik\u00e4 pident\u00e4\u00e4 jarrupalan k\u00e4ytt\u00f6ik\u00e4\u00e4 ja takaa luotettavan suorituskyvyn. Levyjarrupalassa on integroidut j\u00e4\u00e4hdytysrivat, jotka v\u00e4hent\u00e4v\u00e4t jarrujen heikkenemist\u00e4 ja pident\u00e4v\u00e4t palojen k\u00e4ytt\u00f6ik\u00e4\u00e4. Sen kapea muotoilu sopii erityisesti kaksim\u00e4nt\u00e4isiin jarrusatuloihin, ja kest\u00e4v\u00e4 alumiininen taustalevy varmistaa yhteensopivuuden hartsiseosten kanssa. [...]L\u00e4s mer \u2026 from Levyjarrupalasarja Shimano XTR J05A Resin 1 pcs","og_url":"https:\/\/vmsport.fi\/sv\/webbutik\/reservdelar\/bromsar\/bromsbelagg\/skivbromsskivsats-shimano-xtr-j05a-resin-1-st\/","og_site_name":"VM Sport","article_publisher":"https:\/\/www.facebook.com\/Vmsport.fi\/","article_modified_time":"2026-04-22T12:02:26+00:00","og_image":[{"width":600,"height":600,"url":"https:\/\/vmsport.fi\/wp-content\/uploads\/2025\/03\/j8Uvbhbt2OQjTVBmCEWF1AssKKM6RWYFW8Uo29zUt70eeiF8qJ-1.jpg","type":"image\/jpeg"}],"twitter_card":"summary_large_image","twitter_misc":{"Ber\u00e4knad l\u00e4stid":"1 minut"},"schema":{"@context":"https:\/\/schema.org","@graph":[{"@type":["WebPage","ItemPage"],"@id":"https:\/\/vmsport.fi\/verkkokauppa\/varaosat\/jarrut\/jarrupalat\/levyjarrupalasarja-shimano-xtr-j05a-resin-1-pcs\/","url":"https:\/\/vmsport.fi\/verkkokauppa\/varaosat\/jarrut\/jarrupalat\/levyjarrupalasarja-shimano-xtr-j05a-resin-1-pcs\/","name":"Skivbromsskivsats Shimano XTR J05A Resin 1 st - VM Sport","isPartOf":{"@id":"https:\/\/vmsport.fi\/#website"},"primaryImageOfPage":{"@id":"https:\/\/vmsport.fi\/verkkokauppa\/varaosat\/jarrut\/jarrupalat\/levyjarrupalasarja-shimano-xtr-j05a-resin-1-pcs\/#primaryimage"},"image":{"@id":"https:\/\/vmsport.fi\/verkkokauppa\/varaosat\/jarrut\/jarrupalat\/levyjarrupalasarja-shimano-xtr-j05a-resin-1-pcs\/#primaryimage"},"thumbnailUrl":"https:\/\/vmsport.fi\/wp-content\/uploads\/2025\/03\/j8Uvbhbt2OQjTVBmCEWF1AssKKM6RWYFW8Uo29zUt70eeiF8qJ-1.jpg","datePublished":"2025-03-05T21:38:56+00:00","dateModified":"2026-04-22T12:02:26+00:00","breadcrumb":{"@id":"https:\/\/vmsport.fi\/verkkokauppa\/varaosat\/jarrut\/jarrupalat\/levyjarrupalasarja-shimano-xtr-j05a-resin-1-pcs\/#breadcrumb"},"inLanguage":"sv-SE","potentialAction":[{"@type":"ReadAction","target":["https:\/\/vmsport.fi\/verkkokauppa\/varaosat\/jarrut\/jarrupalat\/levyjarrupalasarja-shimano-xtr-j05a-resin-1-pcs\/"]}]},{"@type":"ImageObject","inLanguage":"sv-SE","@id":"https:\/\/vmsport.fi\/verkkokauppa\/varaosat\/jarrut\/jarrupalat\/levyjarrupalasarja-shimano-xtr-j05a-resin-1-pcs\/#primaryimage","url":"https:\/\/vmsport.fi\/wp-content\/uploads\/2025\/03\/j8Uvbhbt2OQjTVBmCEWF1AssKKM6RWYFW8Uo29zUt70eeiF8qJ-1.jpg","contentUrl":"https:\/\/vmsport.fi\/wp-content\/uploads\/2025\/03\/j8Uvbhbt2OQjTVBmCEWF1AssKKM6RWYFW8Uo29zUt70eeiF8qJ-1.jpg","width":600,"height":600,"caption":"j8Uvbhbt2OQjTVBmCEWF1AssKKM6RWYFW8Uo29zUt70eeiF8qJ"},{"@type":"BreadcrumbList","@id":"https:\/\/vmsport.fi\/verkkokauppa\/varaosat\/jarrut\/jarrupalat\/levyjarrupalasarja-shimano-xtr-j05a-resin-1-pcs\/#breadcrumb","itemListElement":[{"@type":"ListItem","position":1,"name":"Etusivu","item":"https:\/\/vmsport.fi\/"},{"@type":"ListItem","position":2,"name":"Online Store","item":"https:\/\/vmsport.fi\/en\/online-store\/"},{"@type":"ListItem","position":3,"name":"Levyjarrupalasarja Shimano XTR J05A Resin 1 pcs"}]},{"@type":"WebSite","@id":"https:\/\/vmsport.fi\/#website","url":"https:\/\/vmsport.fi\/","name":"Vmsport","description":"Allt p\u00e5 ett st\u00e4lle f\u00f6r cykling","publisher":{"@id":"https:\/\/vmsport.fi\/#organization"},"potentialAction":[{"@type":"SearchAction","target":{"@type":"EntryPoint","urlTemplate":"https:\/\/vmsport.fi\/?s={search_term_string}"},"query-input":{"@type":"PropertyValueSpecification","valueRequired":true,"valueName":"search_term_string"}}],"inLanguage":"sv-SE"},{"@type":"Organization","@id":"https:\/\/vmsport.fi\/#organization","name":"Vmsport","url":"https:\/\/vmsport.fi\/","logo":{"@type":"ImageObject","inLanguage":"sv-SE","@id":"https:\/\/vmsport.fi\/#\/schema\/logo\/image\/","url":"https:\/\/vmsport.fi\/wp-content\/uploads\/2024\/12\/vm_sport_RGB_horisontal-e1734526017575.png","contentUrl":"https:\/\/vmsport.fi\/wp-content\/uploads\/2024\/12\/vm_sport_RGB_horisontal-e1734526017575.png","width":668,"height":85,"caption":"Vmsport"},"image":{"@id":"https:\/\/vmsport.fi\/#\/schema\/logo\/image\/"},"sameAs":["https:\/\/www.facebook.com\/Vmsport.fi\/","https:\/\/www.instagram.com\/vmsport\/"]}]}},"global_unique_id":"","_links":{"self":[{"href":"https:\/\/vmsport.fi\/sv\/wp-json\/wp\/v2\/product\/53262","targetHints":{"allow":["GET"]}}],"collection":[{"href":"https:\/\/vmsport.fi\/sv\/wp-json\/wp\/v2\/product"}],"about":[{"href":"https:\/\/vmsport.fi\/sv\/wp-json\/wp\/v2\/types\/product"}],"replies":[{"embeddable":true,"href":"https:\/\/vmsport.fi\/sv\/wp-json\/wp\/v2\/comments?post=53262"}],"wp:featuredmedia":[{"embeddable":true,"href":"https:\/\/vmsport.fi\/sv\/wp-json\/wp\/v2\/media\/53261"}],"wp:attachment":[{"href":"https:\/\/vmsport.fi\/sv\/wp-json\/wp\/v2\/media?parent=53262"}],"wp:term":[{"taxonomy":"product_brand","embeddable":true,"href":"https:\/\/vmsport.fi\/sv\/wp-json\/wp\/v2\/product_brand?post=53262"},{"taxonomy":"product_model","embeddable":true,"href":"https:\/\/vmsport.fi\/sv\/wp-json\/wp\/v2\/product_model?post=53262"},{"taxonomy":"product_cat","embeddable":true,"href":"https:\/\/vmsport.fi\/sv\/wp-json\/wp\/v2\/product_cat?post=53262"},{"taxonomy":"product_tag","embeddable":true,"href":"https:\/\/vmsport.fi\/sv\/wp-json\/wp\/v2\/product_tag?post=53262"},{"taxonomy":"industry_terminology","embeddable":true,"href":"https:\/\/vmsport.fi\/sv\/wp-json\/wp\/v2\/industry-terminology?post=53262"}],"curies":[{"name":"wp","href":"https:\/\/api.w.org\/{rel}","templated":true}]}}