{"id":53260,"date":"2025-03-05T23:38:55","date_gmt":"2025-03-05T21:38:55","guid":{"rendered":"https:\/\/vmsport.fi\/verkkokauppa\/Ei-luokiteltu\/sram-bottom-bracket-dub-english-bsa-68-73-mm-standard-bearings-dub-68-73-mm\/"},"modified":"2026-04-22T15:05:16","modified_gmt":"2026-04-22T12:05:16","slug":"sram-bottom-bracket-dub-english-bsa-68-73-mm-standard-bearings-dub-68-73-mm","status":"publish","type":"product","link":"https:\/\/vmsport.fi\/sv\/verkkokauppa\/varaosat\/voimansiirto\/keskiolaakerit\/sram-bottom-bracket-dub-english-bsa-68-73-mm-standard-bearings-dub-68-73-mm\/","title":{"rendered":"SRAM Bottenf\u00e4ste DUB English\/BSA 68\/73 mm Standardlager DUB 68\/73 mm"},"content":{"rendered":"<p>SRAM DUB-keski\u00f6 on ihanteellinen valinta 68 mm:n ja 73 mm:n BSA-kierteisiin runkoihin. T\u00e4m\u00e4 py\u00f6r\u00e4n osa tarjoaa luotettavat laakerit, jotka takaavat sujuvan toiminnan. Asennus on yksinkertaista erikokoisten mukana tulevien v\u00e4lirenkaiden ansiosta. Keski\u00f6 on suunniteltu tarjoamaan parhaan mahdollisen suorituskyvyn k\u00e4ytt\u00e4j\u00e4n tarpeiden mukaisesti. Sen k\u00e4yt\u00e4nn\u00f6llinen muotoilu ja korkealaatuiset materiaalit tekev\u00e4t siit\u00e4 kest\u00e4v\u00e4n ja luotettavan valinnan monenlaisiin ajo-olosuhteisiin.<\/p>","protected":false},"excerpt":{"rendered":"<p>SRAM DUB-keski\u00f6 on ihanteellinen valinta 68 mm:n ja 73 mm:n BSA-kierteisiin runkoihin. T\u00e4m\u00e4 py\u00f6r\u00e4n osa tarjoaa luotettavat laakerit, jotka takaavat sujuvan toiminnan. Asennus on yksinkertaista erikokoisten mukana tulevien v\u00e4lirenkaiden ansiosta. Keski\u00f6 on suunniteltu tarjoamaan parhaan mahdollisen suorituskyvyn k\u00e4ytt\u00e4j\u00e4n tarpeiden mukaisesti. Sen k\u00e4yt\u00e4nn\u00f6llinen muotoilu ja korkealaatuiset materiaalit tekev\u00e4t siit\u00e4 kest\u00e4v\u00e4n ja luotettavan valinnan monenlaisiin ajo-olosuhteisiin. [&#8230;]<\/p>\n<p><a class=\"btn btn-secondary understrap-read-more-link\" href=\"https:\/\/vmsport.fi\/sv\/verkkokauppa\/varaosat\/voimansiirto\/keskiolaakerit\/sram-bottom-bracket-dub-english-bsa-68-73-mm-standard-bearings-dub-68-73-mm\/\">L\u00e4s mer \u2026<span class=\"screen-reader-text\"> from SRAM Bottom bracket DUB English\/BSA 68\/73 mm Standard bearings DUB 68\/73 mm<\/span><\/a><\/p>\n","protected":false},"featured_media":53259,"comment_status":"open","ping_status":"closed","template":"","meta":{"_acf_changed":false,"_improvement_type_select":"improve_an_existing","_thumb_yes_seoaic":false,"_frame_yes_seoaic":false,"seoaic_generate_description":"","seoaic_improve_instructions_prompt":"","seoaic_rollback_content_improvement":"","seoaic_idea_thumbnail_generator":"","thumbnail_generated":false,"thumbnail_generate_prompt":"","seoaic_article_description":"","_supplier_stock_quantity":0},"product_brand":[1588],"product_model":[],"product_cat":[9350],"product_tag":[],"industry-terminology":[],"class_list":{"0":"post-53260","1":"product","2":"type-product","3":"status-publish","4":"has-post-thumbnail","6":"product_brand-sram","7":"product_cat-keskiolaakerit","9":"first","10":"instock","11":"taxable","12":"shipping-taxable","13":"purchasable","14":"product-type-simple"},"acf":{"bike_features":null,"overview":{"copy_overview":null,"key_features":null,"statement":"","youtube_url":""}},"yoast_head":"<!-- This site is optimized with the Yoast SEO plugin v27.4 - https:\/\/yoast.com\/product\/yoast-seo-wordpress\/ -->\n<title>SRAM Bottom bracket DUB English\/BSA 68\/73 mm Standard bearings DUB 68\/73 mm - VM Sport<\/title>\n<meta name=\"robots\" content=\"index, follow, max-snippet:-1, max-image-preview:large, max-video-preview:-1\" \/>\n<link rel=\"canonical\" href=\"https:\/\/vmsport.fi\/sv\/webbutik\/reservdelar\/transmission\/mittlager\/sram-bottom-bracket-dub-english-bsa-68-73-mm-standard-bearings-dub-68-73-mm\/\" \/>\n<meta property=\"og:locale\" content=\"sv_SE\" \/>\n<meta property=\"og:type\" content=\"article\" \/>\n<meta property=\"og:title\" content=\"SRAM Bottom bracket DUB English\/BSA 68\/73 mm Standard bearings DUB 68\/73 mm - VM Sport\" \/>\n<meta property=\"og:description\" content=\"SRAM DUB-keski\u00f6 on ihanteellinen valinta 68 mm:n ja 73 mm:n BSA-kierteisiin runkoihin. T\u00e4m\u00e4 py\u00f6r\u00e4n osa tarjoaa luotettavat laakerit, jotka takaavat sujuvan toiminnan. Asennus on yksinkertaista erikokoisten mukana tulevien v\u00e4lirenkaiden ansiosta. Keski\u00f6 on suunniteltu tarjoamaan parhaan mahdollisen suorituskyvyn k\u00e4ytt\u00e4j\u00e4n tarpeiden mukaisesti. Sen k\u00e4yt\u00e4nn\u00f6llinen muotoilu ja korkealaatuiset materiaalit tekev\u00e4t siit\u00e4 kest\u00e4v\u00e4n ja luotettavan valinnan monenlaisiin ajo-olosuhteisiin. [...]L\u00e4s mer \u2026 from SRAM Bottom bracket DUB English\/BSA 68\/73 mm Standard bearings DUB 68\/73 mm\" \/>\n<meta property=\"og:url\" content=\"https:\/\/vmsport.fi\/sv\/webbutik\/reservdelar\/transmission\/mittlager\/sram-bottom-bracket-dub-english-bsa-68-73-mm-standard-bearings-dub-68-73-mm\/\" \/>\n<meta property=\"og:site_name\" content=\"VM Sport\" \/>\n<meta property=\"article:publisher\" content=\"https:\/\/www.facebook.com\/Vmsport.fi\/\" \/>\n<meta property=\"article:modified_time\" content=\"2026-04-22T12:05:16+00:00\" \/>\n<meta property=\"og:image\" content=\"https:\/\/vmsport.fi\/wp-content\/uploads\/2025\/03\/qwgTjQ6dRD7JuAqRkQC45FHhqnXDKhtgzg9WIPU0Q4bWbySanZ-1.jpg\" \/>\n\t<meta property=\"og:image:width\" content=\"680\" \/>\n\t<meta property=\"og:image:height\" content=\"651\" \/>\n\t<meta property=\"og:image:type\" content=\"image\/jpeg\" \/>\n<meta name=\"twitter:card\" content=\"summary_large_image\" \/>\n<script type=\"application\/ld+json\" class=\"yoast-schema-graph\">{\"@context\":\"https:\\\/\\\/schema.org\",\"@graph\":[{\"@type\":[\"WebPage\",\"ItemPage\"],\"@id\":\"https:\\\/\\\/vmsport.fi\\\/verkkokauppa\\\/varaosat\\\/voimansiirto\\\/keskiolaakerit\\\/sram-bottom-bracket-dub-english-bsa-68-73-mm-standard-bearings-dub-68-73-mm\\\/\",\"url\":\"https:\\\/\\\/vmsport.fi\\\/verkkokauppa\\\/varaosat\\\/voimansiirto\\\/keskiolaakerit\\\/sram-bottom-bracket-dub-english-bsa-68-73-mm-standard-bearings-dub-68-73-mm\\\/\",\"name\":\"SRAM Bottom bracket DUB English\\\/BSA 68\\\/73 mm Standard bearings DUB 68\\\/73 mm - VM Sport\",\"isPartOf\":{\"@id\":\"https:\\\/\\\/vmsport.fi\\\/#website\"},\"primaryImageOfPage\":{\"@id\":\"https:\\\/\\\/vmsport.fi\\\/verkkokauppa\\\/varaosat\\\/voimansiirto\\\/keskiolaakerit\\\/sram-bottom-bracket-dub-english-bsa-68-73-mm-standard-bearings-dub-68-73-mm\\\/#primaryimage\"},\"image\":{\"@id\":\"https:\\\/\\\/vmsport.fi\\\/verkkokauppa\\\/varaosat\\\/voimansiirto\\\/keskiolaakerit\\\/sram-bottom-bracket-dub-english-bsa-68-73-mm-standard-bearings-dub-68-73-mm\\\/#primaryimage\"},\"thumbnailUrl\":\"https:\\\/\\\/vmsport.fi\\\/wp-content\\\/uploads\\\/2025\\\/03\\\/qwgTjQ6dRD7JuAqRkQC45FHhqnXDKhtgzg9WIPU0Q4bWbySanZ-1.jpg\",\"datePublished\":\"2025-03-05T21:38:55+00:00\",\"dateModified\":\"2026-04-22T12:05:16+00:00\",\"breadcrumb\":{\"@id\":\"https:\\\/\\\/vmsport.fi\\\/verkkokauppa\\\/varaosat\\\/voimansiirto\\\/keskiolaakerit\\\/sram-bottom-bracket-dub-english-bsa-68-73-mm-standard-bearings-dub-68-73-mm\\\/#breadcrumb\"},\"inLanguage\":\"sv-SE\",\"potentialAction\":[{\"@type\":\"ReadAction\",\"target\":[\"https:\\\/\\\/vmsport.fi\\\/verkkokauppa\\\/varaosat\\\/voimansiirto\\\/keskiolaakerit\\\/sram-bottom-bracket-dub-english-bsa-68-73-mm-standard-bearings-dub-68-73-mm\\\/\"]}]},{\"@type\":\"ImageObject\",\"inLanguage\":\"sv-SE\",\"@id\":\"https:\\\/\\\/vmsport.fi\\\/verkkokauppa\\\/varaosat\\\/voimansiirto\\\/keskiolaakerit\\\/sram-bottom-bracket-dub-english-bsa-68-73-mm-standard-bearings-dub-68-73-mm\\\/#primaryimage\",\"url\":\"https:\\\/\\\/vmsport.fi\\\/wp-content\\\/uploads\\\/2025\\\/03\\\/qwgTjQ6dRD7JuAqRkQC45FHhqnXDKhtgzg9WIPU0Q4bWbySanZ-1.jpg\",\"contentUrl\":\"https:\\\/\\\/vmsport.fi\\\/wp-content\\\/uploads\\\/2025\\\/03\\\/qwgTjQ6dRD7JuAqRkQC45FHhqnXDKhtgzg9WIPU0Q4bWbySanZ-1.jpg\",\"width\":680,\"height\":651,\"caption\":\"qwgTjQ6dRD7JuAqRkQC45FHhqnXDKhtgzg9WIPU0Q4bWbySanZ\"},{\"@type\":\"BreadcrumbList\",\"@id\":\"https:\\\/\\\/vmsport.fi\\\/verkkokauppa\\\/varaosat\\\/voimansiirto\\\/keskiolaakerit\\\/sram-bottom-bracket-dub-english-bsa-68-73-mm-standard-bearings-dub-68-73-mm\\\/#breadcrumb\",\"itemListElement\":[{\"@type\":\"ListItem\",\"position\":1,\"name\":\"Etusivu\",\"item\":\"https:\\\/\\\/vmsport.fi\\\/\"},{\"@type\":\"ListItem\",\"position\":2,\"name\":\"Online Store\",\"item\":\"https:\\\/\\\/vmsport.fi\\\/en\\\/online-store\\\/\"},{\"@type\":\"ListItem\",\"position\":3,\"name\":\"SRAM Bottom bracket DUB English\\\/BSA 68\\\/73 mm Standard bearings DUB 68\\\/73 mm\"}]},{\"@type\":\"WebSite\",\"@id\":\"https:\\\/\\\/vmsport.fi\\\/#website\",\"url\":\"https:\\\/\\\/vmsport.fi\\\/\",\"name\":\"Vmsport\",\"description\":\"Kaikki py\u00f6r\u00e4ilyyn yhdest\u00e4 paikasta\",\"publisher\":{\"@id\":\"https:\\\/\\\/vmsport.fi\\\/#organization\"},\"potentialAction\":[{\"@type\":\"SearchAction\",\"target\":{\"@type\":\"EntryPoint\",\"urlTemplate\":\"https:\\\/\\\/vmsport.fi\\\/?s={search_term_string}\"},\"query-input\":{\"@type\":\"PropertyValueSpecification\",\"valueRequired\":true,\"valueName\":\"search_term_string\"}}],\"inLanguage\":\"sv-SE\"},{\"@type\":\"Organization\",\"@id\":\"https:\\\/\\\/vmsport.fi\\\/#organization\",\"name\":\"Vmsport\",\"url\":\"https:\\\/\\\/vmsport.fi\\\/\",\"logo\":{\"@type\":\"ImageObject\",\"inLanguage\":\"sv-SE\",\"@id\":\"https:\\\/\\\/vmsport.fi\\\/#\\\/schema\\\/logo\\\/image\\\/\",\"url\":\"https:\\\/\\\/vmsport.fi\\\/wp-content\\\/uploads\\\/2024\\\/12\\\/vm_sport_RGB_horisontal-e1734526017575.png\",\"contentUrl\":\"https:\\\/\\\/vmsport.fi\\\/wp-content\\\/uploads\\\/2024\\\/12\\\/vm_sport_RGB_horisontal-e1734526017575.png\",\"width\":668,\"height\":85,\"caption\":\"Vmsport\"},\"image\":{\"@id\":\"https:\\\/\\\/vmsport.fi\\\/#\\\/schema\\\/logo\\\/image\\\/\"},\"sameAs\":[\"https:\\\/\\\/www.facebook.com\\\/Vmsport.fi\\\/\",\"https:\\\/\\\/www.instagram.com\\\/vmsport\\\/\"]}]}<\/script>\n<!-- \/ Yoast SEO plugin. -->","yoast_head_json":{"title":"SRAM Bottom bracket DUB English\/BSA 68\/73 mm Standard bearings DUB 68\/73 mm - VM Sport","robots":{"index":"index","follow":"follow","max-snippet":"max-snippet:-1","max-image-preview":"max-image-preview:large","max-video-preview":"max-video-preview:-1"},"canonical":"https:\/\/vmsport.fi\/sv\/webbutik\/reservdelar\/transmission\/mittlager\/sram-bottom-bracket-dub-english-bsa-68-73-mm-standard-bearings-dub-68-73-mm\/","og_locale":"sv_SE","og_type":"article","og_title":"SRAM Bottom bracket DUB English\/BSA 68\/73 mm Standard bearings DUB 68\/73 mm - VM Sport","og_description":"SRAM DUB-keski\u00f6 on ihanteellinen valinta 68 mm:n ja 73 mm:n BSA-kierteisiin runkoihin. T\u00e4m\u00e4 py\u00f6r\u00e4n osa tarjoaa luotettavat laakerit, jotka takaavat sujuvan toiminnan. Asennus on yksinkertaista erikokoisten mukana tulevien v\u00e4lirenkaiden ansiosta. Keski\u00f6 on suunniteltu tarjoamaan parhaan mahdollisen suorituskyvyn k\u00e4ytt\u00e4j\u00e4n tarpeiden mukaisesti. Sen k\u00e4yt\u00e4nn\u00f6llinen muotoilu ja korkealaatuiset materiaalit tekev\u00e4t siit\u00e4 kest\u00e4v\u00e4n ja luotettavan valinnan monenlaisiin ajo-olosuhteisiin. [...]L\u00e4s mer \u2026 from SRAM Bottom bracket DUB English\/BSA 68\/73 mm Standard bearings DUB 68\/73 mm","og_url":"https:\/\/vmsport.fi\/sv\/webbutik\/reservdelar\/transmission\/mittlager\/sram-bottom-bracket-dub-english-bsa-68-73-mm-standard-bearings-dub-68-73-mm\/","og_site_name":"VM Sport","article_publisher":"https:\/\/www.facebook.com\/Vmsport.fi\/","article_modified_time":"2026-04-22T12:05:16+00:00","og_image":[{"width":680,"height":651,"url":"https:\/\/vmsport.fi\/wp-content\/uploads\/2025\/03\/qwgTjQ6dRD7JuAqRkQC45FHhqnXDKhtgzg9WIPU0Q4bWbySanZ-1.jpg","type":"image\/jpeg"}],"twitter_card":"summary_large_image","schema":{"@context":"https:\/\/schema.org","@graph":[{"@type":["WebPage","ItemPage"],"@id":"https:\/\/vmsport.fi\/verkkokauppa\/varaosat\/voimansiirto\/keskiolaakerit\/sram-bottom-bracket-dub-english-bsa-68-73-mm-standard-bearings-dub-68-73-mm\/","url":"https:\/\/vmsport.fi\/verkkokauppa\/varaosat\/voimansiirto\/keskiolaakerit\/sram-bottom-bracket-dub-english-bsa-68-73-mm-standard-bearings-dub-68-73-mm\/","name":"SRAM Bottom bracket DUB English\/BSA 68\/73 mm Standard bearings DUB 68\/73 mm - VM Sport","isPartOf":{"@id":"https:\/\/vmsport.fi\/#website"},"primaryImageOfPage":{"@id":"https:\/\/vmsport.fi\/verkkokauppa\/varaosat\/voimansiirto\/keskiolaakerit\/sram-bottom-bracket-dub-english-bsa-68-73-mm-standard-bearings-dub-68-73-mm\/#primaryimage"},"image":{"@id":"https:\/\/vmsport.fi\/verkkokauppa\/varaosat\/voimansiirto\/keskiolaakerit\/sram-bottom-bracket-dub-english-bsa-68-73-mm-standard-bearings-dub-68-73-mm\/#primaryimage"},"thumbnailUrl":"https:\/\/vmsport.fi\/wp-content\/uploads\/2025\/03\/qwgTjQ6dRD7JuAqRkQC45FHhqnXDKhtgzg9WIPU0Q4bWbySanZ-1.jpg","datePublished":"2025-03-05T21:38:55+00:00","dateModified":"2026-04-22T12:05:16+00:00","breadcrumb":{"@id":"https:\/\/vmsport.fi\/verkkokauppa\/varaosat\/voimansiirto\/keskiolaakerit\/sram-bottom-bracket-dub-english-bsa-68-73-mm-standard-bearings-dub-68-73-mm\/#breadcrumb"},"inLanguage":"sv-SE","potentialAction":[{"@type":"ReadAction","target":["https:\/\/vmsport.fi\/verkkokauppa\/varaosat\/voimansiirto\/keskiolaakerit\/sram-bottom-bracket-dub-english-bsa-68-73-mm-standard-bearings-dub-68-73-mm\/"]}]},{"@type":"ImageObject","inLanguage":"sv-SE","@id":"https:\/\/vmsport.fi\/verkkokauppa\/varaosat\/voimansiirto\/keskiolaakerit\/sram-bottom-bracket-dub-english-bsa-68-73-mm-standard-bearings-dub-68-73-mm\/#primaryimage","url":"https:\/\/vmsport.fi\/wp-content\/uploads\/2025\/03\/qwgTjQ6dRD7JuAqRkQC45FHhqnXDKhtgzg9WIPU0Q4bWbySanZ-1.jpg","contentUrl":"https:\/\/vmsport.fi\/wp-content\/uploads\/2025\/03\/qwgTjQ6dRD7JuAqRkQC45FHhqnXDKhtgzg9WIPU0Q4bWbySanZ-1.jpg","width":680,"height":651,"caption":"qwgTjQ6dRD7JuAqRkQC45FHhqnXDKhtgzg9WIPU0Q4bWbySanZ"},{"@type":"BreadcrumbList","@id":"https:\/\/vmsport.fi\/verkkokauppa\/varaosat\/voimansiirto\/keskiolaakerit\/sram-bottom-bracket-dub-english-bsa-68-73-mm-standard-bearings-dub-68-73-mm\/#breadcrumb","itemListElement":[{"@type":"ListItem","position":1,"name":"Etusivu","item":"https:\/\/vmsport.fi\/"},{"@type":"ListItem","position":2,"name":"Online Store","item":"https:\/\/vmsport.fi\/en\/online-store\/"},{"@type":"ListItem","position":3,"name":"SRAM Bottom bracket DUB English\/BSA 68\/73 mm Standard bearings DUB 68\/73 mm"}]},{"@type":"WebSite","@id":"https:\/\/vmsport.fi\/#website","url":"https:\/\/vmsport.fi\/","name":"Vmsport","description":"Allt p\u00e5 ett st\u00e4lle f\u00f6r cykling","publisher":{"@id":"https:\/\/vmsport.fi\/#organization"},"potentialAction":[{"@type":"SearchAction","target":{"@type":"EntryPoint","urlTemplate":"https:\/\/vmsport.fi\/?s={search_term_string}"},"query-input":{"@type":"PropertyValueSpecification","valueRequired":true,"valueName":"search_term_string"}}],"inLanguage":"sv-SE"},{"@type":"Organization","@id":"https:\/\/vmsport.fi\/#organization","name":"Vmsport","url":"https:\/\/vmsport.fi\/","logo":{"@type":"ImageObject","inLanguage":"sv-SE","@id":"https:\/\/vmsport.fi\/#\/schema\/logo\/image\/","url":"https:\/\/vmsport.fi\/wp-content\/uploads\/2024\/12\/vm_sport_RGB_horisontal-e1734526017575.png","contentUrl":"https:\/\/vmsport.fi\/wp-content\/uploads\/2024\/12\/vm_sport_RGB_horisontal-e1734526017575.png","width":668,"height":85,"caption":"Vmsport"},"image":{"@id":"https:\/\/vmsport.fi\/#\/schema\/logo\/image\/"},"sameAs":["https:\/\/www.facebook.com\/Vmsport.fi\/","https:\/\/www.instagram.com\/vmsport\/"]}]}},"global_unique_id":"","_links":{"self":[{"href":"https:\/\/vmsport.fi\/sv\/wp-json\/wp\/v2\/product\/53260","targetHints":{"allow":["GET"]}}],"collection":[{"href":"https:\/\/vmsport.fi\/sv\/wp-json\/wp\/v2\/product"}],"about":[{"href":"https:\/\/vmsport.fi\/sv\/wp-json\/wp\/v2\/types\/product"}],"replies":[{"embeddable":true,"href":"https:\/\/vmsport.fi\/sv\/wp-json\/wp\/v2\/comments?post=53260"}],"wp:featuredmedia":[{"embeddable":true,"href":"https:\/\/vmsport.fi\/sv\/wp-json\/wp\/v2\/media\/53259"}],"wp:attachment":[{"href":"https:\/\/vmsport.fi\/sv\/wp-json\/wp\/v2\/media?parent=53260"}],"wp:term":[{"taxonomy":"product_brand","embeddable":true,"href":"https:\/\/vmsport.fi\/sv\/wp-json\/wp\/v2\/product_brand?post=53260"},{"taxonomy":"product_model","embeddable":true,"href":"https:\/\/vmsport.fi\/sv\/wp-json\/wp\/v2\/product_model?post=53260"},{"taxonomy":"product_cat","embeddable":true,"href":"https:\/\/vmsport.fi\/sv\/wp-json\/wp\/v2\/product_cat?post=53260"},{"taxonomy":"product_tag","embeddable":true,"href":"https:\/\/vmsport.fi\/sv\/wp-json\/wp\/v2\/product_tag?post=53260"},{"taxonomy":"industry_terminology","embeddable":true,"href":"https:\/\/vmsport.fi\/sv\/wp-json\/wp\/v2\/industry-terminology?post=53260"}],"curies":[{"name":"wp","href":"https:\/\/api.w.org\/{rel}","templated":true}]}}