{"id":53258,"date":"2025-03-05T23:38:54","date_gmt":"2025-03-05T21:38:54","guid":{"rendered":"https:\/\/vmsport.fi\/verkkokauppa\/Ei-luokiteltu\/b05s-rx-hartsipala-ja-jousi-saksisokka-3-type-pari\/"},"modified":"2026-04-23T03:00:53","modified_gmt":"2026-04-23T00:00:53","slug":"b05s-rx-resin-bar-och-fjader-saxhylsa-3-typ-par","status":"publish","type":"product","link":"https:\/\/vmsport.fi\/sv\/verkkokauppa\/varaosat\/jarrut\/jarrupalat\/b05s-rx-hartsipala-ja-jousi-saksisokka-3-type-pari\/","title":{"rendered":"B05S-RX Block och fj\u00e4der av harts + saxhylsa typ 3 (par)"},"content":{"rendered":"<p>B05S-RX Resin pads and spring and scissor-type calliper kit \u00e4r en h\u00f6gkvalitativ bromssystemunderenhet som best\u00e5r av hartsbel\u00e4gg, fj\u00e4der och bromsok av saxtyp. Denna sats \u00e4r speciellt utformad f\u00f6r Shimanos bromsar, vilket g\u00f6r den l\u00e4mplig f\u00f6r ett brett utbud av hjulkonfigurationer. Delarna i satsen passar Shimanos bromsmodeller i BR-serien, t.ex. BR-C501, BR-M575 och m\u00e5nga andra, samt BR-T-, BR-MT- och BR-UR-serierna. Satsen \u00e4r l\u00e4mplig f\u00f6r att underh\u00e5lla bromsarna p\u00e5 tv\u00e5 cyklar, vilket garanterar effektiv och s\u00e4ker bromsning.<\/p>","protected":false},"excerpt":{"rendered":"<p>B05S-RX hartsipalat ja jousi sek\u00e4 saksisokka -sarja on korkealaatuinen jarruj\u00e4rjestelm\u00e4n osakokonaisuus, joka sis\u00e4lt\u00e4\u00e4 hartsipalat, jousen ja saksisokan. T\u00e4m\u00e4 setti on erityisesti suunniteltu Shimano-jarruja varten, mink\u00e4 ansiosta se soveltuu monipuolisesti eri py\u00f6r\u00e4asetuksiin. Pakkauksen osat sopivat Shimano BR-sarjan, kuten BR-C501, BR-M575 ja monien muiden, sek\u00e4 BR-T-, BR-MT- ja BR-UR-sarjan jarrumalleihin. Sarja soveltuu kahden polkupy\u00f6r\u00e4n jarrujen yll\u00e4pitoon, varmistaen [&#8230;]<\/p>\n<p><a class=\"btn btn-secondary understrap-read-more-link\" href=\"https:\/\/vmsport.fi\/sv\/verkkokauppa\/varaosat\/jarrut\/jarrupalat\/b05s-rx-hartsipala-ja-jousi-saksisokka-3-type-pari\/\">L\u00e4s mer \u2026<span class=\"screen-reader-text\"> from B05S-RX Hartsipala ja jousi + saksisokka 3 type (pari)<\/span><\/a><\/p>\n","protected":false},"featured_media":53257,"comment_status":"open","ping_status":"closed","template":"","meta":{"_acf_changed":false,"_improvement_type_select":"improve_an_existing","_thumb_yes_seoaic":false,"_frame_yes_seoaic":false,"seoaic_generate_description":"","seoaic_improve_instructions_prompt":"","seoaic_rollback_content_improvement":"","seoaic_idea_thumbnail_generator":"","thumbnail_generated":false,"thumbnail_generate_prompt":"","seoaic_article_description":"","_supplier_stock_quantity":0},"product_brand":[],"product_model":[],"product_cat":[9288],"product_tag":[],"industry-terminology":[],"class_list":{"0":"post-53258","1":"product","2":"type-product","3":"status-publish","4":"has-post-thumbnail","6":"product_cat-jarrupalat","8":"first","9":"instock","10":"taxable","11":"shipping-taxable","12":"purchasable","13":"product-type-simple"},"acf":{"bike_features":null,"overview":{"copy_overview":null,"key_features":null,"statement":"","youtube_url":""}},"yoast_head":"<!-- This site is optimized with the Yoast SEO plugin v27.4 - https:\/\/yoast.com\/product\/yoast-seo-wordpress\/ -->\n<title>B05S-RX Hartsipala ja jousi + saksisokka 3 type (pari) - VM Sport<\/title>\n<meta name=\"robots\" content=\"index, follow, max-snippet:-1, max-image-preview:large, max-video-preview:-1\" \/>\n<link rel=\"canonical\" href=\"https:\/\/vmsport.fi\/sv\/webbutik\/reservdelar\/bromsar\/bromsbelagg\/b05s-rx-resin-bar-och-fjader-saxhylsa-3-typ-par\/\" \/>\n<meta property=\"og:locale\" content=\"sv_SE\" \/>\n<meta property=\"og:type\" content=\"article\" \/>\n<meta property=\"og:title\" content=\"B05S-RX Hartsipala ja jousi + saksisokka 3 type (pari) - VM Sport\" \/>\n<meta property=\"og:description\" content=\"B05S-RX hartsipalat ja jousi sek\u00e4 saksisokka -sarja on korkealaatuinen jarruj\u00e4rjestelm\u00e4n osakokonaisuus, joka sis\u00e4lt\u00e4\u00e4 hartsipalat, jousen ja saksisokan. T\u00e4m\u00e4 setti on erityisesti suunniteltu Shimano-jarruja varten, mink\u00e4 ansiosta se soveltuu monipuolisesti eri py\u00f6r\u00e4asetuksiin. Pakkauksen osat sopivat Shimano BR-sarjan, kuten BR-C501, BR-M575 ja monien muiden, sek\u00e4 BR-T-, BR-MT- ja BR-UR-sarjan jarrumalleihin. Sarja soveltuu kahden polkupy\u00f6r\u00e4n jarrujen yll\u00e4pitoon, varmistaen [...]L\u00e4s mer \u2026 from B05S-RX Hartsipala ja jousi + saksisokka 3 type (pari)\" \/>\n<meta property=\"og:url\" content=\"https:\/\/vmsport.fi\/sv\/webbutik\/reservdelar\/bromsar\/bromsbelagg\/b05s-rx-resin-bar-och-fjader-saxhylsa-3-typ-par\/\" \/>\n<meta property=\"og:site_name\" content=\"VM Sport\" \/>\n<meta property=\"article:publisher\" content=\"https:\/\/www.facebook.com\/Vmsport.fi\/\" \/>\n<meta property=\"article:modified_time\" content=\"2026-04-23T00:00:53+00:00\" \/>\n<meta property=\"og:image\" content=\"https:\/\/vmsport.fi\/wp-content\/uploads\/2025\/03\/EBPB05SRXA-B05S-RX-primary-2-jpg-thumb-572-572-1.png\" \/>\n\t<meta property=\"og:image:width\" content=\"572\" \/>\n\t<meta property=\"og:image:height\" content=\"572\" \/>\n\t<meta property=\"og:image:type\" content=\"image\/png\" \/>\n<meta name=\"twitter:card\" content=\"summary_large_image\" \/>\n<script type=\"application\/ld+json\" class=\"yoast-schema-graph\">{\"@context\":\"https:\\\/\\\/schema.org\",\"@graph\":[{\"@type\":[\"WebPage\",\"ItemPage\"],\"@id\":\"https:\\\/\\\/vmsport.fi\\\/verkkokauppa\\\/varaosat\\\/jarrut\\\/jarrupalat\\\/b05s-rx-hartsipala-ja-jousi-saksisokka-3-type-pari\\\/\",\"url\":\"https:\\\/\\\/vmsport.fi\\\/verkkokauppa\\\/varaosat\\\/jarrut\\\/jarrupalat\\\/b05s-rx-hartsipala-ja-jousi-saksisokka-3-type-pari\\\/\",\"name\":\"B05S-RX Hartsipala ja jousi + saksisokka 3 type (pari) - VM Sport\",\"isPartOf\":{\"@id\":\"https:\\\/\\\/vmsport.fi\\\/#website\"},\"primaryImageOfPage\":{\"@id\":\"https:\\\/\\\/vmsport.fi\\\/verkkokauppa\\\/varaosat\\\/jarrut\\\/jarrupalat\\\/b05s-rx-hartsipala-ja-jousi-saksisokka-3-type-pari\\\/#primaryimage\"},\"image\":{\"@id\":\"https:\\\/\\\/vmsport.fi\\\/verkkokauppa\\\/varaosat\\\/jarrut\\\/jarrupalat\\\/b05s-rx-hartsipala-ja-jousi-saksisokka-3-type-pari\\\/#primaryimage\"},\"thumbnailUrl\":\"https:\\\/\\\/vmsport.fi\\\/wp-content\\\/uploads\\\/2025\\\/03\\\/EBPB05SRXA-B05S-RX-primary-2-jpg-thumb-572-572-1.png\",\"datePublished\":\"2025-03-05T21:38:54+00:00\",\"dateModified\":\"2026-04-23T00:00:53+00:00\",\"breadcrumb\":{\"@id\":\"https:\\\/\\\/vmsport.fi\\\/verkkokauppa\\\/varaosat\\\/jarrut\\\/jarrupalat\\\/b05s-rx-hartsipala-ja-jousi-saksisokka-3-type-pari\\\/#breadcrumb\"},\"inLanguage\":\"sv-SE\",\"potentialAction\":[{\"@type\":\"ReadAction\",\"target\":[\"https:\\\/\\\/vmsport.fi\\\/verkkokauppa\\\/varaosat\\\/jarrut\\\/jarrupalat\\\/b05s-rx-hartsipala-ja-jousi-saksisokka-3-type-pari\\\/\"]}]},{\"@type\":\"ImageObject\",\"inLanguage\":\"sv-SE\",\"@id\":\"https:\\\/\\\/vmsport.fi\\\/verkkokauppa\\\/varaosat\\\/jarrut\\\/jarrupalat\\\/b05s-rx-hartsipala-ja-jousi-saksisokka-3-type-pari\\\/#primaryimage\",\"url\":\"https:\\\/\\\/vmsport.fi\\\/wp-content\\\/uploads\\\/2025\\\/03\\\/EBPB05SRXA-B05S-RX-primary-2-jpg-thumb-572-572-1.png\",\"contentUrl\":\"https:\\\/\\\/vmsport.fi\\\/wp-content\\\/uploads\\\/2025\\\/03\\\/EBPB05SRXA-B05S-RX-primary-2-jpg-thumb-572-572-1.png\",\"width\":572,\"height\":572,\"caption\":\"EBPB05SRXA-B05S-RX-primary-2-jpg-thumb-572-572\"},{\"@type\":\"BreadcrumbList\",\"@id\":\"https:\\\/\\\/vmsport.fi\\\/verkkokauppa\\\/varaosat\\\/jarrut\\\/jarrupalat\\\/b05s-rx-hartsipala-ja-jousi-saksisokka-3-type-pari\\\/#breadcrumb\",\"itemListElement\":[{\"@type\":\"ListItem\",\"position\":1,\"name\":\"Etusivu\",\"item\":\"https:\\\/\\\/vmsport.fi\\\/\"},{\"@type\":\"ListItem\",\"position\":2,\"name\":\"Online Store\",\"item\":\"https:\\\/\\\/vmsport.fi\\\/en\\\/online-store\\\/\"},{\"@type\":\"ListItem\",\"position\":3,\"name\":\"B05S-RX Hartsipala ja jousi + saksisokka 3 type (pari)\"}]},{\"@type\":\"WebSite\",\"@id\":\"https:\\\/\\\/vmsport.fi\\\/#website\",\"url\":\"https:\\\/\\\/vmsport.fi\\\/\",\"name\":\"Vmsport\",\"description\":\"Kaikki py\u00f6r\u00e4ilyyn yhdest\u00e4 paikasta\",\"publisher\":{\"@id\":\"https:\\\/\\\/vmsport.fi\\\/#organization\"},\"potentialAction\":[{\"@type\":\"SearchAction\",\"target\":{\"@type\":\"EntryPoint\",\"urlTemplate\":\"https:\\\/\\\/vmsport.fi\\\/?s={search_term_string}\"},\"query-input\":{\"@type\":\"PropertyValueSpecification\",\"valueRequired\":true,\"valueName\":\"search_term_string\"}}],\"inLanguage\":\"sv-SE\"},{\"@type\":\"Organization\",\"@id\":\"https:\\\/\\\/vmsport.fi\\\/#organization\",\"name\":\"Vmsport\",\"url\":\"https:\\\/\\\/vmsport.fi\\\/\",\"logo\":{\"@type\":\"ImageObject\",\"inLanguage\":\"sv-SE\",\"@id\":\"https:\\\/\\\/vmsport.fi\\\/#\\\/schema\\\/logo\\\/image\\\/\",\"url\":\"https:\\\/\\\/vmsport.fi\\\/wp-content\\\/uploads\\\/2024\\\/12\\\/vm_sport_RGB_horisontal-e1734526017575.png\",\"contentUrl\":\"https:\\\/\\\/vmsport.fi\\\/wp-content\\\/uploads\\\/2024\\\/12\\\/vm_sport_RGB_horisontal-e1734526017575.png\",\"width\":668,\"height\":85,\"caption\":\"Vmsport\"},\"image\":{\"@id\":\"https:\\\/\\\/vmsport.fi\\\/#\\\/schema\\\/logo\\\/image\\\/\"},\"sameAs\":[\"https:\\\/\\\/www.facebook.com\\\/Vmsport.fi\\\/\",\"https:\\\/\\\/www.instagram.com\\\/vmsport\\\/\"]}]}<\/script>\n<!-- \/ Yoast SEO plugin. -->","yoast_head_json":{"title":"B05S-RX Block och fj\u00e4der av harts + saxhylsa 3 typ (par) - VM Sport","robots":{"index":"index","follow":"follow","max-snippet":"max-snippet:-1","max-image-preview":"max-image-preview:large","max-video-preview":"max-video-preview:-1"},"canonical":"https:\/\/vmsport.fi\/sv\/webbutik\/reservdelar\/bromsar\/bromsbelagg\/b05s-rx-resin-bar-och-fjader-saxhylsa-3-typ-par\/","og_locale":"sv_SE","og_type":"article","og_title":"B05S-RX Hartsipala ja jousi + saksisokka 3 type (pari) - VM Sport","og_description":"B05S-RX hartsipalat ja jousi sek\u00e4 saksisokka -sarja on korkealaatuinen jarruj\u00e4rjestelm\u00e4n osakokonaisuus, joka sis\u00e4lt\u00e4\u00e4 hartsipalat, jousen ja saksisokan. T\u00e4m\u00e4 setti on erityisesti suunniteltu Shimano-jarruja varten, mink\u00e4 ansiosta se soveltuu monipuolisesti eri py\u00f6r\u00e4asetuksiin. Pakkauksen osat sopivat Shimano BR-sarjan, kuten BR-C501, BR-M575 ja monien muiden, sek\u00e4 BR-T-, BR-MT- ja BR-UR-sarjan jarrumalleihin. Sarja soveltuu kahden polkupy\u00f6r\u00e4n jarrujen yll\u00e4pitoon, varmistaen [...]L\u00e4s mer \u2026 from B05S-RX Hartsipala ja jousi + saksisokka 3 type (pari)","og_url":"https:\/\/vmsport.fi\/sv\/webbutik\/reservdelar\/bromsar\/bromsbelagg\/b05s-rx-resin-bar-och-fjader-saxhylsa-3-typ-par\/","og_site_name":"VM Sport","article_publisher":"https:\/\/www.facebook.com\/Vmsport.fi\/","article_modified_time":"2026-04-23T00:00:53+00:00","og_image":[{"width":572,"height":572,"url":"https:\/\/vmsport.fi\/wp-content\/uploads\/2025\/03\/EBPB05SRXA-B05S-RX-primary-2-jpg-thumb-572-572-1.png","type":"image\/png"}],"twitter_card":"summary_large_image","schema":{"@context":"https:\/\/schema.org","@graph":[{"@type":["WebPage","ItemPage"],"@id":"https:\/\/vmsport.fi\/verkkokauppa\/varaosat\/jarrut\/jarrupalat\/b05s-rx-hartsipala-ja-jousi-saksisokka-3-type-pari\/","url":"https:\/\/vmsport.fi\/verkkokauppa\/varaosat\/jarrut\/jarrupalat\/b05s-rx-hartsipala-ja-jousi-saksisokka-3-type-pari\/","name":"B05S-RX Block och fj\u00e4der av harts + saxhylsa 3 typ (par) - VM Sport","isPartOf":{"@id":"https:\/\/vmsport.fi\/#website"},"primaryImageOfPage":{"@id":"https:\/\/vmsport.fi\/verkkokauppa\/varaosat\/jarrut\/jarrupalat\/b05s-rx-hartsipala-ja-jousi-saksisokka-3-type-pari\/#primaryimage"},"image":{"@id":"https:\/\/vmsport.fi\/verkkokauppa\/varaosat\/jarrut\/jarrupalat\/b05s-rx-hartsipala-ja-jousi-saksisokka-3-type-pari\/#primaryimage"},"thumbnailUrl":"https:\/\/vmsport.fi\/wp-content\/uploads\/2025\/03\/EBPB05SRXA-B05S-RX-primary-2-jpg-thumb-572-572-1.png","datePublished":"2025-03-05T21:38:54+00:00","dateModified":"2026-04-23T00:00:53+00:00","breadcrumb":{"@id":"https:\/\/vmsport.fi\/verkkokauppa\/varaosat\/jarrut\/jarrupalat\/b05s-rx-hartsipala-ja-jousi-saksisokka-3-type-pari\/#breadcrumb"},"inLanguage":"sv-SE","potentialAction":[{"@type":"ReadAction","target":["https:\/\/vmsport.fi\/verkkokauppa\/varaosat\/jarrut\/jarrupalat\/b05s-rx-hartsipala-ja-jousi-saksisokka-3-type-pari\/"]}]},{"@type":"ImageObject","inLanguage":"sv-SE","@id":"https:\/\/vmsport.fi\/verkkokauppa\/varaosat\/jarrut\/jarrupalat\/b05s-rx-hartsipala-ja-jousi-saksisokka-3-type-pari\/#primaryimage","url":"https:\/\/vmsport.fi\/wp-content\/uploads\/2025\/03\/EBPB05SRXA-B05S-RX-primary-2-jpg-thumb-572-572-1.png","contentUrl":"https:\/\/vmsport.fi\/wp-content\/uploads\/2025\/03\/EBPB05SRXA-B05S-RX-primary-2-jpg-thumb-572-572-1.png","width":572,"height":572,"caption":"EBPB05SRXA-B05S-RX-primary-2-jpg-thumb-572-572"},{"@type":"BreadcrumbList","@id":"https:\/\/vmsport.fi\/verkkokauppa\/varaosat\/jarrut\/jarrupalat\/b05s-rx-hartsipala-ja-jousi-saksisokka-3-type-pari\/#breadcrumb","itemListElement":[{"@type":"ListItem","position":1,"name":"Etusivu","item":"https:\/\/vmsport.fi\/"},{"@type":"ListItem","position":2,"name":"Online Store","item":"https:\/\/vmsport.fi\/en\/online-store\/"},{"@type":"ListItem","position":3,"name":"B05S-RX Hartsipala ja jousi + saksisokka 3 type (pari)"}]},{"@type":"WebSite","@id":"https:\/\/vmsport.fi\/#website","url":"https:\/\/vmsport.fi\/","name":"Vmsport","description":"Allt p\u00e5 ett st\u00e4lle f\u00f6r cykling","publisher":{"@id":"https:\/\/vmsport.fi\/#organization"},"potentialAction":[{"@type":"SearchAction","target":{"@type":"EntryPoint","urlTemplate":"https:\/\/vmsport.fi\/?s={search_term_string}"},"query-input":{"@type":"PropertyValueSpecification","valueRequired":true,"valueName":"search_term_string"}}],"inLanguage":"sv-SE"},{"@type":"Organization","@id":"https:\/\/vmsport.fi\/#organization","name":"Vmsport","url":"https:\/\/vmsport.fi\/","logo":{"@type":"ImageObject","inLanguage":"sv-SE","@id":"https:\/\/vmsport.fi\/#\/schema\/logo\/image\/","url":"https:\/\/vmsport.fi\/wp-content\/uploads\/2024\/12\/vm_sport_RGB_horisontal-e1734526017575.png","contentUrl":"https:\/\/vmsport.fi\/wp-content\/uploads\/2024\/12\/vm_sport_RGB_horisontal-e1734526017575.png","width":668,"height":85,"caption":"Vmsport"},"image":{"@id":"https:\/\/vmsport.fi\/#\/schema\/logo\/image\/"},"sameAs":["https:\/\/www.facebook.com\/Vmsport.fi\/","https:\/\/www.instagram.com\/vmsport\/"]}]}},"global_unique_id":"","_links":{"self":[{"href":"https:\/\/vmsport.fi\/sv\/wp-json\/wp\/v2\/product\/53258","targetHints":{"allow":["GET"]}}],"collection":[{"href":"https:\/\/vmsport.fi\/sv\/wp-json\/wp\/v2\/product"}],"about":[{"href":"https:\/\/vmsport.fi\/sv\/wp-json\/wp\/v2\/types\/product"}],"replies":[{"embeddable":true,"href":"https:\/\/vmsport.fi\/sv\/wp-json\/wp\/v2\/comments?post=53258"}],"wp:featuredmedia":[{"embeddable":true,"href":"https:\/\/vmsport.fi\/sv\/wp-json\/wp\/v2\/media\/53257"}],"wp:attachment":[{"href":"https:\/\/vmsport.fi\/sv\/wp-json\/wp\/v2\/media?parent=53258"}],"wp:term":[{"taxonomy":"product_brand","embeddable":true,"href":"https:\/\/vmsport.fi\/sv\/wp-json\/wp\/v2\/product_brand?post=53258"},{"taxonomy":"product_model","embeddable":true,"href":"https:\/\/vmsport.fi\/sv\/wp-json\/wp\/v2\/product_model?post=53258"},{"taxonomy":"product_cat","embeddable":true,"href":"https:\/\/vmsport.fi\/sv\/wp-json\/wp\/v2\/product_cat?post=53258"},{"taxonomy":"product_tag","embeddable":true,"href":"https:\/\/vmsport.fi\/sv\/wp-json\/wp\/v2\/product_tag?post=53258"},{"taxonomy":"industry_terminology","embeddable":true,"href":"https:\/\/vmsport.fi\/sv\/wp-json\/wp\/v2\/industry-terminology?post=53258"}],"curies":[{"name":"wp","href":"https:\/\/api.w.org\/{rel}","templated":true}]}}