{"id":53249,"date":"2025-03-05T23:38:51","date_gmt":"2025-03-05T21:38:51","guid":{"rendered":"https:\/\/vmsport.fi\/verkkokauppa\/Ei-luokiteltu\/muc-off-e-mtb-kit-day-of-the-shred\/"},"modified":"2026-04-22T15:06:07","modified_gmt":"2026-04-22T12:06:07","slug":"muc-off-e-mtb-kit-day-of-the-shred","status":"publish","type":"product","link":"https:\/\/vmsport.fi\/sv\/verkkokauppa\/renkaat\/tubeless-tarvikkeet\/tubeless-sarjat-ja-osat\/muc-off-e-mtb-kit-day-of-the-shred\/","title":{"rendered":"MUC-OFF E-MTB-kit Day Of The Shred"},"content":{"rendered":"<p>MUC-OFF E-MTB Kit Day Of The Shred erbjuder premiumskydd f\u00f6r din e-mountainbike och ett snyggt utseende. Om du vill skydda din cykel och samtidigt l\u00e4gga till en personlig touch, sm\u00e4lter d\u00f6dskalle- och blomm\u00f6nstren s\u00f6ml\u00f6st samman med palmbladen. Oavsett hur varierande rutter du cyklar kommer det h\u00e4r setet att se till att din cykels grafik f\u00f6rblir aktuell och v\u00e4l skyddad. Eftersom satsen \u00e4r utformad f\u00f6r att st\u00e5 emot slitage kan du vara s\u00e4ker p\u00e5 att din cykels grafik kommer att f\u00f6rbli ljus under l\u00e5ng tid. Dessutom garanterar den enkla installationen att du snabbt f\u00e5r en ny look p\u00e5 din cykel.<\/p>","protected":false},"excerpt":{"rendered":"<p>MUC-OFF E-MTB Kit Day Of The Shred tarjoaa ensiluokkaisen suojan s\u00e4hk\u00f6maastopy\u00f6r\u00e4llesi sek\u00e4 tyylikk\u00e4\u00e4n ulkon\u00e4\u00f6n. Jos haluat suojata py\u00f6r\u00e4\u00e4si ja samalla lis\u00e4t\u00e4 siihen persoonallista ilmett\u00e4, kallo- ja kukkakuviot yhdistyv\u00e4t saumattomasti palmunlehtien kanssa. Huolimatta siit\u00e4, miten vaihtelevia reittej\u00e4 ajat, t\u00e4m\u00e4 sarja varmistaa, ett\u00e4 py\u00f6r\u00e4si grafiikka s\u00e4ilyy ajankohtaisena ja hyvin suojattuna. Koska sarja on suunniteltu kest\u00e4m\u00e4\u00e4n kulutusta, voit [&#8230;]<\/p>\n<p><a class=\"btn btn-secondary understrap-read-more-link\" href=\"https:\/\/vmsport.fi\/sv\/verkkokauppa\/renkaat\/tubeless-tarvikkeet\/tubeless-sarjat-ja-osat\/muc-off-e-mtb-kit-day-of-the-shred\/\">L\u00e4s mer \u2026<span class=\"screen-reader-text\"> from MUC-OFF E-MTB kit Day Of The Shred<\/span><\/a><\/p>\n","protected":false},"featured_media":53248,"comment_status":"open","ping_status":"closed","template":"","meta":{"_acf_changed":false,"_improvement_type_select":"improve_an_existing","_thumb_yes_seoaic":false,"_frame_yes_seoaic":false,"seoaic_generate_description":"","seoaic_improve_instructions_prompt":"","seoaic_rollback_content_improvement":"","seoaic_idea_thumbnail_generator":"","thumbnail_generated":false,"thumbnail_generate_prompt":"","seoaic_article_description":"","_supplier_stock_quantity":0},"product_brand":[1584],"product_model":[],"product_cat":[9364],"product_tag":[],"industry-terminology":[],"class_list":{"0":"post-53249","1":"product","2":"type-product","3":"status-publish","4":"has-post-thumbnail","6":"product_brand-muc-off","7":"product_cat-tubeless-sarjat-ja-osat","9":"first","10":"instock","11":"taxable","12":"shipping-taxable","13":"purchasable","14":"product-type-simple"},"acf":{"bike_features":null,"overview":{"copy_overview":null,"key_features":null,"statement":"","youtube_url":""}},"yoast_head":"<!-- This site is optimized with the Yoast SEO plugin v27.4 - https:\/\/yoast.com\/product\/yoast-seo-wordpress\/ -->\n<title>MUC-OFF E-MTB kit Day Of The Shred - VM Sport<\/title>\n<meta name=\"robots\" content=\"index, follow, max-snippet:-1, max-image-preview:large, max-video-preview:-1\" \/>\n<link rel=\"canonical\" href=\"https:\/\/vmsport.fi\/sv\/webbutik\/dack\/slanglosa-tillbehor\/slanglosa-satser-och-delar\/muc-off-e-mtb-kit-day-of-the-shred\/\" \/>\n<meta property=\"og:locale\" content=\"sv_SE\" \/>\n<meta property=\"og:type\" content=\"article\" \/>\n<meta property=\"og:title\" content=\"MUC-OFF E-MTB kit Day Of The Shred - VM Sport\" \/>\n<meta property=\"og:description\" content=\"MUC-OFF E-MTB Kit Day Of The Shred tarjoaa ensiluokkaisen suojan s\u00e4hk\u00f6maastopy\u00f6r\u00e4llesi sek\u00e4 tyylikk\u00e4\u00e4n ulkon\u00e4\u00f6n. Jos haluat suojata py\u00f6r\u00e4\u00e4si ja samalla lis\u00e4t\u00e4 siihen persoonallista ilmett\u00e4, kallo- ja kukkakuviot yhdistyv\u00e4t saumattomasti palmunlehtien kanssa. Huolimatta siit\u00e4, miten vaihtelevia reittej\u00e4 ajat, t\u00e4m\u00e4 sarja varmistaa, ett\u00e4 py\u00f6r\u00e4si grafiikka s\u00e4ilyy ajankohtaisena ja hyvin suojattuna. Koska sarja on suunniteltu kest\u00e4m\u00e4\u00e4n kulutusta, voit [...]L\u00e4s mer \u2026 from MUC-OFF E-MTB kit Day Of The Shred\" \/>\n<meta property=\"og:url\" content=\"https:\/\/vmsport.fi\/sv\/webbutik\/dack\/slanglosa-tillbehor\/slanglosa-satser-och-delar\/muc-off-e-mtb-kit-day-of-the-shred\/\" \/>\n<meta property=\"og:site_name\" content=\"VM Sport\" \/>\n<meta property=\"article:publisher\" content=\"https:\/\/www.facebook.com\/Vmsport.fi\/\" \/>\n<meta property=\"article:modified_time\" content=\"2026-04-22T12:06:07+00:00\" \/>\n<meta property=\"og:image\" content=\"https:\/\/vmsport.fi\/wp-content\/uploads\/2025\/03\/uLHSNQqoTBcd4oePyI7iFAypnGjYC3BwBLUQ207CQZJuOoIXy3-1.jpg\" \/>\n\t<meta property=\"og:image:width\" content=\"800\" \/>\n\t<meta property=\"og:image:height\" content=\"800\" \/>\n\t<meta property=\"og:image:type\" content=\"image\/jpeg\" \/>\n<meta name=\"twitter:card\" content=\"summary_large_image\" \/>\n<script type=\"application\/ld+json\" class=\"yoast-schema-graph\">{\"@context\":\"https:\\\/\\\/schema.org\",\"@graph\":[{\"@type\":[\"WebPage\",\"ItemPage\"],\"@id\":\"https:\\\/\\\/vmsport.fi\\\/verkkokauppa\\\/renkaat\\\/tubeless-tarvikkeet\\\/tubeless-sarjat-ja-osat\\\/muc-off-e-mtb-kit-day-of-the-shred\\\/\",\"url\":\"https:\\\/\\\/vmsport.fi\\\/verkkokauppa\\\/renkaat\\\/tubeless-tarvikkeet\\\/tubeless-sarjat-ja-osat\\\/muc-off-e-mtb-kit-day-of-the-shred\\\/\",\"name\":\"MUC-OFF E-MTB kit Day Of The Shred - VM Sport\",\"isPartOf\":{\"@id\":\"https:\\\/\\\/vmsport.fi\\\/#website\"},\"primaryImageOfPage\":{\"@id\":\"https:\\\/\\\/vmsport.fi\\\/verkkokauppa\\\/renkaat\\\/tubeless-tarvikkeet\\\/tubeless-sarjat-ja-osat\\\/muc-off-e-mtb-kit-day-of-the-shred\\\/#primaryimage\"},\"image\":{\"@id\":\"https:\\\/\\\/vmsport.fi\\\/verkkokauppa\\\/renkaat\\\/tubeless-tarvikkeet\\\/tubeless-sarjat-ja-osat\\\/muc-off-e-mtb-kit-day-of-the-shred\\\/#primaryimage\"},\"thumbnailUrl\":\"https:\\\/\\\/vmsport.fi\\\/wp-content\\\/uploads\\\/2025\\\/03\\\/uLHSNQqoTBcd4oePyI7iFAypnGjYC3BwBLUQ207CQZJuOoIXy3-1.jpg\",\"datePublished\":\"2025-03-05T21:38:51+00:00\",\"dateModified\":\"2026-04-22T12:06:07+00:00\",\"breadcrumb\":{\"@id\":\"https:\\\/\\\/vmsport.fi\\\/verkkokauppa\\\/renkaat\\\/tubeless-tarvikkeet\\\/tubeless-sarjat-ja-osat\\\/muc-off-e-mtb-kit-day-of-the-shred\\\/#breadcrumb\"},\"inLanguage\":\"sv-SE\",\"potentialAction\":[{\"@type\":\"ReadAction\",\"target\":[\"https:\\\/\\\/vmsport.fi\\\/verkkokauppa\\\/renkaat\\\/tubeless-tarvikkeet\\\/tubeless-sarjat-ja-osat\\\/muc-off-e-mtb-kit-day-of-the-shred\\\/\"]}]},{\"@type\":\"ImageObject\",\"inLanguage\":\"sv-SE\",\"@id\":\"https:\\\/\\\/vmsport.fi\\\/verkkokauppa\\\/renkaat\\\/tubeless-tarvikkeet\\\/tubeless-sarjat-ja-osat\\\/muc-off-e-mtb-kit-day-of-the-shred\\\/#primaryimage\",\"url\":\"https:\\\/\\\/vmsport.fi\\\/wp-content\\\/uploads\\\/2025\\\/03\\\/uLHSNQqoTBcd4oePyI7iFAypnGjYC3BwBLUQ207CQZJuOoIXy3-1.jpg\",\"contentUrl\":\"https:\\\/\\\/vmsport.fi\\\/wp-content\\\/uploads\\\/2025\\\/03\\\/uLHSNQqoTBcd4oePyI7iFAypnGjYC3BwBLUQ207CQZJuOoIXy3-1.jpg\",\"width\":800,\"height\":800,\"caption\":\"uLHSNQqoTBcd4oePyI7iFAypnGjYC3BwBLUQ207CQZJuOoIXy3\"},{\"@type\":\"BreadcrumbList\",\"@id\":\"https:\\\/\\\/vmsport.fi\\\/verkkokauppa\\\/renkaat\\\/tubeless-tarvikkeet\\\/tubeless-sarjat-ja-osat\\\/muc-off-e-mtb-kit-day-of-the-shred\\\/#breadcrumb\",\"itemListElement\":[{\"@type\":\"ListItem\",\"position\":1,\"name\":\"Etusivu\",\"item\":\"https:\\\/\\\/vmsport.fi\\\/\"},{\"@type\":\"ListItem\",\"position\":2,\"name\":\"Online Store\",\"item\":\"https:\\\/\\\/vmsport.fi\\\/en\\\/online-store\\\/\"},{\"@type\":\"ListItem\",\"position\":3,\"name\":\"MUC-OFF E-MTB kit Day Of The Shred\"}]},{\"@type\":\"WebSite\",\"@id\":\"https:\\\/\\\/vmsport.fi\\\/#website\",\"url\":\"https:\\\/\\\/vmsport.fi\\\/\",\"name\":\"Vmsport\",\"description\":\"Kaikki py\u00f6r\u00e4ilyyn yhdest\u00e4 paikasta\",\"publisher\":{\"@id\":\"https:\\\/\\\/vmsport.fi\\\/#organization\"},\"potentialAction\":[{\"@type\":\"SearchAction\",\"target\":{\"@type\":\"EntryPoint\",\"urlTemplate\":\"https:\\\/\\\/vmsport.fi\\\/?s={search_term_string}\"},\"query-input\":{\"@type\":\"PropertyValueSpecification\",\"valueRequired\":true,\"valueName\":\"search_term_string\"}}],\"inLanguage\":\"sv-SE\"},{\"@type\":\"Organization\",\"@id\":\"https:\\\/\\\/vmsport.fi\\\/#organization\",\"name\":\"Vmsport\",\"url\":\"https:\\\/\\\/vmsport.fi\\\/\",\"logo\":{\"@type\":\"ImageObject\",\"inLanguage\":\"sv-SE\",\"@id\":\"https:\\\/\\\/vmsport.fi\\\/#\\\/schema\\\/logo\\\/image\\\/\",\"url\":\"https:\\\/\\\/vmsport.fi\\\/wp-content\\\/uploads\\\/2024\\\/12\\\/vm_sport_RGB_horisontal-e1734526017575.png\",\"contentUrl\":\"https:\\\/\\\/vmsport.fi\\\/wp-content\\\/uploads\\\/2024\\\/12\\\/vm_sport_RGB_horisontal-e1734526017575.png\",\"width\":668,\"height\":85,\"caption\":\"Vmsport\"},\"image\":{\"@id\":\"https:\\\/\\\/vmsport.fi\\\/#\\\/schema\\\/logo\\\/image\\\/\"},\"sameAs\":[\"https:\\\/\\\/www.facebook.com\\\/Vmsport.fi\\\/\",\"https:\\\/\\\/www.instagram.com\\\/vmsport\\\/\"]}]}<\/script>\n<!-- \/ Yoast SEO plugin. -->","yoast_head_json":{"title":"MUC-OFF E-MTB-kit Day of the Shred - VM Sport","robots":{"index":"index","follow":"follow","max-snippet":"max-snippet:-1","max-image-preview":"max-image-preview:large","max-video-preview":"max-video-preview:-1"},"canonical":"https:\/\/vmsport.fi\/sv\/webbutik\/dack\/slanglosa-tillbehor\/slanglosa-satser-och-delar\/muc-off-e-mtb-kit-day-of-the-shred\/","og_locale":"sv_SE","og_type":"article","og_title":"MUC-OFF E-MTB kit Day Of The Shred - VM Sport","og_description":"MUC-OFF E-MTB Kit Day Of The Shred tarjoaa ensiluokkaisen suojan s\u00e4hk\u00f6maastopy\u00f6r\u00e4llesi sek\u00e4 tyylikk\u00e4\u00e4n ulkon\u00e4\u00f6n. Jos haluat suojata py\u00f6r\u00e4\u00e4si ja samalla lis\u00e4t\u00e4 siihen persoonallista ilmett\u00e4, kallo- ja kukkakuviot yhdistyv\u00e4t saumattomasti palmunlehtien kanssa. Huolimatta siit\u00e4, miten vaihtelevia reittej\u00e4 ajat, t\u00e4m\u00e4 sarja varmistaa, ett\u00e4 py\u00f6r\u00e4si grafiikka s\u00e4ilyy ajankohtaisena ja hyvin suojattuna. Koska sarja on suunniteltu kest\u00e4m\u00e4\u00e4n kulutusta, voit [...]L\u00e4s mer \u2026 from MUC-OFF E-MTB kit Day Of The Shred","og_url":"https:\/\/vmsport.fi\/sv\/webbutik\/dack\/slanglosa-tillbehor\/slanglosa-satser-och-delar\/muc-off-e-mtb-kit-day-of-the-shred\/","og_site_name":"VM Sport","article_publisher":"https:\/\/www.facebook.com\/Vmsport.fi\/","article_modified_time":"2026-04-22T12:06:07+00:00","og_image":[{"width":800,"height":800,"url":"https:\/\/vmsport.fi\/wp-content\/uploads\/2025\/03\/uLHSNQqoTBcd4oePyI7iFAypnGjYC3BwBLUQ207CQZJuOoIXy3-1.jpg","type":"image\/jpeg"}],"twitter_card":"summary_large_image","schema":{"@context":"https:\/\/schema.org","@graph":[{"@type":["WebPage","ItemPage"],"@id":"https:\/\/vmsport.fi\/verkkokauppa\/renkaat\/tubeless-tarvikkeet\/tubeless-sarjat-ja-osat\/muc-off-e-mtb-kit-day-of-the-shred\/","url":"https:\/\/vmsport.fi\/verkkokauppa\/renkaat\/tubeless-tarvikkeet\/tubeless-sarjat-ja-osat\/muc-off-e-mtb-kit-day-of-the-shred\/","name":"MUC-OFF E-MTB-kit Day of the Shred - VM Sport","isPartOf":{"@id":"https:\/\/vmsport.fi\/#website"},"primaryImageOfPage":{"@id":"https:\/\/vmsport.fi\/verkkokauppa\/renkaat\/tubeless-tarvikkeet\/tubeless-sarjat-ja-osat\/muc-off-e-mtb-kit-day-of-the-shred\/#primaryimage"},"image":{"@id":"https:\/\/vmsport.fi\/verkkokauppa\/renkaat\/tubeless-tarvikkeet\/tubeless-sarjat-ja-osat\/muc-off-e-mtb-kit-day-of-the-shred\/#primaryimage"},"thumbnailUrl":"https:\/\/vmsport.fi\/wp-content\/uploads\/2025\/03\/uLHSNQqoTBcd4oePyI7iFAypnGjYC3BwBLUQ207CQZJuOoIXy3-1.jpg","datePublished":"2025-03-05T21:38:51+00:00","dateModified":"2026-04-22T12:06:07+00:00","breadcrumb":{"@id":"https:\/\/vmsport.fi\/verkkokauppa\/renkaat\/tubeless-tarvikkeet\/tubeless-sarjat-ja-osat\/muc-off-e-mtb-kit-day-of-the-shred\/#breadcrumb"},"inLanguage":"sv-SE","potentialAction":[{"@type":"ReadAction","target":["https:\/\/vmsport.fi\/verkkokauppa\/renkaat\/tubeless-tarvikkeet\/tubeless-sarjat-ja-osat\/muc-off-e-mtb-kit-day-of-the-shred\/"]}]},{"@type":"ImageObject","inLanguage":"sv-SE","@id":"https:\/\/vmsport.fi\/verkkokauppa\/renkaat\/tubeless-tarvikkeet\/tubeless-sarjat-ja-osat\/muc-off-e-mtb-kit-day-of-the-shred\/#primaryimage","url":"https:\/\/vmsport.fi\/wp-content\/uploads\/2025\/03\/uLHSNQqoTBcd4oePyI7iFAypnGjYC3BwBLUQ207CQZJuOoIXy3-1.jpg","contentUrl":"https:\/\/vmsport.fi\/wp-content\/uploads\/2025\/03\/uLHSNQqoTBcd4oePyI7iFAypnGjYC3BwBLUQ207CQZJuOoIXy3-1.jpg","width":800,"height":800,"caption":"uLHSNQqoTBcd4oePyI7iFAypnGjYC3BwBLUQ207CQZJuOoIXy3"},{"@type":"BreadcrumbList","@id":"https:\/\/vmsport.fi\/verkkokauppa\/renkaat\/tubeless-tarvikkeet\/tubeless-sarjat-ja-osat\/muc-off-e-mtb-kit-day-of-the-shred\/#breadcrumb","itemListElement":[{"@type":"ListItem","position":1,"name":"Etusivu","item":"https:\/\/vmsport.fi\/"},{"@type":"ListItem","position":2,"name":"Online Store","item":"https:\/\/vmsport.fi\/en\/online-store\/"},{"@type":"ListItem","position":3,"name":"MUC-OFF E-MTB kit Day Of The Shred"}]},{"@type":"WebSite","@id":"https:\/\/vmsport.fi\/#website","url":"https:\/\/vmsport.fi\/","name":"Vmsport","description":"Allt p\u00e5 ett st\u00e4lle f\u00f6r cykling","publisher":{"@id":"https:\/\/vmsport.fi\/#organization"},"potentialAction":[{"@type":"SearchAction","target":{"@type":"EntryPoint","urlTemplate":"https:\/\/vmsport.fi\/?s={search_term_string}"},"query-input":{"@type":"PropertyValueSpecification","valueRequired":true,"valueName":"search_term_string"}}],"inLanguage":"sv-SE"},{"@type":"Organization","@id":"https:\/\/vmsport.fi\/#organization","name":"Vmsport","url":"https:\/\/vmsport.fi\/","logo":{"@type":"ImageObject","inLanguage":"sv-SE","@id":"https:\/\/vmsport.fi\/#\/schema\/logo\/image\/","url":"https:\/\/vmsport.fi\/wp-content\/uploads\/2024\/12\/vm_sport_RGB_horisontal-e1734526017575.png","contentUrl":"https:\/\/vmsport.fi\/wp-content\/uploads\/2024\/12\/vm_sport_RGB_horisontal-e1734526017575.png","width":668,"height":85,"caption":"Vmsport"},"image":{"@id":"https:\/\/vmsport.fi\/#\/schema\/logo\/image\/"},"sameAs":["https:\/\/www.facebook.com\/Vmsport.fi\/","https:\/\/www.instagram.com\/vmsport\/"]}]}},"global_unique_id":"","_links":{"self":[{"href":"https:\/\/vmsport.fi\/sv\/wp-json\/wp\/v2\/product\/53249","targetHints":{"allow":["GET"]}}],"collection":[{"href":"https:\/\/vmsport.fi\/sv\/wp-json\/wp\/v2\/product"}],"about":[{"href":"https:\/\/vmsport.fi\/sv\/wp-json\/wp\/v2\/types\/product"}],"replies":[{"embeddable":true,"href":"https:\/\/vmsport.fi\/sv\/wp-json\/wp\/v2\/comments?post=53249"}],"wp:featuredmedia":[{"embeddable":true,"href":"https:\/\/vmsport.fi\/sv\/wp-json\/wp\/v2\/media\/53248"}],"wp:attachment":[{"href":"https:\/\/vmsport.fi\/sv\/wp-json\/wp\/v2\/media?parent=53249"}],"wp:term":[{"taxonomy":"product_brand","embeddable":true,"href":"https:\/\/vmsport.fi\/sv\/wp-json\/wp\/v2\/product_brand?post=53249"},{"taxonomy":"product_model","embeddable":true,"href":"https:\/\/vmsport.fi\/sv\/wp-json\/wp\/v2\/product_model?post=53249"},{"taxonomy":"product_cat","embeddable":true,"href":"https:\/\/vmsport.fi\/sv\/wp-json\/wp\/v2\/product_cat?post=53249"},{"taxonomy":"product_tag","embeddable":true,"href":"https:\/\/vmsport.fi\/sv\/wp-json\/wp\/v2\/product_tag?post=53249"},{"taxonomy":"industry_terminology","embeddable":true,"href":"https:\/\/vmsport.fi\/sv\/wp-json\/wp\/v2\/industry-terminology?post=53249"}],"curies":[{"name":"wp","href":"https:\/\/api.w.org\/{rel}","templated":true}]}}