{"id":53239,"date":"2025-03-05T23:38:47","date_gmt":"2025-03-05T21:38:47","guid":{"rendered":"https:\/\/vmsport.fi\/verkkokauppa\/Ei-luokiteltu\/sks-stay-mounting-clamps-37-40-mm\/"},"modified":"2026-01-16T13:25:06","modified_gmt":"2026-01-16T11:25:06","slug":"sks-stay-mounting-clamps-37-40-mm","status":"publish","type":"product","link":"https:\/\/vmsport.fi\/sv\/verkkokauppa\/tarvikkeet\/lokasuojat\/sks-stay-mounting-clamps-37-40-mm\/","title":{"rendered":"SKS stagmonteringskl\u00e4mmor 37-40 mm"},"content":{"rendered":"<p>SKS Stay Mounting Clamps on suunniteltu 37-40 mm:n py\u00f6r\u00e4n runkokoille. Ne varmistavat py\u00f6r\u00e4n osien tukevan ja vakaan kiinnityksen, joten ne soveltuvat monenlaisiin runkomalleihin ja k\u00e4ytt\u00f6tarkoituksiin. Tuotteessa on k\u00e4yt\u00e4nn\u00f6llinen muotoilu, joka mahdollistaa helpon ja suoran asennuksen sek\u00e4 erityiset kiinnitykset joustohaarukoille. Mukana toimitetaan asennukseen tarvittavat ruuvit, ja tuotetta myyd\u00e4\u00e4n pareittain. T\u00e4m\u00e4 tekee niist\u00e4 ihanteellisen valinnan py\u00f6r\u00e4ilij\u00f6ille, jotka haluavat parantaa py\u00f6r\u00e4ns\u00e4 komponenttien tukevuutta ja luotettavuutta.<\/p>","protected":false},"excerpt":{"rendered":"<p>SKS Stay Mounting Clamps on suunniteltu 37-40 mm:n py\u00f6r\u00e4n runkokoille. Ne varmistavat py\u00f6r\u00e4n osien tukevan ja vakaan kiinnityksen, joten ne soveltuvat monenlaisiin runkomalleihin ja k\u00e4ytt\u00f6tarkoituksiin. Tuotteessa on k\u00e4yt\u00e4nn\u00f6llinen muotoilu, joka mahdollistaa helpon ja suoran asennuksen sek\u00e4 erityiset kiinnitykset joustohaarukoille. Mukana toimitetaan asennukseen tarvittavat ruuvit, ja tuotetta myyd\u00e4\u00e4n pareittain. T\u00e4m\u00e4 tekee niist\u00e4 ihanteellisen valinnan py\u00f6r\u00e4ilij\u00f6ille, jotka [&#8230;]<\/p>\n<p><a class=\"btn btn-secondary understrap-read-more-link\" href=\"https:\/\/vmsport.fi\/sv\/verkkokauppa\/tarvikkeet\/lokasuojat\/sks-stay-mounting-clamps-37-40-mm\/\">L\u00e4s mer \u2026<span class=\"screen-reader-text\"> from SKS Stay Mounting Clamps 37-40 mm<\/span><\/a><\/p>\n","protected":false},"featured_media":53238,"comment_status":"open","ping_status":"closed","template":"","meta":{"_acf_changed":false,"_improvement_type_select":"improve_an_existing","_thumb_yes_seoaic":false,"_frame_yes_seoaic":false,"seoaic_generate_description":"","seoaic_improve_instructions_prompt":"","seoaic_rollback_content_improvement":"","seoaic_idea_thumbnail_generator":"","thumbnail_generated":false,"thumbnail_generate_prompt":"","seoaic_article_description":"","_supplier_stock_quantity":0},"product_brand":[1583],"product_model":[],"product_cat":[9284],"product_tag":[],"industry-terminology":[],"class_list":{"0":"post-53239","1":"product","2":"type-product","3":"status-publish","4":"has-post-thumbnail","6":"product_brand-sks-germany","7":"product_cat-lokasuojat","9":"first","10":"instock","11":"taxable","12":"shipping-taxable","13":"purchasable","14":"product-type-simple"},"acf":{"bike_features":null,"overview":{"copy_overview":null,"key_features":null,"statement":"","youtube_url":""}},"yoast_head":"<!-- This site is optimized with the Yoast SEO plugin v27.3 - https:\/\/yoast.com\/product\/yoast-seo-wordpress\/ -->\n<title>SKS Stay Mounting Clamps 37-40 mm - VM Sport<\/title>\n<meta name=\"robots\" content=\"index, follow, max-snippet:-1, max-image-preview:large, max-video-preview:-1\" \/>\n<link rel=\"canonical\" href=\"https:\/\/vmsport.fi\/sv\/webbutik\/tillbehor\/stankskarmar\/sks-stay-mounting-clamps-37-40-mm\/\" \/>\n<meta property=\"og:locale\" content=\"sv_SE\" \/>\n<meta property=\"og:type\" content=\"article\" \/>\n<meta property=\"og:title\" content=\"SKS Stay Mounting Clamps 37-40 mm - VM Sport\" \/>\n<meta property=\"og:description\" content=\"SKS Stay Mounting Clamps on suunniteltu 37-40 mm:n py\u00f6r\u00e4n runkokoille. Ne varmistavat py\u00f6r\u00e4n osien tukevan ja vakaan kiinnityksen, joten ne soveltuvat monenlaisiin runkomalleihin ja k\u00e4ytt\u00f6tarkoituksiin. Tuotteessa on k\u00e4yt\u00e4nn\u00f6llinen muotoilu, joka mahdollistaa helpon ja suoran asennuksen sek\u00e4 erityiset kiinnitykset joustohaarukoille. Mukana toimitetaan asennukseen tarvittavat ruuvit, ja tuotetta myyd\u00e4\u00e4n pareittain. T\u00e4m\u00e4 tekee niist\u00e4 ihanteellisen valinnan py\u00f6r\u00e4ilij\u00f6ille, jotka [...]L\u00e4s mer \u2026 from SKS Stay Mounting Clamps 37-40 mm\" \/>\n<meta property=\"og:url\" content=\"https:\/\/vmsport.fi\/sv\/webbutik\/tillbehor\/stankskarmar\/sks-stay-mounting-clamps-37-40-mm\/\" \/>\n<meta property=\"og:site_name\" content=\"VM Sport\" \/>\n<meta property=\"article:publisher\" content=\"https:\/\/www.facebook.com\/Vmsport.fi\/\" \/>\n<meta property=\"article:modified_time\" content=\"2026-01-16T11:25:06+00:00\" \/>\n<meta property=\"og:image\" content=\"https:\/\/vmsport.fi\/wp-content\/uploads\/2025\/03\/HUeyzKzm4iniTrjDLeOQKdfQYJSM35BBo6X8udCx05emE8lv5o-1.jpg\" \/>\n\t<meta property=\"og:image:width\" content=\"800\" \/>\n\t<meta property=\"og:image:height\" content=\"869\" \/>\n\t<meta property=\"og:image:type\" content=\"image\/jpeg\" \/>\n<meta name=\"twitter:card\" content=\"summary_large_image\" \/>\n<script type=\"application\/ld+json\" class=\"yoast-schema-graph\">{\"@context\":\"https:\\\/\\\/schema.org\",\"@graph\":[{\"@type\":[\"WebPage\",\"ItemPage\"],\"@id\":\"https:\\\/\\\/vmsport.fi\\\/verkkokauppa\\\/tarvikkeet\\\/lokasuojat\\\/sks-stay-mounting-clamps-37-40-mm\\\/\",\"url\":\"https:\\\/\\\/vmsport.fi\\\/verkkokauppa\\\/tarvikkeet\\\/lokasuojat\\\/sks-stay-mounting-clamps-37-40-mm\\\/\",\"name\":\"SKS Stay Mounting Clamps 37-40 mm - VM Sport\",\"isPartOf\":{\"@id\":\"https:\\\/\\\/vmsport.fi\\\/#website\"},\"primaryImageOfPage\":{\"@id\":\"https:\\\/\\\/vmsport.fi\\\/verkkokauppa\\\/tarvikkeet\\\/lokasuojat\\\/sks-stay-mounting-clamps-37-40-mm\\\/#primaryimage\"},\"image\":{\"@id\":\"https:\\\/\\\/vmsport.fi\\\/verkkokauppa\\\/tarvikkeet\\\/lokasuojat\\\/sks-stay-mounting-clamps-37-40-mm\\\/#primaryimage\"},\"thumbnailUrl\":\"https:\\\/\\\/vmsport.fi\\\/wp-content\\\/uploads\\\/2025\\\/03\\\/HUeyzKzm4iniTrjDLeOQKdfQYJSM35BBo6X8udCx05emE8lv5o-1.jpg\",\"datePublished\":\"2025-03-05T21:38:47+00:00\",\"dateModified\":\"2026-01-16T11:25:06+00:00\",\"breadcrumb\":{\"@id\":\"https:\\\/\\\/vmsport.fi\\\/verkkokauppa\\\/tarvikkeet\\\/lokasuojat\\\/sks-stay-mounting-clamps-37-40-mm\\\/#breadcrumb\"},\"inLanguage\":\"sv-SE\",\"potentialAction\":[{\"@type\":\"ReadAction\",\"target\":[\"https:\\\/\\\/vmsport.fi\\\/verkkokauppa\\\/tarvikkeet\\\/lokasuojat\\\/sks-stay-mounting-clamps-37-40-mm\\\/\"]}]},{\"@type\":\"ImageObject\",\"inLanguage\":\"sv-SE\",\"@id\":\"https:\\\/\\\/vmsport.fi\\\/verkkokauppa\\\/tarvikkeet\\\/lokasuojat\\\/sks-stay-mounting-clamps-37-40-mm\\\/#primaryimage\",\"url\":\"https:\\\/\\\/vmsport.fi\\\/wp-content\\\/uploads\\\/2025\\\/03\\\/HUeyzKzm4iniTrjDLeOQKdfQYJSM35BBo6X8udCx05emE8lv5o-1.jpg\",\"contentUrl\":\"https:\\\/\\\/vmsport.fi\\\/wp-content\\\/uploads\\\/2025\\\/03\\\/HUeyzKzm4iniTrjDLeOQKdfQYJSM35BBo6X8udCx05emE8lv5o-1.jpg\",\"width\":800,\"height\":869,\"caption\":\"HUeyzKzm4iniTrjDLeOQKdfQYJSM35BBo6X8udCx05emE8lv5o\"},{\"@type\":\"BreadcrumbList\",\"@id\":\"https:\\\/\\\/vmsport.fi\\\/verkkokauppa\\\/tarvikkeet\\\/lokasuojat\\\/sks-stay-mounting-clamps-37-40-mm\\\/#breadcrumb\",\"itemListElement\":[{\"@type\":\"ListItem\",\"position\":1,\"name\":\"Etusivu\",\"item\":\"https:\\\/\\\/vmsport.fi\\\/\"},{\"@type\":\"ListItem\",\"position\":2,\"name\":\"Online Store\",\"item\":\"https:\\\/\\\/vmsport.fi\\\/en\\\/online-store\\\/\"},{\"@type\":\"ListItem\",\"position\":3,\"name\":\"SKS Stay Mounting Clamps 37-40 mm\"}]},{\"@type\":\"WebSite\",\"@id\":\"https:\\\/\\\/vmsport.fi\\\/#website\",\"url\":\"https:\\\/\\\/vmsport.fi\\\/\",\"name\":\"Vmsport\",\"description\":\"Kaikki py\u00f6r\u00e4ilyyn yhdest\u00e4 paikasta\",\"publisher\":{\"@id\":\"https:\\\/\\\/vmsport.fi\\\/#organization\"},\"potentialAction\":[{\"@type\":\"SearchAction\",\"target\":{\"@type\":\"EntryPoint\",\"urlTemplate\":\"https:\\\/\\\/vmsport.fi\\\/?s={search_term_string}\"},\"query-input\":{\"@type\":\"PropertyValueSpecification\",\"valueRequired\":true,\"valueName\":\"search_term_string\"}}],\"inLanguage\":\"sv-SE\"},{\"@type\":\"Organization\",\"@id\":\"https:\\\/\\\/vmsport.fi\\\/#organization\",\"name\":\"Vmsport\",\"url\":\"https:\\\/\\\/vmsport.fi\\\/\",\"logo\":{\"@type\":\"ImageObject\",\"inLanguage\":\"sv-SE\",\"@id\":\"https:\\\/\\\/vmsport.fi\\\/#\\\/schema\\\/logo\\\/image\\\/\",\"url\":\"https:\\\/\\\/vmsport.fi\\\/wp-content\\\/uploads\\\/2024\\\/12\\\/vm_sport_RGB_horisontal-e1734526017575.png\",\"contentUrl\":\"https:\\\/\\\/vmsport.fi\\\/wp-content\\\/uploads\\\/2024\\\/12\\\/vm_sport_RGB_horisontal-e1734526017575.png\",\"width\":668,\"height\":85,\"caption\":\"Vmsport\"},\"image\":{\"@id\":\"https:\\\/\\\/vmsport.fi\\\/#\\\/schema\\\/logo\\\/image\\\/\"},\"sameAs\":[\"https:\\\/\\\/www.facebook.com\\\/Vmsport.fi\\\/\",\"https:\\\/\\\/www.instagram.com\\\/vmsport\\\/\"]}]}<\/script>\n<!-- \/ Yoast SEO plugin. -->","yoast_head_json":{"title":"SKS Stay Mounting Clamps 37-40 mm - VM Sport","robots":{"index":"index","follow":"follow","max-snippet":"max-snippet:-1","max-image-preview":"max-image-preview:large","max-video-preview":"max-video-preview:-1"},"canonical":"https:\/\/vmsport.fi\/sv\/webbutik\/tillbehor\/stankskarmar\/sks-stay-mounting-clamps-37-40-mm\/","og_locale":"sv_SE","og_type":"article","og_title":"SKS Stay Mounting Clamps 37-40 mm - VM Sport","og_description":"SKS Stay Mounting Clamps on suunniteltu 37-40 mm:n py\u00f6r\u00e4n runkokoille. Ne varmistavat py\u00f6r\u00e4n osien tukevan ja vakaan kiinnityksen, joten ne soveltuvat monenlaisiin runkomalleihin ja k\u00e4ytt\u00f6tarkoituksiin. Tuotteessa on k\u00e4yt\u00e4nn\u00f6llinen muotoilu, joka mahdollistaa helpon ja suoran asennuksen sek\u00e4 erityiset kiinnitykset joustohaarukoille. Mukana toimitetaan asennukseen tarvittavat ruuvit, ja tuotetta myyd\u00e4\u00e4n pareittain. T\u00e4m\u00e4 tekee niist\u00e4 ihanteellisen valinnan py\u00f6r\u00e4ilij\u00f6ille, jotka [...]L\u00e4s mer \u2026 from SKS Stay Mounting Clamps 37-40 mm","og_url":"https:\/\/vmsport.fi\/sv\/webbutik\/tillbehor\/stankskarmar\/sks-stay-mounting-clamps-37-40-mm\/","og_site_name":"VM Sport","article_publisher":"https:\/\/www.facebook.com\/Vmsport.fi\/","article_modified_time":"2026-01-16T11:25:06+00:00","og_image":[{"width":800,"height":869,"url":"https:\/\/vmsport.fi\/wp-content\/uploads\/2025\/03\/HUeyzKzm4iniTrjDLeOQKdfQYJSM35BBo6X8udCx05emE8lv5o-1.jpg","type":"image\/jpeg"}],"twitter_card":"summary_large_image","schema":{"@context":"https:\/\/schema.org","@graph":[{"@type":["WebPage","ItemPage"],"@id":"https:\/\/vmsport.fi\/verkkokauppa\/tarvikkeet\/lokasuojat\/sks-stay-mounting-clamps-37-40-mm\/","url":"https:\/\/vmsport.fi\/verkkokauppa\/tarvikkeet\/lokasuojat\/sks-stay-mounting-clamps-37-40-mm\/","name":"SKS Stay Mounting Clamps 37-40 mm - VM Sport","isPartOf":{"@id":"https:\/\/vmsport.fi\/#website"},"primaryImageOfPage":{"@id":"https:\/\/vmsport.fi\/verkkokauppa\/tarvikkeet\/lokasuojat\/sks-stay-mounting-clamps-37-40-mm\/#primaryimage"},"image":{"@id":"https:\/\/vmsport.fi\/verkkokauppa\/tarvikkeet\/lokasuojat\/sks-stay-mounting-clamps-37-40-mm\/#primaryimage"},"thumbnailUrl":"https:\/\/vmsport.fi\/wp-content\/uploads\/2025\/03\/HUeyzKzm4iniTrjDLeOQKdfQYJSM35BBo6X8udCx05emE8lv5o-1.jpg","datePublished":"2025-03-05T21:38:47+00:00","dateModified":"2026-01-16T11:25:06+00:00","breadcrumb":{"@id":"https:\/\/vmsport.fi\/verkkokauppa\/tarvikkeet\/lokasuojat\/sks-stay-mounting-clamps-37-40-mm\/#breadcrumb"},"inLanguage":"sv-SE","potentialAction":[{"@type":"ReadAction","target":["https:\/\/vmsport.fi\/verkkokauppa\/tarvikkeet\/lokasuojat\/sks-stay-mounting-clamps-37-40-mm\/"]}]},{"@type":"ImageObject","inLanguage":"sv-SE","@id":"https:\/\/vmsport.fi\/verkkokauppa\/tarvikkeet\/lokasuojat\/sks-stay-mounting-clamps-37-40-mm\/#primaryimage","url":"https:\/\/vmsport.fi\/wp-content\/uploads\/2025\/03\/HUeyzKzm4iniTrjDLeOQKdfQYJSM35BBo6X8udCx05emE8lv5o-1.jpg","contentUrl":"https:\/\/vmsport.fi\/wp-content\/uploads\/2025\/03\/HUeyzKzm4iniTrjDLeOQKdfQYJSM35BBo6X8udCx05emE8lv5o-1.jpg","width":800,"height":869,"caption":"HUeyzKzm4iniTrjDLeOQKdfQYJSM35BBo6X8udCx05emE8lv5o"},{"@type":"BreadcrumbList","@id":"https:\/\/vmsport.fi\/verkkokauppa\/tarvikkeet\/lokasuojat\/sks-stay-mounting-clamps-37-40-mm\/#breadcrumb","itemListElement":[{"@type":"ListItem","position":1,"name":"Etusivu","item":"https:\/\/vmsport.fi\/"},{"@type":"ListItem","position":2,"name":"Online Store","item":"https:\/\/vmsport.fi\/en\/online-store\/"},{"@type":"ListItem","position":3,"name":"SKS Stay Mounting Clamps 37-40 mm"}]},{"@type":"WebSite","@id":"https:\/\/vmsport.fi\/#website","url":"https:\/\/vmsport.fi\/","name":"Vmsport","description":"Allt p\u00e5 ett st\u00e4lle f\u00f6r cykling","publisher":{"@id":"https:\/\/vmsport.fi\/#organization"},"potentialAction":[{"@type":"SearchAction","target":{"@type":"EntryPoint","urlTemplate":"https:\/\/vmsport.fi\/?s={search_term_string}"},"query-input":{"@type":"PropertyValueSpecification","valueRequired":true,"valueName":"search_term_string"}}],"inLanguage":"sv-SE"},{"@type":"Organization","@id":"https:\/\/vmsport.fi\/#organization","name":"Vmsport","url":"https:\/\/vmsport.fi\/","logo":{"@type":"ImageObject","inLanguage":"sv-SE","@id":"https:\/\/vmsport.fi\/#\/schema\/logo\/image\/","url":"https:\/\/vmsport.fi\/wp-content\/uploads\/2024\/12\/vm_sport_RGB_horisontal-e1734526017575.png","contentUrl":"https:\/\/vmsport.fi\/wp-content\/uploads\/2024\/12\/vm_sport_RGB_horisontal-e1734526017575.png","width":668,"height":85,"caption":"Vmsport"},"image":{"@id":"https:\/\/vmsport.fi\/#\/schema\/logo\/image\/"},"sameAs":["https:\/\/www.facebook.com\/Vmsport.fi\/","https:\/\/www.instagram.com\/vmsport\/"]}]}},"global_unique_id":"","_links":{"self":[{"href":"https:\/\/vmsport.fi\/sv\/wp-json\/wp\/v2\/product\/53239","targetHints":{"allow":["GET"]}}],"collection":[{"href":"https:\/\/vmsport.fi\/sv\/wp-json\/wp\/v2\/product"}],"about":[{"href":"https:\/\/vmsport.fi\/sv\/wp-json\/wp\/v2\/types\/product"}],"replies":[{"embeddable":true,"href":"https:\/\/vmsport.fi\/sv\/wp-json\/wp\/v2\/comments?post=53239"}],"wp:featuredmedia":[{"embeddable":true,"href":"https:\/\/vmsport.fi\/sv\/wp-json\/wp\/v2\/media\/53238"}],"wp:attachment":[{"href":"https:\/\/vmsport.fi\/sv\/wp-json\/wp\/v2\/media?parent=53239"}],"wp:term":[{"taxonomy":"product_brand","embeddable":true,"href":"https:\/\/vmsport.fi\/sv\/wp-json\/wp\/v2\/product_brand?post=53239"},{"taxonomy":"product_model","embeddable":true,"href":"https:\/\/vmsport.fi\/sv\/wp-json\/wp\/v2\/product_model?post=53239"},{"taxonomy":"product_cat","embeddable":true,"href":"https:\/\/vmsport.fi\/sv\/wp-json\/wp\/v2\/product_cat?post=53239"},{"taxonomy":"product_tag","embeddable":true,"href":"https:\/\/vmsport.fi\/sv\/wp-json\/wp\/v2\/product_tag?post=53239"},{"taxonomy":"industry_terminology","embeddable":true,"href":"https:\/\/vmsport.fi\/sv\/wp-json\/wp\/v2\/industry-terminology?post=53239"}],"curies":[{"name":"wp","href":"https:\/\/api.w.org\/{rel}","templated":true}]}}