{"id":53232,"date":"2025-03-05T23:38:43","date_gmt":"2025-03-05T21:38:43","guid":{"rendered":"https:\/\/vmsport.fi\/verkkokauppa\/Ei-luokiteltu\/poc-ws-motion-rain-jacket\/"},"modified":"2026-03-05T10:05:19","modified_gmt":"2026-03-05T08:05:19","slug":"poc-ws-motion-rain-jacket","status":"publish","type":"product","link":"https:\/\/vmsport.fi\/sv\/verkkokauppa\/ajovarusteet\/vaatteet\/takit-ja-liivit\/poc-ws-motion-rain-jacket\/","title":{"rendered":"POC W's Motion regnjacka"},"content":{"rendered":"<p>POC W&#8217;s Motion Rain Jacket on loistava valinta vaihtelevaan s\u00e4\u00e4h\u00e4n, sill\u00e4 sen vedenpit\u00e4v\u00e4 rakenne varmistaa, ett\u00e4 pysyt kuivana ja mukavana. T\u00e4m\u00e4 musta takki soveltuu monenlaisiin ulkoiluaktiviteetteihin, ja sen s\u00e4\u00e4dett\u00e4v\u00e4 huppu tuo lis\u00e4suojaa sateelta. Kevyt ja k\u00e4yt\u00e4nn\u00f6llinen muotoilu on suunniteltu liikkumiseen, joten se ei rajoita liikkeit\u00e4si. Tyylik\u00e4s ja kest\u00e4v\u00e4 ulkoasu tekee takista erinomaisen kumppanin kaikkiin tilanteisiin, joissa tarvitset luotettavaa suojaa s\u00e4\u00e4olosuhteista riippumatta.<\/p>","protected":false},"excerpt":{"rendered":"<p>POC W&#8217;s Motion Rain Jacket on loistava valinta vaihtelevaan s\u00e4\u00e4h\u00e4n, sill\u00e4 sen vedenpit\u00e4v\u00e4 rakenne varmistaa, ett\u00e4 pysyt kuivana ja mukavana. T\u00e4m\u00e4 musta takki soveltuu monenlaisiin ulkoiluaktiviteetteihin, ja sen s\u00e4\u00e4dett\u00e4v\u00e4 huppu tuo lis\u00e4suojaa sateelta. Kevyt ja k\u00e4yt\u00e4nn\u00f6llinen muotoilu on suunniteltu liikkumiseen, joten se ei rajoita liikkeit\u00e4si. Tyylik\u00e4s ja kest\u00e4v\u00e4 ulkoasu tekee takista erinomaisen kumppanin kaikkiin tilanteisiin, [&#8230;]<\/p>\n<p><a class=\"btn btn-secondary understrap-read-more-link\" href=\"https:\/\/vmsport.fi\/sv\/verkkokauppa\/ajovarusteet\/vaatteet\/takit-ja-liivit\/poc-ws-motion-rain-jacket\/\">L\u00e4s mer \u2026<span class=\"screen-reader-text\"> from POC W&#8217;s Motion Rain Jacket<\/span><\/a><\/p>\n","protected":false},"featured_media":53230,"comment_status":"open","ping_status":"closed","template":"","meta":{"_acf_changed":false,"_improvement_type_select":"improve_an_existing","_thumb_yes_seoaic":false,"_frame_yes_seoaic":false,"seoaic_generate_description":"","seoaic_improve_instructions_prompt":"","seoaic_rollback_content_improvement":"","seoaic_idea_thumbnail_generator":"","thumbnail_generated":false,"thumbnail_generate_prompt":"","seoaic_article_description":"","_supplier_stock_quantity":0},"product_brand":[],"product_model":[],"product_cat":[9458],"product_tag":[],"industry-terminology":[],"class_list":{"0":"post-53232","1":"product","2":"type-product","3":"status-publish","4":"has-post-thumbnail","6":"product_cat-takit-ja-liivit","8":"first","9":"outofstock","10":"sale","11":"taxable","12":"shipping-taxable","13":"product-type-variable"},"acf":{"bike_features":null,"overview":{"copy_overview":null,"key_features":null,"statement":"","youtube_url":""}},"yoast_head":"<!-- This site is optimized with the Yoast SEO plugin v27.3 - https:\/\/yoast.com\/product\/yoast-seo-wordpress\/ -->\n<title>POC W&#039;s Motion Rain Jacket - VM Sport<\/title>\n<meta name=\"robots\" content=\"index, follow, max-snippet:-1, max-image-preview:large, max-video-preview:-1\" \/>\n<link rel=\"canonical\" href=\"https:\/\/vmsport.fi\/sv\/webbutik\/korutrustning\/klader\/jackor-och-vastar\/poc-ws-motion-rain-jacket\/\" \/>\n<meta property=\"og:locale\" content=\"sv_SE\" \/>\n<meta property=\"og:type\" content=\"article\" \/>\n<meta property=\"og:title\" content=\"POC W&#039;s Motion Rain Jacket - VM Sport\" \/>\n<meta property=\"og:description\" content=\"POC W&#8217;s Motion Rain Jacket on loistava valinta vaihtelevaan s\u00e4\u00e4h\u00e4n, sill\u00e4 sen vedenpit\u00e4v\u00e4 rakenne varmistaa, ett\u00e4 pysyt kuivana ja mukavana. T\u00e4m\u00e4 musta takki soveltuu monenlaisiin ulkoiluaktiviteetteihin, ja sen s\u00e4\u00e4dett\u00e4v\u00e4 huppu tuo lis\u00e4suojaa sateelta. Kevyt ja k\u00e4yt\u00e4nn\u00f6llinen muotoilu on suunniteltu liikkumiseen, joten se ei rajoita liikkeit\u00e4si. Tyylik\u00e4s ja kest\u00e4v\u00e4 ulkoasu tekee takista erinomaisen kumppanin kaikkiin tilanteisiin, [...]L\u00e4s mer \u2026 from POC W&#8217;s Motion Rain Jacket\" \/>\n<meta property=\"og:url\" content=\"https:\/\/vmsport.fi\/sv\/webbutik\/korutrustning\/klader\/jackor-och-vastar\/poc-ws-motion-rain-jacket\/\" \/>\n<meta property=\"og:site_name\" content=\"VM Sport\" \/>\n<meta property=\"article:publisher\" content=\"https:\/\/www.facebook.com\/Vmsport.fi\/\" \/>\n<meta property=\"article:modified_time\" content=\"2026-03-05T08:05:19+00:00\" \/>\n<meta property=\"og:image\" content=\"https:\/\/vmsport.fi\/wp-content\/uploads\/2025\/03\/52856-1002-Ws-MotionRainJacket-UraniumBlack-1-1.png\" \/>\n\t<meta property=\"og:image:width\" content=\"1000\" \/>\n\t<meta property=\"og:image:height\" content=\"1000\" \/>\n\t<meta property=\"og:image:type\" content=\"image\/png\" \/>\n<meta name=\"twitter:card\" content=\"summary_large_image\" \/>\n<script type=\"application\/ld+json\" class=\"yoast-schema-graph\">{\"@context\":\"https:\\\/\\\/schema.org\",\"@graph\":[{\"@type\":[\"WebPage\",\"ItemPage\"],\"@id\":\"https:\\\/\\\/vmsport.fi\\\/verkkokauppa\\\/ajovarusteet\\\/vaatteet\\\/takit-ja-liivit\\\/poc-ws-motion-rain-jacket\\\/\",\"url\":\"https:\\\/\\\/vmsport.fi\\\/verkkokauppa\\\/ajovarusteet\\\/vaatteet\\\/takit-ja-liivit\\\/poc-ws-motion-rain-jacket\\\/\",\"name\":\"POC W's Motion Rain Jacket - VM Sport\",\"isPartOf\":{\"@id\":\"https:\\\/\\\/vmsport.fi\\\/#website\"},\"primaryImageOfPage\":{\"@id\":\"https:\\\/\\\/vmsport.fi\\\/verkkokauppa\\\/ajovarusteet\\\/vaatteet\\\/takit-ja-liivit\\\/poc-ws-motion-rain-jacket\\\/#primaryimage\"},\"image\":{\"@id\":\"https:\\\/\\\/vmsport.fi\\\/verkkokauppa\\\/ajovarusteet\\\/vaatteet\\\/takit-ja-liivit\\\/poc-ws-motion-rain-jacket\\\/#primaryimage\"},\"thumbnailUrl\":\"https:\\\/\\\/vmsport.fi\\\/wp-content\\\/uploads\\\/2025\\\/03\\\/52856-1002-Ws-MotionRainJacket-UraniumBlack-1-1.png\",\"datePublished\":\"2025-03-05T21:38:43+00:00\",\"dateModified\":\"2026-03-05T08:05:19+00:00\",\"breadcrumb\":{\"@id\":\"https:\\\/\\\/vmsport.fi\\\/verkkokauppa\\\/ajovarusteet\\\/vaatteet\\\/takit-ja-liivit\\\/poc-ws-motion-rain-jacket\\\/#breadcrumb\"},\"inLanguage\":\"sv-SE\",\"potentialAction\":[{\"@type\":\"ReadAction\",\"target\":[\"https:\\\/\\\/vmsport.fi\\\/verkkokauppa\\\/ajovarusteet\\\/vaatteet\\\/takit-ja-liivit\\\/poc-ws-motion-rain-jacket\\\/\"]}]},{\"@type\":\"ImageObject\",\"inLanguage\":\"sv-SE\",\"@id\":\"https:\\\/\\\/vmsport.fi\\\/verkkokauppa\\\/ajovarusteet\\\/vaatteet\\\/takit-ja-liivit\\\/poc-ws-motion-rain-jacket\\\/#primaryimage\",\"url\":\"https:\\\/\\\/vmsport.fi\\\/wp-content\\\/uploads\\\/2025\\\/03\\\/52856-1002-Ws-MotionRainJacket-UraniumBlack-1-1.png\",\"contentUrl\":\"https:\\\/\\\/vmsport.fi\\\/wp-content\\\/uploads\\\/2025\\\/03\\\/52856-1002-Ws-MotionRainJacket-UraniumBlack-1-1.png\",\"width\":1000,\"height\":1000,\"caption\":\"52856-1002-Ws-MotionRainJacket-UraniumBlack-1\"},{\"@type\":\"BreadcrumbList\",\"@id\":\"https:\\\/\\\/vmsport.fi\\\/verkkokauppa\\\/ajovarusteet\\\/vaatteet\\\/takit-ja-liivit\\\/poc-ws-motion-rain-jacket\\\/#breadcrumb\",\"itemListElement\":[{\"@type\":\"ListItem\",\"position\":1,\"name\":\"Etusivu\",\"item\":\"https:\\\/\\\/vmsport.fi\\\/\"},{\"@type\":\"ListItem\",\"position\":2,\"name\":\"Online Store\",\"item\":\"https:\\\/\\\/vmsport.fi\\\/en\\\/online-store\\\/\"},{\"@type\":\"ListItem\",\"position\":3,\"name\":\"POC W&#8217;s Motion Rain Jacket\"}]},{\"@type\":\"WebSite\",\"@id\":\"https:\\\/\\\/vmsport.fi\\\/#website\",\"url\":\"https:\\\/\\\/vmsport.fi\\\/\",\"name\":\"Vmsport\",\"description\":\"Kaikki py\u00f6r\u00e4ilyyn yhdest\u00e4 paikasta\",\"publisher\":{\"@id\":\"https:\\\/\\\/vmsport.fi\\\/#organization\"},\"potentialAction\":[{\"@type\":\"SearchAction\",\"target\":{\"@type\":\"EntryPoint\",\"urlTemplate\":\"https:\\\/\\\/vmsport.fi\\\/?s={search_term_string}\"},\"query-input\":{\"@type\":\"PropertyValueSpecification\",\"valueRequired\":true,\"valueName\":\"search_term_string\"}}],\"inLanguage\":\"sv-SE\"},{\"@type\":\"Organization\",\"@id\":\"https:\\\/\\\/vmsport.fi\\\/#organization\",\"name\":\"Vmsport\",\"url\":\"https:\\\/\\\/vmsport.fi\\\/\",\"logo\":{\"@type\":\"ImageObject\",\"inLanguage\":\"sv-SE\",\"@id\":\"https:\\\/\\\/vmsport.fi\\\/#\\\/schema\\\/logo\\\/image\\\/\",\"url\":\"https:\\\/\\\/vmsport.fi\\\/wp-content\\\/uploads\\\/2024\\\/12\\\/vm_sport_RGB_horisontal-e1734526017575.png\",\"contentUrl\":\"https:\\\/\\\/vmsport.fi\\\/wp-content\\\/uploads\\\/2024\\\/12\\\/vm_sport_RGB_horisontal-e1734526017575.png\",\"width\":668,\"height\":85,\"caption\":\"Vmsport\"},\"image\":{\"@id\":\"https:\\\/\\\/vmsport.fi\\\/#\\\/schema\\\/logo\\\/image\\\/\"},\"sameAs\":[\"https:\\\/\\\/www.facebook.com\\\/Vmsport.fi\\\/\",\"https:\\\/\\\/www.instagram.com\\\/vmsport\\\/\"]}]}<\/script>\n<!-- \/ Yoast SEO plugin. -->","yoast_head_json":{"title":"POC W's Motion Rain Jacket - VM Sport","robots":{"index":"index","follow":"follow","max-snippet":"max-snippet:-1","max-image-preview":"max-image-preview:large","max-video-preview":"max-video-preview:-1"},"canonical":"https:\/\/vmsport.fi\/sv\/webbutik\/korutrustning\/klader\/jackor-och-vastar\/poc-ws-motion-rain-jacket\/","og_locale":"sv_SE","og_type":"article","og_title":"POC W's Motion Rain Jacket - VM Sport","og_description":"POC W&#8217;s Motion Rain Jacket on loistava valinta vaihtelevaan s\u00e4\u00e4h\u00e4n, sill\u00e4 sen vedenpit\u00e4v\u00e4 rakenne varmistaa, ett\u00e4 pysyt kuivana ja mukavana. T\u00e4m\u00e4 musta takki soveltuu monenlaisiin ulkoiluaktiviteetteihin, ja sen s\u00e4\u00e4dett\u00e4v\u00e4 huppu tuo lis\u00e4suojaa sateelta. Kevyt ja k\u00e4yt\u00e4nn\u00f6llinen muotoilu on suunniteltu liikkumiseen, joten se ei rajoita liikkeit\u00e4si. Tyylik\u00e4s ja kest\u00e4v\u00e4 ulkoasu tekee takista erinomaisen kumppanin kaikkiin tilanteisiin, [...]L\u00e4s mer \u2026 from POC W&#8217;s Motion Rain Jacket","og_url":"https:\/\/vmsport.fi\/sv\/webbutik\/korutrustning\/klader\/jackor-och-vastar\/poc-ws-motion-rain-jacket\/","og_site_name":"VM Sport","article_publisher":"https:\/\/www.facebook.com\/Vmsport.fi\/","article_modified_time":"2026-03-05T08:05:19+00:00","og_image":[{"width":1000,"height":1000,"url":"https:\/\/vmsport.fi\/wp-content\/uploads\/2025\/03\/52856-1002-Ws-MotionRainJacket-UraniumBlack-1-1.png","type":"image\/png"}],"twitter_card":"summary_large_image","schema":{"@context":"https:\/\/schema.org","@graph":[{"@type":["WebPage","ItemPage"],"@id":"https:\/\/vmsport.fi\/verkkokauppa\/ajovarusteet\/vaatteet\/takit-ja-liivit\/poc-ws-motion-rain-jacket\/","url":"https:\/\/vmsport.fi\/verkkokauppa\/ajovarusteet\/vaatteet\/takit-ja-liivit\/poc-ws-motion-rain-jacket\/","name":"POC W's Motion Rain Jacket - VM Sport","isPartOf":{"@id":"https:\/\/vmsport.fi\/#website"},"primaryImageOfPage":{"@id":"https:\/\/vmsport.fi\/verkkokauppa\/ajovarusteet\/vaatteet\/takit-ja-liivit\/poc-ws-motion-rain-jacket\/#primaryimage"},"image":{"@id":"https:\/\/vmsport.fi\/verkkokauppa\/ajovarusteet\/vaatteet\/takit-ja-liivit\/poc-ws-motion-rain-jacket\/#primaryimage"},"thumbnailUrl":"https:\/\/vmsport.fi\/wp-content\/uploads\/2025\/03\/52856-1002-Ws-MotionRainJacket-UraniumBlack-1-1.png","datePublished":"2025-03-05T21:38:43+00:00","dateModified":"2026-03-05T08:05:19+00:00","breadcrumb":{"@id":"https:\/\/vmsport.fi\/verkkokauppa\/ajovarusteet\/vaatteet\/takit-ja-liivit\/poc-ws-motion-rain-jacket\/#breadcrumb"},"inLanguage":"sv-SE","potentialAction":[{"@type":"ReadAction","target":["https:\/\/vmsport.fi\/verkkokauppa\/ajovarusteet\/vaatteet\/takit-ja-liivit\/poc-ws-motion-rain-jacket\/"]}]},{"@type":"ImageObject","inLanguage":"sv-SE","@id":"https:\/\/vmsport.fi\/verkkokauppa\/ajovarusteet\/vaatteet\/takit-ja-liivit\/poc-ws-motion-rain-jacket\/#primaryimage","url":"https:\/\/vmsport.fi\/wp-content\/uploads\/2025\/03\/52856-1002-Ws-MotionRainJacket-UraniumBlack-1-1.png","contentUrl":"https:\/\/vmsport.fi\/wp-content\/uploads\/2025\/03\/52856-1002-Ws-MotionRainJacket-UraniumBlack-1-1.png","width":1000,"height":1000,"caption":"52856-1002-Ws-MotionRainJacket-UraniumBlack-1"},{"@type":"BreadcrumbList","@id":"https:\/\/vmsport.fi\/verkkokauppa\/ajovarusteet\/vaatteet\/takit-ja-liivit\/poc-ws-motion-rain-jacket\/#breadcrumb","itemListElement":[{"@type":"ListItem","position":1,"name":"Etusivu","item":"https:\/\/vmsport.fi\/"},{"@type":"ListItem","position":2,"name":"Online Store","item":"https:\/\/vmsport.fi\/en\/online-store\/"},{"@type":"ListItem","position":3,"name":"POC W&#8217;s Motion Rain Jacket"}]},{"@type":"WebSite","@id":"https:\/\/vmsport.fi\/#website","url":"https:\/\/vmsport.fi\/","name":"Vmsport","description":"Allt p\u00e5 ett st\u00e4lle f\u00f6r cykling","publisher":{"@id":"https:\/\/vmsport.fi\/#organization"},"potentialAction":[{"@type":"SearchAction","target":{"@type":"EntryPoint","urlTemplate":"https:\/\/vmsport.fi\/?s={search_term_string}"},"query-input":{"@type":"PropertyValueSpecification","valueRequired":true,"valueName":"search_term_string"}}],"inLanguage":"sv-SE"},{"@type":"Organization","@id":"https:\/\/vmsport.fi\/#organization","name":"Vmsport","url":"https:\/\/vmsport.fi\/","logo":{"@type":"ImageObject","inLanguage":"sv-SE","@id":"https:\/\/vmsport.fi\/#\/schema\/logo\/image\/","url":"https:\/\/vmsport.fi\/wp-content\/uploads\/2024\/12\/vm_sport_RGB_horisontal-e1734526017575.png","contentUrl":"https:\/\/vmsport.fi\/wp-content\/uploads\/2024\/12\/vm_sport_RGB_horisontal-e1734526017575.png","width":668,"height":85,"caption":"Vmsport"},"image":{"@id":"https:\/\/vmsport.fi\/#\/schema\/logo\/image\/"},"sameAs":["https:\/\/www.facebook.com\/Vmsport.fi\/","https:\/\/www.instagram.com\/vmsport\/"]}]}},"global_unique_id":"","_links":{"self":[{"href":"https:\/\/vmsport.fi\/sv\/wp-json\/wp\/v2\/product\/53232","targetHints":{"allow":["GET"]}}],"collection":[{"href":"https:\/\/vmsport.fi\/sv\/wp-json\/wp\/v2\/product"}],"about":[{"href":"https:\/\/vmsport.fi\/sv\/wp-json\/wp\/v2\/types\/product"}],"replies":[{"embeddable":true,"href":"https:\/\/vmsport.fi\/sv\/wp-json\/wp\/v2\/comments?post=53232"}],"wp:featuredmedia":[{"embeddable":true,"href":"https:\/\/vmsport.fi\/sv\/wp-json\/wp\/v2\/media\/53230"}],"wp:attachment":[{"href":"https:\/\/vmsport.fi\/sv\/wp-json\/wp\/v2\/media?parent=53232"}],"wp:term":[{"taxonomy":"product_brand","embeddable":true,"href":"https:\/\/vmsport.fi\/sv\/wp-json\/wp\/v2\/product_brand?post=53232"},{"taxonomy":"product_model","embeddable":true,"href":"https:\/\/vmsport.fi\/sv\/wp-json\/wp\/v2\/product_model?post=53232"},{"taxonomy":"product_cat","embeddable":true,"href":"https:\/\/vmsport.fi\/sv\/wp-json\/wp\/v2\/product_cat?post=53232"},{"taxonomy":"product_tag","embeddable":true,"href":"https:\/\/vmsport.fi\/sv\/wp-json\/wp\/v2\/product_tag?post=53232"},{"taxonomy":"industry_terminology","embeddable":true,"href":"https:\/\/vmsport.fi\/sv\/wp-json\/wp\/v2\/industry-terminology?post=53232"}],"curies":[{"name":"wp","href":"https:\/\/api.w.org\/{rel}","templated":true}]}}