{"id":53229,"date":"2025-03-05T23:38:37","date_gmt":"2025-03-05T21:38:37","guid":{"rendered":"https:\/\/vmsport.fi\/verkkokauppa\/Ei-luokiteltu\/kampisarja-9-v-tupla-175mm-36-22t-mt210-ei-cg-boost\/"},"modified":"2026-04-22T15:05:39","modified_gmt":"2026-04-22T12:05:39","slug":"vevparti-9-v-dubbel-175mm-36-22t-mt210-ingen-cg-boost","status":"publish","type":"product","link":"https:\/\/vmsport.fi\/sv\/verkkokauppa\/varaosat\/voimansiirto\/kampisarjat\/kampisarja-9-v-tupla-175mm-36-22t-mt210-ei-cg-boost\/","title":{"rendered":"Kamsats 9 \u00e5r dubbel 175mm 36\/22T MT210 ingen CG Boost"},"content":{"rendered":"<p>Shimano MT210-serien erbjuder tillf\u00f6rlitlig prestanda, vilket g\u00f6r den till ett utm\u00e4rkt val f\u00f6r allround mountainbikecykling. Detta 9-v\u00e4xlade vevparti har dubbla kedjehjul med 36\/22T-kedjehjul f\u00f6r effektiv kraft\u00f6verf\u00f6ring i olika terr\u00e4nger och f\u00f6rh\u00e5llanden.<\/p>\n<p>Vevarmarna p\u00e5 175 mm \u00e4r konstruerade f\u00f6r l\u00e5ngvarig anv\u00e4ndning och ger en idealisk pedall\u00e4ngd, vilket f\u00f6rb\u00e4ttrar k\u00f6rkomforten och minskar belastningen p\u00e5 f\u00f6tterna under l\u00e5nga resor. Detta vevparti \u00e4r ett utm\u00e4rkt val f\u00f6r mountainbikes som kr\u00e4ver exakta och tillf\u00f6rlitliga v\u00e4xlingar p\u00e5 kr\u00e4vande stigar.<\/p>","protected":false},"excerpt":{"rendered":"<p>Shimano MT210 -kampisarja tarjoaa luotettavaa suorituskyky\u00e4, tehden siit\u00e4 erinomaisen valinnan monipuoliseen maastopy\u00f6r\u00e4ilyyn. T\u00e4m\u00e4 9-vaihteinen kampisarja on varustettu kaksoisrattailla, joiden 36\/22T ketjurenkaiden ansiosta voimansiirto on tehokasta eri maastoissa ja olosuhteissa. Kest\u00e4v\u00e4ss\u00e4 k\u00e4yt\u00f6ss\u00e4 suunnitellut 175 mm kampivivut tarjoavat ihanteellisen polkemispituuden, mik\u00e4 parantaa ajomukavuutta ja v\u00e4hent\u00e4\u00e4 jalkojen rasitusta pitkien matkojen aikana. T\u00e4m\u00e4 kampisarja on erinomainen valinta maastopy\u00f6riin, joissa [&#8230;]<\/p>\n<p><a class=\"btn btn-secondary understrap-read-more-link\" href=\"https:\/\/vmsport.fi\/sv\/verkkokauppa\/varaosat\/voimansiirto\/kampisarjat\/kampisarja-9-v-tupla-175mm-36-22t-mt210-ei-cg-boost\/\">L\u00e4s mer \u2026<span class=\"screen-reader-text\"> from Kampisarja 9-v tupla 175mm 36\/22T MT210 ei CG Boost<\/span><\/a><\/p>\n","protected":false},"featured_media":53228,"comment_status":"open","ping_status":"closed","template":"","meta":{"_acf_changed":false,"_improvement_type_select":"improve_an_existing","_thumb_yes_seoaic":false,"_frame_yes_seoaic":false,"seoaic_generate_description":"","seoaic_improve_instructions_prompt":"","seoaic_rollback_content_improvement":"","seoaic_idea_thumbnail_generator":"","thumbnail_generated":false,"thumbnail_generate_prompt":"","seoaic_article_description":"","_supplier_stock_quantity":0},"product_brand":[],"product_model":[],"product_cat":[9346],"product_tag":[],"industry-terminology":[],"class_list":{"0":"post-53229","1":"product","2":"type-product","3":"status-publish","4":"has-post-thumbnail","6":"product_cat-kampisarjat","8":"first","9":"outofstock","10":"taxable","11":"shipping-taxable","12":"product-type-simple"},"acf":{"bike_features":null,"overview":{"copy_overview":null,"key_features":null,"statement":"","youtube_url":""}},"yoast_head":"<!-- This site is optimized with the Yoast SEO plugin v27.4 - https:\/\/yoast.com\/product\/yoast-seo-wordpress\/ -->\n<title>Kampisarja 9-v tupla 175mm 36\/22T MT210 ei CG Boost - VM Sport<\/title>\n<meta name=\"robots\" content=\"index, follow, max-snippet:-1, max-image-preview:large, max-video-preview:-1\" \/>\n<link rel=\"canonical\" href=\"https:\/\/vmsport.fi\/sv\/webbutik\/reservdelar\/transmission\/kamningssats\/vevparti-9-v-dubbel-175mm-36-22t-mt210-ingen-cg-boost\/\" \/>\n<meta property=\"og:locale\" content=\"sv_SE\" \/>\n<meta property=\"og:type\" content=\"article\" \/>\n<meta property=\"og:title\" content=\"Kampisarja 9-v tupla 175mm 36\/22T MT210 ei CG Boost - VM Sport\" \/>\n<meta property=\"og:description\" content=\"Shimano MT210 -kampisarja tarjoaa luotettavaa suorituskyky\u00e4, tehden siit\u00e4 erinomaisen valinnan monipuoliseen maastopy\u00f6r\u00e4ilyyn. T\u00e4m\u00e4 9-vaihteinen kampisarja on varustettu kaksoisrattailla, joiden 36\/22T ketjurenkaiden ansiosta voimansiirto on tehokasta eri maastoissa ja olosuhteissa. Kest\u00e4v\u00e4ss\u00e4 k\u00e4yt\u00f6ss\u00e4 suunnitellut 175 mm kampivivut tarjoavat ihanteellisen polkemispituuden, mik\u00e4 parantaa ajomukavuutta ja v\u00e4hent\u00e4\u00e4 jalkojen rasitusta pitkien matkojen aikana. T\u00e4m\u00e4 kampisarja on erinomainen valinta maastopy\u00f6riin, joissa [...]L\u00e4s mer \u2026 from Kampisarja 9-v tupla 175mm 36\/22T MT210 ei CG Boost\" \/>\n<meta property=\"og:url\" content=\"https:\/\/vmsport.fi\/sv\/webbutik\/reservdelar\/transmission\/kamningssats\/vevparti-9-v-dubbel-175mm-36-22t-mt210-ingen-cg-boost\/\" \/>\n<meta property=\"og:site_name\" content=\"VM Sport\" \/>\n<meta property=\"article:publisher\" content=\"https:\/\/www.facebook.com\/Vmsport.fi\/\" \/>\n<meta property=\"article:modified_time\" content=\"2026-04-22T12:05:39+00:00\" \/>\n<meta property=\"og:image\" content=\"https:\/\/vmsport.fi\/wp-content\/uploads\/2025\/03\/VWwzJjdOFV8hUFAE4NNQx0LN79CoWbteWJRnXW51K7y40Je2Sz-1.jpg\" \/>\n\t<meta property=\"og:image:width\" content=\"600\" \/>\n\t<meta property=\"og:image:height\" content=\"600\" \/>\n\t<meta property=\"og:image:type\" content=\"image\/jpeg\" \/>\n<meta name=\"twitter:card\" content=\"summary_large_image\" \/>\n<script type=\"application\/ld+json\" class=\"yoast-schema-graph\">{\"@context\":\"https:\\\/\\\/schema.org\",\"@graph\":[{\"@type\":[\"WebPage\",\"ItemPage\"],\"@id\":\"https:\\\/\\\/vmsport.fi\\\/verkkokauppa\\\/varaosat\\\/voimansiirto\\\/kampisarjat\\\/kampisarja-9-v-tupla-175mm-36-22t-mt210-ei-cg-boost\\\/\",\"url\":\"https:\\\/\\\/vmsport.fi\\\/verkkokauppa\\\/varaosat\\\/voimansiirto\\\/kampisarjat\\\/kampisarja-9-v-tupla-175mm-36-22t-mt210-ei-cg-boost\\\/\",\"name\":\"Kampisarja 9-v tupla 175mm 36\\\/22T MT210 ei CG Boost - VM Sport\",\"isPartOf\":{\"@id\":\"https:\\\/\\\/vmsport.fi\\\/#website\"},\"primaryImageOfPage\":{\"@id\":\"https:\\\/\\\/vmsport.fi\\\/verkkokauppa\\\/varaosat\\\/voimansiirto\\\/kampisarjat\\\/kampisarja-9-v-tupla-175mm-36-22t-mt210-ei-cg-boost\\\/#primaryimage\"},\"image\":{\"@id\":\"https:\\\/\\\/vmsport.fi\\\/verkkokauppa\\\/varaosat\\\/voimansiirto\\\/kampisarjat\\\/kampisarja-9-v-tupla-175mm-36-22t-mt210-ei-cg-boost\\\/#primaryimage\"},\"thumbnailUrl\":\"https:\\\/\\\/vmsport.fi\\\/wp-content\\\/uploads\\\/2025\\\/03\\\/VWwzJjdOFV8hUFAE4NNQx0LN79CoWbteWJRnXW51K7y40Je2Sz-1.jpg\",\"datePublished\":\"2025-03-05T21:38:37+00:00\",\"dateModified\":\"2026-04-22T12:05:39+00:00\",\"breadcrumb\":{\"@id\":\"https:\\\/\\\/vmsport.fi\\\/verkkokauppa\\\/varaosat\\\/voimansiirto\\\/kampisarjat\\\/kampisarja-9-v-tupla-175mm-36-22t-mt210-ei-cg-boost\\\/#breadcrumb\"},\"inLanguage\":\"sv-SE\",\"potentialAction\":[{\"@type\":\"ReadAction\",\"target\":[\"https:\\\/\\\/vmsport.fi\\\/verkkokauppa\\\/varaosat\\\/voimansiirto\\\/kampisarjat\\\/kampisarja-9-v-tupla-175mm-36-22t-mt210-ei-cg-boost\\\/\"]}]},{\"@type\":\"ImageObject\",\"inLanguage\":\"sv-SE\",\"@id\":\"https:\\\/\\\/vmsport.fi\\\/verkkokauppa\\\/varaosat\\\/voimansiirto\\\/kampisarjat\\\/kampisarja-9-v-tupla-175mm-36-22t-mt210-ei-cg-boost\\\/#primaryimage\",\"url\":\"https:\\\/\\\/vmsport.fi\\\/wp-content\\\/uploads\\\/2025\\\/03\\\/VWwzJjdOFV8hUFAE4NNQx0LN79CoWbteWJRnXW51K7y40Je2Sz-1.jpg\",\"contentUrl\":\"https:\\\/\\\/vmsport.fi\\\/wp-content\\\/uploads\\\/2025\\\/03\\\/VWwzJjdOFV8hUFAE4NNQx0LN79CoWbteWJRnXW51K7y40Je2Sz-1.jpg\",\"width\":600,\"height\":600,\"caption\":\"VWwzJjdOFV8hUFAE4NNQx0LN79CoWbteWJRnXW51K7y40Je2Sz\"},{\"@type\":\"BreadcrumbList\",\"@id\":\"https:\\\/\\\/vmsport.fi\\\/verkkokauppa\\\/varaosat\\\/voimansiirto\\\/kampisarjat\\\/kampisarja-9-v-tupla-175mm-36-22t-mt210-ei-cg-boost\\\/#breadcrumb\",\"itemListElement\":[{\"@type\":\"ListItem\",\"position\":1,\"name\":\"Etusivu\",\"item\":\"https:\\\/\\\/vmsport.fi\\\/\"},{\"@type\":\"ListItem\",\"position\":2,\"name\":\"Online Store\",\"item\":\"https:\\\/\\\/vmsport.fi\\\/en\\\/online-store\\\/\"},{\"@type\":\"ListItem\",\"position\":3,\"name\":\"Kampisarja 9-v tupla 175mm 36\\\/22T MT210 ei CG Boost\"}]},{\"@type\":\"WebSite\",\"@id\":\"https:\\\/\\\/vmsport.fi\\\/#website\",\"url\":\"https:\\\/\\\/vmsport.fi\\\/\",\"name\":\"Vmsport\",\"description\":\"Kaikki py\u00f6r\u00e4ilyyn yhdest\u00e4 paikasta\",\"publisher\":{\"@id\":\"https:\\\/\\\/vmsport.fi\\\/#organization\"},\"potentialAction\":[{\"@type\":\"SearchAction\",\"target\":{\"@type\":\"EntryPoint\",\"urlTemplate\":\"https:\\\/\\\/vmsport.fi\\\/?s={search_term_string}\"},\"query-input\":{\"@type\":\"PropertyValueSpecification\",\"valueRequired\":true,\"valueName\":\"search_term_string\"}}],\"inLanguage\":\"sv-SE\"},{\"@type\":\"Organization\",\"@id\":\"https:\\\/\\\/vmsport.fi\\\/#organization\",\"name\":\"Vmsport\",\"url\":\"https:\\\/\\\/vmsport.fi\\\/\",\"logo\":{\"@type\":\"ImageObject\",\"inLanguage\":\"sv-SE\",\"@id\":\"https:\\\/\\\/vmsport.fi\\\/#\\\/schema\\\/logo\\\/image\\\/\",\"url\":\"https:\\\/\\\/vmsport.fi\\\/wp-content\\\/uploads\\\/2024\\\/12\\\/vm_sport_RGB_horisontal-e1734526017575.png\",\"contentUrl\":\"https:\\\/\\\/vmsport.fi\\\/wp-content\\\/uploads\\\/2024\\\/12\\\/vm_sport_RGB_horisontal-e1734526017575.png\",\"width\":668,\"height\":85,\"caption\":\"Vmsport\"},\"image\":{\"@id\":\"https:\\\/\\\/vmsport.fi\\\/#\\\/schema\\\/logo\\\/image\\\/\"},\"sameAs\":[\"https:\\\/\\\/www.facebook.com\\\/Vmsport.fi\\\/\",\"https:\\\/\\\/www.instagram.com\\\/vmsport\\\/\"]}]}<\/script>\n<!-- \/ Yoast SEO plugin. -->","yoast_head_json":{"title":"Sats med 9-v dubbel 175 mm 36\/22T MT210 utan CG Boost - VM Sport","robots":{"index":"index","follow":"follow","max-snippet":"max-snippet:-1","max-image-preview":"max-image-preview:large","max-video-preview":"max-video-preview:-1"},"canonical":"https:\/\/vmsport.fi\/sv\/webbutik\/reservdelar\/transmission\/kamningssats\/vevparti-9-v-dubbel-175mm-36-22t-mt210-ingen-cg-boost\/","og_locale":"sv_SE","og_type":"article","og_title":"Kampisarja 9-v tupla 175mm 36\/22T MT210 ei CG Boost - VM Sport","og_description":"Shimano MT210 -kampisarja tarjoaa luotettavaa suorituskyky\u00e4, tehden siit\u00e4 erinomaisen valinnan monipuoliseen maastopy\u00f6r\u00e4ilyyn. T\u00e4m\u00e4 9-vaihteinen kampisarja on varustettu kaksoisrattailla, joiden 36\/22T ketjurenkaiden ansiosta voimansiirto on tehokasta eri maastoissa ja olosuhteissa. Kest\u00e4v\u00e4ss\u00e4 k\u00e4yt\u00f6ss\u00e4 suunnitellut 175 mm kampivivut tarjoavat ihanteellisen polkemispituuden, mik\u00e4 parantaa ajomukavuutta ja v\u00e4hent\u00e4\u00e4 jalkojen rasitusta pitkien matkojen aikana. T\u00e4m\u00e4 kampisarja on erinomainen valinta maastopy\u00f6riin, joissa [...]L\u00e4s mer \u2026 from Kampisarja 9-v tupla 175mm 36\/22T MT210 ei CG Boost","og_url":"https:\/\/vmsport.fi\/sv\/webbutik\/reservdelar\/transmission\/kamningssats\/vevparti-9-v-dubbel-175mm-36-22t-mt210-ingen-cg-boost\/","og_site_name":"VM Sport","article_publisher":"https:\/\/www.facebook.com\/Vmsport.fi\/","article_modified_time":"2026-04-22T12:05:39+00:00","og_image":[{"width":600,"height":600,"url":"https:\/\/vmsport.fi\/wp-content\/uploads\/2025\/03\/VWwzJjdOFV8hUFAE4NNQx0LN79CoWbteWJRnXW51K7y40Je2Sz-1.jpg","type":"image\/jpeg"}],"twitter_card":"summary_large_image","schema":{"@context":"https:\/\/schema.org","@graph":[{"@type":["WebPage","ItemPage"],"@id":"https:\/\/vmsport.fi\/verkkokauppa\/varaosat\/voimansiirto\/kampisarjat\/kampisarja-9-v-tupla-175mm-36-22t-mt210-ei-cg-boost\/","url":"https:\/\/vmsport.fi\/verkkokauppa\/varaosat\/voimansiirto\/kampisarjat\/kampisarja-9-v-tupla-175mm-36-22t-mt210-ei-cg-boost\/","name":"Sats med 9-v dubbel 175 mm 36\/22T MT210 utan CG Boost - VM Sport","isPartOf":{"@id":"https:\/\/vmsport.fi\/#website"},"primaryImageOfPage":{"@id":"https:\/\/vmsport.fi\/verkkokauppa\/varaosat\/voimansiirto\/kampisarjat\/kampisarja-9-v-tupla-175mm-36-22t-mt210-ei-cg-boost\/#primaryimage"},"image":{"@id":"https:\/\/vmsport.fi\/verkkokauppa\/varaosat\/voimansiirto\/kampisarjat\/kampisarja-9-v-tupla-175mm-36-22t-mt210-ei-cg-boost\/#primaryimage"},"thumbnailUrl":"https:\/\/vmsport.fi\/wp-content\/uploads\/2025\/03\/VWwzJjdOFV8hUFAE4NNQx0LN79CoWbteWJRnXW51K7y40Je2Sz-1.jpg","datePublished":"2025-03-05T21:38:37+00:00","dateModified":"2026-04-22T12:05:39+00:00","breadcrumb":{"@id":"https:\/\/vmsport.fi\/verkkokauppa\/varaosat\/voimansiirto\/kampisarjat\/kampisarja-9-v-tupla-175mm-36-22t-mt210-ei-cg-boost\/#breadcrumb"},"inLanguage":"sv-SE","potentialAction":[{"@type":"ReadAction","target":["https:\/\/vmsport.fi\/verkkokauppa\/varaosat\/voimansiirto\/kampisarjat\/kampisarja-9-v-tupla-175mm-36-22t-mt210-ei-cg-boost\/"]}]},{"@type":"ImageObject","inLanguage":"sv-SE","@id":"https:\/\/vmsport.fi\/verkkokauppa\/varaosat\/voimansiirto\/kampisarjat\/kampisarja-9-v-tupla-175mm-36-22t-mt210-ei-cg-boost\/#primaryimage","url":"https:\/\/vmsport.fi\/wp-content\/uploads\/2025\/03\/VWwzJjdOFV8hUFAE4NNQx0LN79CoWbteWJRnXW51K7y40Je2Sz-1.jpg","contentUrl":"https:\/\/vmsport.fi\/wp-content\/uploads\/2025\/03\/VWwzJjdOFV8hUFAE4NNQx0LN79CoWbteWJRnXW51K7y40Je2Sz-1.jpg","width":600,"height":600,"caption":"VWwzJjdOFV8hUFAE4NNQx0LN79CoWbteWJRnXW51K7y40Je2Sz"},{"@type":"BreadcrumbList","@id":"https:\/\/vmsport.fi\/verkkokauppa\/varaosat\/voimansiirto\/kampisarjat\/kampisarja-9-v-tupla-175mm-36-22t-mt210-ei-cg-boost\/#breadcrumb","itemListElement":[{"@type":"ListItem","position":1,"name":"Etusivu","item":"https:\/\/vmsport.fi\/"},{"@type":"ListItem","position":2,"name":"Online Store","item":"https:\/\/vmsport.fi\/en\/online-store\/"},{"@type":"ListItem","position":3,"name":"Kampisarja 9-v tupla 175mm 36\/22T MT210 ei CG Boost"}]},{"@type":"WebSite","@id":"https:\/\/vmsport.fi\/#website","url":"https:\/\/vmsport.fi\/","name":"Vmsport","description":"Allt p\u00e5 ett st\u00e4lle f\u00f6r cykling","publisher":{"@id":"https:\/\/vmsport.fi\/#organization"},"potentialAction":[{"@type":"SearchAction","target":{"@type":"EntryPoint","urlTemplate":"https:\/\/vmsport.fi\/?s={search_term_string}"},"query-input":{"@type":"PropertyValueSpecification","valueRequired":true,"valueName":"search_term_string"}}],"inLanguage":"sv-SE"},{"@type":"Organization","@id":"https:\/\/vmsport.fi\/#organization","name":"Vmsport","url":"https:\/\/vmsport.fi\/","logo":{"@type":"ImageObject","inLanguage":"sv-SE","@id":"https:\/\/vmsport.fi\/#\/schema\/logo\/image\/","url":"https:\/\/vmsport.fi\/wp-content\/uploads\/2024\/12\/vm_sport_RGB_horisontal-e1734526017575.png","contentUrl":"https:\/\/vmsport.fi\/wp-content\/uploads\/2024\/12\/vm_sport_RGB_horisontal-e1734526017575.png","width":668,"height":85,"caption":"Vmsport"},"image":{"@id":"https:\/\/vmsport.fi\/#\/schema\/logo\/image\/"},"sameAs":["https:\/\/www.facebook.com\/Vmsport.fi\/","https:\/\/www.instagram.com\/vmsport\/"]}]}},"global_unique_id":"","_links":{"self":[{"href":"https:\/\/vmsport.fi\/sv\/wp-json\/wp\/v2\/product\/53229","targetHints":{"allow":["GET"]}}],"collection":[{"href":"https:\/\/vmsport.fi\/sv\/wp-json\/wp\/v2\/product"}],"about":[{"href":"https:\/\/vmsport.fi\/sv\/wp-json\/wp\/v2\/types\/product"}],"replies":[{"embeddable":true,"href":"https:\/\/vmsport.fi\/sv\/wp-json\/wp\/v2\/comments?post=53229"}],"wp:featuredmedia":[{"embeddable":true,"href":"https:\/\/vmsport.fi\/sv\/wp-json\/wp\/v2\/media\/53228"}],"wp:attachment":[{"href":"https:\/\/vmsport.fi\/sv\/wp-json\/wp\/v2\/media?parent=53229"}],"wp:term":[{"taxonomy":"product_brand","embeddable":true,"href":"https:\/\/vmsport.fi\/sv\/wp-json\/wp\/v2\/product_brand?post=53229"},{"taxonomy":"product_model","embeddable":true,"href":"https:\/\/vmsport.fi\/sv\/wp-json\/wp\/v2\/product_model?post=53229"},{"taxonomy":"product_cat","embeddable":true,"href":"https:\/\/vmsport.fi\/sv\/wp-json\/wp\/v2\/product_cat?post=53229"},{"taxonomy":"product_tag","embeddable":true,"href":"https:\/\/vmsport.fi\/sv\/wp-json\/wp\/v2\/product_tag?post=53229"},{"taxonomy":"industry_terminology","embeddable":true,"href":"https:\/\/vmsport.fi\/sv\/wp-json\/wp\/v2\/industry-terminology?post=53229"}],"curies":[{"name":"wp","href":"https:\/\/api.w.org\/{rel}","templated":true}]}}