{"id":53205,"date":"2025-03-05T23:38:21","date_gmt":"2025-03-05T21:38:21","guid":{"rendered":"https:\/\/vmsport.fi\/verkkokauppa\/Ei-luokiteltu\/sisarengas-bontrager-standard-fat-26-x-4-0-5-0-presta-36-mm\/"},"modified":"2026-01-16T13:24:36","modified_gmt":"2026-01-16T11:24:36","slug":"systerdack-bontrager-standard-fat-26-x-4-0-5-0-presta-36-mm","status":"publish","type":"product","link":"https:\/\/vmsport.fi\/sv\/verkkokauppa\/renkaat\/sisarenkaat\/fatbike\/sisarengas-bontrager-standard-fat-26-x-4-0-5-0-presta-36-mm\/","title":{"rendered":"Innerd\u00e4ck Bontrager Standard Fat 26 x 4,0-5,0 Presta 36 mm"},"content":{"rendered":"<p>Bontragers Standard Fat 26 x 4.0-5.0-slang \u00e4r s\u00e4rskilt utformad f\u00f6r fatbikes och passar d\u00e4rf\u00f6r f\u00f6r d\u00e4ckstorlekar p\u00e5 26 x 4.0-5.0\". Den h\u00e4r slangen \u00e4r utrustad med en 36 mm Presta-ventil som ger exakt lufttryckskontroll f\u00f6r f\u00f6rb\u00e4ttrad k\u00f6rkomfort och hantering. Konstruktionen s\u00e4kerst\u00e4ller tillf\u00f6rlitlighet i olika typer av terr\u00e4ng, vilket g\u00f6r den till ett utm\u00e4rkt val f\u00f6r b\u00e5de vardaglig cykling och kr\u00e4vande terr\u00e4ngk\u00f6rning. Innerd\u00e4cket \u00e4r utformat f\u00f6r att klara tuffa k\u00f6rf\u00f6rh\u00e5llanden och erbjuder stabilitet och konsekvent prestanda. Det h\u00e4r \u00e4r det perfekta valet f\u00f6r dig som letar efter en s\u00e4ker och h\u00e5llbar l\u00f6sning f\u00f6r dina fatbike-d\u00e4ck.<\/p>","protected":false},"excerpt":{"rendered":"<p>Bontragerin Standard Fat 26 x 4.0\u20135.0 sis\u00e4rengas on suunniteltu erityisesti fatbikeille, joten se soveltuu 26 x 4.0\u20135.0 tuuman rengaskokoon. Varustettuna 36 mm Presta-venttiilill\u00e4, t\u00e4m\u00e4 sis\u00e4rengas mahdollistaa ilmanpaineen tarkan s\u00e4\u00e4d\u00f6n, mik\u00e4 parantaa ajomukavuutta ja hallintaa. Rakenne takaa luotettavuuden eri maastotyypeiss\u00e4, joten se on erinomainen valinta niin rentoon py\u00f6r\u00e4ilyyn kuin vaativaan maastoajoon. Sis\u00e4rengas on kehitetty kest\u00e4m\u00e4\u00e4n kovia [&#8230;]<\/p>\n<p><a class=\"btn btn-secondary understrap-read-more-link\" href=\"https:\/\/vmsport.fi\/sv\/verkkokauppa\/renkaat\/sisarenkaat\/fatbike\/sisarengas-bontrager-standard-fat-26-x-4-0-5-0-presta-36-mm\/\">L\u00e4s mer \u2026<span class=\"screen-reader-text\"> from Sis\u00e4rengas Bontrager Standard Fat 26 x 4.0\u20135.0 Presta 36 mm<\/span><\/a><\/p>\n","protected":false},"featured_media":53204,"comment_status":"open","ping_status":"closed","template":"","meta":{"_acf_changed":false,"_improvement_type_select":"improve_an_existing","_thumb_yes_seoaic":false,"_frame_yes_seoaic":false,"seoaic_generate_description":"","seoaic_improve_instructions_prompt":"","seoaic_rollback_content_improvement":"","seoaic_idea_thumbnail_generator":"","thumbnail_generated":false,"thumbnail_generate_prompt":"","seoaic_article_description":"","_supplier_stock_quantity":0},"product_brand":[],"product_model":[],"product_cat":[9546],"product_tag":[],"industry-terminology":[],"class_list":{"0":"post-53205","1":"product","2":"type-product","3":"status-publish","4":"has-post-thumbnail","6":"product_cat-fatbike","8":"first","9":"outofstock","10":"taxable","11":"shipping-taxable","12":"product-type-simple"},"acf":{"bike_features":null,"overview":{"copy_overview":null,"key_features":null,"statement":"","youtube_url":""}},"yoast_head":"<!-- This site is optimized with the Yoast SEO plugin v27.3 - https:\/\/yoast.com\/product\/yoast-seo-wordpress\/ -->\n<title>Sis\u00e4rengas Bontrager Standard Fat 26 x 4.0\u20135.0 Presta 36 mm - VM Sport<\/title>\n<meta name=\"robots\" content=\"index, follow, max-snippet:-1, max-image-preview:large, max-video-preview:-1\" \/>\n<link rel=\"canonical\" href=\"https:\/\/vmsport.fi\/sv\/webbutik\/dack\/systerdack\/fatbike\/systerdack-bontrager-standard-fat-26-x-4-0-5-0-presta-36-mm\/\" \/>\n<meta property=\"og:locale\" content=\"sv_SE\" \/>\n<meta property=\"og:type\" content=\"article\" \/>\n<meta property=\"og:title\" content=\"Sis\u00e4rengas Bontrager Standard Fat 26 x 4.0\u20135.0 Presta 36 mm - VM Sport\" \/>\n<meta property=\"og:description\" content=\"Bontragerin Standard Fat 26 x 4.0\u20135.0 sis\u00e4rengas on suunniteltu erityisesti fatbikeille, joten se soveltuu 26 x 4.0\u20135.0 tuuman rengaskokoon. Varustettuna 36 mm Presta-venttiilill\u00e4, t\u00e4m\u00e4 sis\u00e4rengas mahdollistaa ilmanpaineen tarkan s\u00e4\u00e4d\u00f6n, mik\u00e4 parantaa ajomukavuutta ja hallintaa. Rakenne takaa luotettavuuden eri maastotyypeiss\u00e4, joten se on erinomainen valinta niin rentoon py\u00f6r\u00e4ilyyn kuin vaativaan maastoajoon. Sis\u00e4rengas on kehitetty kest\u00e4m\u00e4\u00e4n kovia [...]L\u00e4s mer \u2026 from Sis\u00e4rengas Bontrager Standard Fat 26 x 4.0\u20135.0 Presta 36 mm\" \/>\n<meta property=\"og:url\" content=\"https:\/\/vmsport.fi\/sv\/webbutik\/dack\/systerdack\/fatbike\/systerdack-bontrager-standard-fat-26-x-4-0-5-0-presta-36-mm\/\" \/>\n<meta property=\"og:site_name\" content=\"VM Sport\" \/>\n<meta property=\"article:publisher\" content=\"https:\/\/www.facebook.com\/Vmsport.fi\/\" \/>\n<meta property=\"article:modified_time\" content=\"2026-01-16T11:24:36+00:00\" \/>\n<meta property=\"og:image\" content=\"https:\/\/vmsport.fi\/wp-content\/uploads\/2025\/03\/4qqJohWLoXbRhqj9sBjSgdBuh147qmZCieFukvU0zpEXRVxSaD-1.jpg\" \/>\n\t<meta property=\"og:image:width\" content=\"1000\" \/>\n\t<meta property=\"og:image:height\" content=\"1000\" \/>\n\t<meta property=\"og:image:type\" content=\"image\/jpeg\" \/>\n<meta name=\"twitter:card\" content=\"summary_large_image\" \/>\n<script type=\"application\/ld+json\" class=\"yoast-schema-graph\">{\"@context\":\"https:\\\/\\\/schema.org\",\"@graph\":[{\"@type\":[\"WebPage\",\"ItemPage\"],\"@id\":\"https:\\\/\\\/vmsport.fi\\\/verkkokauppa\\\/renkaat\\\/sisarenkaat\\\/fatbike\\\/sisarengas-bontrager-standard-fat-26-x-4-0-5-0-presta-36-mm\\\/\",\"url\":\"https:\\\/\\\/vmsport.fi\\\/verkkokauppa\\\/renkaat\\\/sisarenkaat\\\/fatbike\\\/sisarengas-bontrager-standard-fat-26-x-4-0-5-0-presta-36-mm\\\/\",\"name\":\"Sis\u00e4rengas Bontrager Standard Fat 26 x 4.0\u20135.0 Presta 36 mm - VM Sport\",\"isPartOf\":{\"@id\":\"https:\\\/\\\/vmsport.fi\\\/#website\"},\"primaryImageOfPage\":{\"@id\":\"https:\\\/\\\/vmsport.fi\\\/verkkokauppa\\\/renkaat\\\/sisarenkaat\\\/fatbike\\\/sisarengas-bontrager-standard-fat-26-x-4-0-5-0-presta-36-mm\\\/#primaryimage\"},\"image\":{\"@id\":\"https:\\\/\\\/vmsport.fi\\\/verkkokauppa\\\/renkaat\\\/sisarenkaat\\\/fatbike\\\/sisarengas-bontrager-standard-fat-26-x-4-0-5-0-presta-36-mm\\\/#primaryimage\"},\"thumbnailUrl\":\"https:\\\/\\\/vmsport.fi\\\/wp-content\\\/uploads\\\/2025\\\/03\\\/4qqJohWLoXbRhqj9sBjSgdBuh147qmZCieFukvU0zpEXRVxSaD-1.jpg\",\"datePublished\":\"2025-03-05T21:38:21+00:00\",\"dateModified\":\"2026-01-16T11:24:36+00:00\",\"breadcrumb\":{\"@id\":\"https:\\\/\\\/vmsport.fi\\\/verkkokauppa\\\/renkaat\\\/sisarenkaat\\\/fatbike\\\/sisarengas-bontrager-standard-fat-26-x-4-0-5-0-presta-36-mm\\\/#breadcrumb\"},\"inLanguage\":\"sv-SE\",\"potentialAction\":[{\"@type\":\"ReadAction\",\"target\":[\"https:\\\/\\\/vmsport.fi\\\/verkkokauppa\\\/renkaat\\\/sisarenkaat\\\/fatbike\\\/sisarengas-bontrager-standard-fat-26-x-4-0-5-0-presta-36-mm\\\/\"]}]},{\"@type\":\"ImageObject\",\"inLanguage\":\"sv-SE\",\"@id\":\"https:\\\/\\\/vmsport.fi\\\/verkkokauppa\\\/renkaat\\\/sisarenkaat\\\/fatbike\\\/sisarengas-bontrager-standard-fat-26-x-4-0-5-0-presta-36-mm\\\/#primaryimage\",\"url\":\"https:\\\/\\\/vmsport.fi\\\/wp-content\\\/uploads\\\/2025\\\/03\\\/4qqJohWLoXbRhqj9sBjSgdBuh147qmZCieFukvU0zpEXRVxSaD-1.jpg\",\"contentUrl\":\"https:\\\/\\\/vmsport.fi\\\/wp-content\\\/uploads\\\/2025\\\/03\\\/4qqJohWLoXbRhqj9sBjSgdBuh147qmZCieFukvU0zpEXRVxSaD-1.jpg\",\"width\":1000,\"height\":1000,\"caption\":\"4qqJohWLoXbRhqj9sBjSgdBuh147qmZCieFukvU0zpEXRVxSaD\"},{\"@type\":\"BreadcrumbList\",\"@id\":\"https:\\\/\\\/vmsport.fi\\\/verkkokauppa\\\/renkaat\\\/sisarenkaat\\\/fatbike\\\/sisarengas-bontrager-standard-fat-26-x-4-0-5-0-presta-36-mm\\\/#breadcrumb\",\"itemListElement\":[{\"@type\":\"ListItem\",\"position\":1,\"name\":\"Etusivu\",\"item\":\"https:\\\/\\\/vmsport.fi\\\/\"},{\"@type\":\"ListItem\",\"position\":2,\"name\":\"Online Store\",\"item\":\"https:\\\/\\\/vmsport.fi\\\/en\\\/online-store\\\/\"},{\"@type\":\"ListItem\",\"position\":3,\"name\":\"Sis\u00e4rengas Bontrager Standard Fat 26 x 4.0\u20135.0 Presta 36 mm\"}]},{\"@type\":\"WebSite\",\"@id\":\"https:\\\/\\\/vmsport.fi\\\/#website\",\"url\":\"https:\\\/\\\/vmsport.fi\\\/\",\"name\":\"Vmsport\",\"description\":\"Kaikki py\u00f6r\u00e4ilyyn yhdest\u00e4 paikasta\",\"publisher\":{\"@id\":\"https:\\\/\\\/vmsport.fi\\\/#organization\"},\"potentialAction\":[{\"@type\":\"SearchAction\",\"target\":{\"@type\":\"EntryPoint\",\"urlTemplate\":\"https:\\\/\\\/vmsport.fi\\\/?s={search_term_string}\"},\"query-input\":{\"@type\":\"PropertyValueSpecification\",\"valueRequired\":true,\"valueName\":\"search_term_string\"}}],\"inLanguage\":\"sv-SE\"},{\"@type\":\"Organization\",\"@id\":\"https:\\\/\\\/vmsport.fi\\\/#organization\",\"name\":\"Vmsport\",\"url\":\"https:\\\/\\\/vmsport.fi\\\/\",\"logo\":{\"@type\":\"ImageObject\",\"inLanguage\":\"sv-SE\",\"@id\":\"https:\\\/\\\/vmsport.fi\\\/#\\\/schema\\\/logo\\\/image\\\/\",\"url\":\"https:\\\/\\\/vmsport.fi\\\/wp-content\\\/uploads\\\/2024\\\/12\\\/vm_sport_RGB_horisontal-e1734526017575.png\",\"contentUrl\":\"https:\\\/\\\/vmsport.fi\\\/wp-content\\\/uploads\\\/2024\\\/12\\\/vm_sport_RGB_horisontal-e1734526017575.png\",\"width\":668,\"height\":85,\"caption\":\"Vmsport\"},\"image\":{\"@id\":\"https:\\\/\\\/vmsport.fi\\\/#\\\/schema\\\/logo\\\/image\\\/\"},\"sameAs\":[\"https:\\\/\\\/www.facebook.com\\\/Vmsport.fi\\\/\",\"https:\\\/\\\/www.instagram.com\\\/vmsport\\\/\"]}]}<\/script>\n<!-- \/ Yoast SEO plugin. -->","yoast_head_json":{"title":"Bontrager Standard Fat 26 x 4,0-5,0 Presta 36 mm - VM Sport","robots":{"index":"index","follow":"follow","max-snippet":"max-snippet:-1","max-image-preview":"max-image-preview:large","max-video-preview":"max-video-preview:-1"},"canonical":"https:\/\/vmsport.fi\/sv\/webbutik\/dack\/systerdack\/fatbike\/systerdack-bontrager-standard-fat-26-x-4-0-5-0-presta-36-mm\/","og_locale":"sv_SE","og_type":"article","og_title":"Sis\u00e4rengas Bontrager Standard Fat 26 x 4.0\u20135.0 Presta 36 mm - VM Sport","og_description":"Bontragerin Standard Fat 26 x 4.0\u20135.0 sis\u00e4rengas on suunniteltu erityisesti fatbikeille, joten se soveltuu 26 x 4.0\u20135.0 tuuman rengaskokoon. Varustettuna 36 mm Presta-venttiilill\u00e4, t\u00e4m\u00e4 sis\u00e4rengas mahdollistaa ilmanpaineen tarkan s\u00e4\u00e4d\u00f6n, mik\u00e4 parantaa ajomukavuutta ja hallintaa. Rakenne takaa luotettavuuden eri maastotyypeiss\u00e4, joten se on erinomainen valinta niin rentoon py\u00f6r\u00e4ilyyn kuin vaativaan maastoajoon. Sis\u00e4rengas on kehitetty kest\u00e4m\u00e4\u00e4n kovia [...]L\u00e4s mer \u2026 from Sis\u00e4rengas Bontrager Standard Fat 26 x 4.0\u20135.0 Presta 36 mm","og_url":"https:\/\/vmsport.fi\/sv\/webbutik\/dack\/systerdack\/fatbike\/systerdack-bontrager-standard-fat-26-x-4-0-5-0-presta-36-mm\/","og_site_name":"VM Sport","article_publisher":"https:\/\/www.facebook.com\/Vmsport.fi\/","article_modified_time":"2026-01-16T11:24:36+00:00","og_image":[{"width":1000,"height":1000,"url":"https:\/\/vmsport.fi\/wp-content\/uploads\/2025\/03\/4qqJohWLoXbRhqj9sBjSgdBuh147qmZCieFukvU0zpEXRVxSaD-1.jpg","type":"image\/jpeg"}],"twitter_card":"summary_large_image","schema":{"@context":"https:\/\/schema.org","@graph":[{"@type":["WebPage","ItemPage"],"@id":"https:\/\/vmsport.fi\/verkkokauppa\/renkaat\/sisarenkaat\/fatbike\/sisarengas-bontrager-standard-fat-26-x-4-0-5-0-presta-36-mm\/","url":"https:\/\/vmsport.fi\/verkkokauppa\/renkaat\/sisarenkaat\/fatbike\/sisarengas-bontrager-standard-fat-26-x-4-0-5-0-presta-36-mm\/","name":"Bontrager Standard Fat 26 x 4,0-5,0 Presta 36 mm - VM Sport","isPartOf":{"@id":"https:\/\/vmsport.fi\/#website"},"primaryImageOfPage":{"@id":"https:\/\/vmsport.fi\/verkkokauppa\/renkaat\/sisarenkaat\/fatbike\/sisarengas-bontrager-standard-fat-26-x-4-0-5-0-presta-36-mm\/#primaryimage"},"image":{"@id":"https:\/\/vmsport.fi\/verkkokauppa\/renkaat\/sisarenkaat\/fatbike\/sisarengas-bontrager-standard-fat-26-x-4-0-5-0-presta-36-mm\/#primaryimage"},"thumbnailUrl":"https:\/\/vmsport.fi\/wp-content\/uploads\/2025\/03\/4qqJohWLoXbRhqj9sBjSgdBuh147qmZCieFukvU0zpEXRVxSaD-1.jpg","datePublished":"2025-03-05T21:38:21+00:00","dateModified":"2026-01-16T11:24:36+00:00","breadcrumb":{"@id":"https:\/\/vmsport.fi\/verkkokauppa\/renkaat\/sisarenkaat\/fatbike\/sisarengas-bontrager-standard-fat-26-x-4-0-5-0-presta-36-mm\/#breadcrumb"},"inLanguage":"sv-SE","potentialAction":[{"@type":"ReadAction","target":["https:\/\/vmsport.fi\/verkkokauppa\/renkaat\/sisarenkaat\/fatbike\/sisarengas-bontrager-standard-fat-26-x-4-0-5-0-presta-36-mm\/"]}]},{"@type":"ImageObject","inLanguage":"sv-SE","@id":"https:\/\/vmsport.fi\/verkkokauppa\/renkaat\/sisarenkaat\/fatbike\/sisarengas-bontrager-standard-fat-26-x-4-0-5-0-presta-36-mm\/#primaryimage","url":"https:\/\/vmsport.fi\/wp-content\/uploads\/2025\/03\/4qqJohWLoXbRhqj9sBjSgdBuh147qmZCieFukvU0zpEXRVxSaD-1.jpg","contentUrl":"https:\/\/vmsport.fi\/wp-content\/uploads\/2025\/03\/4qqJohWLoXbRhqj9sBjSgdBuh147qmZCieFukvU0zpEXRVxSaD-1.jpg","width":1000,"height":1000,"caption":"4qqJohWLoXbRhqj9sBjSgdBuh147qmZCieFukvU0zpEXRVxSaD"},{"@type":"BreadcrumbList","@id":"https:\/\/vmsport.fi\/verkkokauppa\/renkaat\/sisarenkaat\/fatbike\/sisarengas-bontrager-standard-fat-26-x-4-0-5-0-presta-36-mm\/#breadcrumb","itemListElement":[{"@type":"ListItem","position":1,"name":"Etusivu","item":"https:\/\/vmsport.fi\/"},{"@type":"ListItem","position":2,"name":"Online Store","item":"https:\/\/vmsport.fi\/en\/online-store\/"},{"@type":"ListItem","position":3,"name":"Sis\u00e4rengas Bontrager Standard Fat 26 x 4.0\u20135.0 Presta 36 mm"}]},{"@type":"WebSite","@id":"https:\/\/vmsport.fi\/#website","url":"https:\/\/vmsport.fi\/","name":"Vmsport","description":"Allt p\u00e5 ett st\u00e4lle f\u00f6r cykling","publisher":{"@id":"https:\/\/vmsport.fi\/#organization"},"potentialAction":[{"@type":"SearchAction","target":{"@type":"EntryPoint","urlTemplate":"https:\/\/vmsport.fi\/?s={search_term_string}"},"query-input":{"@type":"PropertyValueSpecification","valueRequired":true,"valueName":"search_term_string"}}],"inLanguage":"sv-SE"},{"@type":"Organization","@id":"https:\/\/vmsport.fi\/#organization","name":"Vmsport","url":"https:\/\/vmsport.fi\/","logo":{"@type":"ImageObject","inLanguage":"sv-SE","@id":"https:\/\/vmsport.fi\/#\/schema\/logo\/image\/","url":"https:\/\/vmsport.fi\/wp-content\/uploads\/2024\/12\/vm_sport_RGB_horisontal-e1734526017575.png","contentUrl":"https:\/\/vmsport.fi\/wp-content\/uploads\/2024\/12\/vm_sport_RGB_horisontal-e1734526017575.png","width":668,"height":85,"caption":"Vmsport"},"image":{"@id":"https:\/\/vmsport.fi\/#\/schema\/logo\/image\/"},"sameAs":["https:\/\/www.facebook.com\/Vmsport.fi\/","https:\/\/www.instagram.com\/vmsport\/"]}]}},"global_unique_id":"","_links":{"self":[{"href":"https:\/\/vmsport.fi\/sv\/wp-json\/wp\/v2\/product\/53205","targetHints":{"allow":["GET"]}}],"collection":[{"href":"https:\/\/vmsport.fi\/sv\/wp-json\/wp\/v2\/product"}],"about":[{"href":"https:\/\/vmsport.fi\/sv\/wp-json\/wp\/v2\/types\/product"}],"replies":[{"embeddable":true,"href":"https:\/\/vmsport.fi\/sv\/wp-json\/wp\/v2\/comments?post=53205"}],"wp:featuredmedia":[{"embeddable":true,"href":"https:\/\/vmsport.fi\/sv\/wp-json\/wp\/v2\/media\/53204"}],"wp:attachment":[{"href":"https:\/\/vmsport.fi\/sv\/wp-json\/wp\/v2\/media?parent=53205"}],"wp:term":[{"taxonomy":"product_brand","embeddable":true,"href":"https:\/\/vmsport.fi\/sv\/wp-json\/wp\/v2\/product_brand?post=53205"},{"taxonomy":"product_model","embeddable":true,"href":"https:\/\/vmsport.fi\/sv\/wp-json\/wp\/v2\/product_model?post=53205"},{"taxonomy":"product_cat","embeddable":true,"href":"https:\/\/vmsport.fi\/sv\/wp-json\/wp\/v2\/product_cat?post=53205"},{"taxonomy":"product_tag","embeddable":true,"href":"https:\/\/vmsport.fi\/sv\/wp-json\/wp\/v2\/product_tag?post=53205"},{"taxonomy":"industry_terminology","embeddable":true,"href":"https:\/\/vmsport.fi\/sv\/wp-json\/wp\/v2\/industry-terminology?post=53205"}],"curies":[{"name":"wp","href":"https:\/\/api.w.org\/{rel}","templated":true}]}}