{"id":53194,"date":"2025-03-05T23:38:15","date_gmt":"2025-03-05T21:38:15","guid":{"rendered":"https:\/\/vmsport.fi\/verkkokauppa\/Ei-luokiteltu\/fox-racing-voyd-2-0-flannel-kauluspaita\/"},"modified":"2026-03-10T02:00:36","modified_gmt":"2026-03-10T00:00:36","slug":"fox-racing-voyd-2-0-flanellskjorta-med-krage","status":"publish","type":"product","link":"https:\/\/vmsport.fi\/sv\/verkkokauppa\/ajovarusteet\/vaatteet\/vapaa-ajan-vaatteet\/fox-racing-voyd-2-0-flannel-kauluspaita\/","title":{"rendered":"FOX RACING VOYD 2.0 FLANELLSKJORTA MED KRAGE"},"content":{"rendered":"<p>FOX Racings VOYD 2.0 flanellskjorta, tillverkad av mjuk och varm 100%-bomull, kombinerar perfekt traditionell stil med modern komfort. Denna r\u00f6da och svarta flanellskjorta har ett borstat twilltyg som v\u00e4ger 195 gram och \u00e4r \u00f6verf\u00e4rgat f\u00f6r h\u00e5llbarhet. Skjortan har en klassisk design med en br\u00f6stficka framtill och \u00e4r utformad f\u00f6r att sitta vackert och bekv\u00e4mt. Detta m\u00e5ngsidiga plagg \u00e4r perfekt f\u00f6r lager p\u00e5 lager: det fungerar utm\u00e4rkt under en huvtr\u00f6ja eller jacka eller \u00f6ver en t-shirt. L\u00e4ngden \u00f6ver axeln \u00e4r 79,5 cm framtill och 80,6 cm baktill, vilket g\u00f6r den idealisk f\u00f6r avslappnade vardagskl\u00e4der eller f\u00f6r att ge extra v\u00e4rme i kallare v\u00e4der.<\/p>","protected":false},"excerpt":{"rendered":"<p>FOX Racingin VOYD 2.0 flanellipaita, valmistettu pehme\u00e4st\u00e4 ja l\u00e4mpim\u00e4st\u00e4 100% puuvillasta, yhdist\u00e4\u00e4 perinteisen tyylin ja nykyaikaisen mukavuuden t\u00e4ydellisesti. T\u00e4ss\u00e4 punamustassa flanellipaidassa on harjattu twill-kangas, joka painaa 195 grammaa ja on yliv\u00e4rj\u00e4tty kest\u00e4vyyden lis\u00e4\u00e4miseksi. Paidassa on klassinen muotoilu ja yksitt\u00e4inen rintatasku edess\u00e4, ja se on suunniteltu istumaan kauniisti ja mukavasti. T\u00e4m\u00e4 monik\u00e4ytt\u00f6inen vaate sopii loistavasti kerrospukeutumiseen: [&#8230;]<\/p>\n<p><a class=\"btn btn-secondary understrap-read-more-link\" href=\"https:\/\/vmsport.fi\/sv\/verkkokauppa\/ajovarusteet\/vaatteet\/vapaa-ajan-vaatteet\/fox-racing-voyd-2-0-flannel-kauluspaita\/\">L\u00e4s mer \u2026<span class=\"screen-reader-text\"> from FOX RACING VOYD 2.0 FLANNEL KAULUSPAITA<\/span><\/a><\/p>\n","protected":false},"featured_media":53192,"comment_status":"open","ping_status":"closed","template":"","meta":{"_acf_changed":false,"_improvement_type_select":"improve_an_existing","_thumb_yes_seoaic":false,"_frame_yes_seoaic":false,"seoaic_generate_description":"","seoaic_improve_instructions_prompt":"","seoaic_rollback_content_improvement":"","seoaic_idea_thumbnail_generator":"","thumbnail_generated":false,"thumbnail_generate_prompt":"","seoaic_article_description":"","_supplier_stock_quantity":0},"product_brand":[45],"product_model":[],"product_cat":[9466],"product_tag":[],"industry-terminology":[],"class_list":{"0":"post-53194","1":"product","2":"type-product","3":"status-publish","4":"has-post-thumbnail","6":"product_brand-fox","7":"product_cat-vapaa-ajan-vaatteet","9":"first","10":"outofstock","11":"sale","12":"taxable","13":"shipping-taxable","14":"product-type-variable"},"acf":{"bike_features":null,"overview":{"copy_overview":null,"key_features":null,"statement":"","youtube_url":""}},"yoast_head":"<!-- This site is optimized with the Yoast SEO plugin v27.3 - https:\/\/yoast.com\/product\/yoast-seo-wordpress\/ -->\n<title>FOX RACING VOYD 2.0 FLANNEL KAULUSPAITA - VM Sport<\/title>\n<meta name=\"robots\" content=\"index, follow, max-snippet:-1, max-image-preview:large, max-video-preview:-1\" \/>\n<link rel=\"canonical\" href=\"https:\/\/vmsport.fi\/sv\/webbutik\/korutrustning\/klader\/fritidsklader\/fox-racing-voyd-2-0-flanellskjorta-med-krage\/\" \/>\n<meta property=\"og:locale\" content=\"sv_SE\" \/>\n<meta property=\"og:type\" content=\"article\" \/>\n<meta property=\"og:title\" content=\"FOX RACING VOYD 2.0 FLANNEL KAULUSPAITA - VM Sport\" \/>\n<meta property=\"og:description\" content=\"FOX Racingin VOYD 2.0 flanellipaita, valmistettu pehme\u00e4st\u00e4 ja l\u00e4mpim\u00e4st\u00e4 100% puuvillasta, yhdist\u00e4\u00e4 perinteisen tyylin ja nykyaikaisen mukavuuden t\u00e4ydellisesti. T\u00e4ss\u00e4 punamustassa flanellipaidassa on harjattu twill-kangas, joka painaa 195 grammaa ja on yliv\u00e4rj\u00e4tty kest\u00e4vyyden lis\u00e4\u00e4miseksi. Paidassa on klassinen muotoilu ja yksitt\u00e4inen rintatasku edess\u00e4, ja se on suunniteltu istumaan kauniisti ja mukavasti. T\u00e4m\u00e4 monik\u00e4ytt\u00f6inen vaate sopii loistavasti kerrospukeutumiseen: [...]L\u00e4s mer \u2026 from FOX RACING VOYD 2.0 FLANNEL KAULUSPAITA\" \/>\n<meta property=\"og:url\" content=\"https:\/\/vmsport.fi\/sv\/webbutik\/korutrustning\/klader\/fritidsklader\/fox-racing-voyd-2-0-flanellskjorta-med-krage\/\" \/>\n<meta property=\"og:site_name\" content=\"VM Sport\" \/>\n<meta property=\"article:publisher\" content=\"https:\/\/www.facebook.com\/Vmsport.fi\/\" \/>\n<meta property=\"article:modified_time\" content=\"2026-03-10T00:00:36+00:00\" \/>\n<meta property=\"og:image\" content=\"https:\/\/vmsport.fi\/wp-content\/uploads\/2025\/03\/28627-369-2-1.png\" \/>\n\t<meta property=\"og:image:width\" content=\"750\" \/>\n\t<meta property=\"og:image:height\" content=\"1000\" \/>\n\t<meta property=\"og:image:type\" content=\"image\/png\" \/>\n<meta name=\"twitter:card\" content=\"summary_large_image\" \/>\n<meta name=\"twitter:label1\" content=\"Ber\u00e4knad l\u00e4stid\" \/>\n\t<meta name=\"twitter:data1\" content=\"1 minut\" \/>\n<script type=\"application\/ld+json\" class=\"yoast-schema-graph\">{\"@context\":\"https:\\\/\\\/schema.org\",\"@graph\":[{\"@type\":[\"WebPage\",\"ItemPage\"],\"@id\":\"https:\\\/\\\/vmsport.fi\\\/verkkokauppa\\\/ajovarusteet\\\/vaatteet\\\/vapaa-ajan-vaatteet\\\/fox-racing-voyd-2-0-flannel-kauluspaita\\\/\",\"url\":\"https:\\\/\\\/vmsport.fi\\\/verkkokauppa\\\/ajovarusteet\\\/vaatteet\\\/vapaa-ajan-vaatteet\\\/fox-racing-voyd-2-0-flannel-kauluspaita\\\/\",\"name\":\"FOX RACING VOYD 2.0 FLANNEL KAULUSPAITA - VM Sport\",\"isPartOf\":{\"@id\":\"https:\\\/\\\/vmsport.fi\\\/#website\"},\"primaryImageOfPage\":{\"@id\":\"https:\\\/\\\/vmsport.fi\\\/verkkokauppa\\\/ajovarusteet\\\/vaatteet\\\/vapaa-ajan-vaatteet\\\/fox-racing-voyd-2-0-flannel-kauluspaita\\\/#primaryimage\"},\"image\":{\"@id\":\"https:\\\/\\\/vmsport.fi\\\/verkkokauppa\\\/ajovarusteet\\\/vaatteet\\\/vapaa-ajan-vaatteet\\\/fox-racing-voyd-2-0-flannel-kauluspaita\\\/#primaryimage\"},\"thumbnailUrl\":\"https:\\\/\\\/vmsport.fi\\\/wp-content\\\/uploads\\\/2025\\\/03\\\/28627-369-2-1.png\",\"datePublished\":\"2025-03-05T21:38:15+00:00\",\"dateModified\":\"2026-03-10T00:00:36+00:00\",\"breadcrumb\":{\"@id\":\"https:\\\/\\\/vmsport.fi\\\/verkkokauppa\\\/ajovarusteet\\\/vaatteet\\\/vapaa-ajan-vaatteet\\\/fox-racing-voyd-2-0-flannel-kauluspaita\\\/#breadcrumb\"},\"inLanguage\":\"sv-SE\",\"potentialAction\":[{\"@type\":\"ReadAction\",\"target\":[\"https:\\\/\\\/vmsport.fi\\\/verkkokauppa\\\/ajovarusteet\\\/vaatteet\\\/vapaa-ajan-vaatteet\\\/fox-racing-voyd-2-0-flannel-kauluspaita\\\/\"]}]},{\"@type\":\"ImageObject\",\"inLanguage\":\"sv-SE\",\"@id\":\"https:\\\/\\\/vmsport.fi\\\/verkkokauppa\\\/ajovarusteet\\\/vaatteet\\\/vapaa-ajan-vaatteet\\\/fox-racing-voyd-2-0-flannel-kauluspaita\\\/#primaryimage\",\"url\":\"https:\\\/\\\/vmsport.fi\\\/wp-content\\\/uploads\\\/2025\\\/03\\\/28627-369-2-1.png\",\"contentUrl\":\"https:\\\/\\\/vmsport.fi\\\/wp-content\\\/uploads\\\/2025\\\/03\\\/28627-369-2-1.png\",\"width\":750,\"height\":1000,\"caption\":\"28627-369-2\"},{\"@type\":\"BreadcrumbList\",\"@id\":\"https:\\\/\\\/vmsport.fi\\\/verkkokauppa\\\/ajovarusteet\\\/vaatteet\\\/vapaa-ajan-vaatteet\\\/fox-racing-voyd-2-0-flannel-kauluspaita\\\/#breadcrumb\",\"itemListElement\":[{\"@type\":\"ListItem\",\"position\":1,\"name\":\"Etusivu\",\"item\":\"https:\\\/\\\/vmsport.fi\\\/\"},{\"@type\":\"ListItem\",\"position\":2,\"name\":\"Online Store\",\"item\":\"https:\\\/\\\/vmsport.fi\\\/en\\\/online-store\\\/\"},{\"@type\":\"ListItem\",\"position\":3,\"name\":\"FOX RACING VOYD 2.0 FLANNEL KAULUSPAITA\"}]},{\"@type\":\"WebSite\",\"@id\":\"https:\\\/\\\/vmsport.fi\\\/#website\",\"url\":\"https:\\\/\\\/vmsport.fi\\\/\",\"name\":\"Vmsport\",\"description\":\"Kaikki py\u00f6r\u00e4ilyyn yhdest\u00e4 paikasta\",\"publisher\":{\"@id\":\"https:\\\/\\\/vmsport.fi\\\/#organization\"},\"potentialAction\":[{\"@type\":\"SearchAction\",\"target\":{\"@type\":\"EntryPoint\",\"urlTemplate\":\"https:\\\/\\\/vmsport.fi\\\/?s={search_term_string}\"},\"query-input\":{\"@type\":\"PropertyValueSpecification\",\"valueRequired\":true,\"valueName\":\"search_term_string\"}}],\"inLanguage\":\"sv-SE\"},{\"@type\":\"Organization\",\"@id\":\"https:\\\/\\\/vmsport.fi\\\/#organization\",\"name\":\"Vmsport\",\"url\":\"https:\\\/\\\/vmsport.fi\\\/\",\"logo\":{\"@type\":\"ImageObject\",\"inLanguage\":\"sv-SE\",\"@id\":\"https:\\\/\\\/vmsport.fi\\\/#\\\/schema\\\/logo\\\/image\\\/\",\"url\":\"https:\\\/\\\/vmsport.fi\\\/wp-content\\\/uploads\\\/2024\\\/12\\\/vm_sport_RGB_horisontal-e1734526017575.png\",\"contentUrl\":\"https:\\\/\\\/vmsport.fi\\\/wp-content\\\/uploads\\\/2024\\\/12\\\/vm_sport_RGB_horisontal-e1734526017575.png\",\"width\":668,\"height\":85,\"caption\":\"Vmsport\"},\"image\":{\"@id\":\"https:\\\/\\\/vmsport.fi\\\/#\\\/schema\\\/logo\\\/image\\\/\"},\"sameAs\":[\"https:\\\/\\\/www.facebook.com\\\/Vmsport.fi\\\/\",\"https:\\\/\\\/www.instagram.com\\\/vmsport\\\/\"]}]}<\/script>\n<!-- \/ Yoast SEO plugin. -->","yoast_head_json":{"title":"FOX RACING VOYD 2.0 FLANNEL KYLARUTRYMMEN - VM Sport","robots":{"index":"index","follow":"follow","max-snippet":"max-snippet:-1","max-image-preview":"max-image-preview:large","max-video-preview":"max-video-preview:-1"},"canonical":"https:\/\/vmsport.fi\/sv\/webbutik\/korutrustning\/klader\/fritidsklader\/fox-racing-voyd-2-0-flanellskjorta-med-krage\/","og_locale":"sv_SE","og_type":"article","og_title":"FOX RACING VOYD 2.0 FLANNEL KAULUSPAITA - VM Sport","og_description":"FOX Racingin VOYD 2.0 flanellipaita, valmistettu pehme\u00e4st\u00e4 ja l\u00e4mpim\u00e4st\u00e4 100% puuvillasta, yhdist\u00e4\u00e4 perinteisen tyylin ja nykyaikaisen mukavuuden t\u00e4ydellisesti. T\u00e4ss\u00e4 punamustassa flanellipaidassa on harjattu twill-kangas, joka painaa 195 grammaa ja on yliv\u00e4rj\u00e4tty kest\u00e4vyyden lis\u00e4\u00e4miseksi. Paidassa on klassinen muotoilu ja yksitt\u00e4inen rintatasku edess\u00e4, ja se on suunniteltu istumaan kauniisti ja mukavasti. T\u00e4m\u00e4 monik\u00e4ytt\u00f6inen vaate sopii loistavasti kerrospukeutumiseen: [...]L\u00e4s mer \u2026 from FOX RACING VOYD 2.0 FLANNEL KAULUSPAITA","og_url":"https:\/\/vmsport.fi\/sv\/webbutik\/korutrustning\/klader\/fritidsklader\/fox-racing-voyd-2-0-flanellskjorta-med-krage\/","og_site_name":"VM Sport","article_publisher":"https:\/\/www.facebook.com\/Vmsport.fi\/","article_modified_time":"2026-03-10T00:00:36+00:00","og_image":[{"width":750,"height":1000,"url":"https:\/\/vmsport.fi\/wp-content\/uploads\/2025\/03\/28627-369-2-1.png","type":"image\/png"}],"twitter_card":"summary_large_image","twitter_misc":{"Ber\u00e4knad l\u00e4stid":"1 minut"},"schema":{"@context":"https:\/\/schema.org","@graph":[{"@type":["WebPage","ItemPage"],"@id":"https:\/\/vmsport.fi\/verkkokauppa\/ajovarusteet\/vaatteet\/vapaa-ajan-vaatteet\/fox-racing-voyd-2-0-flannel-kauluspaita\/","url":"https:\/\/vmsport.fi\/verkkokauppa\/ajovarusteet\/vaatteet\/vapaa-ajan-vaatteet\/fox-racing-voyd-2-0-flannel-kauluspaita\/","name":"FOX RACING VOYD 2.0 FLANNEL KYLARUTRYMMEN - VM Sport","isPartOf":{"@id":"https:\/\/vmsport.fi\/#website"},"primaryImageOfPage":{"@id":"https:\/\/vmsport.fi\/verkkokauppa\/ajovarusteet\/vaatteet\/vapaa-ajan-vaatteet\/fox-racing-voyd-2-0-flannel-kauluspaita\/#primaryimage"},"image":{"@id":"https:\/\/vmsport.fi\/verkkokauppa\/ajovarusteet\/vaatteet\/vapaa-ajan-vaatteet\/fox-racing-voyd-2-0-flannel-kauluspaita\/#primaryimage"},"thumbnailUrl":"https:\/\/vmsport.fi\/wp-content\/uploads\/2025\/03\/28627-369-2-1.png","datePublished":"2025-03-05T21:38:15+00:00","dateModified":"2026-03-10T00:00:36+00:00","breadcrumb":{"@id":"https:\/\/vmsport.fi\/verkkokauppa\/ajovarusteet\/vaatteet\/vapaa-ajan-vaatteet\/fox-racing-voyd-2-0-flannel-kauluspaita\/#breadcrumb"},"inLanguage":"sv-SE","potentialAction":[{"@type":"ReadAction","target":["https:\/\/vmsport.fi\/verkkokauppa\/ajovarusteet\/vaatteet\/vapaa-ajan-vaatteet\/fox-racing-voyd-2-0-flannel-kauluspaita\/"]}]},{"@type":"ImageObject","inLanguage":"sv-SE","@id":"https:\/\/vmsport.fi\/verkkokauppa\/ajovarusteet\/vaatteet\/vapaa-ajan-vaatteet\/fox-racing-voyd-2-0-flannel-kauluspaita\/#primaryimage","url":"https:\/\/vmsport.fi\/wp-content\/uploads\/2025\/03\/28627-369-2-1.png","contentUrl":"https:\/\/vmsport.fi\/wp-content\/uploads\/2025\/03\/28627-369-2-1.png","width":750,"height":1000,"caption":"28627-369-2"},{"@type":"BreadcrumbList","@id":"https:\/\/vmsport.fi\/verkkokauppa\/ajovarusteet\/vaatteet\/vapaa-ajan-vaatteet\/fox-racing-voyd-2-0-flannel-kauluspaita\/#breadcrumb","itemListElement":[{"@type":"ListItem","position":1,"name":"Etusivu","item":"https:\/\/vmsport.fi\/"},{"@type":"ListItem","position":2,"name":"Online Store","item":"https:\/\/vmsport.fi\/en\/online-store\/"},{"@type":"ListItem","position":3,"name":"FOX RACING VOYD 2.0 FLANNEL KAULUSPAITA"}]},{"@type":"WebSite","@id":"https:\/\/vmsport.fi\/#website","url":"https:\/\/vmsport.fi\/","name":"Vmsport","description":"Allt p\u00e5 ett st\u00e4lle f\u00f6r cykling","publisher":{"@id":"https:\/\/vmsport.fi\/#organization"},"potentialAction":[{"@type":"SearchAction","target":{"@type":"EntryPoint","urlTemplate":"https:\/\/vmsport.fi\/?s={search_term_string}"},"query-input":{"@type":"PropertyValueSpecification","valueRequired":true,"valueName":"search_term_string"}}],"inLanguage":"sv-SE"},{"@type":"Organization","@id":"https:\/\/vmsport.fi\/#organization","name":"Vmsport","url":"https:\/\/vmsport.fi\/","logo":{"@type":"ImageObject","inLanguage":"sv-SE","@id":"https:\/\/vmsport.fi\/#\/schema\/logo\/image\/","url":"https:\/\/vmsport.fi\/wp-content\/uploads\/2024\/12\/vm_sport_RGB_horisontal-e1734526017575.png","contentUrl":"https:\/\/vmsport.fi\/wp-content\/uploads\/2024\/12\/vm_sport_RGB_horisontal-e1734526017575.png","width":668,"height":85,"caption":"Vmsport"},"image":{"@id":"https:\/\/vmsport.fi\/#\/schema\/logo\/image\/"},"sameAs":["https:\/\/www.facebook.com\/Vmsport.fi\/","https:\/\/www.instagram.com\/vmsport\/"]}]}},"global_unique_id":"","_links":{"self":[{"href":"https:\/\/vmsport.fi\/sv\/wp-json\/wp\/v2\/product\/53194","targetHints":{"allow":["GET"]}}],"collection":[{"href":"https:\/\/vmsport.fi\/sv\/wp-json\/wp\/v2\/product"}],"about":[{"href":"https:\/\/vmsport.fi\/sv\/wp-json\/wp\/v2\/types\/product"}],"replies":[{"embeddable":true,"href":"https:\/\/vmsport.fi\/sv\/wp-json\/wp\/v2\/comments?post=53194"}],"wp:featuredmedia":[{"embeddable":true,"href":"https:\/\/vmsport.fi\/sv\/wp-json\/wp\/v2\/media\/53192"}],"wp:attachment":[{"href":"https:\/\/vmsport.fi\/sv\/wp-json\/wp\/v2\/media?parent=53194"}],"wp:term":[{"taxonomy":"product_brand","embeddable":true,"href":"https:\/\/vmsport.fi\/sv\/wp-json\/wp\/v2\/product_brand?post=53194"},{"taxonomy":"product_model","embeddable":true,"href":"https:\/\/vmsport.fi\/sv\/wp-json\/wp\/v2\/product_model?post=53194"},{"taxonomy":"product_cat","embeddable":true,"href":"https:\/\/vmsport.fi\/sv\/wp-json\/wp\/v2\/product_cat?post=53194"},{"taxonomy":"product_tag","embeddable":true,"href":"https:\/\/vmsport.fi\/sv\/wp-json\/wp\/v2\/product_tag?post=53194"},{"taxonomy":"industry_terminology","embeddable":true,"href":"https:\/\/vmsport.fi\/sv\/wp-json\/wp\/v2\/industry-terminology?post=53194"}],"curies":[{"name":"wp","href":"https:\/\/api.w.org\/{rel}","templated":true}]}}