{"id":53190,"date":"2025-03-05T23:38:12","date_gmt":"2025-03-05T21:38:12","guid":{"rendered":"https:\/\/vmsport.fi\/verkkokauppa\/Ei-luokiteltu\/jarruvaijeri-mtb-rosteri-tandem-16x3500mm\/"},"modified":"2026-01-27T02:00:09","modified_gmt":"2026-01-27T00:00:09","slug":"bromsvajer-mtb-roster-tandem-16x3500mm","status":"publish","type":"product","link":"https:\/\/vmsport.fi\/sv\/verkkokauppa\/varaosat\/jarrut\/vaijerit-kuoret-ja-muut-jarruosat\/jarruvaijeri-mtb-rosteri-tandem-16x3500mm\/","title":{"rendered":"Bromsvajer MTB roster tandem 1,6x3500mm"},"content":{"rendered":"<p>Denna bromsvajer \u00e4r speciellt utformad f\u00f6r MTB-tandemcyklar och ger kraftfull och tillf\u00f6rlitlig bromsprestanda. Konstruktionen i rostfritt st\u00e5l garanterar l\u00e5ng livsl\u00e4ngd och korrosionsbest\u00e4ndighet, \u00e4ven under tuffa v\u00e4derf\u00f6rh\u00e5llanden. Vajerns diameter p\u00e5 1,6 mm ger en exakt och snabb bromsrespons. Med en l\u00e4ngd p\u00e5 3500 mm \u00e4r den l\u00e4mplig f\u00f6r ett brett utbud av hjulkonstruktioner och ger tillr\u00e4cklig l\u00e4ngd, s\u00e4rskilt f\u00f6r tandemcyklar.<\/p>","protected":false},"excerpt":{"rendered":"<p>T\u00e4m\u00e4 jarruvaijeri on erityisesti suunniteltu MTB-tandempy\u00f6riin, tarjoten voimakkaan ja luotettavan jarrutustehon. Ruostumattomasta ter\u00e4ksest\u00e4 valmistettu rakenne varmistaa pitk\u00e4ik\u00e4isyyden ja kest\u00e4vyyden korroosiota vastaan, vaikka s\u00e4\u00e4olosuhteet olisivatkin vaativat. Vaijerin halkaisija on 1,6 mm, mik\u00e4 mahdollistaa tarkan ja nopean jarrutusvasteen. Pituudeltaan 3500 mm, se sopii monenlaisiin py\u00f6r\u00e4malleihin ja tarjoaa riitt\u00e4v\u00e4n pituuden erityisesti tandem-py\u00f6riin. [&#8230;]<\/p>\n<p><a class=\"btn btn-secondary understrap-read-more-link\" href=\"https:\/\/vmsport.fi\/sv\/verkkokauppa\/varaosat\/jarrut\/vaijerit-kuoret-ja-muut-jarruosat\/jarruvaijeri-mtb-rosteri-tandem-16x3500mm\/\">L\u00e4s mer \u2026<span class=\"screen-reader-text\"> from Jarruvaijeri MTB rosteri tandem 1,6x3500mm<\/span><\/a><\/p>\n","protected":false},"featured_media":53189,"comment_status":"open","ping_status":"closed","template":"","meta":{"_acf_changed":false,"_improvement_type_select":"improve_an_existing","_thumb_yes_seoaic":false,"_frame_yes_seoaic":false,"seoaic_generate_description":"","seoaic_improve_instructions_prompt":"","seoaic_rollback_content_improvement":"","seoaic_idea_thumbnail_generator":"","thumbnail_generated":false,"thumbnail_generate_prompt":"","seoaic_article_description":"","_supplier_stock_quantity":0},"product_brand":[],"product_model":[],"product_cat":[9338],"product_tag":[],"industry-terminology":[],"class_list":{"0":"post-53190","1":"product","2":"type-product","3":"status-publish","4":"has-post-thumbnail","6":"product_cat-vaijerit-kuoret-ja-muut-jarruosat","8":"first","9":"outofstock","10":"taxable","11":"shipping-taxable","12":"product-type-simple"},"acf":{"bike_features":null,"overview":{"copy_overview":null,"key_features":null,"statement":"","youtube_url":""}},"yoast_head":"<!-- This site is optimized with the Yoast SEO plugin v27.3 - https:\/\/yoast.com\/product\/yoast-seo-wordpress\/ -->\n<title>Jarruvaijeri MTB rosteri tandem 1,6x3500mm - VM Sport<\/title>\n<meta name=\"robots\" content=\"index, follow, max-snippet:-1, max-image-preview:large, max-video-preview:-1\" \/>\n<link rel=\"canonical\" href=\"https:\/\/vmsport.fi\/sv\/webbutik\/reservdelar\/bromsar\/linor-skivor-och-andra-bromsdelar\/bromsvajer-mtb-roster-tandem-16x3500mm\/\" \/>\n<meta property=\"og:locale\" content=\"sv_SE\" \/>\n<meta property=\"og:type\" content=\"article\" \/>\n<meta property=\"og:title\" content=\"Jarruvaijeri MTB rosteri tandem 1,6x3500mm - VM Sport\" \/>\n<meta property=\"og:description\" content=\"T\u00e4m\u00e4 jarruvaijeri on erityisesti suunniteltu MTB-tandempy\u00f6riin, tarjoten voimakkaan ja luotettavan jarrutustehon. Ruostumattomasta ter\u00e4ksest\u00e4 valmistettu rakenne varmistaa pitk\u00e4ik\u00e4isyyden ja kest\u00e4vyyden korroosiota vastaan, vaikka s\u00e4\u00e4olosuhteet olisivatkin vaativat. Vaijerin halkaisija on 1,6 mm, mik\u00e4 mahdollistaa tarkan ja nopean jarrutusvasteen. Pituudeltaan 3500 mm, se sopii monenlaisiin py\u00f6r\u00e4malleihin ja tarjoaa riitt\u00e4v\u00e4n pituuden erityisesti tandem-py\u00f6riin. [...]L\u00e4s mer \u2026 from Jarruvaijeri MTB rosteri tandem 1,6x3500mm\" \/>\n<meta property=\"og:url\" content=\"https:\/\/vmsport.fi\/sv\/webbutik\/reservdelar\/bromsar\/linor-skivor-och-andra-bromsdelar\/bromsvajer-mtb-roster-tandem-16x3500mm\/\" \/>\n<meta property=\"og:site_name\" content=\"VM Sport\" \/>\n<meta property=\"article:publisher\" content=\"https:\/\/www.facebook.com\/Vmsport.fi\/\" \/>\n<meta property=\"article:modified_time\" content=\"2026-01-27T00:00:09+00:00\" \/>\n<meta property=\"og:image\" content=\"https:\/\/vmsport.fi\/wp-content\/uploads\/2025\/03\/i9I6Wvs3zRFraw6MxMfjd7oNHv9z9Gi3rQcUBd842IfJ9uKCvC-1.jpg\" \/>\n\t<meta property=\"og:image:width\" content=\"600\" \/>\n\t<meta property=\"og:image:height\" content=\"600\" \/>\n\t<meta property=\"og:image:type\" content=\"image\/jpeg\" \/>\n<meta name=\"twitter:card\" content=\"summary_large_image\" \/>\n<script type=\"application\/ld+json\" class=\"yoast-schema-graph\">{\"@context\":\"https:\\\/\\\/schema.org\",\"@graph\":[{\"@type\":[\"WebPage\",\"ItemPage\"],\"@id\":\"https:\\\/\\\/vmsport.fi\\\/verkkokauppa\\\/varaosat\\\/jarrut\\\/vaijerit-kuoret-ja-muut-jarruosat\\\/jarruvaijeri-mtb-rosteri-tandem-16x3500mm\\\/\",\"url\":\"https:\\\/\\\/vmsport.fi\\\/verkkokauppa\\\/varaosat\\\/jarrut\\\/vaijerit-kuoret-ja-muut-jarruosat\\\/jarruvaijeri-mtb-rosteri-tandem-16x3500mm\\\/\",\"name\":\"Jarruvaijeri MTB rosteri tandem 1,6x3500mm - VM Sport\",\"isPartOf\":{\"@id\":\"https:\\\/\\\/vmsport.fi\\\/#website\"},\"primaryImageOfPage\":{\"@id\":\"https:\\\/\\\/vmsport.fi\\\/verkkokauppa\\\/varaosat\\\/jarrut\\\/vaijerit-kuoret-ja-muut-jarruosat\\\/jarruvaijeri-mtb-rosteri-tandem-16x3500mm\\\/#primaryimage\"},\"image\":{\"@id\":\"https:\\\/\\\/vmsport.fi\\\/verkkokauppa\\\/varaosat\\\/jarrut\\\/vaijerit-kuoret-ja-muut-jarruosat\\\/jarruvaijeri-mtb-rosteri-tandem-16x3500mm\\\/#primaryimage\"},\"thumbnailUrl\":\"https:\\\/\\\/vmsport.fi\\\/wp-content\\\/uploads\\\/2025\\\/03\\\/i9I6Wvs3zRFraw6MxMfjd7oNHv9z9Gi3rQcUBd842IfJ9uKCvC-1.jpg\",\"datePublished\":\"2025-03-05T21:38:12+00:00\",\"dateModified\":\"2026-01-27T00:00:09+00:00\",\"breadcrumb\":{\"@id\":\"https:\\\/\\\/vmsport.fi\\\/verkkokauppa\\\/varaosat\\\/jarrut\\\/vaijerit-kuoret-ja-muut-jarruosat\\\/jarruvaijeri-mtb-rosteri-tandem-16x3500mm\\\/#breadcrumb\"},\"inLanguage\":\"sv-SE\",\"potentialAction\":[{\"@type\":\"ReadAction\",\"target\":[\"https:\\\/\\\/vmsport.fi\\\/verkkokauppa\\\/varaosat\\\/jarrut\\\/vaijerit-kuoret-ja-muut-jarruosat\\\/jarruvaijeri-mtb-rosteri-tandem-16x3500mm\\\/\"]}]},{\"@type\":\"ImageObject\",\"inLanguage\":\"sv-SE\",\"@id\":\"https:\\\/\\\/vmsport.fi\\\/verkkokauppa\\\/varaosat\\\/jarrut\\\/vaijerit-kuoret-ja-muut-jarruosat\\\/jarruvaijeri-mtb-rosteri-tandem-16x3500mm\\\/#primaryimage\",\"url\":\"https:\\\/\\\/vmsport.fi\\\/wp-content\\\/uploads\\\/2025\\\/03\\\/i9I6Wvs3zRFraw6MxMfjd7oNHv9z9Gi3rQcUBd842IfJ9uKCvC-1.jpg\",\"contentUrl\":\"https:\\\/\\\/vmsport.fi\\\/wp-content\\\/uploads\\\/2025\\\/03\\\/i9I6Wvs3zRFraw6MxMfjd7oNHv9z9Gi3rQcUBd842IfJ9uKCvC-1.jpg\",\"width\":600,\"height\":600,\"caption\":\"i9I6Wvs3zRFraw6MxMfjd7oNHv9z9Gi3rQcUBd842IfJ9uKCvC\"},{\"@type\":\"BreadcrumbList\",\"@id\":\"https:\\\/\\\/vmsport.fi\\\/verkkokauppa\\\/varaosat\\\/jarrut\\\/vaijerit-kuoret-ja-muut-jarruosat\\\/jarruvaijeri-mtb-rosteri-tandem-16x3500mm\\\/#breadcrumb\",\"itemListElement\":[{\"@type\":\"ListItem\",\"position\":1,\"name\":\"Etusivu\",\"item\":\"https:\\\/\\\/vmsport.fi\\\/\"},{\"@type\":\"ListItem\",\"position\":2,\"name\":\"Online Store\",\"item\":\"https:\\\/\\\/vmsport.fi\\\/en\\\/online-store\\\/\"},{\"@type\":\"ListItem\",\"position\":3,\"name\":\"Jarruvaijeri MTB rosteri tandem 1,6x3500mm\"}]},{\"@type\":\"WebSite\",\"@id\":\"https:\\\/\\\/vmsport.fi\\\/#website\",\"url\":\"https:\\\/\\\/vmsport.fi\\\/\",\"name\":\"Vmsport\",\"description\":\"Kaikki py\u00f6r\u00e4ilyyn yhdest\u00e4 paikasta\",\"publisher\":{\"@id\":\"https:\\\/\\\/vmsport.fi\\\/#organization\"},\"potentialAction\":[{\"@type\":\"SearchAction\",\"target\":{\"@type\":\"EntryPoint\",\"urlTemplate\":\"https:\\\/\\\/vmsport.fi\\\/?s={search_term_string}\"},\"query-input\":{\"@type\":\"PropertyValueSpecification\",\"valueRequired\":true,\"valueName\":\"search_term_string\"}}],\"inLanguage\":\"sv-SE\"},{\"@type\":\"Organization\",\"@id\":\"https:\\\/\\\/vmsport.fi\\\/#organization\",\"name\":\"Vmsport\",\"url\":\"https:\\\/\\\/vmsport.fi\\\/\",\"logo\":{\"@type\":\"ImageObject\",\"inLanguage\":\"sv-SE\",\"@id\":\"https:\\\/\\\/vmsport.fi\\\/#\\\/schema\\\/logo\\\/image\\\/\",\"url\":\"https:\\\/\\\/vmsport.fi\\\/wp-content\\\/uploads\\\/2024\\\/12\\\/vm_sport_RGB_horisontal-e1734526017575.png\",\"contentUrl\":\"https:\\\/\\\/vmsport.fi\\\/wp-content\\\/uploads\\\/2024\\\/12\\\/vm_sport_RGB_horisontal-e1734526017575.png\",\"width\":668,\"height\":85,\"caption\":\"Vmsport\"},\"image\":{\"@id\":\"https:\\\/\\\/vmsport.fi\\\/#\\\/schema\\\/logo\\\/image\\\/\"},\"sameAs\":[\"https:\\\/\\\/www.facebook.com\\\/Vmsport.fi\\\/\",\"https:\\\/\\\/www.instagram.com\\\/vmsport\\\/\"]}]}<\/script>\n<!-- \/ Yoast SEO plugin. -->","yoast_head_json":{"title":"Bromsvajer MTB roster tandem 1,6x3500mm - VM Sport","robots":{"index":"index","follow":"follow","max-snippet":"max-snippet:-1","max-image-preview":"max-image-preview:large","max-video-preview":"max-video-preview:-1"},"canonical":"https:\/\/vmsport.fi\/sv\/webbutik\/reservdelar\/bromsar\/linor-skivor-och-andra-bromsdelar\/bromsvajer-mtb-roster-tandem-16x3500mm\/","og_locale":"sv_SE","og_type":"article","og_title":"Jarruvaijeri MTB rosteri tandem 1,6x3500mm - VM Sport","og_description":"T\u00e4m\u00e4 jarruvaijeri on erityisesti suunniteltu MTB-tandempy\u00f6riin, tarjoten voimakkaan ja luotettavan jarrutustehon. Ruostumattomasta ter\u00e4ksest\u00e4 valmistettu rakenne varmistaa pitk\u00e4ik\u00e4isyyden ja kest\u00e4vyyden korroosiota vastaan, vaikka s\u00e4\u00e4olosuhteet olisivatkin vaativat. Vaijerin halkaisija on 1,6 mm, mik\u00e4 mahdollistaa tarkan ja nopean jarrutusvasteen. Pituudeltaan 3500 mm, se sopii monenlaisiin py\u00f6r\u00e4malleihin ja tarjoaa riitt\u00e4v\u00e4n pituuden erityisesti tandem-py\u00f6riin. [...]L\u00e4s mer \u2026 from Jarruvaijeri MTB rosteri tandem 1,6x3500mm","og_url":"https:\/\/vmsport.fi\/sv\/webbutik\/reservdelar\/bromsar\/linor-skivor-och-andra-bromsdelar\/bromsvajer-mtb-roster-tandem-16x3500mm\/","og_site_name":"VM Sport","article_publisher":"https:\/\/www.facebook.com\/Vmsport.fi\/","article_modified_time":"2026-01-27T00:00:09+00:00","og_image":[{"width":600,"height":600,"url":"https:\/\/vmsport.fi\/wp-content\/uploads\/2025\/03\/i9I6Wvs3zRFraw6MxMfjd7oNHv9z9Gi3rQcUBd842IfJ9uKCvC-1.jpg","type":"image\/jpeg"}],"twitter_card":"summary_large_image","schema":{"@context":"https:\/\/schema.org","@graph":[{"@type":["WebPage","ItemPage"],"@id":"https:\/\/vmsport.fi\/verkkokauppa\/varaosat\/jarrut\/vaijerit-kuoret-ja-muut-jarruosat\/jarruvaijeri-mtb-rosteri-tandem-16x3500mm\/","url":"https:\/\/vmsport.fi\/verkkokauppa\/varaosat\/jarrut\/vaijerit-kuoret-ja-muut-jarruosat\/jarruvaijeri-mtb-rosteri-tandem-16x3500mm\/","name":"Bromsvajer MTB roster tandem 1,6x3500mm - VM Sport","isPartOf":{"@id":"https:\/\/vmsport.fi\/#website"},"primaryImageOfPage":{"@id":"https:\/\/vmsport.fi\/verkkokauppa\/varaosat\/jarrut\/vaijerit-kuoret-ja-muut-jarruosat\/jarruvaijeri-mtb-rosteri-tandem-16x3500mm\/#primaryimage"},"image":{"@id":"https:\/\/vmsport.fi\/verkkokauppa\/varaosat\/jarrut\/vaijerit-kuoret-ja-muut-jarruosat\/jarruvaijeri-mtb-rosteri-tandem-16x3500mm\/#primaryimage"},"thumbnailUrl":"https:\/\/vmsport.fi\/wp-content\/uploads\/2025\/03\/i9I6Wvs3zRFraw6MxMfjd7oNHv9z9Gi3rQcUBd842IfJ9uKCvC-1.jpg","datePublished":"2025-03-05T21:38:12+00:00","dateModified":"2026-01-27T00:00:09+00:00","breadcrumb":{"@id":"https:\/\/vmsport.fi\/verkkokauppa\/varaosat\/jarrut\/vaijerit-kuoret-ja-muut-jarruosat\/jarruvaijeri-mtb-rosteri-tandem-16x3500mm\/#breadcrumb"},"inLanguage":"sv-SE","potentialAction":[{"@type":"ReadAction","target":["https:\/\/vmsport.fi\/verkkokauppa\/varaosat\/jarrut\/vaijerit-kuoret-ja-muut-jarruosat\/jarruvaijeri-mtb-rosteri-tandem-16x3500mm\/"]}]},{"@type":"ImageObject","inLanguage":"sv-SE","@id":"https:\/\/vmsport.fi\/verkkokauppa\/varaosat\/jarrut\/vaijerit-kuoret-ja-muut-jarruosat\/jarruvaijeri-mtb-rosteri-tandem-16x3500mm\/#primaryimage","url":"https:\/\/vmsport.fi\/wp-content\/uploads\/2025\/03\/i9I6Wvs3zRFraw6MxMfjd7oNHv9z9Gi3rQcUBd842IfJ9uKCvC-1.jpg","contentUrl":"https:\/\/vmsport.fi\/wp-content\/uploads\/2025\/03\/i9I6Wvs3zRFraw6MxMfjd7oNHv9z9Gi3rQcUBd842IfJ9uKCvC-1.jpg","width":600,"height":600,"caption":"i9I6Wvs3zRFraw6MxMfjd7oNHv9z9Gi3rQcUBd842IfJ9uKCvC"},{"@type":"BreadcrumbList","@id":"https:\/\/vmsport.fi\/verkkokauppa\/varaosat\/jarrut\/vaijerit-kuoret-ja-muut-jarruosat\/jarruvaijeri-mtb-rosteri-tandem-16x3500mm\/#breadcrumb","itemListElement":[{"@type":"ListItem","position":1,"name":"Etusivu","item":"https:\/\/vmsport.fi\/"},{"@type":"ListItem","position":2,"name":"Online Store","item":"https:\/\/vmsport.fi\/en\/online-store\/"},{"@type":"ListItem","position":3,"name":"Jarruvaijeri MTB rosteri tandem 1,6x3500mm"}]},{"@type":"WebSite","@id":"https:\/\/vmsport.fi\/#website","url":"https:\/\/vmsport.fi\/","name":"Vmsport","description":"Allt p\u00e5 ett st\u00e4lle f\u00f6r cykling","publisher":{"@id":"https:\/\/vmsport.fi\/#organization"},"potentialAction":[{"@type":"SearchAction","target":{"@type":"EntryPoint","urlTemplate":"https:\/\/vmsport.fi\/?s={search_term_string}"},"query-input":{"@type":"PropertyValueSpecification","valueRequired":true,"valueName":"search_term_string"}}],"inLanguage":"sv-SE"},{"@type":"Organization","@id":"https:\/\/vmsport.fi\/#organization","name":"Vmsport","url":"https:\/\/vmsport.fi\/","logo":{"@type":"ImageObject","inLanguage":"sv-SE","@id":"https:\/\/vmsport.fi\/#\/schema\/logo\/image\/","url":"https:\/\/vmsport.fi\/wp-content\/uploads\/2024\/12\/vm_sport_RGB_horisontal-e1734526017575.png","contentUrl":"https:\/\/vmsport.fi\/wp-content\/uploads\/2024\/12\/vm_sport_RGB_horisontal-e1734526017575.png","width":668,"height":85,"caption":"Vmsport"},"image":{"@id":"https:\/\/vmsport.fi\/#\/schema\/logo\/image\/"},"sameAs":["https:\/\/www.facebook.com\/Vmsport.fi\/","https:\/\/www.instagram.com\/vmsport\/"]}]}},"global_unique_id":"","_links":{"self":[{"href":"https:\/\/vmsport.fi\/sv\/wp-json\/wp\/v2\/product\/53190","targetHints":{"allow":["GET"]}}],"collection":[{"href":"https:\/\/vmsport.fi\/sv\/wp-json\/wp\/v2\/product"}],"about":[{"href":"https:\/\/vmsport.fi\/sv\/wp-json\/wp\/v2\/types\/product"}],"replies":[{"embeddable":true,"href":"https:\/\/vmsport.fi\/sv\/wp-json\/wp\/v2\/comments?post=53190"}],"wp:featuredmedia":[{"embeddable":true,"href":"https:\/\/vmsport.fi\/sv\/wp-json\/wp\/v2\/media\/53189"}],"wp:attachment":[{"href":"https:\/\/vmsport.fi\/sv\/wp-json\/wp\/v2\/media?parent=53190"}],"wp:term":[{"taxonomy":"product_brand","embeddable":true,"href":"https:\/\/vmsport.fi\/sv\/wp-json\/wp\/v2\/product_brand?post=53190"},{"taxonomy":"product_model","embeddable":true,"href":"https:\/\/vmsport.fi\/sv\/wp-json\/wp\/v2\/product_model?post=53190"},{"taxonomy":"product_cat","embeddable":true,"href":"https:\/\/vmsport.fi\/sv\/wp-json\/wp\/v2\/product_cat?post=53190"},{"taxonomy":"product_tag","embeddable":true,"href":"https:\/\/vmsport.fi\/sv\/wp-json\/wp\/v2\/product_tag?post=53190"},{"taxonomy":"industry_terminology","embeddable":true,"href":"https:\/\/vmsport.fi\/sv\/wp-json\/wp\/v2\/industry-terminology?post=53190"}],"curies":[{"name":"wp","href":"https:\/\/api.w.org\/{rel}","templated":true}]}}