{"id":53179,"date":"2025-03-05T23:38:04","date_gmt":"2025-03-05T21:38:04","guid":{"rendered":"https:\/\/vmsport.fi\/verkkokauppa\/Ei-luokiteltu\/sisakumi-40-62x507-24-schwalbe-av10-autoventiili\/"},"modified":"2026-04-22T15:04:40","modified_gmt":"2026-04-22T12:04:40","slug":"innerdack-40-62x507-24-schwalbe-av10-bilventil","status":"publish","type":"product","link":"https:\/\/vmsport.fi\/sv\/verkkokauppa\/renkaat\/sisarenkaat\/lasten\/sisakumi-40-62x507-24-schwalbe-av10-autoventiili\/","title":{"rendered":"Innerd\u00e4ck 40-62\u00d7507 24\u2033 SCHWALBE AV10 Autoventil"},"content":{"rendered":"<p>Schwalbe 24-tums innerslang \u00e4r ett utm\u00e4rkt val f\u00f6r cyklister som v\u00e4rdes\u00e4tter tillf\u00f6rlitlighet och h\u00e5llbarhet. Den h\u00e4r innerslangen \u00e4r utformad f\u00f6r 40-62\u00d7507-blandning och n\u00e4r den anv\u00e4nds med en automatisk ventil uppn\u00e5r den b\u00e4sta m\u00f6jliga prestanda. Cykeltillbeh\u00f6ret har utvecklats f\u00f6r att erbjuda utm\u00e4rkt k\u00f6rkomfort och anv\u00e4ndarv\u00e4nlighet. Schwalbe, som \u00e4r k\u00e4nt f\u00f6r sin h\u00f6ga kvalitet, garanterar l\u00e5ng livsl\u00e4ngd och h\u00f6g prestanda under m\u00e5nga olika k\u00f6rf\u00f6rh\u00e5llanden.<\/p>","protected":false},"excerpt":{"rendered":"<p>Schwalbe 24 tuuman sis\u00e4kumi on erinomainen valinta py\u00f6r\u00e4ilij\u00f6ille, jotka arvostavat luotettavuutta ja kest\u00e4vyytt\u00e4. T\u00e4m\u00e4 sis\u00e4kumi on suunniteltu 40-62&#215;507 kokoonpanoon ja sen k\u00e4yt\u00f6ss\u00e4 autoventtiilin kanssa saavutetaan paras mahdollinen suorituskyky. Py\u00f6r\u00e4ilylis\u00e4varuste on kehitetty tarjoamaan erinomaista ajomukavuutta ja helppok\u00e4ytt\u00f6isyytt\u00e4. Schwalbe, joka on tunnettu korkeasta laadustaan, varmistaa pitk\u00e4ik\u00e4isen k\u00e4ytt\u00f6i\u00e4n ja korkean suoritusvarmuuden erilaisissa ajo-olosuhteissa. [&#8230;]<\/p>\n<p><a class=\"btn btn-secondary understrap-read-more-link\" href=\"https:\/\/vmsport.fi\/sv\/verkkokauppa\/renkaat\/sisarenkaat\/lasten\/sisakumi-40-62x507-24-schwalbe-av10-autoventiili\/\">L\u00e4s mer \u2026<span class=\"screen-reader-text\"> from Sis\u00e4kumi 40-62&#215;507 24&#8243; SCHWALBE AV10 Autoventiili<\/span><\/a><\/p>\n","protected":false},"featured_media":53178,"comment_status":"open","ping_status":"closed","template":"","meta":{"_acf_changed":false,"_improvement_type_select":"improve_an_existing","_thumb_yes_seoaic":false,"_frame_yes_seoaic":false,"seoaic_generate_description":"","seoaic_improve_instructions_prompt":"","seoaic_rollback_content_improvement":"","seoaic_idea_thumbnail_generator":"","thumbnail_generated":false,"thumbnail_generate_prompt":"","seoaic_article_description":"","_supplier_stock_quantity":0},"product_brand":[],"product_model":[],"product_cat":[9544],"product_tag":[],"industry-terminology":[],"class_list":{"0":"post-53179","1":"product","2":"type-product","3":"status-publish","4":"has-post-thumbnail","6":"product_cat-lasten","8":"first","9":"outofstock","10":"taxable","11":"shipping-taxable","12":"product-type-simple"},"acf":{"bike_features":null,"overview":{"copy_overview":null,"key_features":null,"statement":"","youtube_url":""}},"yoast_head":"<!-- This site is optimized with the Yoast SEO plugin v27.4 - https:\/\/yoast.com\/product\/yoast-seo-wordpress\/ -->\n<title>Sis\u00e4kumi 40-62x507 24&quot; SCHWALBE AV10 Autoventiili - VM Sport<\/title>\n<meta name=\"robots\" content=\"index, follow, max-snippet:-1, max-image-preview:large, max-video-preview:-1\" \/>\n<link rel=\"canonical\" href=\"https:\/\/vmsport.fi\/sv\/webbutik\/dack\/systerdack\/barn\/innerdack-40-62x507-24-schwalbe-av10-bilventil\/\" \/>\n<meta property=\"og:locale\" content=\"sv_SE\" \/>\n<meta property=\"og:type\" content=\"article\" \/>\n<meta property=\"og:title\" content=\"Sis\u00e4kumi 40-62x507 24&quot; SCHWALBE AV10 Autoventiili - VM Sport\" \/>\n<meta property=\"og:description\" content=\"Schwalbe 24 tuuman sis\u00e4kumi on erinomainen valinta py\u00f6r\u00e4ilij\u00f6ille, jotka arvostavat luotettavuutta ja kest\u00e4vyytt\u00e4. T\u00e4m\u00e4 sis\u00e4kumi on suunniteltu 40-62&#215;507 kokoonpanoon ja sen k\u00e4yt\u00f6ss\u00e4 autoventtiilin kanssa saavutetaan paras mahdollinen suorituskyky. Py\u00f6r\u00e4ilylis\u00e4varuste on kehitetty tarjoamaan erinomaista ajomukavuutta ja helppok\u00e4ytt\u00f6isyytt\u00e4. Schwalbe, joka on tunnettu korkeasta laadustaan, varmistaa pitk\u00e4ik\u00e4isen k\u00e4ytt\u00f6i\u00e4n ja korkean suoritusvarmuuden erilaisissa ajo-olosuhteissa. [...]L\u00e4s mer \u2026 from Sis\u00e4kumi 40-62&#215;507 24&#8243; SCHWALBE AV10 Autoventiili\" \/>\n<meta property=\"og:url\" content=\"https:\/\/vmsport.fi\/sv\/webbutik\/dack\/systerdack\/barn\/innerdack-40-62x507-24-schwalbe-av10-bilventil\/\" \/>\n<meta property=\"og:site_name\" content=\"VM Sport\" \/>\n<meta property=\"article:publisher\" content=\"https:\/\/www.facebook.com\/Vmsport.fi\/\" \/>\n<meta property=\"article:modified_time\" content=\"2026-04-22T12:04:40+00:00\" \/>\n<meta property=\"og:image\" content=\"https:\/\/vmsport.fi\/wp-content\/uploads\/2025\/03\/haClOdavGDAvBCCsPl8OaMMD6lBaoDQ1P77oHCvD2prXazl6ZM-1.jpg\" \/>\n\t<meta property=\"og:image:width\" content=\"800\" \/>\n\t<meta property=\"og:image:height\" content=\"800\" \/>\n\t<meta property=\"og:image:type\" content=\"image\/jpeg\" \/>\n<meta name=\"twitter:card\" content=\"summary_large_image\" \/>\n<script type=\"application\/ld+json\" class=\"yoast-schema-graph\">{\"@context\":\"https:\\\/\\\/schema.org\",\"@graph\":[{\"@type\":[\"WebPage\",\"ItemPage\"],\"@id\":\"https:\\\/\\\/vmsport.fi\\\/verkkokauppa\\\/renkaat\\\/sisarenkaat\\\/lasten\\\/sisakumi-40-62x507-24-schwalbe-av10-autoventiili\\\/\",\"url\":\"https:\\\/\\\/vmsport.fi\\\/verkkokauppa\\\/renkaat\\\/sisarenkaat\\\/lasten\\\/sisakumi-40-62x507-24-schwalbe-av10-autoventiili\\\/\",\"name\":\"Sis\u00e4kumi 40-62x507 24\\\" SCHWALBE AV10 Autoventiili - VM Sport\",\"isPartOf\":{\"@id\":\"https:\\\/\\\/vmsport.fi\\\/#website\"},\"primaryImageOfPage\":{\"@id\":\"https:\\\/\\\/vmsport.fi\\\/verkkokauppa\\\/renkaat\\\/sisarenkaat\\\/lasten\\\/sisakumi-40-62x507-24-schwalbe-av10-autoventiili\\\/#primaryimage\"},\"image\":{\"@id\":\"https:\\\/\\\/vmsport.fi\\\/verkkokauppa\\\/renkaat\\\/sisarenkaat\\\/lasten\\\/sisakumi-40-62x507-24-schwalbe-av10-autoventiili\\\/#primaryimage\"},\"thumbnailUrl\":\"https:\\\/\\\/vmsport.fi\\\/wp-content\\\/uploads\\\/2025\\\/03\\\/haClOdavGDAvBCCsPl8OaMMD6lBaoDQ1P77oHCvD2prXazl6ZM-1.jpg\",\"datePublished\":\"2025-03-05T21:38:04+00:00\",\"dateModified\":\"2026-04-22T12:04:40+00:00\",\"breadcrumb\":{\"@id\":\"https:\\\/\\\/vmsport.fi\\\/verkkokauppa\\\/renkaat\\\/sisarenkaat\\\/lasten\\\/sisakumi-40-62x507-24-schwalbe-av10-autoventiili\\\/#breadcrumb\"},\"inLanguage\":\"sv-SE\",\"potentialAction\":[{\"@type\":\"ReadAction\",\"target\":[\"https:\\\/\\\/vmsport.fi\\\/verkkokauppa\\\/renkaat\\\/sisarenkaat\\\/lasten\\\/sisakumi-40-62x507-24-schwalbe-av10-autoventiili\\\/\"]}]},{\"@type\":\"ImageObject\",\"inLanguage\":\"sv-SE\",\"@id\":\"https:\\\/\\\/vmsport.fi\\\/verkkokauppa\\\/renkaat\\\/sisarenkaat\\\/lasten\\\/sisakumi-40-62x507-24-schwalbe-av10-autoventiili\\\/#primaryimage\",\"url\":\"https:\\\/\\\/vmsport.fi\\\/wp-content\\\/uploads\\\/2025\\\/03\\\/haClOdavGDAvBCCsPl8OaMMD6lBaoDQ1P77oHCvD2prXazl6ZM-1.jpg\",\"contentUrl\":\"https:\\\/\\\/vmsport.fi\\\/wp-content\\\/uploads\\\/2025\\\/03\\\/haClOdavGDAvBCCsPl8OaMMD6lBaoDQ1P77oHCvD2prXazl6ZM-1.jpg\",\"width\":800,\"height\":800,\"caption\":\"haClOdavGDAvBCCsPl8OaMMD6lBaoDQ1P77oHCvD2prXazl6ZM\"},{\"@type\":\"BreadcrumbList\",\"@id\":\"https:\\\/\\\/vmsport.fi\\\/verkkokauppa\\\/renkaat\\\/sisarenkaat\\\/lasten\\\/sisakumi-40-62x507-24-schwalbe-av10-autoventiili\\\/#breadcrumb\",\"itemListElement\":[{\"@type\":\"ListItem\",\"position\":1,\"name\":\"Etusivu\",\"item\":\"https:\\\/\\\/vmsport.fi\\\/\"},{\"@type\":\"ListItem\",\"position\":2,\"name\":\"Online Store\",\"item\":\"https:\\\/\\\/vmsport.fi\\\/en\\\/online-store\\\/\"},{\"@type\":\"ListItem\",\"position\":3,\"name\":\"Sis\u00e4kumi 40-62&#215;507 24&#8243; SCHWALBE AV10 Autoventiili\"}]},{\"@type\":\"WebSite\",\"@id\":\"https:\\\/\\\/vmsport.fi\\\/#website\",\"url\":\"https:\\\/\\\/vmsport.fi\\\/\",\"name\":\"Vmsport\",\"description\":\"Kaikki py\u00f6r\u00e4ilyyn yhdest\u00e4 paikasta\",\"publisher\":{\"@id\":\"https:\\\/\\\/vmsport.fi\\\/#organization\"},\"potentialAction\":[{\"@type\":\"SearchAction\",\"target\":{\"@type\":\"EntryPoint\",\"urlTemplate\":\"https:\\\/\\\/vmsport.fi\\\/?s={search_term_string}\"},\"query-input\":{\"@type\":\"PropertyValueSpecification\",\"valueRequired\":true,\"valueName\":\"search_term_string\"}}],\"inLanguage\":\"sv-SE\"},{\"@type\":\"Organization\",\"@id\":\"https:\\\/\\\/vmsport.fi\\\/#organization\",\"name\":\"Vmsport\",\"url\":\"https:\\\/\\\/vmsport.fi\\\/\",\"logo\":{\"@type\":\"ImageObject\",\"inLanguage\":\"sv-SE\",\"@id\":\"https:\\\/\\\/vmsport.fi\\\/#\\\/schema\\\/logo\\\/image\\\/\",\"url\":\"https:\\\/\\\/vmsport.fi\\\/wp-content\\\/uploads\\\/2024\\\/12\\\/vm_sport_RGB_horisontal-e1734526017575.png\",\"contentUrl\":\"https:\\\/\\\/vmsport.fi\\\/wp-content\\\/uploads\\\/2024\\\/12\\\/vm_sport_RGB_horisontal-e1734526017575.png\",\"width\":668,\"height\":85,\"caption\":\"Vmsport\"},\"image\":{\"@id\":\"https:\\\/\\\/vmsport.fi\\\/#\\\/schema\\\/logo\\\/image\\\/\"},\"sameAs\":[\"https:\\\/\\\/www.facebook.com\\\/Vmsport.fi\\\/\",\"https:\\\/\\\/www.instagram.com\\\/vmsport\\\/\"]}]}<\/script>\n<!-- \/ Yoast SEO plugin. -->","yoast_head_json":{"title":"Innerslang 40-62x507 24\" SCHWALBE AV10 Bilventil - VM Sport","robots":{"index":"index","follow":"follow","max-snippet":"max-snippet:-1","max-image-preview":"max-image-preview:large","max-video-preview":"max-video-preview:-1"},"canonical":"https:\/\/vmsport.fi\/sv\/webbutik\/dack\/systerdack\/barn\/innerdack-40-62x507-24-schwalbe-av10-bilventil\/","og_locale":"sv_SE","og_type":"article","og_title":"Sis\u00e4kumi 40-62x507 24\" SCHWALBE AV10 Autoventiili - VM Sport","og_description":"Schwalbe 24 tuuman sis\u00e4kumi on erinomainen valinta py\u00f6r\u00e4ilij\u00f6ille, jotka arvostavat luotettavuutta ja kest\u00e4vyytt\u00e4. T\u00e4m\u00e4 sis\u00e4kumi on suunniteltu 40-62&#215;507 kokoonpanoon ja sen k\u00e4yt\u00f6ss\u00e4 autoventtiilin kanssa saavutetaan paras mahdollinen suorituskyky. Py\u00f6r\u00e4ilylis\u00e4varuste on kehitetty tarjoamaan erinomaista ajomukavuutta ja helppok\u00e4ytt\u00f6isyytt\u00e4. Schwalbe, joka on tunnettu korkeasta laadustaan, varmistaa pitk\u00e4ik\u00e4isen k\u00e4ytt\u00f6i\u00e4n ja korkean suoritusvarmuuden erilaisissa ajo-olosuhteissa. [...]L\u00e4s mer \u2026 from Sis\u00e4kumi 40-62&#215;507 24&#8243; SCHWALBE AV10 Autoventiili","og_url":"https:\/\/vmsport.fi\/sv\/webbutik\/dack\/systerdack\/barn\/innerdack-40-62x507-24-schwalbe-av10-bilventil\/","og_site_name":"VM Sport","article_publisher":"https:\/\/www.facebook.com\/Vmsport.fi\/","article_modified_time":"2026-04-22T12:04:40+00:00","og_image":[{"width":800,"height":800,"url":"https:\/\/vmsport.fi\/wp-content\/uploads\/2025\/03\/haClOdavGDAvBCCsPl8OaMMD6lBaoDQ1P77oHCvD2prXazl6ZM-1.jpg","type":"image\/jpeg"}],"twitter_card":"summary_large_image","schema":{"@context":"https:\/\/schema.org","@graph":[{"@type":["WebPage","ItemPage"],"@id":"https:\/\/vmsport.fi\/verkkokauppa\/renkaat\/sisarenkaat\/lasten\/sisakumi-40-62x507-24-schwalbe-av10-autoventiili\/","url":"https:\/\/vmsport.fi\/verkkokauppa\/renkaat\/sisarenkaat\/lasten\/sisakumi-40-62x507-24-schwalbe-av10-autoventiili\/","name":"Innerslang 40-62x507 24\" SCHWALBE AV10 Bilventil - VM Sport","isPartOf":{"@id":"https:\/\/vmsport.fi\/#website"},"primaryImageOfPage":{"@id":"https:\/\/vmsport.fi\/verkkokauppa\/renkaat\/sisarenkaat\/lasten\/sisakumi-40-62x507-24-schwalbe-av10-autoventiili\/#primaryimage"},"image":{"@id":"https:\/\/vmsport.fi\/verkkokauppa\/renkaat\/sisarenkaat\/lasten\/sisakumi-40-62x507-24-schwalbe-av10-autoventiili\/#primaryimage"},"thumbnailUrl":"https:\/\/vmsport.fi\/wp-content\/uploads\/2025\/03\/haClOdavGDAvBCCsPl8OaMMD6lBaoDQ1P77oHCvD2prXazl6ZM-1.jpg","datePublished":"2025-03-05T21:38:04+00:00","dateModified":"2026-04-22T12:04:40+00:00","breadcrumb":{"@id":"https:\/\/vmsport.fi\/verkkokauppa\/renkaat\/sisarenkaat\/lasten\/sisakumi-40-62x507-24-schwalbe-av10-autoventiili\/#breadcrumb"},"inLanguage":"sv-SE","potentialAction":[{"@type":"ReadAction","target":["https:\/\/vmsport.fi\/verkkokauppa\/renkaat\/sisarenkaat\/lasten\/sisakumi-40-62x507-24-schwalbe-av10-autoventiili\/"]}]},{"@type":"ImageObject","inLanguage":"sv-SE","@id":"https:\/\/vmsport.fi\/verkkokauppa\/renkaat\/sisarenkaat\/lasten\/sisakumi-40-62x507-24-schwalbe-av10-autoventiili\/#primaryimage","url":"https:\/\/vmsport.fi\/wp-content\/uploads\/2025\/03\/haClOdavGDAvBCCsPl8OaMMD6lBaoDQ1P77oHCvD2prXazl6ZM-1.jpg","contentUrl":"https:\/\/vmsport.fi\/wp-content\/uploads\/2025\/03\/haClOdavGDAvBCCsPl8OaMMD6lBaoDQ1P77oHCvD2prXazl6ZM-1.jpg","width":800,"height":800,"caption":"haClOdavGDAvBCCsPl8OaMMD6lBaoDQ1P77oHCvD2prXazl6ZM"},{"@type":"BreadcrumbList","@id":"https:\/\/vmsport.fi\/verkkokauppa\/renkaat\/sisarenkaat\/lasten\/sisakumi-40-62x507-24-schwalbe-av10-autoventiili\/#breadcrumb","itemListElement":[{"@type":"ListItem","position":1,"name":"Etusivu","item":"https:\/\/vmsport.fi\/"},{"@type":"ListItem","position":2,"name":"Online Store","item":"https:\/\/vmsport.fi\/en\/online-store\/"},{"@type":"ListItem","position":3,"name":"Sis\u00e4kumi 40-62&#215;507 24&#8243; SCHWALBE AV10 Autoventiili"}]},{"@type":"WebSite","@id":"https:\/\/vmsport.fi\/#website","url":"https:\/\/vmsport.fi\/","name":"Vmsport","description":"Allt p\u00e5 ett st\u00e4lle f\u00f6r cykling","publisher":{"@id":"https:\/\/vmsport.fi\/#organization"},"potentialAction":[{"@type":"SearchAction","target":{"@type":"EntryPoint","urlTemplate":"https:\/\/vmsport.fi\/?s={search_term_string}"},"query-input":{"@type":"PropertyValueSpecification","valueRequired":true,"valueName":"search_term_string"}}],"inLanguage":"sv-SE"},{"@type":"Organization","@id":"https:\/\/vmsport.fi\/#organization","name":"Vmsport","url":"https:\/\/vmsport.fi\/","logo":{"@type":"ImageObject","inLanguage":"sv-SE","@id":"https:\/\/vmsport.fi\/#\/schema\/logo\/image\/","url":"https:\/\/vmsport.fi\/wp-content\/uploads\/2024\/12\/vm_sport_RGB_horisontal-e1734526017575.png","contentUrl":"https:\/\/vmsport.fi\/wp-content\/uploads\/2024\/12\/vm_sport_RGB_horisontal-e1734526017575.png","width":668,"height":85,"caption":"Vmsport"},"image":{"@id":"https:\/\/vmsport.fi\/#\/schema\/logo\/image\/"},"sameAs":["https:\/\/www.facebook.com\/Vmsport.fi\/","https:\/\/www.instagram.com\/vmsport\/"]}]}},"global_unique_id":"","_links":{"self":[{"href":"https:\/\/vmsport.fi\/sv\/wp-json\/wp\/v2\/product\/53179","targetHints":{"allow":["GET"]}}],"collection":[{"href":"https:\/\/vmsport.fi\/sv\/wp-json\/wp\/v2\/product"}],"about":[{"href":"https:\/\/vmsport.fi\/sv\/wp-json\/wp\/v2\/types\/product"}],"replies":[{"embeddable":true,"href":"https:\/\/vmsport.fi\/sv\/wp-json\/wp\/v2\/comments?post=53179"}],"wp:featuredmedia":[{"embeddable":true,"href":"https:\/\/vmsport.fi\/sv\/wp-json\/wp\/v2\/media\/53178"}],"wp:attachment":[{"href":"https:\/\/vmsport.fi\/sv\/wp-json\/wp\/v2\/media?parent=53179"}],"wp:term":[{"taxonomy":"product_brand","embeddable":true,"href":"https:\/\/vmsport.fi\/sv\/wp-json\/wp\/v2\/product_brand?post=53179"},{"taxonomy":"product_model","embeddable":true,"href":"https:\/\/vmsport.fi\/sv\/wp-json\/wp\/v2\/product_model?post=53179"},{"taxonomy":"product_cat","embeddable":true,"href":"https:\/\/vmsport.fi\/sv\/wp-json\/wp\/v2\/product_cat?post=53179"},{"taxonomy":"product_tag","embeddable":true,"href":"https:\/\/vmsport.fi\/sv\/wp-json\/wp\/v2\/product_tag?post=53179"},{"taxonomy":"industry_terminology","embeddable":true,"href":"https:\/\/vmsport.fi\/sv\/wp-json\/wp\/v2\/industry-terminology?post=53179"}],"curies":[{"name":"wp","href":"https:\/\/api.w.org\/{rel}","templated":true}]}}