{"id":53170,"date":"2025-03-05T23:37:59","date_gmt":"2025-03-05T21:37:59","guid":{"rendered":"https:\/\/vmsport.fi\/verkkokauppa\/Ei-luokiteltu\/xlc-ohjainkannatin-60-mm-35-st-m15-black\/"},"modified":"2026-04-22T14:59:55","modified_gmt":"2026-04-22T11:59:55","slug":"xlc-styrfaste-60-mm-35-st-m15-svart","status":"publish","type":"product","link":"https:\/\/vmsport.fi\/sv\/verkkokauppa\/varaosat\/ohjaamo\/ohjainkannattimet\/xlc-ohjainkannatin-60-mm-35-st-m15-black\/","title":{"rendered":"XLC Ohjainkannatin 60 mm 35\u00b0 31,8 mm ST-M15 Black"},"content":{"rendered":"<p>XLC 60 mm 35\u00b0 ST-M15-styrf\u00e4ste \u00e4r ett utm\u00e4rkt val f\u00f6r cyklister som v\u00e4rdes\u00e4tter stabilitet och prestanda. Det h\u00e4r h\u00e5llbara och l\u00e4tta styrf\u00e4stet ger utm\u00e4rkt balans tack vare sin l\u00e4tta design. 35\u00b0 monteringsvinkel f\u00f6rb\u00e4ttrar k\u00f6rkomforten och ergonomin, s\u00e4rskilt p\u00e5 l\u00e5nga turer. Den eleganta svarta finishen bidrar till cykelns estetik och t\u00e5l aktiv anv\u00e4ndning. Det h\u00e4r styrf\u00e4stet \u00e4r det perfekta verktyget f\u00f6r att finjustera styrningen av din cykel, vilket ger en s\u00e4ker och bekv\u00e4m k\u00f6rupplevelse under alla f\u00f6rh\u00e5llanden.<\/p>","protected":false},"excerpt":{"rendered":"<p>XLC Ohjainkannatin 60 mm 35\u00b0 ST-M15 on loistava valinta py\u00f6r\u00e4ilij\u00f6ille, jotka arvostavat vakautta ja suorituskyky\u00e4. T\u00e4m\u00e4 kest\u00e4v\u00e4 ja kevyt ohjainkannatin tarjoaa erinomaisen tasapainon kevyen rakenteensa ansiosta. 35 asteen asennuskulma parantaa ajomukavuutta ja ergonomiaa erityisesti pitkill\u00e4 matkoilla. Sen tyylik\u00e4s musta viimeistely lis\u00e4\u00e4 py\u00f6r\u00e4n esteettisyytt\u00e4 ja kest\u00e4\u00e4 hyvin aktiivista k\u00e4ytt\u00f6\u00e4. T\u00e4m\u00e4 ohjainkannatin on t\u00e4ydellinen apuv\u00e4line py\u00f6r\u00e4n ohjauksen [&#8230;]<\/p>\n<p><a class=\"btn btn-secondary understrap-read-more-link\" href=\"https:\/\/vmsport.fi\/sv\/verkkokauppa\/varaosat\/ohjaamo\/ohjainkannattimet\/xlc-ohjainkannatin-60-mm-35-st-m15-black\/\">L\u00e4s mer \u2026<span class=\"screen-reader-text\"> from XLC Ohjainkannatin 60 mm 35\u00b0 31,8 mm ST-M15 Black<\/span><\/a><\/p>\n","protected":false},"featured_media":53169,"comment_status":"open","ping_status":"closed","template":"","meta":{"_acf_changed":false,"_improvement_type_select":"improve_an_existing","_thumb_yes_seoaic":false,"_frame_yes_seoaic":false,"seoaic_generate_description":"","seoaic_improve_instructions_prompt":"","seoaic_rollback_content_improvement":"","seoaic_idea_thumbnail_generator":"","thumbnail_generated":false,"thumbnail_generate_prompt":"","seoaic_article_description":"","_supplier_stock_quantity":0},"product_brand":[],"product_model":[],"product_cat":[9432],"product_tag":[],"industry-terminology":[],"class_list":{"0":"post-53170","1":"product","2":"type-product","3":"status-publish","4":"has-post-thumbnail","6":"product_cat-ohjainkannattimet","8":"first","9":"instock","10":"taxable","11":"shipping-taxable","12":"purchasable","13":"product-type-simple"},"acf":{"bike_features":null,"overview":{"copy_overview":null,"key_features":null,"statement":"","youtube_url":""}},"yoast_head":"<!-- This site is optimized with the Yoast SEO plugin v27.4 - https:\/\/yoast.com\/product\/yoast-seo-wordpress\/ -->\n<title>XLC Ohjainkannatin 60 mm 35\u00b0 31,8 mm ST-M15 Black - VM Sport<\/title>\n<meta name=\"robots\" content=\"index, follow, max-snippet:-1, max-image-preview:large, max-video-preview:-1\" \/>\n<link rel=\"canonical\" href=\"https:\/\/vmsport.fi\/sv\/webbutik\/reservdelar\/taxi\/styrfasten\/xlc-styrfaste-60-mm-35-st-m15-svart\/\" \/>\n<meta property=\"og:locale\" content=\"sv_SE\" \/>\n<meta property=\"og:type\" content=\"article\" \/>\n<meta property=\"og:title\" content=\"XLC Ohjainkannatin 60 mm 35\u00b0 31,8 mm ST-M15 Black - VM Sport\" \/>\n<meta property=\"og:description\" content=\"XLC Ohjainkannatin 60 mm 35\u00b0 ST-M15 on loistava valinta py\u00f6r\u00e4ilij\u00f6ille, jotka arvostavat vakautta ja suorituskyky\u00e4. T\u00e4m\u00e4 kest\u00e4v\u00e4 ja kevyt ohjainkannatin tarjoaa erinomaisen tasapainon kevyen rakenteensa ansiosta. 35 asteen asennuskulma parantaa ajomukavuutta ja ergonomiaa erityisesti pitkill\u00e4 matkoilla. Sen tyylik\u00e4s musta viimeistely lis\u00e4\u00e4 py\u00f6r\u00e4n esteettisyytt\u00e4 ja kest\u00e4\u00e4 hyvin aktiivista k\u00e4ytt\u00f6\u00e4. T\u00e4m\u00e4 ohjainkannatin on t\u00e4ydellinen apuv\u00e4line py\u00f6r\u00e4n ohjauksen [...]L\u00e4s mer \u2026 from XLC Ohjainkannatin 60 mm 35\u00b0 31,8 mm ST-M15 Black\" \/>\n<meta property=\"og:url\" content=\"https:\/\/vmsport.fi\/sv\/webbutik\/reservdelar\/taxi\/styrfasten\/xlc-styrfaste-60-mm-35-st-m15-svart\/\" \/>\n<meta property=\"og:site_name\" content=\"VM Sport\" \/>\n<meta property=\"article:publisher\" content=\"https:\/\/www.facebook.com\/Vmsport.fi\/\" \/>\n<meta property=\"article:modified_time\" content=\"2026-04-22T11:59:55+00:00\" \/>\n<meta property=\"og:image\" content=\"https:\/\/vmsport.fi\/wp-content\/uploads\/2025\/03\/TDTewmWH2IWBlQrRv7LHYf4pxzjdHdgwsztb1diAG0ONw0uP7J-1.jpg\" \/>\n\t<meta property=\"og:image:width\" content=\"800\" \/>\n\t<meta property=\"og:image:height\" content=\"800\" \/>\n\t<meta property=\"og:image:type\" content=\"image\/jpeg\" \/>\n<meta name=\"twitter:card\" content=\"summary_large_image\" \/>\n<script type=\"application\/ld+json\" class=\"yoast-schema-graph\">{\"@context\":\"https:\\\/\\\/schema.org\",\"@graph\":[{\"@type\":[\"WebPage\",\"ItemPage\"],\"@id\":\"https:\\\/\\\/vmsport.fi\\\/verkkokauppa\\\/varaosat\\\/ohjaamo\\\/ohjainkannattimet\\\/xlc-ohjainkannatin-60-mm-35-st-m15-black\\\/\",\"url\":\"https:\\\/\\\/vmsport.fi\\\/verkkokauppa\\\/varaosat\\\/ohjaamo\\\/ohjainkannattimet\\\/xlc-ohjainkannatin-60-mm-35-st-m15-black\\\/\",\"name\":\"XLC Ohjainkannatin 60 mm 35\u00b0 31,8 mm ST-M15 Black - VM Sport\",\"isPartOf\":{\"@id\":\"https:\\\/\\\/vmsport.fi\\\/#website\"},\"primaryImageOfPage\":{\"@id\":\"https:\\\/\\\/vmsport.fi\\\/verkkokauppa\\\/varaosat\\\/ohjaamo\\\/ohjainkannattimet\\\/xlc-ohjainkannatin-60-mm-35-st-m15-black\\\/#primaryimage\"},\"image\":{\"@id\":\"https:\\\/\\\/vmsport.fi\\\/verkkokauppa\\\/varaosat\\\/ohjaamo\\\/ohjainkannattimet\\\/xlc-ohjainkannatin-60-mm-35-st-m15-black\\\/#primaryimage\"},\"thumbnailUrl\":\"https:\\\/\\\/vmsport.fi\\\/wp-content\\\/uploads\\\/2025\\\/03\\\/TDTewmWH2IWBlQrRv7LHYf4pxzjdHdgwsztb1diAG0ONw0uP7J-1.jpg\",\"datePublished\":\"2025-03-05T21:37:59+00:00\",\"dateModified\":\"2026-04-22T11:59:55+00:00\",\"breadcrumb\":{\"@id\":\"https:\\\/\\\/vmsport.fi\\\/verkkokauppa\\\/varaosat\\\/ohjaamo\\\/ohjainkannattimet\\\/xlc-ohjainkannatin-60-mm-35-st-m15-black\\\/#breadcrumb\"},\"inLanguage\":\"sv-SE\",\"potentialAction\":[{\"@type\":\"ReadAction\",\"target\":[\"https:\\\/\\\/vmsport.fi\\\/verkkokauppa\\\/varaosat\\\/ohjaamo\\\/ohjainkannattimet\\\/xlc-ohjainkannatin-60-mm-35-st-m15-black\\\/\"]}]},{\"@type\":\"ImageObject\",\"inLanguage\":\"sv-SE\",\"@id\":\"https:\\\/\\\/vmsport.fi\\\/verkkokauppa\\\/varaosat\\\/ohjaamo\\\/ohjainkannattimet\\\/xlc-ohjainkannatin-60-mm-35-st-m15-black\\\/#primaryimage\",\"url\":\"https:\\\/\\\/vmsport.fi\\\/wp-content\\\/uploads\\\/2025\\\/03\\\/TDTewmWH2IWBlQrRv7LHYf4pxzjdHdgwsztb1diAG0ONw0uP7J-1.jpg\",\"contentUrl\":\"https:\\\/\\\/vmsport.fi\\\/wp-content\\\/uploads\\\/2025\\\/03\\\/TDTewmWH2IWBlQrRv7LHYf4pxzjdHdgwsztb1diAG0ONw0uP7J-1.jpg\",\"width\":800,\"height\":800,\"caption\":\"TDTewmWH2IWBlQrRv7LHYf4pxzjdHdgwsztb1diAG0ONw0uP7J\"},{\"@type\":\"BreadcrumbList\",\"@id\":\"https:\\\/\\\/vmsport.fi\\\/verkkokauppa\\\/varaosat\\\/ohjaamo\\\/ohjainkannattimet\\\/xlc-ohjainkannatin-60-mm-35-st-m15-black\\\/#breadcrumb\",\"itemListElement\":[{\"@type\":\"ListItem\",\"position\":1,\"name\":\"Etusivu\",\"item\":\"https:\\\/\\\/vmsport.fi\\\/\"},{\"@type\":\"ListItem\",\"position\":2,\"name\":\"Online Store\",\"item\":\"https:\\\/\\\/vmsport.fi\\\/en\\\/online-store\\\/\"},{\"@type\":\"ListItem\",\"position\":3,\"name\":\"XLC Ohjainkannatin 60 mm 35\u00b0 31,8 mm ST-M15 Black\"}]},{\"@type\":\"WebSite\",\"@id\":\"https:\\\/\\\/vmsport.fi\\\/#website\",\"url\":\"https:\\\/\\\/vmsport.fi\\\/\",\"name\":\"Vmsport\",\"description\":\"Kaikki py\u00f6r\u00e4ilyyn yhdest\u00e4 paikasta\",\"publisher\":{\"@id\":\"https:\\\/\\\/vmsport.fi\\\/#organization\"},\"potentialAction\":[{\"@type\":\"SearchAction\",\"target\":{\"@type\":\"EntryPoint\",\"urlTemplate\":\"https:\\\/\\\/vmsport.fi\\\/?s={search_term_string}\"},\"query-input\":{\"@type\":\"PropertyValueSpecification\",\"valueRequired\":true,\"valueName\":\"search_term_string\"}}],\"inLanguage\":\"sv-SE\"},{\"@type\":\"Organization\",\"@id\":\"https:\\\/\\\/vmsport.fi\\\/#organization\",\"name\":\"Vmsport\",\"url\":\"https:\\\/\\\/vmsport.fi\\\/\",\"logo\":{\"@type\":\"ImageObject\",\"inLanguage\":\"sv-SE\",\"@id\":\"https:\\\/\\\/vmsport.fi\\\/#\\\/schema\\\/logo\\\/image\\\/\",\"url\":\"https:\\\/\\\/vmsport.fi\\\/wp-content\\\/uploads\\\/2024\\\/12\\\/vm_sport_RGB_horisontal-e1734526017575.png\",\"contentUrl\":\"https:\\\/\\\/vmsport.fi\\\/wp-content\\\/uploads\\\/2024\\\/12\\\/vm_sport_RGB_horisontal-e1734526017575.png\",\"width\":668,\"height\":85,\"caption\":\"Vmsport\"},\"image\":{\"@id\":\"https:\\\/\\\/vmsport.fi\\\/#\\\/schema\\\/logo\\\/image\\\/\"},\"sameAs\":[\"https:\\\/\\\/www.facebook.com\\\/Vmsport.fi\\\/\",\"https:\\\/\\\/www.instagram.com\\\/vmsport\\\/\"]}]}<\/script>\n<!-- \/ Yoast SEO plugin. -->","yoast_head_json":{"title":"XLC Ohjainkannatin 60 mm 35\u00b0 31,8 mm ST-M15 Black - VM Sport","robots":{"index":"index","follow":"follow","max-snippet":"max-snippet:-1","max-image-preview":"max-image-preview:large","max-video-preview":"max-video-preview:-1"},"canonical":"https:\/\/vmsport.fi\/sv\/webbutik\/reservdelar\/taxi\/styrfasten\/xlc-styrfaste-60-mm-35-st-m15-svart\/","og_locale":"sv_SE","og_type":"article","og_title":"XLC Ohjainkannatin 60 mm 35\u00b0 31,8 mm ST-M15 Black - VM Sport","og_description":"XLC Ohjainkannatin 60 mm 35\u00b0 ST-M15 on loistava valinta py\u00f6r\u00e4ilij\u00f6ille, jotka arvostavat vakautta ja suorituskyky\u00e4. T\u00e4m\u00e4 kest\u00e4v\u00e4 ja kevyt ohjainkannatin tarjoaa erinomaisen tasapainon kevyen rakenteensa ansiosta. 35 asteen asennuskulma parantaa ajomukavuutta ja ergonomiaa erityisesti pitkill\u00e4 matkoilla. Sen tyylik\u00e4s musta viimeistely lis\u00e4\u00e4 py\u00f6r\u00e4n esteettisyytt\u00e4 ja kest\u00e4\u00e4 hyvin aktiivista k\u00e4ytt\u00f6\u00e4. T\u00e4m\u00e4 ohjainkannatin on t\u00e4ydellinen apuv\u00e4line py\u00f6r\u00e4n ohjauksen [...]L\u00e4s mer \u2026 from XLC Ohjainkannatin 60 mm 35\u00b0 31,8 mm ST-M15 Black","og_url":"https:\/\/vmsport.fi\/sv\/webbutik\/reservdelar\/taxi\/styrfasten\/xlc-styrfaste-60-mm-35-st-m15-svart\/","og_site_name":"VM Sport","article_publisher":"https:\/\/www.facebook.com\/Vmsport.fi\/","article_modified_time":"2026-04-22T11:59:55+00:00","og_image":[{"width":800,"height":800,"url":"https:\/\/vmsport.fi\/wp-content\/uploads\/2025\/03\/TDTewmWH2IWBlQrRv7LHYf4pxzjdHdgwsztb1diAG0ONw0uP7J-1.jpg","type":"image\/jpeg"}],"twitter_card":"summary_large_image","schema":{"@context":"https:\/\/schema.org","@graph":[{"@type":["WebPage","ItemPage"],"@id":"https:\/\/vmsport.fi\/verkkokauppa\/varaosat\/ohjaamo\/ohjainkannattimet\/xlc-ohjainkannatin-60-mm-35-st-m15-black\/","url":"https:\/\/vmsport.fi\/verkkokauppa\/varaosat\/ohjaamo\/ohjainkannattimet\/xlc-ohjainkannatin-60-mm-35-st-m15-black\/","name":"XLC Ohjainkannatin 60 mm 35\u00b0 31,8 mm ST-M15 Black - VM Sport","isPartOf":{"@id":"https:\/\/vmsport.fi\/#website"},"primaryImageOfPage":{"@id":"https:\/\/vmsport.fi\/verkkokauppa\/varaosat\/ohjaamo\/ohjainkannattimet\/xlc-ohjainkannatin-60-mm-35-st-m15-black\/#primaryimage"},"image":{"@id":"https:\/\/vmsport.fi\/verkkokauppa\/varaosat\/ohjaamo\/ohjainkannattimet\/xlc-ohjainkannatin-60-mm-35-st-m15-black\/#primaryimage"},"thumbnailUrl":"https:\/\/vmsport.fi\/wp-content\/uploads\/2025\/03\/TDTewmWH2IWBlQrRv7LHYf4pxzjdHdgwsztb1diAG0ONw0uP7J-1.jpg","datePublished":"2025-03-05T21:37:59+00:00","dateModified":"2026-04-22T11:59:55+00:00","breadcrumb":{"@id":"https:\/\/vmsport.fi\/verkkokauppa\/varaosat\/ohjaamo\/ohjainkannattimet\/xlc-ohjainkannatin-60-mm-35-st-m15-black\/#breadcrumb"},"inLanguage":"sv-SE","potentialAction":[{"@type":"ReadAction","target":["https:\/\/vmsport.fi\/verkkokauppa\/varaosat\/ohjaamo\/ohjainkannattimet\/xlc-ohjainkannatin-60-mm-35-st-m15-black\/"]}]},{"@type":"ImageObject","inLanguage":"sv-SE","@id":"https:\/\/vmsport.fi\/verkkokauppa\/varaosat\/ohjaamo\/ohjainkannattimet\/xlc-ohjainkannatin-60-mm-35-st-m15-black\/#primaryimage","url":"https:\/\/vmsport.fi\/wp-content\/uploads\/2025\/03\/TDTewmWH2IWBlQrRv7LHYf4pxzjdHdgwsztb1diAG0ONw0uP7J-1.jpg","contentUrl":"https:\/\/vmsport.fi\/wp-content\/uploads\/2025\/03\/TDTewmWH2IWBlQrRv7LHYf4pxzjdHdgwsztb1diAG0ONw0uP7J-1.jpg","width":800,"height":800,"caption":"TDTewmWH2IWBlQrRv7LHYf4pxzjdHdgwsztb1diAG0ONw0uP7J"},{"@type":"BreadcrumbList","@id":"https:\/\/vmsport.fi\/verkkokauppa\/varaosat\/ohjaamo\/ohjainkannattimet\/xlc-ohjainkannatin-60-mm-35-st-m15-black\/#breadcrumb","itemListElement":[{"@type":"ListItem","position":1,"name":"Etusivu","item":"https:\/\/vmsport.fi\/"},{"@type":"ListItem","position":2,"name":"Online Store","item":"https:\/\/vmsport.fi\/en\/online-store\/"},{"@type":"ListItem","position":3,"name":"XLC Ohjainkannatin 60 mm 35\u00b0 31,8 mm ST-M15 Black"}]},{"@type":"WebSite","@id":"https:\/\/vmsport.fi\/#website","url":"https:\/\/vmsport.fi\/","name":"Vmsport","description":"Allt p\u00e5 ett st\u00e4lle f\u00f6r cykling","publisher":{"@id":"https:\/\/vmsport.fi\/#organization"},"potentialAction":[{"@type":"SearchAction","target":{"@type":"EntryPoint","urlTemplate":"https:\/\/vmsport.fi\/?s={search_term_string}"},"query-input":{"@type":"PropertyValueSpecification","valueRequired":true,"valueName":"search_term_string"}}],"inLanguage":"sv-SE"},{"@type":"Organization","@id":"https:\/\/vmsport.fi\/#organization","name":"Vmsport","url":"https:\/\/vmsport.fi\/","logo":{"@type":"ImageObject","inLanguage":"sv-SE","@id":"https:\/\/vmsport.fi\/#\/schema\/logo\/image\/","url":"https:\/\/vmsport.fi\/wp-content\/uploads\/2024\/12\/vm_sport_RGB_horisontal-e1734526017575.png","contentUrl":"https:\/\/vmsport.fi\/wp-content\/uploads\/2024\/12\/vm_sport_RGB_horisontal-e1734526017575.png","width":668,"height":85,"caption":"Vmsport"},"image":{"@id":"https:\/\/vmsport.fi\/#\/schema\/logo\/image\/"},"sameAs":["https:\/\/www.facebook.com\/Vmsport.fi\/","https:\/\/www.instagram.com\/vmsport\/"]}]}},"global_unique_id":"","_links":{"self":[{"href":"https:\/\/vmsport.fi\/sv\/wp-json\/wp\/v2\/product\/53170","targetHints":{"allow":["GET"]}}],"collection":[{"href":"https:\/\/vmsport.fi\/sv\/wp-json\/wp\/v2\/product"}],"about":[{"href":"https:\/\/vmsport.fi\/sv\/wp-json\/wp\/v2\/types\/product"}],"replies":[{"embeddable":true,"href":"https:\/\/vmsport.fi\/sv\/wp-json\/wp\/v2\/comments?post=53170"}],"wp:featuredmedia":[{"embeddable":true,"href":"https:\/\/vmsport.fi\/sv\/wp-json\/wp\/v2\/media\/53169"}],"wp:attachment":[{"href":"https:\/\/vmsport.fi\/sv\/wp-json\/wp\/v2\/media?parent=53170"}],"wp:term":[{"taxonomy":"product_brand","embeddable":true,"href":"https:\/\/vmsport.fi\/sv\/wp-json\/wp\/v2\/product_brand?post=53170"},{"taxonomy":"product_model","embeddable":true,"href":"https:\/\/vmsport.fi\/sv\/wp-json\/wp\/v2\/product_model?post=53170"},{"taxonomy":"product_cat","embeddable":true,"href":"https:\/\/vmsport.fi\/sv\/wp-json\/wp\/v2\/product_cat?post=53170"},{"taxonomy":"product_tag","embeddable":true,"href":"https:\/\/vmsport.fi\/sv\/wp-json\/wp\/v2\/product_tag?post=53170"},{"taxonomy":"industry_terminology","embeddable":true,"href":"https:\/\/vmsport.fi\/sv\/wp-json\/wp\/v2\/industry-terminology?post=53170"}],"curies":[{"name":"wp","href":"https:\/\/api.w.org\/{rel}","templated":true}]}}