{"id":53168,"date":"2025-03-05T23:37:58","date_gmt":"2025-03-05T21:37:58","guid":{"rendered":"https:\/\/vmsport.fi\/verkkokauppa\/Ei-luokiteltu\/vasen-kytkin-steps-sw-e7000-l-fitted-type-400mm\/"},"modified":"2026-01-16T13:21:12","modified_gmt":"2026-01-16T11:21:12","slug":"vanster-kopplingssteg-sw-e7000-l-monterad-typ-400mm","status":"publish","type":"product","link":"https:\/\/vmsport.fi\/sv\/verkkokauppa\/varaosat\/sahkopyorien-osat\/vasen-kytkin-steps-sw-e7000-l-fitted-type-400mm\/","title":{"rendered":"V\u00e4nsterstr\u00f6mbrytare STEPS SW-E7000-L Monterad typ (400 mm)"},"content":{"rendered":"<p>Shimano Steps SW-E7000 v\u00e4nsterkoppling \u00e4r en del som \u00e4r s\u00e4rskilt utformad f\u00f6r elcyklar. Den g\u00f6r det m\u00f6jligt f\u00f6r anv\u00e4ndaren att styra elcykelns drivsystem, enkelt v\u00e4lja olika assistansniv\u00e5er och anv\u00e4nda push assist-funktionen. Designen \u00e4r enkel och diskret, sm\u00e4lter vackert in i cykelns hytt och ger en tydlig tryckpunkt f\u00f6r intuitiv anv\u00e4ndning. Den h\u00f6ga kvalitetsk\u00e4nslan f\u00f6rb\u00e4ttrar den totala anv\u00e4ndarupplevelsen. Kopplingen \u00e4r kompatibel med en rad olika Shimano-system, inklusive E6000, E8000 och EP8. En 400 mm kabel medf\u00f6ljer och EW-SD50-kontakttypen g\u00f6r anslutningen enkel. Med en vikt p\u00e5 ca 23,9 gram \u00e4r kopplingen l\u00e4tt men h\u00e5llbar och ett perfekt komplement till din elcykelupplevelse.<\/p>","protected":false},"excerpt":{"rendered":"<p>Shimano Steps SW-E7000 vasen kytkin on s\u00e4hk\u00f6py\u00f6rille erityisesti suunniteltu osa. Sen avulla k\u00e4ytt\u00e4j\u00e4 voi hallita s\u00e4hk\u00f6py\u00f6r\u00e4n ajoj\u00e4rjestelm\u00e4\u00e4, valiten vaivattomasti eri avustustasot ja hy\u00f6dynt\u00e4en ty\u00f6nt\u00f6avustustoimintoa. Muotoilu on yksinkertainen ja huomaamaton, jolloin se sulautuu kauniisti py\u00f6r\u00e4n ohjaamoon ja tarjoaa selke\u00e4n painepisteen, mik\u00e4 mahdollistaa intuitiivisen k\u00e4yt\u00f6n. Korkealaatuinen tuntuma parantaa kokonaisk\u00e4ytt\u00f6kokemusta. Kytkin on yhteensopiva useiden Shimano-j\u00e4rjestelmien, kuten E6000, E8000 [&#8230;]<\/p>\n<p><a class=\"btn btn-secondary understrap-read-more-link\" href=\"https:\/\/vmsport.fi\/sv\/verkkokauppa\/varaosat\/sahkopyorien-osat\/vasen-kytkin-steps-sw-e7000-l-fitted-type-400mm\/\">L\u00e4s mer \u2026<span class=\"screen-reader-text\"> from Vasen kytkin STEPS SW-E7000-L Fitted Type (400mm)<\/span><\/a><\/p>\n","protected":false},"featured_media":53167,"comment_status":"open","ping_status":"closed","template":"","meta":{"_acf_changed":false,"_improvement_type_select":"improve_an_existing","_thumb_yes_seoaic":false,"_frame_yes_seoaic":false,"seoaic_generate_description":"","seoaic_improve_instructions_prompt":"","seoaic_rollback_content_improvement":"","seoaic_idea_thumbnail_generator":"","thumbnail_generated":false,"thumbnail_generate_prompt":"","seoaic_article_description":"","_supplier_stock_quantity":0},"product_brand":[],"product_model":[],"product_cat":[9278],"product_tag":[],"industry-terminology":[],"class_list":{"0":"post-53168","1":"product","2":"type-product","3":"status-publish","4":"has-post-thumbnail","6":"product_cat-sahkopyorien-osat","8":"first","9":"outofstock","10":"taxable","11":"shipping-taxable","12":"product-type-simple"},"acf":{"bike_features":null,"overview":{"copy_overview":null,"key_features":null,"statement":"","youtube_url":""}},"yoast_head":"<!-- This site is optimized with the Yoast SEO plugin v27.3 - https:\/\/yoast.com\/product\/yoast-seo-wordpress\/ -->\n<title>Vasen kytkin STEPS SW-E7000-L Fitted Type (400mm) - VM Sport<\/title>\n<meta name=\"robots\" content=\"index, follow, max-snippet:-1, max-image-preview:large, max-video-preview:-1\" \/>\n<link rel=\"canonical\" href=\"https:\/\/vmsport.fi\/sv\/webbutik\/reservdelar\/delar-av-sagbockar\/vanster-kopplingssteg-sw-e7000-l-monterad-typ-400mm\/\" \/>\n<meta property=\"og:locale\" content=\"sv_SE\" \/>\n<meta property=\"og:type\" content=\"article\" \/>\n<meta property=\"og:title\" content=\"Vasen kytkin STEPS SW-E7000-L Fitted Type (400mm) - VM Sport\" \/>\n<meta property=\"og:description\" content=\"Shimano Steps SW-E7000 vasen kytkin on s\u00e4hk\u00f6py\u00f6rille erityisesti suunniteltu osa. Sen avulla k\u00e4ytt\u00e4j\u00e4 voi hallita s\u00e4hk\u00f6py\u00f6r\u00e4n ajoj\u00e4rjestelm\u00e4\u00e4, valiten vaivattomasti eri avustustasot ja hy\u00f6dynt\u00e4en ty\u00f6nt\u00f6avustustoimintoa. Muotoilu on yksinkertainen ja huomaamaton, jolloin se sulautuu kauniisti py\u00f6r\u00e4n ohjaamoon ja tarjoaa selke\u00e4n painepisteen, mik\u00e4 mahdollistaa intuitiivisen k\u00e4yt\u00f6n. Korkealaatuinen tuntuma parantaa kokonaisk\u00e4ytt\u00f6kokemusta. Kytkin on yhteensopiva useiden Shimano-j\u00e4rjestelmien, kuten E6000, E8000 [...]L\u00e4s mer \u2026 from Vasen kytkin STEPS SW-E7000-L Fitted Type (400mm)\" \/>\n<meta property=\"og:url\" content=\"https:\/\/vmsport.fi\/sv\/webbutik\/reservdelar\/delar-av-sagbockar\/vanster-kopplingssteg-sw-e7000-l-monterad-typ-400mm\/\" \/>\n<meta property=\"og:site_name\" content=\"VM Sport\" \/>\n<meta property=\"article:publisher\" content=\"https:\/\/www.facebook.com\/Vmsport.fi\/\" \/>\n<meta property=\"article:modified_time\" content=\"2026-01-16T11:21:12+00:00\" \/>\n<meta property=\"og:image\" content=\"https:\/\/vmsport.fi\/wp-content\/uploads\/2025\/03\/3Nh3xjngXXkR86IYyaPb4aEVyBoVfI3Bcz9epuX09GdVISkScp-1.jpg\" \/>\n\t<meta property=\"og:image:width\" content=\"600\" \/>\n\t<meta property=\"og:image:height\" content=\"600\" \/>\n\t<meta property=\"og:image:type\" content=\"image\/jpeg\" \/>\n<meta name=\"twitter:card\" content=\"summary_large_image\" \/>\n<meta name=\"twitter:label1\" content=\"Ber\u00e4knad l\u00e4stid\" \/>\n\t<meta name=\"twitter:data1\" content=\"1 minut\" \/>\n<script type=\"application\/ld+json\" class=\"yoast-schema-graph\">{\"@context\":\"https:\\\/\\\/schema.org\",\"@graph\":[{\"@type\":[\"WebPage\",\"ItemPage\"],\"@id\":\"https:\\\/\\\/vmsport.fi\\\/verkkokauppa\\\/varaosat\\\/sahkopyorien-osat\\\/vasen-kytkin-steps-sw-e7000-l-fitted-type-400mm\\\/\",\"url\":\"https:\\\/\\\/vmsport.fi\\\/verkkokauppa\\\/varaosat\\\/sahkopyorien-osat\\\/vasen-kytkin-steps-sw-e7000-l-fitted-type-400mm\\\/\",\"name\":\"Vasen kytkin STEPS SW-E7000-L Fitted Type (400mm) - VM Sport\",\"isPartOf\":{\"@id\":\"https:\\\/\\\/vmsport.fi\\\/#website\"},\"primaryImageOfPage\":{\"@id\":\"https:\\\/\\\/vmsport.fi\\\/verkkokauppa\\\/varaosat\\\/sahkopyorien-osat\\\/vasen-kytkin-steps-sw-e7000-l-fitted-type-400mm\\\/#primaryimage\"},\"image\":{\"@id\":\"https:\\\/\\\/vmsport.fi\\\/verkkokauppa\\\/varaosat\\\/sahkopyorien-osat\\\/vasen-kytkin-steps-sw-e7000-l-fitted-type-400mm\\\/#primaryimage\"},\"thumbnailUrl\":\"https:\\\/\\\/vmsport.fi\\\/wp-content\\\/uploads\\\/2025\\\/03\\\/3Nh3xjngXXkR86IYyaPb4aEVyBoVfI3Bcz9epuX09GdVISkScp-1.jpg\",\"datePublished\":\"2025-03-05T21:37:58+00:00\",\"dateModified\":\"2026-01-16T11:21:12+00:00\",\"breadcrumb\":{\"@id\":\"https:\\\/\\\/vmsport.fi\\\/verkkokauppa\\\/varaosat\\\/sahkopyorien-osat\\\/vasen-kytkin-steps-sw-e7000-l-fitted-type-400mm\\\/#breadcrumb\"},\"inLanguage\":\"sv-SE\",\"potentialAction\":[{\"@type\":\"ReadAction\",\"target\":[\"https:\\\/\\\/vmsport.fi\\\/verkkokauppa\\\/varaosat\\\/sahkopyorien-osat\\\/vasen-kytkin-steps-sw-e7000-l-fitted-type-400mm\\\/\"]}]},{\"@type\":\"ImageObject\",\"inLanguage\":\"sv-SE\",\"@id\":\"https:\\\/\\\/vmsport.fi\\\/verkkokauppa\\\/varaosat\\\/sahkopyorien-osat\\\/vasen-kytkin-steps-sw-e7000-l-fitted-type-400mm\\\/#primaryimage\",\"url\":\"https:\\\/\\\/vmsport.fi\\\/wp-content\\\/uploads\\\/2025\\\/03\\\/3Nh3xjngXXkR86IYyaPb4aEVyBoVfI3Bcz9epuX09GdVISkScp-1.jpg\",\"contentUrl\":\"https:\\\/\\\/vmsport.fi\\\/wp-content\\\/uploads\\\/2025\\\/03\\\/3Nh3xjngXXkR86IYyaPb4aEVyBoVfI3Bcz9epuX09GdVISkScp-1.jpg\",\"width\":600,\"height\":600,\"caption\":\"3Nh3xjngXXkR86IYyaPb4aEVyBoVfI3Bcz9epuX09GdVISkScp\"},{\"@type\":\"BreadcrumbList\",\"@id\":\"https:\\\/\\\/vmsport.fi\\\/verkkokauppa\\\/varaosat\\\/sahkopyorien-osat\\\/vasen-kytkin-steps-sw-e7000-l-fitted-type-400mm\\\/#breadcrumb\",\"itemListElement\":[{\"@type\":\"ListItem\",\"position\":1,\"name\":\"Etusivu\",\"item\":\"https:\\\/\\\/vmsport.fi\\\/\"},{\"@type\":\"ListItem\",\"position\":2,\"name\":\"Online Store\",\"item\":\"https:\\\/\\\/vmsport.fi\\\/en\\\/online-store\\\/\"},{\"@type\":\"ListItem\",\"position\":3,\"name\":\"Vasen kytkin STEPS SW-E7000-L Fitted Type (400mm)\"}]},{\"@type\":\"WebSite\",\"@id\":\"https:\\\/\\\/vmsport.fi\\\/#website\",\"url\":\"https:\\\/\\\/vmsport.fi\\\/\",\"name\":\"Vmsport\",\"description\":\"Kaikki py\u00f6r\u00e4ilyyn yhdest\u00e4 paikasta\",\"publisher\":{\"@id\":\"https:\\\/\\\/vmsport.fi\\\/#organization\"},\"potentialAction\":[{\"@type\":\"SearchAction\",\"target\":{\"@type\":\"EntryPoint\",\"urlTemplate\":\"https:\\\/\\\/vmsport.fi\\\/?s={search_term_string}\"},\"query-input\":{\"@type\":\"PropertyValueSpecification\",\"valueRequired\":true,\"valueName\":\"search_term_string\"}}],\"inLanguage\":\"sv-SE\"},{\"@type\":\"Organization\",\"@id\":\"https:\\\/\\\/vmsport.fi\\\/#organization\",\"name\":\"Vmsport\",\"url\":\"https:\\\/\\\/vmsport.fi\\\/\",\"logo\":{\"@type\":\"ImageObject\",\"inLanguage\":\"sv-SE\",\"@id\":\"https:\\\/\\\/vmsport.fi\\\/#\\\/schema\\\/logo\\\/image\\\/\",\"url\":\"https:\\\/\\\/vmsport.fi\\\/wp-content\\\/uploads\\\/2024\\\/12\\\/vm_sport_RGB_horisontal-e1734526017575.png\",\"contentUrl\":\"https:\\\/\\\/vmsport.fi\\\/wp-content\\\/uploads\\\/2024\\\/12\\\/vm_sport_RGB_horisontal-e1734526017575.png\",\"width\":668,\"height\":85,\"caption\":\"Vmsport\"},\"image\":{\"@id\":\"https:\\\/\\\/vmsport.fi\\\/#\\\/schema\\\/logo\\\/image\\\/\"},\"sameAs\":[\"https:\\\/\\\/www.facebook.com\\\/Vmsport.fi\\\/\",\"https:\\\/\\\/www.instagram.com\\\/vmsport\\\/\"]}]}<\/script>\n<!-- \/ Yoast SEO plugin. -->","yoast_head_json":{"title":"V\u00e4nster koppling STEPS SW-E7000-L Monterad typ (400 mm) - VM Sport","robots":{"index":"index","follow":"follow","max-snippet":"max-snippet:-1","max-image-preview":"max-image-preview:large","max-video-preview":"max-video-preview:-1"},"canonical":"https:\/\/vmsport.fi\/sv\/webbutik\/reservdelar\/delar-av-sagbockar\/vanster-kopplingssteg-sw-e7000-l-monterad-typ-400mm\/","og_locale":"sv_SE","og_type":"article","og_title":"Vasen kytkin STEPS SW-E7000-L Fitted Type (400mm) - VM Sport","og_description":"Shimano Steps SW-E7000 vasen kytkin on s\u00e4hk\u00f6py\u00f6rille erityisesti suunniteltu osa. Sen avulla k\u00e4ytt\u00e4j\u00e4 voi hallita s\u00e4hk\u00f6py\u00f6r\u00e4n ajoj\u00e4rjestelm\u00e4\u00e4, valiten vaivattomasti eri avustustasot ja hy\u00f6dynt\u00e4en ty\u00f6nt\u00f6avustustoimintoa. Muotoilu on yksinkertainen ja huomaamaton, jolloin se sulautuu kauniisti py\u00f6r\u00e4n ohjaamoon ja tarjoaa selke\u00e4n painepisteen, mik\u00e4 mahdollistaa intuitiivisen k\u00e4yt\u00f6n. Korkealaatuinen tuntuma parantaa kokonaisk\u00e4ytt\u00f6kokemusta. Kytkin on yhteensopiva useiden Shimano-j\u00e4rjestelmien, kuten E6000, E8000 [...]L\u00e4s mer \u2026 from Vasen kytkin STEPS SW-E7000-L Fitted Type (400mm)","og_url":"https:\/\/vmsport.fi\/sv\/webbutik\/reservdelar\/delar-av-sagbockar\/vanster-kopplingssteg-sw-e7000-l-monterad-typ-400mm\/","og_site_name":"VM Sport","article_publisher":"https:\/\/www.facebook.com\/Vmsport.fi\/","article_modified_time":"2026-01-16T11:21:12+00:00","og_image":[{"width":600,"height":600,"url":"https:\/\/vmsport.fi\/wp-content\/uploads\/2025\/03\/3Nh3xjngXXkR86IYyaPb4aEVyBoVfI3Bcz9epuX09GdVISkScp-1.jpg","type":"image\/jpeg"}],"twitter_card":"summary_large_image","twitter_misc":{"Ber\u00e4knad l\u00e4stid":"1 minut"},"schema":{"@context":"https:\/\/schema.org","@graph":[{"@type":["WebPage","ItemPage"],"@id":"https:\/\/vmsport.fi\/verkkokauppa\/varaosat\/sahkopyorien-osat\/vasen-kytkin-steps-sw-e7000-l-fitted-type-400mm\/","url":"https:\/\/vmsport.fi\/verkkokauppa\/varaosat\/sahkopyorien-osat\/vasen-kytkin-steps-sw-e7000-l-fitted-type-400mm\/","name":"V\u00e4nster koppling STEPS SW-E7000-L Monterad typ (400 mm) - VM Sport","isPartOf":{"@id":"https:\/\/vmsport.fi\/#website"},"primaryImageOfPage":{"@id":"https:\/\/vmsport.fi\/verkkokauppa\/varaosat\/sahkopyorien-osat\/vasen-kytkin-steps-sw-e7000-l-fitted-type-400mm\/#primaryimage"},"image":{"@id":"https:\/\/vmsport.fi\/verkkokauppa\/varaosat\/sahkopyorien-osat\/vasen-kytkin-steps-sw-e7000-l-fitted-type-400mm\/#primaryimage"},"thumbnailUrl":"https:\/\/vmsport.fi\/wp-content\/uploads\/2025\/03\/3Nh3xjngXXkR86IYyaPb4aEVyBoVfI3Bcz9epuX09GdVISkScp-1.jpg","datePublished":"2025-03-05T21:37:58+00:00","dateModified":"2026-01-16T11:21:12+00:00","breadcrumb":{"@id":"https:\/\/vmsport.fi\/verkkokauppa\/varaosat\/sahkopyorien-osat\/vasen-kytkin-steps-sw-e7000-l-fitted-type-400mm\/#breadcrumb"},"inLanguage":"sv-SE","potentialAction":[{"@type":"ReadAction","target":["https:\/\/vmsport.fi\/verkkokauppa\/varaosat\/sahkopyorien-osat\/vasen-kytkin-steps-sw-e7000-l-fitted-type-400mm\/"]}]},{"@type":"ImageObject","inLanguage":"sv-SE","@id":"https:\/\/vmsport.fi\/verkkokauppa\/varaosat\/sahkopyorien-osat\/vasen-kytkin-steps-sw-e7000-l-fitted-type-400mm\/#primaryimage","url":"https:\/\/vmsport.fi\/wp-content\/uploads\/2025\/03\/3Nh3xjngXXkR86IYyaPb4aEVyBoVfI3Bcz9epuX09GdVISkScp-1.jpg","contentUrl":"https:\/\/vmsport.fi\/wp-content\/uploads\/2025\/03\/3Nh3xjngXXkR86IYyaPb4aEVyBoVfI3Bcz9epuX09GdVISkScp-1.jpg","width":600,"height":600,"caption":"3Nh3xjngXXkR86IYyaPb4aEVyBoVfI3Bcz9epuX09GdVISkScp"},{"@type":"BreadcrumbList","@id":"https:\/\/vmsport.fi\/verkkokauppa\/varaosat\/sahkopyorien-osat\/vasen-kytkin-steps-sw-e7000-l-fitted-type-400mm\/#breadcrumb","itemListElement":[{"@type":"ListItem","position":1,"name":"Etusivu","item":"https:\/\/vmsport.fi\/"},{"@type":"ListItem","position":2,"name":"Online Store","item":"https:\/\/vmsport.fi\/en\/online-store\/"},{"@type":"ListItem","position":3,"name":"Vasen kytkin STEPS SW-E7000-L Fitted Type (400mm)"}]},{"@type":"WebSite","@id":"https:\/\/vmsport.fi\/#website","url":"https:\/\/vmsport.fi\/","name":"Vmsport","description":"Allt p\u00e5 ett st\u00e4lle f\u00f6r cykling","publisher":{"@id":"https:\/\/vmsport.fi\/#organization"},"potentialAction":[{"@type":"SearchAction","target":{"@type":"EntryPoint","urlTemplate":"https:\/\/vmsport.fi\/?s={search_term_string}"},"query-input":{"@type":"PropertyValueSpecification","valueRequired":true,"valueName":"search_term_string"}}],"inLanguage":"sv-SE"},{"@type":"Organization","@id":"https:\/\/vmsport.fi\/#organization","name":"Vmsport","url":"https:\/\/vmsport.fi\/","logo":{"@type":"ImageObject","inLanguage":"sv-SE","@id":"https:\/\/vmsport.fi\/#\/schema\/logo\/image\/","url":"https:\/\/vmsport.fi\/wp-content\/uploads\/2024\/12\/vm_sport_RGB_horisontal-e1734526017575.png","contentUrl":"https:\/\/vmsport.fi\/wp-content\/uploads\/2024\/12\/vm_sport_RGB_horisontal-e1734526017575.png","width":668,"height":85,"caption":"Vmsport"},"image":{"@id":"https:\/\/vmsport.fi\/#\/schema\/logo\/image\/"},"sameAs":["https:\/\/www.facebook.com\/Vmsport.fi\/","https:\/\/www.instagram.com\/vmsport\/"]}]}},"global_unique_id":"","_links":{"self":[{"href":"https:\/\/vmsport.fi\/sv\/wp-json\/wp\/v2\/product\/53168","targetHints":{"allow":["GET"]}}],"collection":[{"href":"https:\/\/vmsport.fi\/sv\/wp-json\/wp\/v2\/product"}],"about":[{"href":"https:\/\/vmsport.fi\/sv\/wp-json\/wp\/v2\/types\/product"}],"replies":[{"embeddable":true,"href":"https:\/\/vmsport.fi\/sv\/wp-json\/wp\/v2\/comments?post=53168"}],"wp:featuredmedia":[{"embeddable":true,"href":"https:\/\/vmsport.fi\/sv\/wp-json\/wp\/v2\/media\/53167"}],"wp:attachment":[{"href":"https:\/\/vmsport.fi\/sv\/wp-json\/wp\/v2\/media?parent=53168"}],"wp:term":[{"taxonomy":"product_brand","embeddable":true,"href":"https:\/\/vmsport.fi\/sv\/wp-json\/wp\/v2\/product_brand?post=53168"},{"taxonomy":"product_model","embeddable":true,"href":"https:\/\/vmsport.fi\/sv\/wp-json\/wp\/v2\/product_model?post=53168"},{"taxonomy":"product_cat","embeddable":true,"href":"https:\/\/vmsport.fi\/sv\/wp-json\/wp\/v2\/product_cat?post=53168"},{"taxonomy":"product_tag","embeddable":true,"href":"https:\/\/vmsport.fi\/sv\/wp-json\/wp\/v2\/product_tag?post=53168"},{"taxonomy":"industry_terminology","embeddable":true,"href":"https:\/\/vmsport.fi\/sv\/wp-json\/wp\/v2\/industry-terminology?post=53168"}],"curies":[{"name":"wp","href":"https:\/\/api.w.org\/{rel}","templated":true}]}}