{"id":53158,"date":"2025-03-05T23:37:51","date_gmt":"2025-03-05T21:37:51","guid":{"rendered":"https:\/\/vmsport.fi\/verkkokauppa\/Ei-luokiteltu\/bontrager-backrack-mik-m-xl-54-62-cm\/"},"modified":"2026-01-16T13:25:19","modified_gmt":"2026-01-16T11:25:19","slug":"bontrager-backrack-mik-m-xl-54-62-cm","status":"publish","type":"product","link":"https:\/\/vmsport.fi\/sv\/verkkokauppa\/tarvikkeet\/telineet\/tavaratelineet\/bontrager-backrack-mik-m-xl-54-62-cm\/","title":{"rendered":"Bontrager BackRack MIK M-XL (54-62 cm)"},"content":{"rendered":"<p>Bontrager BackRack MIK M-XL (54-62 cm) \u00e4r en p\u00e5litlig och h\u00e5llbar bakre cykelh\u00e5llare som \u00e4r idealisk f\u00f6r m\u00e5nga olika transportbehov. Det \u00e4r s\u00e4rskilt utformat f\u00f6r att vara kompatibelt med MIK-systemet, vilket m\u00f6jligg\u00f6r snabb och enkel fasts\u00e4ttning p\u00e5 cykelramar av olika storlekar. Det h\u00e4r cykeltillbeh\u00f6ret \u00e4r ett utm\u00e4rkt val n\u00e4r du beh\u00f6ver praktiska och bekv\u00e4ma l\u00f6sningar f\u00f6r din dagliga transport. Tack vare sin l\u00e4tta men robusta konstruktion t\u00e5l den l\u00e4tt tyngre anv\u00e4ndning samtidigt som den beh\u00e5ller sin stil och funktionalitet.<\/p>","protected":false},"excerpt":{"rendered":"<p>Bontrager BackRack MIK M\u2013XL (54\u201362 cm) on luotettava ja kest\u00e4v\u00e4 polkupy\u00f6r\u00e4n takatavarateline, joka sopii erinomaisesti monenlaisiin kuljetustarpeisiin. Se on suunniteltu erityisesti yhteensopivaksi MIK-j\u00e4rjestelm\u00e4n kanssa, mik\u00e4 mahdollistaa nopean ja helpon kiinnityksen eri kokoisiin py\u00f6r\u00e4n runkoihin. T\u00e4m\u00e4 polkupy\u00f6r\u00e4n lis\u00e4varuste on erinomainen valinta, kun kaipaat k\u00e4yt\u00e4nn\u00f6llisyytt\u00e4 ja mukavuutta p\u00e4ivitt\u00e4isiin kuljetuksiin. Kevyen mutta tukevan rakenteensa ansiosta se kest\u00e4\u00e4 vaivattomasti [&#8230;]<\/p>\n<p><a class=\"btn btn-secondary understrap-read-more-link\" href=\"https:\/\/vmsport.fi\/sv\/verkkokauppa\/tarvikkeet\/telineet\/tavaratelineet\/bontrager-backrack-mik-m-xl-54-62-cm\/\">L\u00e4s mer \u2026<span class=\"screen-reader-text\"> from Bontrager BackRack MIK M\u2013XL (54\u201362 cm)<\/span><\/a><\/p>\n","protected":false},"featured_media":53156,"comment_status":"open","ping_status":"closed","template":"","meta":{"_acf_changed":false,"_improvement_type_select":"improve_an_existing","_thumb_yes_seoaic":false,"_frame_yes_seoaic":false,"seoaic_generate_description":"","seoaic_improve_instructions_prompt":"","seoaic_rollback_content_improvement":"","seoaic_idea_thumbnail_generator":"","thumbnail_generated":false,"thumbnail_generate_prompt":"","seoaic_article_description":"","_supplier_stock_quantity":0},"product_brand":[],"product_model":[],"product_cat":[9588],"product_tag":[],"industry-terminology":[],"class_list":{"0":"post-53158","1":"product","2":"type-product","3":"status-publish","4":"has-post-thumbnail","6":"product_cat-tavaratelineet","8":"first","9":"outofstock","10":"taxable","11":"shipping-taxable","12":"product-type-simple"},"acf":{"bike_features":null,"overview":{"copy_overview":null,"key_features":null,"statement":"","youtube_url":""}},"yoast_head":"<!-- This site is optimized with the Yoast SEO plugin v27.3 - https:\/\/yoast.com\/product\/yoast-seo-wordpress\/ -->\n<title>Bontrager BackRack MIK M\u2013XL (54\u201362 cm) - VM Sport<\/title>\n<meta name=\"robots\" content=\"index, follow, max-snippet:-1, max-image-preview:large, max-video-preview:-1\" \/>\n<link rel=\"canonical\" href=\"https:\/\/vmsport.fi\/sv\/webbutik\/tillbehor\/byggnadsstallningar\/bagagehyllor\/bontrager-backrack-mik-m-xl-54-62-cm\/\" \/>\n<meta property=\"og:locale\" content=\"sv_SE\" \/>\n<meta property=\"og:type\" content=\"article\" \/>\n<meta property=\"og:title\" content=\"Bontrager BackRack MIK M\u2013XL (54\u201362 cm) - VM Sport\" \/>\n<meta property=\"og:description\" content=\"Bontrager BackRack MIK M\u2013XL (54\u201362 cm) on luotettava ja kest\u00e4v\u00e4 polkupy\u00f6r\u00e4n takatavarateline, joka sopii erinomaisesti monenlaisiin kuljetustarpeisiin. Se on suunniteltu erityisesti yhteensopivaksi MIK-j\u00e4rjestelm\u00e4n kanssa, mik\u00e4 mahdollistaa nopean ja helpon kiinnityksen eri kokoisiin py\u00f6r\u00e4n runkoihin. T\u00e4m\u00e4 polkupy\u00f6r\u00e4n lis\u00e4varuste on erinomainen valinta, kun kaipaat k\u00e4yt\u00e4nn\u00f6llisyytt\u00e4 ja mukavuutta p\u00e4ivitt\u00e4isiin kuljetuksiin. Kevyen mutta tukevan rakenteensa ansiosta se kest\u00e4\u00e4 vaivattomasti [...]L\u00e4s mer \u2026 from Bontrager BackRack MIK M\u2013XL (54\u201362 cm)\" \/>\n<meta property=\"og:url\" content=\"https:\/\/vmsport.fi\/sv\/webbutik\/tillbehor\/byggnadsstallningar\/bagagehyllor\/bontrager-backrack-mik-m-xl-54-62-cm\/\" \/>\n<meta property=\"og:site_name\" content=\"VM Sport\" \/>\n<meta property=\"article:publisher\" content=\"https:\/\/www.facebook.com\/Vmsport.fi\/\" \/>\n<meta property=\"article:modified_time\" content=\"2026-01-16T11:25:19+00:00\" \/>\n<meta property=\"og:image\" content=\"https:\/\/vmsport.fi\/wp-content\/uploads\/2025\/03\/BontragerBackRackMIK-27231-A-Primary-1.jpg\" \/>\n\t<meta property=\"og:image:width\" content=\"1000\" \/>\n\t<meta property=\"og:image:height\" content=\"750\" \/>\n\t<meta property=\"og:image:type\" content=\"image\/jpeg\" \/>\n<meta name=\"twitter:card\" content=\"summary_large_image\" \/>\n<script type=\"application\/ld+json\" class=\"yoast-schema-graph\">{\"@context\":\"https:\\\/\\\/schema.org\",\"@graph\":[{\"@type\":[\"WebPage\",\"ItemPage\"],\"@id\":\"https:\\\/\\\/vmsport.fi\\\/verkkokauppa\\\/tarvikkeet\\\/telineet\\\/tavaratelineet\\\/bontrager-backrack-mik-m-xl-54-62-cm\\\/\",\"url\":\"https:\\\/\\\/vmsport.fi\\\/verkkokauppa\\\/tarvikkeet\\\/telineet\\\/tavaratelineet\\\/bontrager-backrack-mik-m-xl-54-62-cm\\\/\",\"name\":\"Bontrager BackRack MIK M\u2013XL (54\u201362 cm) - VM Sport\",\"isPartOf\":{\"@id\":\"https:\\\/\\\/vmsport.fi\\\/#website\"},\"primaryImageOfPage\":{\"@id\":\"https:\\\/\\\/vmsport.fi\\\/verkkokauppa\\\/tarvikkeet\\\/telineet\\\/tavaratelineet\\\/bontrager-backrack-mik-m-xl-54-62-cm\\\/#primaryimage\"},\"image\":{\"@id\":\"https:\\\/\\\/vmsport.fi\\\/verkkokauppa\\\/tarvikkeet\\\/telineet\\\/tavaratelineet\\\/bontrager-backrack-mik-m-xl-54-62-cm\\\/#primaryimage\"},\"thumbnailUrl\":\"https:\\\/\\\/vmsport.fi\\\/wp-content\\\/uploads\\\/2025\\\/03\\\/BontragerBackRackMIK-27231-A-Primary-1.jpg\",\"datePublished\":\"2025-03-05T21:37:51+00:00\",\"dateModified\":\"2026-01-16T11:25:19+00:00\",\"breadcrumb\":{\"@id\":\"https:\\\/\\\/vmsport.fi\\\/verkkokauppa\\\/tarvikkeet\\\/telineet\\\/tavaratelineet\\\/bontrager-backrack-mik-m-xl-54-62-cm\\\/#breadcrumb\"},\"inLanguage\":\"sv-SE\",\"potentialAction\":[{\"@type\":\"ReadAction\",\"target\":[\"https:\\\/\\\/vmsport.fi\\\/verkkokauppa\\\/tarvikkeet\\\/telineet\\\/tavaratelineet\\\/bontrager-backrack-mik-m-xl-54-62-cm\\\/\"]}]},{\"@type\":\"ImageObject\",\"inLanguage\":\"sv-SE\",\"@id\":\"https:\\\/\\\/vmsport.fi\\\/verkkokauppa\\\/tarvikkeet\\\/telineet\\\/tavaratelineet\\\/bontrager-backrack-mik-m-xl-54-62-cm\\\/#primaryimage\",\"url\":\"https:\\\/\\\/vmsport.fi\\\/wp-content\\\/uploads\\\/2025\\\/03\\\/BontragerBackRackMIK-27231-A-Primary-1.jpg\",\"contentUrl\":\"https:\\\/\\\/vmsport.fi\\\/wp-content\\\/uploads\\\/2025\\\/03\\\/BontragerBackRackMIK-27231-A-Primary-1.jpg\",\"width\":1000,\"height\":750,\"caption\":\"BontragerBackRackMIK-27231-A-Primary\"},{\"@type\":\"BreadcrumbList\",\"@id\":\"https:\\\/\\\/vmsport.fi\\\/verkkokauppa\\\/tarvikkeet\\\/telineet\\\/tavaratelineet\\\/bontrager-backrack-mik-m-xl-54-62-cm\\\/#breadcrumb\",\"itemListElement\":[{\"@type\":\"ListItem\",\"position\":1,\"name\":\"Etusivu\",\"item\":\"https:\\\/\\\/vmsport.fi\\\/\"},{\"@type\":\"ListItem\",\"position\":2,\"name\":\"Online Store\",\"item\":\"https:\\\/\\\/vmsport.fi\\\/en\\\/online-store\\\/\"},{\"@type\":\"ListItem\",\"position\":3,\"name\":\"Bontrager BackRack MIK M\u2013XL (54\u201362 cm)\"}]},{\"@type\":\"WebSite\",\"@id\":\"https:\\\/\\\/vmsport.fi\\\/#website\",\"url\":\"https:\\\/\\\/vmsport.fi\\\/\",\"name\":\"Vmsport\",\"description\":\"Kaikki py\u00f6r\u00e4ilyyn yhdest\u00e4 paikasta\",\"publisher\":{\"@id\":\"https:\\\/\\\/vmsport.fi\\\/#organization\"},\"potentialAction\":[{\"@type\":\"SearchAction\",\"target\":{\"@type\":\"EntryPoint\",\"urlTemplate\":\"https:\\\/\\\/vmsport.fi\\\/?s={search_term_string}\"},\"query-input\":{\"@type\":\"PropertyValueSpecification\",\"valueRequired\":true,\"valueName\":\"search_term_string\"}}],\"inLanguage\":\"sv-SE\"},{\"@type\":\"Organization\",\"@id\":\"https:\\\/\\\/vmsport.fi\\\/#organization\",\"name\":\"Vmsport\",\"url\":\"https:\\\/\\\/vmsport.fi\\\/\",\"logo\":{\"@type\":\"ImageObject\",\"inLanguage\":\"sv-SE\",\"@id\":\"https:\\\/\\\/vmsport.fi\\\/#\\\/schema\\\/logo\\\/image\\\/\",\"url\":\"https:\\\/\\\/vmsport.fi\\\/wp-content\\\/uploads\\\/2024\\\/12\\\/vm_sport_RGB_horisontal-e1734526017575.png\",\"contentUrl\":\"https:\\\/\\\/vmsport.fi\\\/wp-content\\\/uploads\\\/2024\\\/12\\\/vm_sport_RGB_horisontal-e1734526017575.png\",\"width\":668,\"height\":85,\"caption\":\"Vmsport\"},\"image\":{\"@id\":\"https:\\\/\\\/vmsport.fi\\\/#\\\/schema\\\/logo\\\/image\\\/\"},\"sameAs\":[\"https:\\\/\\\/www.facebook.com\\\/Vmsport.fi\\\/\",\"https:\\\/\\\/www.instagram.com\\\/vmsport\\\/\"]}]}<\/script>\n<!-- \/ Yoast SEO plugin. -->","yoast_head_json":{"title":"Bontrager BackRack MIK M-XL (54-62 cm) - VM Sport","robots":{"index":"index","follow":"follow","max-snippet":"max-snippet:-1","max-image-preview":"max-image-preview:large","max-video-preview":"max-video-preview:-1"},"canonical":"https:\/\/vmsport.fi\/sv\/webbutik\/tillbehor\/byggnadsstallningar\/bagagehyllor\/bontrager-backrack-mik-m-xl-54-62-cm\/","og_locale":"sv_SE","og_type":"article","og_title":"Bontrager BackRack MIK M\u2013XL (54\u201362 cm) - VM Sport","og_description":"Bontrager BackRack MIK M\u2013XL (54\u201362 cm) on luotettava ja kest\u00e4v\u00e4 polkupy\u00f6r\u00e4n takatavarateline, joka sopii erinomaisesti monenlaisiin kuljetustarpeisiin. Se on suunniteltu erityisesti yhteensopivaksi MIK-j\u00e4rjestelm\u00e4n kanssa, mik\u00e4 mahdollistaa nopean ja helpon kiinnityksen eri kokoisiin py\u00f6r\u00e4n runkoihin. T\u00e4m\u00e4 polkupy\u00f6r\u00e4n lis\u00e4varuste on erinomainen valinta, kun kaipaat k\u00e4yt\u00e4nn\u00f6llisyytt\u00e4 ja mukavuutta p\u00e4ivitt\u00e4isiin kuljetuksiin. Kevyen mutta tukevan rakenteensa ansiosta se kest\u00e4\u00e4 vaivattomasti [...]L\u00e4s mer \u2026 from Bontrager BackRack MIK M\u2013XL (54\u201362 cm)","og_url":"https:\/\/vmsport.fi\/sv\/webbutik\/tillbehor\/byggnadsstallningar\/bagagehyllor\/bontrager-backrack-mik-m-xl-54-62-cm\/","og_site_name":"VM Sport","article_publisher":"https:\/\/www.facebook.com\/Vmsport.fi\/","article_modified_time":"2026-01-16T11:25:19+00:00","og_image":[{"width":1000,"height":750,"url":"https:\/\/vmsport.fi\/wp-content\/uploads\/2025\/03\/BontragerBackRackMIK-27231-A-Primary-1.jpg","type":"image\/jpeg"}],"twitter_card":"summary_large_image","schema":{"@context":"https:\/\/schema.org","@graph":[{"@type":["WebPage","ItemPage"],"@id":"https:\/\/vmsport.fi\/verkkokauppa\/tarvikkeet\/telineet\/tavaratelineet\/bontrager-backrack-mik-m-xl-54-62-cm\/","url":"https:\/\/vmsport.fi\/verkkokauppa\/tarvikkeet\/telineet\/tavaratelineet\/bontrager-backrack-mik-m-xl-54-62-cm\/","name":"Bontrager BackRack MIK M-XL (54-62 cm) - VM Sport","isPartOf":{"@id":"https:\/\/vmsport.fi\/#website"},"primaryImageOfPage":{"@id":"https:\/\/vmsport.fi\/verkkokauppa\/tarvikkeet\/telineet\/tavaratelineet\/bontrager-backrack-mik-m-xl-54-62-cm\/#primaryimage"},"image":{"@id":"https:\/\/vmsport.fi\/verkkokauppa\/tarvikkeet\/telineet\/tavaratelineet\/bontrager-backrack-mik-m-xl-54-62-cm\/#primaryimage"},"thumbnailUrl":"https:\/\/vmsport.fi\/wp-content\/uploads\/2025\/03\/BontragerBackRackMIK-27231-A-Primary-1.jpg","datePublished":"2025-03-05T21:37:51+00:00","dateModified":"2026-01-16T11:25:19+00:00","breadcrumb":{"@id":"https:\/\/vmsport.fi\/verkkokauppa\/tarvikkeet\/telineet\/tavaratelineet\/bontrager-backrack-mik-m-xl-54-62-cm\/#breadcrumb"},"inLanguage":"sv-SE","potentialAction":[{"@type":"ReadAction","target":["https:\/\/vmsport.fi\/verkkokauppa\/tarvikkeet\/telineet\/tavaratelineet\/bontrager-backrack-mik-m-xl-54-62-cm\/"]}]},{"@type":"ImageObject","inLanguage":"sv-SE","@id":"https:\/\/vmsport.fi\/verkkokauppa\/tarvikkeet\/telineet\/tavaratelineet\/bontrager-backrack-mik-m-xl-54-62-cm\/#primaryimage","url":"https:\/\/vmsport.fi\/wp-content\/uploads\/2025\/03\/BontragerBackRackMIK-27231-A-Primary-1.jpg","contentUrl":"https:\/\/vmsport.fi\/wp-content\/uploads\/2025\/03\/BontragerBackRackMIK-27231-A-Primary-1.jpg","width":1000,"height":750,"caption":"BontragerBackRackMIK-27231-A-Primary"},{"@type":"BreadcrumbList","@id":"https:\/\/vmsport.fi\/verkkokauppa\/tarvikkeet\/telineet\/tavaratelineet\/bontrager-backrack-mik-m-xl-54-62-cm\/#breadcrumb","itemListElement":[{"@type":"ListItem","position":1,"name":"Etusivu","item":"https:\/\/vmsport.fi\/"},{"@type":"ListItem","position":2,"name":"Online Store","item":"https:\/\/vmsport.fi\/en\/online-store\/"},{"@type":"ListItem","position":3,"name":"Bontrager BackRack MIK M\u2013XL (54\u201362 cm)"}]},{"@type":"WebSite","@id":"https:\/\/vmsport.fi\/#website","url":"https:\/\/vmsport.fi\/","name":"Vmsport","description":"Allt p\u00e5 ett st\u00e4lle f\u00f6r cykling","publisher":{"@id":"https:\/\/vmsport.fi\/#organization"},"potentialAction":[{"@type":"SearchAction","target":{"@type":"EntryPoint","urlTemplate":"https:\/\/vmsport.fi\/?s={search_term_string}"},"query-input":{"@type":"PropertyValueSpecification","valueRequired":true,"valueName":"search_term_string"}}],"inLanguage":"sv-SE"},{"@type":"Organization","@id":"https:\/\/vmsport.fi\/#organization","name":"Vmsport","url":"https:\/\/vmsport.fi\/","logo":{"@type":"ImageObject","inLanguage":"sv-SE","@id":"https:\/\/vmsport.fi\/#\/schema\/logo\/image\/","url":"https:\/\/vmsport.fi\/wp-content\/uploads\/2024\/12\/vm_sport_RGB_horisontal-e1734526017575.png","contentUrl":"https:\/\/vmsport.fi\/wp-content\/uploads\/2024\/12\/vm_sport_RGB_horisontal-e1734526017575.png","width":668,"height":85,"caption":"Vmsport"},"image":{"@id":"https:\/\/vmsport.fi\/#\/schema\/logo\/image\/"},"sameAs":["https:\/\/www.facebook.com\/Vmsport.fi\/","https:\/\/www.instagram.com\/vmsport\/"]}]}},"global_unique_id":"","_links":{"self":[{"href":"https:\/\/vmsport.fi\/sv\/wp-json\/wp\/v2\/product\/53158","targetHints":{"allow":["GET"]}}],"collection":[{"href":"https:\/\/vmsport.fi\/sv\/wp-json\/wp\/v2\/product"}],"about":[{"href":"https:\/\/vmsport.fi\/sv\/wp-json\/wp\/v2\/types\/product"}],"replies":[{"embeddable":true,"href":"https:\/\/vmsport.fi\/sv\/wp-json\/wp\/v2\/comments?post=53158"}],"wp:featuredmedia":[{"embeddable":true,"href":"https:\/\/vmsport.fi\/sv\/wp-json\/wp\/v2\/media\/53156"}],"wp:attachment":[{"href":"https:\/\/vmsport.fi\/sv\/wp-json\/wp\/v2\/media?parent=53158"}],"wp:term":[{"taxonomy":"product_brand","embeddable":true,"href":"https:\/\/vmsport.fi\/sv\/wp-json\/wp\/v2\/product_brand?post=53158"},{"taxonomy":"product_model","embeddable":true,"href":"https:\/\/vmsport.fi\/sv\/wp-json\/wp\/v2\/product_model?post=53158"},{"taxonomy":"product_cat","embeddable":true,"href":"https:\/\/vmsport.fi\/sv\/wp-json\/wp\/v2\/product_cat?post=53158"},{"taxonomy":"product_tag","embeddable":true,"href":"https:\/\/vmsport.fi\/sv\/wp-json\/wp\/v2\/product_tag?post=53158"},{"taxonomy":"industry_terminology","embeddable":true,"href":"https:\/\/vmsport.fi\/sv\/wp-json\/wp\/v2\/industry-terminology?post=53158"}],"curies":[{"name":"wp","href":"https:\/\/api.w.org\/{rel}","templated":true}]}}