{"id":53153,"date":"2025-03-05T23:37:48","date_gmt":"2025-03-05T21:37:48","guid":{"rendered":"https:\/\/vmsport.fi\/verkkokauppa\/Ei-luokiteltu\/sram-chain-connector-powerlock-12-speed-rainbow\/"},"modified":"2026-04-22T15:04:41","modified_gmt":"2026-04-22T12:04:41","slug":"sram-chain-connector-powerlock-12-speed-rainbow","status":"publish","type":"product","link":"https:\/\/vmsport.fi\/sv\/verkkokauppa\/varaosat\/voimansiirto\/ketjut\/sram-chain-connector-powerlock-12-speed-rainbow\/","title":{"rendered":"SRAM kedjekoppling PowerLock 12 v\u00e4xlar Rainbow"},"content":{"rendered":"<p>SRAM Eagle 12-vaihteisille ketjuille suunniteltu PowerLock-ketjunliitin tekee ketjun asentamisesta helppoa, koska et tarvitse ty\u00f6kaluja. T\u00e4m\u00e4 mahdollistaa nopean ja vaivattoman huollon. PowerLock varmistaa ketjun pehme\u00e4n ja turvallisen toiminnan. Sen kest\u00e4v\u00e4 rakenne on suunniteltu kest\u00e4m\u00e4\u00e4n intensiivist\u00e4 k\u00e4ytt\u00f6\u00e4, mik\u00e4 pident\u00e4\u00e4 tuotteen k\u00e4ytt\u00f6ik\u00e4\u00e4. Erityinen ja tyylik\u00e4s sateenkaaren s\u00e4vyinen viimeistely antaa py\u00f6r\u00e4llesi ainutlaatuisen ilmeen. Jokainen pakkaus sis\u00e4lt\u00e4\u00e4 nelj\u00e4 liitint\u00e4, joten se on k\u00e4yt\u00e4nn\u00f6llinen valinta varaosiksi tai ty\u00f6pajaan. PowerLock on suunniteltu py\u00f6r\u00e4ilij\u00f6ille, jotka arvostavat luotettavaa suorituskyky\u00e4 ja nopeaa korjausmahdollisuutta helppok\u00e4ytt\u00f6isyytt\u00e4 unohtamatta.<\/p>","protected":false},"excerpt":{"rendered":"<p>SRAM Eagle 12-vaihteisille ketjuille suunniteltu PowerLock-ketjunliitin tekee ketjun asentamisesta helppoa, koska et tarvitse ty\u00f6kaluja. T\u00e4m\u00e4 mahdollistaa nopean ja vaivattoman huollon. PowerLock varmistaa ketjun pehme\u00e4n ja turvallisen toiminnan. Sen kest\u00e4v\u00e4 rakenne on suunniteltu kest\u00e4m\u00e4\u00e4n intensiivist\u00e4 k\u00e4ytt\u00f6\u00e4, mik\u00e4 pident\u00e4\u00e4 tuotteen k\u00e4ytt\u00f6ik\u00e4\u00e4. Erityinen ja tyylik\u00e4s sateenkaaren s\u00e4vyinen viimeistely antaa py\u00f6r\u00e4llesi ainutlaatuisen ilmeen. Jokainen pakkaus sis\u00e4lt\u00e4\u00e4 nelj\u00e4 liitint\u00e4, joten [&#8230;]<\/p>\n<p><a class=\"btn btn-secondary understrap-read-more-link\" href=\"https:\/\/vmsport.fi\/sv\/verkkokauppa\/varaosat\/voimansiirto\/ketjut\/sram-chain-connector-powerlock-12-speed-rainbow\/\">L\u00e4s mer \u2026<span class=\"screen-reader-text\"> from SRAM Chain connector PowerLock 12 speed Rainbow<\/span><\/a><\/p>\n","protected":false},"featured_media":53152,"comment_status":"open","ping_status":"closed","template":"","meta":{"_acf_changed":false,"_improvement_type_select":"improve_an_existing","_thumb_yes_seoaic":false,"_frame_yes_seoaic":false,"seoaic_generate_description":"","seoaic_improve_instructions_prompt":"","seoaic_rollback_content_improvement":"","seoaic_idea_thumbnail_generator":"","thumbnail_generated":false,"thumbnail_generate_prompt":"","seoaic_article_description":"","_supplier_stock_quantity":0},"product_brand":[1588],"product_model":[],"product_cat":[9352],"product_tag":[],"industry-terminology":[],"class_list":{"0":"post-53153","1":"product","2":"type-product","3":"status-publish","4":"has-post-thumbnail","6":"product_brand-sram","7":"product_cat-ketjut","9":"first","10":"instock","11":"taxable","12":"shipping-taxable","13":"purchasable","14":"product-type-simple"},"acf":{"bike_features":null,"overview":{"copy_overview":null,"key_features":null,"statement":"","youtube_url":""}},"yoast_head":"<!-- This site is optimized with the Yoast SEO plugin v27.4 - https:\/\/yoast.com\/product\/yoast-seo-wordpress\/ -->\n<title>SRAM Chain connector PowerLock 12 speed Rainbow - VM Sport<\/title>\n<meta name=\"robots\" content=\"index, follow, max-snippet:-1, max-image-preview:large, max-video-preview:-1\" \/>\n<link rel=\"canonical\" href=\"https:\/\/vmsport.fi\/sv\/webbutik\/reservdelar\/transmission\/kedjor\/sram-chain-connector-powerlock-12-speed-rainbow\/\" \/>\n<meta property=\"og:locale\" content=\"sv_SE\" \/>\n<meta property=\"og:type\" content=\"article\" \/>\n<meta property=\"og:title\" content=\"SRAM Chain connector PowerLock 12 speed Rainbow - VM Sport\" \/>\n<meta property=\"og:description\" content=\"SRAM Eagle 12-vaihteisille ketjuille suunniteltu PowerLock-ketjunliitin tekee ketjun asentamisesta helppoa, koska et tarvitse ty\u00f6kaluja. T\u00e4m\u00e4 mahdollistaa nopean ja vaivattoman huollon. PowerLock varmistaa ketjun pehme\u00e4n ja turvallisen toiminnan. Sen kest\u00e4v\u00e4 rakenne on suunniteltu kest\u00e4m\u00e4\u00e4n intensiivist\u00e4 k\u00e4ytt\u00f6\u00e4, mik\u00e4 pident\u00e4\u00e4 tuotteen k\u00e4ytt\u00f6ik\u00e4\u00e4. Erityinen ja tyylik\u00e4s sateenkaaren s\u00e4vyinen viimeistely antaa py\u00f6r\u00e4llesi ainutlaatuisen ilmeen. Jokainen pakkaus sis\u00e4lt\u00e4\u00e4 nelj\u00e4 liitint\u00e4, joten [...]L\u00e4s mer \u2026 from SRAM Chain connector PowerLock 12 speed Rainbow\" \/>\n<meta property=\"og:url\" content=\"https:\/\/vmsport.fi\/sv\/webbutik\/reservdelar\/transmission\/kedjor\/sram-chain-connector-powerlock-12-speed-rainbow\/\" \/>\n<meta property=\"og:site_name\" content=\"VM Sport\" \/>\n<meta property=\"article:publisher\" content=\"https:\/\/www.facebook.com\/Vmsport.fi\/\" \/>\n<meta property=\"article:modified_time\" content=\"2026-04-22T12:04:41+00:00\" \/>\n<meta property=\"og:image\" content=\"https:\/\/vmsport.fi\/wp-content\/uploads\/2025\/03\/5pKVJsf8DljtnWlJsYC6TDnGeAKpfqf7I6WNML5LDWCKDwd2FC-1.jpg\" \/>\n\t<meta property=\"og:image:width\" content=\"800\" \/>\n\t<meta property=\"og:image:height\" content=\"800\" \/>\n\t<meta property=\"og:image:type\" content=\"image\/jpeg\" \/>\n<meta name=\"twitter:card\" content=\"summary_large_image\" \/>\n<script type=\"application\/ld+json\" class=\"yoast-schema-graph\">{\"@context\":\"https:\\\/\\\/schema.org\",\"@graph\":[{\"@type\":[\"WebPage\",\"ItemPage\"],\"@id\":\"https:\\\/\\\/vmsport.fi\\\/verkkokauppa\\\/varaosat\\\/voimansiirto\\\/ketjut\\\/sram-chain-connector-powerlock-12-speed-rainbow\\\/\",\"url\":\"https:\\\/\\\/vmsport.fi\\\/verkkokauppa\\\/varaosat\\\/voimansiirto\\\/ketjut\\\/sram-chain-connector-powerlock-12-speed-rainbow\\\/\",\"name\":\"SRAM Chain connector PowerLock 12 speed Rainbow - VM Sport\",\"isPartOf\":{\"@id\":\"https:\\\/\\\/vmsport.fi\\\/#website\"},\"primaryImageOfPage\":{\"@id\":\"https:\\\/\\\/vmsport.fi\\\/verkkokauppa\\\/varaosat\\\/voimansiirto\\\/ketjut\\\/sram-chain-connector-powerlock-12-speed-rainbow\\\/#primaryimage\"},\"image\":{\"@id\":\"https:\\\/\\\/vmsport.fi\\\/verkkokauppa\\\/varaosat\\\/voimansiirto\\\/ketjut\\\/sram-chain-connector-powerlock-12-speed-rainbow\\\/#primaryimage\"},\"thumbnailUrl\":\"https:\\\/\\\/vmsport.fi\\\/wp-content\\\/uploads\\\/2025\\\/03\\\/5pKVJsf8DljtnWlJsYC6TDnGeAKpfqf7I6WNML5LDWCKDwd2FC-1.jpg\",\"datePublished\":\"2025-03-05T21:37:48+00:00\",\"dateModified\":\"2026-04-22T12:04:41+00:00\",\"breadcrumb\":{\"@id\":\"https:\\\/\\\/vmsport.fi\\\/verkkokauppa\\\/varaosat\\\/voimansiirto\\\/ketjut\\\/sram-chain-connector-powerlock-12-speed-rainbow\\\/#breadcrumb\"},\"inLanguage\":\"sv-SE\",\"potentialAction\":[{\"@type\":\"ReadAction\",\"target\":[\"https:\\\/\\\/vmsport.fi\\\/verkkokauppa\\\/varaosat\\\/voimansiirto\\\/ketjut\\\/sram-chain-connector-powerlock-12-speed-rainbow\\\/\"]}]},{\"@type\":\"ImageObject\",\"inLanguage\":\"sv-SE\",\"@id\":\"https:\\\/\\\/vmsport.fi\\\/verkkokauppa\\\/varaosat\\\/voimansiirto\\\/ketjut\\\/sram-chain-connector-powerlock-12-speed-rainbow\\\/#primaryimage\",\"url\":\"https:\\\/\\\/vmsport.fi\\\/wp-content\\\/uploads\\\/2025\\\/03\\\/5pKVJsf8DljtnWlJsYC6TDnGeAKpfqf7I6WNML5LDWCKDwd2FC-1.jpg\",\"contentUrl\":\"https:\\\/\\\/vmsport.fi\\\/wp-content\\\/uploads\\\/2025\\\/03\\\/5pKVJsf8DljtnWlJsYC6TDnGeAKpfqf7I6WNML5LDWCKDwd2FC-1.jpg\",\"width\":800,\"height\":800,\"caption\":\"5pKVJsf8DljtnWlJsYC6TDnGeAKpfqf7I6WNML5LDWCKDwd2FC\"},{\"@type\":\"BreadcrumbList\",\"@id\":\"https:\\\/\\\/vmsport.fi\\\/verkkokauppa\\\/varaosat\\\/voimansiirto\\\/ketjut\\\/sram-chain-connector-powerlock-12-speed-rainbow\\\/#breadcrumb\",\"itemListElement\":[{\"@type\":\"ListItem\",\"position\":1,\"name\":\"Etusivu\",\"item\":\"https:\\\/\\\/vmsport.fi\\\/\"},{\"@type\":\"ListItem\",\"position\":2,\"name\":\"Online Store\",\"item\":\"https:\\\/\\\/vmsport.fi\\\/en\\\/online-store\\\/\"},{\"@type\":\"ListItem\",\"position\":3,\"name\":\"SRAM Chain connector PowerLock 12 speed Rainbow\"}]},{\"@type\":\"WebSite\",\"@id\":\"https:\\\/\\\/vmsport.fi\\\/#website\",\"url\":\"https:\\\/\\\/vmsport.fi\\\/\",\"name\":\"Vmsport\",\"description\":\"Kaikki py\u00f6r\u00e4ilyyn yhdest\u00e4 paikasta\",\"publisher\":{\"@id\":\"https:\\\/\\\/vmsport.fi\\\/#organization\"},\"potentialAction\":[{\"@type\":\"SearchAction\",\"target\":{\"@type\":\"EntryPoint\",\"urlTemplate\":\"https:\\\/\\\/vmsport.fi\\\/?s={search_term_string}\"},\"query-input\":{\"@type\":\"PropertyValueSpecification\",\"valueRequired\":true,\"valueName\":\"search_term_string\"}}],\"inLanguage\":\"sv-SE\"},{\"@type\":\"Organization\",\"@id\":\"https:\\\/\\\/vmsport.fi\\\/#organization\",\"name\":\"Vmsport\",\"url\":\"https:\\\/\\\/vmsport.fi\\\/\",\"logo\":{\"@type\":\"ImageObject\",\"inLanguage\":\"sv-SE\",\"@id\":\"https:\\\/\\\/vmsport.fi\\\/#\\\/schema\\\/logo\\\/image\\\/\",\"url\":\"https:\\\/\\\/vmsport.fi\\\/wp-content\\\/uploads\\\/2024\\\/12\\\/vm_sport_RGB_horisontal-e1734526017575.png\",\"contentUrl\":\"https:\\\/\\\/vmsport.fi\\\/wp-content\\\/uploads\\\/2024\\\/12\\\/vm_sport_RGB_horisontal-e1734526017575.png\",\"width\":668,\"height\":85,\"caption\":\"Vmsport\"},\"image\":{\"@id\":\"https:\\\/\\\/vmsport.fi\\\/#\\\/schema\\\/logo\\\/image\\\/\"},\"sameAs\":[\"https:\\\/\\\/www.facebook.com\\\/Vmsport.fi\\\/\",\"https:\\\/\\\/www.instagram.com\\\/vmsport\\\/\"]}]}<\/script>\n<!-- \/ Yoast SEO plugin. -->","yoast_head_json":{"title":"SRAM Chain connector PowerLock 12 speed Rainbow - VM Sport","robots":{"index":"index","follow":"follow","max-snippet":"max-snippet:-1","max-image-preview":"max-image-preview:large","max-video-preview":"max-video-preview:-1"},"canonical":"https:\/\/vmsport.fi\/sv\/webbutik\/reservdelar\/transmission\/kedjor\/sram-chain-connector-powerlock-12-speed-rainbow\/","og_locale":"sv_SE","og_type":"article","og_title":"SRAM Chain connector PowerLock 12 speed Rainbow - VM Sport","og_description":"SRAM Eagle 12-vaihteisille ketjuille suunniteltu PowerLock-ketjunliitin tekee ketjun asentamisesta helppoa, koska et tarvitse ty\u00f6kaluja. T\u00e4m\u00e4 mahdollistaa nopean ja vaivattoman huollon. PowerLock varmistaa ketjun pehme\u00e4n ja turvallisen toiminnan. Sen kest\u00e4v\u00e4 rakenne on suunniteltu kest\u00e4m\u00e4\u00e4n intensiivist\u00e4 k\u00e4ytt\u00f6\u00e4, mik\u00e4 pident\u00e4\u00e4 tuotteen k\u00e4ytt\u00f6ik\u00e4\u00e4. Erityinen ja tyylik\u00e4s sateenkaaren s\u00e4vyinen viimeistely antaa py\u00f6r\u00e4llesi ainutlaatuisen ilmeen. Jokainen pakkaus sis\u00e4lt\u00e4\u00e4 nelj\u00e4 liitint\u00e4, joten [...]L\u00e4s mer \u2026 from SRAM Chain connector PowerLock 12 speed Rainbow","og_url":"https:\/\/vmsport.fi\/sv\/webbutik\/reservdelar\/transmission\/kedjor\/sram-chain-connector-powerlock-12-speed-rainbow\/","og_site_name":"VM Sport","article_publisher":"https:\/\/www.facebook.com\/Vmsport.fi\/","article_modified_time":"2026-04-22T12:04:41+00:00","og_image":[{"width":800,"height":800,"url":"https:\/\/vmsport.fi\/wp-content\/uploads\/2025\/03\/5pKVJsf8DljtnWlJsYC6TDnGeAKpfqf7I6WNML5LDWCKDwd2FC-1.jpg","type":"image\/jpeg"}],"twitter_card":"summary_large_image","schema":{"@context":"https:\/\/schema.org","@graph":[{"@type":["WebPage","ItemPage"],"@id":"https:\/\/vmsport.fi\/verkkokauppa\/varaosat\/voimansiirto\/ketjut\/sram-chain-connector-powerlock-12-speed-rainbow\/","url":"https:\/\/vmsport.fi\/verkkokauppa\/varaosat\/voimansiirto\/ketjut\/sram-chain-connector-powerlock-12-speed-rainbow\/","name":"SRAM Chain connector PowerLock 12 speed Rainbow - VM Sport","isPartOf":{"@id":"https:\/\/vmsport.fi\/#website"},"primaryImageOfPage":{"@id":"https:\/\/vmsport.fi\/verkkokauppa\/varaosat\/voimansiirto\/ketjut\/sram-chain-connector-powerlock-12-speed-rainbow\/#primaryimage"},"image":{"@id":"https:\/\/vmsport.fi\/verkkokauppa\/varaosat\/voimansiirto\/ketjut\/sram-chain-connector-powerlock-12-speed-rainbow\/#primaryimage"},"thumbnailUrl":"https:\/\/vmsport.fi\/wp-content\/uploads\/2025\/03\/5pKVJsf8DljtnWlJsYC6TDnGeAKpfqf7I6WNML5LDWCKDwd2FC-1.jpg","datePublished":"2025-03-05T21:37:48+00:00","dateModified":"2026-04-22T12:04:41+00:00","breadcrumb":{"@id":"https:\/\/vmsport.fi\/verkkokauppa\/varaosat\/voimansiirto\/ketjut\/sram-chain-connector-powerlock-12-speed-rainbow\/#breadcrumb"},"inLanguage":"sv-SE","potentialAction":[{"@type":"ReadAction","target":["https:\/\/vmsport.fi\/verkkokauppa\/varaosat\/voimansiirto\/ketjut\/sram-chain-connector-powerlock-12-speed-rainbow\/"]}]},{"@type":"ImageObject","inLanguage":"sv-SE","@id":"https:\/\/vmsport.fi\/verkkokauppa\/varaosat\/voimansiirto\/ketjut\/sram-chain-connector-powerlock-12-speed-rainbow\/#primaryimage","url":"https:\/\/vmsport.fi\/wp-content\/uploads\/2025\/03\/5pKVJsf8DljtnWlJsYC6TDnGeAKpfqf7I6WNML5LDWCKDwd2FC-1.jpg","contentUrl":"https:\/\/vmsport.fi\/wp-content\/uploads\/2025\/03\/5pKVJsf8DljtnWlJsYC6TDnGeAKpfqf7I6WNML5LDWCKDwd2FC-1.jpg","width":800,"height":800,"caption":"5pKVJsf8DljtnWlJsYC6TDnGeAKpfqf7I6WNML5LDWCKDwd2FC"},{"@type":"BreadcrumbList","@id":"https:\/\/vmsport.fi\/verkkokauppa\/varaosat\/voimansiirto\/ketjut\/sram-chain-connector-powerlock-12-speed-rainbow\/#breadcrumb","itemListElement":[{"@type":"ListItem","position":1,"name":"Etusivu","item":"https:\/\/vmsport.fi\/"},{"@type":"ListItem","position":2,"name":"Online Store","item":"https:\/\/vmsport.fi\/en\/online-store\/"},{"@type":"ListItem","position":3,"name":"SRAM Chain connector PowerLock 12 speed Rainbow"}]},{"@type":"WebSite","@id":"https:\/\/vmsport.fi\/#website","url":"https:\/\/vmsport.fi\/","name":"Vmsport","description":"Allt p\u00e5 ett st\u00e4lle f\u00f6r cykling","publisher":{"@id":"https:\/\/vmsport.fi\/#organization"},"potentialAction":[{"@type":"SearchAction","target":{"@type":"EntryPoint","urlTemplate":"https:\/\/vmsport.fi\/?s={search_term_string}"},"query-input":{"@type":"PropertyValueSpecification","valueRequired":true,"valueName":"search_term_string"}}],"inLanguage":"sv-SE"},{"@type":"Organization","@id":"https:\/\/vmsport.fi\/#organization","name":"Vmsport","url":"https:\/\/vmsport.fi\/","logo":{"@type":"ImageObject","inLanguage":"sv-SE","@id":"https:\/\/vmsport.fi\/#\/schema\/logo\/image\/","url":"https:\/\/vmsport.fi\/wp-content\/uploads\/2024\/12\/vm_sport_RGB_horisontal-e1734526017575.png","contentUrl":"https:\/\/vmsport.fi\/wp-content\/uploads\/2024\/12\/vm_sport_RGB_horisontal-e1734526017575.png","width":668,"height":85,"caption":"Vmsport"},"image":{"@id":"https:\/\/vmsport.fi\/#\/schema\/logo\/image\/"},"sameAs":["https:\/\/www.facebook.com\/Vmsport.fi\/","https:\/\/www.instagram.com\/vmsport\/"]}]}},"global_unique_id":"","_links":{"self":[{"href":"https:\/\/vmsport.fi\/sv\/wp-json\/wp\/v2\/product\/53153","targetHints":{"allow":["GET"]}}],"collection":[{"href":"https:\/\/vmsport.fi\/sv\/wp-json\/wp\/v2\/product"}],"about":[{"href":"https:\/\/vmsport.fi\/sv\/wp-json\/wp\/v2\/types\/product"}],"replies":[{"embeddable":true,"href":"https:\/\/vmsport.fi\/sv\/wp-json\/wp\/v2\/comments?post=53153"}],"wp:featuredmedia":[{"embeddable":true,"href":"https:\/\/vmsport.fi\/sv\/wp-json\/wp\/v2\/media\/53152"}],"wp:attachment":[{"href":"https:\/\/vmsport.fi\/sv\/wp-json\/wp\/v2\/media?parent=53153"}],"wp:term":[{"taxonomy":"product_brand","embeddable":true,"href":"https:\/\/vmsport.fi\/sv\/wp-json\/wp\/v2\/product_brand?post=53153"},{"taxonomy":"product_model","embeddable":true,"href":"https:\/\/vmsport.fi\/sv\/wp-json\/wp\/v2\/product_model?post=53153"},{"taxonomy":"product_cat","embeddable":true,"href":"https:\/\/vmsport.fi\/sv\/wp-json\/wp\/v2\/product_cat?post=53153"},{"taxonomy":"product_tag","embeddable":true,"href":"https:\/\/vmsport.fi\/sv\/wp-json\/wp\/v2\/product_tag?post=53153"},{"taxonomy":"industry_terminology","embeddable":true,"href":"https:\/\/vmsport.fi\/sv\/wp-json\/wp\/v2\/industry-terminology?post=53153"}],"curies":[{"name":"wp","href":"https:\/\/api.w.org\/{rel}","templated":true}]}}