{"id":53151,"date":"2025-03-05T23:37:47","date_gmt":"2025-03-05T21:37:47","guid":{"rendered":"https:\/\/vmsport.fi\/verkkokauppa\/Ei-luokiteltu\/trek-fx-3-equipped-galactic-grey\/"},"modified":"2026-01-16T13:27:49","modified_gmt":"2026-01-16T11:27:49","slug":"trek-fx-3-utrustad-galaktisk-gra","status":"publish","type":"product","link":"https:\/\/vmsport.fi\/sv\/verkkokauppa\/polkupyorat\/kaupunki-ja-hybridipyorat\/hybridit\/trek-fx-3-equipped-galactic-grey\/","title":{"rendered":"Trek FX 3 utrustad - GALAKTISK GR\u00c5"},"content":{"rendered":"<p>Trek FX 3 Equipped-cykeln i galaxgr\u00e5tt \u00e4r en hybrid som kombinerar stil och m\u00e5ngsidighet. Den h\u00e4r cykeln \u00e4r perfekt f\u00f6r vardagsanv\u00e4ndning. Den \u00e4r utrustad med bagageh\u00e5llare och st\u00e4nksk\u00e4rmar f\u00f6r en bekv\u00e4m k\u00f6rupplevelse. Den l\u00e4tta och h\u00e5llbara ramen och skivbromsarna garanterar p\u00e5litlig och s\u00e4ker prestanda.<\/p>","protected":false},"excerpt":{"rendered":"<p>Monipuolinen hybridipy\u00f6r\u00e4, joka on t\u00e4ysin varusteltu kadulle valmiiksi. [&#8230;]<\/p>\n<p><a class=\"btn btn-secondary understrap-read-more-link\" href=\"https:\/\/vmsport.fi\/sv\/verkkokauppa\/polkupyorat\/kaupunki-ja-hybridipyorat\/hybridit\/trek-fx-3-equipped-galactic-grey\/\">L\u00e4s mer \u2026<span class=\"screen-reader-text\"> from Trek FX 3 Equipped &#8211; GALACTIC GREY<\/span><\/a><\/p>\n","protected":false},"featured_media":53150,"comment_status":"open","ping_status":"closed","template":"","meta":{"_acf_changed":false,"_improvement_type_select":"improve_an_existing","_thumb_yes_seoaic":false,"_frame_yes_seoaic":false,"seoaic_generate_description":"","seoaic_improve_instructions_prompt":"","seoaic_rollback_content_improvement":"","seoaic_idea_thumbnail_generator":"","thumbnail_generated":false,"thumbnail_generate_prompt":"","seoaic_article_description":"","_supplier_stock_quantity":0},"product_brand":[37],"product_model":[],"product_cat":[9398],"product_tag":[],"industry-terminology":[],"class_list":{"0":"post-53151","1":"product","2":"type-product","3":"status-publish","4":"has-post-thumbnail","6":"product_brand-trek","7":"product_cat-hybridit","9":"first","10":"onbackorder","11":"taxable","12":"shipping-taxable","13":"purchasable","14":"product-type-variable"},"acf":{"bike_features":[{"image":"https:\/\/media.trekbikes.com\/image\/upload\/w_768,c_pad,f_auto,fl_progressive:semi,q_auto\/ShimanoCues_techfeature_16x9_31Jan2022","header":"Shimano CUES","description":"Hinta-laatusuhteeltaan erinomainen Shimano CUES pit\u00e4\u00e4 ajosi sujuvana ja luotettavana taaten pitk\u00e4n k\u00e4ytt\u00f6i\u00e4n ja miellytt\u00e4v\u00e4n ajokokemuksen."},{"image":"https:\/\/media.trekbikes.com\/image\/upload\/w_768,c_pad,f_auto,fl_progressive:semi,q_auto\/ShimanoLinkGlide_techfeature_16x9_31Jan2022","header":"Shimano LINKGLIDE","description":"T\u00e4m\u00e4 teknologia tuo voimaa ja kest\u00e4vyytt\u00e4 ajokokemukseen kallistamatta vaakaa mukavuutta ja kitkaa rajoittavien muutosten tielt\u00e4."},{"image":"https:\/\/media.trekbikes.com\/image\/upload\/w_768,c_pad,f_auto,fl_progressive:semi,q_auto\/TK23_Kovee_Line_Pedals_Tech_Features_Primary_13_Upgrade_your_pedals","header":"Vaihda polkimesi parempiin","description":"Paranna ajoasentoasi ja hallintaasi vaihtamalla parempaan poljinmalliin. Tutustu suosituksiimme, jotka takaavat ajotyyliisi parhaiten sopivat tulokset."}],"overview":{"copy_overview":[{"overview":"FX 3 Equipped hybridipy\u00f6r\u00e4 yhdist\u00e4\u00e4 tyylin, suorituskyvyn ja k\u00e4yt\u00e4nn\u00f6llisyyden parhaalla mahdollisella tavalla. Keve\u00e4 ja kest\u00e4v\u00e4 alumiinirunko, hiilikuituhaarukka ja huolellisesti valitut varusteet tekev\u00e4t t\u00e4st\u00e4 py\u00f6r\u00e4st\u00e4 t\u00e4ydellisen sek\u00e4 ty\u00f6matkoille ett\u00e4 tutkimusretkille."},{"overview":"Monipuolinen ja mukautuva: Luotettava 1x-voimansiirto takaa sujuvan ajoel\u00e4myksen vaihtelevassa maastossa tarjoamalla kaiken tarpeellisen ja j\u00e4tt\u00e4m\u00e4ll\u00e4 turhan pois."}],"key_features":[{"feature":"Varusteltu t\u00e4rkeimmill\u00e4 tarvikkeilla kuten valot, lokasuojat ja takatarakka."},{"feature":"Kevyt alumiinirunko ja hiilikuituhaarukka tarjoavat luotettavan ja ketter\u00e4n ajokokemuksen."},{"feature":"Hydrauliset levyjarrut takaavat luotettavan pys\u00e4ytysvoiman kaikissa olosuhteissa."},{"feature":"Yksinkertainen ja tehokas 1x-voimansiirto mahdollistaa sujuvat vaihdot."},{"feature":"Elinik\u00e4inen takuu tuo ajomielenrauhaa."}],"statement":"Tyylik\u00e4st\u00e4 monipuolisuutta jokaiseen ajoon.","youtube_url":""}},"yoast_head":"<!-- This site is optimized with the Yoast SEO plugin v27.3 - https:\/\/yoast.com\/product\/yoast-seo-wordpress\/ -->\n<title>Trek FX 3 Equipped - GALACTIC GREY - VM Sport<\/title>\n<meta name=\"robots\" content=\"index, follow, max-snippet:-1, max-image-preview:large, max-video-preview:-1\" \/>\n<link rel=\"canonical\" href=\"https:\/\/vmsport.fi\/sv\/webbutik\/cyklar\/stads-och-hybridcyklar\/hybrider\/trek-fx-3-utrustad-galaktisk-gra\/\" \/>\n<meta property=\"og:locale\" content=\"sv_SE\" \/>\n<meta property=\"og:type\" content=\"article\" \/>\n<meta property=\"og:title\" content=\"Trek FX 3 Equipped - GALACTIC GREY - VM Sport\" \/>\n<meta property=\"og:description\" content=\"Monipuolinen hybridipy\u00f6r\u00e4, joka on t\u00e4ysin varusteltu kadulle valmiiksi. [...]L\u00e4s mer \u2026 from Trek FX 3 Equipped &#8211; GALACTIC GREY\" \/>\n<meta property=\"og:url\" content=\"https:\/\/vmsport.fi\/sv\/webbutik\/cyklar\/stads-och-hybridcyklar\/hybrider\/trek-fx-3-utrustad-galaktisk-gra\/\" \/>\n<meta property=\"og:site_name\" content=\"VM Sport\" \/>\n<meta property=\"article:publisher\" content=\"https:\/\/www.facebook.com\/Vmsport.fi\/\" \/>\n<meta property=\"article:modified_time\" content=\"2026-01-16T11:27:49+00:00\" \/>\n<meta property=\"og:image\" content=\"https:\/\/vmsport.fi\/wp-content\/uploads\/2025\/03\/dYiGFim49mf7Ns10LJ14vIi1rdzdhPhoRCIlSIaShUfQ8cnekR-1.jpg\" \/>\n\t<meta property=\"og:image:width\" content=\"1000\" \/>\n\t<meta property=\"og:image:height\" content=\"595\" \/>\n\t<meta property=\"og:image:type\" content=\"image\/jpeg\" \/>\n<meta name=\"twitter:card\" content=\"summary_large_image\" \/>\n<script type=\"application\/ld+json\" class=\"yoast-schema-graph\">{\"@context\":\"https:\\\/\\\/schema.org\",\"@graph\":[{\"@type\":[\"WebPage\",\"ItemPage\"],\"@id\":\"https:\\\/\\\/vmsport.fi\\\/verkkokauppa\\\/polkupyorat\\\/kaupunki-ja-hybridipyorat\\\/hybridit\\\/trek-fx-3-equipped-galactic-grey\\\/\",\"url\":\"https:\\\/\\\/vmsport.fi\\\/verkkokauppa\\\/polkupyorat\\\/kaupunki-ja-hybridipyorat\\\/hybridit\\\/trek-fx-3-equipped-galactic-grey\\\/\",\"name\":\"Trek FX 3 Equipped - GALACTIC GREY - VM Sport\",\"isPartOf\":{\"@id\":\"https:\\\/\\\/vmsport.fi\\\/#website\"},\"primaryImageOfPage\":{\"@id\":\"https:\\\/\\\/vmsport.fi\\\/verkkokauppa\\\/polkupyorat\\\/kaupunki-ja-hybridipyorat\\\/hybridit\\\/trek-fx-3-equipped-galactic-grey\\\/#primaryimage\"},\"image\":{\"@id\":\"https:\\\/\\\/vmsport.fi\\\/verkkokauppa\\\/polkupyorat\\\/kaupunki-ja-hybridipyorat\\\/hybridit\\\/trek-fx-3-equipped-galactic-grey\\\/#primaryimage\"},\"thumbnailUrl\":\"https:\\\/\\\/vmsport.fi\\\/wp-content\\\/uploads\\\/2025\\\/03\\\/dYiGFim49mf7Ns10LJ14vIi1rdzdhPhoRCIlSIaShUfQ8cnekR-1.jpg\",\"datePublished\":\"2025-03-05T21:37:47+00:00\",\"dateModified\":\"2026-01-16T11:27:49+00:00\",\"breadcrumb\":{\"@id\":\"https:\\\/\\\/vmsport.fi\\\/verkkokauppa\\\/polkupyorat\\\/kaupunki-ja-hybridipyorat\\\/hybridit\\\/trek-fx-3-equipped-galactic-grey\\\/#breadcrumb\"},\"inLanguage\":\"sv-SE\",\"potentialAction\":[{\"@type\":\"ReadAction\",\"target\":[\"https:\\\/\\\/vmsport.fi\\\/verkkokauppa\\\/polkupyorat\\\/kaupunki-ja-hybridipyorat\\\/hybridit\\\/trek-fx-3-equipped-galactic-grey\\\/\"]}]},{\"@type\":\"ImageObject\",\"inLanguage\":\"sv-SE\",\"@id\":\"https:\\\/\\\/vmsport.fi\\\/verkkokauppa\\\/polkupyorat\\\/kaupunki-ja-hybridipyorat\\\/hybridit\\\/trek-fx-3-equipped-galactic-grey\\\/#primaryimage\",\"url\":\"https:\\\/\\\/vmsport.fi\\\/wp-content\\\/uploads\\\/2025\\\/03\\\/dYiGFim49mf7Ns10LJ14vIi1rdzdhPhoRCIlSIaShUfQ8cnekR-1.jpg\",\"contentUrl\":\"https:\\\/\\\/vmsport.fi\\\/wp-content\\\/uploads\\\/2025\\\/03\\\/dYiGFim49mf7Ns10LJ14vIi1rdzdhPhoRCIlSIaShUfQ8cnekR-1.jpg\",\"width\":1000,\"height\":595,\"caption\":\"dYiGFim49mf7Ns10LJ14vIi1rdzdhPhoRCIlSIaShUfQ8cnekR\"},{\"@type\":\"BreadcrumbList\",\"@id\":\"https:\\\/\\\/vmsport.fi\\\/verkkokauppa\\\/polkupyorat\\\/kaupunki-ja-hybridipyorat\\\/hybridit\\\/trek-fx-3-equipped-galactic-grey\\\/#breadcrumb\",\"itemListElement\":[{\"@type\":\"ListItem\",\"position\":1,\"name\":\"Etusivu\",\"item\":\"https:\\\/\\\/vmsport.fi\\\/\"},{\"@type\":\"ListItem\",\"position\":2,\"name\":\"Online Store\",\"item\":\"https:\\\/\\\/vmsport.fi\\\/en\\\/online-store\\\/\"},{\"@type\":\"ListItem\",\"position\":3,\"name\":\"Trek polkupy\u00f6r\u00e4t\",\"item\":\"https:\\\/\\\/vmsport.fi\\\/sv\\\/merkki\\\/trek\\\/\"},{\"@type\":\"ListItem\",\"position\":4,\"name\":\"Trek FX 3 Equipped &#8211; GALACTIC GREY\"}]},{\"@type\":\"WebSite\",\"@id\":\"https:\\\/\\\/vmsport.fi\\\/#website\",\"url\":\"https:\\\/\\\/vmsport.fi\\\/\",\"name\":\"Vmsport\",\"description\":\"Kaikki py\u00f6r\u00e4ilyyn yhdest\u00e4 paikasta\",\"publisher\":{\"@id\":\"https:\\\/\\\/vmsport.fi\\\/#organization\"},\"potentialAction\":[{\"@type\":\"SearchAction\",\"target\":{\"@type\":\"EntryPoint\",\"urlTemplate\":\"https:\\\/\\\/vmsport.fi\\\/?s={search_term_string}\"},\"query-input\":{\"@type\":\"PropertyValueSpecification\",\"valueRequired\":true,\"valueName\":\"search_term_string\"}}],\"inLanguage\":\"sv-SE\"},{\"@type\":\"Organization\",\"@id\":\"https:\\\/\\\/vmsport.fi\\\/#organization\",\"name\":\"Vmsport\",\"url\":\"https:\\\/\\\/vmsport.fi\\\/\",\"logo\":{\"@type\":\"ImageObject\",\"inLanguage\":\"sv-SE\",\"@id\":\"https:\\\/\\\/vmsport.fi\\\/#\\\/schema\\\/logo\\\/image\\\/\",\"url\":\"https:\\\/\\\/vmsport.fi\\\/wp-content\\\/uploads\\\/2024\\\/12\\\/vm_sport_RGB_horisontal-e1734526017575.png\",\"contentUrl\":\"https:\\\/\\\/vmsport.fi\\\/wp-content\\\/uploads\\\/2024\\\/12\\\/vm_sport_RGB_horisontal-e1734526017575.png\",\"width\":668,\"height\":85,\"caption\":\"Vmsport\"},\"image\":{\"@id\":\"https:\\\/\\\/vmsport.fi\\\/#\\\/schema\\\/logo\\\/image\\\/\"},\"sameAs\":[\"https:\\\/\\\/www.facebook.com\\\/Vmsport.fi\\\/\",\"https:\\\/\\\/www.instagram.com\\\/vmsport\\\/\"]}]}<\/script>\n<!-- \/ Yoast SEO plugin. -->","yoast_head_json":{"title":"Trek FX 3 utrustad - GALAKTISK GR\u00c5 - VM Sport","robots":{"index":"index","follow":"follow","max-snippet":"max-snippet:-1","max-image-preview":"max-image-preview:large","max-video-preview":"max-video-preview:-1"},"canonical":"https:\/\/vmsport.fi\/sv\/webbutik\/cyklar\/stads-och-hybridcyklar\/hybrider\/trek-fx-3-utrustad-galaktisk-gra\/","og_locale":"sv_SE","og_type":"article","og_title":"Trek FX 3 Equipped - GALACTIC GREY - VM Sport","og_description":"Monipuolinen hybridipy\u00f6r\u00e4, joka on t\u00e4ysin varusteltu kadulle valmiiksi. [...]L\u00e4s mer \u2026 from Trek FX 3 Equipped &#8211; GALACTIC GREY","og_url":"https:\/\/vmsport.fi\/sv\/webbutik\/cyklar\/stads-och-hybridcyklar\/hybrider\/trek-fx-3-utrustad-galaktisk-gra\/","og_site_name":"VM Sport","article_publisher":"https:\/\/www.facebook.com\/Vmsport.fi\/","article_modified_time":"2026-01-16T11:27:49+00:00","og_image":[{"width":1000,"height":595,"url":"https:\/\/vmsport.fi\/wp-content\/uploads\/2025\/03\/dYiGFim49mf7Ns10LJ14vIi1rdzdhPhoRCIlSIaShUfQ8cnekR-1.jpg","type":"image\/jpeg"}],"twitter_card":"summary_large_image","schema":{"@context":"https:\/\/schema.org","@graph":[{"@type":["WebPage","ItemPage"],"@id":"https:\/\/vmsport.fi\/verkkokauppa\/polkupyorat\/kaupunki-ja-hybridipyorat\/hybridit\/trek-fx-3-equipped-galactic-grey\/","url":"https:\/\/vmsport.fi\/verkkokauppa\/polkupyorat\/kaupunki-ja-hybridipyorat\/hybridit\/trek-fx-3-equipped-galactic-grey\/","name":"Trek FX 3 utrustad - GALAKTISK GR\u00c5 - VM Sport","isPartOf":{"@id":"https:\/\/vmsport.fi\/#website"},"primaryImageOfPage":{"@id":"https:\/\/vmsport.fi\/verkkokauppa\/polkupyorat\/kaupunki-ja-hybridipyorat\/hybridit\/trek-fx-3-equipped-galactic-grey\/#primaryimage"},"image":{"@id":"https:\/\/vmsport.fi\/verkkokauppa\/polkupyorat\/kaupunki-ja-hybridipyorat\/hybridit\/trek-fx-3-equipped-galactic-grey\/#primaryimage"},"thumbnailUrl":"https:\/\/vmsport.fi\/wp-content\/uploads\/2025\/03\/dYiGFim49mf7Ns10LJ14vIi1rdzdhPhoRCIlSIaShUfQ8cnekR-1.jpg","datePublished":"2025-03-05T21:37:47+00:00","dateModified":"2026-01-16T11:27:49+00:00","breadcrumb":{"@id":"https:\/\/vmsport.fi\/verkkokauppa\/polkupyorat\/kaupunki-ja-hybridipyorat\/hybridit\/trek-fx-3-equipped-galactic-grey\/#breadcrumb"},"inLanguage":"sv-SE","potentialAction":[{"@type":"ReadAction","target":["https:\/\/vmsport.fi\/verkkokauppa\/polkupyorat\/kaupunki-ja-hybridipyorat\/hybridit\/trek-fx-3-equipped-galactic-grey\/"]}]},{"@type":"ImageObject","inLanguage":"sv-SE","@id":"https:\/\/vmsport.fi\/verkkokauppa\/polkupyorat\/kaupunki-ja-hybridipyorat\/hybridit\/trek-fx-3-equipped-galactic-grey\/#primaryimage","url":"https:\/\/vmsport.fi\/wp-content\/uploads\/2025\/03\/dYiGFim49mf7Ns10LJ14vIi1rdzdhPhoRCIlSIaShUfQ8cnekR-1.jpg","contentUrl":"https:\/\/vmsport.fi\/wp-content\/uploads\/2025\/03\/dYiGFim49mf7Ns10LJ14vIi1rdzdhPhoRCIlSIaShUfQ8cnekR-1.jpg","width":1000,"height":595,"caption":"dYiGFim49mf7Ns10LJ14vIi1rdzdhPhoRCIlSIaShUfQ8cnekR"},{"@type":"BreadcrumbList","@id":"https:\/\/vmsport.fi\/verkkokauppa\/polkupyorat\/kaupunki-ja-hybridipyorat\/hybridit\/trek-fx-3-equipped-galactic-grey\/#breadcrumb","itemListElement":[{"@type":"ListItem","position":1,"name":"Etusivu","item":"https:\/\/vmsport.fi\/"},{"@type":"ListItem","position":2,"name":"Online Store","item":"https:\/\/vmsport.fi\/en\/online-store\/"},{"@type":"ListItem","position":3,"name":"Trek polkupy\u00f6r\u00e4t","item":"https:\/\/vmsport.fi\/sv\/merkki\/trek\/"},{"@type":"ListItem","position":4,"name":"Trek FX 3 Equipped &#8211; GALACTIC GREY"}]},{"@type":"WebSite","@id":"https:\/\/vmsport.fi\/#website","url":"https:\/\/vmsport.fi\/","name":"Vmsport","description":"Allt p\u00e5 ett st\u00e4lle f\u00f6r cykling","publisher":{"@id":"https:\/\/vmsport.fi\/#organization"},"potentialAction":[{"@type":"SearchAction","target":{"@type":"EntryPoint","urlTemplate":"https:\/\/vmsport.fi\/?s={search_term_string}"},"query-input":{"@type":"PropertyValueSpecification","valueRequired":true,"valueName":"search_term_string"}}],"inLanguage":"sv-SE"},{"@type":"Organization","@id":"https:\/\/vmsport.fi\/#organization","name":"Vmsport","url":"https:\/\/vmsport.fi\/","logo":{"@type":"ImageObject","inLanguage":"sv-SE","@id":"https:\/\/vmsport.fi\/#\/schema\/logo\/image\/","url":"https:\/\/vmsport.fi\/wp-content\/uploads\/2024\/12\/vm_sport_RGB_horisontal-e1734526017575.png","contentUrl":"https:\/\/vmsport.fi\/wp-content\/uploads\/2024\/12\/vm_sport_RGB_horisontal-e1734526017575.png","width":668,"height":85,"caption":"Vmsport"},"image":{"@id":"https:\/\/vmsport.fi\/#\/schema\/logo\/image\/"},"sameAs":["https:\/\/www.facebook.com\/Vmsport.fi\/","https:\/\/www.instagram.com\/vmsport\/"]}]}},"global_unique_id":"","_links":{"self":[{"href":"https:\/\/vmsport.fi\/sv\/wp-json\/wp\/v2\/product\/53151","targetHints":{"allow":["GET"]}}],"collection":[{"href":"https:\/\/vmsport.fi\/sv\/wp-json\/wp\/v2\/product"}],"about":[{"href":"https:\/\/vmsport.fi\/sv\/wp-json\/wp\/v2\/types\/product"}],"replies":[{"embeddable":true,"href":"https:\/\/vmsport.fi\/sv\/wp-json\/wp\/v2\/comments?post=53151"}],"wp:featuredmedia":[{"embeddable":true,"href":"https:\/\/vmsport.fi\/sv\/wp-json\/wp\/v2\/media\/53150"}],"wp:attachment":[{"href":"https:\/\/vmsport.fi\/sv\/wp-json\/wp\/v2\/media?parent=53151"}],"wp:term":[{"taxonomy":"product_brand","embeddable":true,"href":"https:\/\/vmsport.fi\/sv\/wp-json\/wp\/v2\/product_brand?post=53151"},{"taxonomy":"product_model","embeddable":true,"href":"https:\/\/vmsport.fi\/sv\/wp-json\/wp\/v2\/product_model?post=53151"},{"taxonomy":"product_cat","embeddable":true,"href":"https:\/\/vmsport.fi\/sv\/wp-json\/wp\/v2\/product_cat?post=53151"},{"taxonomy":"product_tag","embeddable":true,"href":"https:\/\/vmsport.fi\/sv\/wp-json\/wp\/v2\/product_tag?post=53151"},{"taxonomy":"industry_terminology","embeddable":true,"href":"https:\/\/vmsport.fi\/sv\/wp-json\/wp\/v2\/industry-terminology?post=53151"}],"curies":[{"name":"wp","href":"https:\/\/api.w.org\/{rel}","templated":true}]}}