{"id":53149,"date":"2025-03-05T23:37:46","date_gmt":"2025-03-05T21:37:46","guid":{"rendered":"https:\/\/vmsport.fi\/verkkokauppa\/Ei-luokiteltu\/flight-jacket-mttblk-w-prizmtrailtorch\/"},"modified":"2026-01-16T13:22:51","modified_gmt":"2026-01-16T11:22:51","slug":"flygjacka-mttblk-w-prizmtrailtorch","status":"publish","type":"product","link":"https:\/\/vmsport.fi\/sv\/verkkokauppa\/ajovarusteet\/ajolasit\/flight-jacket-mttblk-w-prizmtrailtorch\/","title":{"rendered":"Flight Jacket MttBlk med PRIZMTrailTorch"},"content":{"rendered":"<p>Flight Jacket MttBlk PRIZMTrailTorch-solglas\u00f6gon kombinerar innovativ design med banbrytande teknik. Den ansiktsf\u00f6rb\u00e4ttrande designen s\u00e4kerst\u00e4ller optimalt luftfl\u00f6de och f\u00f6rhindrar att linserna immar igen \u00e4ven under kr\u00e4vande f\u00f6rh\u00e5llanden. PRIZM-linstekniken f\u00f6rst\u00e4rker kontrasterna, vilket g\u00f6r att omgivningen ser mer levande ut och detaljer framtr\u00e4der tydligare n\u00e4r du r\u00f6r dig ute i naturen. Den l\u00e4tta och t\u00e5liga b\u00e5gen ger en bekv\u00e4m passform \u00e4ven under l\u00e5nga resor, vilket g\u00f6r dessa glas\u00f6gon idealiska f\u00f6r aktiva utomhuscyklister.<\/p>","protected":false},"excerpt":{"rendered":"<p>Flight Jacket MttBlk PRIZMTrailTorch -aurinkolasit yhdist\u00e4v\u00e4t innovatiivisen muotoilun ja huipputeknologiaa. Kasvojen suorituskyky\u00e4 parantava rakenne takaa optimaalisen ilmanvirtauksen, mik\u00e4 est\u00e4\u00e4 linssien huurtumisen vaativissakin olosuhteissa. PRIZM-linssitekniikka korostaa kontrasteja, mink\u00e4 ansiosta ymp\u00e4rist\u00f6 n\u00e4ytt\u00e4\u00e4 eloisammalta ja yksityiskohdat erottuvat selke\u00e4mmin luonnossa liikuttaessa. Kevyt ja kest\u00e4v\u00e4 kehys tarjoaa miellytt\u00e4v\u00e4n istuvuuden pitkienkin matkojen aikana, mik\u00e4 tekee n\u00e4ist\u00e4 laseista ihanteelliset aktiivisille ulkoilijoille. [&#8230;]<\/p>\n<p><a class=\"btn btn-secondary understrap-read-more-link\" href=\"https:\/\/vmsport.fi\/sv\/verkkokauppa\/ajovarusteet\/ajolasit\/flight-jacket-mttblk-w-prizmtrailtorch\/\">L\u00e4s mer \u2026<span class=\"screen-reader-text\"> from Flight Jacket MttBlk w\/ PRIZMTrailTorch<\/span><\/a><\/p>\n","protected":false},"featured_media":53147,"comment_status":"open","ping_status":"closed","template":"","meta":{"_acf_changed":false,"_improvement_type_select":"improve_an_existing","_thumb_yes_seoaic":false,"_frame_yes_seoaic":false,"seoaic_generate_description":"","seoaic_improve_instructions_prompt":"","seoaic_rollback_content_improvement":"","seoaic_idea_thumbnail_generator":"","thumbnail_generated":false,"thumbnail_generate_prompt":"","seoaic_article_description":"","_supplier_stock_quantity":0},"product_brand":[],"product_model":[],"product_cat":[9280],"product_tag":[],"industry-terminology":[],"class_list":{"0":"post-53149","1":"product","2":"type-product","3":"status-publish","4":"has-post-thumbnail","6":"product_cat-ajolasit","8":"first","9":"outofstock","10":"taxable","11":"shipping-taxable","12":"product-type-simple"},"acf":{"bike_features":null,"overview":{"copy_overview":null,"key_features":null,"statement":"","youtube_url":""}},"yoast_head":"<!-- This site is optimized with the Yoast SEO plugin v27.3 - https:\/\/yoast.com\/product\/yoast-seo-wordpress\/ -->\n<title>Flight Jacket MttBlk w\/ PRIZMTrailTorch - VM Sport<\/title>\n<meta name=\"robots\" content=\"index, follow, max-snippet:-1, max-image-preview:large, max-video-preview:-1\" \/>\n<link rel=\"canonical\" href=\"https:\/\/vmsport.fi\/sv\/webbutik\/korutrustning\/drivande-glasogon\/flygjacka-mttblk-w-prizmtrailtorch\/\" \/>\n<meta property=\"og:locale\" content=\"sv_SE\" \/>\n<meta property=\"og:type\" content=\"article\" \/>\n<meta property=\"og:title\" content=\"Flight Jacket MttBlk w\/ PRIZMTrailTorch - VM Sport\" \/>\n<meta property=\"og:description\" content=\"Flight Jacket MttBlk PRIZMTrailTorch -aurinkolasit yhdist\u00e4v\u00e4t innovatiivisen muotoilun ja huipputeknologiaa. Kasvojen suorituskyky\u00e4 parantava rakenne takaa optimaalisen ilmanvirtauksen, mik\u00e4 est\u00e4\u00e4 linssien huurtumisen vaativissakin olosuhteissa. PRIZM-linssitekniikka korostaa kontrasteja, mink\u00e4 ansiosta ymp\u00e4rist\u00f6 n\u00e4ytt\u00e4\u00e4 eloisammalta ja yksityiskohdat erottuvat selke\u00e4mmin luonnossa liikuttaessa. Kevyt ja kest\u00e4v\u00e4 kehys tarjoaa miellytt\u00e4v\u00e4n istuvuuden pitkienkin matkojen aikana, mik\u00e4 tekee n\u00e4ist\u00e4 laseista ihanteelliset aktiivisille ulkoilijoille. [...]L\u00e4s mer \u2026 from Flight Jacket MttBlk w\/ PRIZMTrailTorch\" \/>\n<meta property=\"og:url\" content=\"https:\/\/vmsport.fi\/sv\/webbutik\/korutrustning\/drivande-glasogon\/flygjacka-mttblk-w-prizmtrailtorch\/\" \/>\n<meta property=\"og:site_name\" content=\"VM Sport\" \/>\n<meta property=\"article:publisher\" content=\"https:\/\/www.facebook.com\/Vmsport.fi\/\" \/>\n<meta property=\"article:modified_time\" content=\"2026-01-16T11:22:51+00:00\" \/>\n<meta property=\"og:image\" content=\"https:\/\/vmsport.fi\/wp-content\/uploads\/2025\/03\/53de3efb-9035-49a8-8e83-53d6a0728e49-1.jpg\" \/>\n\t<meta property=\"og:image:width\" content=\"1000\" \/>\n\t<meta property=\"og:image:height\" content=\"600\" \/>\n\t<meta property=\"og:image:type\" content=\"image\/jpeg\" \/>\n<meta name=\"twitter:card\" content=\"summary_large_image\" \/>\n<script type=\"application\/ld+json\" class=\"yoast-schema-graph\">{\"@context\":\"https:\\\/\\\/schema.org\",\"@graph\":[{\"@type\":[\"WebPage\",\"ItemPage\"],\"@id\":\"https:\\\/\\\/vmsport.fi\\\/verkkokauppa\\\/ajovarusteet\\\/ajolasit\\\/flight-jacket-mttblk-w-prizmtrailtorch\\\/\",\"url\":\"https:\\\/\\\/vmsport.fi\\\/verkkokauppa\\\/ajovarusteet\\\/ajolasit\\\/flight-jacket-mttblk-w-prizmtrailtorch\\\/\",\"name\":\"Flight Jacket MttBlk w\\\/ PRIZMTrailTorch - VM Sport\",\"isPartOf\":{\"@id\":\"https:\\\/\\\/vmsport.fi\\\/#website\"},\"primaryImageOfPage\":{\"@id\":\"https:\\\/\\\/vmsport.fi\\\/verkkokauppa\\\/ajovarusteet\\\/ajolasit\\\/flight-jacket-mttblk-w-prizmtrailtorch\\\/#primaryimage\"},\"image\":{\"@id\":\"https:\\\/\\\/vmsport.fi\\\/verkkokauppa\\\/ajovarusteet\\\/ajolasit\\\/flight-jacket-mttblk-w-prizmtrailtorch\\\/#primaryimage\"},\"thumbnailUrl\":\"https:\\\/\\\/vmsport.fi\\\/wp-content\\\/uploads\\\/2025\\\/03\\\/53de3efb-9035-49a8-8e83-53d6a0728e49-1.jpg\",\"datePublished\":\"2025-03-05T21:37:46+00:00\",\"dateModified\":\"2026-01-16T11:22:51+00:00\",\"breadcrumb\":{\"@id\":\"https:\\\/\\\/vmsport.fi\\\/verkkokauppa\\\/ajovarusteet\\\/ajolasit\\\/flight-jacket-mttblk-w-prizmtrailtorch\\\/#breadcrumb\"},\"inLanguage\":\"sv-SE\",\"potentialAction\":[{\"@type\":\"ReadAction\",\"target\":[\"https:\\\/\\\/vmsport.fi\\\/verkkokauppa\\\/ajovarusteet\\\/ajolasit\\\/flight-jacket-mttblk-w-prizmtrailtorch\\\/\"]}]},{\"@type\":\"ImageObject\",\"inLanguage\":\"sv-SE\",\"@id\":\"https:\\\/\\\/vmsport.fi\\\/verkkokauppa\\\/ajovarusteet\\\/ajolasit\\\/flight-jacket-mttblk-w-prizmtrailtorch\\\/#primaryimage\",\"url\":\"https:\\\/\\\/vmsport.fi\\\/wp-content\\\/uploads\\\/2025\\\/03\\\/53de3efb-9035-49a8-8e83-53d6a0728e49-1.jpg\",\"contentUrl\":\"https:\\\/\\\/vmsport.fi\\\/wp-content\\\/uploads\\\/2025\\\/03\\\/53de3efb-9035-49a8-8e83-53d6a0728e49-1.jpg\",\"width\":1000,\"height\":600,\"caption\":\"53de3efb-9035-49a8-8e83-53d6a0728e49\"},{\"@type\":\"BreadcrumbList\",\"@id\":\"https:\\\/\\\/vmsport.fi\\\/verkkokauppa\\\/ajovarusteet\\\/ajolasit\\\/flight-jacket-mttblk-w-prizmtrailtorch\\\/#breadcrumb\",\"itemListElement\":[{\"@type\":\"ListItem\",\"position\":1,\"name\":\"Etusivu\",\"item\":\"https:\\\/\\\/vmsport.fi\\\/\"},{\"@type\":\"ListItem\",\"position\":2,\"name\":\"Online Store\",\"item\":\"https:\\\/\\\/vmsport.fi\\\/en\\\/online-store\\\/\"},{\"@type\":\"ListItem\",\"position\":3,\"name\":\"Flight Jacket MttBlk w\\\/ PRIZMTrailTorch\"}]},{\"@type\":\"WebSite\",\"@id\":\"https:\\\/\\\/vmsport.fi\\\/#website\",\"url\":\"https:\\\/\\\/vmsport.fi\\\/\",\"name\":\"Vmsport\",\"description\":\"Kaikki py\u00f6r\u00e4ilyyn yhdest\u00e4 paikasta\",\"publisher\":{\"@id\":\"https:\\\/\\\/vmsport.fi\\\/#organization\"},\"potentialAction\":[{\"@type\":\"SearchAction\",\"target\":{\"@type\":\"EntryPoint\",\"urlTemplate\":\"https:\\\/\\\/vmsport.fi\\\/?s={search_term_string}\"},\"query-input\":{\"@type\":\"PropertyValueSpecification\",\"valueRequired\":true,\"valueName\":\"search_term_string\"}}],\"inLanguage\":\"sv-SE\"},{\"@type\":\"Organization\",\"@id\":\"https:\\\/\\\/vmsport.fi\\\/#organization\",\"name\":\"Vmsport\",\"url\":\"https:\\\/\\\/vmsport.fi\\\/\",\"logo\":{\"@type\":\"ImageObject\",\"inLanguage\":\"sv-SE\",\"@id\":\"https:\\\/\\\/vmsport.fi\\\/#\\\/schema\\\/logo\\\/image\\\/\",\"url\":\"https:\\\/\\\/vmsport.fi\\\/wp-content\\\/uploads\\\/2024\\\/12\\\/vm_sport_RGB_horisontal-e1734526017575.png\",\"contentUrl\":\"https:\\\/\\\/vmsport.fi\\\/wp-content\\\/uploads\\\/2024\\\/12\\\/vm_sport_RGB_horisontal-e1734526017575.png\",\"width\":668,\"height\":85,\"caption\":\"Vmsport\"},\"image\":{\"@id\":\"https:\\\/\\\/vmsport.fi\\\/#\\\/schema\\\/logo\\\/image\\\/\"},\"sameAs\":[\"https:\\\/\\\/www.facebook.com\\\/Vmsport.fi\\\/\",\"https:\\\/\\\/www.instagram.com\\\/vmsport\\\/\"]}]}<\/script>\n<!-- \/ Yoast SEO plugin. -->","yoast_head_json":{"title":"Flight Jacket MttBlk med PRIZMTrailTorch - VM Sport","robots":{"index":"index","follow":"follow","max-snippet":"max-snippet:-1","max-image-preview":"max-image-preview:large","max-video-preview":"max-video-preview:-1"},"canonical":"https:\/\/vmsport.fi\/sv\/webbutik\/korutrustning\/drivande-glasogon\/flygjacka-mttblk-w-prizmtrailtorch\/","og_locale":"sv_SE","og_type":"article","og_title":"Flight Jacket MttBlk w\/ PRIZMTrailTorch - VM Sport","og_description":"Flight Jacket MttBlk PRIZMTrailTorch -aurinkolasit yhdist\u00e4v\u00e4t innovatiivisen muotoilun ja huipputeknologiaa. Kasvojen suorituskyky\u00e4 parantava rakenne takaa optimaalisen ilmanvirtauksen, mik\u00e4 est\u00e4\u00e4 linssien huurtumisen vaativissakin olosuhteissa. PRIZM-linssitekniikka korostaa kontrasteja, mink\u00e4 ansiosta ymp\u00e4rist\u00f6 n\u00e4ytt\u00e4\u00e4 eloisammalta ja yksityiskohdat erottuvat selke\u00e4mmin luonnossa liikuttaessa. Kevyt ja kest\u00e4v\u00e4 kehys tarjoaa miellytt\u00e4v\u00e4n istuvuuden pitkienkin matkojen aikana, mik\u00e4 tekee n\u00e4ist\u00e4 laseista ihanteelliset aktiivisille ulkoilijoille. [...]L\u00e4s mer \u2026 from Flight Jacket MttBlk w\/ PRIZMTrailTorch","og_url":"https:\/\/vmsport.fi\/sv\/webbutik\/korutrustning\/drivande-glasogon\/flygjacka-mttblk-w-prizmtrailtorch\/","og_site_name":"VM Sport","article_publisher":"https:\/\/www.facebook.com\/Vmsport.fi\/","article_modified_time":"2026-01-16T11:22:51+00:00","og_image":[{"width":1000,"height":600,"url":"https:\/\/vmsport.fi\/wp-content\/uploads\/2025\/03\/53de3efb-9035-49a8-8e83-53d6a0728e49-1.jpg","type":"image\/jpeg"}],"twitter_card":"summary_large_image","schema":{"@context":"https:\/\/schema.org","@graph":[{"@type":["WebPage","ItemPage"],"@id":"https:\/\/vmsport.fi\/verkkokauppa\/ajovarusteet\/ajolasit\/flight-jacket-mttblk-w-prizmtrailtorch\/","url":"https:\/\/vmsport.fi\/verkkokauppa\/ajovarusteet\/ajolasit\/flight-jacket-mttblk-w-prizmtrailtorch\/","name":"Flight Jacket MttBlk med PRIZMTrailTorch - VM Sport","isPartOf":{"@id":"https:\/\/vmsport.fi\/#website"},"primaryImageOfPage":{"@id":"https:\/\/vmsport.fi\/verkkokauppa\/ajovarusteet\/ajolasit\/flight-jacket-mttblk-w-prizmtrailtorch\/#primaryimage"},"image":{"@id":"https:\/\/vmsport.fi\/verkkokauppa\/ajovarusteet\/ajolasit\/flight-jacket-mttblk-w-prizmtrailtorch\/#primaryimage"},"thumbnailUrl":"https:\/\/vmsport.fi\/wp-content\/uploads\/2025\/03\/53de3efb-9035-49a8-8e83-53d6a0728e49-1.jpg","datePublished":"2025-03-05T21:37:46+00:00","dateModified":"2026-01-16T11:22:51+00:00","breadcrumb":{"@id":"https:\/\/vmsport.fi\/verkkokauppa\/ajovarusteet\/ajolasit\/flight-jacket-mttblk-w-prizmtrailtorch\/#breadcrumb"},"inLanguage":"sv-SE","potentialAction":[{"@type":"ReadAction","target":["https:\/\/vmsport.fi\/verkkokauppa\/ajovarusteet\/ajolasit\/flight-jacket-mttblk-w-prizmtrailtorch\/"]}]},{"@type":"ImageObject","inLanguage":"sv-SE","@id":"https:\/\/vmsport.fi\/verkkokauppa\/ajovarusteet\/ajolasit\/flight-jacket-mttblk-w-prizmtrailtorch\/#primaryimage","url":"https:\/\/vmsport.fi\/wp-content\/uploads\/2025\/03\/53de3efb-9035-49a8-8e83-53d6a0728e49-1.jpg","contentUrl":"https:\/\/vmsport.fi\/wp-content\/uploads\/2025\/03\/53de3efb-9035-49a8-8e83-53d6a0728e49-1.jpg","width":1000,"height":600,"caption":"53de3efb-9035-49a8-8e83-53d6a0728e49"},{"@type":"BreadcrumbList","@id":"https:\/\/vmsport.fi\/verkkokauppa\/ajovarusteet\/ajolasit\/flight-jacket-mttblk-w-prizmtrailtorch\/#breadcrumb","itemListElement":[{"@type":"ListItem","position":1,"name":"Etusivu","item":"https:\/\/vmsport.fi\/"},{"@type":"ListItem","position":2,"name":"Online Store","item":"https:\/\/vmsport.fi\/en\/online-store\/"},{"@type":"ListItem","position":3,"name":"Flight Jacket MttBlk w\/ PRIZMTrailTorch"}]},{"@type":"WebSite","@id":"https:\/\/vmsport.fi\/#website","url":"https:\/\/vmsport.fi\/","name":"Vmsport","description":"Allt p\u00e5 ett st\u00e4lle f\u00f6r cykling","publisher":{"@id":"https:\/\/vmsport.fi\/#organization"},"potentialAction":[{"@type":"SearchAction","target":{"@type":"EntryPoint","urlTemplate":"https:\/\/vmsport.fi\/?s={search_term_string}"},"query-input":{"@type":"PropertyValueSpecification","valueRequired":true,"valueName":"search_term_string"}}],"inLanguage":"sv-SE"},{"@type":"Organization","@id":"https:\/\/vmsport.fi\/#organization","name":"Vmsport","url":"https:\/\/vmsport.fi\/","logo":{"@type":"ImageObject","inLanguage":"sv-SE","@id":"https:\/\/vmsport.fi\/#\/schema\/logo\/image\/","url":"https:\/\/vmsport.fi\/wp-content\/uploads\/2024\/12\/vm_sport_RGB_horisontal-e1734526017575.png","contentUrl":"https:\/\/vmsport.fi\/wp-content\/uploads\/2024\/12\/vm_sport_RGB_horisontal-e1734526017575.png","width":668,"height":85,"caption":"Vmsport"},"image":{"@id":"https:\/\/vmsport.fi\/#\/schema\/logo\/image\/"},"sameAs":["https:\/\/www.facebook.com\/Vmsport.fi\/","https:\/\/www.instagram.com\/vmsport\/"]}]}},"global_unique_id":"","_links":{"self":[{"href":"https:\/\/vmsport.fi\/sv\/wp-json\/wp\/v2\/product\/53149","targetHints":{"allow":["GET"]}}],"collection":[{"href":"https:\/\/vmsport.fi\/sv\/wp-json\/wp\/v2\/product"}],"about":[{"href":"https:\/\/vmsport.fi\/sv\/wp-json\/wp\/v2\/types\/product"}],"replies":[{"embeddable":true,"href":"https:\/\/vmsport.fi\/sv\/wp-json\/wp\/v2\/comments?post=53149"}],"wp:featuredmedia":[{"embeddable":true,"href":"https:\/\/vmsport.fi\/sv\/wp-json\/wp\/v2\/media\/53147"}],"wp:attachment":[{"href":"https:\/\/vmsport.fi\/sv\/wp-json\/wp\/v2\/media?parent=53149"}],"wp:term":[{"taxonomy":"product_brand","embeddable":true,"href":"https:\/\/vmsport.fi\/sv\/wp-json\/wp\/v2\/product_brand?post=53149"},{"taxonomy":"product_model","embeddable":true,"href":"https:\/\/vmsport.fi\/sv\/wp-json\/wp\/v2\/product_model?post=53149"},{"taxonomy":"product_cat","embeddable":true,"href":"https:\/\/vmsport.fi\/sv\/wp-json\/wp\/v2\/product_cat?post=53149"},{"taxonomy":"product_tag","embeddable":true,"href":"https:\/\/vmsport.fi\/sv\/wp-json\/wp\/v2\/product_tag?post=53149"},{"taxonomy":"industry_terminology","embeddable":true,"href":"https:\/\/vmsport.fi\/sv\/wp-json\/wp\/v2\/industry-terminology?post=53149"}],"curies":[{"name":"wp","href":"https:\/\/api.w.org\/{rel}","templated":true}]}}