{"id":53146,"date":"2025-03-05T23:37:45","date_gmt":"2025-03-05T21:37:45","guid":{"rendered":"https:\/\/vmsport.fi\/verkkokauppa\/Ei-luokiteltu\/satulalaukku-bontrager-elite-seat-pack-l\/"},"modified":"2026-03-30T14:55:43","modified_gmt":"2026-03-30T11:55:43","slug":"sadelvaska-bontrager-elite-satespaket-l","status":"publish","type":"product","link":"https:\/\/vmsport.fi\/sv\/verkkokauppa\/tarvikkeet\/laukut\/satulalaukut\/satulalaukku-bontrager-elite-seat-pack-l\/","title":{"rendered":"Sadelv\u00e4ska Bontrager Elite Seat Pack L"},"content":{"rendered":"<p>Bontrager Elite Seat Pack L \u00e4r en m\u00e5ngsidig och p\u00e5litlig l\u00f6sning f\u00f6r cyklisten som alltid beh\u00f6ver f\u00f6rvaringsutrymme f\u00f6r sina viktigaste saker. L\u00e4ttanv\u00e4nda kardborref\u00e4sten s\u00e4kerst\u00e4ller snabb installation och det diskreta f\u00e4stet vid sadelr\u00f6ret f\u00f6rhindrar att packningen svajar under k\u00f6rning. Det vattenavvisande materialet, tillverkat av nylon med PU-bel\u00e4ggning och Hypalon, skyddar inneh\u00e5llet fr\u00e5n v\u00e4der och smuts. Innerfickor h\u00e5ller kort och v\u00e4rdesaker i s\u00e4kert f\u00f6rvar. Reflekterande detaljer f\u00f6rb\u00e4ttrar synligheten och en flik framtill g\u00f6r att du kan f\u00e4sta en baklykta. Den svarta v\u00e4skan \u00e4r slitstark och l\u00e4tt, vilket g\u00f6r den till ett praktiskt tillbeh\u00f6r f\u00f6r alla cykelturer.<\/p>","protected":false},"excerpt":{"rendered":"<p>Bontrager Elite Seat Pack L on monipuolinen ja luotettava ratkaisu py\u00f6r\u00e4ilij\u00e4lle, joka tarvitsee varmaan s\u00e4ilytystilaa t\u00e4rkeille tarvikkeilleen. Helppok\u00e4ytt\u00f6inen tarrakiinnitys varmistaa nopean asennuksen, ja huomaamaton istuinputkikiinnitys est\u00e4\u00e4 laukun heilumisen ajon aikana. Vedenkest\u00e4v\u00e4 materiaali, joka on valmistettu nailonista PU-pinnoitteella ja Hypalonilla, suojaa sis\u00e4lt\u00f6\u00e4 s\u00e4\u00e4lt\u00e4 ja lialta. Sis\u00e4taskut pit\u00e4v\u00e4t kortit ja arvotavarat turvassa. Heijastavat yksityiskohdat parantavat n\u00e4kyvyytt\u00e4, ja [&#8230;]<\/p>\n<p><a class=\"btn btn-secondary understrap-read-more-link\" href=\"https:\/\/vmsport.fi\/sv\/verkkokauppa\/tarvikkeet\/laukut\/satulalaukut\/satulalaukku-bontrager-elite-seat-pack-l\/\">L\u00e4s mer \u2026<span class=\"screen-reader-text\"> from Satulalaukku Bontrager Elite Seat Pack L<\/span><\/a><\/p>\n","protected":false},"featured_media":53145,"comment_status":"open","ping_status":"closed","template":"","meta":{"_acf_changed":false,"_improvement_type_select":"improve_an_existing","_thumb_yes_seoaic":false,"_frame_yes_seoaic":false,"seoaic_generate_description":"","seoaic_improve_instructions_prompt":"","seoaic_rollback_content_improvement":"","seoaic_idea_thumbnail_generator":"","thumbnail_generated":false,"thumbnail_generate_prompt":"","seoaic_article_description":"","_supplier_stock_quantity":0},"product_brand":[],"product_model":[],"product_cat":[9594],"product_tag":[],"industry-terminology":[],"class_list":{"0":"post-53146","1":"product","2":"type-product","3":"status-publish","4":"has-post-thumbnail","6":"product_cat-satulalaukut","8":"first","9":"outofstock","10":"taxable","11":"shipping-taxable","12":"product-type-simple"},"acf":{"bike_features":null,"overview":{"copy_overview":null,"key_features":null,"statement":"","youtube_url":""}},"yoast_head":"<!-- This site is optimized with the Yoast SEO plugin v27.3 - https:\/\/yoast.com\/product\/yoast-seo-wordpress\/ -->\n<title>Satulalaukku Bontrager Elite Seat Pack L - VM Sport<\/title>\n<meta name=\"robots\" content=\"index, follow, max-snippet:-1, max-image-preview:large, max-video-preview:-1\" \/>\n<link rel=\"canonical\" href=\"https:\/\/vmsport.fi\/sv\/webbutik\/tillbehor\/vaskor\/sadelvaskor\/sadelvaska-bontrager-elite-satespaket-l\/\" \/>\n<meta property=\"og:locale\" content=\"sv_SE\" \/>\n<meta property=\"og:type\" content=\"article\" \/>\n<meta property=\"og:title\" content=\"Satulalaukku Bontrager Elite Seat Pack L - VM Sport\" \/>\n<meta property=\"og:description\" content=\"Bontrager Elite Seat Pack L on monipuolinen ja luotettava ratkaisu py\u00f6r\u00e4ilij\u00e4lle, joka tarvitsee varmaan s\u00e4ilytystilaa t\u00e4rkeille tarvikkeilleen. Helppok\u00e4ytt\u00f6inen tarrakiinnitys varmistaa nopean asennuksen, ja huomaamaton istuinputkikiinnitys est\u00e4\u00e4 laukun heilumisen ajon aikana. Vedenkest\u00e4v\u00e4 materiaali, joka on valmistettu nailonista PU-pinnoitteella ja Hypalonilla, suojaa sis\u00e4lt\u00f6\u00e4 s\u00e4\u00e4lt\u00e4 ja lialta. Sis\u00e4taskut pit\u00e4v\u00e4t kortit ja arvotavarat turvassa. Heijastavat yksityiskohdat parantavat n\u00e4kyvyytt\u00e4, ja [...]L\u00e4s mer \u2026 from Satulalaukku Bontrager Elite Seat Pack L\" \/>\n<meta property=\"og:url\" content=\"https:\/\/vmsport.fi\/sv\/webbutik\/tillbehor\/vaskor\/sadelvaskor\/sadelvaska-bontrager-elite-satespaket-l\/\" \/>\n<meta property=\"og:site_name\" content=\"VM Sport\" \/>\n<meta property=\"article:publisher\" content=\"https:\/\/www.facebook.com\/Vmsport.fi\/\" \/>\n<meta property=\"article:modified_time\" content=\"2026-03-30T11:55:43+00:00\" \/>\n<meta property=\"og:image\" content=\"https:\/\/vmsport.fi\/wp-content\/uploads\/2025\/03\/UEWwGnDYLLhpEcw1E8BuKIUFNPoCOjWYDItUhIUatoQJpmKS8X-1.jpg\" \/>\n\t<meta property=\"og:image:width\" content=\"1000\" \/>\n\t<meta property=\"og:image:height\" content=\"1000\" \/>\n\t<meta property=\"og:image:type\" content=\"image\/jpeg\" \/>\n<meta name=\"twitter:card\" content=\"summary_large_image\" \/>\n<script type=\"application\/ld+json\" class=\"yoast-schema-graph\">{\"@context\":\"https:\\\/\\\/schema.org\",\"@graph\":[{\"@type\":[\"WebPage\",\"ItemPage\"],\"@id\":\"https:\\\/\\\/vmsport.fi\\\/verkkokauppa\\\/tarvikkeet\\\/laukut\\\/satulalaukut\\\/satulalaukku-bontrager-elite-seat-pack-l\\\/\",\"url\":\"https:\\\/\\\/vmsport.fi\\\/verkkokauppa\\\/tarvikkeet\\\/laukut\\\/satulalaukut\\\/satulalaukku-bontrager-elite-seat-pack-l\\\/\",\"name\":\"Satulalaukku Bontrager Elite Seat Pack L - VM Sport\",\"isPartOf\":{\"@id\":\"https:\\\/\\\/vmsport.fi\\\/#website\"},\"primaryImageOfPage\":{\"@id\":\"https:\\\/\\\/vmsport.fi\\\/verkkokauppa\\\/tarvikkeet\\\/laukut\\\/satulalaukut\\\/satulalaukku-bontrager-elite-seat-pack-l\\\/#primaryimage\"},\"image\":{\"@id\":\"https:\\\/\\\/vmsport.fi\\\/verkkokauppa\\\/tarvikkeet\\\/laukut\\\/satulalaukut\\\/satulalaukku-bontrager-elite-seat-pack-l\\\/#primaryimage\"},\"thumbnailUrl\":\"https:\\\/\\\/vmsport.fi\\\/wp-content\\\/uploads\\\/2025\\\/03\\\/UEWwGnDYLLhpEcw1E8BuKIUFNPoCOjWYDItUhIUatoQJpmKS8X-1.jpg\",\"datePublished\":\"2025-03-05T21:37:45+00:00\",\"dateModified\":\"2026-03-30T11:55:43+00:00\",\"breadcrumb\":{\"@id\":\"https:\\\/\\\/vmsport.fi\\\/verkkokauppa\\\/tarvikkeet\\\/laukut\\\/satulalaukut\\\/satulalaukku-bontrager-elite-seat-pack-l\\\/#breadcrumb\"},\"inLanguage\":\"sv-SE\",\"potentialAction\":[{\"@type\":\"ReadAction\",\"target\":[\"https:\\\/\\\/vmsport.fi\\\/verkkokauppa\\\/tarvikkeet\\\/laukut\\\/satulalaukut\\\/satulalaukku-bontrager-elite-seat-pack-l\\\/\"]}]},{\"@type\":\"ImageObject\",\"inLanguage\":\"sv-SE\",\"@id\":\"https:\\\/\\\/vmsport.fi\\\/verkkokauppa\\\/tarvikkeet\\\/laukut\\\/satulalaukut\\\/satulalaukku-bontrager-elite-seat-pack-l\\\/#primaryimage\",\"url\":\"https:\\\/\\\/vmsport.fi\\\/wp-content\\\/uploads\\\/2025\\\/03\\\/UEWwGnDYLLhpEcw1E8BuKIUFNPoCOjWYDItUhIUatoQJpmKS8X-1.jpg\",\"contentUrl\":\"https:\\\/\\\/vmsport.fi\\\/wp-content\\\/uploads\\\/2025\\\/03\\\/UEWwGnDYLLhpEcw1E8BuKIUFNPoCOjWYDItUhIUatoQJpmKS8X-1.jpg\",\"width\":1000,\"height\":1000,\"caption\":\"UEWwGnDYLLhpEcw1E8BuKIUFNPoCOjWYDItUhIUatoQJpmKS8X\"},{\"@type\":\"BreadcrumbList\",\"@id\":\"https:\\\/\\\/vmsport.fi\\\/verkkokauppa\\\/tarvikkeet\\\/laukut\\\/satulalaukut\\\/satulalaukku-bontrager-elite-seat-pack-l\\\/#breadcrumb\",\"itemListElement\":[{\"@type\":\"ListItem\",\"position\":1,\"name\":\"Etusivu\",\"item\":\"https:\\\/\\\/vmsport.fi\\\/\"},{\"@type\":\"ListItem\",\"position\":2,\"name\":\"Online Store\",\"item\":\"https:\\\/\\\/vmsport.fi\\\/en\\\/online-store\\\/\"},{\"@type\":\"ListItem\",\"position\":3,\"name\":\"Satulalaukku Bontrager Elite Seat Pack L\"}]},{\"@type\":\"WebSite\",\"@id\":\"https:\\\/\\\/vmsport.fi\\\/#website\",\"url\":\"https:\\\/\\\/vmsport.fi\\\/\",\"name\":\"Vmsport\",\"description\":\"Kaikki py\u00f6r\u00e4ilyyn yhdest\u00e4 paikasta\",\"publisher\":{\"@id\":\"https:\\\/\\\/vmsport.fi\\\/#organization\"},\"potentialAction\":[{\"@type\":\"SearchAction\",\"target\":{\"@type\":\"EntryPoint\",\"urlTemplate\":\"https:\\\/\\\/vmsport.fi\\\/?s={search_term_string}\"},\"query-input\":{\"@type\":\"PropertyValueSpecification\",\"valueRequired\":true,\"valueName\":\"search_term_string\"}}],\"inLanguage\":\"sv-SE\"},{\"@type\":\"Organization\",\"@id\":\"https:\\\/\\\/vmsport.fi\\\/#organization\",\"name\":\"Vmsport\",\"url\":\"https:\\\/\\\/vmsport.fi\\\/\",\"logo\":{\"@type\":\"ImageObject\",\"inLanguage\":\"sv-SE\",\"@id\":\"https:\\\/\\\/vmsport.fi\\\/#\\\/schema\\\/logo\\\/image\\\/\",\"url\":\"https:\\\/\\\/vmsport.fi\\\/wp-content\\\/uploads\\\/2024\\\/12\\\/vm_sport_RGB_horisontal-e1734526017575.png\",\"contentUrl\":\"https:\\\/\\\/vmsport.fi\\\/wp-content\\\/uploads\\\/2024\\\/12\\\/vm_sport_RGB_horisontal-e1734526017575.png\",\"width\":668,\"height\":85,\"caption\":\"Vmsport\"},\"image\":{\"@id\":\"https:\\\/\\\/vmsport.fi\\\/#\\\/schema\\\/logo\\\/image\\\/\"},\"sameAs\":[\"https:\\\/\\\/www.facebook.com\\\/Vmsport.fi\\\/\",\"https:\\\/\\\/www.instagram.com\\\/vmsport\\\/\"]}]}<\/script>\n<!-- \/ Yoast SEO plugin. -->","yoast_head_json":{"title":"Sadelv\u00e4ska Bontrager Elite Seat Pack L - VM Sport","robots":{"index":"index","follow":"follow","max-snippet":"max-snippet:-1","max-image-preview":"max-image-preview:large","max-video-preview":"max-video-preview:-1"},"canonical":"https:\/\/vmsport.fi\/sv\/webbutik\/tillbehor\/vaskor\/sadelvaskor\/sadelvaska-bontrager-elite-satespaket-l\/","og_locale":"sv_SE","og_type":"article","og_title":"Satulalaukku Bontrager Elite Seat Pack L - VM Sport","og_description":"Bontrager Elite Seat Pack L on monipuolinen ja luotettava ratkaisu py\u00f6r\u00e4ilij\u00e4lle, joka tarvitsee varmaan s\u00e4ilytystilaa t\u00e4rkeille tarvikkeilleen. Helppok\u00e4ytt\u00f6inen tarrakiinnitys varmistaa nopean asennuksen, ja huomaamaton istuinputkikiinnitys est\u00e4\u00e4 laukun heilumisen ajon aikana. Vedenkest\u00e4v\u00e4 materiaali, joka on valmistettu nailonista PU-pinnoitteella ja Hypalonilla, suojaa sis\u00e4lt\u00f6\u00e4 s\u00e4\u00e4lt\u00e4 ja lialta. Sis\u00e4taskut pit\u00e4v\u00e4t kortit ja arvotavarat turvassa. Heijastavat yksityiskohdat parantavat n\u00e4kyvyytt\u00e4, ja [...]L\u00e4s mer \u2026 from Satulalaukku Bontrager Elite Seat Pack L","og_url":"https:\/\/vmsport.fi\/sv\/webbutik\/tillbehor\/vaskor\/sadelvaskor\/sadelvaska-bontrager-elite-satespaket-l\/","og_site_name":"VM Sport","article_publisher":"https:\/\/www.facebook.com\/Vmsport.fi\/","article_modified_time":"2026-03-30T11:55:43+00:00","og_image":[{"width":1000,"height":1000,"url":"https:\/\/vmsport.fi\/wp-content\/uploads\/2025\/03\/UEWwGnDYLLhpEcw1E8BuKIUFNPoCOjWYDItUhIUatoQJpmKS8X-1.jpg","type":"image\/jpeg"}],"twitter_card":"summary_large_image","schema":{"@context":"https:\/\/schema.org","@graph":[{"@type":["WebPage","ItemPage"],"@id":"https:\/\/vmsport.fi\/verkkokauppa\/tarvikkeet\/laukut\/satulalaukut\/satulalaukku-bontrager-elite-seat-pack-l\/","url":"https:\/\/vmsport.fi\/verkkokauppa\/tarvikkeet\/laukut\/satulalaukut\/satulalaukku-bontrager-elite-seat-pack-l\/","name":"Sadelv\u00e4ska Bontrager Elite Seat Pack L - VM Sport","isPartOf":{"@id":"https:\/\/vmsport.fi\/#website"},"primaryImageOfPage":{"@id":"https:\/\/vmsport.fi\/verkkokauppa\/tarvikkeet\/laukut\/satulalaukut\/satulalaukku-bontrager-elite-seat-pack-l\/#primaryimage"},"image":{"@id":"https:\/\/vmsport.fi\/verkkokauppa\/tarvikkeet\/laukut\/satulalaukut\/satulalaukku-bontrager-elite-seat-pack-l\/#primaryimage"},"thumbnailUrl":"https:\/\/vmsport.fi\/wp-content\/uploads\/2025\/03\/UEWwGnDYLLhpEcw1E8BuKIUFNPoCOjWYDItUhIUatoQJpmKS8X-1.jpg","datePublished":"2025-03-05T21:37:45+00:00","dateModified":"2026-03-30T11:55:43+00:00","breadcrumb":{"@id":"https:\/\/vmsport.fi\/verkkokauppa\/tarvikkeet\/laukut\/satulalaukut\/satulalaukku-bontrager-elite-seat-pack-l\/#breadcrumb"},"inLanguage":"sv-SE","potentialAction":[{"@type":"ReadAction","target":["https:\/\/vmsport.fi\/verkkokauppa\/tarvikkeet\/laukut\/satulalaukut\/satulalaukku-bontrager-elite-seat-pack-l\/"]}]},{"@type":"ImageObject","inLanguage":"sv-SE","@id":"https:\/\/vmsport.fi\/verkkokauppa\/tarvikkeet\/laukut\/satulalaukut\/satulalaukku-bontrager-elite-seat-pack-l\/#primaryimage","url":"https:\/\/vmsport.fi\/wp-content\/uploads\/2025\/03\/UEWwGnDYLLhpEcw1E8BuKIUFNPoCOjWYDItUhIUatoQJpmKS8X-1.jpg","contentUrl":"https:\/\/vmsport.fi\/wp-content\/uploads\/2025\/03\/UEWwGnDYLLhpEcw1E8BuKIUFNPoCOjWYDItUhIUatoQJpmKS8X-1.jpg","width":1000,"height":1000,"caption":"UEWwGnDYLLhpEcw1E8BuKIUFNPoCOjWYDItUhIUatoQJpmKS8X"},{"@type":"BreadcrumbList","@id":"https:\/\/vmsport.fi\/verkkokauppa\/tarvikkeet\/laukut\/satulalaukut\/satulalaukku-bontrager-elite-seat-pack-l\/#breadcrumb","itemListElement":[{"@type":"ListItem","position":1,"name":"Etusivu","item":"https:\/\/vmsport.fi\/"},{"@type":"ListItem","position":2,"name":"Online Store","item":"https:\/\/vmsport.fi\/en\/online-store\/"},{"@type":"ListItem","position":3,"name":"Satulalaukku Bontrager Elite Seat Pack L"}]},{"@type":"WebSite","@id":"https:\/\/vmsport.fi\/#website","url":"https:\/\/vmsport.fi\/","name":"Vmsport","description":"Allt p\u00e5 ett st\u00e4lle f\u00f6r cykling","publisher":{"@id":"https:\/\/vmsport.fi\/#organization"},"potentialAction":[{"@type":"SearchAction","target":{"@type":"EntryPoint","urlTemplate":"https:\/\/vmsport.fi\/?s={search_term_string}"},"query-input":{"@type":"PropertyValueSpecification","valueRequired":true,"valueName":"search_term_string"}}],"inLanguage":"sv-SE"},{"@type":"Organization","@id":"https:\/\/vmsport.fi\/#organization","name":"Vmsport","url":"https:\/\/vmsport.fi\/","logo":{"@type":"ImageObject","inLanguage":"sv-SE","@id":"https:\/\/vmsport.fi\/#\/schema\/logo\/image\/","url":"https:\/\/vmsport.fi\/wp-content\/uploads\/2024\/12\/vm_sport_RGB_horisontal-e1734526017575.png","contentUrl":"https:\/\/vmsport.fi\/wp-content\/uploads\/2024\/12\/vm_sport_RGB_horisontal-e1734526017575.png","width":668,"height":85,"caption":"Vmsport"},"image":{"@id":"https:\/\/vmsport.fi\/#\/schema\/logo\/image\/"},"sameAs":["https:\/\/www.facebook.com\/Vmsport.fi\/","https:\/\/www.instagram.com\/vmsport\/"]}]}},"global_unique_id":"","_links":{"self":[{"href":"https:\/\/vmsport.fi\/sv\/wp-json\/wp\/v2\/product\/53146","targetHints":{"allow":["GET"]}}],"collection":[{"href":"https:\/\/vmsport.fi\/sv\/wp-json\/wp\/v2\/product"}],"about":[{"href":"https:\/\/vmsport.fi\/sv\/wp-json\/wp\/v2\/types\/product"}],"replies":[{"embeddable":true,"href":"https:\/\/vmsport.fi\/sv\/wp-json\/wp\/v2\/comments?post=53146"}],"wp:featuredmedia":[{"embeddable":true,"href":"https:\/\/vmsport.fi\/sv\/wp-json\/wp\/v2\/media\/53145"}],"wp:attachment":[{"href":"https:\/\/vmsport.fi\/sv\/wp-json\/wp\/v2\/media?parent=53146"}],"wp:term":[{"taxonomy":"product_brand","embeddable":true,"href":"https:\/\/vmsport.fi\/sv\/wp-json\/wp\/v2\/product_brand?post=53146"},{"taxonomy":"product_model","embeddable":true,"href":"https:\/\/vmsport.fi\/sv\/wp-json\/wp\/v2\/product_model?post=53146"},{"taxonomy":"product_cat","embeddable":true,"href":"https:\/\/vmsport.fi\/sv\/wp-json\/wp\/v2\/product_cat?post=53146"},{"taxonomy":"product_tag","embeddable":true,"href":"https:\/\/vmsport.fi\/sv\/wp-json\/wp\/v2\/product_tag?post=53146"},{"taxonomy":"industry_terminology","embeddable":true,"href":"https:\/\/vmsport.fi\/sv\/wp-json\/wp\/v2\/industry-terminology?post=53146"}],"curies":[{"name":"wp","href":"https:\/\/api.w.org\/{rel}","templated":true}]}}