{"id":53144,"date":"2025-03-05T23:37:43","date_gmt":"2025-03-05T21:37:43","guid":{"rendered":"https:\/\/vmsport.fi\/verkkokauppa\/Ei-luokiteltu\/kasetti-8-v-11-28-cs-hg51-alivio\/"},"modified":"2026-04-22T15:01:57","modified_gmt":"2026-04-22T12:01:57","slug":"kassett-8-v-11-28-cs-hg51-alivio","status":"publish","type":"product","link":"https:\/\/vmsport.fi\/sv\/verkkokauppa\/varaosat\/voimansiirto\/takarattaat\/kasetti-8-v-11-28-cs-hg51-alivio\/","title":{"rendered":"Kassett 8-v 11-28 CS-HG51 Alivio"},"content":{"rendered":"<p>Shimano Alivio CS-HG51-kassetten erbjuder ett 8-v\u00e4xlat system med ett tandavst\u00e5nd p\u00e5 11-28. Denna kassettv\u00e4xel \u00e4r speciellt utformad f\u00f6r cyklar som beh\u00f6ver p\u00e5litliga och smidiga v\u00e4xlingar. Dess noggrant konstruerade design st\u00f6der transmissionseffektiviteten och ger en bekv\u00e4m k\u00f6rupplevelse. Det \u00e4r ett utm\u00e4rkt val f\u00f6r cyklister som v\u00e4rdes\u00e4tter h\u00e5llbarhet och exakt prestanda.<\/p>","protected":false},"excerpt":{"rendered":"<p>Shimano Alivio CS-HG51 -kasetti tarjoaa 8-vaihteisen j\u00e4rjestelm\u00e4n, jossa on hammasv\u00e4li 11-28. T\u00e4m\u00e4 kasettivaihde on suunniteltu erityisesti py\u00f6riin, jotka tarvitsevat luotettavaa ja tasaista vaihteiden vaihtoa. Sen huolella kehitetty rakenne tukee voimansiirron tehokkuutta ja tarjoaa miellytt\u00e4v\u00e4n ajokokemuksen. Se on erinomainen valinta py\u00f6r\u00e4ilij\u00f6ille, jotka arvostavat kest\u00e4vyytt\u00e4 ja tarkkaa suorituskyky\u00e4. [&#8230;]<\/p>\n<p><a class=\"btn btn-secondary understrap-read-more-link\" href=\"https:\/\/vmsport.fi\/sv\/verkkokauppa\/varaosat\/voimansiirto\/takarattaat\/kasetti-8-v-11-28-cs-hg51-alivio\/\">L\u00e4s mer \u2026<span class=\"screen-reader-text\"> from Kasetti 8-v 11-28 CS-HG51 Alivio<\/span><\/a><\/p>\n","protected":false},"featured_media":53143,"comment_status":"open","ping_status":"closed","template":"","meta":{"_acf_changed":false,"_improvement_type_select":"improve_an_existing","_thumb_yes_seoaic":false,"_frame_yes_seoaic":false,"seoaic_generate_description":"","seoaic_improve_instructions_prompt":"","seoaic_rollback_content_improvement":"","seoaic_idea_thumbnail_generator":"","thumbnail_generated":false,"thumbnail_generate_prompt":"","seoaic_article_description":"","_supplier_stock_quantity":0},"product_brand":[],"product_model":[],"product_cat":[9348],"product_tag":[],"industry-terminology":[],"class_list":{"0":"post-53144","1":"product","2":"type-product","3":"status-publish","4":"has-post-thumbnail","6":"product_cat-takarattaat","8":"first","9":"outofstock","10":"taxable","11":"shipping-taxable","12":"product-type-simple"},"acf":{"bike_features":null,"overview":{"copy_overview":null,"key_features":null,"statement":"","youtube_url":""}},"yoast_head":"<!-- This site is optimized with the Yoast SEO plugin v27.4 - https:\/\/yoast.com\/product\/yoast-seo-wordpress\/ -->\n<title>Kasetti 8-v 11-28 CS-HG51 Alivio - VM Sport<\/title>\n<meta name=\"robots\" content=\"index, follow, max-snippet:-1, max-image-preview:large, max-video-preview:-1\" \/>\n<link rel=\"canonical\" href=\"https:\/\/vmsport.fi\/sv\/webbutik\/reservdelar\/transmission\/takarattaat\/kassett-8-v-11-28-cs-hg51-alivio\/\" \/>\n<meta property=\"og:locale\" content=\"sv_SE\" \/>\n<meta property=\"og:type\" content=\"article\" \/>\n<meta property=\"og:title\" content=\"Kasetti 8-v 11-28 CS-HG51 Alivio - VM Sport\" \/>\n<meta property=\"og:description\" content=\"Shimano Alivio CS-HG51 -kasetti tarjoaa 8-vaihteisen j\u00e4rjestelm\u00e4n, jossa on hammasv\u00e4li 11-28. T\u00e4m\u00e4 kasettivaihde on suunniteltu erityisesti py\u00f6riin, jotka tarvitsevat luotettavaa ja tasaista vaihteiden vaihtoa. Sen huolella kehitetty rakenne tukee voimansiirron tehokkuutta ja tarjoaa miellytt\u00e4v\u00e4n ajokokemuksen. Se on erinomainen valinta py\u00f6r\u00e4ilij\u00f6ille, jotka arvostavat kest\u00e4vyytt\u00e4 ja tarkkaa suorituskyky\u00e4. [...]L\u00e4s mer \u2026 from Kasetti 8-v 11-28 CS-HG51 Alivio\" \/>\n<meta property=\"og:url\" content=\"https:\/\/vmsport.fi\/sv\/webbutik\/reservdelar\/transmission\/takarattaat\/kassett-8-v-11-28-cs-hg51-alivio\/\" \/>\n<meta property=\"og:site_name\" content=\"VM Sport\" \/>\n<meta property=\"article:publisher\" content=\"https:\/\/www.facebook.com\/Vmsport.fi\/\" \/>\n<meta property=\"article:modified_time\" content=\"2026-04-22T12:01:57+00:00\" \/>\n<meta property=\"og:image\" content=\"https:\/\/vmsport.fi\/wp-content\/uploads\/2025\/03\/3H5gYcRoLKKDuK8E3zaCqQwJTrQRP5Ic9bZiC0tQbNGENhr0Sx-1.jpg\" \/>\n\t<meta property=\"og:image:width\" content=\"600\" \/>\n\t<meta property=\"og:image:height\" content=\"600\" \/>\n\t<meta property=\"og:image:type\" content=\"image\/jpeg\" \/>\n<meta name=\"twitter:card\" content=\"summary_large_image\" \/>\n<script type=\"application\/ld+json\" class=\"yoast-schema-graph\">{\"@context\":\"https:\\\/\\\/schema.org\",\"@graph\":[{\"@type\":[\"WebPage\",\"ItemPage\"],\"@id\":\"https:\\\/\\\/vmsport.fi\\\/verkkokauppa\\\/varaosat\\\/voimansiirto\\\/takarattaat\\\/kasetti-8-v-11-28-cs-hg51-alivio\\\/\",\"url\":\"https:\\\/\\\/vmsport.fi\\\/verkkokauppa\\\/varaosat\\\/voimansiirto\\\/takarattaat\\\/kasetti-8-v-11-28-cs-hg51-alivio\\\/\",\"name\":\"Kasetti 8-v 11-28 CS-HG51 Alivio - VM Sport\",\"isPartOf\":{\"@id\":\"https:\\\/\\\/vmsport.fi\\\/#website\"},\"primaryImageOfPage\":{\"@id\":\"https:\\\/\\\/vmsport.fi\\\/verkkokauppa\\\/varaosat\\\/voimansiirto\\\/takarattaat\\\/kasetti-8-v-11-28-cs-hg51-alivio\\\/#primaryimage\"},\"image\":{\"@id\":\"https:\\\/\\\/vmsport.fi\\\/verkkokauppa\\\/varaosat\\\/voimansiirto\\\/takarattaat\\\/kasetti-8-v-11-28-cs-hg51-alivio\\\/#primaryimage\"},\"thumbnailUrl\":\"https:\\\/\\\/vmsport.fi\\\/wp-content\\\/uploads\\\/2025\\\/03\\\/3H5gYcRoLKKDuK8E3zaCqQwJTrQRP5Ic9bZiC0tQbNGENhr0Sx-1.jpg\",\"datePublished\":\"2025-03-05T21:37:43+00:00\",\"dateModified\":\"2026-04-22T12:01:57+00:00\",\"breadcrumb\":{\"@id\":\"https:\\\/\\\/vmsport.fi\\\/verkkokauppa\\\/varaosat\\\/voimansiirto\\\/takarattaat\\\/kasetti-8-v-11-28-cs-hg51-alivio\\\/#breadcrumb\"},\"inLanguage\":\"sv-SE\",\"potentialAction\":[{\"@type\":\"ReadAction\",\"target\":[\"https:\\\/\\\/vmsport.fi\\\/verkkokauppa\\\/varaosat\\\/voimansiirto\\\/takarattaat\\\/kasetti-8-v-11-28-cs-hg51-alivio\\\/\"]}]},{\"@type\":\"ImageObject\",\"inLanguage\":\"sv-SE\",\"@id\":\"https:\\\/\\\/vmsport.fi\\\/verkkokauppa\\\/varaosat\\\/voimansiirto\\\/takarattaat\\\/kasetti-8-v-11-28-cs-hg51-alivio\\\/#primaryimage\",\"url\":\"https:\\\/\\\/vmsport.fi\\\/wp-content\\\/uploads\\\/2025\\\/03\\\/3H5gYcRoLKKDuK8E3zaCqQwJTrQRP5Ic9bZiC0tQbNGENhr0Sx-1.jpg\",\"contentUrl\":\"https:\\\/\\\/vmsport.fi\\\/wp-content\\\/uploads\\\/2025\\\/03\\\/3H5gYcRoLKKDuK8E3zaCqQwJTrQRP5Ic9bZiC0tQbNGENhr0Sx-1.jpg\",\"width\":600,\"height\":600,\"caption\":\"3H5gYcRoLKKDuK8E3zaCqQwJTrQRP5Ic9bZiC0tQbNGENhr0Sx\"},{\"@type\":\"BreadcrumbList\",\"@id\":\"https:\\\/\\\/vmsport.fi\\\/verkkokauppa\\\/varaosat\\\/voimansiirto\\\/takarattaat\\\/kasetti-8-v-11-28-cs-hg51-alivio\\\/#breadcrumb\",\"itemListElement\":[{\"@type\":\"ListItem\",\"position\":1,\"name\":\"Etusivu\",\"item\":\"https:\\\/\\\/vmsport.fi\\\/\"},{\"@type\":\"ListItem\",\"position\":2,\"name\":\"Online Store\",\"item\":\"https:\\\/\\\/vmsport.fi\\\/en\\\/online-store\\\/\"},{\"@type\":\"ListItem\",\"position\":3,\"name\":\"Kasetti 8-v 11-28 CS-HG51 Alivio\"}]},{\"@type\":\"WebSite\",\"@id\":\"https:\\\/\\\/vmsport.fi\\\/#website\",\"url\":\"https:\\\/\\\/vmsport.fi\\\/\",\"name\":\"Vmsport\",\"description\":\"Kaikki py\u00f6r\u00e4ilyyn yhdest\u00e4 paikasta\",\"publisher\":{\"@id\":\"https:\\\/\\\/vmsport.fi\\\/#organization\"},\"potentialAction\":[{\"@type\":\"SearchAction\",\"target\":{\"@type\":\"EntryPoint\",\"urlTemplate\":\"https:\\\/\\\/vmsport.fi\\\/?s={search_term_string}\"},\"query-input\":{\"@type\":\"PropertyValueSpecification\",\"valueRequired\":true,\"valueName\":\"search_term_string\"}}],\"inLanguage\":\"sv-SE\"},{\"@type\":\"Organization\",\"@id\":\"https:\\\/\\\/vmsport.fi\\\/#organization\",\"name\":\"Vmsport\",\"url\":\"https:\\\/\\\/vmsport.fi\\\/\",\"logo\":{\"@type\":\"ImageObject\",\"inLanguage\":\"sv-SE\",\"@id\":\"https:\\\/\\\/vmsport.fi\\\/#\\\/schema\\\/logo\\\/image\\\/\",\"url\":\"https:\\\/\\\/vmsport.fi\\\/wp-content\\\/uploads\\\/2024\\\/12\\\/vm_sport_RGB_horisontal-e1734526017575.png\",\"contentUrl\":\"https:\\\/\\\/vmsport.fi\\\/wp-content\\\/uploads\\\/2024\\\/12\\\/vm_sport_RGB_horisontal-e1734526017575.png\",\"width\":668,\"height\":85,\"caption\":\"Vmsport\"},\"image\":{\"@id\":\"https:\\\/\\\/vmsport.fi\\\/#\\\/schema\\\/logo\\\/image\\\/\"},\"sameAs\":[\"https:\\\/\\\/www.facebook.com\\\/Vmsport.fi\\\/\",\"https:\\\/\\\/www.instagram.com\\\/vmsport\\\/\"]}]}<\/script>\n<!-- \/ Yoast SEO plugin. -->","yoast_head_json":{"title":"Kassett 8-v 11-28 CS-HG51 Alivio - VM Sport","robots":{"index":"index","follow":"follow","max-snippet":"max-snippet:-1","max-image-preview":"max-image-preview:large","max-video-preview":"max-video-preview:-1"},"canonical":"https:\/\/vmsport.fi\/sv\/webbutik\/reservdelar\/transmission\/takarattaat\/kassett-8-v-11-28-cs-hg51-alivio\/","og_locale":"sv_SE","og_type":"article","og_title":"Kasetti 8-v 11-28 CS-HG51 Alivio - VM Sport","og_description":"Shimano Alivio CS-HG51 -kasetti tarjoaa 8-vaihteisen j\u00e4rjestelm\u00e4n, jossa on hammasv\u00e4li 11-28. T\u00e4m\u00e4 kasettivaihde on suunniteltu erityisesti py\u00f6riin, jotka tarvitsevat luotettavaa ja tasaista vaihteiden vaihtoa. Sen huolella kehitetty rakenne tukee voimansiirron tehokkuutta ja tarjoaa miellytt\u00e4v\u00e4n ajokokemuksen. Se on erinomainen valinta py\u00f6r\u00e4ilij\u00f6ille, jotka arvostavat kest\u00e4vyytt\u00e4 ja tarkkaa suorituskyky\u00e4. [...]L\u00e4s mer \u2026 from Kasetti 8-v 11-28 CS-HG51 Alivio","og_url":"https:\/\/vmsport.fi\/sv\/webbutik\/reservdelar\/transmission\/takarattaat\/kassett-8-v-11-28-cs-hg51-alivio\/","og_site_name":"VM Sport","article_publisher":"https:\/\/www.facebook.com\/Vmsport.fi\/","article_modified_time":"2026-04-22T12:01:57+00:00","og_image":[{"width":600,"height":600,"url":"https:\/\/vmsport.fi\/wp-content\/uploads\/2025\/03\/3H5gYcRoLKKDuK8E3zaCqQwJTrQRP5Ic9bZiC0tQbNGENhr0Sx-1.jpg","type":"image\/jpeg"}],"twitter_card":"summary_large_image","schema":{"@context":"https:\/\/schema.org","@graph":[{"@type":["WebPage","ItemPage"],"@id":"https:\/\/vmsport.fi\/verkkokauppa\/varaosat\/voimansiirto\/takarattaat\/kasetti-8-v-11-28-cs-hg51-alivio\/","url":"https:\/\/vmsport.fi\/verkkokauppa\/varaosat\/voimansiirto\/takarattaat\/kasetti-8-v-11-28-cs-hg51-alivio\/","name":"Kassett 8-v 11-28 CS-HG51 Alivio - VM Sport","isPartOf":{"@id":"https:\/\/vmsport.fi\/#website"},"primaryImageOfPage":{"@id":"https:\/\/vmsport.fi\/verkkokauppa\/varaosat\/voimansiirto\/takarattaat\/kasetti-8-v-11-28-cs-hg51-alivio\/#primaryimage"},"image":{"@id":"https:\/\/vmsport.fi\/verkkokauppa\/varaosat\/voimansiirto\/takarattaat\/kasetti-8-v-11-28-cs-hg51-alivio\/#primaryimage"},"thumbnailUrl":"https:\/\/vmsport.fi\/wp-content\/uploads\/2025\/03\/3H5gYcRoLKKDuK8E3zaCqQwJTrQRP5Ic9bZiC0tQbNGENhr0Sx-1.jpg","datePublished":"2025-03-05T21:37:43+00:00","dateModified":"2026-04-22T12:01:57+00:00","breadcrumb":{"@id":"https:\/\/vmsport.fi\/verkkokauppa\/varaosat\/voimansiirto\/takarattaat\/kasetti-8-v-11-28-cs-hg51-alivio\/#breadcrumb"},"inLanguage":"sv-SE","potentialAction":[{"@type":"ReadAction","target":["https:\/\/vmsport.fi\/verkkokauppa\/varaosat\/voimansiirto\/takarattaat\/kasetti-8-v-11-28-cs-hg51-alivio\/"]}]},{"@type":"ImageObject","inLanguage":"sv-SE","@id":"https:\/\/vmsport.fi\/verkkokauppa\/varaosat\/voimansiirto\/takarattaat\/kasetti-8-v-11-28-cs-hg51-alivio\/#primaryimage","url":"https:\/\/vmsport.fi\/wp-content\/uploads\/2025\/03\/3H5gYcRoLKKDuK8E3zaCqQwJTrQRP5Ic9bZiC0tQbNGENhr0Sx-1.jpg","contentUrl":"https:\/\/vmsport.fi\/wp-content\/uploads\/2025\/03\/3H5gYcRoLKKDuK8E3zaCqQwJTrQRP5Ic9bZiC0tQbNGENhr0Sx-1.jpg","width":600,"height":600,"caption":"3H5gYcRoLKKDuK8E3zaCqQwJTrQRP5Ic9bZiC0tQbNGENhr0Sx"},{"@type":"BreadcrumbList","@id":"https:\/\/vmsport.fi\/verkkokauppa\/varaosat\/voimansiirto\/takarattaat\/kasetti-8-v-11-28-cs-hg51-alivio\/#breadcrumb","itemListElement":[{"@type":"ListItem","position":1,"name":"Etusivu","item":"https:\/\/vmsport.fi\/"},{"@type":"ListItem","position":2,"name":"Online Store","item":"https:\/\/vmsport.fi\/en\/online-store\/"},{"@type":"ListItem","position":3,"name":"Kasetti 8-v 11-28 CS-HG51 Alivio"}]},{"@type":"WebSite","@id":"https:\/\/vmsport.fi\/#website","url":"https:\/\/vmsport.fi\/","name":"Vmsport","description":"Allt p\u00e5 ett st\u00e4lle f\u00f6r cykling","publisher":{"@id":"https:\/\/vmsport.fi\/#organization"},"potentialAction":[{"@type":"SearchAction","target":{"@type":"EntryPoint","urlTemplate":"https:\/\/vmsport.fi\/?s={search_term_string}"},"query-input":{"@type":"PropertyValueSpecification","valueRequired":true,"valueName":"search_term_string"}}],"inLanguage":"sv-SE"},{"@type":"Organization","@id":"https:\/\/vmsport.fi\/#organization","name":"Vmsport","url":"https:\/\/vmsport.fi\/","logo":{"@type":"ImageObject","inLanguage":"sv-SE","@id":"https:\/\/vmsport.fi\/#\/schema\/logo\/image\/","url":"https:\/\/vmsport.fi\/wp-content\/uploads\/2024\/12\/vm_sport_RGB_horisontal-e1734526017575.png","contentUrl":"https:\/\/vmsport.fi\/wp-content\/uploads\/2024\/12\/vm_sport_RGB_horisontal-e1734526017575.png","width":668,"height":85,"caption":"Vmsport"},"image":{"@id":"https:\/\/vmsport.fi\/#\/schema\/logo\/image\/"},"sameAs":["https:\/\/www.facebook.com\/Vmsport.fi\/","https:\/\/www.instagram.com\/vmsport\/"]}]}},"global_unique_id":"","_links":{"self":[{"href":"https:\/\/vmsport.fi\/sv\/wp-json\/wp\/v2\/product\/53144","targetHints":{"allow":["GET"]}}],"collection":[{"href":"https:\/\/vmsport.fi\/sv\/wp-json\/wp\/v2\/product"}],"about":[{"href":"https:\/\/vmsport.fi\/sv\/wp-json\/wp\/v2\/types\/product"}],"replies":[{"embeddable":true,"href":"https:\/\/vmsport.fi\/sv\/wp-json\/wp\/v2\/comments?post=53144"}],"wp:featuredmedia":[{"embeddable":true,"href":"https:\/\/vmsport.fi\/sv\/wp-json\/wp\/v2\/media\/53143"}],"wp:attachment":[{"href":"https:\/\/vmsport.fi\/sv\/wp-json\/wp\/v2\/media?parent=53144"}],"wp:term":[{"taxonomy":"product_brand","embeddable":true,"href":"https:\/\/vmsport.fi\/sv\/wp-json\/wp\/v2\/product_brand?post=53144"},{"taxonomy":"product_model","embeddable":true,"href":"https:\/\/vmsport.fi\/sv\/wp-json\/wp\/v2\/product_model?post=53144"},{"taxonomy":"product_cat","embeddable":true,"href":"https:\/\/vmsport.fi\/sv\/wp-json\/wp\/v2\/product_cat?post=53144"},{"taxonomy":"product_tag","embeddable":true,"href":"https:\/\/vmsport.fi\/sv\/wp-json\/wp\/v2\/product_tag?post=53144"},{"taxonomy":"industry_terminology","embeddable":true,"href":"https:\/\/vmsport.fi\/sv\/wp-json\/wp\/v2\/industry-terminology?post=53144"}],"curies":[{"name":"wp","href":"https:\/\/api.w.org\/{rel}","templated":true}]}}