{"id":53141,"date":"2025-03-05T23:37:43","date_gmt":"2025-03-05T21:37:43","guid":{"rendered":"https:\/\/vmsport.fi\/verkkokauppa\/Ei-luokiteltu\/muc-off-silicon-shine-500ml\/"},"modified":"2026-04-05T03:00:26","modified_gmt":"2026-04-05T00:00:26","slug":"muc-off-silikon-glans-500ml","status":"publish","type":"product","link":"https:\/\/vmsport.fi\/sv\/verkkokauppa\/tarvikkeet\/huolto-ja-pesu\/puhdistusaineet\/muc-off-silicon-shine-500ml\/","title":{"rendered":"Muc-Off Silicon Shine 500ml"},"content":{"rendered":"<p>Muc-Off Silicon Shine 500 ml ger din cykel en glans som ny genom att skydda metall, plast och gummi. Den minskar friktionen, s\u00e4rskilt i fj\u00e4dringskomponenter, vilket g\u00f6r din k\u00f6rning mjukare och minskar ansamlingen av smutspartiklar. N\u00e4r du anv\u00e4nder produkten \u00e4r det viktigt att skydda bromsskivorna och reng\u00f6ra cykeln noggrant f\u00f6rst. Skaka flaskan f\u00f6r att aktivera silikonkompositionen och spraya sedan produkten j\u00e4mnt \u00f6ver rena ytor, undvik kontakt med d\u00e4ckm\u00f6nster och bromskomponenter. Torka av de behandlade ytorna med en mikrofiberduk s\u00e5 att de blir torra och blanka. Aerosolen \u00e4r mycket brandfarlig och kan orsaka hudirritation och skada vattenlevande organismer och b\u00f6r d\u00e4rf\u00f6r hanteras med f\u00f6rsiktighet. Denna hjulv\u00e5rdsspray \u00e4r flytande och l\u00e4mplig f\u00f6r alla typer av cyklar, och hj\u00e4lper inte bara till att h\u00e5lla din cykel snygg utan ocks\u00e5 att f\u00f6rb\u00e4ttra dess prestanda genom att h\u00e5lla fj\u00e4dringsdelar och ytor i gott skick.<\/p>","protected":false},"excerpt":{"rendered":"<p>Muc-Off Silicon Shine 500 ml antaa py\u00f6r\u00e4llesi uudenveroisen kiillon suojaamalla metallia, muovia ja kumia. Se v\u00e4hent\u00e4\u00e4 kitkaa erityisesti jousitusosissa, mik\u00e4 tekee ajamisesta sujuvampaa ja v\u00e4hent\u00e4\u00e4 likahiukkasten kertymist\u00e4. Tuotteen k\u00e4yt\u00f6n aikana on t\u00e4rke\u00e4\u00e4 suojata jarrulevyt ja puhdistaa py\u00f6r\u00e4 ensin huolellisesti. Ravista pulloa aktivoidaksesi silikonikoostumuksen, jonka j\u00e4lkeen suihkuta tuotetta tasaisesti puhtaille pinnoille, kuitenkin v\u00e4ltt\u00e4en kosketusta renkaiden kulutuspintoihin [&#8230;]<\/p>\n<p><a class=\"btn btn-secondary understrap-read-more-link\" href=\"https:\/\/vmsport.fi\/sv\/verkkokauppa\/tarvikkeet\/huolto-ja-pesu\/puhdistusaineet\/muc-off-silicon-shine-500ml\/\">L\u00e4s mer \u2026<span class=\"screen-reader-text\"> from Muc-Off Silicon Shine 500ml<\/span><\/a><\/p>\n","protected":false},"featured_media":53139,"comment_status":"open","ping_status":"closed","template":"","meta":{"_acf_changed":false,"_improvement_type_select":"improve_an_existing","_thumb_yes_seoaic":false,"_frame_yes_seoaic":false,"seoaic_generate_description":"","seoaic_improve_instructions_prompt":"","seoaic_rollback_content_improvement":"","seoaic_idea_thumbnail_generator":"","thumbnail_generated":false,"thumbnail_generate_prompt":"","seoaic_article_description":"","_supplier_stock_quantity":0},"product_brand":[1584],"product_model":[],"product_cat":[9358],"product_tag":[],"industry-terminology":[],"class_list":{"0":"post-53141","1":"product","2":"type-product","3":"status-publish","4":"has-post-thumbnail","6":"product_brand-muc-off","7":"product_cat-puhdistusaineet","9":"first","10":"instock","11":"taxable","12":"shipping-taxable","13":"purchasable","14":"product-type-simple"},"acf":{"bike_features":null,"overview":{"copy_overview":null,"key_features":null,"statement":"","youtube_url":""}},"yoast_head":"<!-- This site is optimized with the Yoast SEO plugin v27.4 - https:\/\/yoast.com\/product\/yoast-seo-wordpress\/ -->\n<title>Muc-Off Silicon Shine 500ml - VM Sport<\/title>\n<meta name=\"robots\" content=\"index, follow, max-snippet:-1, max-image-preview:large, max-video-preview:-1\" \/>\n<link rel=\"canonical\" href=\"https:\/\/vmsport.fi\/sv\/webbutik\/tillbehor\/tyokalut\/muc-off-silikon-glans-500ml\/\" \/>\n<meta property=\"og:locale\" content=\"sv_SE\" \/>\n<meta property=\"og:type\" content=\"article\" \/>\n<meta property=\"og:title\" content=\"Muc-Off Silicon Shine 500ml - VM Sport\" \/>\n<meta property=\"og:description\" content=\"Muc-Off Silicon Shine 500 ml antaa py\u00f6r\u00e4llesi uudenveroisen kiillon suojaamalla metallia, muovia ja kumia. Se v\u00e4hent\u00e4\u00e4 kitkaa erityisesti jousitusosissa, mik\u00e4 tekee ajamisesta sujuvampaa ja v\u00e4hent\u00e4\u00e4 likahiukkasten kertymist\u00e4. Tuotteen k\u00e4yt\u00f6n aikana on t\u00e4rke\u00e4\u00e4 suojata jarrulevyt ja puhdistaa py\u00f6r\u00e4 ensin huolellisesti. Ravista pulloa aktivoidaksesi silikonikoostumuksen, jonka j\u00e4lkeen suihkuta tuotetta tasaisesti puhtaille pinnoille, kuitenkin v\u00e4ltt\u00e4en kosketusta renkaiden kulutuspintoihin [...]L\u00e4s mer \u2026 from Muc-Off Silicon Shine 500ml\" \/>\n<meta property=\"og:url\" content=\"https:\/\/vmsport.fi\/sv\/webbutik\/tillbehor\/tyokalut\/muc-off-silikon-glans-500ml\/\" \/>\n<meta property=\"og:site_name\" content=\"VM Sport\" \/>\n<meta property=\"article:publisher\" content=\"https:\/\/www.facebook.com\/Vmsport.fi\/\" \/>\n<meta property=\"article:modified_time\" content=\"2026-04-05T00:00:26+00:00\" \/>\n<meta property=\"og:image\" content=\"https:\/\/vmsport.fi\/wp-content\/uploads\/2025\/03\/227-S-1.jpg\" \/>\n\t<meta property=\"og:image:width\" content=\"221\" \/>\n\t<meta property=\"og:image:height\" content=\"800\" \/>\n\t<meta property=\"og:image:type\" content=\"image\/jpeg\" \/>\n<meta name=\"twitter:card\" content=\"summary_large_image\" \/>\n<meta name=\"twitter:label1\" content=\"Ber\u00e4knad l\u00e4stid\" \/>\n\t<meta name=\"twitter:data1\" content=\"1 minut\" \/>\n<script type=\"application\/ld+json\" class=\"yoast-schema-graph\">{\"@context\":\"https:\\\/\\\/schema.org\",\"@graph\":[{\"@type\":[\"WebPage\",\"ItemPage\"],\"@id\":\"https:\\\/\\\/vmsport.fi\\\/verkkokauppa\\\/tarvikkeet\\\/tyokalut\\\/muc-off-silicon-shine-500ml\\\/\",\"url\":\"https:\\\/\\\/vmsport.fi\\\/verkkokauppa\\\/tarvikkeet\\\/tyokalut\\\/muc-off-silicon-shine-500ml\\\/\",\"name\":\"Muc-Off Silicon Shine 500ml - VM Sport\",\"isPartOf\":{\"@id\":\"https:\\\/\\\/vmsport.fi\\\/#website\"},\"primaryImageOfPage\":{\"@id\":\"https:\\\/\\\/vmsport.fi\\\/verkkokauppa\\\/tarvikkeet\\\/tyokalut\\\/muc-off-silicon-shine-500ml\\\/#primaryimage\"},\"image\":{\"@id\":\"https:\\\/\\\/vmsport.fi\\\/verkkokauppa\\\/tarvikkeet\\\/tyokalut\\\/muc-off-silicon-shine-500ml\\\/#primaryimage\"},\"thumbnailUrl\":\"https:\\\/\\\/vmsport.fi\\\/wp-content\\\/uploads\\\/2025\\\/03\\\/227-S-1.jpg\",\"datePublished\":\"2025-03-05T21:37:43+00:00\",\"dateModified\":\"2026-04-05T00:00:26+00:00\",\"breadcrumb\":{\"@id\":\"https:\\\/\\\/vmsport.fi\\\/verkkokauppa\\\/tarvikkeet\\\/tyokalut\\\/muc-off-silicon-shine-500ml\\\/#breadcrumb\"},\"inLanguage\":\"sv-SE\",\"potentialAction\":[{\"@type\":\"ReadAction\",\"target\":[\"https:\\\/\\\/vmsport.fi\\\/verkkokauppa\\\/tarvikkeet\\\/tyokalut\\\/muc-off-silicon-shine-500ml\\\/\"]}]},{\"@type\":\"ImageObject\",\"inLanguage\":\"sv-SE\",\"@id\":\"https:\\\/\\\/vmsport.fi\\\/verkkokauppa\\\/tarvikkeet\\\/tyokalut\\\/muc-off-silicon-shine-500ml\\\/#primaryimage\",\"url\":\"https:\\\/\\\/vmsport.fi\\\/wp-content\\\/uploads\\\/2025\\\/03\\\/227-S-1.jpg\",\"contentUrl\":\"https:\\\/\\\/vmsport.fi\\\/wp-content\\\/uploads\\\/2025\\\/03\\\/227-S-1.jpg\",\"width\":221,\"height\":800,\"caption\":\"227-S\"},{\"@type\":\"BreadcrumbList\",\"@id\":\"https:\\\/\\\/vmsport.fi\\\/verkkokauppa\\\/tarvikkeet\\\/tyokalut\\\/muc-off-silicon-shine-500ml\\\/#breadcrumb\",\"itemListElement\":[{\"@type\":\"ListItem\",\"position\":1,\"name\":\"Etusivu\",\"item\":\"https:\\\/\\\/vmsport.fi\\\/\"},{\"@type\":\"ListItem\",\"position\":2,\"name\":\"Online Store\",\"item\":\"https:\\\/\\\/vmsport.fi\\\/en\\\/online-store\\\/\"},{\"@type\":\"ListItem\",\"position\":3,\"name\":\"Muc-Off Silicon Shine 500ml\"}]},{\"@type\":\"WebSite\",\"@id\":\"https:\\\/\\\/vmsport.fi\\\/#website\",\"url\":\"https:\\\/\\\/vmsport.fi\\\/\",\"name\":\"Vmsport\",\"description\":\"Kaikki py\u00f6r\u00e4ilyyn yhdest\u00e4 paikasta\",\"publisher\":{\"@id\":\"https:\\\/\\\/vmsport.fi\\\/#organization\"},\"potentialAction\":[{\"@type\":\"SearchAction\",\"target\":{\"@type\":\"EntryPoint\",\"urlTemplate\":\"https:\\\/\\\/vmsport.fi\\\/?s={search_term_string}\"},\"query-input\":{\"@type\":\"PropertyValueSpecification\",\"valueRequired\":true,\"valueName\":\"search_term_string\"}}],\"inLanguage\":\"sv-SE\"},{\"@type\":\"Organization\",\"@id\":\"https:\\\/\\\/vmsport.fi\\\/#organization\",\"name\":\"Vmsport\",\"url\":\"https:\\\/\\\/vmsport.fi\\\/\",\"logo\":{\"@type\":\"ImageObject\",\"inLanguage\":\"sv-SE\",\"@id\":\"https:\\\/\\\/vmsport.fi\\\/#\\\/schema\\\/logo\\\/image\\\/\",\"url\":\"https:\\\/\\\/vmsport.fi\\\/wp-content\\\/uploads\\\/2024\\\/12\\\/vm_sport_RGB_horisontal-e1734526017575.png\",\"contentUrl\":\"https:\\\/\\\/vmsport.fi\\\/wp-content\\\/uploads\\\/2024\\\/12\\\/vm_sport_RGB_horisontal-e1734526017575.png\",\"width\":668,\"height\":85,\"caption\":\"Vmsport\"},\"image\":{\"@id\":\"https:\\\/\\\/vmsport.fi\\\/#\\\/schema\\\/logo\\\/image\\\/\"},\"sameAs\":[\"https:\\\/\\\/www.facebook.com\\\/Vmsport.fi\\\/\",\"https:\\\/\\\/www.instagram.com\\\/vmsport\\\/\"]}]}<\/script>\n<!-- \/ Yoast SEO plugin. -->","yoast_head_json":{"title":"Muc-Off Silicon Shine 500ml - VM Sport","robots":{"index":"index","follow":"follow","max-snippet":"max-snippet:-1","max-image-preview":"max-image-preview:large","max-video-preview":"max-video-preview:-1"},"canonical":"https:\/\/vmsport.fi\/sv\/webbutik\/tillbehor\/tyokalut\/muc-off-silikon-glans-500ml\/","og_locale":"sv_SE","og_type":"article","og_title":"Muc-Off Silicon Shine 500ml - VM Sport","og_description":"Muc-Off Silicon Shine 500 ml antaa py\u00f6r\u00e4llesi uudenveroisen kiillon suojaamalla metallia, muovia ja kumia. Se v\u00e4hent\u00e4\u00e4 kitkaa erityisesti jousitusosissa, mik\u00e4 tekee ajamisesta sujuvampaa ja v\u00e4hent\u00e4\u00e4 likahiukkasten kertymist\u00e4. Tuotteen k\u00e4yt\u00f6n aikana on t\u00e4rke\u00e4\u00e4 suojata jarrulevyt ja puhdistaa py\u00f6r\u00e4 ensin huolellisesti. Ravista pulloa aktivoidaksesi silikonikoostumuksen, jonka j\u00e4lkeen suihkuta tuotetta tasaisesti puhtaille pinnoille, kuitenkin v\u00e4ltt\u00e4en kosketusta renkaiden kulutuspintoihin [...]L\u00e4s mer \u2026 from Muc-Off Silicon Shine 500ml","og_url":"https:\/\/vmsport.fi\/sv\/webbutik\/tillbehor\/tyokalut\/muc-off-silikon-glans-500ml\/","og_site_name":"VM Sport","article_publisher":"https:\/\/www.facebook.com\/Vmsport.fi\/","article_modified_time":"2026-04-05T00:00:26+00:00","og_image":[{"width":221,"height":800,"url":"https:\/\/vmsport.fi\/wp-content\/uploads\/2025\/03\/227-S-1.jpg","type":"image\/jpeg"}],"twitter_card":"summary_large_image","twitter_misc":{"Ber\u00e4knad l\u00e4stid":"1 minut"},"schema":{"@context":"https:\/\/schema.org","@graph":[{"@type":["WebPage","ItemPage"],"@id":"https:\/\/vmsport.fi\/verkkokauppa\/tarvikkeet\/tyokalut\/muc-off-silicon-shine-500ml\/","url":"https:\/\/vmsport.fi\/verkkokauppa\/tarvikkeet\/tyokalut\/muc-off-silicon-shine-500ml\/","name":"Muc-Off Silicon Shine 500ml - VM Sport","isPartOf":{"@id":"https:\/\/vmsport.fi\/#website"},"primaryImageOfPage":{"@id":"https:\/\/vmsport.fi\/verkkokauppa\/tarvikkeet\/tyokalut\/muc-off-silicon-shine-500ml\/#primaryimage"},"image":{"@id":"https:\/\/vmsport.fi\/verkkokauppa\/tarvikkeet\/tyokalut\/muc-off-silicon-shine-500ml\/#primaryimage"},"thumbnailUrl":"https:\/\/vmsport.fi\/wp-content\/uploads\/2025\/03\/227-S-1.jpg","datePublished":"2025-03-05T21:37:43+00:00","dateModified":"2026-04-05T00:00:26+00:00","breadcrumb":{"@id":"https:\/\/vmsport.fi\/verkkokauppa\/tarvikkeet\/tyokalut\/muc-off-silicon-shine-500ml\/#breadcrumb"},"inLanguage":"sv-SE","potentialAction":[{"@type":"ReadAction","target":["https:\/\/vmsport.fi\/verkkokauppa\/tarvikkeet\/tyokalut\/muc-off-silicon-shine-500ml\/"]}]},{"@type":"ImageObject","inLanguage":"sv-SE","@id":"https:\/\/vmsport.fi\/verkkokauppa\/tarvikkeet\/tyokalut\/muc-off-silicon-shine-500ml\/#primaryimage","url":"https:\/\/vmsport.fi\/wp-content\/uploads\/2025\/03\/227-S-1.jpg","contentUrl":"https:\/\/vmsport.fi\/wp-content\/uploads\/2025\/03\/227-S-1.jpg","width":221,"height":800,"caption":"227-S"},{"@type":"BreadcrumbList","@id":"https:\/\/vmsport.fi\/verkkokauppa\/tarvikkeet\/tyokalut\/muc-off-silicon-shine-500ml\/#breadcrumb","itemListElement":[{"@type":"ListItem","position":1,"name":"Etusivu","item":"https:\/\/vmsport.fi\/"},{"@type":"ListItem","position":2,"name":"Online Store","item":"https:\/\/vmsport.fi\/en\/online-store\/"},{"@type":"ListItem","position":3,"name":"Muc-Off Silicon Shine 500ml"}]},{"@type":"WebSite","@id":"https:\/\/vmsport.fi\/#website","url":"https:\/\/vmsport.fi\/","name":"Vmsport","description":"Allt p\u00e5 ett st\u00e4lle f\u00f6r cykling","publisher":{"@id":"https:\/\/vmsport.fi\/#organization"},"potentialAction":[{"@type":"SearchAction","target":{"@type":"EntryPoint","urlTemplate":"https:\/\/vmsport.fi\/?s={search_term_string}"},"query-input":{"@type":"PropertyValueSpecification","valueRequired":true,"valueName":"search_term_string"}}],"inLanguage":"sv-SE"},{"@type":"Organization","@id":"https:\/\/vmsport.fi\/#organization","name":"Vmsport","url":"https:\/\/vmsport.fi\/","logo":{"@type":"ImageObject","inLanguage":"sv-SE","@id":"https:\/\/vmsport.fi\/#\/schema\/logo\/image\/","url":"https:\/\/vmsport.fi\/wp-content\/uploads\/2024\/12\/vm_sport_RGB_horisontal-e1734526017575.png","contentUrl":"https:\/\/vmsport.fi\/wp-content\/uploads\/2024\/12\/vm_sport_RGB_horisontal-e1734526017575.png","width":668,"height":85,"caption":"Vmsport"},"image":{"@id":"https:\/\/vmsport.fi\/#\/schema\/logo\/image\/"},"sameAs":["https:\/\/www.facebook.com\/Vmsport.fi\/","https:\/\/www.instagram.com\/vmsport\/"]}]}},"global_unique_id":"","_links":{"self":[{"href":"https:\/\/vmsport.fi\/sv\/wp-json\/wp\/v2\/product\/53141","targetHints":{"allow":["GET"]}}],"collection":[{"href":"https:\/\/vmsport.fi\/sv\/wp-json\/wp\/v2\/product"}],"about":[{"href":"https:\/\/vmsport.fi\/sv\/wp-json\/wp\/v2\/types\/product"}],"replies":[{"embeddable":true,"href":"https:\/\/vmsport.fi\/sv\/wp-json\/wp\/v2\/comments?post=53141"}],"wp:featuredmedia":[{"embeddable":true,"href":"https:\/\/vmsport.fi\/sv\/wp-json\/wp\/v2\/media\/53139"}],"wp:attachment":[{"href":"https:\/\/vmsport.fi\/sv\/wp-json\/wp\/v2\/media?parent=53141"}],"wp:term":[{"taxonomy":"product_brand","embeddable":true,"href":"https:\/\/vmsport.fi\/sv\/wp-json\/wp\/v2\/product_brand?post=53141"},{"taxonomy":"product_model","embeddable":true,"href":"https:\/\/vmsport.fi\/sv\/wp-json\/wp\/v2\/product_model?post=53141"},{"taxonomy":"product_cat","embeddable":true,"href":"https:\/\/vmsport.fi\/sv\/wp-json\/wp\/v2\/product_cat?post=53141"},{"taxonomy":"product_tag","embeddable":true,"href":"https:\/\/vmsport.fi\/sv\/wp-json\/wp\/v2\/product_tag?post=53141"},{"taxonomy":"industry_terminology","embeddable":true,"href":"https:\/\/vmsport.fi\/sv\/wp-json\/wp\/v2\/industry-terminology?post=53141"}],"curies":[{"name":"wp","href":"https:\/\/api.w.org\/{rel}","templated":true}]}}