{"id":53119,"date":"2025-03-05T23:37:20","date_gmt":"2025-03-05T21:37:20","guid":{"rendered":"https:\/\/vmsport.fi\/verkkokauppa\/Ei-luokiteltu\/muc-off-wet-weather-lube\/"},"modified":"2026-01-16T13:25:35","modified_gmt":"2026-01-16T11:25:35","slug":"muc-off-glidmedel-for-vatt-vader","status":"publish","type":"product","link":"https:\/\/vmsport.fi\/sv\/verkkokauppa\/tarvikkeet\/huolto-ja-pesu\/voiteluaineet\/muc-off-wet-weather-lube\/","title":{"rendered":"MUC-OFF sm\u00f6rjmedel f\u00f6r v\u00e5tt v\u00e4der"},"content":{"rendered":"<p>MUC-OFF Wet Weather Lube \u00e4r ett h\u00f6gkvalitativt sm\u00f6rjmedel f\u00f6r hjulkedjor som \u00e4r speciellt framtaget f\u00f6r utmanande v\u00e5ta och leriga f\u00f6rh\u00e5llanden. Det hj\u00e4lper till att v\u00e4xla mjukt och minskar friktionen och energif\u00f6rbrukningen. Dess kraftfulla vattenavvisande egenskaper ger optimalt skydd f\u00f6r kedjan och hjulkomponenterna. Den \u00e4r speciellt utvecklad f\u00f6r l\u00e5nga cykelturer och tr\u00e4nger djupt in i kedjel\u00e4nkarna f\u00f6r att ge l\u00e5ngvarig sm\u00f6rjning och topprestanda.<\/p>\n<p>MUC-OFF Wet Weather Lube \u00e4r ocks\u00e5 ett milj\u00f6v\u00e4nligt val eftersom det \u00e4r baserat p\u00e5 vegetabiliska oljor och \u00e4r biologiskt nedbrytbart, vilket bidrar till h\u00e5llbar utveckling och milj\u00f6skydd. Pipettsystemet s\u00e4kerst\u00e4ller enkel och exakt applicering, vilket minimerar spill av sm\u00f6rjmedel. Den \u00e4r l\u00e4mplig f\u00f6r alla typer av cyklar, oavsett om det \u00e4r mountainbikes, landsv\u00e4gscyklar eller cyclocrosscyklar.<\/p>","protected":false},"excerpt":{"rendered":"<p>MUC-OFF Wet Weather Lube on huippulaatuinen py\u00f6r\u00e4ketjujen voiteluaine, joka on suunniteltu erityisesti haastaviin m\u00e4rkiin ja mutaisiin olosuhteisiin. Sen avulla vaihteet vaihtuvat sujuvasti ja se v\u00e4hent\u00e4\u00e4 kitkaa sek\u00e4 energiankulutusta. Tehokas vedenhylkimisominaisuus suojaa ketjua ja py\u00f6r\u00e4n osia optimaalisesti. Erityisesti pitkille ajomatkoille kehitettyn\u00e4 se tunkeutuu syv\u00e4lle ketjun lenkkeihin tarjoten pitk\u00e4kestoista voitelua ja huippusuorituskyky\u00e4. MUC-OFF Wet Weather Lube on [&#8230;]<\/p>\n<p><a class=\"btn btn-secondary understrap-read-more-link\" href=\"https:\/\/vmsport.fi\/sv\/verkkokauppa\/tarvikkeet\/huolto-ja-pesu\/voiteluaineet\/muc-off-wet-weather-lube\/\">L\u00e4s mer \u2026<span class=\"screen-reader-text\"> from MUC-OFF Wet Weather Lube<\/span><\/a><\/p>\n","protected":false},"featured_media":53118,"comment_status":"open","ping_status":"closed","template":"","meta":{"_acf_changed":false,"_improvement_type_select":"improve_an_existing","_thumb_yes_seoaic":false,"_frame_yes_seoaic":false,"seoaic_generate_description":"","seoaic_improve_instructions_prompt":"","seoaic_rollback_content_improvement":"","seoaic_idea_thumbnail_generator":"","thumbnail_generated":false,"thumbnail_generate_prompt":"","seoaic_article_description":"","_supplier_stock_quantity":0},"product_brand":[1584],"product_model":[],"product_cat":[9362],"product_tag":[],"industry-terminology":[],"class_list":{"0":"post-53119","1":"product","2":"type-product","3":"status-publish","4":"has-post-thumbnail","6":"product_brand-muc-off","7":"product_cat-voiteluaineet","9":"first","10":"outofstock","11":"taxable","12":"shipping-taxable","13":"product-type-simple"},"acf":{"bike_features":null,"overview":{"copy_overview":null,"key_features":null,"statement":"","youtube_url":""}},"yoast_head":"<!-- This site is optimized with the Yoast SEO plugin v27.3 - https:\/\/yoast.com\/product\/yoast-seo-wordpress\/ -->\n<title>MUC-OFF Wet Weather Lube - VM Sport<\/title>\n<meta name=\"robots\" content=\"index, follow, max-snippet:-1, max-image-preview:large, max-video-preview:-1\" \/>\n<link rel=\"canonical\" href=\"https:\/\/vmsport.fi\/sv\/webbutik\/tillbehor\/underhall-och-tvatt\/smorjmedel\/muc-off-glidmedel-for-vatt-vader\/\" \/>\n<meta property=\"og:locale\" content=\"sv_SE\" \/>\n<meta property=\"og:type\" content=\"article\" \/>\n<meta property=\"og:title\" content=\"MUC-OFF Wet Weather Lube - VM Sport\" \/>\n<meta property=\"og:description\" content=\"MUC-OFF Wet Weather Lube on huippulaatuinen py\u00f6r\u00e4ketjujen voiteluaine, joka on suunniteltu erityisesti haastaviin m\u00e4rkiin ja mutaisiin olosuhteisiin. Sen avulla vaihteet vaihtuvat sujuvasti ja se v\u00e4hent\u00e4\u00e4 kitkaa sek\u00e4 energiankulutusta. Tehokas vedenhylkimisominaisuus suojaa ketjua ja py\u00f6r\u00e4n osia optimaalisesti. Erityisesti pitkille ajomatkoille kehitettyn\u00e4 se tunkeutuu syv\u00e4lle ketjun lenkkeihin tarjoten pitk\u00e4kestoista voitelua ja huippusuorituskyky\u00e4. MUC-OFF Wet Weather Lube on [...]L\u00e4s mer \u2026 from MUC-OFF Wet Weather Lube\" \/>\n<meta property=\"og:url\" content=\"https:\/\/vmsport.fi\/sv\/webbutik\/tillbehor\/underhall-och-tvatt\/smorjmedel\/muc-off-glidmedel-for-vatt-vader\/\" \/>\n<meta property=\"og:site_name\" content=\"VM Sport\" \/>\n<meta property=\"article:publisher\" content=\"https:\/\/www.facebook.com\/Vmsport.fi\/\" \/>\n<meta property=\"article:modified_time\" content=\"2026-01-16T11:25:35+00:00\" \/>\n<meta property=\"og:image\" content=\"https:\/\/vmsport.fi\/wp-content\/uploads\/2025\/03\/mPMTQxZ0goiP1ldrXmiTPYYXn0fLkQGCY8ToTZkTWZClN0hbAP-1.jpg\" \/>\n\t<meta property=\"og:image:width\" content=\"800\" \/>\n\t<meta property=\"og:image:height\" content=\"800\" \/>\n\t<meta property=\"og:image:type\" content=\"image\/jpeg\" \/>\n<meta name=\"twitter:card\" content=\"summary_large_image\" \/>\n<meta name=\"twitter:label1\" content=\"Ber\u00e4knad l\u00e4stid\" \/>\n\t<meta name=\"twitter:data1\" content=\"1 minut\" \/>\n<script type=\"application\/ld+json\" class=\"yoast-schema-graph\">{\"@context\":\"https:\\\/\\\/schema.org\",\"@graph\":[{\"@type\":[\"WebPage\",\"ItemPage\"],\"@id\":\"https:\\\/\\\/vmsport.fi\\\/verkkokauppa\\\/tarvikkeet\\\/huolto-ja-pesu\\\/voiteluaineet\\\/muc-off-wet-weather-lube\\\/\",\"url\":\"https:\\\/\\\/vmsport.fi\\\/verkkokauppa\\\/tarvikkeet\\\/huolto-ja-pesu\\\/voiteluaineet\\\/muc-off-wet-weather-lube\\\/\",\"name\":\"MUC-OFF Wet Weather Lube - VM Sport\",\"isPartOf\":{\"@id\":\"https:\\\/\\\/vmsport.fi\\\/#website\"},\"primaryImageOfPage\":{\"@id\":\"https:\\\/\\\/vmsport.fi\\\/verkkokauppa\\\/tarvikkeet\\\/huolto-ja-pesu\\\/voiteluaineet\\\/muc-off-wet-weather-lube\\\/#primaryimage\"},\"image\":{\"@id\":\"https:\\\/\\\/vmsport.fi\\\/verkkokauppa\\\/tarvikkeet\\\/huolto-ja-pesu\\\/voiteluaineet\\\/muc-off-wet-weather-lube\\\/#primaryimage\"},\"thumbnailUrl\":\"https:\\\/\\\/vmsport.fi\\\/wp-content\\\/uploads\\\/2025\\\/03\\\/mPMTQxZ0goiP1ldrXmiTPYYXn0fLkQGCY8ToTZkTWZClN0hbAP-1.jpg\",\"datePublished\":\"2025-03-05T21:37:20+00:00\",\"dateModified\":\"2026-01-16T11:25:35+00:00\",\"breadcrumb\":{\"@id\":\"https:\\\/\\\/vmsport.fi\\\/verkkokauppa\\\/tarvikkeet\\\/huolto-ja-pesu\\\/voiteluaineet\\\/muc-off-wet-weather-lube\\\/#breadcrumb\"},\"inLanguage\":\"sv-SE\",\"potentialAction\":[{\"@type\":\"ReadAction\",\"target\":[\"https:\\\/\\\/vmsport.fi\\\/verkkokauppa\\\/tarvikkeet\\\/huolto-ja-pesu\\\/voiteluaineet\\\/muc-off-wet-weather-lube\\\/\"]}]},{\"@type\":\"ImageObject\",\"inLanguage\":\"sv-SE\",\"@id\":\"https:\\\/\\\/vmsport.fi\\\/verkkokauppa\\\/tarvikkeet\\\/huolto-ja-pesu\\\/voiteluaineet\\\/muc-off-wet-weather-lube\\\/#primaryimage\",\"url\":\"https:\\\/\\\/vmsport.fi\\\/wp-content\\\/uploads\\\/2025\\\/03\\\/mPMTQxZ0goiP1ldrXmiTPYYXn0fLkQGCY8ToTZkTWZClN0hbAP-1.jpg\",\"contentUrl\":\"https:\\\/\\\/vmsport.fi\\\/wp-content\\\/uploads\\\/2025\\\/03\\\/mPMTQxZ0goiP1ldrXmiTPYYXn0fLkQGCY8ToTZkTWZClN0hbAP-1.jpg\",\"width\":800,\"height\":800,\"caption\":\"mPMTQxZ0goiP1ldrXmiTPYYXn0fLkQGCY8ToTZkTWZClN0hbAP\"},{\"@type\":\"BreadcrumbList\",\"@id\":\"https:\\\/\\\/vmsport.fi\\\/verkkokauppa\\\/tarvikkeet\\\/huolto-ja-pesu\\\/voiteluaineet\\\/muc-off-wet-weather-lube\\\/#breadcrumb\",\"itemListElement\":[{\"@type\":\"ListItem\",\"position\":1,\"name\":\"Etusivu\",\"item\":\"https:\\\/\\\/vmsport.fi\\\/\"},{\"@type\":\"ListItem\",\"position\":2,\"name\":\"Online Store\",\"item\":\"https:\\\/\\\/vmsport.fi\\\/en\\\/online-store\\\/\"},{\"@type\":\"ListItem\",\"position\":3,\"name\":\"MUC-OFF Wet Weather Lube\"}]},{\"@type\":\"WebSite\",\"@id\":\"https:\\\/\\\/vmsport.fi\\\/#website\",\"url\":\"https:\\\/\\\/vmsport.fi\\\/\",\"name\":\"Vmsport\",\"description\":\"Kaikki py\u00f6r\u00e4ilyyn yhdest\u00e4 paikasta\",\"publisher\":{\"@id\":\"https:\\\/\\\/vmsport.fi\\\/#organization\"},\"potentialAction\":[{\"@type\":\"SearchAction\",\"target\":{\"@type\":\"EntryPoint\",\"urlTemplate\":\"https:\\\/\\\/vmsport.fi\\\/?s={search_term_string}\"},\"query-input\":{\"@type\":\"PropertyValueSpecification\",\"valueRequired\":true,\"valueName\":\"search_term_string\"}}],\"inLanguage\":\"sv-SE\"},{\"@type\":\"Organization\",\"@id\":\"https:\\\/\\\/vmsport.fi\\\/#organization\",\"name\":\"Vmsport\",\"url\":\"https:\\\/\\\/vmsport.fi\\\/\",\"logo\":{\"@type\":\"ImageObject\",\"inLanguage\":\"sv-SE\",\"@id\":\"https:\\\/\\\/vmsport.fi\\\/#\\\/schema\\\/logo\\\/image\\\/\",\"url\":\"https:\\\/\\\/vmsport.fi\\\/wp-content\\\/uploads\\\/2024\\\/12\\\/vm_sport_RGB_horisontal-e1734526017575.png\",\"contentUrl\":\"https:\\\/\\\/vmsport.fi\\\/wp-content\\\/uploads\\\/2024\\\/12\\\/vm_sport_RGB_horisontal-e1734526017575.png\",\"width\":668,\"height\":85,\"caption\":\"Vmsport\"},\"image\":{\"@id\":\"https:\\\/\\\/vmsport.fi\\\/#\\\/schema\\\/logo\\\/image\\\/\"},\"sameAs\":[\"https:\\\/\\\/www.facebook.com\\\/Vmsport.fi\\\/\",\"https:\\\/\\\/www.instagram.com\\\/vmsport\\\/\"]}]}<\/script>\n<!-- \/ Yoast SEO plugin. -->","yoast_head_json":{"title":"MUC-OFF sm\u00f6rjmedel f\u00f6r v\u00e5tt v\u00e4der - VM Sport","robots":{"index":"index","follow":"follow","max-snippet":"max-snippet:-1","max-image-preview":"max-image-preview:large","max-video-preview":"max-video-preview:-1"},"canonical":"https:\/\/vmsport.fi\/sv\/webbutik\/tillbehor\/underhall-och-tvatt\/smorjmedel\/muc-off-glidmedel-for-vatt-vader\/","og_locale":"sv_SE","og_type":"article","og_title":"MUC-OFF Wet Weather Lube - VM Sport","og_description":"MUC-OFF Wet Weather Lube on huippulaatuinen py\u00f6r\u00e4ketjujen voiteluaine, joka on suunniteltu erityisesti haastaviin m\u00e4rkiin ja mutaisiin olosuhteisiin. Sen avulla vaihteet vaihtuvat sujuvasti ja se v\u00e4hent\u00e4\u00e4 kitkaa sek\u00e4 energiankulutusta. Tehokas vedenhylkimisominaisuus suojaa ketjua ja py\u00f6r\u00e4n osia optimaalisesti. Erityisesti pitkille ajomatkoille kehitettyn\u00e4 se tunkeutuu syv\u00e4lle ketjun lenkkeihin tarjoten pitk\u00e4kestoista voitelua ja huippusuorituskyky\u00e4. MUC-OFF Wet Weather Lube on [...]L\u00e4s mer \u2026 from MUC-OFF Wet Weather Lube","og_url":"https:\/\/vmsport.fi\/sv\/webbutik\/tillbehor\/underhall-och-tvatt\/smorjmedel\/muc-off-glidmedel-for-vatt-vader\/","og_site_name":"VM Sport","article_publisher":"https:\/\/www.facebook.com\/Vmsport.fi\/","article_modified_time":"2026-01-16T11:25:35+00:00","og_image":[{"width":800,"height":800,"url":"https:\/\/vmsport.fi\/wp-content\/uploads\/2025\/03\/mPMTQxZ0goiP1ldrXmiTPYYXn0fLkQGCY8ToTZkTWZClN0hbAP-1.jpg","type":"image\/jpeg"}],"twitter_card":"summary_large_image","twitter_misc":{"Ber\u00e4knad l\u00e4stid":"1 minut"},"schema":{"@context":"https:\/\/schema.org","@graph":[{"@type":["WebPage","ItemPage"],"@id":"https:\/\/vmsport.fi\/verkkokauppa\/tarvikkeet\/huolto-ja-pesu\/voiteluaineet\/muc-off-wet-weather-lube\/","url":"https:\/\/vmsport.fi\/verkkokauppa\/tarvikkeet\/huolto-ja-pesu\/voiteluaineet\/muc-off-wet-weather-lube\/","name":"MUC-OFF sm\u00f6rjmedel f\u00f6r v\u00e5tt v\u00e4der - VM Sport","isPartOf":{"@id":"https:\/\/vmsport.fi\/#website"},"primaryImageOfPage":{"@id":"https:\/\/vmsport.fi\/verkkokauppa\/tarvikkeet\/huolto-ja-pesu\/voiteluaineet\/muc-off-wet-weather-lube\/#primaryimage"},"image":{"@id":"https:\/\/vmsport.fi\/verkkokauppa\/tarvikkeet\/huolto-ja-pesu\/voiteluaineet\/muc-off-wet-weather-lube\/#primaryimage"},"thumbnailUrl":"https:\/\/vmsport.fi\/wp-content\/uploads\/2025\/03\/mPMTQxZ0goiP1ldrXmiTPYYXn0fLkQGCY8ToTZkTWZClN0hbAP-1.jpg","datePublished":"2025-03-05T21:37:20+00:00","dateModified":"2026-01-16T11:25:35+00:00","breadcrumb":{"@id":"https:\/\/vmsport.fi\/verkkokauppa\/tarvikkeet\/huolto-ja-pesu\/voiteluaineet\/muc-off-wet-weather-lube\/#breadcrumb"},"inLanguage":"sv-SE","potentialAction":[{"@type":"ReadAction","target":["https:\/\/vmsport.fi\/verkkokauppa\/tarvikkeet\/huolto-ja-pesu\/voiteluaineet\/muc-off-wet-weather-lube\/"]}]},{"@type":"ImageObject","inLanguage":"sv-SE","@id":"https:\/\/vmsport.fi\/verkkokauppa\/tarvikkeet\/huolto-ja-pesu\/voiteluaineet\/muc-off-wet-weather-lube\/#primaryimage","url":"https:\/\/vmsport.fi\/wp-content\/uploads\/2025\/03\/mPMTQxZ0goiP1ldrXmiTPYYXn0fLkQGCY8ToTZkTWZClN0hbAP-1.jpg","contentUrl":"https:\/\/vmsport.fi\/wp-content\/uploads\/2025\/03\/mPMTQxZ0goiP1ldrXmiTPYYXn0fLkQGCY8ToTZkTWZClN0hbAP-1.jpg","width":800,"height":800,"caption":"mPMTQxZ0goiP1ldrXmiTPYYXn0fLkQGCY8ToTZkTWZClN0hbAP"},{"@type":"BreadcrumbList","@id":"https:\/\/vmsport.fi\/verkkokauppa\/tarvikkeet\/huolto-ja-pesu\/voiteluaineet\/muc-off-wet-weather-lube\/#breadcrumb","itemListElement":[{"@type":"ListItem","position":1,"name":"Etusivu","item":"https:\/\/vmsport.fi\/"},{"@type":"ListItem","position":2,"name":"Online Store","item":"https:\/\/vmsport.fi\/en\/online-store\/"},{"@type":"ListItem","position":3,"name":"MUC-OFF Wet Weather Lube"}]},{"@type":"WebSite","@id":"https:\/\/vmsport.fi\/#website","url":"https:\/\/vmsport.fi\/","name":"Vmsport","description":"Allt p\u00e5 ett st\u00e4lle f\u00f6r cykling","publisher":{"@id":"https:\/\/vmsport.fi\/#organization"},"potentialAction":[{"@type":"SearchAction","target":{"@type":"EntryPoint","urlTemplate":"https:\/\/vmsport.fi\/?s={search_term_string}"},"query-input":{"@type":"PropertyValueSpecification","valueRequired":true,"valueName":"search_term_string"}}],"inLanguage":"sv-SE"},{"@type":"Organization","@id":"https:\/\/vmsport.fi\/#organization","name":"Vmsport","url":"https:\/\/vmsport.fi\/","logo":{"@type":"ImageObject","inLanguage":"sv-SE","@id":"https:\/\/vmsport.fi\/#\/schema\/logo\/image\/","url":"https:\/\/vmsport.fi\/wp-content\/uploads\/2024\/12\/vm_sport_RGB_horisontal-e1734526017575.png","contentUrl":"https:\/\/vmsport.fi\/wp-content\/uploads\/2024\/12\/vm_sport_RGB_horisontal-e1734526017575.png","width":668,"height":85,"caption":"Vmsport"},"image":{"@id":"https:\/\/vmsport.fi\/#\/schema\/logo\/image\/"},"sameAs":["https:\/\/www.facebook.com\/Vmsport.fi\/","https:\/\/www.instagram.com\/vmsport\/"]}]}},"global_unique_id":"","_links":{"self":[{"href":"https:\/\/vmsport.fi\/sv\/wp-json\/wp\/v2\/product\/53119","targetHints":{"allow":["GET"]}}],"collection":[{"href":"https:\/\/vmsport.fi\/sv\/wp-json\/wp\/v2\/product"}],"about":[{"href":"https:\/\/vmsport.fi\/sv\/wp-json\/wp\/v2\/types\/product"}],"replies":[{"embeddable":true,"href":"https:\/\/vmsport.fi\/sv\/wp-json\/wp\/v2\/comments?post=53119"}],"wp:featuredmedia":[{"embeddable":true,"href":"https:\/\/vmsport.fi\/sv\/wp-json\/wp\/v2\/media\/53118"}],"wp:attachment":[{"href":"https:\/\/vmsport.fi\/sv\/wp-json\/wp\/v2\/media?parent=53119"}],"wp:term":[{"taxonomy":"product_brand","embeddable":true,"href":"https:\/\/vmsport.fi\/sv\/wp-json\/wp\/v2\/product_brand?post=53119"},{"taxonomy":"product_model","embeddable":true,"href":"https:\/\/vmsport.fi\/sv\/wp-json\/wp\/v2\/product_model?post=53119"},{"taxonomy":"product_cat","embeddable":true,"href":"https:\/\/vmsport.fi\/sv\/wp-json\/wp\/v2\/product_cat?post=53119"},{"taxonomy":"product_tag","embeddable":true,"href":"https:\/\/vmsport.fi\/sv\/wp-json\/wp\/v2\/product_tag?post=53119"},{"taxonomy":"industry_terminology","embeddable":true,"href":"https:\/\/vmsport.fi\/sv\/wp-json\/wp\/v2\/industry-terminology?post=53119"}],"curies":[{"name":"wp","href":"https:\/\/api.w.org\/{rel}","templated":true}]}}