{"id":53117,"date":"2025-03-05T23:37:19","date_gmt":"2025-03-05T21:37:19","guid":{"rendered":"https:\/\/vmsport.fi\/verkkokauppa\/Ei-luokiteltu\/airliner-light-xc-trail-29x-2-1-2-4\/"},"modified":"2026-04-22T15:08:31","modified_gmt":"2026-04-22T12:08:31","slug":"airliner-light-xc-trail-29x-2-1-2-4","status":"publish","type":"product","link":"https:\/\/vmsport.fi\/sv\/verkkokauppa\/renkaat\/tubeless-tarvikkeet\/tubeless-sarjat-ja-osat\/airliner-light-xc-trail-29x-2-1-2-4\/","title":{"rendered":"Airliner Light XC Trail 29x 2.1-2.4"},"content":{"rendered":"<p>Airliner Light XC Trail, storlek 29\u00d72.1-2.4, \u00e4r speciellt framtaget f\u00f6r mountainbike. D\u00e4cket har en l\u00e4tt innerslang som ger b\u00e4ttre k\u00f6regenskaper i sv\u00e5r terr\u00e4ng d\u00e4r det kr\u00e4vs utm\u00e4rkt grepp och h\u00e5llbarhet. Det \u00e4r optimerat f\u00f6r terr\u00e4ngk\u00f6rning och skyddar d\u00e4cket effektivt mot punktering, vilket \u00f6kar k\u00f6rs\u00e4kerheten. Den innovativa designen g\u00f6r k\u00f6rningen mer bekv\u00e4m och stabil. Med den h\u00e4r produkten kan mountainbikecyklister koncentrera sig fullt ut p\u00e5 sin prestation utan att beh\u00f6va oroa sig f\u00f6r tekniska problem som oj\u00e4mn terr\u00e4ng kan orsaka.<\/p>","protected":false},"excerpt":{"rendered":"<p>Airliner Light XC Trail, koko 29&#215;2.1-2.4, on erityisesti suunniteltu maastopy\u00f6r\u00e4ilyyn. T\u00e4m\u00e4 renkaan sis\u00e4osa on kevyt ja parantaa py\u00f6r\u00e4n hallintaa vaikeissa maastoissa, joissa tarvitaan erinomaista pitoa ja kest\u00e4vyytt\u00e4. Se on optimoitu maastok\u00e4ytt\u00f6\u00f6n ja suojaa rengasta tehokkaasti puhkeamisilta, mik\u00e4 lis\u00e4\u00e4 ajoturvallisuutta. Innovatiivinen rakenne tekee ajosta mukavampaa ja vakaampaa. T\u00e4m\u00e4n tuotteen ansiosta maastopy\u00f6r\u00e4ilij\u00e4 voi keskitty\u00e4 t\u00e4ysill\u00e4 suoritukseen ilman [&#8230;]<\/p>\n<p><a class=\"btn btn-secondary understrap-read-more-link\" href=\"https:\/\/vmsport.fi\/sv\/verkkokauppa\/renkaat\/tubeless-tarvikkeet\/tubeless-sarjat-ja-osat\/airliner-light-xc-trail-29x-2-1-2-4\/\">L\u00e4s mer \u2026<span class=\"screen-reader-text\"> from Airliner Light XC Trail 29x 2.1-2.4<\/span><\/a><\/p>\n","protected":false},"featured_media":53116,"comment_status":"open","ping_status":"closed","template":"","meta":{"_acf_changed":false,"_improvement_type_select":"improve_an_existing","_thumb_yes_seoaic":false,"_frame_yes_seoaic":false,"seoaic_generate_description":"","seoaic_improve_instructions_prompt":"","seoaic_rollback_content_improvement":"","seoaic_idea_thumbnail_generator":"","thumbnail_generated":false,"thumbnail_generate_prompt":"","seoaic_article_description":"","_supplier_stock_quantity":0},"product_brand":[],"product_model":[],"product_cat":[9364],"product_tag":[],"industry-terminology":[],"class_list":{"0":"post-53117","1":"product","2":"type-product","3":"status-publish","4":"has-post-thumbnail","6":"product_cat-tubeless-sarjat-ja-osat","8":"first","9":"outofstock","10":"taxable","11":"shipping-taxable","12":"product-type-simple"},"acf":{"bike_features":null,"overview":{"copy_overview":null,"key_features":null,"statement":"","youtube_url":""}},"yoast_head":"<!-- This site is optimized with the Yoast SEO plugin v27.4 - https:\/\/yoast.com\/product\/yoast-seo-wordpress\/ -->\n<title>Airliner Light XC Trail 29x 2.1-2.4 - VM Sport<\/title>\n<meta name=\"robots\" content=\"index, follow, max-snippet:-1, max-image-preview:large, max-video-preview:-1\" \/>\n<link rel=\"canonical\" href=\"https:\/\/vmsport.fi\/sv\/webbutik\/dack\/slanglosa-tillbehor\/slanglosa-satser-och-delar\/airliner-light-xc-trail-29x-2-1-2-4\/\" \/>\n<meta property=\"og:locale\" content=\"sv_SE\" \/>\n<meta property=\"og:type\" content=\"article\" \/>\n<meta property=\"og:title\" content=\"Airliner Light XC Trail 29x 2.1-2.4 - VM Sport\" \/>\n<meta property=\"og:description\" content=\"Airliner Light XC Trail, koko 29&#215;2.1-2.4, on erityisesti suunniteltu maastopy\u00f6r\u00e4ilyyn. T\u00e4m\u00e4 renkaan sis\u00e4osa on kevyt ja parantaa py\u00f6r\u00e4n hallintaa vaikeissa maastoissa, joissa tarvitaan erinomaista pitoa ja kest\u00e4vyytt\u00e4. Se on optimoitu maastok\u00e4ytt\u00f6\u00f6n ja suojaa rengasta tehokkaasti puhkeamisilta, mik\u00e4 lis\u00e4\u00e4 ajoturvallisuutta. Innovatiivinen rakenne tekee ajosta mukavampaa ja vakaampaa. T\u00e4m\u00e4n tuotteen ansiosta maastopy\u00f6r\u00e4ilij\u00e4 voi keskitty\u00e4 t\u00e4ysill\u00e4 suoritukseen ilman [...]L\u00e4s mer \u2026 from Airliner Light XC Trail 29x 2.1-2.4\" \/>\n<meta property=\"og:url\" content=\"https:\/\/vmsport.fi\/sv\/webbutik\/dack\/slanglosa-tillbehor\/slanglosa-satser-och-delar\/airliner-light-xc-trail-29x-2-1-2-4\/\" \/>\n<meta property=\"og:site_name\" content=\"VM Sport\" \/>\n<meta property=\"article:publisher\" content=\"https:\/\/www.facebook.com\/Vmsport.fi\/\" \/>\n<meta property=\"article:modified_time\" content=\"2026-04-22T12:08:31+00:00\" \/>\n<meta property=\"og:image\" content=\"https:\/\/vmsport.fi\/wp-content\/uploads\/2025\/03\/Vittoria-Airliner-Light-02-jpg-thumb-572-572-1.png\" \/>\n\t<meta property=\"og:image:width\" content=\"572\" \/>\n\t<meta property=\"og:image:height\" content=\"572\" \/>\n\t<meta property=\"og:image:type\" content=\"image\/png\" \/>\n<meta name=\"twitter:card\" content=\"summary_large_image\" \/>\n<script type=\"application\/ld+json\" class=\"yoast-schema-graph\">{\"@context\":\"https:\\\/\\\/schema.org\",\"@graph\":[{\"@type\":[\"WebPage\",\"ItemPage\"],\"@id\":\"https:\\\/\\\/vmsport.fi\\\/verkkokauppa\\\/renkaat\\\/tubeless-tarvikkeet\\\/tubeless-sarjat-ja-osat\\\/airliner-light-xc-trail-29x-2-1-2-4\\\/\",\"url\":\"https:\\\/\\\/vmsport.fi\\\/verkkokauppa\\\/renkaat\\\/tubeless-tarvikkeet\\\/tubeless-sarjat-ja-osat\\\/airliner-light-xc-trail-29x-2-1-2-4\\\/\",\"name\":\"Airliner Light XC Trail 29x 2.1-2.4 - VM Sport\",\"isPartOf\":{\"@id\":\"https:\\\/\\\/vmsport.fi\\\/#website\"},\"primaryImageOfPage\":{\"@id\":\"https:\\\/\\\/vmsport.fi\\\/verkkokauppa\\\/renkaat\\\/tubeless-tarvikkeet\\\/tubeless-sarjat-ja-osat\\\/airliner-light-xc-trail-29x-2-1-2-4\\\/#primaryimage\"},\"image\":{\"@id\":\"https:\\\/\\\/vmsport.fi\\\/verkkokauppa\\\/renkaat\\\/tubeless-tarvikkeet\\\/tubeless-sarjat-ja-osat\\\/airliner-light-xc-trail-29x-2-1-2-4\\\/#primaryimage\"},\"thumbnailUrl\":\"https:\\\/\\\/vmsport.fi\\\/wp-content\\\/uploads\\\/2025\\\/03\\\/Vittoria-Airliner-Light-02-jpg-thumb-572-572-1.png\",\"datePublished\":\"2025-03-05T21:37:19+00:00\",\"dateModified\":\"2026-04-22T12:08:31+00:00\",\"breadcrumb\":{\"@id\":\"https:\\\/\\\/vmsport.fi\\\/verkkokauppa\\\/renkaat\\\/tubeless-tarvikkeet\\\/tubeless-sarjat-ja-osat\\\/airliner-light-xc-trail-29x-2-1-2-4\\\/#breadcrumb\"},\"inLanguage\":\"sv-SE\",\"potentialAction\":[{\"@type\":\"ReadAction\",\"target\":[\"https:\\\/\\\/vmsport.fi\\\/verkkokauppa\\\/renkaat\\\/tubeless-tarvikkeet\\\/tubeless-sarjat-ja-osat\\\/airliner-light-xc-trail-29x-2-1-2-4\\\/\"]}]},{\"@type\":\"ImageObject\",\"inLanguage\":\"sv-SE\",\"@id\":\"https:\\\/\\\/vmsport.fi\\\/verkkokauppa\\\/renkaat\\\/tubeless-tarvikkeet\\\/tubeless-sarjat-ja-osat\\\/airliner-light-xc-trail-29x-2-1-2-4\\\/#primaryimage\",\"url\":\"https:\\\/\\\/vmsport.fi\\\/wp-content\\\/uploads\\\/2025\\\/03\\\/Vittoria-Airliner-Light-02-jpg-thumb-572-572-1.png\",\"contentUrl\":\"https:\\\/\\\/vmsport.fi\\\/wp-content\\\/uploads\\\/2025\\\/03\\\/Vittoria-Airliner-Light-02-jpg-thumb-572-572-1.png\",\"width\":572,\"height\":572,\"caption\":\"Vittoria-Airliner-Light-02-jpg-thumb-572-572\"},{\"@type\":\"BreadcrumbList\",\"@id\":\"https:\\\/\\\/vmsport.fi\\\/verkkokauppa\\\/renkaat\\\/tubeless-tarvikkeet\\\/tubeless-sarjat-ja-osat\\\/airliner-light-xc-trail-29x-2-1-2-4\\\/#breadcrumb\",\"itemListElement\":[{\"@type\":\"ListItem\",\"position\":1,\"name\":\"Etusivu\",\"item\":\"https:\\\/\\\/vmsport.fi\\\/\"},{\"@type\":\"ListItem\",\"position\":2,\"name\":\"Online Store\",\"item\":\"https:\\\/\\\/vmsport.fi\\\/en\\\/online-store\\\/\"},{\"@type\":\"ListItem\",\"position\":3,\"name\":\"Airliner Light XC Trail 29x 2.1-2.4\"}]},{\"@type\":\"WebSite\",\"@id\":\"https:\\\/\\\/vmsport.fi\\\/#website\",\"url\":\"https:\\\/\\\/vmsport.fi\\\/\",\"name\":\"Vmsport\",\"description\":\"Kaikki py\u00f6r\u00e4ilyyn yhdest\u00e4 paikasta\",\"publisher\":{\"@id\":\"https:\\\/\\\/vmsport.fi\\\/#organization\"},\"potentialAction\":[{\"@type\":\"SearchAction\",\"target\":{\"@type\":\"EntryPoint\",\"urlTemplate\":\"https:\\\/\\\/vmsport.fi\\\/?s={search_term_string}\"},\"query-input\":{\"@type\":\"PropertyValueSpecification\",\"valueRequired\":true,\"valueName\":\"search_term_string\"}}],\"inLanguage\":\"sv-SE\"},{\"@type\":\"Organization\",\"@id\":\"https:\\\/\\\/vmsport.fi\\\/#organization\",\"name\":\"Vmsport\",\"url\":\"https:\\\/\\\/vmsport.fi\\\/\",\"logo\":{\"@type\":\"ImageObject\",\"inLanguage\":\"sv-SE\",\"@id\":\"https:\\\/\\\/vmsport.fi\\\/#\\\/schema\\\/logo\\\/image\\\/\",\"url\":\"https:\\\/\\\/vmsport.fi\\\/wp-content\\\/uploads\\\/2024\\\/12\\\/vm_sport_RGB_horisontal-e1734526017575.png\",\"contentUrl\":\"https:\\\/\\\/vmsport.fi\\\/wp-content\\\/uploads\\\/2024\\\/12\\\/vm_sport_RGB_horisontal-e1734526017575.png\",\"width\":668,\"height\":85,\"caption\":\"Vmsport\"},\"image\":{\"@id\":\"https:\\\/\\\/vmsport.fi\\\/#\\\/schema\\\/logo\\\/image\\\/\"},\"sameAs\":[\"https:\\\/\\\/www.facebook.com\\\/Vmsport.fi\\\/\",\"https:\\\/\\\/www.instagram.com\\\/vmsport\\\/\"]}]}<\/script>\n<!-- \/ Yoast SEO plugin. -->","yoast_head_json":{"title":"Airliner Light XC Trail 29x 2.1-2.4 - VM Sport","robots":{"index":"index","follow":"follow","max-snippet":"max-snippet:-1","max-image-preview":"max-image-preview:large","max-video-preview":"max-video-preview:-1"},"canonical":"https:\/\/vmsport.fi\/sv\/webbutik\/dack\/slanglosa-tillbehor\/slanglosa-satser-och-delar\/airliner-light-xc-trail-29x-2-1-2-4\/","og_locale":"sv_SE","og_type":"article","og_title":"Airliner Light XC Trail 29x 2.1-2.4 - VM Sport","og_description":"Airliner Light XC Trail, koko 29&#215;2.1-2.4, on erityisesti suunniteltu maastopy\u00f6r\u00e4ilyyn. T\u00e4m\u00e4 renkaan sis\u00e4osa on kevyt ja parantaa py\u00f6r\u00e4n hallintaa vaikeissa maastoissa, joissa tarvitaan erinomaista pitoa ja kest\u00e4vyytt\u00e4. Se on optimoitu maastok\u00e4ytt\u00f6\u00f6n ja suojaa rengasta tehokkaasti puhkeamisilta, mik\u00e4 lis\u00e4\u00e4 ajoturvallisuutta. Innovatiivinen rakenne tekee ajosta mukavampaa ja vakaampaa. T\u00e4m\u00e4n tuotteen ansiosta maastopy\u00f6r\u00e4ilij\u00e4 voi keskitty\u00e4 t\u00e4ysill\u00e4 suoritukseen ilman [...]L\u00e4s mer \u2026 from Airliner Light XC Trail 29x 2.1-2.4","og_url":"https:\/\/vmsport.fi\/sv\/webbutik\/dack\/slanglosa-tillbehor\/slanglosa-satser-och-delar\/airliner-light-xc-trail-29x-2-1-2-4\/","og_site_name":"VM Sport","article_publisher":"https:\/\/www.facebook.com\/Vmsport.fi\/","article_modified_time":"2026-04-22T12:08:31+00:00","og_image":[{"width":572,"height":572,"url":"https:\/\/vmsport.fi\/wp-content\/uploads\/2025\/03\/Vittoria-Airliner-Light-02-jpg-thumb-572-572-1.png","type":"image\/png"}],"twitter_card":"summary_large_image","schema":{"@context":"https:\/\/schema.org","@graph":[{"@type":["WebPage","ItemPage"],"@id":"https:\/\/vmsport.fi\/verkkokauppa\/renkaat\/tubeless-tarvikkeet\/tubeless-sarjat-ja-osat\/airliner-light-xc-trail-29x-2-1-2-4\/","url":"https:\/\/vmsport.fi\/verkkokauppa\/renkaat\/tubeless-tarvikkeet\/tubeless-sarjat-ja-osat\/airliner-light-xc-trail-29x-2-1-2-4\/","name":"Airliner Light XC Trail 29x 2.1-2.4 - VM Sport","isPartOf":{"@id":"https:\/\/vmsport.fi\/#website"},"primaryImageOfPage":{"@id":"https:\/\/vmsport.fi\/verkkokauppa\/renkaat\/tubeless-tarvikkeet\/tubeless-sarjat-ja-osat\/airliner-light-xc-trail-29x-2-1-2-4\/#primaryimage"},"image":{"@id":"https:\/\/vmsport.fi\/verkkokauppa\/renkaat\/tubeless-tarvikkeet\/tubeless-sarjat-ja-osat\/airliner-light-xc-trail-29x-2-1-2-4\/#primaryimage"},"thumbnailUrl":"https:\/\/vmsport.fi\/wp-content\/uploads\/2025\/03\/Vittoria-Airliner-Light-02-jpg-thumb-572-572-1.png","datePublished":"2025-03-05T21:37:19+00:00","dateModified":"2026-04-22T12:08:31+00:00","breadcrumb":{"@id":"https:\/\/vmsport.fi\/verkkokauppa\/renkaat\/tubeless-tarvikkeet\/tubeless-sarjat-ja-osat\/airliner-light-xc-trail-29x-2-1-2-4\/#breadcrumb"},"inLanguage":"sv-SE","potentialAction":[{"@type":"ReadAction","target":["https:\/\/vmsport.fi\/verkkokauppa\/renkaat\/tubeless-tarvikkeet\/tubeless-sarjat-ja-osat\/airliner-light-xc-trail-29x-2-1-2-4\/"]}]},{"@type":"ImageObject","inLanguage":"sv-SE","@id":"https:\/\/vmsport.fi\/verkkokauppa\/renkaat\/tubeless-tarvikkeet\/tubeless-sarjat-ja-osat\/airliner-light-xc-trail-29x-2-1-2-4\/#primaryimage","url":"https:\/\/vmsport.fi\/wp-content\/uploads\/2025\/03\/Vittoria-Airliner-Light-02-jpg-thumb-572-572-1.png","contentUrl":"https:\/\/vmsport.fi\/wp-content\/uploads\/2025\/03\/Vittoria-Airliner-Light-02-jpg-thumb-572-572-1.png","width":572,"height":572,"caption":"Vittoria-Airliner-Light-02-jpg-thumb-572-572"},{"@type":"BreadcrumbList","@id":"https:\/\/vmsport.fi\/verkkokauppa\/renkaat\/tubeless-tarvikkeet\/tubeless-sarjat-ja-osat\/airliner-light-xc-trail-29x-2-1-2-4\/#breadcrumb","itemListElement":[{"@type":"ListItem","position":1,"name":"Etusivu","item":"https:\/\/vmsport.fi\/"},{"@type":"ListItem","position":2,"name":"Online Store","item":"https:\/\/vmsport.fi\/en\/online-store\/"},{"@type":"ListItem","position":3,"name":"Airliner Light XC Trail 29x 2.1-2.4"}]},{"@type":"WebSite","@id":"https:\/\/vmsport.fi\/#website","url":"https:\/\/vmsport.fi\/","name":"Vmsport","description":"Allt p\u00e5 ett st\u00e4lle f\u00f6r cykling","publisher":{"@id":"https:\/\/vmsport.fi\/#organization"},"potentialAction":[{"@type":"SearchAction","target":{"@type":"EntryPoint","urlTemplate":"https:\/\/vmsport.fi\/?s={search_term_string}"},"query-input":{"@type":"PropertyValueSpecification","valueRequired":true,"valueName":"search_term_string"}}],"inLanguage":"sv-SE"},{"@type":"Organization","@id":"https:\/\/vmsport.fi\/#organization","name":"Vmsport","url":"https:\/\/vmsport.fi\/","logo":{"@type":"ImageObject","inLanguage":"sv-SE","@id":"https:\/\/vmsport.fi\/#\/schema\/logo\/image\/","url":"https:\/\/vmsport.fi\/wp-content\/uploads\/2024\/12\/vm_sport_RGB_horisontal-e1734526017575.png","contentUrl":"https:\/\/vmsport.fi\/wp-content\/uploads\/2024\/12\/vm_sport_RGB_horisontal-e1734526017575.png","width":668,"height":85,"caption":"Vmsport"},"image":{"@id":"https:\/\/vmsport.fi\/#\/schema\/logo\/image\/"},"sameAs":["https:\/\/www.facebook.com\/Vmsport.fi\/","https:\/\/www.instagram.com\/vmsport\/"]}]}},"global_unique_id":"","_links":{"self":[{"href":"https:\/\/vmsport.fi\/sv\/wp-json\/wp\/v2\/product\/53117","targetHints":{"allow":["GET"]}}],"collection":[{"href":"https:\/\/vmsport.fi\/sv\/wp-json\/wp\/v2\/product"}],"about":[{"href":"https:\/\/vmsport.fi\/sv\/wp-json\/wp\/v2\/types\/product"}],"replies":[{"embeddable":true,"href":"https:\/\/vmsport.fi\/sv\/wp-json\/wp\/v2\/comments?post=53117"}],"wp:featuredmedia":[{"embeddable":true,"href":"https:\/\/vmsport.fi\/sv\/wp-json\/wp\/v2\/media\/53116"}],"wp:attachment":[{"href":"https:\/\/vmsport.fi\/sv\/wp-json\/wp\/v2\/media?parent=53117"}],"wp:term":[{"taxonomy":"product_brand","embeddable":true,"href":"https:\/\/vmsport.fi\/sv\/wp-json\/wp\/v2\/product_brand?post=53117"},{"taxonomy":"product_model","embeddable":true,"href":"https:\/\/vmsport.fi\/sv\/wp-json\/wp\/v2\/product_model?post=53117"},{"taxonomy":"product_cat","embeddable":true,"href":"https:\/\/vmsport.fi\/sv\/wp-json\/wp\/v2\/product_cat?post=53117"},{"taxonomy":"product_tag","embeddable":true,"href":"https:\/\/vmsport.fi\/sv\/wp-json\/wp\/v2\/product_tag?post=53117"},{"taxonomy":"industry_terminology","embeddable":true,"href":"https:\/\/vmsport.fi\/sv\/wp-json\/wp\/v2\/industry-terminology?post=53117"}],"curies":[{"name":"wp","href":"https:\/\/api.w.org\/{rel}","templated":true}]}}