{"id":53115,"date":"2025-03-05T23:37:18","date_gmt":"2025-03-05T21:37:18","guid":{"rendered":"https:\/\/vmsport.fi\/verkkokauppa\/Ei-luokiteltu\/racktime-basic-2-0-black\/"},"modified":"2026-01-16T13:20:47","modified_gmt":"2026-01-16T11:20:47","slug":"racktime-basic-2-0-black","status":"publish","type":"product","link":"https:\/\/vmsport.fi\/sv\/verkkokauppa\/tarvikkeet\/telineet\/tavaratelineet\/racktime-basic-2-0-black\/","title":{"rendered":"RACKTIME Basic 2.0 Svart"},"content":{"rendered":"<p>RACKTIME Basic 2.0 Black on suunniteltu erityisesti k\u00e4yt\u00e4nn\u00f6llisyytt\u00e4 ajatellen, joten se soveltuu t\u00e4ydellisesti py\u00f6r\u00e4retkille. Sen vankka ja kest\u00e4v\u00e4 rakenne takaa, ett\u00e4 takatavarateline pystyy kantamaan matkatavaroita vakaasti ja luotettavasti. Ajaton musta v\u00e4ri sopii erinomaisesti kaikenlaisiin polkupy\u00f6riin, mik\u00e4 tekee siit\u00e4 tyylikk\u00e4\u00e4n valinnan tilanteeseen kuin tilanteeseen.<\/p>","protected":false},"excerpt":{"rendered":"<p>RACKTIME Basic 2.0 Black on suunniteltu erityisesti k\u00e4yt\u00e4nn\u00f6llisyytt\u00e4 ajatellen, joten se soveltuu t\u00e4ydellisesti py\u00f6r\u00e4retkille. Sen vankka ja kest\u00e4v\u00e4 rakenne takaa, ett\u00e4 takatavarateline pystyy kantamaan matkatavaroita vakaasti ja luotettavasti. Ajaton musta v\u00e4ri sopii erinomaisesti kaikenlaisiin polkupy\u00f6riin, mik\u00e4 tekee siit\u00e4 tyylikk\u00e4\u00e4n valinnan tilanteeseen kuin tilanteeseen. [&#8230;]<\/p>\n<p><a class=\"btn btn-secondary understrap-read-more-link\" href=\"https:\/\/vmsport.fi\/sv\/verkkokauppa\/tarvikkeet\/telineet\/tavaratelineet\/racktime-basic-2-0-black\/\">L\u00e4s mer \u2026<span class=\"screen-reader-text\"> from RACKTIME Basic 2.0 Black<\/span><\/a><\/p>\n","protected":false},"featured_media":53114,"comment_status":"open","ping_status":"closed","template":"","meta":{"_acf_changed":false,"_improvement_type_select":"improve_an_existing","_thumb_yes_seoaic":false,"_frame_yes_seoaic":false,"seoaic_generate_description":"","seoaic_improve_instructions_prompt":"","seoaic_rollback_content_improvement":"","seoaic_idea_thumbnail_generator":"","thumbnail_generated":false,"thumbnail_generate_prompt":"","seoaic_article_description":"","_supplier_stock_quantity":0},"product_brand":[],"product_model":[],"product_cat":[9588],"product_tag":[],"industry-terminology":[],"class_list":{"0":"post-53115","1":"product","2":"type-product","3":"status-publish","4":"has-post-thumbnail","6":"product_cat-tavaratelineet","8":"first","9":"outofstock","10":"taxable","11":"shipping-taxable","12":"product-type-simple"},"acf":{"bike_features":null,"overview":{"copy_overview":null,"key_features":null,"statement":"","youtube_url":""}},"yoast_head":"<!-- This site is optimized with the Yoast SEO plugin v27.3 - https:\/\/yoast.com\/product\/yoast-seo-wordpress\/ -->\n<title>RACKTIME Basic 2.0 Black - VM Sport<\/title>\n<meta name=\"robots\" content=\"index, follow, max-snippet:-1, max-image-preview:large, max-video-preview:-1\" \/>\n<link rel=\"canonical\" href=\"https:\/\/vmsport.fi\/sv\/webbutik\/tillbehor\/byggnadsstallningar\/bagagehyllor\/racktime-basic-2-0-black\/\" \/>\n<meta property=\"og:locale\" content=\"sv_SE\" \/>\n<meta property=\"og:type\" content=\"article\" \/>\n<meta property=\"og:title\" content=\"RACKTIME Basic 2.0 Black - VM Sport\" \/>\n<meta property=\"og:description\" content=\"RACKTIME Basic 2.0 Black on suunniteltu erityisesti k\u00e4yt\u00e4nn\u00f6llisyytt\u00e4 ajatellen, joten se soveltuu t\u00e4ydellisesti py\u00f6r\u00e4retkille. Sen vankka ja kest\u00e4v\u00e4 rakenne takaa, ett\u00e4 takatavarateline pystyy kantamaan matkatavaroita vakaasti ja luotettavasti. Ajaton musta v\u00e4ri sopii erinomaisesti kaikenlaisiin polkupy\u00f6riin, mik\u00e4 tekee siit\u00e4 tyylikk\u00e4\u00e4n valinnan tilanteeseen kuin tilanteeseen. [...]L\u00e4s mer \u2026 from RACKTIME Basic 2.0 Black\" \/>\n<meta property=\"og:url\" content=\"https:\/\/vmsport.fi\/sv\/webbutik\/tillbehor\/byggnadsstallningar\/bagagehyllor\/racktime-basic-2-0-black\/\" \/>\n<meta property=\"og:site_name\" content=\"VM Sport\" \/>\n<meta property=\"article:publisher\" content=\"https:\/\/www.facebook.com\/Vmsport.fi\/\" \/>\n<meta property=\"article:modified_time\" content=\"2026-01-16T11:20:47+00:00\" \/>\n<meta property=\"og:image\" content=\"https:\/\/vmsport.fi\/wp-content\/uploads\/2025\/03\/BWLJkhfAH3SYvKR57qk4Lta1uXGaRSv0AnMLmSjC0LGqBTsxJ7-1.jpg\" \/>\n\t<meta property=\"og:image:width\" content=\"800\" \/>\n\t<meta property=\"og:image:height\" content=\"763\" \/>\n\t<meta property=\"og:image:type\" content=\"image\/jpeg\" \/>\n<meta name=\"twitter:card\" content=\"summary_large_image\" \/>\n<script type=\"application\/ld+json\" class=\"yoast-schema-graph\">{\"@context\":\"https:\\\/\\\/schema.org\",\"@graph\":[{\"@type\":[\"WebPage\",\"ItemPage\"],\"@id\":\"https:\\\/\\\/vmsport.fi\\\/verkkokauppa\\\/tarvikkeet\\\/telineet\\\/tavaratelineet\\\/racktime-basic-2-0-black\\\/\",\"url\":\"https:\\\/\\\/vmsport.fi\\\/verkkokauppa\\\/tarvikkeet\\\/telineet\\\/tavaratelineet\\\/racktime-basic-2-0-black\\\/\",\"name\":\"RACKTIME Basic 2.0 Black - VM Sport\",\"isPartOf\":{\"@id\":\"https:\\\/\\\/vmsport.fi\\\/#website\"},\"primaryImageOfPage\":{\"@id\":\"https:\\\/\\\/vmsport.fi\\\/verkkokauppa\\\/tarvikkeet\\\/telineet\\\/tavaratelineet\\\/racktime-basic-2-0-black\\\/#primaryimage\"},\"image\":{\"@id\":\"https:\\\/\\\/vmsport.fi\\\/verkkokauppa\\\/tarvikkeet\\\/telineet\\\/tavaratelineet\\\/racktime-basic-2-0-black\\\/#primaryimage\"},\"thumbnailUrl\":\"https:\\\/\\\/vmsport.fi\\\/wp-content\\\/uploads\\\/2025\\\/03\\\/BWLJkhfAH3SYvKR57qk4Lta1uXGaRSv0AnMLmSjC0LGqBTsxJ7-1.jpg\",\"datePublished\":\"2025-03-05T21:37:18+00:00\",\"dateModified\":\"2026-01-16T11:20:47+00:00\",\"breadcrumb\":{\"@id\":\"https:\\\/\\\/vmsport.fi\\\/verkkokauppa\\\/tarvikkeet\\\/telineet\\\/tavaratelineet\\\/racktime-basic-2-0-black\\\/#breadcrumb\"},\"inLanguage\":\"sv-SE\",\"potentialAction\":[{\"@type\":\"ReadAction\",\"target\":[\"https:\\\/\\\/vmsport.fi\\\/verkkokauppa\\\/tarvikkeet\\\/telineet\\\/tavaratelineet\\\/racktime-basic-2-0-black\\\/\"]}]},{\"@type\":\"ImageObject\",\"inLanguage\":\"sv-SE\",\"@id\":\"https:\\\/\\\/vmsport.fi\\\/verkkokauppa\\\/tarvikkeet\\\/telineet\\\/tavaratelineet\\\/racktime-basic-2-0-black\\\/#primaryimage\",\"url\":\"https:\\\/\\\/vmsport.fi\\\/wp-content\\\/uploads\\\/2025\\\/03\\\/BWLJkhfAH3SYvKR57qk4Lta1uXGaRSv0AnMLmSjC0LGqBTsxJ7-1.jpg\",\"contentUrl\":\"https:\\\/\\\/vmsport.fi\\\/wp-content\\\/uploads\\\/2025\\\/03\\\/BWLJkhfAH3SYvKR57qk4Lta1uXGaRSv0AnMLmSjC0LGqBTsxJ7-1.jpg\",\"width\":800,\"height\":763,\"caption\":\"BWLJkhfAH3SYvKR57qk4Lta1uXGaRSv0AnMLmSjC0LGqBTsxJ7\"},{\"@type\":\"BreadcrumbList\",\"@id\":\"https:\\\/\\\/vmsport.fi\\\/verkkokauppa\\\/tarvikkeet\\\/telineet\\\/tavaratelineet\\\/racktime-basic-2-0-black\\\/#breadcrumb\",\"itemListElement\":[{\"@type\":\"ListItem\",\"position\":1,\"name\":\"Etusivu\",\"item\":\"https:\\\/\\\/vmsport.fi\\\/\"},{\"@type\":\"ListItem\",\"position\":2,\"name\":\"Online Store\",\"item\":\"https:\\\/\\\/vmsport.fi\\\/en\\\/online-store\\\/\"},{\"@type\":\"ListItem\",\"position\":3,\"name\":\"RACKTIME Basic 2.0 Black\"}]},{\"@type\":\"WebSite\",\"@id\":\"https:\\\/\\\/vmsport.fi\\\/#website\",\"url\":\"https:\\\/\\\/vmsport.fi\\\/\",\"name\":\"Vmsport\",\"description\":\"Kaikki py\u00f6r\u00e4ilyyn yhdest\u00e4 paikasta\",\"publisher\":{\"@id\":\"https:\\\/\\\/vmsport.fi\\\/#organization\"},\"potentialAction\":[{\"@type\":\"SearchAction\",\"target\":{\"@type\":\"EntryPoint\",\"urlTemplate\":\"https:\\\/\\\/vmsport.fi\\\/?s={search_term_string}\"},\"query-input\":{\"@type\":\"PropertyValueSpecification\",\"valueRequired\":true,\"valueName\":\"search_term_string\"}}],\"inLanguage\":\"sv-SE\"},{\"@type\":\"Organization\",\"@id\":\"https:\\\/\\\/vmsport.fi\\\/#organization\",\"name\":\"Vmsport\",\"url\":\"https:\\\/\\\/vmsport.fi\\\/\",\"logo\":{\"@type\":\"ImageObject\",\"inLanguage\":\"sv-SE\",\"@id\":\"https:\\\/\\\/vmsport.fi\\\/#\\\/schema\\\/logo\\\/image\\\/\",\"url\":\"https:\\\/\\\/vmsport.fi\\\/wp-content\\\/uploads\\\/2024\\\/12\\\/vm_sport_RGB_horisontal-e1734526017575.png\",\"contentUrl\":\"https:\\\/\\\/vmsport.fi\\\/wp-content\\\/uploads\\\/2024\\\/12\\\/vm_sport_RGB_horisontal-e1734526017575.png\",\"width\":668,\"height\":85,\"caption\":\"Vmsport\"},\"image\":{\"@id\":\"https:\\\/\\\/vmsport.fi\\\/#\\\/schema\\\/logo\\\/image\\\/\"},\"sameAs\":[\"https:\\\/\\\/www.facebook.com\\\/Vmsport.fi\\\/\",\"https:\\\/\\\/www.instagram.com\\\/vmsport\\\/\"]}]}<\/script>\n<!-- \/ Yoast SEO plugin. -->","yoast_head_json":{"title":"RACKTIME Basic 2.0 Black - VM Sport","robots":{"index":"index","follow":"follow","max-snippet":"max-snippet:-1","max-image-preview":"max-image-preview:large","max-video-preview":"max-video-preview:-1"},"canonical":"https:\/\/vmsport.fi\/sv\/webbutik\/tillbehor\/byggnadsstallningar\/bagagehyllor\/racktime-basic-2-0-black\/","og_locale":"sv_SE","og_type":"article","og_title":"RACKTIME Basic 2.0 Black - VM Sport","og_description":"RACKTIME Basic 2.0 Black on suunniteltu erityisesti k\u00e4yt\u00e4nn\u00f6llisyytt\u00e4 ajatellen, joten se soveltuu t\u00e4ydellisesti py\u00f6r\u00e4retkille. Sen vankka ja kest\u00e4v\u00e4 rakenne takaa, ett\u00e4 takatavarateline pystyy kantamaan matkatavaroita vakaasti ja luotettavasti. Ajaton musta v\u00e4ri sopii erinomaisesti kaikenlaisiin polkupy\u00f6riin, mik\u00e4 tekee siit\u00e4 tyylikk\u00e4\u00e4n valinnan tilanteeseen kuin tilanteeseen. [...]L\u00e4s mer \u2026 from RACKTIME Basic 2.0 Black","og_url":"https:\/\/vmsport.fi\/sv\/webbutik\/tillbehor\/byggnadsstallningar\/bagagehyllor\/racktime-basic-2-0-black\/","og_site_name":"VM Sport","article_publisher":"https:\/\/www.facebook.com\/Vmsport.fi\/","article_modified_time":"2026-01-16T11:20:47+00:00","og_image":[{"width":800,"height":763,"url":"https:\/\/vmsport.fi\/wp-content\/uploads\/2025\/03\/BWLJkhfAH3SYvKR57qk4Lta1uXGaRSv0AnMLmSjC0LGqBTsxJ7-1.jpg","type":"image\/jpeg"}],"twitter_card":"summary_large_image","schema":{"@context":"https:\/\/schema.org","@graph":[{"@type":["WebPage","ItemPage"],"@id":"https:\/\/vmsport.fi\/verkkokauppa\/tarvikkeet\/telineet\/tavaratelineet\/racktime-basic-2-0-black\/","url":"https:\/\/vmsport.fi\/verkkokauppa\/tarvikkeet\/telineet\/tavaratelineet\/racktime-basic-2-0-black\/","name":"RACKTIME Basic 2.0 Black - VM Sport","isPartOf":{"@id":"https:\/\/vmsport.fi\/#website"},"primaryImageOfPage":{"@id":"https:\/\/vmsport.fi\/verkkokauppa\/tarvikkeet\/telineet\/tavaratelineet\/racktime-basic-2-0-black\/#primaryimage"},"image":{"@id":"https:\/\/vmsport.fi\/verkkokauppa\/tarvikkeet\/telineet\/tavaratelineet\/racktime-basic-2-0-black\/#primaryimage"},"thumbnailUrl":"https:\/\/vmsport.fi\/wp-content\/uploads\/2025\/03\/BWLJkhfAH3SYvKR57qk4Lta1uXGaRSv0AnMLmSjC0LGqBTsxJ7-1.jpg","datePublished":"2025-03-05T21:37:18+00:00","dateModified":"2026-01-16T11:20:47+00:00","breadcrumb":{"@id":"https:\/\/vmsport.fi\/verkkokauppa\/tarvikkeet\/telineet\/tavaratelineet\/racktime-basic-2-0-black\/#breadcrumb"},"inLanguage":"sv-SE","potentialAction":[{"@type":"ReadAction","target":["https:\/\/vmsport.fi\/verkkokauppa\/tarvikkeet\/telineet\/tavaratelineet\/racktime-basic-2-0-black\/"]}]},{"@type":"ImageObject","inLanguage":"sv-SE","@id":"https:\/\/vmsport.fi\/verkkokauppa\/tarvikkeet\/telineet\/tavaratelineet\/racktime-basic-2-0-black\/#primaryimage","url":"https:\/\/vmsport.fi\/wp-content\/uploads\/2025\/03\/BWLJkhfAH3SYvKR57qk4Lta1uXGaRSv0AnMLmSjC0LGqBTsxJ7-1.jpg","contentUrl":"https:\/\/vmsport.fi\/wp-content\/uploads\/2025\/03\/BWLJkhfAH3SYvKR57qk4Lta1uXGaRSv0AnMLmSjC0LGqBTsxJ7-1.jpg","width":800,"height":763,"caption":"BWLJkhfAH3SYvKR57qk4Lta1uXGaRSv0AnMLmSjC0LGqBTsxJ7"},{"@type":"BreadcrumbList","@id":"https:\/\/vmsport.fi\/verkkokauppa\/tarvikkeet\/telineet\/tavaratelineet\/racktime-basic-2-0-black\/#breadcrumb","itemListElement":[{"@type":"ListItem","position":1,"name":"Etusivu","item":"https:\/\/vmsport.fi\/"},{"@type":"ListItem","position":2,"name":"Online Store","item":"https:\/\/vmsport.fi\/en\/online-store\/"},{"@type":"ListItem","position":3,"name":"RACKTIME Basic 2.0 Black"}]},{"@type":"WebSite","@id":"https:\/\/vmsport.fi\/#website","url":"https:\/\/vmsport.fi\/","name":"Vmsport","description":"Allt p\u00e5 ett st\u00e4lle f\u00f6r cykling","publisher":{"@id":"https:\/\/vmsport.fi\/#organization"},"potentialAction":[{"@type":"SearchAction","target":{"@type":"EntryPoint","urlTemplate":"https:\/\/vmsport.fi\/?s={search_term_string}"},"query-input":{"@type":"PropertyValueSpecification","valueRequired":true,"valueName":"search_term_string"}}],"inLanguage":"sv-SE"},{"@type":"Organization","@id":"https:\/\/vmsport.fi\/#organization","name":"Vmsport","url":"https:\/\/vmsport.fi\/","logo":{"@type":"ImageObject","inLanguage":"sv-SE","@id":"https:\/\/vmsport.fi\/#\/schema\/logo\/image\/","url":"https:\/\/vmsport.fi\/wp-content\/uploads\/2024\/12\/vm_sport_RGB_horisontal-e1734526017575.png","contentUrl":"https:\/\/vmsport.fi\/wp-content\/uploads\/2024\/12\/vm_sport_RGB_horisontal-e1734526017575.png","width":668,"height":85,"caption":"Vmsport"},"image":{"@id":"https:\/\/vmsport.fi\/#\/schema\/logo\/image\/"},"sameAs":["https:\/\/www.facebook.com\/Vmsport.fi\/","https:\/\/www.instagram.com\/vmsport\/"]}]}},"global_unique_id":"","_links":{"self":[{"href":"https:\/\/vmsport.fi\/sv\/wp-json\/wp\/v2\/product\/53115","targetHints":{"allow":["GET"]}}],"collection":[{"href":"https:\/\/vmsport.fi\/sv\/wp-json\/wp\/v2\/product"}],"about":[{"href":"https:\/\/vmsport.fi\/sv\/wp-json\/wp\/v2\/types\/product"}],"replies":[{"embeddable":true,"href":"https:\/\/vmsport.fi\/sv\/wp-json\/wp\/v2\/comments?post=53115"}],"wp:featuredmedia":[{"embeddable":true,"href":"https:\/\/vmsport.fi\/sv\/wp-json\/wp\/v2\/media\/53114"}],"wp:attachment":[{"href":"https:\/\/vmsport.fi\/sv\/wp-json\/wp\/v2\/media?parent=53115"}],"wp:term":[{"taxonomy":"product_brand","embeddable":true,"href":"https:\/\/vmsport.fi\/sv\/wp-json\/wp\/v2\/product_brand?post=53115"},{"taxonomy":"product_model","embeddable":true,"href":"https:\/\/vmsport.fi\/sv\/wp-json\/wp\/v2\/product_model?post=53115"},{"taxonomy":"product_cat","embeddable":true,"href":"https:\/\/vmsport.fi\/sv\/wp-json\/wp\/v2\/product_cat?post=53115"},{"taxonomy":"product_tag","embeddable":true,"href":"https:\/\/vmsport.fi\/sv\/wp-json\/wp\/v2\/product_tag?post=53115"},{"taxonomy":"industry_terminology","embeddable":true,"href":"https:\/\/vmsport.fi\/sv\/wp-json\/wp\/v2\/industry-terminology?post=53115"}],"curies":[{"name":"wp","href":"https:\/\/api.w.org\/{rel}","templated":true}]}}