{"id":53111,"date":"2025-03-05T23:37:16","date_gmt":"2025-03-05T21:37:16","guid":{"rendered":"https:\/\/vmsport.fi\/verkkokauppa\/Ei-luokiteltu\/ketju-12-v-138l-slx-cn-m7100\/"},"modified":"2026-04-10T03:00:18","modified_gmt":"2026-04-10T00:00:18","slug":"kedja-12-v-138l-slx-cn-m7100","status":"publish","type":"product","link":"https:\/\/vmsport.fi\/sv\/verkkokauppa\/varaosat\/voimansiirto\/ketjut\/ketju-12-v-138l-slx-cn-m7100\/","title":{"rendered":"Kedja 12-v 138l SLX CN-M7100"},"content":{"rendered":"<p>Shimano SLX CN-M7100-kedjesetet har utvecklats f\u00f6r 12-v\u00e4xlad drivlina och garanterar topprestanda och h\u00e5llbarhet. Dess 138 l\u00e4nkar ger smidiga och exakta v\u00e4xlingar, vilket avsev\u00e4rt f\u00f6rb\u00e4ttrar k\u00f6rupplevelsen. \u00c4ven om kedjan \u00e4r l\u00e4tt \u00e4r den mycket slitstark, vilket g\u00f6r den till ett utm\u00e4rkt val f\u00f6r kr\u00e4vande mountainbikesp\u00e5r. Shimano-kedjans avancerade design ger en smidig k\u00f6rning och s\u00e4kerst\u00e4ller perfekt kompatibilitet med andra delar av cykeln.<\/p>","protected":false},"excerpt":{"rendered":"<p>Shimano SLX CN-M7100 -ketju on kehitetty 12-vaihteiselle voimansiirrolle, ja se takaa huippuluokan suorituskyvyn ja kest\u00e4vyyden. Ketjun 138 lenkki\u00e4 takaavat sujuvat ja tarkat vaihteiden vaihdot, mik\u00e4 parantaa merkitt\u00e4v\u00e4sti ajonautintoa. Vaikka ketju on kevyt, se kest\u00e4\u00e4 hyvin kulutusta, mik\u00e4 tekee siit\u00e4 erinomaisen valinnan vaativille maastopy\u00f6r\u00e4ilyreiteille. Shimano-ketjun edistyksellinen muotoilu tukee pehme\u00e4\u00e4 ajoa ja varmistaa t\u00e4ydellisen yhteensopivuuden muiden polkupy\u00f6r\u00e4n [&#8230;]<\/p>\n<p><a class=\"btn btn-secondary understrap-read-more-link\" href=\"https:\/\/vmsport.fi\/sv\/verkkokauppa\/varaosat\/voimansiirto\/ketjut\/ketju-12-v-138l-slx-cn-m7100\/\">L\u00e4s mer \u2026<span class=\"screen-reader-text\"> from Ketju 12-v 138l SLX CN-M7100<\/span><\/a><\/p>\n","protected":false},"featured_media":53110,"comment_status":"open","ping_status":"closed","template":"","meta":{"_acf_changed":false,"_improvement_type_select":"improve_an_existing","_thumb_yes_seoaic":false,"_frame_yes_seoaic":false,"seoaic_generate_description":"","seoaic_improve_instructions_prompt":"","seoaic_rollback_content_improvement":"","seoaic_idea_thumbnail_generator":"","thumbnail_generated":false,"thumbnail_generate_prompt":"","seoaic_article_description":"","_supplier_stock_quantity":0},"product_brand":[],"product_model":[],"product_cat":[9352],"product_tag":[],"industry-terminology":[],"class_list":{"0":"post-53111","1":"product","2":"type-product","3":"status-publish","4":"has-post-thumbnail","6":"product_cat-ketjut","8":"first","9":"instock","10":"taxable","11":"shipping-taxable","12":"purchasable","13":"product-type-simple"},"acf":{"bike_features":null,"overview":{"copy_overview":null,"key_features":null,"statement":"","youtube_url":""}},"yoast_head":"<!-- This site is optimized with the Yoast SEO plugin v27.4 - https:\/\/yoast.com\/product\/yoast-seo-wordpress\/ -->\n<title>Ketju 12-v 138l SLX CN-M7100 - VM Sport<\/title>\n<meta name=\"robots\" content=\"index, follow, max-snippet:-1, max-image-preview:large, max-video-preview:-1\" \/>\n<link rel=\"canonical\" href=\"https:\/\/vmsport.fi\/sv\/webbutik\/reservdelar\/transmission\/kedjor\/kedja-12-v-138l-slx-cn-m7100\/\" \/>\n<meta property=\"og:locale\" content=\"sv_SE\" \/>\n<meta property=\"og:type\" content=\"article\" \/>\n<meta property=\"og:title\" content=\"Ketju 12-v 138l SLX CN-M7100 - VM Sport\" \/>\n<meta property=\"og:description\" content=\"Shimano SLX CN-M7100 -ketju on kehitetty 12-vaihteiselle voimansiirrolle, ja se takaa huippuluokan suorituskyvyn ja kest\u00e4vyyden. Ketjun 138 lenkki\u00e4 takaavat sujuvat ja tarkat vaihteiden vaihdot, mik\u00e4 parantaa merkitt\u00e4v\u00e4sti ajonautintoa. Vaikka ketju on kevyt, se kest\u00e4\u00e4 hyvin kulutusta, mik\u00e4 tekee siit\u00e4 erinomaisen valinnan vaativille maastopy\u00f6r\u00e4ilyreiteille. Shimano-ketjun edistyksellinen muotoilu tukee pehme\u00e4\u00e4 ajoa ja varmistaa t\u00e4ydellisen yhteensopivuuden muiden polkupy\u00f6r\u00e4n [...]L\u00e4s mer \u2026 from Ketju 12-v 138l SLX CN-M7100\" \/>\n<meta property=\"og:url\" content=\"https:\/\/vmsport.fi\/sv\/webbutik\/reservdelar\/transmission\/kedjor\/kedja-12-v-138l-slx-cn-m7100\/\" \/>\n<meta property=\"og:site_name\" content=\"VM Sport\" \/>\n<meta property=\"article:publisher\" content=\"https:\/\/www.facebook.com\/Vmsport.fi\/\" \/>\n<meta property=\"article:modified_time\" content=\"2026-04-10T00:00:18+00:00\" \/>\n<meta property=\"og:image\" content=\"https:\/\/vmsport.fi\/wp-content\/uploads\/2025\/03\/838lPYBHAkZpRinaZPC5hjdzz8EwAXBf6vmcLYQpXZm6xUB5E7-1.jpg\" \/>\n\t<meta property=\"og:image:width\" content=\"600\" \/>\n\t<meta property=\"og:image:height\" content=\"600\" \/>\n\t<meta property=\"og:image:type\" content=\"image\/jpeg\" \/>\n<meta name=\"twitter:card\" content=\"summary_large_image\" \/>\n<script type=\"application\/ld+json\" class=\"yoast-schema-graph\">{\"@context\":\"https:\\\/\\\/schema.org\",\"@graph\":[{\"@type\":[\"WebPage\",\"ItemPage\"],\"@id\":\"https:\\\/\\\/vmsport.fi\\\/verkkokauppa\\\/varaosat\\\/voimansiirto\\\/ketjut\\\/ketju-12-v-138l-slx-cn-m7100\\\/\",\"url\":\"https:\\\/\\\/vmsport.fi\\\/verkkokauppa\\\/varaosat\\\/voimansiirto\\\/ketjut\\\/ketju-12-v-138l-slx-cn-m7100\\\/\",\"name\":\"Ketju 12-v 138l SLX CN-M7100 - VM Sport\",\"isPartOf\":{\"@id\":\"https:\\\/\\\/vmsport.fi\\\/#website\"},\"primaryImageOfPage\":{\"@id\":\"https:\\\/\\\/vmsport.fi\\\/verkkokauppa\\\/varaosat\\\/voimansiirto\\\/ketjut\\\/ketju-12-v-138l-slx-cn-m7100\\\/#primaryimage\"},\"image\":{\"@id\":\"https:\\\/\\\/vmsport.fi\\\/verkkokauppa\\\/varaosat\\\/voimansiirto\\\/ketjut\\\/ketju-12-v-138l-slx-cn-m7100\\\/#primaryimage\"},\"thumbnailUrl\":\"https:\\\/\\\/vmsport.fi\\\/wp-content\\\/uploads\\\/2025\\\/03\\\/838lPYBHAkZpRinaZPC5hjdzz8EwAXBf6vmcLYQpXZm6xUB5E7-1.jpg\",\"datePublished\":\"2025-03-05T21:37:16+00:00\",\"dateModified\":\"2026-04-10T00:00:18+00:00\",\"breadcrumb\":{\"@id\":\"https:\\\/\\\/vmsport.fi\\\/verkkokauppa\\\/varaosat\\\/voimansiirto\\\/ketjut\\\/ketju-12-v-138l-slx-cn-m7100\\\/#breadcrumb\"},\"inLanguage\":\"sv-SE\",\"potentialAction\":[{\"@type\":\"ReadAction\",\"target\":[\"https:\\\/\\\/vmsport.fi\\\/verkkokauppa\\\/varaosat\\\/voimansiirto\\\/ketjut\\\/ketju-12-v-138l-slx-cn-m7100\\\/\"]}]},{\"@type\":\"ImageObject\",\"inLanguage\":\"sv-SE\",\"@id\":\"https:\\\/\\\/vmsport.fi\\\/verkkokauppa\\\/varaosat\\\/voimansiirto\\\/ketjut\\\/ketju-12-v-138l-slx-cn-m7100\\\/#primaryimage\",\"url\":\"https:\\\/\\\/vmsport.fi\\\/wp-content\\\/uploads\\\/2025\\\/03\\\/838lPYBHAkZpRinaZPC5hjdzz8EwAXBf6vmcLYQpXZm6xUB5E7-1.jpg\",\"contentUrl\":\"https:\\\/\\\/vmsport.fi\\\/wp-content\\\/uploads\\\/2025\\\/03\\\/838lPYBHAkZpRinaZPC5hjdzz8EwAXBf6vmcLYQpXZm6xUB5E7-1.jpg\",\"width\":600,\"height\":600,\"caption\":\"838lPYBHAkZpRinaZPC5hjdzz8EwAXBf6vmcLYQpXZm6xUB5E7\"},{\"@type\":\"BreadcrumbList\",\"@id\":\"https:\\\/\\\/vmsport.fi\\\/verkkokauppa\\\/varaosat\\\/voimansiirto\\\/ketjut\\\/ketju-12-v-138l-slx-cn-m7100\\\/#breadcrumb\",\"itemListElement\":[{\"@type\":\"ListItem\",\"position\":1,\"name\":\"Etusivu\",\"item\":\"https:\\\/\\\/vmsport.fi\\\/\"},{\"@type\":\"ListItem\",\"position\":2,\"name\":\"Online Store\",\"item\":\"https:\\\/\\\/vmsport.fi\\\/en\\\/online-store\\\/\"},{\"@type\":\"ListItem\",\"position\":3,\"name\":\"Ketju 12-v 138l SLX CN-M7100\"}]},{\"@type\":\"WebSite\",\"@id\":\"https:\\\/\\\/vmsport.fi\\\/#website\",\"url\":\"https:\\\/\\\/vmsport.fi\\\/\",\"name\":\"Vmsport\",\"description\":\"Kaikki py\u00f6r\u00e4ilyyn yhdest\u00e4 paikasta\",\"publisher\":{\"@id\":\"https:\\\/\\\/vmsport.fi\\\/#organization\"},\"potentialAction\":[{\"@type\":\"SearchAction\",\"target\":{\"@type\":\"EntryPoint\",\"urlTemplate\":\"https:\\\/\\\/vmsport.fi\\\/?s={search_term_string}\"},\"query-input\":{\"@type\":\"PropertyValueSpecification\",\"valueRequired\":true,\"valueName\":\"search_term_string\"}}],\"inLanguage\":\"sv-SE\"},{\"@type\":\"Organization\",\"@id\":\"https:\\\/\\\/vmsport.fi\\\/#organization\",\"name\":\"Vmsport\",\"url\":\"https:\\\/\\\/vmsport.fi\\\/\",\"logo\":{\"@type\":\"ImageObject\",\"inLanguage\":\"sv-SE\",\"@id\":\"https:\\\/\\\/vmsport.fi\\\/#\\\/schema\\\/logo\\\/image\\\/\",\"url\":\"https:\\\/\\\/vmsport.fi\\\/wp-content\\\/uploads\\\/2024\\\/12\\\/vm_sport_RGB_horisontal-e1734526017575.png\",\"contentUrl\":\"https:\\\/\\\/vmsport.fi\\\/wp-content\\\/uploads\\\/2024\\\/12\\\/vm_sport_RGB_horisontal-e1734526017575.png\",\"width\":668,\"height\":85,\"caption\":\"Vmsport\"},\"image\":{\"@id\":\"https:\\\/\\\/vmsport.fi\\\/#\\\/schema\\\/logo\\\/image\\\/\"},\"sameAs\":[\"https:\\\/\\\/www.facebook.com\\\/Vmsport.fi\\\/\",\"https:\\\/\\\/www.instagram.com\\\/vmsport\\\/\"]}]}<\/script>\n<!-- \/ Yoast SEO plugin. -->","yoast_head_json":{"title":"Kedja 12-v 138l SLX CN-M7100 - VM Sport","robots":{"index":"index","follow":"follow","max-snippet":"max-snippet:-1","max-image-preview":"max-image-preview:large","max-video-preview":"max-video-preview:-1"},"canonical":"https:\/\/vmsport.fi\/sv\/webbutik\/reservdelar\/transmission\/kedjor\/kedja-12-v-138l-slx-cn-m7100\/","og_locale":"sv_SE","og_type":"article","og_title":"Ketju 12-v 138l SLX CN-M7100 - VM Sport","og_description":"Shimano SLX CN-M7100 -ketju on kehitetty 12-vaihteiselle voimansiirrolle, ja se takaa huippuluokan suorituskyvyn ja kest\u00e4vyyden. Ketjun 138 lenkki\u00e4 takaavat sujuvat ja tarkat vaihteiden vaihdot, mik\u00e4 parantaa merkitt\u00e4v\u00e4sti ajonautintoa. Vaikka ketju on kevyt, se kest\u00e4\u00e4 hyvin kulutusta, mik\u00e4 tekee siit\u00e4 erinomaisen valinnan vaativille maastopy\u00f6r\u00e4ilyreiteille. Shimano-ketjun edistyksellinen muotoilu tukee pehme\u00e4\u00e4 ajoa ja varmistaa t\u00e4ydellisen yhteensopivuuden muiden polkupy\u00f6r\u00e4n [...]L\u00e4s mer \u2026 from Ketju 12-v 138l SLX CN-M7100","og_url":"https:\/\/vmsport.fi\/sv\/webbutik\/reservdelar\/transmission\/kedjor\/kedja-12-v-138l-slx-cn-m7100\/","og_site_name":"VM Sport","article_publisher":"https:\/\/www.facebook.com\/Vmsport.fi\/","article_modified_time":"2026-04-10T00:00:18+00:00","og_image":[{"width":600,"height":600,"url":"https:\/\/vmsport.fi\/wp-content\/uploads\/2025\/03\/838lPYBHAkZpRinaZPC5hjdzz8EwAXBf6vmcLYQpXZm6xUB5E7-1.jpg","type":"image\/jpeg"}],"twitter_card":"summary_large_image","schema":{"@context":"https:\/\/schema.org","@graph":[{"@type":["WebPage","ItemPage"],"@id":"https:\/\/vmsport.fi\/verkkokauppa\/varaosat\/voimansiirto\/ketjut\/ketju-12-v-138l-slx-cn-m7100\/","url":"https:\/\/vmsport.fi\/verkkokauppa\/varaosat\/voimansiirto\/ketjut\/ketju-12-v-138l-slx-cn-m7100\/","name":"Kedja 12-v 138l SLX CN-M7100 - VM Sport","isPartOf":{"@id":"https:\/\/vmsport.fi\/#website"},"primaryImageOfPage":{"@id":"https:\/\/vmsport.fi\/verkkokauppa\/varaosat\/voimansiirto\/ketjut\/ketju-12-v-138l-slx-cn-m7100\/#primaryimage"},"image":{"@id":"https:\/\/vmsport.fi\/verkkokauppa\/varaosat\/voimansiirto\/ketjut\/ketju-12-v-138l-slx-cn-m7100\/#primaryimage"},"thumbnailUrl":"https:\/\/vmsport.fi\/wp-content\/uploads\/2025\/03\/838lPYBHAkZpRinaZPC5hjdzz8EwAXBf6vmcLYQpXZm6xUB5E7-1.jpg","datePublished":"2025-03-05T21:37:16+00:00","dateModified":"2026-04-10T00:00:18+00:00","breadcrumb":{"@id":"https:\/\/vmsport.fi\/verkkokauppa\/varaosat\/voimansiirto\/ketjut\/ketju-12-v-138l-slx-cn-m7100\/#breadcrumb"},"inLanguage":"sv-SE","potentialAction":[{"@type":"ReadAction","target":["https:\/\/vmsport.fi\/verkkokauppa\/varaosat\/voimansiirto\/ketjut\/ketju-12-v-138l-slx-cn-m7100\/"]}]},{"@type":"ImageObject","inLanguage":"sv-SE","@id":"https:\/\/vmsport.fi\/verkkokauppa\/varaosat\/voimansiirto\/ketjut\/ketju-12-v-138l-slx-cn-m7100\/#primaryimage","url":"https:\/\/vmsport.fi\/wp-content\/uploads\/2025\/03\/838lPYBHAkZpRinaZPC5hjdzz8EwAXBf6vmcLYQpXZm6xUB5E7-1.jpg","contentUrl":"https:\/\/vmsport.fi\/wp-content\/uploads\/2025\/03\/838lPYBHAkZpRinaZPC5hjdzz8EwAXBf6vmcLYQpXZm6xUB5E7-1.jpg","width":600,"height":600,"caption":"838lPYBHAkZpRinaZPC5hjdzz8EwAXBf6vmcLYQpXZm6xUB5E7"},{"@type":"BreadcrumbList","@id":"https:\/\/vmsport.fi\/verkkokauppa\/varaosat\/voimansiirto\/ketjut\/ketju-12-v-138l-slx-cn-m7100\/#breadcrumb","itemListElement":[{"@type":"ListItem","position":1,"name":"Etusivu","item":"https:\/\/vmsport.fi\/"},{"@type":"ListItem","position":2,"name":"Online Store","item":"https:\/\/vmsport.fi\/en\/online-store\/"},{"@type":"ListItem","position":3,"name":"Ketju 12-v 138l SLX CN-M7100"}]},{"@type":"WebSite","@id":"https:\/\/vmsport.fi\/#website","url":"https:\/\/vmsport.fi\/","name":"Vmsport","description":"Allt p\u00e5 ett st\u00e4lle f\u00f6r cykling","publisher":{"@id":"https:\/\/vmsport.fi\/#organization"},"potentialAction":[{"@type":"SearchAction","target":{"@type":"EntryPoint","urlTemplate":"https:\/\/vmsport.fi\/?s={search_term_string}"},"query-input":{"@type":"PropertyValueSpecification","valueRequired":true,"valueName":"search_term_string"}}],"inLanguage":"sv-SE"},{"@type":"Organization","@id":"https:\/\/vmsport.fi\/#organization","name":"Vmsport","url":"https:\/\/vmsport.fi\/","logo":{"@type":"ImageObject","inLanguage":"sv-SE","@id":"https:\/\/vmsport.fi\/#\/schema\/logo\/image\/","url":"https:\/\/vmsport.fi\/wp-content\/uploads\/2024\/12\/vm_sport_RGB_horisontal-e1734526017575.png","contentUrl":"https:\/\/vmsport.fi\/wp-content\/uploads\/2024\/12\/vm_sport_RGB_horisontal-e1734526017575.png","width":668,"height":85,"caption":"Vmsport"},"image":{"@id":"https:\/\/vmsport.fi\/#\/schema\/logo\/image\/"},"sameAs":["https:\/\/www.facebook.com\/Vmsport.fi\/","https:\/\/www.instagram.com\/vmsport\/"]}]}},"global_unique_id":"","_links":{"self":[{"href":"https:\/\/vmsport.fi\/sv\/wp-json\/wp\/v2\/product\/53111","targetHints":{"allow":["GET"]}}],"collection":[{"href":"https:\/\/vmsport.fi\/sv\/wp-json\/wp\/v2\/product"}],"about":[{"href":"https:\/\/vmsport.fi\/sv\/wp-json\/wp\/v2\/types\/product"}],"replies":[{"embeddable":true,"href":"https:\/\/vmsport.fi\/sv\/wp-json\/wp\/v2\/comments?post=53111"}],"wp:featuredmedia":[{"embeddable":true,"href":"https:\/\/vmsport.fi\/sv\/wp-json\/wp\/v2\/media\/53110"}],"wp:attachment":[{"href":"https:\/\/vmsport.fi\/sv\/wp-json\/wp\/v2\/media?parent=53111"}],"wp:term":[{"taxonomy":"product_brand","embeddable":true,"href":"https:\/\/vmsport.fi\/sv\/wp-json\/wp\/v2\/product_brand?post=53111"},{"taxonomy":"product_model","embeddable":true,"href":"https:\/\/vmsport.fi\/sv\/wp-json\/wp\/v2\/product_model?post=53111"},{"taxonomy":"product_cat","embeddable":true,"href":"https:\/\/vmsport.fi\/sv\/wp-json\/wp\/v2\/product_cat?post=53111"},{"taxonomy":"product_tag","embeddable":true,"href":"https:\/\/vmsport.fi\/sv\/wp-json\/wp\/v2\/product_tag?post=53111"},{"taxonomy":"industry_terminology","embeddable":true,"href":"https:\/\/vmsport.fi\/sv\/wp-json\/wp\/v2\/industry-terminology?post=53111"}],"curies":[{"name":"wp","href":"https:\/\/api.w.org\/{rel}","templated":true}]}}