{"id":53109,"date":"2025-03-05T23:37:16","date_gmt":"2025-03-05T21:37:16","guid":{"rendered":"https:\/\/vmsport.fi\/verkkokauppa\/Ei-luokiteltu\/kasetti-9-v-11-32-cs-hg400-9-alivio\/"},"modified":"2026-04-22T15:03:51","modified_gmt":"2026-04-22T12:03:51","slug":"kassett-9-v-11-32-cs-hg400-9-alivio","status":"publish","type":"product","link":"https:\/\/vmsport.fi\/sv\/verkkokauppa\/varaosat\/voimansiirto\/takarattaat\/kasetti-9-v-11-32-cs-hg400-9-alivio\/","title":{"rendered":"Kassett 9-v 11-32 CS-HG400-9 Alivio"},"content":{"rendered":"<p>Shimano CS-HG400-9 Alivio-kassetten \u00e4r speciellt utformad f\u00f6r Super Narrow 9-speed HG-kedjor, vilket garanterar perfekt kompatibilitet med v\u00e4xell\u00e5dan. Den toppmoderna konstruktionen och den nickelpl\u00e4terade ytan skyddar mot korrosion och f\u00f6rl\u00e4nger livsl\u00e4ngden. Kassettens l\u00e5sring i korrosionsbest\u00e4ndigt st\u00e5l och l\u00e4ttviktiga, borrade kedjehjul ger l\u00e4tt men stabil prestanda. T\u00e4t utv\u00e4xling optimerar energianv\u00e4ndningen och f\u00f6rb\u00e4ttrar pedalstyrningen. Hyperglide-kuggarna, med en exakt utformad tandprofil och speciella v\u00e4xlingsportar, ger mjuka och exakta v\u00e4xlingar \u00e4ven n\u00e4r du trampar i h\u00f6ga hastigheter. Det praktiska kuggavst\u00e5ndet p\u00e5 11-32 g\u00f6r kassetten kompatibel med ett brett utbud av hjulstorlekar, inklusive 26, 27,5 och 29 tum. Denna kassett \u00e4r ett utm\u00e4rkt val f\u00f6r cyklister som v\u00e4rdes\u00e4tter tillf\u00f6rlitlighet och effektivitet p\u00e5 sina cykelturer.<\/p>","protected":false},"excerpt":{"rendered":"<p>Shimano CS-HG400-9 Alivio -kasetti on suunniteltu erityisesti Super Kapea 9-vaihteisille HG-ketjuille, mik\u00e4 takaa t\u00e4ydellisen yhteensopivuuden vaihteiston kanssa. Sen huipputason rakenne ja nikkel\u00f6ity pinta suojaavat korroosiolta ja pident\u00e4v\u00e4t k\u00e4ytt\u00f6ik\u00e4\u00e4. Kasetin korroosionkest\u00e4v\u00e4 ter\u00e4ksinen lukitusrengas ja kevyet, poratut rattaat tarjoavat kevytt\u00e4 mutta vakaata suorituskyky\u00e4. Tihe\u00e4 v\u00e4lityssuhde optimoi energian k\u00e4yt\u00f6n ja parantaa polkemisen hallintaa. Hyperglide-rattaat, joissa on tarkasti suunniteltu [&#8230;]<\/p>\n<p><a class=\"btn btn-secondary understrap-read-more-link\" href=\"https:\/\/vmsport.fi\/sv\/verkkokauppa\/varaosat\/voimansiirto\/takarattaat\/kasetti-9-v-11-32-cs-hg400-9-alivio\/\">L\u00e4s mer \u2026<span class=\"screen-reader-text\"> from Kasetti 9-v 11-32 CS-HG400-9 Alivio<\/span><\/a><\/p>\n","protected":false},"featured_media":53108,"comment_status":"open","ping_status":"closed","template":"","meta":{"_acf_changed":false,"_improvement_type_select":"improve_an_existing","_thumb_yes_seoaic":false,"_frame_yes_seoaic":false,"seoaic_generate_description":"","seoaic_improve_instructions_prompt":"","seoaic_rollback_content_improvement":"","seoaic_idea_thumbnail_generator":"","thumbnail_generated":false,"thumbnail_generate_prompt":"","seoaic_article_description":"","_supplier_stock_quantity":0},"product_brand":[],"product_model":[],"product_cat":[9348],"product_tag":[],"industry-terminology":[],"class_list":{"0":"post-53109","1":"product","2":"type-product","3":"status-publish","4":"has-post-thumbnail","6":"product_cat-takarattaat","8":"first","9":"outofstock","10":"taxable","11":"shipping-taxable","12":"product-type-simple"},"acf":{"bike_features":null,"overview":{"copy_overview":null,"key_features":null,"statement":"","youtube_url":""}},"yoast_head":"<!-- This site is optimized with the Yoast SEO plugin v27.4 - https:\/\/yoast.com\/product\/yoast-seo-wordpress\/ -->\n<title>Kasetti 9-v 11-32 CS-HG400-9 Alivio - VM Sport<\/title>\n<meta name=\"robots\" content=\"index, follow, max-snippet:-1, max-image-preview:large, max-video-preview:-1\" \/>\n<link rel=\"canonical\" href=\"https:\/\/vmsport.fi\/sv\/webbutik\/reservdelar\/transmission\/takarattaat\/kassett-9-v-11-32-cs-hg400-9-alivio\/\" \/>\n<meta property=\"og:locale\" content=\"sv_SE\" \/>\n<meta property=\"og:type\" content=\"article\" \/>\n<meta property=\"og:title\" content=\"Kasetti 9-v 11-32 CS-HG400-9 Alivio - VM Sport\" \/>\n<meta property=\"og:description\" content=\"Shimano CS-HG400-9 Alivio -kasetti on suunniteltu erityisesti Super Kapea 9-vaihteisille HG-ketjuille, mik\u00e4 takaa t\u00e4ydellisen yhteensopivuuden vaihteiston kanssa. Sen huipputason rakenne ja nikkel\u00f6ity pinta suojaavat korroosiolta ja pident\u00e4v\u00e4t k\u00e4ytt\u00f6ik\u00e4\u00e4. Kasetin korroosionkest\u00e4v\u00e4 ter\u00e4ksinen lukitusrengas ja kevyet, poratut rattaat tarjoavat kevytt\u00e4 mutta vakaata suorituskyky\u00e4. Tihe\u00e4 v\u00e4lityssuhde optimoi energian k\u00e4yt\u00f6n ja parantaa polkemisen hallintaa. Hyperglide-rattaat, joissa on tarkasti suunniteltu [...]L\u00e4s mer \u2026 from Kasetti 9-v 11-32 CS-HG400-9 Alivio\" \/>\n<meta property=\"og:url\" content=\"https:\/\/vmsport.fi\/sv\/webbutik\/reservdelar\/transmission\/takarattaat\/kassett-9-v-11-32-cs-hg400-9-alivio\/\" \/>\n<meta property=\"og:site_name\" content=\"VM Sport\" \/>\n<meta property=\"article:publisher\" content=\"https:\/\/www.facebook.com\/Vmsport.fi\/\" \/>\n<meta property=\"article:modified_time\" content=\"2026-04-22T12:03:51+00:00\" \/>\n<meta property=\"og:image\" content=\"https:\/\/vmsport.fi\/wp-content\/uploads\/2025\/03\/nahrL4jkg5zDS4G6miTdvsGgG6IeJYBzrPxBwDOQMzxP3BE1WM-1.jpg\" \/>\n\t<meta property=\"og:image:width\" content=\"600\" \/>\n\t<meta property=\"og:image:height\" content=\"600\" \/>\n\t<meta property=\"og:image:type\" content=\"image\/jpeg\" \/>\n<meta name=\"twitter:card\" content=\"summary_large_image\" \/>\n<meta name=\"twitter:label1\" content=\"Ber\u00e4knad l\u00e4stid\" \/>\n\t<meta name=\"twitter:data1\" content=\"1 minut\" \/>\n<script type=\"application\/ld+json\" class=\"yoast-schema-graph\">{\"@context\":\"https:\\\/\\\/schema.org\",\"@graph\":[{\"@type\":[\"WebPage\",\"ItemPage\"],\"@id\":\"https:\\\/\\\/vmsport.fi\\\/verkkokauppa\\\/varaosat\\\/voimansiirto\\\/takarattaat\\\/kasetti-9-v-11-32-cs-hg400-9-alivio\\\/\",\"url\":\"https:\\\/\\\/vmsport.fi\\\/verkkokauppa\\\/varaosat\\\/voimansiirto\\\/takarattaat\\\/kasetti-9-v-11-32-cs-hg400-9-alivio\\\/\",\"name\":\"Kasetti 9-v 11-32 CS-HG400-9 Alivio - VM Sport\",\"isPartOf\":{\"@id\":\"https:\\\/\\\/vmsport.fi\\\/#website\"},\"primaryImageOfPage\":{\"@id\":\"https:\\\/\\\/vmsport.fi\\\/verkkokauppa\\\/varaosat\\\/voimansiirto\\\/takarattaat\\\/kasetti-9-v-11-32-cs-hg400-9-alivio\\\/#primaryimage\"},\"image\":{\"@id\":\"https:\\\/\\\/vmsport.fi\\\/verkkokauppa\\\/varaosat\\\/voimansiirto\\\/takarattaat\\\/kasetti-9-v-11-32-cs-hg400-9-alivio\\\/#primaryimage\"},\"thumbnailUrl\":\"https:\\\/\\\/vmsport.fi\\\/wp-content\\\/uploads\\\/2025\\\/03\\\/nahrL4jkg5zDS4G6miTdvsGgG6IeJYBzrPxBwDOQMzxP3BE1WM-1.jpg\",\"datePublished\":\"2025-03-05T21:37:16+00:00\",\"dateModified\":\"2026-04-22T12:03:51+00:00\",\"breadcrumb\":{\"@id\":\"https:\\\/\\\/vmsport.fi\\\/verkkokauppa\\\/varaosat\\\/voimansiirto\\\/takarattaat\\\/kasetti-9-v-11-32-cs-hg400-9-alivio\\\/#breadcrumb\"},\"inLanguage\":\"sv-SE\",\"potentialAction\":[{\"@type\":\"ReadAction\",\"target\":[\"https:\\\/\\\/vmsport.fi\\\/verkkokauppa\\\/varaosat\\\/voimansiirto\\\/takarattaat\\\/kasetti-9-v-11-32-cs-hg400-9-alivio\\\/\"]}]},{\"@type\":\"ImageObject\",\"inLanguage\":\"sv-SE\",\"@id\":\"https:\\\/\\\/vmsport.fi\\\/verkkokauppa\\\/varaosat\\\/voimansiirto\\\/takarattaat\\\/kasetti-9-v-11-32-cs-hg400-9-alivio\\\/#primaryimage\",\"url\":\"https:\\\/\\\/vmsport.fi\\\/wp-content\\\/uploads\\\/2025\\\/03\\\/nahrL4jkg5zDS4G6miTdvsGgG6IeJYBzrPxBwDOQMzxP3BE1WM-1.jpg\",\"contentUrl\":\"https:\\\/\\\/vmsport.fi\\\/wp-content\\\/uploads\\\/2025\\\/03\\\/nahrL4jkg5zDS4G6miTdvsGgG6IeJYBzrPxBwDOQMzxP3BE1WM-1.jpg\",\"width\":600,\"height\":600,\"caption\":\"nahrL4jkg5zDS4G6miTdvsGgG6IeJYBzrPxBwDOQMzxP3BE1WM\"},{\"@type\":\"BreadcrumbList\",\"@id\":\"https:\\\/\\\/vmsport.fi\\\/verkkokauppa\\\/varaosat\\\/voimansiirto\\\/takarattaat\\\/kasetti-9-v-11-32-cs-hg400-9-alivio\\\/#breadcrumb\",\"itemListElement\":[{\"@type\":\"ListItem\",\"position\":1,\"name\":\"Etusivu\",\"item\":\"https:\\\/\\\/vmsport.fi\\\/\"},{\"@type\":\"ListItem\",\"position\":2,\"name\":\"Online Store\",\"item\":\"https:\\\/\\\/vmsport.fi\\\/en\\\/online-store\\\/\"},{\"@type\":\"ListItem\",\"position\":3,\"name\":\"Kasetti 9-v 11-32 CS-HG400-9 Alivio\"}]},{\"@type\":\"WebSite\",\"@id\":\"https:\\\/\\\/vmsport.fi\\\/#website\",\"url\":\"https:\\\/\\\/vmsport.fi\\\/\",\"name\":\"Vmsport\",\"description\":\"Kaikki py\u00f6r\u00e4ilyyn yhdest\u00e4 paikasta\",\"publisher\":{\"@id\":\"https:\\\/\\\/vmsport.fi\\\/#organization\"},\"potentialAction\":[{\"@type\":\"SearchAction\",\"target\":{\"@type\":\"EntryPoint\",\"urlTemplate\":\"https:\\\/\\\/vmsport.fi\\\/?s={search_term_string}\"},\"query-input\":{\"@type\":\"PropertyValueSpecification\",\"valueRequired\":true,\"valueName\":\"search_term_string\"}}],\"inLanguage\":\"sv-SE\"},{\"@type\":\"Organization\",\"@id\":\"https:\\\/\\\/vmsport.fi\\\/#organization\",\"name\":\"Vmsport\",\"url\":\"https:\\\/\\\/vmsport.fi\\\/\",\"logo\":{\"@type\":\"ImageObject\",\"inLanguage\":\"sv-SE\",\"@id\":\"https:\\\/\\\/vmsport.fi\\\/#\\\/schema\\\/logo\\\/image\\\/\",\"url\":\"https:\\\/\\\/vmsport.fi\\\/wp-content\\\/uploads\\\/2024\\\/12\\\/vm_sport_RGB_horisontal-e1734526017575.png\",\"contentUrl\":\"https:\\\/\\\/vmsport.fi\\\/wp-content\\\/uploads\\\/2024\\\/12\\\/vm_sport_RGB_horisontal-e1734526017575.png\",\"width\":668,\"height\":85,\"caption\":\"Vmsport\"},\"image\":{\"@id\":\"https:\\\/\\\/vmsport.fi\\\/#\\\/schema\\\/logo\\\/image\\\/\"},\"sameAs\":[\"https:\\\/\\\/www.facebook.com\\\/Vmsport.fi\\\/\",\"https:\\\/\\\/www.instagram.com\\\/vmsport\\\/\"]}]}<\/script>\n<!-- \/ Yoast SEO plugin. -->","yoast_head_json":{"title":"Kassett 9-v 11-32 CS-HG400-9 Alivio - VM Sport","robots":{"index":"index","follow":"follow","max-snippet":"max-snippet:-1","max-image-preview":"max-image-preview:large","max-video-preview":"max-video-preview:-1"},"canonical":"https:\/\/vmsport.fi\/sv\/webbutik\/reservdelar\/transmission\/takarattaat\/kassett-9-v-11-32-cs-hg400-9-alivio\/","og_locale":"sv_SE","og_type":"article","og_title":"Kasetti 9-v 11-32 CS-HG400-9 Alivio - VM Sport","og_description":"Shimano CS-HG400-9 Alivio -kasetti on suunniteltu erityisesti Super Kapea 9-vaihteisille HG-ketjuille, mik\u00e4 takaa t\u00e4ydellisen yhteensopivuuden vaihteiston kanssa. Sen huipputason rakenne ja nikkel\u00f6ity pinta suojaavat korroosiolta ja pident\u00e4v\u00e4t k\u00e4ytt\u00f6ik\u00e4\u00e4. Kasetin korroosionkest\u00e4v\u00e4 ter\u00e4ksinen lukitusrengas ja kevyet, poratut rattaat tarjoavat kevytt\u00e4 mutta vakaata suorituskyky\u00e4. Tihe\u00e4 v\u00e4lityssuhde optimoi energian k\u00e4yt\u00f6n ja parantaa polkemisen hallintaa. Hyperglide-rattaat, joissa on tarkasti suunniteltu [...]L\u00e4s mer \u2026 from Kasetti 9-v 11-32 CS-HG400-9 Alivio","og_url":"https:\/\/vmsport.fi\/sv\/webbutik\/reservdelar\/transmission\/takarattaat\/kassett-9-v-11-32-cs-hg400-9-alivio\/","og_site_name":"VM Sport","article_publisher":"https:\/\/www.facebook.com\/Vmsport.fi\/","article_modified_time":"2026-04-22T12:03:51+00:00","og_image":[{"width":600,"height":600,"url":"https:\/\/vmsport.fi\/wp-content\/uploads\/2025\/03\/nahrL4jkg5zDS4G6miTdvsGgG6IeJYBzrPxBwDOQMzxP3BE1WM-1.jpg","type":"image\/jpeg"}],"twitter_card":"summary_large_image","twitter_misc":{"Ber\u00e4knad l\u00e4stid":"1 minut"},"schema":{"@context":"https:\/\/schema.org","@graph":[{"@type":["WebPage","ItemPage"],"@id":"https:\/\/vmsport.fi\/verkkokauppa\/varaosat\/voimansiirto\/takarattaat\/kasetti-9-v-11-32-cs-hg400-9-alivio\/","url":"https:\/\/vmsport.fi\/verkkokauppa\/varaosat\/voimansiirto\/takarattaat\/kasetti-9-v-11-32-cs-hg400-9-alivio\/","name":"Kassett 9-v 11-32 CS-HG400-9 Alivio - VM Sport","isPartOf":{"@id":"https:\/\/vmsport.fi\/#website"},"primaryImageOfPage":{"@id":"https:\/\/vmsport.fi\/verkkokauppa\/varaosat\/voimansiirto\/takarattaat\/kasetti-9-v-11-32-cs-hg400-9-alivio\/#primaryimage"},"image":{"@id":"https:\/\/vmsport.fi\/verkkokauppa\/varaosat\/voimansiirto\/takarattaat\/kasetti-9-v-11-32-cs-hg400-9-alivio\/#primaryimage"},"thumbnailUrl":"https:\/\/vmsport.fi\/wp-content\/uploads\/2025\/03\/nahrL4jkg5zDS4G6miTdvsGgG6IeJYBzrPxBwDOQMzxP3BE1WM-1.jpg","datePublished":"2025-03-05T21:37:16+00:00","dateModified":"2026-04-22T12:03:51+00:00","breadcrumb":{"@id":"https:\/\/vmsport.fi\/verkkokauppa\/varaosat\/voimansiirto\/takarattaat\/kasetti-9-v-11-32-cs-hg400-9-alivio\/#breadcrumb"},"inLanguage":"sv-SE","potentialAction":[{"@type":"ReadAction","target":["https:\/\/vmsport.fi\/verkkokauppa\/varaosat\/voimansiirto\/takarattaat\/kasetti-9-v-11-32-cs-hg400-9-alivio\/"]}]},{"@type":"ImageObject","inLanguage":"sv-SE","@id":"https:\/\/vmsport.fi\/verkkokauppa\/varaosat\/voimansiirto\/takarattaat\/kasetti-9-v-11-32-cs-hg400-9-alivio\/#primaryimage","url":"https:\/\/vmsport.fi\/wp-content\/uploads\/2025\/03\/nahrL4jkg5zDS4G6miTdvsGgG6IeJYBzrPxBwDOQMzxP3BE1WM-1.jpg","contentUrl":"https:\/\/vmsport.fi\/wp-content\/uploads\/2025\/03\/nahrL4jkg5zDS4G6miTdvsGgG6IeJYBzrPxBwDOQMzxP3BE1WM-1.jpg","width":600,"height":600,"caption":"nahrL4jkg5zDS4G6miTdvsGgG6IeJYBzrPxBwDOQMzxP3BE1WM"},{"@type":"BreadcrumbList","@id":"https:\/\/vmsport.fi\/verkkokauppa\/varaosat\/voimansiirto\/takarattaat\/kasetti-9-v-11-32-cs-hg400-9-alivio\/#breadcrumb","itemListElement":[{"@type":"ListItem","position":1,"name":"Etusivu","item":"https:\/\/vmsport.fi\/"},{"@type":"ListItem","position":2,"name":"Online Store","item":"https:\/\/vmsport.fi\/en\/online-store\/"},{"@type":"ListItem","position":3,"name":"Kasetti 9-v 11-32 CS-HG400-9 Alivio"}]},{"@type":"WebSite","@id":"https:\/\/vmsport.fi\/#website","url":"https:\/\/vmsport.fi\/","name":"Vmsport","description":"Allt p\u00e5 ett st\u00e4lle f\u00f6r cykling","publisher":{"@id":"https:\/\/vmsport.fi\/#organization"},"potentialAction":[{"@type":"SearchAction","target":{"@type":"EntryPoint","urlTemplate":"https:\/\/vmsport.fi\/?s={search_term_string}"},"query-input":{"@type":"PropertyValueSpecification","valueRequired":true,"valueName":"search_term_string"}}],"inLanguage":"sv-SE"},{"@type":"Organization","@id":"https:\/\/vmsport.fi\/#organization","name":"Vmsport","url":"https:\/\/vmsport.fi\/","logo":{"@type":"ImageObject","inLanguage":"sv-SE","@id":"https:\/\/vmsport.fi\/#\/schema\/logo\/image\/","url":"https:\/\/vmsport.fi\/wp-content\/uploads\/2024\/12\/vm_sport_RGB_horisontal-e1734526017575.png","contentUrl":"https:\/\/vmsport.fi\/wp-content\/uploads\/2024\/12\/vm_sport_RGB_horisontal-e1734526017575.png","width":668,"height":85,"caption":"Vmsport"},"image":{"@id":"https:\/\/vmsport.fi\/#\/schema\/logo\/image\/"},"sameAs":["https:\/\/www.facebook.com\/Vmsport.fi\/","https:\/\/www.instagram.com\/vmsport\/"]}]}},"global_unique_id":"","_links":{"self":[{"href":"https:\/\/vmsport.fi\/sv\/wp-json\/wp\/v2\/product\/53109","targetHints":{"allow":["GET"]}}],"collection":[{"href":"https:\/\/vmsport.fi\/sv\/wp-json\/wp\/v2\/product"}],"about":[{"href":"https:\/\/vmsport.fi\/sv\/wp-json\/wp\/v2\/types\/product"}],"replies":[{"embeddable":true,"href":"https:\/\/vmsport.fi\/sv\/wp-json\/wp\/v2\/comments?post=53109"}],"wp:featuredmedia":[{"embeddable":true,"href":"https:\/\/vmsport.fi\/sv\/wp-json\/wp\/v2\/media\/53108"}],"wp:attachment":[{"href":"https:\/\/vmsport.fi\/sv\/wp-json\/wp\/v2\/media?parent=53109"}],"wp:term":[{"taxonomy":"product_brand","embeddable":true,"href":"https:\/\/vmsport.fi\/sv\/wp-json\/wp\/v2\/product_brand?post=53109"},{"taxonomy":"product_model","embeddable":true,"href":"https:\/\/vmsport.fi\/sv\/wp-json\/wp\/v2\/product_model?post=53109"},{"taxonomy":"product_cat","embeddable":true,"href":"https:\/\/vmsport.fi\/sv\/wp-json\/wp\/v2\/product_cat?post=53109"},{"taxonomy":"product_tag","embeddable":true,"href":"https:\/\/vmsport.fi\/sv\/wp-json\/wp\/v2\/product_tag?post=53109"},{"taxonomy":"industry_terminology","embeddable":true,"href":"https:\/\/vmsport.fi\/sv\/wp-json\/wp\/v2\/industry-terminology?post=53109"}],"curies":[{"name":"wp","href":"https:\/\/api.w.org\/{rel}","templated":true}]}}